{"id":993,"date":"2016-10-29T00:26:49","date_gmt":"2016-10-28T21:26:49","guid":{"rendered":"https:\/\/veneakselisto.com\/kauppa\/tuote\/volvo-penta-d3-2009-huoltopaketti\/"},"modified":"2026-03-12T20:00:09","modified_gmt":"2026-03-12T18:00:09","slug":"volvo-penta-d3-2009-huoltopaketti","status":"publish","type":"product","link":"https:\/\/veneakselisto.com\/kauppa\/tuote\/volvo-penta-d3-2009-huoltopaketti\/","title":{"rendered":"VOLVO PENTA D3 < -2009 -huoltosarja"},"content":{"rendered":"<div class=\"wpb-content-wrapper\"><p>[vc_row][vc_column][vc_column_text]<\/p>\n<p>VOLVO PENTA D3 huoltosarja<\/p>\n<p>VOLVO PENTA D3 &lt; -2009 -huoltopaketti<\/p>\n<p>OEM nr: 2110584, 221105842<\/p>\n<p>Sopivuus:<\/p>\n<p>D3-110I-A, D3-110I-B, D3-110I-C, D3-130A-A, D3-130A-B, D3-130A-C, D3-130I-A, D3-130I-B, D3-130I-C, D3-160A-A, D3-160A-B, D3-160A-C, D3-160I-A, D3-160I-B, D3-160I-C, D3-190A-B, D3-190A-C, D3-190I-B, D3-190I-C.<\/p>\n<p>Sis\u00e4lt\u00e4\u00e4 : \u00d6ljynsuodatin, Polttoainesuodatin, Siipipy\u00f6r\u00e4n ja tiivisteen.<\/p>\n<p>[\/vc_column_text][\/vc_column][\/vc_row][vc_row][vc_column][vc_column_text]Todella laadukkaat ja edulliset ruotsalaiset Orbitrade Marine tarvikevaraosa paketit Volvo Penta moottoreihin. Orbitrade Marine huoltopaketti on pakattu k\u00e4tev\u00e4sti yhteen pakkaukseen, jota on helppo s\u00e4ilytt\u00e4\u00e4 veneess\u00e4.[\/vc_column_text][\/vc_column][\/vc_row]<\/p>\n<\/div>","protected":false},"excerpt":{"rendered":"<p>OEM nr: 21105842, 21105842<\/p>\n<p>Sopivuus:<\/p>\n<p>D3-110I-A, D3-110I-B, D3-110I-C, D3-130A-A, D3-130A-B, D3-130A-C, D3-130I-A, D3-130I-B, D3-130I-C, D3-160A-A, D3-160A-B, D3-160A-C, D3-160I-A, D3-160I-B, D3-160I-C, D3-190A-B, D3-190A-C, D3-190I-B, D3-190I-C.<\/p>\n<p>Sis\u00e4lt\u00e4\u00e4 : \u00d6ljynsuodatin, Polttoainesuodatin, Siipipy\u00f6r\u00e4n ja tiivisteen.<\/p>\n","protected":false},"featured_media":995,"comment_status":"open","ping_status":"closed","template":"","meta":{"jetpack_post_was_ever_published":false,"jetpack_publicize_message":"","jetpack_publicize_feature_enabled":true,"jetpack_social_post_already_shared":true,"jetpack_social_options":{"image_generator_settings":{"template":"highway","default_image_id":0,"font":"","enabled":false},"version":2}},"product_brand":[],"product_cat":[264],"product_tag":[646,267,268,266,248,228],"class_list":{"0":"post-993","1":"product","2":"type-product","3":"status-publish","4":"has-post-thumbnail","6":"product_cat-volvo-penta-huoltopaketit","7":"product_tag-d3","8":"product_tag-huolto-osat","9":"product_tag-huoltopaketit","10":"product_tag-orbitrade-marine","11":"product_tag-penta","12":"product_tag-volvo","13":"brand-orbitrade-marine","15":"first","16":"instock","17":"sale","18":"taxable","19":"shipping-taxable","20":"purchasable","21":"product-type-simple"},"yoast_head":"<!-- This site is optimized with the Yoast SEO plugin v27.3 - https:\/\/yoast.com\/product\/yoast-seo-wordpress\/ -->\n<title>VOLVO PENTA D3 huoltosarja-varaosat-marine-parts-suodatin-<\/title>\n<meta name=\"description\" content=\"VOLVO PENTA D3 huoltosarja. OEM nr: 21105842 Volvo Penta huoltopaketti Venevaraosat.fi. Venetarvikkeiden maahantuonti ja myynti-21105842\" \/>\n<meta name=\"robots\" content=\"index, follow, max-snippet:-1, max-image-preview:large, max-video-preview:-1\" \/>\n<link rel=\"canonical\" href=\"https:\/\/veneakselisto.com\/kauppa\/tuote\/volvo-penta-d3-2009-huoltopaketti\/\" \/>\n<meta property=\"og:locale\" content=\"fi_FI\" \/>\n<meta property=\"og:type\" content=\"article\" \/>\n<meta property=\"og:title\" content=\"VOLVO PENTA D3 huoltosarja-varaosat-marine-parts-suodatin-\" \/>\n<meta property=\"og:description\" content=\"VOLVO PENTA D3 huoltosarja. OEM nr: 21105842 Volvo Penta huoltopaketti Venevaraosat.fi. Venetarvikkeiden maahantuonti ja myynti-21105842\" \/>\n<meta property=\"og:url\" content=\"https:\/\/veneakselisto.com\/kauppa\/tuote\/volvo-penta-d3-2009-huoltopaketti\/\" \/>\n<meta property=\"og:site_name\" content=\"Veneakselisto.com - verkkokauppa\" \/>\n<meta property=\"article:publisher\" content=\"https:\/\/www.facebook.com\/AlaMikkula\/\" \/>\n<meta property=\"article:modified_time\" content=\"2026-03-12T18:00:09+00:00\" \/>\n<meta property=\"og:image\" content=\"https:\/\/veneakselisto.com\/kauppa\/wp-content\/uploads\/2016\/10\/23842.jpg\" \/>\n\t<meta property=\"og:image:width\" content=\"650\" \/>\n\t<meta property=\"og:image:height\" content=\"650\" \/>\n\t<meta property=\"og:image:type\" content=\"image\/jpeg\" \/>\n<meta name=\"twitter:card\" content=\"summary_large_image\" \/>\n<meta name=\"twitter:label1\" content=\"Arvioitu lukuaika\" \/>\n\t<meta name=\"twitter:data1\" content=\"1 minuutti\" \/>\n<script type=\"application\/ld+json\" class=\"yoast-schema-graph\">{\"@context\":\"https:\\\/\\\/schema.org\",\"@graph\":[{\"@type\":\"WebPage\",\"@id\":\"https:\\\/\\\/veneakselisto.com\\\/kauppa\\\/tuote\\\/volvo-penta-d3-2009-huoltopaketti\\\/\",\"url\":\"https:\\\/\\\/veneakselisto.com\\\/kauppa\\\/tuote\\\/volvo-penta-d3-2009-huoltopaketti\\\/\",\"name\":\"VOLVO PENTA D3 huoltosarja-varaosat-marine-parts-suodatin-\",\"isPartOf\":{\"@id\":\"https:\\\/\\\/veneakselisto.com\\\/kauppa\\\/#website\"},\"primaryImageOfPage\":{\"@id\":\"https:\\\/\\\/veneakselisto.com\\\/kauppa\\\/tuote\\\/volvo-penta-d3-2009-huoltopaketti\\\/#primaryimage\"},\"image\":{\"@id\":\"https:\\\/\\\/veneakselisto.com\\\/kauppa\\\/tuote\\\/volvo-penta-d3-2009-huoltopaketti\\\/#primaryimage\"},\"thumbnailUrl\":\"https:\\\/\\\/i0.wp.com\\\/veneakselisto.com\\\/kauppa\\\/wp-content\\\/uploads\\\/2016\\\/10\\\/23842.jpg?fit=650%2C650&ssl=1\",\"datePublished\":\"2016-10-28T21:26:49+00:00\",\"dateModified\":\"2026-03-12T18:00:09+00:00\",\"description\":\"VOLVO PENTA D3 huoltosarja. OEM nr: 21105842 Volvo Penta huoltopaketti Venevaraosat.fi. Venetarvikkeiden maahantuonti ja myynti-21105842\",\"breadcrumb\":{\"@id\":\"https:\\\/\\\/veneakselisto.com\\\/kauppa\\\/tuote\\\/volvo-penta-d3-2009-huoltopaketti\\\/#breadcrumb\"},\"inLanguage\":\"fi\",\"potentialAction\":[{\"@type\":\"ReadAction\",\"target\":[\"https:\\\/\\\/veneakselisto.com\\\/kauppa\\\/tuote\\\/volvo-penta-d3-2009-huoltopaketti\\\/\"]}]},{\"@type\":\"ImageObject\",\"inLanguage\":\"fi\",\"@id\":\"https:\\\/\\\/veneakselisto.com\\\/kauppa\\\/tuote\\\/volvo-penta-d3-2009-huoltopaketti\\\/#primaryimage\",\"url\":\"https:\\\/\\\/i0.wp.com\\\/veneakselisto.com\\\/kauppa\\\/wp-content\\\/uploads\\\/2016\\\/10\\\/23842.jpg?fit=650%2C650&ssl=1\",\"contentUrl\":\"https:\\\/\\\/i0.wp.com\\\/veneakselisto.com\\\/kauppa\\\/wp-content\\\/uploads\\\/2016\\\/10\\\/23842.jpg?fit=650%2C650&ssl=1\",\"width\":650,\"height\":650,\"caption\":\"Orbtrade Marine Volvo Penta Huoltopaketit veneakselisto.com verkkokaupasta\"},{\"@type\":\"BreadcrumbList\",\"@id\":\"https:\\\/\\\/veneakselisto.com\\\/kauppa\\\/tuote\\\/volvo-penta-d3-2009-huoltopaketti\\\/#breadcrumb\",\"itemListElement\":[{\"@type\":\"ListItem\",\"position\":1,\"name\":\"Etusivu\",\"item\":\"https:\\\/\\\/veneakselisto.com\\\/kauppa\\\/\"},{\"@type\":\"ListItem\",\"position\":2,\"name\":\"Kauppa\",\"item\":\"https:\\\/\\\/veneakselisto.com\\\/kauppa\\\/\"},{\"@type\":\"ListItem\",\"position\":3,\"name\":\"VOLVO PENTA D3 < -2009 -huoltosarja\"}]},{\"@type\":\"WebSite\",\"@id\":\"https:\\\/\\\/veneakselisto.com\\\/kauppa\\\/#website\",\"url\":\"https:\\\/\\\/veneakselisto.com\\\/kauppa\\\/\",\"name\":\"Veneakselisto.com - verkkokauppa\",\"description\":\"Venetarvikkeiden maahantuonti ja myynti\",\"publisher\":{\"@id\":\"https:\\\/\\\/veneakselisto.com\\\/kauppa\\\/#organization\"},\"potentialAction\":[{\"@type\":\"SearchAction\",\"target\":{\"@type\":\"EntryPoint\",\"urlTemplate\":\"https:\\\/\\\/veneakselisto.com\\\/kauppa\\\/?s={search_term_string}\"},\"query-input\":{\"@type\":\"PropertyValueSpecification\",\"valueRequired\":true,\"valueName\":\"search_term_string\"}}],\"inLanguage\":\"fi\"},{\"@type\":\"Organization\",\"@id\":\"https:\\\/\\\/veneakselisto.com\\\/kauppa\\\/#organization\",\"name\":\"Veneakselisto.com verkkokauppa\",\"url\":\"https:\\\/\\\/veneakselisto.com\\\/kauppa\\\/\",\"logo\":{\"@type\":\"ImageObject\",\"inLanguage\":\"fi\",\"@id\":\"https:\\\/\\\/veneakselisto.com\\\/kauppa\\\/#\\\/schema\\\/logo\\\/image\\\/\",\"url\":\"https:\\\/\\\/i2.wp.com\\\/veneakselisto.com\\\/kauppa\\\/wp-content\\\/uploads\\\/2016\\\/06\\\/fb_icon.jpg?fit=327%2C327&ssl=1\",\"contentUrl\":\"https:\\\/\\\/i2.wp.com\\\/veneakselisto.com\\\/kauppa\\\/wp-content\\\/uploads\\\/2016\\\/06\\\/fb_icon.jpg?fit=327%2C327&ssl=1\",\"width\":327,\"height\":327,\"caption\":\"Veneakselisto.com verkkokauppa\"},\"image\":{\"@id\":\"https:\\\/\\\/veneakselisto.com\\\/kauppa\\\/#\\\/schema\\\/logo\\\/image\\\/\"},\"sameAs\":[\"https:\\\/\\\/www.facebook.com\\\/AlaMikkula\\\/\"]}]}<\/script>\n<!-- \/ Yoast SEO plugin. -->","yoast_head_json":{"title":"VOLVO PENTA D3 huoltosarja-varaosat-marine-parts-suodatin-","description":"VOLVO PENTA D3 huoltosarja. OEM nr: 21105842 Volvo Penta huoltopaketti Venevaraosat.fi. Venetarvikkeiden maahantuonti ja myynti-21105842","robots":{"index":"index","follow":"follow","max-snippet":"max-snippet:-1","max-image-preview":"max-image-preview:large","max-video-preview":"max-video-preview:-1"},"canonical":"https:\/\/veneakselisto.com\/kauppa\/tuote\/volvo-penta-d3-2009-huoltopaketti\/","og_locale":"fi_FI","og_type":"article","og_title":"VOLVO PENTA D3 huoltosarja-varaosat-marine-parts-suodatin-","og_description":"VOLVO PENTA D3 huoltosarja. OEM nr: 21105842 Volvo Penta huoltopaketti Venevaraosat.fi. Venetarvikkeiden maahantuonti ja myynti-21105842","og_url":"https:\/\/veneakselisto.com\/kauppa\/tuote\/volvo-penta-d3-2009-huoltopaketti\/","og_site_name":"Veneakselisto.com - verkkokauppa","article_publisher":"https:\/\/www.facebook.com\/AlaMikkula\/","article_modified_time":"2026-03-12T18:00:09+00:00","og_image":[{"width":650,"height":650,"url":"https:\/\/veneakselisto.com\/kauppa\/wp-content\/uploads\/2016\/10\/23842.jpg","type":"image\/jpeg"}],"twitter_card":"summary_large_image","twitter_misc":{"Arvioitu lukuaika":"1 minuutti"},"schema":{"@context":"https:\/\/schema.org","@graph":[{"@type":"WebPage","@id":"https:\/\/veneakselisto.com\/kauppa\/tuote\/volvo-penta-d3-2009-huoltopaketti\/","url":"https:\/\/veneakselisto.com\/kauppa\/tuote\/volvo-penta-d3-2009-huoltopaketti\/","name":"VOLVO PENTA D3 huoltosarja-varaosat-marine-parts-suodatin-","isPartOf":{"@id":"https:\/\/veneakselisto.com\/kauppa\/#website"},"primaryImageOfPage":{"@id":"https:\/\/veneakselisto.com\/kauppa\/tuote\/volvo-penta-d3-2009-huoltopaketti\/#primaryimage"},"image":{"@id":"https:\/\/veneakselisto.com\/kauppa\/tuote\/volvo-penta-d3-2009-huoltopaketti\/#primaryimage"},"thumbnailUrl":"https:\/\/i0.wp.com\/veneakselisto.com\/kauppa\/wp-content\/uploads\/2016\/10\/23842.jpg?fit=650%2C650&ssl=1","datePublished":"2016-10-28T21:26:49+00:00","dateModified":"2026-03-12T18:00:09+00:00","description":"VOLVO PENTA D3 huoltosarja. OEM nr: 21105842 Volvo Penta huoltopaketti Venevaraosat.fi. Venetarvikkeiden maahantuonti ja myynti-21105842","breadcrumb":{"@id":"https:\/\/veneakselisto.com\/kauppa\/tuote\/volvo-penta-d3-2009-huoltopaketti\/#breadcrumb"},"inLanguage":"fi","potentialAction":[{"@type":"ReadAction","target":["https:\/\/veneakselisto.com\/kauppa\/tuote\/volvo-penta-d3-2009-huoltopaketti\/"]}]},{"@type":"ImageObject","inLanguage":"fi","@id":"https:\/\/veneakselisto.com\/kauppa\/tuote\/volvo-penta-d3-2009-huoltopaketti\/#primaryimage","url":"https:\/\/i0.wp.com\/veneakselisto.com\/kauppa\/wp-content\/uploads\/2016\/10\/23842.jpg?fit=650%2C650&ssl=1","contentUrl":"https:\/\/i0.wp.com\/veneakselisto.com\/kauppa\/wp-content\/uploads\/2016\/10\/23842.jpg?fit=650%2C650&ssl=1","width":650,"height":650,"caption":"Orbtrade Marine Volvo Penta Huoltopaketit veneakselisto.com verkkokaupasta"},{"@type":"BreadcrumbList","@id":"https:\/\/veneakselisto.com\/kauppa\/tuote\/volvo-penta-d3-2009-huoltopaketti\/#breadcrumb","itemListElement":[{"@type":"ListItem","position":1,"name":"Etusivu","item":"https:\/\/veneakselisto.com\/kauppa\/"},{"@type":"ListItem","position":2,"name":"Kauppa","item":"https:\/\/veneakselisto.com\/kauppa\/"},{"@type":"ListItem","position":3,"name":"VOLVO PENTA D3 < -2009 -huoltosarja"}]},{"@type":"WebSite","@id":"https:\/\/veneakselisto.com\/kauppa\/#website","url":"https:\/\/veneakselisto.com\/kauppa\/","name":"Veneakselisto.com - verkkokauppa","description":"Venetarvikkeiden maahantuonti ja myynti","publisher":{"@id":"https:\/\/veneakselisto.com\/kauppa\/#organization"},"potentialAction":[{"@type":"SearchAction","target":{"@type":"EntryPoint","urlTemplate":"https:\/\/veneakselisto.com\/kauppa\/?s={search_term_string}"},"query-input":{"@type":"PropertyValueSpecification","valueRequired":true,"valueName":"search_term_string"}}],"inLanguage":"fi"},{"@type":"Organization","@id":"https:\/\/veneakselisto.com\/kauppa\/#organization","name":"Veneakselisto.com verkkokauppa","url":"https:\/\/veneakselisto.com\/kauppa\/","logo":{"@type":"ImageObject","inLanguage":"fi","@id":"https:\/\/veneakselisto.com\/kauppa\/#\/schema\/logo\/image\/","url":"https:\/\/i2.wp.com\/veneakselisto.com\/kauppa\/wp-content\/uploads\/2016\/06\/fb_icon.jpg?fit=327%2C327&ssl=1","contentUrl":"https:\/\/i2.wp.com\/veneakselisto.com\/kauppa\/wp-content\/uploads\/2016\/06\/fb_icon.jpg?fit=327%2C327&ssl=1","width":327,"height":327,"caption":"Veneakselisto.com verkkokauppa"},"image":{"@id":"https:\/\/veneakselisto.com\/kauppa\/#\/schema\/logo\/image\/"},"sameAs":["https:\/\/www.facebook.com\/AlaMikkula\/"]}]}},"jetpack_publicize_connections":[],"jetpack_sharing_enabled":true,"_links":{"self":[{"href":"https:\/\/veneakselisto.com\/kauppa\/wp-json\/wp\/v2\/product\/993","targetHints":{"allow":["GET"]}}],"collection":[{"href":"https:\/\/veneakselisto.com\/kauppa\/wp-json\/wp\/v2\/product"}],"about":[{"href":"https:\/\/veneakselisto.com\/kauppa\/wp-json\/wp\/v2\/types\/product"}],"replies":[{"embeddable":true,"href":"https:\/\/veneakselisto.com\/kauppa\/wp-json\/wp\/v2\/comments?post=993"}],"wp:featuredmedia":[{"embeddable":true,"href":"https:\/\/veneakselisto.com\/kauppa\/wp-json\/wp\/v2\/media\/995"}],"wp:attachment":[{"href":"https:\/\/veneakselisto.com\/kauppa\/wp-json\/wp\/v2\/media?parent=993"}],"wp:term":[{"taxonomy":"product_brand","embeddable":true,"href":"https:\/\/veneakselisto.com\/kauppa\/wp-json\/wp\/v2\/product_brand?post=993"},{"taxonomy":"product_cat","embeddable":true,"href":"https:\/\/veneakselisto.com\/kauppa\/wp-json\/wp\/v2\/product_cat?post=993"},{"taxonomy":"product_tag","embeddable":true,"href":"https:\/\/veneakselisto.com\/kauppa\/wp-json\/wp\/v2\/product_tag?post=993"}],"curies":[{"name":"wp","href":"https:\/\/api.w.org\/{rel}","templated":true}]}}