{"id":982,"date":"2016-10-28T23:03:24","date_gmt":"2016-10-28T20:03:24","guid":{"rendered":"https:\/\/veneakselisto.com\/kauppa\/tuote\/volvo-penta-d1-30-d2-40-2010-2020-2030-2040-huoltopaketti\/"},"modified":"2026-03-12T20:00:10","modified_gmt":"2026-03-12T18:00:10","slug":"volvo-penta-d1-30-d2-40-2010-2020-2030-2040-huoltopaketti","status":"publish","type":"product","link":"https:\/\/veneakselisto.com\/kauppa\/tuote\/volvo-penta-d1-30-d2-40-2010-2020-2030-2040-huoltopaketti\/","title":{"rendered":"VOLVO PENTA D1-30, D2-40 -huoltosarja"},"content":{"rendered":"<div class=\"wpb-content-wrapper\"><p>[vc_row][vc_column][vc_column_text]VOLVO PENTA D1-30 D2-40 -huoltosarja<\/p>\n<p><strong>D1-30, D2-40, 2030, 2040<\/strong><\/p>\n<p>D1-30A, D1-30B, D1-30F<\/p>\n<p>D2-40A, D2-40B, D2-40F<\/p>\n<p>MD2030A, B, C, D<\/p>\n<p>MD2040A, B, C, D<\/p>\n<p><strong>\u00a0<\/strong><strong>OEM nr:<\/strong> 21189422<\/p>\n<p>&nbsp;<\/p>\n<p>SIS\u00c4LT\u00c4\u00c4: \u00d6ljynsuodatin, Polttoainesuodatin, Siipipy\u00f6r\u00e4n ja tiivisteen.<\/p>\n<p>[\/vc_column_text][\/vc_column][\/vc_row][vc_row][vc_column][vc_column_text]Todella laadukkaat ja edulliset ruotsalaiset Orbitrade Marine tarvikevaraosa paketit Volvo Penta moottoreihin. Orbitrade Marine huoltopaketti on pakattu k\u00e4tev\u00e4sti yhteen pakkaukseen, jota on helppo s\u00e4ilytt\u00e4\u00e4 veneess\u00e4.[\/vc_column_text][\/vc_column][\/vc_row]<\/p>\n<\/div>","protected":false},"excerpt":{"rendered":"<p><strong>OEM\u00a0<\/strong> 21189422<\/p>\n<p><strong>D1-30, D2-40, 2030, 2040<\/strong><\/p>\n<p>D1-30A, D1-30B, D1-30F<\/p>\n<p>D2-40A, D2-40B, D2-40F<\/p>\n<p>MD2030A, B, C, D<\/p>\n<p>MD2040A, B, C, D<\/p>\n<p><strong>\u00a0<\/strong><strong><br \/>\n<\/strong><\/p>\n<p>&nbsp;<\/p>\n<p>SIS\u00c4LT\u00c4\u00c4: \u00d6ljynsuodatin, Polttoainesuodatin, Siipipy\u00f6r\u00e4n ja tiivisteen.<\/p>\n","protected":false},"featured_media":983,"comment_status":"open","ping_status":"closed","template":"","meta":{"jetpack_post_was_ever_published":false,"jetpack_publicize_message":"","jetpack_publicize_feature_enabled":true,"jetpack_social_post_already_shared":true,"jetpack_social_options":{"image_generator_settings":{"template":"highway","default_image_id":0,"font":"","enabled":false},"version":2}},"product_brand":[],"product_cat":[264],"product_tag":[267,268,266,248,228],"class_list":{"0":"post-982","1":"product","2":"type-product","3":"status-publish","4":"has-post-thumbnail","6":"product_cat-volvo-penta-huoltopaketit","7":"product_tag-huolto-osat","8":"product_tag-huoltopaketit","9":"product_tag-orbitrade-marine","10":"product_tag-penta","11":"product_tag-volvo","12":"brand-orbitrade-marine","14":"first","15":"instock","16":"sale","17":"taxable","18":"shipping-taxable","19":"purchasable","20":"product-type-simple"},"yoast_head":"<!-- This site is optimized with the Yoast SEO plugin v27.3 - https:\/\/yoast.com\/product\/yoast-seo-wordpress\/ -->\n<title>VOLVO PENTA D1-30, D2-40 -huoltosarja-huoltopaketti-veneakselisto.com<\/title>\n<meta name=\"description\" content=\"VOLVO PENTA D1-30, D2-40 -huoltosarja. OEM nr: 21189422 Volvo Penta huoltopaketti-Venevaraosat.fi-verkkokauppasta edullisesti\" \/>\n<meta name=\"robots\" content=\"index, follow, max-snippet:-1, max-image-preview:large, max-video-preview:-1\" \/>\n<link rel=\"canonical\" href=\"https:\/\/veneakselisto.com\/kauppa\/tuote\/volvo-penta-d1-30-d2-40-2010-2020-2030-2040-huoltopaketti\/\" \/>\n<meta property=\"og:locale\" content=\"fi_FI\" \/>\n<meta property=\"og:type\" content=\"article\" \/>\n<meta property=\"og:title\" content=\"VOLVO PENTA D1-30, D2-40 -huoltosarja-huoltopaketti-veneakselisto.com\" \/>\n<meta property=\"og:description\" content=\"VOLVO PENTA D1-30, D2-40 -huoltosarja. OEM nr: 21189422 Volvo Penta huoltopaketti-Venevaraosat.fi-verkkokauppasta edullisesti\" \/>\n<meta property=\"og:url\" content=\"https:\/\/veneakselisto.com\/kauppa\/tuote\/volvo-penta-d1-30-d2-40-2010-2020-2030-2040-huoltopaketti\/\" \/>\n<meta property=\"og:site_name\" content=\"Veneakselisto.com - verkkokauppa\" \/>\n<meta property=\"article:publisher\" content=\"https:\/\/www.facebook.com\/AlaMikkula\/\" \/>\n<meta property=\"article:modified_time\" content=\"2026-03-12T18:00:10+00:00\" \/>\n<meta property=\"og:image\" content=\"https:\/\/veneakselisto.com\/kauppa\/wp-content\/uploads\/2016\/10\/23422.jpg\" \/>\n\t<meta property=\"og:image:width\" content=\"650\" \/>\n\t<meta property=\"og:image:height\" content=\"650\" \/>\n\t<meta property=\"og:image:type\" content=\"image\/jpeg\" \/>\n<meta name=\"twitter:card\" content=\"summary_large_image\" \/>\n<meta name=\"twitter:label1\" content=\"Arvioitu lukuaika\" \/>\n\t<meta name=\"twitter:data1\" content=\"1 minuutti\" \/>\n<script type=\"application\/ld+json\" class=\"yoast-schema-graph\">{\"@context\":\"https:\\\/\\\/schema.org\",\"@graph\":[{\"@type\":\"WebPage\",\"@id\":\"https:\\\/\\\/veneakselisto.com\\\/kauppa\\\/tuote\\\/volvo-penta-d1-30-d2-40-2010-2020-2030-2040-huoltopaketti\\\/\",\"url\":\"https:\\\/\\\/veneakselisto.com\\\/kauppa\\\/tuote\\\/volvo-penta-d1-30-d2-40-2010-2020-2030-2040-huoltopaketti\\\/\",\"name\":\"VOLVO PENTA D1-30, D2-40 -huoltosarja-huoltopaketti-veneakselisto.com\",\"isPartOf\":{\"@id\":\"https:\\\/\\\/veneakselisto.com\\\/kauppa\\\/#website\"},\"primaryImageOfPage\":{\"@id\":\"https:\\\/\\\/veneakselisto.com\\\/kauppa\\\/tuote\\\/volvo-penta-d1-30-d2-40-2010-2020-2030-2040-huoltopaketti\\\/#primaryimage\"},\"image\":{\"@id\":\"https:\\\/\\\/veneakselisto.com\\\/kauppa\\\/tuote\\\/volvo-penta-d1-30-d2-40-2010-2020-2030-2040-huoltopaketti\\\/#primaryimage\"},\"thumbnailUrl\":\"https:\\\/\\\/i0.wp.com\\\/veneakselisto.com\\\/kauppa\\\/wp-content\\\/uploads\\\/2016\\\/10\\\/23422.jpg?fit=650%2C650&ssl=1\",\"datePublished\":\"2016-10-28T20:03:24+00:00\",\"dateModified\":\"2026-03-12T18:00:10+00:00\",\"description\":\"VOLVO PENTA D1-30, D2-40 -huoltosarja. OEM nr: 21189422 Volvo Penta huoltopaketti-Venevaraosat.fi-verkkokauppasta edullisesti\",\"breadcrumb\":{\"@id\":\"https:\\\/\\\/veneakselisto.com\\\/kauppa\\\/tuote\\\/volvo-penta-d1-30-d2-40-2010-2020-2030-2040-huoltopaketti\\\/#breadcrumb\"},\"inLanguage\":\"fi\",\"potentialAction\":[{\"@type\":\"ReadAction\",\"target\":[\"https:\\\/\\\/veneakselisto.com\\\/kauppa\\\/tuote\\\/volvo-penta-d1-30-d2-40-2010-2020-2030-2040-huoltopaketti\\\/\"]}]},{\"@type\":\"ImageObject\",\"inLanguage\":\"fi\",\"@id\":\"https:\\\/\\\/veneakselisto.com\\\/kauppa\\\/tuote\\\/volvo-penta-d1-30-d2-40-2010-2020-2030-2040-huoltopaketti\\\/#primaryimage\",\"url\":\"https:\\\/\\\/i0.wp.com\\\/veneakselisto.com\\\/kauppa\\\/wp-content\\\/uploads\\\/2016\\\/10\\\/23422.jpg?fit=650%2C650&ssl=1\",\"contentUrl\":\"https:\\\/\\\/i0.wp.com\\\/veneakselisto.com\\\/kauppa\\\/wp-content\\\/uploads\\\/2016\\\/10\\\/23422.jpg?fit=650%2C650&ssl=1\",\"width\":650,\"height\":650,\"caption\":\"Orbitrade Marine Volvo Penta Huoltosarja veneakselisto.com verkkokaupasta\"},{\"@type\":\"BreadcrumbList\",\"@id\":\"https:\\\/\\\/veneakselisto.com\\\/kauppa\\\/tuote\\\/volvo-penta-d1-30-d2-40-2010-2020-2030-2040-huoltopaketti\\\/#breadcrumb\",\"itemListElement\":[{\"@type\":\"ListItem\",\"position\":1,\"name\":\"Etusivu\",\"item\":\"https:\\\/\\\/veneakselisto.com\\\/kauppa\\\/\"},{\"@type\":\"ListItem\",\"position\":2,\"name\":\"Kauppa\",\"item\":\"https:\\\/\\\/veneakselisto.com\\\/kauppa\\\/\"},{\"@type\":\"ListItem\",\"position\":3,\"name\":\"VOLVO PENTA D1-30, D2-40 -huoltosarja\"}]},{\"@type\":\"WebSite\",\"@id\":\"https:\\\/\\\/veneakselisto.com\\\/kauppa\\\/#website\",\"url\":\"https:\\\/\\\/veneakselisto.com\\\/kauppa\\\/\",\"name\":\"Veneakselisto.com - verkkokauppa\",\"description\":\"Venetarvikkeiden maahantuonti ja myynti\",\"publisher\":{\"@id\":\"https:\\\/\\\/veneakselisto.com\\\/kauppa\\\/#organization\"},\"potentialAction\":[{\"@type\":\"SearchAction\",\"target\":{\"@type\":\"EntryPoint\",\"urlTemplate\":\"https:\\\/\\\/veneakselisto.com\\\/kauppa\\\/?s={search_term_string}\"},\"query-input\":{\"@type\":\"PropertyValueSpecification\",\"valueRequired\":true,\"valueName\":\"search_term_string\"}}],\"inLanguage\":\"fi\"},{\"@type\":\"Organization\",\"@id\":\"https:\\\/\\\/veneakselisto.com\\\/kauppa\\\/#organization\",\"name\":\"Veneakselisto.com verkkokauppa\",\"url\":\"https:\\\/\\\/veneakselisto.com\\\/kauppa\\\/\",\"logo\":{\"@type\":\"ImageObject\",\"inLanguage\":\"fi\",\"@id\":\"https:\\\/\\\/veneakselisto.com\\\/kauppa\\\/#\\\/schema\\\/logo\\\/image\\\/\",\"url\":\"https:\\\/\\\/i2.wp.com\\\/veneakselisto.com\\\/kauppa\\\/wp-content\\\/uploads\\\/2016\\\/06\\\/fb_icon.jpg?fit=327%2C327&ssl=1\",\"contentUrl\":\"https:\\\/\\\/i2.wp.com\\\/veneakselisto.com\\\/kauppa\\\/wp-content\\\/uploads\\\/2016\\\/06\\\/fb_icon.jpg?fit=327%2C327&ssl=1\",\"width\":327,\"height\":327,\"caption\":\"Veneakselisto.com verkkokauppa\"},\"image\":{\"@id\":\"https:\\\/\\\/veneakselisto.com\\\/kauppa\\\/#\\\/schema\\\/logo\\\/image\\\/\"},\"sameAs\":[\"https:\\\/\\\/www.facebook.com\\\/AlaMikkula\\\/\"]}]}<\/script>\n<!-- \/ Yoast SEO plugin. -->","yoast_head_json":{"title":"VOLVO PENTA D1-30, D2-40 -huoltosarja-huoltopaketti-veneakselisto.com","description":"VOLVO PENTA D1-30, D2-40 -huoltosarja. OEM nr: 21189422 Volvo Penta huoltopaketti-Venevaraosat.fi-verkkokauppasta edullisesti","robots":{"index":"index","follow":"follow","max-snippet":"max-snippet:-1","max-image-preview":"max-image-preview:large","max-video-preview":"max-video-preview:-1"},"canonical":"https:\/\/veneakselisto.com\/kauppa\/tuote\/volvo-penta-d1-30-d2-40-2010-2020-2030-2040-huoltopaketti\/","og_locale":"fi_FI","og_type":"article","og_title":"VOLVO PENTA D1-30, D2-40 -huoltosarja-huoltopaketti-veneakselisto.com","og_description":"VOLVO PENTA D1-30, D2-40 -huoltosarja. OEM nr: 21189422 Volvo Penta huoltopaketti-Venevaraosat.fi-verkkokauppasta edullisesti","og_url":"https:\/\/veneakselisto.com\/kauppa\/tuote\/volvo-penta-d1-30-d2-40-2010-2020-2030-2040-huoltopaketti\/","og_site_name":"Veneakselisto.com - verkkokauppa","article_publisher":"https:\/\/www.facebook.com\/AlaMikkula\/","article_modified_time":"2026-03-12T18:00:10+00:00","og_image":[{"width":650,"height":650,"url":"https:\/\/veneakselisto.com\/kauppa\/wp-content\/uploads\/2016\/10\/23422.jpg","type":"image\/jpeg"}],"twitter_card":"summary_large_image","twitter_misc":{"Arvioitu lukuaika":"1 minuutti"},"schema":{"@context":"https:\/\/schema.org","@graph":[{"@type":"WebPage","@id":"https:\/\/veneakselisto.com\/kauppa\/tuote\/volvo-penta-d1-30-d2-40-2010-2020-2030-2040-huoltopaketti\/","url":"https:\/\/veneakselisto.com\/kauppa\/tuote\/volvo-penta-d1-30-d2-40-2010-2020-2030-2040-huoltopaketti\/","name":"VOLVO PENTA D1-30, D2-40 -huoltosarja-huoltopaketti-veneakselisto.com","isPartOf":{"@id":"https:\/\/veneakselisto.com\/kauppa\/#website"},"primaryImageOfPage":{"@id":"https:\/\/veneakselisto.com\/kauppa\/tuote\/volvo-penta-d1-30-d2-40-2010-2020-2030-2040-huoltopaketti\/#primaryimage"},"image":{"@id":"https:\/\/veneakselisto.com\/kauppa\/tuote\/volvo-penta-d1-30-d2-40-2010-2020-2030-2040-huoltopaketti\/#primaryimage"},"thumbnailUrl":"https:\/\/i0.wp.com\/veneakselisto.com\/kauppa\/wp-content\/uploads\/2016\/10\/23422.jpg?fit=650%2C650&ssl=1","datePublished":"2016-10-28T20:03:24+00:00","dateModified":"2026-03-12T18:00:10+00:00","description":"VOLVO PENTA D1-30, D2-40 -huoltosarja. OEM nr: 21189422 Volvo Penta huoltopaketti-Venevaraosat.fi-verkkokauppasta edullisesti","breadcrumb":{"@id":"https:\/\/veneakselisto.com\/kauppa\/tuote\/volvo-penta-d1-30-d2-40-2010-2020-2030-2040-huoltopaketti\/#breadcrumb"},"inLanguage":"fi","potentialAction":[{"@type":"ReadAction","target":["https:\/\/veneakselisto.com\/kauppa\/tuote\/volvo-penta-d1-30-d2-40-2010-2020-2030-2040-huoltopaketti\/"]}]},{"@type":"ImageObject","inLanguage":"fi","@id":"https:\/\/veneakselisto.com\/kauppa\/tuote\/volvo-penta-d1-30-d2-40-2010-2020-2030-2040-huoltopaketti\/#primaryimage","url":"https:\/\/i0.wp.com\/veneakselisto.com\/kauppa\/wp-content\/uploads\/2016\/10\/23422.jpg?fit=650%2C650&ssl=1","contentUrl":"https:\/\/i0.wp.com\/veneakselisto.com\/kauppa\/wp-content\/uploads\/2016\/10\/23422.jpg?fit=650%2C650&ssl=1","width":650,"height":650,"caption":"Orbitrade Marine Volvo Penta Huoltosarja veneakselisto.com verkkokaupasta"},{"@type":"BreadcrumbList","@id":"https:\/\/veneakselisto.com\/kauppa\/tuote\/volvo-penta-d1-30-d2-40-2010-2020-2030-2040-huoltopaketti\/#breadcrumb","itemListElement":[{"@type":"ListItem","position":1,"name":"Etusivu","item":"https:\/\/veneakselisto.com\/kauppa\/"},{"@type":"ListItem","position":2,"name":"Kauppa","item":"https:\/\/veneakselisto.com\/kauppa\/"},{"@type":"ListItem","position":3,"name":"VOLVO PENTA D1-30, D2-40 -huoltosarja"}]},{"@type":"WebSite","@id":"https:\/\/veneakselisto.com\/kauppa\/#website","url":"https:\/\/veneakselisto.com\/kauppa\/","name":"Veneakselisto.com - verkkokauppa","description":"Venetarvikkeiden maahantuonti ja myynti","publisher":{"@id":"https:\/\/veneakselisto.com\/kauppa\/#organization"},"potentialAction":[{"@type":"SearchAction","target":{"@type":"EntryPoint","urlTemplate":"https:\/\/veneakselisto.com\/kauppa\/?s={search_term_string}"},"query-input":{"@type":"PropertyValueSpecification","valueRequired":true,"valueName":"search_term_string"}}],"inLanguage":"fi"},{"@type":"Organization","@id":"https:\/\/veneakselisto.com\/kauppa\/#organization","name":"Veneakselisto.com verkkokauppa","url":"https:\/\/veneakselisto.com\/kauppa\/","logo":{"@type":"ImageObject","inLanguage":"fi","@id":"https:\/\/veneakselisto.com\/kauppa\/#\/schema\/logo\/image\/","url":"https:\/\/i2.wp.com\/veneakselisto.com\/kauppa\/wp-content\/uploads\/2016\/06\/fb_icon.jpg?fit=327%2C327&ssl=1","contentUrl":"https:\/\/i2.wp.com\/veneakselisto.com\/kauppa\/wp-content\/uploads\/2016\/06\/fb_icon.jpg?fit=327%2C327&ssl=1","width":327,"height":327,"caption":"Veneakselisto.com verkkokauppa"},"image":{"@id":"https:\/\/veneakselisto.com\/kauppa\/#\/schema\/logo\/image\/"},"sameAs":["https:\/\/www.facebook.com\/AlaMikkula\/"]}]}},"jetpack_publicize_connections":[],"jetpack_sharing_enabled":true,"_links":{"self":[{"href":"https:\/\/veneakselisto.com\/kauppa\/wp-json\/wp\/v2\/product\/982","targetHints":{"allow":["GET"]}}],"collection":[{"href":"https:\/\/veneakselisto.com\/kauppa\/wp-json\/wp\/v2\/product"}],"about":[{"href":"https:\/\/veneakselisto.com\/kauppa\/wp-json\/wp\/v2\/types\/product"}],"replies":[{"embeddable":true,"href":"https:\/\/veneakselisto.com\/kauppa\/wp-json\/wp\/v2\/comments?post=982"}],"wp:featuredmedia":[{"embeddable":true,"href":"https:\/\/veneakselisto.com\/kauppa\/wp-json\/wp\/v2\/media\/983"}],"wp:attachment":[{"href":"https:\/\/veneakselisto.com\/kauppa\/wp-json\/wp\/v2\/media?parent=982"}],"wp:term":[{"taxonomy":"product_brand","embeddable":true,"href":"https:\/\/veneakselisto.com\/kauppa\/wp-json\/wp\/v2\/product_brand?post=982"},{"taxonomy":"product_cat","embeddable":true,"href":"https:\/\/veneakselisto.com\/kauppa\/wp-json\/wp\/v2\/product_cat?post=982"},{"taxonomy":"product_tag","embeddable":true,"href":"https:\/\/veneakselisto.com\/kauppa\/wp-json\/wp\/v2\/product_tag?post=982"}],"curies":[{"name":"wp","href":"https:\/\/api.w.org\/{rel}","templated":true}]}}