{"id":9186,"date":"2021-02-18T11:45:09","date_gmt":"2021-02-18T09:45:09","guid":{"rendered":"https:\/\/veneakselisto.com\/kauppa\/?post_type=product&#038;p=9186"},"modified":"2025-04-02T11:05:24","modified_gmt":"2025-04-02T08:05:24","slug":"seafirst-hydrauliohjaussarja-max-150hv-peramoottoreille","status":"publish","type":"product","link":"https:\/\/veneakselisto.com\/kauppa\/tuote\/seafirst-hydrauliohjaussarja-max-150hv-peramoottoreille\/","title":{"rendered":"M0150H SeaFirst hydrauliohjaussarja max 150hv per\u00e4moottoreille"},"content":{"rendered":"<p>M0150H SeaFirst hydrauliohjaussarja max 150hv per\u00e4moottoreille<\/p>\n<p>-5.6 kierrosta laidasta laitaan<\/p>\n<p>-CHS018 pumppu 18cc<\/p>\n<p>-SOC3016H sylinteri, tilavuus 101cc, akseli 16mm, iskunpituus 200mm<\/p>\n<p>Hydrauliohjaussarja per\u00e4moottoreille 150 hv asti.<br \/>\nOhjauspumppu (18cc). Kest\u00e4v\u00e4 ruostumatonta ter\u00e4st\u00e4 oleva akseli ja kolminkertaiset tiivisteet.<br \/>\nJokainen pumppu kalibroidaan testipenkiss\u00e4 tehtaalla parhaan suorituskyvyn takaamiseksi.<br \/>\nSis\u00e4lt\u00e4\u00e4: pumppu, 2&#215;7 metrin letku, SOC3016H sylinterin, 2 x \u00f6ljy, t\u00e4ytt\u00f6 suppilo letkulla, ilmaletku.<\/p>\n<p>Veneen hydrauliohjaus joka sopii yleisinpiin per\u00e4moottoreihin mm.<\/p>\n<p>Yamaha 4T, 75-150 hv \/ 2T, 50, 60 &amp; 100 &#8211; 150hv<br \/>\nHonda 4 tahti :BF 50 to BF 150 (ei vanha BF 115A \/ BF 130A)<br \/>\nSuzuki 4T: 70 &#8211; 150hv<br \/>\nMercury: 50 &#8211; 150hv ((HUOM! Ei sovi vanhaan 4 -tahti malliin 75hp \u2013 115 hp, jossa moottorin koko 1732 cm3 ))<br \/>\nEvinrude: 65 &#8211; 150hv<br \/>\nTohatsu 4 tahti: 50 &#8211; 150hv<\/p>\n<p>&nbsp;<\/p>\n","protected":false},"excerpt":{"rendered":"<p>SeaFirst hydrauliohjaussarja max 150hv per\u00e4moottoreille<\/p>\n<p>5.6 kierrosta laidasta laitaan<\/p>\n<p>Hydrauliohjaussarja per\u00e4moottoreille 150 hv asti.<br \/>\nOhjauspumppu (18cc). Kest\u00e4v\u00e4 ruostumatonta ter\u00e4st\u00e4 oleva akseli ja kolminkertaiset tiivisteet.<br \/>\nJokainen pumppu kalibroidaan testipenkiss\u00e4 tehtaalla parhaan suorituskyvyn takaamiseksi.<br \/>\nSis\u00e4lt\u00e4\u00e4: pumppu, 2&#215;7 metrin letku, SOC3016H sylinterin, 2 x \u00f6ljy, t\u00e4ytt\u00f6 suppilo letkulla, ilmaletku.<\/p>\n<p>Yamaha 4T, 75-150 hv \/ 2T, 50, 60 &amp; 100 &#8211; 150hv<br \/>\nHonda 4 tahti :BF 50 to BF 150 (ei vanha BF 115A \/ BF 130A)<br \/>\nSuzuki 4T: 70 &#8211; 150hv<br \/>\nMercury: 50 &#8211; 150hv<br \/>\nEvinrude: 65 &#8211; 150hv<br \/>\nTohatsu 4 tahti: 50 &#8211; 150hv<\/p>\n<p>Verkkokauppatuote ja toimitusaika 1-3pv<\/p>\n<p>&nbsp;<\/p>\n","protected":false},"featured_media":9187,"comment_status":"open","ping_status":"closed","template":"","meta":{"jetpack_post_was_ever_published":false,"jetpack_publicize_message":"","jetpack_publicize_feature_enabled":true,"jetpack_social_post_already_shared":true,"jetpack_social_options":{"image_generator_settings":{"template":"highway","default_image_id":0,"font":"","enabled":false},"version":2}},"product_brand":[],"product_cat":[1349,1126,485,1351,1245,1348],"product_tag":[],"class_list":{"0":"post-9186","1":"product","2":"type-product","3":"status-publish","4":"has-post-thumbnail","6":"product_cat-veneen_hydrauliohjaus","7":"product_cat-peramoottorin-hydrauliohjaus","8":"product_cat-veneen-ohjaus-hallinta","9":"product_cat-peramoottori_hydrauliohjaus_baystar_seastar-veneen_hydrauliohjaus","10":"product_cat-peramoottori_peravetolaite","11":"product_cat-peramoottori_hydrauliohjaus_baystar_seastar","12":"brand-seafirst","14":"first","15":"onbackorder","16":"sale","17":"taxable","18":"shipping-taxable","19":"purchasable","20":"product-type-simple"},"yoast_head":"<!-- This site is optimized with the Yoast SEO plugin v27.3 - https:\/\/yoast.com\/product\/yoast-seo-wordpress\/ -->\n<title>M0150H SeaFirst hydrauliohjaussarja max 150hv per\u00e4moottoreille<\/title>\n<meta name=\"description\" content=\"M0150H SeaFirst hydrauliohjaussarja max 150hv per\u00e4moottoreille-Honda-Yamaha-suzuki-evinrude ja mercury-per\u00e4moottorin hydrauliohjaus\" \/>\n<meta name=\"robots\" content=\"index, follow, max-snippet:-1, max-image-preview:large, max-video-preview:-1\" \/>\n<link rel=\"canonical\" href=\"https:\/\/veneakselisto.com\/kauppa\/tuote\/seafirst-hydrauliohjaussarja-max-150hv-peramoottoreille\/\" \/>\n<meta property=\"og:locale\" content=\"fi_FI\" \/>\n<meta property=\"og:type\" content=\"article\" \/>\n<meta property=\"og:title\" content=\"M0150H SeaFirst hydrauliohjaussarja max 150hv per\u00e4moottoreille\" \/>\n<meta property=\"og:description\" content=\"M0150H SeaFirst hydrauliohjaussarja max 150hv per\u00e4moottoreille-Honda-Yamaha-suzuki-evinrude ja mercury-per\u00e4moottorin hydrauliohjaus\" \/>\n<meta property=\"og:url\" content=\"https:\/\/veneakselisto.com\/kauppa\/tuote\/seafirst-hydrauliohjaussarja-max-150hv-peramoottoreille\/\" \/>\n<meta property=\"og:site_name\" content=\"Veneakselisto.com - verkkokauppa\" \/>\n<meta property=\"article:publisher\" content=\"https:\/\/www.facebook.com\/AlaMikkula\/\" \/>\n<meta property=\"article:modified_time\" content=\"2025-04-02T08:05:24+00:00\" \/>\n<meta property=\"og:image\" content=\"https:\/\/veneakselisto.com\/kauppa\/wp-content\/uploads\/2021\/02\/MO150H-hydrauliohjaus.jpg\" \/>\n\t<meta property=\"og:image:width\" content=\"500\" \/>\n\t<meta property=\"og:image:height\" content=\"500\" \/>\n\t<meta property=\"og:image:type\" content=\"image\/jpeg\" \/>\n<meta name=\"twitter:card\" content=\"summary_large_image\" \/>\n<meta name=\"twitter:label1\" content=\"Arvioitu lukuaika\" \/>\n\t<meta name=\"twitter:data1\" content=\"1 minuutti\" \/>\n<script type=\"application\/ld+json\" class=\"yoast-schema-graph\">{\"@context\":\"https:\\\/\\\/schema.org\",\"@graph\":[{\"@type\":\"WebPage\",\"@id\":\"https:\\\/\\\/veneakselisto.com\\\/kauppa\\\/tuote\\\/seafirst-hydrauliohjaussarja-max-150hv-peramoottoreille\\\/\",\"url\":\"https:\\\/\\\/veneakselisto.com\\\/kauppa\\\/tuote\\\/seafirst-hydrauliohjaussarja-max-150hv-peramoottoreille\\\/\",\"name\":\"M0150H SeaFirst hydrauliohjaussarja max 150hv per\u00e4moottoreille\",\"isPartOf\":{\"@id\":\"https:\\\/\\\/veneakselisto.com\\\/kauppa\\\/#website\"},\"primaryImageOfPage\":{\"@id\":\"https:\\\/\\\/veneakselisto.com\\\/kauppa\\\/tuote\\\/seafirst-hydrauliohjaussarja-max-150hv-peramoottoreille\\\/#primaryimage\"},\"image\":{\"@id\":\"https:\\\/\\\/veneakselisto.com\\\/kauppa\\\/tuote\\\/seafirst-hydrauliohjaussarja-max-150hv-peramoottoreille\\\/#primaryimage\"},\"thumbnailUrl\":\"https:\\\/\\\/i0.wp.com\\\/veneakselisto.com\\\/kauppa\\\/wp-content\\\/uploads\\\/2021\\\/02\\\/MO150H-hydrauliohjaus.jpg?fit=500%2C500&ssl=1\",\"datePublished\":\"2021-02-18T09:45:09+00:00\",\"dateModified\":\"2025-04-02T08:05:24+00:00\",\"description\":\"M0150H SeaFirst hydrauliohjaussarja max 150hv per\u00e4moottoreille-Honda-Yamaha-suzuki-evinrude ja mercury-per\u00e4moottorin hydrauliohjaus\",\"breadcrumb\":{\"@id\":\"https:\\\/\\\/veneakselisto.com\\\/kauppa\\\/tuote\\\/seafirst-hydrauliohjaussarja-max-150hv-peramoottoreille\\\/#breadcrumb\"},\"inLanguage\":\"fi\",\"potentialAction\":[{\"@type\":\"ReadAction\",\"target\":[\"https:\\\/\\\/veneakselisto.com\\\/kauppa\\\/tuote\\\/seafirst-hydrauliohjaussarja-max-150hv-peramoottoreille\\\/\"]}]},{\"@type\":\"ImageObject\",\"inLanguage\":\"fi\",\"@id\":\"https:\\\/\\\/veneakselisto.com\\\/kauppa\\\/tuote\\\/seafirst-hydrauliohjaussarja-max-150hv-peramoottoreille\\\/#primaryimage\",\"url\":\"https:\\\/\\\/i0.wp.com\\\/veneakselisto.com\\\/kauppa\\\/wp-content\\\/uploads\\\/2021\\\/02\\\/MO150H-hydrauliohjaus.jpg?fit=500%2C500&ssl=1\",\"contentUrl\":\"https:\\\/\\\/i0.wp.com\\\/veneakselisto.com\\\/kauppa\\\/wp-content\\\/uploads\\\/2021\\\/02\\\/MO150H-hydrauliohjaus.jpg?fit=500%2C500&ssl=1\",\"width\":500,\"height\":500,\"caption\":\"Per\u00e4moottorin hydrauliohjauspaketti-Veneakselisto.com-Venetarvikkeiden erikoisliike\"},{\"@type\":\"BreadcrumbList\",\"@id\":\"https:\\\/\\\/veneakselisto.com\\\/kauppa\\\/tuote\\\/seafirst-hydrauliohjaussarja-max-150hv-peramoottoreille\\\/#breadcrumb\",\"itemListElement\":[{\"@type\":\"ListItem\",\"position\":1,\"name\":\"Etusivu\",\"item\":\"https:\\\/\\\/veneakselisto.com\\\/kauppa\\\/\"},{\"@type\":\"ListItem\",\"position\":2,\"name\":\"Kauppa\",\"item\":\"https:\\\/\\\/veneakselisto.com\\\/kauppa\\\/\"},{\"@type\":\"ListItem\",\"position\":3,\"name\":\"M0150H SeaFirst hydrauliohjaussarja max 150hv per\u00e4moottoreille\"}]},{\"@type\":\"WebSite\",\"@id\":\"https:\\\/\\\/veneakselisto.com\\\/kauppa\\\/#website\",\"url\":\"https:\\\/\\\/veneakselisto.com\\\/kauppa\\\/\",\"name\":\"Veneakselisto.com - verkkokauppa\",\"description\":\"Venetarvikkeiden maahantuonti ja myynti\",\"publisher\":{\"@id\":\"https:\\\/\\\/veneakselisto.com\\\/kauppa\\\/#organization\"},\"potentialAction\":[{\"@type\":\"SearchAction\",\"target\":{\"@type\":\"EntryPoint\",\"urlTemplate\":\"https:\\\/\\\/veneakselisto.com\\\/kauppa\\\/?s={search_term_string}\"},\"query-input\":{\"@type\":\"PropertyValueSpecification\",\"valueRequired\":true,\"valueName\":\"search_term_string\"}}],\"inLanguage\":\"fi\"},{\"@type\":\"Organization\",\"@id\":\"https:\\\/\\\/veneakselisto.com\\\/kauppa\\\/#organization\",\"name\":\"Veneakselisto.com verkkokauppa\",\"url\":\"https:\\\/\\\/veneakselisto.com\\\/kauppa\\\/\",\"logo\":{\"@type\":\"ImageObject\",\"inLanguage\":\"fi\",\"@id\":\"https:\\\/\\\/veneakselisto.com\\\/kauppa\\\/#\\\/schema\\\/logo\\\/image\\\/\",\"url\":\"https:\\\/\\\/i2.wp.com\\\/veneakselisto.com\\\/kauppa\\\/wp-content\\\/uploads\\\/2016\\\/06\\\/fb_icon.jpg?fit=327%2C327&ssl=1\",\"contentUrl\":\"https:\\\/\\\/i2.wp.com\\\/veneakselisto.com\\\/kauppa\\\/wp-content\\\/uploads\\\/2016\\\/06\\\/fb_icon.jpg?fit=327%2C327&ssl=1\",\"width\":327,\"height\":327,\"caption\":\"Veneakselisto.com verkkokauppa\"},\"image\":{\"@id\":\"https:\\\/\\\/veneakselisto.com\\\/kauppa\\\/#\\\/schema\\\/logo\\\/image\\\/\"},\"sameAs\":[\"https:\\\/\\\/www.facebook.com\\\/AlaMikkula\\\/\"]}]}<\/script>\n<!-- \/ Yoast SEO plugin. -->","yoast_head_json":{"title":"M0150H SeaFirst hydrauliohjaussarja max 150hv per\u00e4moottoreille","description":"M0150H SeaFirst hydrauliohjaussarja max 150hv per\u00e4moottoreille-Honda-Yamaha-suzuki-evinrude ja mercury-per\u00e4moottorin hydrauliohjaus","robots":{"index":"index","follow":"follow","max-snippet":"max-snippet:-1","max-image-preview":"max-image-preview:large","max-video-preview":"max-video-preview:-1"},"canonical":"https:\/\/veneakselisto.com\/kauppa\/tuote\/seafirst-hydrauliohjaussarja-max-150hv-peramoottoreille\/","og_locale":"fi_FI","og_type":"article","og_title":"M0150H SeaFirst hydrauliohjaussarja max 150hv per\u00e4moottoreille","og_description":"M0150H SeaFirst hydrauliohjaussarja max 150hv per\u00e4moottoreille-Honda-Yamaha-suzuki-evinrude ja mercury-per\u00e4moottorin hydrauliohjaus","og_url":"https:\/\/veneakselisto.com\/kauppa\/tuote\/seafirst-hydrauliohjaussarja-max-150hv-peramoottoreille\/","og_site_name":"Veneakselisto.com - verkkokauppa","article_publisher":"https:\/\/www.facebook.com\/AlaMikkula\/","article_modified_time":"2025-04-02T08:05:24+00:00","og_image":[{"width":500,"height":500,"url":"https:\/\/veneakselisto.com\/kauppa\/wp-content\/uploads\/2021\/02\/MO150H-hydrauliohjaus.jpg","type":"image\/jpeg"}],"twitter_card":"summary_large_image","twitter_misc":{"Arvioitu lukuaika":"1 minuutti"},"schema":{"@context":"https:\/\/schema.org","@graph":[{"@type":"WebPage","@id":"https:\/\/veneakselisto.com\/kauppa\/tuote\/seafirst-hydrauliohjaussarja-max-150hv-peramoottoreille\/","url":"https:\/\/veneakselisto.com\/kauppa\/tuote\/seafirst-hydrauliohjaussarja-max-150hv-peramoottoreille\/","name":"M0150H SeaFirst hydrauliohjaussarja max 150hv per\u00e4moottoreille","isPartOf":{"@id":"https:\/\/veneakselisto.com\/kauppa\/#website"},"primaryImageOfPage":{"@id":"https:\/\/veneakselisto.com\/kauppa\/tuote\/seafirst-hydrauliohjaussarja-max-150hv-peramoottoreille\/#primaryimage"},"image":{"@id":"https:\/\/veneakselisto.com\/kauppa\/tuote\/seafirst-hydrauliohjaussarja-max-150hv-peramoottoreille\/#primaryimage"},"thumbnailUrl":"https:\/\/i0.wp.com\/veneakselisto.com\/kauppa\/wp-content\/uploads\/2021\/02\/MO150H-hydrauliohjaus.jpg?fit=500%2C500&ssl=1","datePublished":"2021-02-18T09:45:09+00:00","dateModified":"2025-04-02T08:05:24+00:00","description":"M0150H SeaFirst hydrauliohjaussarja max 150hv per\u00e4moottoreille-Honda-Yamaha-suzuki-evinrude ja mercury-per\u00e4moottorin hydrauliohjaus","breadcrumb":{"@id":"https:\/\/veneakselisto.com\/kauppa\/tuote\/seafirst-hydrauliohjaussarja-max-150hv-peramoottoreille\/#breadcrumb"},"inLanguage":"fi","potentialAction":[{"@type":"ReadAction","target":["https:\/\/veneakselisto.com\/kauppa\/tuote\/seafirst-hydrauliohjaussarja-max-150hv-peramoottoreille\/"]}]},{"@type":"ImageObject","inLanguage":"fi","@id":"https:\/\/veneakselisto.com\/kauppa\/tuote\/seafirst-hydrauliohjaussarja-max-150hv-peramoottoreille\/#primaryimage","url":"https:\/\/i0.wp.com\/veneakselisto.com\/kauppa\/wp-content\/uploads\/2021\/02\/MO150H-hydrauliohjaus.jpg?fit=500%2C500&ssl=1","contentUrl":"https:\/\/i0.wp.com\/veneakselisto.com\/kauppa\/wp-content\/uploads\/2021\/02\/MO150H-hydrauliohjaus.jpg?fit=500%2C500&ssl=1","width":500,"height":500,"caption":"Per\u00e4moottorin hydrauliohjauspaketti-Veneakselisto.com-Venetarvikkeiden erikoisliike"},{"@type":"BreadcrumbList","@id":"https:\/\/veneakselisto.com\/kauppa\/tuote\/seafirst-hydrauliohjaussarja-max-150hv-peramoottoreille\/#breadcrumb","itemListElement":[{"@type":"ListItem","position":1,"name":"Etusivu","item":"https:\/\/veneakselisto.com\/kauppa\/"},{"@type":"ListItem","position":2,"name":"Kauppa","item":"https:\/\/veneakselisto.com\/kauppa\/"},{"@type":"ListItem","position":3,"name":"M0150H SeaFirst hydrauliohjaussarja max 150hv per\u00e4moottoreille"}]},{"@type":"WebSite","@id":"https:\/\/veneakselisto.com\/kauppa\/#website","url":"https:\/\/veneakselisto.com\/kauppa\/","name":"Veneakselisto.com - verkkokauppa","description":"Venetarvikkeiden maahantuonti ja myynti","publisher":{"@id":"https:\/\/veneakselisto.com\/kauppa\/#organization"},"potentialAction":[{"@type":"SearchAction","target":{"@type":"EntryPoint","urlTemplate":"https:\/\/veneakselisto.com\/kauppa\/?s={search_term_string}"},"query-input":{"@type":"PropertyValueSpecification","valueRequired":true,"valueName":"search_term_string"}}],"inLanguage":"fi"},{"@type":"Organization","@id":"https:\/\/veneakselisto.com\/kauppa\/#organization","name":"Veneakselisto.com verkkokauppa","url":"https:\/\/veneakselisto.com\/kauppa\/","logo":{"@type":"ImageObject","inLanguage":"fi","@id":"https:\/\/veneakselisto.com\/kauppa\/#\/schema\/logo\/image\/","url":"https:\/\/i2.wp.com\/veneakselisto.com\/kauppa\/wp-content\/uploads\/2016\/06\/fb_icon.jpg?fit=327%2C327&ssl=1","contentUrl":"https:\/\/i2.wp.com\/veneakselisto.com\/kauppa\/wp-content\/uploads\/2016\/06\/fb_icon.jpg?fit=327%2C327&ssl=1","width":327,"height":327,"caption":"Veneakselisto.com verkkokauppa"},"image":{"@id":"https:\/\/veneakselisto.com\/kauppa\/#\/schema\/logo\/image\/"},"sameAs":["https:\/\/www.facebook.com\/AlaMikkula\/"]}]}},"jetpack_publicize_connections":[],"jetpack_sharing_enabled":true,"_links":{"self":[{"href":"https:\/\/veneakselisto.com\/kauppa\/wp-json\/wp\/v2\/product\/9186","targetHints":{"allow":["GET"]}}],"collection":[{"href":"https:\/\/veneakselisto.com\/kauppa\/wp-json\/wp\/v2\/product"}],"about":[{"href":"https:\/\/veneakselisto.com\/kauppa\/wp-json\/wp\/v2\/types\/product"}],"replies":[{"embeddable":true,"href":"https:\/\/veneakselisto.com\/kauppa\/wp-json\/wp\/v2\/comments?post=9186"}],"wp:featuredmedia":[{"embeddable":true,"href":"https:\/\/veneakselisto.com\/kauppa\/wp-json\/wp\/v2\/media\/9187"}],"wp:attachment":[{"href":"https:\/\/veneakselisto.com\/kauppa\/wp-json\/wp\/v2\/media?parent=9186"}],"wp:term":[{"taxonomy":"product_brand","embeddable":true,"href":"https:\/\/veneakselisto.com\/kauppa\/wp-json\/wp\/v2\/product_brand?post=9186"},{"taxonomy":"product_cat","embeddable":true,"href":"https:\/\/veneakselisto.com\/kauppa\/wp-json\/wp\/v2\/product_cat?post=9186"},{"taxonomy":"product_tag","embeddable":true,"href":"https:\/\/veneakselisto.com\/kauppa\/wp-json\/wp\/v2\/product_tag?post=9186"}],"curies":[{"name":"wp","href":"https:\/\/api.w.org\/{rel}","templated":true}]}}