{"id":8998,"date":"2021-02-02T12:35:56","date_gmt":"2021-02-02T10:35:56","guid":{"rendered":"https:\/\/veneakselisto.com\/kauppa\/?post_type=product&#038;p=8998"},"modified":"2025-06-19T14:49:00","modified_gmt":"2025-06-19T11:49:00","slug":"johnson-pump-painevesipumppu-24v-wps-5-2","status":"publish","type":"product","link":"https:\/\/veneakselisto.com\/kauppa\/tuote\/johnson-pump-painevesipumppu-24v-wps-5-2\/","title":{"rendered":"Johnson Pump Painevesipumppu 24V WPS 5.2"},"content":{"rendered":"<p>Johnson Pump Painevesipumppu 24V WPS 5.2<\/p>\n<p>10-13406-08 12v Johnson Pump painevesipumppu<\/p>\n<p>Viisikammioiset Aqua Jet WPS -sarjan pumput ovat pien- ja huviveneiden painevesij\u00e4rjestelmien luotettava syd\u00e4n. Perinteisiin kolme- tai nelikammioisiin kalvopumppuihin verrattuna Aqua Jet pumppujen \u00e4\u00e4ni- ja pulsaatiotaso on huomattavasti alhaisempi. Tasainen ja pulssiton virtaus saadaan aikaan viisikammioisella rakenteella. Suositamme WPS -pumppujen asennuksessa k\u00e4ytettavaksi paines\u00e4ili\u00f6t\u00e4.<\/p>\n<p>Malli: Aqua Jet WPS 4,0 24V<br \/>\nTuotto: 20 l\/min \/ 5.2 GPM<br \/>\nKaynnistyspaine: 1.7 bar \/ 24psi<br \/>\nKatkaisupaine: 2.8 bar \/ 41psi<br \/>\nSulakkeen* koko: 8A<br \/>\nKierreliitannat\/letkuyhteet: 3\/8\u201dBSP\/letku 13mm, 1\/2\u201dBSP\/letku 19 mm<\/p>\n","protected":false},"excerpt":{"rendered":"<p>Johnson Pump Painevesipumppu 24V WPS 5.2<\/p>\n<p>10-13406-08 12v Johnson Pump painevesipumppu<\/p>\n<p>Viisikammioiset Aqua Jet WPS -sarjan pumput ovat pien- ja huviveneiden painevesij\u00e4rjestelmien luotettava syd\u00e4n. Perinteisiin kolme- tai nelikammioisiin kalvopumppuihin verrattuna Aqua Jet pumppujen \u00e4\u00e4ni- ja pulsaatiotaso on huomattavasti alhaisempi. Tasainen ja pulssiton virtaus saadaan aikaan viisikammioisella rakenteella. Suositamme WPS -pumppujen asennuksessa k\u00e4ytettavaksi paines\u00e4ili\u00f6t\u00e4.<\/p>\n","protected":false},"featured_media":8655,"comment_status":"open","ping_status":"closed","template":"","meta":{"jetpack_post_was_ever_published":false,"jetpack_publicize_message":"","jetpack_publicize_feature_enabled":true,"jetpack_social_post_already_shared":true,"jetpack_social_options":{"image_generator_settings":{"template":"highway","default_image_id":0,"font":"","enabled":false},"version":2}},"product_brand":[],"product_cat":[54,1078,56,1284,1285],"product_tag":[],"class_list":{"0":"post-8998","1":"product","2":"type-product","3":"status-publish","4":"has-post-thumbnail","6":"product_cat-johnson-pump","7":"product_cat-vetus-makeavesijarjestelma-juomavesi","8":"product_cat-paine-ja-kiertovesipumput","9":"product_cat-veneen_painevesi_jarjestelma","10":"product_cat-veneen_painevesi_jarjestelma-vetus_vetus-venetarvikkeet_venetarvikeiden-maahantuonti-ja-myynti-vetus_vetus-venetarvikkeet_venetarvikeiden-maahantuonti-ja-myynti","11":"brand-johnson-pump","13":"first","14":"instock","15":"sale","16":"taxable","17":"shipping-taxable","18":"purchasable","19":"product-type-simple"},"yoast_head":"<!-- This site is optimized with the Yoast SEO plugin v27.3 - https:\/\/yoast.com\/product\/yoast-seo-wordpress\/ -->\n<title>Johnson Pump Painevesipumppu 24V WPS 5.2 - Veneakselisto.com<\/title>\n<meta name=\"description\" content=\"Johnson Pump Painevesipumppu 24V WPS 5.2 . Radiaalipuhaltimet toimittaa venetarvikkeiden erikoisliike-Veneakselisto.com\" \/>\n<meta name=\"robots\" content=\"index, follow, max-snippet:-1, max-image-preview:large, max-video-preview:-1\" \/>\n<link rel=\"canonical\" href=\"https:\/\/veneakselisto.com\/kauppa\/tuote\/johnson-pump-painevesipumppu-24v-wps-5-2\/\" \/>\n<meta property=\"og:locale\" content=\"fi_FI\" \/>\n<meta property=\"og:type\" content=\"article\" \/>\n<meta property=\"og:title\" content=\"Johnson Pump Painevesipumppu 24V WPS 5.2 - Veneakselisto.com\" \/>\n<meta property=\"og:description\" content=\"Johnson Pump Painevesipumppu 24V WPS 5.2 . Radiaalipuhaltimet toimittaa venetarvikkeiden erikoisliike-Veneakselisto.com\" \/>\n<meta property=\"og:url\" content=\"https:\/\/veneakselisto.com\/kauppa\/tuote\/johnson-pump-painevesipumppu-24v-wps-5-2\/\" \/>\n<meta property=\"og:site_name\" content=\"Veneakselisto.com - verkkokauppa\" \/>\n<meta property=\"article:publisher\" content=\"https:\/\/www.facebook.com\/AlaMikkula\/\" \/>\n<meta property=\"article:modified_time\" content=\"2025-06-19T11:49:00+00:00\" \/>\n<meta property=\"og:image\" content=\"https:\/\/veneakselisto.com\/kauppa\/wp-content\/uploads\/2020\/11\/10-13406.jpg\" \/>\n\t<meta property=\"og:image:width\" content=\"500\" \/>\n\t<meta property=\"og:image:height\" content=\"500\" \/>\n\t<meta property=\"og:image:type\" content=\"image\/jpeg\" \/>\n<meta name=\"twitter:card\" content=\"summary_large_image\" \/>\n<meta name=\"twitter:label1\" content=\"Arvioitu lukuaika\" \/>\n\t<meta name=\"twitter:data1\" content=\"1 minuutti\" \/>\n<script type=\"application\/ld+json\" class=\"yoast-schema-graph\">{\"@context\":\"https:\\\/\\\/schema.org\",\"@graph\":[{\"@type\":\"WebPage\",\"@id\":\"https:\\\/\\\/veneakselisto.com\\\/kauppa\\\/tuote\\\/johnson-pump-painevesipumppu-24v-wps-5-2\\\/\",\"url\":\"https:\\\/\\\/veneakselisto.com\\\/kauppa\\\/tuote\\\/johnson-pump-painevesipumppu-24v-wps-5-2\\\/\",\"name\":\"Johnson Pump Painevesipumppu 24V WPS 5.2 - Veneakselisto.com\",\"isPartOf\":{\"@id\":\"https:\\\/\\\/veneakselisto.com\\\/kauppa\\\/#website\"},\"primaryImageOfPage\":{\"@id\":\"https:\\\/\\\/veneakselisto.com\\\/kauppa\\\/tuote\\\/johnson-pump-painevesipumppu-24v-wps-5-2\\\/#primaryimage\"},\"image\":{\"@id\":\"https:\\\/\\\/veneakselisto.com\\\/kauppa\\\/tuote\\\/johnson-pump-painevesipumppu-24v-wps-5-2\\\/#primaryimage\"},\"thumbnailUrl\":\"https:\\\/\\\/i0.wp.com\\\/veneakselisto.com\\\/kauppa\\\/wp-content\\\/uploads\\\/2020\\\/11\\\/10-13406.jpg?fit=500%2C500&ssl=1\",\"datePublished\":\"2021-02-02T10:35:56+00:00\",\"dateModified\":\"2025-06-19T11:49:00+00:00\",\"description\":\"Johnson Pump Painevesipumppu 24V WPS 5.2 . Radiaalipuhaltimet toimittaa venetarvikkeiden erikoisliike-Veneakselisto.com\",\"breadcrumb\":{\"@id\":\"https:\\\/\\\/veneakselisto.com\\\/kauppa\\\/tuote\\\/johnson-pump-painevesipumppu-24v-wps-5-2\\\/#breadcrumb\"},\"inLanguage\":\"fi\",\"potentialAction\":[{\"@type\":\"ReadAction\",\"target\":[\"https:\\\/\\\/veneakselisto.com\\\/kauppa\\\/tuote\\\/johnson-pump-painevesipumppu-24v-wps-5-2\\\/\"]}]},{\"@type\":\"ImageObject\",\"inLanguage\":\"fi\",\"@id\":\"https:\\\/\\\/veneakselisto.com\\\/kauppa\\\/tuote\\\/johnson-pump-painevesipumppu-24v-wps-5-2\\\/#primaryimage\",\"url\":\"https:\\\/\\\/i0.wp.com\\\/veneakselisto.com\\\/kauppa\\\/wp-content\\\/uploads\\\/2020\\\/11\\\/10-13406.jpg?fit=500%2C500&ssl=1\",\"contentUrl\":\"https:\\\/\\\/i0.wp.com\\\/veneakselisto.com\\\/kauppa\\\/wp-content\\\/uploads\\\/2020\\\/11\\\/10-13406.jpg?fit=500%2C500&ssl=1\",\"width\":500,\"height\":500,\"caption\":\"Johnson Pump tuotteet toimittaa venetarvikkeiden erikoisliike-Veneakselisto.com\"},{\"@type\":\"BreadcrumbList\",\"@id\":\"https:\\\/\\\/veneakselisto.com\\\/kauppa\\\/tuote\\\/johnson-pump-painevesipumppu-24v-wps-5-2\\\/#breadcrumb\",\"itemListElement\":[{\"@type\":\"ListItem\",\"position\":1,\"name\":\"Etusivu\",\"item\":\"https:\\\/\\\/veneakselisto.com\\\/kauppa\\\/\"},{\"@type\":\"ListItem\",\"position\":2,\"name\":\"Kauppa\",\"item\":\"https:\\\/\\\/veneakselisto.com\\\/kauppa\\\/\"},{\"@type\":\"ListItem\",\"position\":3,\"name\":\"Johnson Pump Painevesipumppu 24V WPS 5.2\"}]},{\"@type\":\"WebSite\",\"@id\":\"https:\\\/\\\/veneakselisto.com\\\/kauppa\\\/#website\",\"url\":\"https:\\\/\\\/veneakselisto.com\\\/kauppa\\\/\",\"name\":\"Veneakselisto.com - verkkokauppa\",\"description\":\"Venetarvikkeiden maahantuonti ja myynti\",\"publisher\":{\"@id\":\"https:\\\/\\\/veneakselisto.com\\\/kauppa\\\/#organization\"},\"potentialAction\":[{\"@type\":\"SearchAction\",\"target\":{\"@type\":\"EntryPoint\",\"urlTemplate\":\"https:\\\/\\\/veneakselisto.com\\\/kauppa\\\/?s={search_term_string}\"},\"query-input\":{\"@type\":\"PropertyValueSpecification\",\"valueRequired\":true,\"valueName\":\"search_term_string\"}}],\"inLanguage\":\"fi\"},{\"@type\":\"Organization\",\"@id\":\"https:\\\/\\\/veneakselisto.com\\\/kauppa\\\/#organization\",\"name\":\"Veneakselisto.com verkkokauppa\",\"url\":\"https:\\\/\\\/veneakselisto.com\\\/kauppa\\\/\",\"logo\":{\"@type\":\"ImageObject\",\"inLanguage\":\"fi\",\"@id\":\"https:\\\/\\\/veneakselisto.com\\\/kauppa\\\/#\\\/schema\\\/logo\\\/image\\\/\",\"url\":\"https:\\\/\\\/i2.wp.com\\\/veneakselisto.com\\\/kauppa\\\/wp-content\\\/uploads\\\/2016\\\/06\\\/fb_icon.jpg?fit=327%2C327&ssl=1\",\"contentUrl\":\"https:\\\/\\\/i2.wp.com\\\/veneakselisto.com\\\/kauppa\\\/wp-content\\\/uploads\\\/2016\\\/06\\\/fb_icon.jpg?fit=327%2C327&ssl=1\",\"width\":327,\"height\":327,\"caption\":\"Veneakselisto.com verkkokauppa\"},\"image\":{\"@id\":\"https:\\\/\\\/veneakselisto.com\\\/kauppa\\\/#\\\/schema\\\/logo\\\/image\\\/\"},\"sameAs\":[\"https:\\\/\\\/www.facebook.com\\\/AlaMikkula\\\/\"]}]}<\/script>\n<!-- \/ Yoast SEO plugin. -->","yoast_head_json":{"title":"Johnson Pump Painevesipumppu 24V WPS 5.2 - Veneakselisto.com","description":"Johnson Pump Painevesipumppu 24V WPS 5.2 . Radiaalipuhaltimet toimittaa venetarvikkeiden erikoisliike-Veneakselisto.com","robots":{"index":"index","follow":"follow","max-snippet":"max-snippet:-1","max-image-preview":"max-image-preview:large","max-video-preview":"max-video-preview:-1"},"canonical":"https:\/\/veneakselisto.com\/kauppa\/tuote\/johnson-pump-painevesipumppu-24v-wps-5-2\/","og_locale":"fi_FI","og_type":"article","og_title":"Johnson Pump Painevesipumppu 24V WPS 5.2 - Veneakselisto.com","og_description":"Johnson Pump Painevesipumppu 24V WPS 5.2 . Radiaalipuhaltimet toimittaa venetarvikkeiden erikoisliike-Veneakselisto.com","og_url":"https:\/\/veneakselisto.com\/kauppa\/tuote\/johnson-pump-painevesipumppu-24v-wps-5-2\/","og_site_name":"Veneakselisto.com - verkkokauppa","article_publisher":"https:\/\/www.facebook.com\/AlaMikkula\/","article_modified_time":"2025-06-19T11:49:00+00:00","og_image":[{"width":500,"height":500,"url":"https:\/\/veneakselisto.com\/kauppa\/wp-content\/uploads\/2020\/11\/10-13406.jpg","type":"image\/jpeg"}],"twitter_card":"summary_large_image","twitter_misc":{"Arvioitu lukuaika":"1 minuutti"},"schema":{"@context":"https:\/\/schema.org","@graph":[{"@type":"WebPage","@id":"https:\/\/veneakselisto.com\/kauppa\/tuote\/johnson-pump-painevesipumppu-24v-wps-5-2\/","url":"https:\/\/veneakselisto.com\/kauppa\/tuote\/johnson-pump-painevesipumppu-24v-wps-5-2\/","name":"Johnson Pump Painevesipumppu 24V WPS 5.2 - Veneakselisto.com","isPartOf":{"@id":"https:\/\/veneakselisto.com\/kauppa\/#website"},"primaryImageOfPage":{"@id":"https:\/\/veneakselisto.com\/kauppa\/tuote\/johnson-pump-painevesipumppu-24v-wps-5-2\/#primaryimage"},"image":{"@id":"https:\/\/veneakselisto.com\/kauppa\/tuote\/johnson-pump-painevesipumppu-24v-wps-5-2\/#primaryimage"},"thumbnailUrl":"https:\/\/i0.wp.com\/veneakselisto.com\/kauppa\/wp-content\/uploads\/2020\/11\/10-13406.jpg?fit=500%2C500&ssl=1","datePublished":"2021-02-02T10:35:56+00:00","dateModified":"2025-06-19T11:49:00+00:00","description":"Johnson Pump Painevesipumppu 24V WPS 5.2 . Radiaalipuhaltimet toimittaa venetarvikkeiden erikoisliike-Veneakselisto.com","breadcrumb":{"@id":"https:\/\/veneakselisto.com\/kauppa\/tuote\/johnson-pump-painevesipumppu-24v-wps-5-2\/#breadcrumb"},"inLanguage":"fi","potentialAction":[{"@type":"ReadAction","target":["https:\/\/veneakselisto.com\/kauppa\/tuote\/johnson-pump-painevesipumppu-24v-wps-5-2\/"]}]},{"@type":"ImageObject","inLanguage":"fi","@id":"https:\/\/veneakselisto.com\/kauppa\/tuote\/johnson-pump-painevesipumppu-24v-wps-5-2\/#primaryimage","url":"https:\/\/i0.wp.com\/veneakselisto.com\/kauppa\/wp-content\/uploads\/2020\/11\/10-13406.jpg?fit=500%2C500&ssl=1","contentUrl":"https:\/\/i0.wp.com\/veneakselisto.com\/kauppa\/wp-content\/uploads\/2020\/11\/10-13406.jpg?fit=500%2C500&ssl=1","width":500,"height":500,"caption":"Johnson Pump tuotteet toimittaa venetarvikkeiden erikoisliike-Veneakselisto.com"},{"@type":"BreadcrumbList","@id":"https:\/\/veneakselisto.com\/kauppa\/tuote\/johnson-pump-painevesipumppu-24v-wps-5-2\/#breadcrumb","itemListElement":[{"@type":"ListItem","position":1,"name":"Etusivu","item":"https:\/\/veneakselisto.com\/kauppa\/"},{"@type":"ListItem","position":2,"name":"Kauppa","item":"https:\/\/veneakselisto.com\/kauppa\/"},{"@type":"ListItem","position":3,"name":"Johnson Pump Painevesipumppu 24V WPS 5.2"}]},{"@type":"WebSite","@id":"https:\/\/veneakselisto.com\/kauppa\/#website","url":"https:\/\/veneakselisto.com\/kauppa\/","name":"Veneakselisto.com - verkkokauppa","description":"Venetarvikkeiden maahantuonti ja myynti","publisher":{"@id":"https:\/\/veneakselisto.com\/kauppa\/#organization"},"potentialAction":[{"@type":"SearchAction","target":{"@type":"EntryPoint","urlTemplate":"https:\/\/veneakselisto.com\/kauppa\/?s={search_term_string}"},"query-input":{"@type":"PropertyValueSpecification","valueRequired":true,"valueName":"search_term_string"}}],"inLanguage":"fi"},{"@type":"Organization","@id":"https:\/\/veneakselisto.com\/kauppa\/#organization","name":"Veneakselisto.com verkkokauppa","url":"https:\/\/veneakselisto.com\/kauppa\/","logo":{"@type":"ImageObject","inLanguage":"fi","@id":"https:\/\/veneakselisto.com\/kauppa\/#\/schema\/logo\/image\/","url":"https:\/\/i2.wp.com\/veneakselisto.com\/kauppa\/wp-content\/uploads\/2016\/06\/fb_icon.jpg?fit=327%2C327&ssl=1","contentUrl":"https:\/\/i2.wp.com\/veneakselisto.com\/kauppa\/wp-content\/uploads\/2016\/06\/fb_icon.jpg?fit=327%2C327&ssl=1","width":327,"height":327,"caption":"Veneakselisto.com verkkokauppa"},"image":{"@id":"https:\/\/veneakselisto.com\/kauppa\/#\/schema\/logo\/image\/"},"sameAs":["https:\/\/www.facebook.com\/AlaMikkula\/"]}]}},"jetpack_publicize_connections":[],"jetpack_sharing_enabled":true,"_links":{"self":[{"href":"https:\/\/veneakselisto.com\/kauppa\/wp-json\/wp\/v2\/product\/8998","targetHints":{"allow":["GET"]}}],"collection":[{"href":"https:\/\/veneakselisto.com\/kauppa\/wp-json\/wp\/v2\/product"}],"about":[{"href":"https:\/\/veneakselisto.com\/kauppa\/wp-json\/wp\/v2\/types\/product"}],"replies":[{"embeddable":true,"href":"https:\/\/veneakselisto.com\/kauppa\/wp-json\/wp\/v2\/comments?post=8998"}],"wp:featuredmedia":[{"embeddable":true,"href":"https:\/\/veneakselisto.com\/kauppa\/wp-json\/wp\/v2\/media\/8655"}],"wp:attachment":[{"href":"https:\/\/veneakselisto.com\/kauppa\/wp-json\/wp\/v2\/media?parent=8998"}],"wp:term":[{"taxonomy":"product_brand","embeddable":true,"href":"https:\/\/veneakselisto.com\/kauppa\/wp-json\/wp\/v2\/product_brand?post=8998"},{"taxonomy":"product_cat","embeddable":true,"href":"https:\/\/veneakselisto.com\/kauppa\/wp-json\/wp\/v2\/product_cat?post=8998"},{"taxonomy":"product_tag","embeddable":true,"href":"https:\/\/veneakselisto.com\/kauppa\/wp-json\/wp\/v2\/product_tag?post=8998"}],"curies":[{"name":"wp","href":"https:\/\/api.w.org\/{rel}","templated":true}]}}