{"id":8854,"date":"2020-12-17T11:50:37","date_gmt":"2020-12-17T09:50:37","guid":{"rendered":"https:\/\/veneakselisto.com\/kauppa\/?post_type=product&#038;p=8854"},"modified":"2026-03-06T13:40:53","modified_gmt":"2026-03-06T11:40:53","slug":"erk-223-volvo-penta-korjaussarja","status":"publish","type":"product","link":"https:\/\/veneakselisto.com\/kauppa\/tuote\/erk-223-volvo-penta-korjaussarja\/","title":{"rendered":"ERK-223 Volvo Penta 41-43 korjaussarja"},"content":{"rendered":"<p>ERK-223 Volvo Penta 41-43 korjaussarja<\/p>\n<p>Laadukas, premium tason korjaussarja made by Swedish Lorry Part<\/p>\n<p>Sopivuus:<\/p>\n<p>AD41L-A, AD41P-A, D41L-A, KAD300-A<br \/>\nKAD42P-A, KAD43P-A, KAD44P, KAD44P-B<br \/>\nKAD44P-C, KAMD300-A, KAMD42P-A, KAMD43P<br \/>\nKAMD43P-A, KAMD43P-B, KAMD44P-A, KAMD44P-B<br \/>\nKAMD44P-C, TAMD41H-A, TAMD41H-B, TAMD41P<br \/>\nTAMD41P-A, TAMD42WJ-A, TMD41L-A<\/p>\n<p>Valmistaja SLP-Swedish Lorry Parts<\/p>\n<p>Sis\u00e4lt\u00e4\u00e4:<\/p>\n<p>\u2022 Sylinteriputkisarja<br \/>\n\u2022 Kiertokangenlaakerisarja<br \/>\n\u2022 Runkolaakerisarja<br \/>\n\u2022 Painelaakeri<br \/>\n\u2022 Turbon tiivistesarja<br \/>\n\u2022 Yl\u00e4p\u00e4\u00e4n tiivistesarja<br \/>\n\u2022 Alap\u00e4\u00e4n tiivistesarja<br \/>\n\u2022 V\u00e4lij\u00e4\u00e4hdytin tiivistesarja<br \/>\nSTD-kokoiset laakerit<\/p>\n<p>Volvo Penta OEM<\/p>\n<p>877223, 877224, 877228, 877229, 877230, 877231<\/p>\n<p>ERK-223 Volvo Penta 41-43 korjaussarja<\/p>\n<p>Swedish Lorry Parts on ruotsalainen yritys, joka on erikoistunut Volvo Off Highway -koneiden, Volvo\/Scania Truck &amp; Busesin sek\u00e4 Volvo Pentan\/Scania Marine &amp; Industry -koneiden varaosiin. Swedish Lorry Parts tunnisti markkinat, joilla oli kysynt\u00e4\u00e4 korkealaatuisille varaosille oikeaan hintaan, ja p\u00e4\u00e4timme tehd\u00e4 asialle jotain.<\/p>\n<p>Asianmukaisen laadun varmistamiseksi hoidamme oman tuotantomme ja tuotekehityksemme. Asiakkaana voit olla varma, ett\u00e4 laatustandardimme koskevat jokaista tuotantovaihetta ostosta valmiiseen tuotteeseen. Ja tehokkaan organisaatiomme ansiosta voimme tarjota nopeaa toimitusta maailmanlaajuisesti.<\/p>\n<p>&nbsp;<\/p>\n<p>&nbsp;<\/p>\n","protected":false},"excerpt":{"rendered":"<p>ERK-223 Volvo Penta 41-43 korjaussarja<\/p>\n<p>Laadukas, premium tason korjaussarja made by Swedish Lorry Part<\/p>\n<p>TEHDAS TOIMITUS 4-7PV NORMAALISTI.<\/p>\n<p>&nbsp;<\/p>\n<p>&nbsp;<\/p>\n<p>Verkkokauppatuote. Toimitusaika 1-2vko<\/p>\n","protected":false},"featured_media":8853,"comment_status":"open","ping_status":"closed","template":"","meta":{"jetpack_post_was_ever_published":false,"jetpack_publicize_message":"","jetpack_publicize_feature_enabled":true,"jetpack_social_post_already_shared":true,"jetpack_social_options":{"image_generator_settings":{"template":"highway","default_image_id":0,"font":"","enabled":false},"version":2}},"product_brand":[],"product_cat":[250,1103,269],"product_tag":[],"class_list":{"0":"post-8854","1":"product","2":"type-product","3":"status-publish","4":"has-post-thumbnail","6":"product_cat-moottoreiden-huolto-osat","7":"product_cat-volvo-penta-moottorin-korjaussarja","8":"product_cat-volvo-penta-varaosat-houlto-osat","9":"brand-swedish-lorry-parts","11":"first","12":"onbackorder","13":"sale","14":"taxable","15":"shipping-taxable","16":"purchasable","17":"product-type-simple"},"yoast_head":"<!-- This site is optimized with the Yoast SEO plugin v27.4 - https:\/\/yoast.com\/product\/yoast-seo-wordpress\/ -->\n<title>ERK-223 Volvo Penta 41-43 korjaussarja- Volvo Penta-marineparts<\/title>\n<meta name=\"description\" content=\"ERK-223 Volvo Penta 41-43 korjaussarja- Volvo Penta korjaussarjat toimittaa venetarvikkeiden erikoisliike-Veneakselisto.com-Marineparts\" \/>\n<meta name=\"robots\" content=\"index, follow, max-snippet:-1, max-image-preview:large, max-video-preview:-1\" \/>\n<link rel=\"canonical\" href=\"https:\/\/veneakselisto.com\/kauppa\/tuote\/erk-223-volvo-penta-korjaussarja\/\" \/>\n<meta property=\"og:locale\" content=\"fi_FI\" \/>\n<meta property=\"og:type\" content=\"article\" \/>\n<meta property=\"og:title\" content=\"ERK-223 Volvo Penta 41-43 korjaussarja- Volvo Penta-marineparts\" \/>\n<meta property=\"og:description\" content=\"ERK-223 Volvo Penta 41-43 korjaussarja- Volvo Penta korjaussarjat toimittaa venetarvikkeiden erikoisliike-Veneakselisto.com-Marineparts\" \/>\n<meta property=\"og:url\" content=\"https:\/\/veneakselisto.com\/kauppa\/tuote\/erk-223-volvo-penta-korjaussarja\/\" \/>\n<meta property=\"og:site_name\" content=\"Veneakselisto.com - verkkokauppa\" \/>\n<meta property=\"article:publisher\" content=\"https:\/\/www.facebook.com\/AlaMikkula\/\" \/>\n<meta property=\"article:modified_time\" content=\"2026-03-06T11:40:53+00:00\" \/>\n<meta property=\"og:image\" content=\"https:\/\/veneakselisto.com\/kauppa\/wp-content\/uploads\/2020\/12\/ERK-223.jpg\" \/>\n\t<meta property=\"og:image:width\" content=\"500\" \/>\n\t<meta property=\"og:image:height\" content=\"500\" \/>\n\t<meta property=\"og:image:type\" content=\"image\/jpeg\" \/>\n<meta name=\"twitter:card\" content=\"summary_large_image\" \/>\n<meta name=\"twitter:label1\" content=\"Arvioitu lukuaika\" \/>\n\t<meta name=\"twitter:data1\" content=\"2 minuuttia\" \/>\n<script type=\"application\/ld+json\" class=\"yoast-schema-graph\">{\"@context\":\"https:\\\/\\\/schema.org\",\"@graph\":[{\"@type\":\"WebPage\",\"@id\":\"https:\\\/\\\/veneakselisto.com\\\/kauppa\\\/tuote\\\/erk-223-volvo-penta-korjaussarja\\\/\",\"url\":\"https:\\\/\\\/veneakselisto.com\\\/kauppa\\\/tuote\\\/erk-223-volvo-penta-korjaussarja\\\/\",\"name\":\"ERK-223 Volvo Penta 41-43 korjaussarja- Volvo Penta-marineparts\",\"isPartOf\":{\"@id\":\"https:\\\/\\\/veneakselisto.com\\\/kauppa\\\/#website\"},\"primaryImageOfPage\":{\"@id\":\"https:\\\/\\\/veneakselisto.com\\\/kauppa\\\/tuote\\\/erk-223-volvo-penta-korjaussarja\\\/#primaryimage\"},\"image\":{\"@id\":\"https:\\\/\\\/veneakselisto.com\\\/kauppa\\\/tuote\\\/erk-223-volvo-penta-korjaussarja\\\/#primaryimage\"},\"thumbnailUrl\":\"https:\\\/\\\/i0.wp.com\\\/veneakselisto.com\\\/kauppa\\\/wp-content\\\/uploads\\\/2020\\\/12\\\/ERK-223.jpg?fit=500%2C500&ssl=1\",\"datePublished\":\"2020-12-17T09:50:37+00:00\",\"dateModified\":\"2026-03-06T11:40:53+00:00\",\"description\":\"ERK-223 Volvo Penta 41-43 korjaussarja- Volvo Penta korjaussarjat toimittaa venetarvikkeiden erikoisliike-Veneakselisto.com-Marineparts\",\"breadcrumb\":{\"@id\":\"https:\\\/\\\/veneakselisto.com\\\/kauppa\\\/tuote\\\/erk-223-volvo-penta-korjaussarja\\\/#breadcrumb\"},\"inLanguage\":\"fi\",\"potentialAction\":[{\"@type\":\"ReadAction\",\"target\":[\"https:\\\/\\\/veneakselisto.com\\\/kauppa\\\/tuote\\\/erk-223-volvo-penta-korjaussarja\\\/\"]}]},{\"@type\":\"ImageObject\",\"inLanguage\":\"fi\",\"@id\":\"https:\\\/\\\/veneakselisto.com\\\/kauppa\\\/tuote\\\/erk-223-volvo-penta-korjaussarja\\\/#primaryimage\",\"url\":\"https:\\\/\\\/i0.wp.com\\\/veneakselisto.com\\\/kauppa\\\/wp-content\\\/uploads\\\/2020\\\/12\\\/ERK-223.jpg?fit=500%2C500&ssl=1\",\"contentUrl\":\"https:\\\/\\\/i0.wp.com\\\/veneakselisto.com\\\/kauppa\\\/wp-content\\\/uploads\\\/2020\\\/12\\\/ERK-223.jpg?fit=500%2C500&ssl=1\",\"width\":500,\"height\":500,\"caption\":\"T\u00e4ydelliset TAMD41 Volvo Penta korjaussarjat toimittaa Veneakselisto.com\"},{\"@type\":\"BreadcrumbList\",\"@id\":\"https:\\\/\\\/veneakselisto.com\\\/kauppa\\\/tuote\\\/erk-223-volvo-penta-korjaussarja\\\/#breadcrumb\",\"itemListElement\":[{\"@type\":\"ListItem\",\"position\":1,\"name\":\"Etusivu\",\"item\":\"https:\\\/\\\/veneakselisto.com\\\/kauppa\\\/\"},{\"@type\":\"ListItem\",\"position\":2,\"name\":\"Kauppa\",\"item\":\"https:\\\/\\\/veneakselisto.com\\\/kauppa\\\/\"},{\"@type\":\"ListItem\",\"position\":3,\"name\":\"ERK-223 Volvo Penta 41-43 korjaussarja\"}]},{\"@type\":\"WebSite\",\"@id\":\"https:\\\/\\\/veneakselisto.com\\\/kauppa\\\/#website\",\"url\":\"https:\\\/\\\/veneakselisto.com\\\/kauppa\\\/\",\"name\":\"Veneakselisto.com - verkkokauppa\",\"description\":\"Venetarvikkeiden maahantuonti ja myynti\",\"publisher\":{\"@id\":\"https:\\\/\\\/veneakselisto.com\\\/kauppa\\\/#organization\"},\"potentialAction\":[{\"@type\":\"SearchAction\",\"target\":{\"@type\":\"EntryPoint\",\"urlTemplate\":\"https:\\\/\\\/veneakselisto.com\\\/kauppa\\\/?s={search_term_string}\"},\"query-input\":{\"@type\":\"PropertyValueSpecification\",\"valueRequired\":true,\"valueName\":\"search_term_string\"}}],\"inLanguage\":\"fi\"},{\"@type\":\"Organization\",\"@id\":\"https:\\\/\\\/veneakselisto.com\\\/kauppa\\\/#organization\",\"name\":\"Veneakselisto.com verkkokauppa\",\"url\":\"https:\\\/\\\/veneakselisto.com\\\/kauppa\\\/\",\"logo\":{\"@type\":\"ImageObject\",\"inLanguage\":\"fi\",\"@id\":\"https:\\\/\\\/veneakselisto.com\\\/kauppa\\\/#\\\/schema\\\/logo\\\/image\\\/\",\"url\":\"https:\\\/\\\/i2.wp.com\\\/veneakselisto.com\\\/kauppa\\\/wp-content\\\/uploads\\\/2016\\\/06\\\/fb_icon.jpg?fit=327%2C327&ssl=1\",\"contentUrl\":\"https:\\\/\\\/i2.wp.com\\\/veneakselisto.com\\\/kauppa\\\/wp-content\\\/uploads\\\/2016\\\/06\\\/fb_icon.jpg?fit=327%2C327&ssl=1\",\"width\":327,\"height\":327,\"caption\":\"Veneakselisto.com verkkokauppa\"},\"image\":{\"@id\":\"https:\\\/\\\/veneakselisto.com\\\/kauppa\\\/#\\\/schema\\\/logo\\\/image\\\/\"},\"sameAs\":[\"https:\\\/\\\/www.facebook.com\\\/AlaMikkula\\\/\"]}]}<\/script>\n<!-- \/ Yoast SEO plugin. -->","yoast_head_json":{"title":"ERK-223 Volvo Penta 41-43 korjaussarja- Volvo Penta-marineparts","description":"ERK-223 Volvo Penta 41-43 korjaussarja- Volvo Penta korjaussarjat toimittaa venetarvikkeiden erikoisliike-Veneakselisto.com-Marineparts","robots":{"index":"index","follow":"follow","max-snippet":"max-snippet:-1","max-image-preview":"max-image-preview:large","max-video-preview":"max-video-preview:-1"},"canonical":"https:\/\/veneakselisto.com\/kauppa\/tuote\/erk-223-volvo-penta-korjaussarja\/","og_locale":"fi_FI","og_type":"article","og_title":"ERK-223 Volvo Penta 41-43 korjaussarja- Volvo Penta-marineparts","og_description":"ERK-223 Volvo Penta 41-43 korjaussarja- Volvo Penta korjaussarjat toimittaa venetarvikkeiden erikoisliike-Veneakselisto.com-Marineparts","og_url":"https:\/\/veneakselisto.com\/kauppa\/tuote\/erk-223-volvo-penta-korjaussarja\/","og_site_name":"Veneakselisto.com - verkkokauppa","article_publisher":"https:\/\/www.facebook.com\/AlaMikkula\/","article_modified_time":"2026-03-06T11:40:53+00:00","og_image":[{"width":500,"height":500,"url":"https:\/\/veneakselisto.com\/kauppa\/wp-content\/uploads\/2020\/12\/ERK-223.jpg","type":"image\/jpeg"}],"twitter_card":"summary_large_image","twitter_misc":{"Arvioitu lukuaika":"2 minuuttia"},"schema":{"@context":"https:\/\/schema.org","@graph":[{"@type":"WebPage","@id":"https:\/\/veneakselisto.com\/kauppa\/tuote\/erk-223-volvo-penta-korjaussarja\/","url":"https:\/\/veneakselisto.com\/kauppa\/tuote\/erk-223-volvo-penta-korjaussarja\/","name":"ERK-223 Volvo Penta 41-43 korjaussarja- Volvo Penta-marineparts","isPartOf":{"@id":"https:\/\/veneakselisto.com\/kauppa\/#website"},"primaryImageOfPage":{"@id":"https:\/\/veneakselisto.com\/kauppa\/tuote\/erk-223-volvo-penta-korjaussarja\/#primaryimage"},"image":{"@id":"https:\/\/veneakselisto.com\/kauppa\/tuote\/erk-223-volvo-penta-korjaussarja\/#primaryimage"},"thumbnailUrl":"https:\/\/i0.wp.com\/veneakselisto.com\/kauppa\/wp-content\/uploads\/2020\/12\/ERK-223.jpg?fit=500%2C500&ssl=1","datePublished":"2020-12-17T09:50:37+00:00","dateModified":"2026-03-06T11:40:53+00:00","description":"ERK-223 Volvo Penta 41-43 korjaussarja- Volvo Penta korjaussarjat toimittaa venetarvikkeiden erikoisliike-Veneakselisto.com-Marineparts","breadcrumb":{"@id":"https:\/\/veneakselisto.com\/kauppa\/tuote\/erk-223-volvo-penta-korjaussarja\/#breadcrumb"},"inLanguage":"fi","potentialAction":[{"@type":"ReadAction","target":["https:\/\/veneakselisto.com\/kauppa\/tuote\/erk-223-volvo-penta-korjaussarja\/"]}]},{"@type":"ImageObject","inLanguage":"fi","@id":"https:\/\/veneakselisto.com\/kauppa\/tuote\/erk-223-volvo-penta-korjaussarja\/#primaryimage","url":"https:\/\/i0.wp.com\/veneakselisto.com\/kauppa\/wp-content\/uploads\/2020\/12\/ERK-223.jpg?fit=500%2C500&ssl=1","contentUrl":"https:\/\/i0.wp.com\/veneakselisto.com\/kauppa\/wp-content\/uploads\/2020\/12\/ERK-223.jpg?fit=500%2C500&ssl=1","width":500,"height":500,"caption":"T\u00e4ydelliset TAMD41 Volvo Penta korjaussarjat toimittaa Veneakselisto.com"},{"@type":"BreadcrumbList","@id":"https:\/\/veneakselisto.com\/kauppa\/tuote\/erk-223-volvo-penta-korjaussarja\/#breadcrumb","itemListElement":[{"@type":"ListItem","position":1,"name":"Etusivu","item":"https:\/\/veneakselisto.com\/kauppa\/"},{"@type":"ListItem","position":2,"name":"Kauppa","item":"https:\/\/veneakselisto.com\/kauppa\/"},{"@type":"ListItem","position":3,"name":"ERK-223 Volvo Penta 41-43 korjaussarja"}]},{"@type":"WebSite","@id":"https:\/\/veneakselisto.com\/kauppa\/#website","url":"https:\/\/veneakselisto.com\/kauppa\/","name":"Veneakselisto.com - verkkokauppa","description":"Venetarvikkeiden maahantuonti ja myynti","publisher":{"@id":"https:\/\/veneakselisto.com\/kauppa\/#organization"},"potentialAction":[{"@type":"SearchAction","target":{"@type":"EntryPoint","urlTemplate":"https:\/\/veneakselisto.com\/kauppa\/?s={search_term_string}"},"query-input":{"@type":"PropertyValueSpecification","valueRequired":true,"valueName":"search_term_string"}}],"inLanguage":"fi"},{"@type":"Organization","@id":"https:\/\/veneakselisto.com\/kauppa\/#organization","name":"Veneakselisto.com verkkokauppa","url":"https:\/\/veneakselisto.com\/kauppa\/","logo":{"@type":"ImageObject","inLanguage":"fi","@id":"https:\/\/veneakselisto.com\/kauppa\/#\/schema\/logo\/image\/","url":"https:\/\/i2.wp.com\/veneakselisto.com\/kauppa\/wp-content\/uploads\/2016\/06\/fb_icon.jpg?fit=327%2C327&ssl=1","contentUrl":"https:\/\/i2.wp.com\/veneakselisto.com\/kauppa\/wp-content\/uploads\/2016\/06\/fb_icon.jpg?fit=327%2C327&ssl=1","width":327,"height":327,"caption":"Veneakselisto.com verkkokauppa"},"image":{"@id":"https:\/\/veneakselisto.com\/kauppa\/#\/schema\/logo\/image\/"},"sameAs":["https:\/\/www.facebook.com\/AlaMikkula\/"]}]}},"jetpack_publicize_connections":[],"jetpack_sharing_enabled":true,"_links":{"self":[{"href":"https:\/\/veneakselisto.com\/kauppa\/wp-json\/wp\/v2\/product\/8854","targetHints":{"allow":["GET"]}}],"collection":[{"href":"https:\/\/veneakselisto.com\/kauppa\/wp-json\/wp\/v2\/product"}],"about":[{"href":"https:\/\/veneakselisto.com\/kauppa\/wp-json\/wp\/v2\/types\/product"}],"replies":[{"embeddable":true,"href":"https:\/\/veneakselisto.com\/kauppa\/wp-json\/wp\/v2\/comments?post=8854"}],"wp:featuredmedia":[{"embeddable":true,"href":"https:\/\/veneakselisto.com\/kauppa\/wp-json\/wp\/v2\/media\/8853"}],"wp:attachment":[{"href":"https:\/\/veneakselisto.com\/kauppa\/wp-json\/wp\/v2\/media?parent=8854"}],"wp:term":[{"taxonomy":"product_brand","embeddable":true,"href":"https:\/\/veneakselisto.com\/kauppa\/wp-json\/wp\/v2\/product_brand?post=8854"},{"taxonomy":"product_cat","embeddable":true,"href":"https:\/\/veneakselisto.com\/kauppa\/wp-json\/wp\/v2\/product_cat?post=8854"},{"taxonomy":"product_tag","embeddable":true,"href":"https:\/\/veneakselisto.com\/kauppa\/wp-json\/wp\/v2\/product_tag?post=8854"}],"curies":[{"name":"wp","href":"https:\/\/api.w.org\/{rel}","templated":true}]}}