{"id":8711,"date":"2020-11-25T11:28:32","date_gmt":"2020-11-25T09:28:32","guid":{"rendered":"https:\/\/veneakselisto.com\/kauppa\/?post_type=product&#038;p=8711"},"modified":"2025-04-19T12:55:35","modified_gmt":"2025-04-19T09:55:35","slug":"32mm-makeavesiletku-kopio","status":"publish","type":"product","link":"https:\/\/veneakselisto.com\/kauppa\/tuote\/32mm-makeavesiletku-kopio\/","title":{"rendered":"32mm makeavesiletku"},"content":{"rendered":"<div class=\"wpb-content-wrapper\"><p>[vc_row][vc_column][vc_column_text]32mm makeavesiletku<\/p>\n<p>ulko \u00f8 40mm<\/p>\n<p>K\u00e4ytt\u00f6l\u00e4mp\u00f6tila -5\u00ba ja +65\u00baC<br \/>\nSopii juomavesik\u00e4ytt\u00f6\u00f6n sek\u00e4 imu- ett\u00e4 painepuolelle. Ter\u00e4slankavahvistettua kirkasta PVCletkua.<\/p>\n<p>Veneiss\u00e4 on paljon letkuja ja usein ne ovat avainasemassa my\u00f6s turvallisuudessa. VETUS veneletkut ovat huippulaadukkaita ja ne<br \/>\nt\u00e4ytt\u00e4v\u00e4t kaikki voimassa olevat vaatimukset. Letkuja l\u00f6ytyy l\u00e4hes kaikkiin tarkoituksiin ja ne ovat tunnettuja kest\u00e4vyydest\u00e4\u00e4n ja<br \/>\ntaipuisuudestaan mink\u00e4 huomaa erityisesti asennettaessa.[\/vc_column_text][\/vc_column][\/vc_row]<\/p>\n<\/div>","protected":false},"excerpt":{"rendered":"<p>32mm makeavesiletku<\/p>\n<p>ulko \u00f8 40mm<\/p>\n<p>K\u00e4ytt\u00f6l\u00e4mp\u00f6tila -5\u00ba ja +65\u00baC<br \/>\nSopii juomavesik\u00e4ytt\u00f6\u00f6n sek\u00e4 imu- ett\u00e4 painepuolelle. Ter\u00e4slankavahvistettua kirkasta PVCletkua.<\/p>\n<p><strong>Letku myyd\u00e4\u00e4n 100cm yksik\u00f6iss\u00e4, eli 1kpl tuotetta on 100cm letkua.<br \/>\nJos tarvitset 200cm letkua, niin tilaat 2kpl<br \/>\nJos tarvitset 300cm letkua, niin tilaat 3kpl<br \/>\n<\/strong><strong>jne&#8230;<\/strong><\/p>\n","protected":false},"featured_media":6769,"comment_status":"open","ping_status":"closed","template":"","meta":{"jetpack_post_was_ever_published":false,"jetpack_publicize_message":"","jetpack_publicize_feature_enabled":true,"jetpack_social_post_already_shared":true,"jetpack_social_options":{"image_generator_settings":{"template":"highway","default_image_id":0,"font":"","enabled":false},"version":2}},"product_brand":[],"product_cat":[1078,1084,1083,939,476,470],"product_tag":[973,972],"class_list":{"0":"post-8711","1":"product","2":"type-product","3":"status-publish","4":"has-post-thumbnail","6":"product_cat-vetus-makeavesijarjestelma-juomavesi","7":"product_cat-vetus-makeavesijarjestelma-vetus-makeavesijarjestelma-juomavesi","8":"product_cat-vetus-makeavesijarjestelma-juomavesi-vetus_vetus-venetarvikkeet_venetarvikeiden-maahantuonti-ja-myynti-vetus_vetus-venetarvikkeet_venetarvikeiden-maahantuonti-ja-myynti","9":"product_cat-makeavesitankin-tarvikkeet-asennus","10":"product_cat-vetus_vetus-venetarvikkeet_venetarvikeiden-maahantuonti-ja-myynti-vetus_vetus-venetarvikkeet_venetarvikeiden-maahantuonti-ja-myynti","11":"product_cat-vetus_vetus-venetarvikkeet_venetarvikeiden-maahantuonti-ja-myynti","12":"product_tag-juomavesiletku","13":"product_tag-makeavesiletku","14":"brand-vetus","16":"first","17":"instock","18":"sale","19":"taxable","20":"shipping-taxable","21":"purchasable","22":"product-type-simple"},"yoast_head":"<!-- This site is optimized with the Yoast SEO plugin v27.3 - https:\/\/yoast.com\/product\/yoast-seo-wordpress\/ -->\n<title>32mm makeavesiletku - Veneakselisto.com - verkkokauppa<\/title>\n<meta name=\"description\" content=\"32mm makeavesiletku. Sopii juomavesik\u00e4ytt\u00f6\u00f6n sek\u00e4 imu- ett\u00e4 painepuolelle. Ter\u00e4slankavahvistettua kirkasta PVCletkua. Veneakselisto.com\" \/>\n<meta name=\"robots\" content=\"index, follow, max-snippet:-1, max-image-preview:large, max-video-preview:-1\" \/>\n<link rel=\"canonical\" href=\"https:\/\/veneakselisto.com\/kauppa\/tuote\/32mm-makeavesiletku-kopio\/\" \/>\n<meta property=\"og:locale\" content=\"fi_FI\" \/>\n<meta property=\"og:type\" content=\"article\" \/>\n<meta property=\"og:title\" content=\"32mm makeavesiletku - Veneakselisto.com - verkkokauppa\" \/>\n<meta property=\"og:description\" content=\"32mm makeavesiletku. Sopii juomavesik\u00e4ytt\u00f6\u00f6n sek\u00e4 imu- ett\u00e4 painepuolelle. Ter\u00e4slankavahvistettua kirkasta PVCletkua. Veneakselisto.com\" \/>\n<meta property=\"og:url\" content=\"https:\/\/veneakselisto.com\/kauppa\/tuote\/32mm-makeavesiletku-kopio\/\" \/>\n<meta property=\"og:site_name\" content=\"Veneakselisto.com - verkkokauppa\" \/>\n<meta property=\"article:publisher\" content=\"https:\/\/www.facebook.com\/AlaMikkula\/\" \/>\n<meta property=\"article:modified_time\" content=\"2025-04-19T09:55:35+00:00\" \/>\n<meta property=\"og:image\" content=\"https:\/\/veneakselisto.com\/kauppa\/wp-content\/uploads\/2020\/01\/DWHOSEA.png\" \/>\n\t<meta property=\"og:image:width\" content=\"500\" \/>\n\t<meta property=\"og:image:height\" content=\"500\" \/>\n\t<meta property=\"og:image:type\" content=\"image\/png\" \/>\n<meta name=\"twitter:card\" content=\"summary_large_image\" \/>\n<meta name=\"twitter:label1\" content=\"Arvioitu lukuaika\" \/>\n\t<meta name=\"twitter:data1\" content=\"1 minuutti\" \/>\n<script type=\"application\/ld+json\" class=\"yoast-schema-graph\">{\"@context\":\"https:\\\/\\\/schema.org\",\"@graph\":[{\"@type\":\"WebPage\",\"@id\":\"https:\\\/\\\/veneakselisto.com\\\/kauppa\\\/tuote\\\/32mm-makeavesiletku-kopio\\\/\",\"url\":\"https:\\\/\\\/veneakselisto.com\\\/kauppa\\\/tuote\\\/32mm-makeavesiletku-kopio\\\/\",\"name\":\"32mm makeavesiletku - Veneakselisto.com - verkkokauppa\",\"isPartOf\":{\"@id\":\"https:\\\/\\\/veneakselisto.com\\\/kauppa\\\/#website\"},\"primaryImageOfPage\":{\"@id\":\"https:\\\/\\\/veneakselisto.com\\\/kauppa\\\/tuote\\\/32mm-makeavesiletku-kopio\\\/#primaryimage\"},\"image\":{\"@id\":\"https:\\\/\\\/veneakselisto.com\\\/kauppa\\\/tuote\\\/32mm-makeavesiletku-kopio\\\/#primaryimage\"},\"thumbnailUrl\":\"https:\\\/\\\/i0.wp.com\\\/veneakselisto.com\\\/kauppa\\\/wp-content\\\/uploads\\\/2020\\\/01\\\/DWHOSEA.png?fit=500%2C500&ssl=1\",\"datePublished\":\"2020-11-25T09:28:32+00:00\",\"dateModified\":\"2025-04-19T09:55:35+00:00\",\"description\":\"32mm makeavesiletku. Sopii juomavesik\u00e4ytt\u00f6\u00f6n sek\u00e4 imu- ett\u00e4 painepuolelle. Ter\u00e4slankavahvistettua kirkasta PVCletkua. Veneakselisto.com\",\"breadcrumb\":{\"@id\":\"https:\\\/\\\/veneakselisto.com\\\/kauppa\\\/tuote\\\/32mm-makeavesiletku-kopio\\\/#breadcrumb\"},\"inLanguage\":\"fi\",\"potentialAction\":[{\"@type\":\"ReadAction\",\"target\":[\"https:\\\/\\\/veneakselisto.com\\\/kauppa\\\/tuote\\\/32mm-makeavesiletku-kopio\\\/\"]}]},{\"@type\":\"ImageObject\",\"inLanguage\":\"fi\",\"@id\":\"https:\\\/\\\/veneakselisto.com\\\/kauppa\\\/tuote\\\/32mm-makeavesiletku-kopio\\\/#primaryimage\",\"url\":\"https:\\\/\\\/i0.wp.com\\\/veneakselisto.com\\\/kauppa\\\/wp-content\\\/uploads\\\/2020\\\/01\\\/DWHOSEA.png?fit=500%2C500&ssl=1\",\"contentUrl\":\"https:\\\/\\\/i0.wp.com\\\/veneakselisto.com\\\/kauppa\\\/wp-content\\\/uploads\\\/2020\\\/01\\\/DWHOSEA.png?fit=500%2C500&ssl=1\",\"width\":500,\"height\":500,\"caption\":\"Laadukkaat makeavesiletkut Veneakselistosta. venetarvikkeiden maahantuonti ja myynti.\"},{\"@type\":\"BreadcrumbList\",\"@id\":\"https:\\\/\\\/veneakselisto.com\\\/kauppa\\\/tuote\\\/32mm-makeavesiletku-kopio\\\/#breadcrumb\",\"itemListElement\":[{\"@type\":\"ListItem\",\"position\":1,\"name\":\"Etusivu\",\"item\":\"https:\\\/\\\/veneakselisto.com\\\/kauppa\\\/\"},{\"@type\":\"ListItem\",\"position\":2,\"name\":\"Kauppa\",\"item\":\"https:\\\/\\\/veneakselisto.com\\\/kauppa\\\/\"},{\"@type\":\"ListItem\",\"position\":3,\"name\":\"32mm makeavesiletku\"}]},{\"@type\":\"WebSite\",\"@id\":\"https:\\\/\\\/veneakselisto.com\\\/kauppa\\\/#website\",\"url\":\"https:\\\/\\\/veneakselisto.com\\\/kauppa\\\/\",\"name\":\"Veneakselisto.com - verkkokauppa\",\"description\":\"Venetarvikkeiden maahantuonti ja myynti\",\"publisher\":{\"@id\":\"https:\\\/\\\/veneakselisto.com\\\/kauppa\\\/#organization\"},\"potentialAction\":[{\"@type\":\"SearchAction\",\"target\":{\"@type\":\"EntryPoint\",\"urlTemplate\":\"https:\\\/\\\/veneakselisto.com\\\/kauppa\\\/?s={search_term_string}\"},\"query-input\":{\"@type\":\"PropertyValueSpecification\",\"valueRequired\":true,\"valueName\":\"search_term_string\"}}],\"inLanguage\":\"fi\"},{\"@type\":\"Organization\",\"@id\":\"https:\\\/\\\/veneakselisto.com\\\/kauppa\\\/#organization\",\"name\":\"Veneakselisto.com verkkokauppa\",\"url\":\"https:\\\/\\\/veneakselisto.com\\\/kauppa\\\/\",\"logo\":{\"@type\":\"ImageObject\",\"inLanguage\":\"fi\",\"@id\":\"https:\\\/\\\/veneakselisto.com\\\/kauppa\\\/#\\\/schema\\\/logo\\\/image\\\/\",\"url\":\"https:\\\/\\\/i2.wp.com\\\/veneakselisto.com\\\/kauppa\\\/wp-content\\\/uploads\\\/2016\\\/06\\\/fb_icon.jpg?fit=327%2C327&ssl=1\",\"contentUrl\":\"https:\\\/\\\/i2.wp.com\\\/veneakselisto.com\\\/kauppa\\\/wp-content\\\/uploads\\\/2016\\\/06\\\/fb_icon.jpg?fit=327%2C327&ssl=1\",\"width\":327,\"height\":327,\"caption\":\"Veneakselisto.com verkkokauppa\"},\"image\":{\"@id\":\"https:\\\/\\\/veneakselisto.com\\\/kauppa\\\/#\\\/schema\\\/logo\\\/image\\\/\"},\"sameAs\":[\"https:\\\/\\\/www.facebook.com\\\/AlaMikkula\\\/\"]}]}<\/script>\n<!-- \/ Yoast SEO plugin. -->","yoast_head_json":{"title":"32mm makeavesiletku - Veneakselisto.com - verkkokauppa","description":"32mm makeavesiletku. Sopii juomavesik\u00e4ytt\u00f6\u00f6n sek\u00e4 imu- ett\u00e4 painepuolelle. Ter\u00e4slankavahvistettua kirkasta PVCletkua. Veneakselisto.com","robots":{"index":"index","follow":"follow","max-snippet":"max-snippet:-1","max-image-preview":"max-image-preview:large","max-video-preview":"max-video-preview:-1"},"canonical":"https:\/\/veneakselisto.com\/kauppa\/tuote\/32mm-makeavesiletku-kopio\/","og_locale":"fi_FI","og_type":"article","og_title":"32mm makeavesiletku - Veneakselisto.com - verkkokauppa","og_description":"32mm makeavesiletku. Sopii juomavesik\u00e4ytt\u00f6\u00f6n sek\u00e4 imu- ett\u00e4 painepuolelle. Ter\u00e4slankavahvistettua kirkasta PVCletkua. Veneakselisto.com","og_url":"https:\/\/veneakselisto.com\/kauppa\/tuote\/32mm-makeavesiletku-kopio\/","og_site_name":"Veneakselisto.com - verkkokauppa","article_publisher":"https:\/\/www.facebook.com\/AlaMikkula\/","article_modified_time":"2025-04-19T09:55:35+00:00","og_image":[{"width":500,"height":500,"url":"https:\/\/veneakselisto.com\/kauppa\/wp-content\/uploads\/2020\/01\/DWHOSEA.png","type":"image\/png"}],"twitter_card":"summary_large_image","twitter_misc":{"Arvioitu lukuaika":"1 minuutti"},"schema":{"@context":"https:\/\/schema.org","@graph":[{"@type":"WebPage","@id":"https:\/\/veneakselisto.com\/kauppa\/tuote\/32mm-makeavesiletku-kopio\/","url":"https:\/\/veneakselisto.com\/kauppa\/tuote\/32mm-makeavesiletku-kopio\/","name":"32mm makeavesiletku - Veneakselisto.com - verkkokauppa","isPartOf":{"@id":"https:\/\/veneakselisto.com\/kauppa\/#website"},"primaryImageOfPage":{"@id":"https:\/\/veneakselisto.com\/kauppa\/tuote\/32mm-makeavesiletku-kopio\/#primaryimage"},"image":{"@id":"https:\/\/veneakselisto.com\/kauppa\/tuote\/32mm-makeavesiletku-kopio\/#primaryimage"},"thumbnailUrl":"https:\/\/i0.wp.com\/veneakselisto.com\/kauppa\/wp-content\/uploads\/2020\/01\/DWHOSEA.png?fit=500%2C500&ssl=1","datePublished":"2020-11-25T09:28:32+00:00","dateModified":"2025-04-19T09:55:35+00:00","description":"32mm makeavesiletku. Sopii juomavesik\u00e4ytt\u00f6\u00f6n sek\u00e4 imu- ett\u00e4 painepuolelle. Ter\u00e4slankavahvistettua kirkasta PVCletkua. Veneakselisto.com","breadcrumb":{"@id":"https:\/\/veneakselisto.com\/kauppa\/tuote\/32mm-makeavesiletku-kopio\/#breadcrumb"},"inLanguage":"fi","potentialAction":[{"@type":"ReadAction","target":["https:\/\/veneakselisto.com\/kauppa\/tuote\/32mm-makeavesiletku-kopio\/"]}]},{"@type":"ImageObject","inLanguage":"fi","@id":"https:\/\/veneakselisto.com\/kauppa\/tuote\/32mm-makeavesiletku-kopio\/#primaryimage","url":"https:\/\/i0.wp.com\/veneakselisto.com\/kauppa\/wp-content\/uploads\/2020\/01\/DWHOSEA.png?fit=500%2C500&ssl=1","contentUrl":"https:\/\/i0.wp.com\/veneakselisto.com\/kauppa\/wp-content\/uploads\/2020\/01\/DWHOSEA.png?fit=500%2C500&ssl=1","width":500,"height":500,"caption":"Laadukkaat makeavesiletkut Veneakselistosta. venetarvikkeiden maahantuonti ja myynti."},{"@type":"BreadcrumbList","@id":"https:\/\/veneakselisto.com\/kauppa\/tuote\/32mm-makeavesiletku-kopio\/#breadcrumb","itemListElement":[{"@type":"ListItem","position":1,"name":"Etusivu","item":"https:\/\/veneakselisto.com\/kauppa\/"},{"@type":"ListItem","position":2,"name":"Kauppa","item":"https:\/\/veneakselisto.com\/kauppa\/"},{"@type":"ListItem","position":3,"name":"32mm makeavesiletku"}]},{"@type":"WebSite","@id":"https:\/\/veneakselisto.com\/kauppa\/#website","url":"https:\/\/veneakselisto.com\/kauppa\/","name":"Veneakselisto.com - verkkokauppa","description":"Venetarvikkeiden maahantuonti ja myynti","publisher":{"@id":"https:\/\/veneakselisto.com\/kauppa\/#organization"},"potentialAction":[{"@type":"SearchAction","target":{"@type":"EntryPoint","urlTemplate":"https:\/\/veneakselisto.com\/kauppa\/?s={search_term_string}"},"query-input":{"@type":"PropertyValueSpecification","valueRequired":true,"valueName":"search_term_string"}}],"inLanguage":"fi"},{"@type":"Organization","@id":"https:\/\/veneakselisto.com\/kauppa\/#organization","name":"Veneakselisto.com verkkokauppa","url":"https:\/\/veneakselisto.com\/kauppa\/","logo":{"@type":"ImageObject","inLanguage":"fi","@id":"https:\/\/veneakselisto.com\/kauppa\/#\/schema\/logo\/image\/","url":"https:\/\/i2.wp.com\/veneakselisto.com\/kauppa\/wp-content\/uploads\/2016\/06\/fb_icon.jpg?fit=327%2C327&ssl=1","contentUrl":"https:\/\/i2.wp.com\/veneakselisto.com\/kauppa\/wp-content\/uploads\/2016\/06\/fb_icon.jpg?fit=327%2C327&ssl=1","width":327,"height":327,"caption":"Veneakselisto.com verkkokauppa"},"image":{"@id":"https:\/\/veneakselisto.com\/kauppa\/#\/schema\/logo\/image\/"},"sameAs":["https:\/\/www.facebook.com\/AlaMikkula\/"]}]}},"jetpack_publicize_connections":[],"jetpack_sharing_enabled":true,"_links":{"self":[{"href":"https:\/\/veneakselisto.com\/kauppa\/wp-json\/wp\/v2\/product\/8711","targetHints":{"allow":["GET"]}}],"collection":[{"href":"https:\/\/veneakselisto.com\/kauppa\/wp-json\/wp\/v2\/product"}],"about":[{"href":"https:\/\/veneakselisto.com\/kauppa\/wp-json\/wp\/v2\/types\/product"}],"replies":[{"embeddable":true,"href":"https:\/\/veneakselisto.com\/kauppa\/wp-json\/wp\/v2\/comments?post=8711"}],"wp:featuredmedia":[{"embeddable":true,"href":"https:\/\/veneakselisto.com\/kauppa\/wp-json\/wp\/v2\/media\/6769"}],"wp:attachment":[{"href":"https:\/\/veneakselisto.com\/kauppa\/wp-json\/wp\/v2\/media?parent=8711"}],"wp:term":[{"taxonomy":"product_brand","embeddable":true,"href":"https:\/\/veneakselisto.com\/kauppa\/wp-json\/wp\/v2\/product_brand?post=8711"},{"taxonomy":"product_cat","embeddable":true,"href":"https:\/\/veneakselisto.com\/kauppa\/wp-json\/wp\/v2\/product_cat?post=8711"},{"taxonomy":"product_tag","embeddable":true,"href":"https:\/\/veneakselisto.com\/kauppa\/wp-json\/wp\/v2\/product_tag?post=8711"}],"curies":[{"name":"wp","href":"https:\/\/api.w.org\/{rel}","templated":true}]}}