{"id":8658,"date":"2020-11-12T11:22:12","date_gmt":"2020-11-12T09:22:12","guid":{"rendered":"https:\/\/veneakselisto.com\/kauppa\/?post_type=product&#038;p=8658"},"modified":"2025-08-12T13:04:00","modified_gmt":"2025-08-12T10:04:00","slug":"siipipyora-09-702b-10615k","status":"publish","type":"product","link":"https:\/\/veneakselisto.com\/kauppa\/tuote\/siipipyora-09-702b-10615k\/","title":{"rendered":"Johnson Pump Siipipy\u00f6r\u00e4 09-702B 10615K"},"content":{"rendered":"<div class=\"wpb-content-wrapper\"><p>[vc_row][vc_column][vc_column_text]Siipipy\u00f6r\u00e4 09-702B 10615K<\/p>\n<p>Johnson Pump siipipy\u00f6r\u00e4<\/p>\n<p>Cummins<\/p>\n<p>4B3.9<\/p>\n<p>6B5.9<\/p>\n<p>Korvaa Sherwood 10615K, Jabsco 18948-0001, Cummins 3908220, Onan 132-0292, Sierra 18-3061, Crusader 20300, Pleasurecraft 061017, Westerbeke 13930, Volvo 835874, Orbitrade 15874, Perkins NA900012.<\/p>\n<p>Ulkohalkaisija 65 mm<\/p>\n<p>Korkeus 41,4 mm<\/p>\n<p>Akseli 15.9 mm\u00a0 4.8 mm kiilauralla<\/p>\n<p>SHERWOOD 10615K SIIPIPY\u00d6R\u00c4[\/vc_column_text][\/vc_column][\/vc_row]<\/p>\n<\/div>","protected":false},"excerpt":{"rendered":"<p>Siipipy\u00f6r\u00e4 09-702B 10615K<\/p>\n<p>Cummins 4B, 6B<\/p>\n<p>Alkuper\u00e4inen Johnson Pump siipipy\u00f6r\u00e4<\/p>\n<p>Sis\u00e4lt\u00e4\u00e4 useita tiivisteit\u00e4<\/p>\n<p>Korvaa Sherwood 10615K, Jabsco 18948-0001<\/p>\n","protected":false},"featured_media":8660,"comment_status":"open","ping_status":"closed","template":"","meta":{"jetpack_post_was_ever_published":false,"jetpack_publicize_message":"","jetpack_publicize_feature_enabled":true,"jetpack_social_post_already_shared":true,"jetpack_social_options":{"image_generator_settings":{"template":"highway","default_image_id":0,"font":"","enabled":false},"version":2}},"product_brand":[],"product_cat":[832,54,53,735,1056,52],"product_tag":[59,62,145],"class_list":{"0":"post-8658","1":"product","2":"type-product","3":"status-publish","4":"has-post-thumbnail","6":"product_cat-cummins_huolto_osat_suodattimet","7":"product_cat-johnson-pump","8":"product_cat-johnson-pump_siipipyorat","9":"product_cat-johnson_pump_siipipyorat","10":"product_cat-siipipyora-johnson-pump-sherwood-perkins","11":"product_cat-siipipyorat","12":"product_tag-beta-marine","13":"product_tag-huolto-osa","14":"product_tag-siipipyora","15":"brand-johnson-pump","17":"first","18":"instock","19":"taxable","20":"shipping-taxable","21":"purchasable","22":"product-type-simple"},"yoast_head":"<!-- This site is optimized with the Yoast SEO plugin v27.3 - https:\/\/yoast.com\/product\/yoast-seo-wordpress\/ -->\n<title>Siipipy\u00f6r\u00e4 09-702B 10615K - Veneakselisto.com-verkkokauppa<\/title>\n<meta name=\"description\" content=\"Siipipy\u00f6r\u00e4 09-702B-Sherwood10615K siipipy\u00f6r\u00e4. Cummins 3908220-Tuotteen toimittaa venetarvikkeiden erikoisliike Veneakselisto.com\" \/>\n<meta name=\"robots\" content=\"index, follow, max-snippet:-1, max-image-preview:large, max-video-preview:-1\" \/>\n<link rel=\"canonical\" href=\"https:\/\/veneakselisto.com\/kauppa\/tuote\/siipipyora-09-702b-10615k\/\" \/>\n<meta property=\"og:locale\" content=\"fi_FI\" \/>\n<meta property=\"og:type\" content=\"article\" \/>\n<meta property=\"og:title\" content=\"Siipipy\u00f6r\u00e4 09-702B 10615K - Veneakselisto.com-verkkokauppa\" \/>\n<meta property=\"og:description\" content=\"Siipipy\u00f6r\u00e4 09-702B-Sherwood10615K siipipy\u00f6r\u00e4. Cummins 3908220-Tuotteen toimittaa venetarvikkeiden erikoisliike Veneakselisto.com\" \/>\n<meta property=\"og:url\" content=\"https:\/\/veneakselisto.com\/kauppa\/tuote\/siipipyora-09-702b-10615k\/\" \/>\n<meta property=\"og:site_name\" content=\"Veneakselisto.com - verkkokauppa\" \/>\n<meta property=\"article:publisher\" content=\"https:\/\/www.facebook.com\/AlaMikkula\/\" \/>\n<meta property=\"article:modified_time\" content=\"2025-08-12T10:04:00+00:00\" \/>\n<meta property=\"og:image\" content=\"https:\/\/veneakselisto.com\/kauppa\/wp-content\/uploads\/2020\/11\/09-702B.jpg\" \/>\n\t<meta property=\"og:image:width\" content=\"500\" \/>\n\t<meta property=\"og:image:height\" content=\"500\" \/>\n\t<meta property=\"og:image:type\" content=\"image\/jpeg\" \/>\n<meta name=\"twitter:card\" content=\"summary_large_image\" \/>\n<meta name=\"twitter:label1\" content=\"Arvioitu lukuaika\" \/>\n\t<meta name=\"twitter:data1\" content=\"1 minuutti\" \/>\n<script type=\"application\/ld+json\" class=\"yoast-schema-graph\">{\"@context\":\"https:\\\/\\\/schema.org\",\"@graph\":[{\"@type\":\"WebPage\",\"@id\":\"https:\\\/\\\/veneakselisto.com\\\/kauppa\\\/tuote\\\/siipipyora-09-702b-10615k\\\/\",\"url\":\"https:\\\/\\\/veneakselisto.com\\\/kauppa\\\/tuote\\\/siipipyora-09-702b-10615k\\\/\",\"name\":\"Siipipy\u00f6r\u00e4 09-702B 10615K - Veneakselisto.com-verkkokauppa\",\"isPartOf\":{\"@id\":\"https:\\\/\\\/veneakselisto.com\\\/kauppa\\\/#website\"},\"primaryImageOfPage\":{\"@id\":\"https:\\\/\\\/veneakselisto.com\\\/kauppa\\\/tuote\\\/siipipyora-09-702b-10615k\\\/#primaryimage\"},\"image\":{\"@id\":\"https:\\\/\\\/veneakselisto.com\\\/kauppa\\\/tuote\\\/siipipyora-09-702b-10615k\\\/#primaryimage\"},\"thumbnailUrl\":\"https:\\\/\\\/i0.wp.com\\\/veneakselisto.com\\\/kauppa\\\/wp-content\\\/uploads\\\/2020\\\/11\\\/09-702B.jpg?fit=500%2C500&ssl=1\",\"datePublished\":\"2020-11-12T09:22:12+00:00\",\"dateModified\":\"2025-08-12T10:04:00+00:00\",\"description\":\"Siipipy\u00f6r\u00e4 09-702B-Sherwood10615K siipipy\u00f6r\u00e4. Cummins 3908220-Tuotteen toimittaa venetarvikkeiden erikoisliike Veneakselisto.com\",\"breadcrumb\":{\"@id\":\"https:\\\/\\\/veneakselisto.com\\\/kauppa\\\/tuote\\\/siipipyora-09-702b-10615k\\\/#breadcrumb\"},\"inLanguage\":\"fi\",\"potentialAction\":[{\"@type\":\"ReadAction\",\"target\":[\"https:\\\/\\\/veneakselisto.com\\\/kauppa\\\/tuote\\\/siipipyora-09-702b-10615k\\\/\"]}]},{\"@type\":\"ImageObject\",\"inLanguage\":\"fi\",\"@id\":\"https:\\\/\\\/veneakselisto.com\\\/kauppa\\\/tuote\\\/siipipyora-09-702b-10615k\\\/#primaryimage\",\"url\":\"https:\\\/\\\/i0.wp.com\\\/veneakselisto.com\\\/kauppa\\\/wp-content\\\/uploads\\\/2020\\\/11\\\/09-702B.jpg?fit=500%2C500&ssl=1\",\"contentUrl\":\"https:\\\/\\\/i0.wp.com\\\/veneakselisto.com\\\/kauppa\\\/wp-content\\\/uploads\\\/2020\\\/11\\\/09-702B.jpg?fit=500%2C500&ssl=1\",\"width\":500,\"height\":500,\"caption\":\"Jabsco 18838-0001 siipipy\u00f6r\u00e4-venetarvikkeiden erikoisliike-veneakselisto.com\"},{\"@type\":\"BreadcrumbList\",\"@id\":\"https:\\\/\\\/veneakselisto.com\\\/kauppa\\\/tuote\\\/siipipyora-09-702b-10615k\\\/#breadcrumb\",\"itemListElement\":[{\"@type\":\"ListItem\",\"position\":1,\"name\":\"Etusivu\",\"item\":\"https:\\\/\\\/veneakselisto.com\\\/kauppa\\\/\"},{\"@type\":\"ListItem\",\"position\":2,\"name\":\"Kauppa\",\"item\":\"https:\\\/\\\/veneakselisto.com\\\/kauppa\\\/\"},{\"@type\":\"ListItem\",\"position\":3,\"name\":\"Johnson Pump Siipipy\u00f6r\u00e4 09-702B 10615K\"}]},{\"@type\":\"WebSite\",\"@id\":\"https:\\\/\\\/veneakselisto.com\\\/kauppa\\\/#website\",\"url\":\"https:\\\/\\\/veneakselisto.com\\\/kauppa\\\/\",\"name\":\"Veneakselisto.com - verkkokauppa\",\"description\":\"Venetarvikkeiden maahantuonti ja myynti\",\"publisher\":{\"@id\":\"https:\\\/\\\/veneakselisto.com\\\/kauppa\\\/#organization\"},\"potentialAction\":[{\"@type\":\"SearchAction\",\"target\":{\"@type\":\"EntryPoint\",\"urlTemplate\":\"https:\\\/\\\/veneakselisto.com\\\/kauppa\\\/?s={search_term_string}\"},\"query-input\":{\"@type\":\"PropertyValueSpecification\",\"valueRequired\":true,\"valueName\":\"search_term_string\"}}],\"inLanguage\":\"fi\"},{\"@type\":\"Organization\",\"@id\":\"https:\\\/\\\/veneakselisto.com\\\/kauppa\\\/#organization\",\"name\":\"Veneakselisto.com verkkokauppa\",\"url\":\"https:\\\/\\\/veneakselisto.com\\\/kauppa\\\/\",\"logo\":{\"@type\":\"ImageObject\",\"inLanguage\":\"fi\",\"@id\":\"https:\\\/\\\/veneakselisto.com\\\/kauppa\\\/#\\\/schema\\\/logo\\\/image\\\/\",\"url\":\"https:\\\/\\\/i2.wp.com\\\/veneakselisto.com\\\/kauppa\\\/wp-content\\\/uploads\\\/2016\\\/06\\\/fb_icon.jpg?fit=327%2C327&ssl=1\",\"contentUrl\":\"https:\\\/\\\/i2.wp.com\\\/veneakselisto.com\\\/kauppa\\\/wp-content\\\/uploads\\\/2016\\\/06\\\/fb_icon.jpg?fit=327%2C327&ssl=1\",\"width\":327,\"height\":327,\"caption\":\"Veneakselisto.com verkkokauppa\"},\"image\":{\"@id\":\"https:\\\/\\\/veneakselisto.com\\\/kauppa\\\/#\\\/schema\\\/logo\\\/image\\\/\"},\"sameAs\":[\"https:\\\/\\\/www.facebook.com\\\/AlaMikkula\\\/\"]}]}<\/script>\n<!-- \/ Yoast SEO plugin. -->","yoast_head_json":{"title":"Siipipy\u00f6r\u00e4 09-702B 10615K - Veneakselisto.com-verkkokauppa","description":"Siipipy\u00f6r\u00e4 09-702B-Sherwood10615K siipipy\u00f6r\u00e4. Cummins 3908220-Tuotteen toimittaa venetarvikkeiden erikoisliike Veneakselisto.com","robots":{"index":"index","follow":"follow","max-snippet":"max-snippet:-1","max-image-preview":"max-image-preview:large","max-video-preview":"max-video-preview:-1"},"canonical":"https:\/\/veneakselisto.com\/kauppa\/tuote\/siipipyora-09-702b-10615k\/","og_locale":"fi_FI","og_type":"article","og_title":"Siipipy\u00f6r\u00e4 09-702B 10615K - Veneakselisto.com-verkkokauppa","og_description":"Siipipy\u00f6r\u00e4 09-702B-Sherwood10615K siipipy\u00f6r\u00e4. Cummins 3908220-Tuotteen toimittaa venetarvikkeiden erikoisliike Veneakselisto.com","og_url":"https:\/\/veneakselisto.com\/kauppa\/tuote\/siipipyora-09-702b-10615k\/","og_site_name":"Veneakselisto.com - verkkokauppa","article_publisher":"https:\/\/www.facebook.com\/AlaMikkula\/","article_modified_time":"2025-08-12T10:04:00+00:00","og_image":[{"width":500,"height":500,"url":"https:\/\/veneakselisto.com\/kauppa\/wp-content\/uploads\/2020\/11\/09-702B.jpg","type":"image\/jpeg"}],"twitter_card":"summary_large_image","twitter_misc":{"Arvioitu lukuaika":"1 minuutti"},"schema":{"@context":"https:\/\/schema.org","@graph":[{"@type":"WebPage","@id":"https:\/\/veneakselisto.com\/kauppa\/tuote\/siipipyora-09-702b-10615k\/","url":"https:\/\/veneakselisto.com\/kauppa\/tuote\/siipipyora-09-702b-10615k\/","name":"Siipipy\u00f6r\u00e4 09-702B 10615K - Veneakselisto.com-verkkokauppa","isPartOf":{"@id":"https:\/\/veneakselisto.com\/kauppa\/#website"},"primaryImageOfPage":{"@id":"https:\/\/veneakselisto.com\/kauppa\/tuote\/siipipyora-09-702b-10615k\/#primaryimage"},"image":{"@id":"https:\/\/veneakselisto.com\/kauppa\/tuote\/siipipyora-09-702b-10615k\/#primaryimage"},"thumbnailUrl":"https:\/\/i0.wp.com\/veneakselisto.com\/kauppa\/wp-content\/uploads\/2020\/11\/09-702B.jpg?fit=500%2C500&ssl=1","datePublished":"2020-11-12T09:22:12+00:00","dateModified":"2025-08-12T10:04:00+00:00","description":"Siipipy\u00f6r\u00e4 09-702B-Sherwood10615K siipipy\u00f6r\u00e4. Cummins 3908220-Tuotteen toimittaa venetarvikkeiden erikoisliike Veneakselisto.com","breadcrumb":{"@id":"https:\/\/veneakselisto.com\/kauppa\/tuote\/siipipyora-09-702b-10615k\/#breadcrumb"},"inLanguage":"fi","potentialAction":[{"@type":"ReadAction","target":["https:\/\/veneakselisto.com\/kauppa\/tuote\/siipipyora-09-702b-10615k\/"]}]},{"@type":"ImageObject","inLanguage":"fi","@id":"https:\/\/veneakselisto.com\/kauppa\/tuote\/siipipyora-09-702b-10615k\/#primaryimage","url":"https:\/\/i0.wp.com\/veneakselisto.com\/kauppa\/wp-content\/uploads\/2020\/11\/09-702B.jpg?fit=500%2C500&ssl=1","contentUrl":"https:\/\/i0.wp.com\/veneakselisto.com\/kauppa\/wp-content\/uploads\/2020\/11\/09-702B.jpg?fit=500%2C500&ssl=1","width":500,"height":500,"caption":"Jabsco 18838-0001 siipipy\u00f6r\u00e4-venetarvikkeiden erikoisliike-veneakselisto.com"},{"@type":"BreadcrumbList","@id":"https:\/\/veneakselisto.com\/kauppa\/tuote\/siipipyora-09-702b-10615k\/#breadcrumb","itemListElement":[{"@type":"ListItem","position":1,"name":"Etusivu","item":"https:\/\/veneakselisto.com\/kauppa\/"},{"@type":"ListItem","position":2,"name":"Kauppa","item":"https:\/\/veneakselisto.com\/kauppa\/"},{"@type":"ListItem","position":3,"name":"Johnson Pump Siipipy\u00f6r\u00e4 09-702B 10615K"}]},{"@type":"WebSite","@id":"https:\/\/veneakselisto.com\/kauppa\/#website","url":"https:\/\/veneakselisto.com\/kauppa\/","name":"Veneakselisto.com - verkkokauppa","description":"Venetarvikkeiden maahantuonti ja myynti","publisher":{"@id":"https:\/\/veneakselisto.com\/kauppa\/#organization"},"potentialAction":[{"@type":"SearchAction","target":{"@type":"EntryPoint","urlTemplate":"https:\/\/veneakselisto.com\/kauppa\/?s={search_term_string}"},"query-input":{"@type":"PropertyValueSpecification","valueRequired":true,"valueName":"search_term_string"}}],"inLanguage":"fi"},{"@type":"Organization","@id":"https:\/\/veneakselisto.com\/kauppa\/#organization","name":"Veneakselisto.com verkkokauppa","url":"https:\/\/veneakselisto.com\/kauppa\/","logo":{"@type":"ImageObject","inLanguage":"fi","@id":"https:\/\/veneakselisto.com\/kauppa\/#\/schema\/logo\/image\/","url":"https:\/\/i2.wp.com\/veneakselisto.com\/kauppa\/wp-content\/uploads\/2016\/06\/fb_icon.jpg?fit=327%2C327&ssl=1","contentUrl":"https:\/\/i2.wp.com\/veneakselisto.com\/kauppa\/wp-content\/uploads\/2016\/06\/fb_icon.jpg?fit=327%2C327&ssl=1","width":327,"height":327,"caption":"Veneakselisto.com verkkokauppa"},"image":{"@id":"https:\/\/veneakselisto.com\/kauppa\/#\/schema\/logo\/image\/"},"sameAs":["https:\/\/www.facebook.com\/AlaMikkula\/"]}]}},"jetpack_publicize_connections":[],"jetpack_sharing_enabled":true,"_links":{"self":[{"href":"https:\/\/veneakselisto.com\/kauppa\/wp-json\/wp\/v2\/product\/8658","targetHints":{"allow":["GET"]}}],"collection":[{"href":"https:\/\/veneakselisto.com\/kauppa\/wp-json\/wp\/v2\/product"}],"about":[{"href":"https:\/\/veneakselisto.com\/kauppa\/wp-json\/wp\/v2\/types\/product"}],"replies":[{"embeddable":true,"href":"https:\/\/veneakselisto.com\/kauppa\/wp-json\/wp\/v2\/comments?post=8658"}],"wp:featuredmedia":[{"embeddable":true,"href":"https:\/\/veneakselisto.com\/kauppa\/wp-json\/wp\/v2\/media\/8660"}],"wp:attachment":[{"href":"https:\/\/veneakselisto.com\/kauppa\/wp-json\/wp\/v2\/media?parent=8658"}],"wp:term":[{"taxonomy":"product_brand","embeddable":true,"href":"https:\/\/veneakselisto.com\/kauppa\/wp-json\/wp\/v2\/product_brand?post=8658"},{"taxonomy":"product_cat","embeddable":true,"href":"https:\/\/veneakselisto.com\/kauppa\/wp-json\/wp\/v2\/product_cat?post=8658"},{"taxonomy":"product_tag","embeddable":true,"href":"https:\/\/veneakselisto.com\/kauppa\/wp-json\/wp\/v2\/product_tag?post=8658"}],"curies":[{"name":"wp","href":"https:\/\/api.w.org\/{rel}","templated":true}]}}