{"id":8595,"date":"2020-11-03T14:49:44","date_gmt":"2020-11-03T12:49:44","guid":{"rendered":"https:\/\/veneakselisto.com\/kauppa\/?post_type=product&#038;p=8595"},"modified":"2026-01-08T14:21:15","modified_gmt":"2026-01-08T12:21:15","slug":"merivaihde-yanmar-kbw21-tilalle","status":"publish","type":"product","link":"https:\/\/veneakselisto.com\/kauppa\/tuote\/merivaihde-yanmar-kbw21-tilalle\/","title":{"rendered":"Merivaihde Yanmar KBW21 2.17:1 tilalle"},"content":{"rendered":"<p>Merivaihde Yanmar KBW21 2.17:1 tilalle<\/p>\n<p>T\u00e4ydellinen merikytkin paketti Yanmar KBW21 2.17:1 merikytkimen tilalle<\/p>\n<p>Merikytkimen valmista Technodrive<\/p>\n<p>Sis\u00e4lt\u00f6:<\/p>\n<p>-TMC260 2:1 merikytkin<\/p>\n<p>-TMC kaapelikiinnike<\/p>\n<p>-PSMC 190mm Yanmar vetolevy<\/p>\n<p>-SAE4\/SAE5 v\u00e4lilevy ( v\u00e4lilevyn mitta on syyt\u00e4 aina varmistaa. Lis\u00e4tietoja 09-8779230)<\/p>\n<p>-SAE7 v\u00e4lilevy<\/p>\n<p>-\u00d6ljynj\u00e4\u00e4hdytyssarja<\/p>\n<p>T\u00e4m\u00e4 merivaihde sarja on suunniteltu erityisesti Yanmar KBW21 2,17:1 merivaihteen tilalle. Moottori on rihdattava uudelleen. Potkuriakselilaippa t\u00e4ytyy vaihtaa std 4&#8243; laippaan.<\/p>\n<p>Sopii mm. erinomaisesti Yanmar 4JH-DTE tilalle<\/p>\n","protected":false},"excerpt":{"rendered":"<p>Merivaihde Yanmar KBW21 2.17:1 tilalle<\/p>\n<p>T\u00e4ydellinen merikytkin paketti Yanmar KBW21 merikytkimen tilalle<\/p>\n<p>Sis\u00e4lt\u00f6:<\/p>\n<p>-TMC260 2:1 merikytkin<\/p>\n<p>-TMC kaapelikiinnike<\/p>\n<p>-PSMC 190mm Yanmar vetolevy<\/p>\n<p>-SAE4 v\u00e4lilevy<\/p>\n<p>-SAE7 v\u00e4lilevy<\/p>\n<p>-\u00d6ljynj\u00e4\u00e4hdytyssarja<\/p>\n<p>T\u00e4m\u00e4 merivaihde sarja on suunniteltu erityisesti Yanmar KBW21 2,17:1 merivaihteen tilalle. Moottori on rihdattava uudelleen. Potkuriakselilaippa t\u00e4ytyy vaihtaa std 4&#8243; laippaan.<\/p>\n<p><strong><span style=\"color: #ff0000;\">TOIMITETAAN TEHDASTILAUKSENA 3-5 PV TOIMITUSAJALLA.<\/span><\/strong><\/p>\n","protected":false},"featured_media":8593,"comment_status":"open","ping_status":"closed","template":"","meta":{"jetpack_post_was_ever_published":false,"jetpack_publicize_message":"","jetpack_publicize_feature_enabled":true,"jetpack_social_post_already_shared":true,"jetpack_social_options":{"image_generator_settings":{"template":"highway","default_image_id":0,"font":"","enabled":false},"version":2}},"product_brand":[],"product_cat":[1071,1070,1187,250],"product_tag":[1072,450,1073,229],"class_list":{"0":"post-8595","1":"product","2":"type-product","3":"status-publish","4":"has-post-thumbnail","6":"product_cat-kbw21-yanmar-merikytkin","7":"product_cat-merikytkin-technodrive-kbw21","8":"product_cat-merikytkin-vetolevy-oljynjaahdytin","9":"product_cat-moottoreiden-huolto-osat","10":"product_tag-kbw21","11":"product_tag-merikytkin","12":"product_tag-merivaihde","13":"product_tag-yanmar","14":"brand-technodrive","16":"first","17":"onbackorder","18":"taxable","19":"shipping-taxable","20":"purchasable","21":"product-type-simple"},"yoast_head":"<!-- This site is optimized with the Yoast SEO plugin v27.4 - https:\/\/yoast.com\/product\/yoast-seo-wordpress\/ -->\n<title>Merivaihde Yanmar KBW21 2.17:1 tilalle - Veneakselisto.com - verkkokauppa<\/title>\n<meta name=\"description\" content=\"Merivaihde Yanmar KBW21 tilalle-Yanmar merikytkimet toimittaa Veneakselisto.com-Venetarvikkeiden erikoisliike\" \/>\n<meta name=\"robots\" content=\"index, follow, max-snippet:-1, max-image-preview:large, max-video-preview:-1\" \/>\n<link rel=\"canonical\" href=\"https:\/\/veneakselisto.com\/kauppa\/tuote\/merivaihde-yanmar-kbw21-tilalle\/\" \/>\n<meta property=\"og:locale\" content=\"fi_FI\" \/>\n<meta property=\"og:type\" content=\"article\" \/>\n<meta property=\"og:title\" content=\"Merivaihde Yanmar KBW21 2.17:1 tilalle - Veneakselisto.com - verkkokauppa\" \/>\n<meta property=\"og:description\" content=\"Merivaihde Yanmar KBW21 tilalle-Yanmar merikytkimet toimittaa Veneakselisto.com-Venetarvikkeiden erikoisliike\" \/>\n<meta property=\"og:url\" content=\"https:\/\/veneakselisto.com\/kauppa\/tuote\/merivaihde-yanmar-kbw21-tilalle\/\" \/>\n<meta property=\"og:site_name\" content=\"Veneakselisto.com - verkkokauppa\" \/>\n<meta property=\"article:publisher\" content=\"https:\/\/www.facebook.com\/AlaMikkula\/\" \/>\n<meta property=\"article:modified_time\" content=\"2026-01-08T12:21:15+00:00\" \/>\n<meta property=\"og:image\" content=\"https:\/\/veneakselisto.com\/kauppa\/wp-content\/uploads\/2020\/11\/TMC260.png\" \/>\n\t<meta property=\"og:image:width\" content=\"500\" \/>\n\t<meta property=\"og:image:height\" content=\"500\" \/>\n\t<meta property=\"og:image:type\" content=\"image\/png\" \/>\n<meta name=\"twitter:card\" content=\"summary_large_image\" \/>\n<meta name=\"twitter:label1\" content=\"Arvioitu lukuaika\" \/>\n\t<meta name=\"twitter:data1\" content=\"1 minuutti\" \/>\n<script type=\"application\/ld+json\" class=\"yoast-schema-graph\">{\"@context\":\"https:\\\/\\\/schema.org\",\"@graph\":[{\"@type\":\"WebPage\",\"@id\":\"https:\\\/\\\/veneakselisto.com\\\/kauppa\\\/tuote\\\/merivaihde-yanmar-kbw21-tilalle\\\/\",\"url\":\"https:\\\/\\\/veneakselisto.com\\\/kauppa\\\/tuote\\\/merivaihde-yanmar-kbw21-tilalle\\\/\",\"name\":\"Merivaihde Yanmar KBW21 2.17:1 tilalle - Veneakselisto.com - verkkokauppa\",\"isPartOf\":{\"@id\":\"https:\\\/\\\/veneakselisto.com\\\/kauppa\\\/#website\"},\"primaryImageOfPage\":{\"@id\":\"https:\\\/\\\/veneakselisto.com\\\/kauppa\\\/tuote\\\/merivaihde-yanmar-kbw21-tilalle\\\/#primaryimage\"},\"image\":{\"@id\":\"https:\\\/\\\/veneakselisto.com\\\/kauppa\\\/tuote\\\/merivaihde-yanmar-kbw21-tilalle\\\/#primaryimage\"},\"thumbnailUrl\":\"https:\\\/\\\/i0.wp.com\\\/veneakselisto.com\\\/kauppa\\\/wp-content\\\/uploads\\\/2020\\\/11\\\/TMC260.png?fit=500%2C500&ssl=1\",\"datePublished\":\"2020-11-03T12:49:44+00:00\",\"dateModified\":\"2026-01-08T12:21:15+00:00\",\"description\":\"Merivaihde Yanmar KBW21 tilalle-Yanmar merikytkimet toimittaa Veneakselisto.com-Venetarvikkeiden erikoisliike\",\"breadcrumb\":{\"@id\":\"https:\\\/\\\/veneakselisto.com\\\/kauppa\\\/tuote\\\/merivaihde-yanmar-kbw21-tilalle\\\/#breadcrumb\"},\"inLanguage\":\"fi\",\"potentialAction\":[{\"@type\":\"ReadAction\",\"target\":[\"https:\\\/\\\/veneakselisto.com\\\/kauppa\\\/tuote\\\/merivaihde-yanmar-kbw21-tilalle\\\/\"]}]},{\"@type\":\"ImageObject\",\"inLanguage\":\"fi\",\"@id\":\"https:\\\/\\\/veneakselisto.com\\\/kauppa\\\/tuote\\\/merivaihde-yanmar-kbw21-tilalle\\\/#primaryimage\",\"url\":\"https:\\\/\\\/i0.wp.com\\\/veneakselisto.com\\\/kauppa\\\/wp-content\\\/uploads\\\/2020\\\/11\\\/TMC260.png?fit=500%2C500&ssl=1\",\"contentUrl\":\"https:\\\/\\\/i0.wp.com\\\/veneakselisto.com\\\/kauppa\\\/wp-content\\\/uploads\\\/2020\\\/11\\\/TMC260.png?fit=500%2C500&ssl=1\",\"width\":500,\"height\":500,\"caption\":\"Merivaihteet toimittaa veneakselisto.com-Venetarvikkeiden erikoisliike\"},{\"@type\":\"BreadcrumbList\",\"@id\":\"https:\\\/\\\/veneakselisto.com\\\/kauppa\\\/tuote\\\/merivaihde-yanmar-kbw21-tilalle\\\/#breadcrumb\",\"itemListElement\":[{\"@type\":\"ListItem\",\"position\":1,\"name\":\"Etusivu\",\"item\":\"https:\\\/\\\/veneakselisto.com\\\/kauppa\\\/\"},{\"@type\":\"ListItem\",\"position\":2,\"name\":\"Kauppa\",\"item\":\"https:\\\/\\\/veneakselisto.com\\\/kauppa\\\/\"},{\"@type\":\"ListItem\",\"position\":3,\"name\":\"Merivaihde Yanmar KBW21 2.17:1 tilalle\"}]},{\"@type\":\"WebSite\",\"@id\":\"https:\\\/\\\/veneakselisto.com\\\/kauppa\\\/#website\",\"url\":\"https:\\\/\\\/veneakselisto.com\\\/kauppa\\\/\",\"name\":\"Veneakselisto.com - verkkokauppa\",\"description\":\"Venetarvikkeiden maahantuonti ja myynti\",\"publisher\":{\"@id\":\"https:\\\/\\\/veneakselisto.com\\\/kauppa\\\/#organization\"},\"potentialAction\":[{\"@type\":\"SearchAction\",\"target\":{\"@type\":\"EntryPoint\",\"urlTemplate\":\"https:\\\/\\\/veneakselisto.com\\\/kauppa\\\/?s={search_term_string}\"},\"query-input\":{\"@type\":\"PropertyValueSpecification\",\"valueRequired\":true,\"valueName\":\"search_term_string\"}}],\"inLanguage\":\"fi\"},{\"@type\":\"Organization\",\"@id\":\"https:\\\/\\\/veneakselisto.com\\\/kauppa\\\/#organization\",\"name\":\"Veneakselisto.com verkkokauppa\",\"url\":\"https:\\\/\\\/veneakselisto.com\\\/kauppa\\\/\",\"logo\":{\"@type\":\"ImageObject\",\"inLanguage\":\"fi\",\"@id\":\"https:\\\/\\\/veneakselisto.com\\\/kauppa\\\/#\\\/schema\\\/logo\\\/image\\\/\",\"url\":\"https:\\\/\\\/i2.wp.com\\\/veneakselisto.com\\\/kauppa\\\/wp-content\\\/uploads\\\/2016\\\/06\\\/fb_icon.jpg?fit=327%2C327&ssl=1\",\"contentUrl\":\"https:\\\/\\\/i2.wp.com\\\/veneakselisto.com\\\/kauppa\\\/wp-content\\\/uploads\\\/2016\\\/06\\\/fb_icon.jpg?fit=327%2C327&ssl=1\",\"width\":327,\"height\":327,\"caption\":\"Veneakselisto.com verkkokauppa\"},\"image\":{\"@id\":\"https:\\\/\\\/veneakselisto.com\\\/kauppa\\\/#\\\/schema\\\/logo\\\/image\\\/\"},\"sameAs\":[\"https:\\\/\\\/www.facebook.com\\\/AlaMikkula\\\/\"]}]}<\/script>\n<!-- \/ Yoast SEO plugin. -->","yoast_head_json":{"title":"Merivaihde Yanmar KBW21 2.17:1 tilalle - Veneakselisto.com - verkkokauppa","description":"Merivaihde Yanmar KBW21 tilalle-Yanmar merikytkimet toimittaa Veneakselisto.com-Venetarvikkeiden erikoisliike","robots":{"index":"index","follow":"follow","max-snippet":"max-snippet:-1","max-image-preview":"max-image-preview:large","max-video-preview":"max-video-preview:-1"},"canonical":"https:\/\/veneakselisto.com\/kauppa\/tuote\/merivaihde-yanmar-kbw21-tilalle\/","og_locale":"fi_FI","og_type":"article","og_title":"Merivaihde Yanmar KBW21 2.17:1 tilalle - Veneakselisto.com - verkkokauppa","og_description":"Merivaihde Yanmar KBW21 tilalle-Yanmar merikytkimet toimittaa Veneakselisto.com-Venetarvikkeiden erikoisliike","og_url":"https:\/\/veneakselisto.com\/kauppa\/tuote\/merivaihde-yanmar-kbw21-tilalle\/","og_site_name":"Veneakselisto.com - verkkokauppa","article_publisher":"https:\/\/www.facebook.com\/AlaMikkula\/","article_modified_time":"2026-01-08T12:21:15+00:00","og_image":[{"width":500,"height":500,"url":"https:\/\/veneakselisto.com\/kauppa\/wp-content\/uploads\/2020\/11\/TMC260.png","type":"image\/png"}],"twitter_card":"summary_large_image","twitter_misc":{"Arvioitu lukuaika":"1 minuutti"},"schema":{"@context":"https:\/\/schema.org","@graph":[{"@type":"WebPage","@id":"https:\/\/veneakselisto.com\/kauppa\/tuote\/merivaihde-yanmar-kbw21-tilalle\/","url":"https:\/\/veneakselisto.com\/kauppa\/tuote\/merivaihde-yanmar-kbw21-tilalle\/","name":"Merivaihde Yanmar KBW21 2.17:1 tilalle - Veneakselisto.com - verkkokauppa","isPartOf":{"@id":"https:\/\/veneakselisto.com\/kauppa\/#website"},"primaryImageOfPage":{"@id":"https:\/\/veneakselisto.com\/kauppa\/tuote\/merivaihde-yanmar-kbw21-tilalle\/#primaryimage"},"image":{"@id":"https:\/\/veneakselisto.com\/kauppa\/tuote\/merivaihde-yanmar-kbw21-tilalle\/#primaryimage"},"thumbnailUrl":"https:\/\/i0.wp.com\/veneakselisto.com\/kauppa\/wp-content\/uploads\/2020\/11\/TMC260.png?fit=500%2C500&ssl=1","datePublished":"2020-11-03T12:49:44+00:00","dateModified":"2026-01-08T12:21:15+00:00","description":"Merivaihde Yanmar KBW21 tilalle-Yanmar merikytkimet toimittaa Veneakselisto.com-Venetarvikkeiden erikoisliike","breadcrumb":{"@id":"https:\/\/veneakselisto.com\/kauppa\/tuote\/merivaihde-yanmar-kbw21-tilalle\/#breadcrumb"},"inLanguage":"fi","potentialAction":[{"@type":"ReadAction","target":["https:\/\/veneakselisto.com\/kauppa\/tuote\/merivaihde-yanmar-kbw21-tilalle\/"]}]},{"@type":"ImageObject","inLanguage":"fi","@id":"https:\/\/veneakselisto.com\/kauppa\/tuote\/merivaihde-yanmar-kbw21-tilalle\/#primaryimage","url":"https:\/\/i0.wp.com\/veneakselisto.com\/kauppa\/wp-content\/uploads\/2020\/11\/TMC260.png?fit=500%2C500&ssl=1","contentUrl":"https:\/\/i0.wp.com\/veneakselisto.com\/kauppa\/wp-content\/uploads\/2020\/11\/TMC260.png?fit=500%2C500&ssl=1","width":500,"height":500,"caption":"Merivaihteet toimittaa veneakselisto.com-Venetarvikkeiden erikoisliike"},{"@type":"BreadcrumbList","@id":"https:\/\/veneakselisto.com\/kauppa\/tuote\/merivaihde-yanmar-kbw21-tilalle\/#breadcrumb","itemListElement":[{"@type":"ListItem","position":1,"name":"Etusivu","item":"https:\/\/veneakselisto.com\/kauppa\/"},{"@type":"ListItem","position":2,"name":"Kauppa","item":"https:\/\/veneakselisto.com\/kauppa\/"},{"@type":"ListItem","position":3,"name":"Merivaihde Yanmar KBW21 2.17:1 tilalle"}]},{"@type":"WebSite","@id":"https:\/\/veneakselisto.com\/kauppa\/#website","url":"https:\/\/veneakselisto.com\/kauppa\/","name":"Veneakselisto.com - verkkokauppa","description":"Venetarvikkeiden maahantuonti ja myynti","publisher":{"@id":"https:\/\/veneakselisto.com\/kauppa\/#organization"},"potentialAction":[{"@type":"SearchAction","target":{"@type":"EntryPoint","urlTemplate":"https:\/\/veneakselisto.com\/kauppa\/?s={search_term_string}"},"query-input":{"@type":"PropertyValueSpecification","valueRequired":true,"valueName":"search_term_string"}}],"inLanguage":"fi"},{"@type":"Organization","@id":"https:\/\/veneakselisto.com\/kauppa\/#organization","name":"Veneakselisto.com verkkokauppa","url":"https:\/\/veneakselisto.com\/kauppa\/","logo":{"@type":"ImageObject","inLanguage":"fi","@id":"https:\/\/veneakselisto.com\/kauppa\/#\/schema\/logo\/image\/","url":"https:\/\/i2.wp.com\/veneakselisto.com\/kauppa\/wp-content\/uploads\/2016\/06\/fb_icon.jpg?fit=327%2C327&ssl=1","contentUrl":"https:\/\/i2.wp.com\/veneakselisto.com\/kauppa\/wp-content\/uploads\/2016\/06\/fb_icon.jpg?fit=327%2C327&ssl=1","width":327,"height":327,"caption":"Veneakselisto.com verkkokauppa"},"image":{"@id":"https:\/\/veneakselisto.com\/kauppa\/#\/schema\/logo\/image\/"},"sameAs":["https:\/\/www.facebook.com\/AlaMikkula\/"]}]}},"jetpack_publicize_connections":[],"jetpack_sharing_enabled":true,"_links":{"self":[{"href":"https:\/\/veneakselisto.com\/kauppa\/wp-json\/wp\/v2\/product\/8595","targetHints":{"allow":["GET"]}}],"collection":[{"href":"https:\/\/veneakselisto.com\/kauppa\/wp-json\/wp\/v2\/product"}],"about":[{"href":"https:\/\/veneakselisto.com\/kauppa\/wp-json\/wp\/v2\/types\/product"}],"replies":[{"embeddable":true,"href":"https:\/\/veneakselisto.com\/kauppa\/wp-json\/wp\/v2\/comments?post=8595"}],"wp:featuredmedia":[{"embeddable":true,"href":"https:\/\/veneakselisto.com\/kauppa\/wp-json\/wp\/v2\/media\/8593"}],"wp:attachment":[{"href":"https:\/\/veneakselisto.com\/kauppa\/wp-json\/wp\/v2\/media?parent=8595"}],"wp:term":[{"taxonomy":"product_brand","embeddable":true,"href":"https:\/\/veneakselisto.com\/kauppa\/wp-json\/wp\/v2\/product_brand?post=8595"},{"taxonomy":"product_cat","embeddable":true,"href":"https:\/\/veneakselisto.com\/kauppa\/wp-json\/wp\/v2\/product_cat?post=8595"},{"taxonomy":"product_tag","embeddable":true,"href":"https:\/\/veneakselisto.com\/kauppa\/wp-json\/wp\/v2\/product_tag?post=8595"}],"curies":[{"name":"wp","href":"https:\/\/api.w.org\/{rel}","templated":true}]}}