{"id":8455,"date":"2020-10-02T11:31:03","date_gmt":"2020-10-02T08:31:03","guid":{"rendered":"https:\/\/veneakselisto.com\/kauppa\/?post_type=product&#038;p=8455"},"modified":"2026-04-13T10:44:50","modified_gmt":"2026-04-13T07:44:50","slug":"septitankki-60-l","status":"publish","type":"product","link":"https:\/\/veneakselisto.com\/kauppa\/tuote\/septitankki-60-l\/","title":{"rendered":"Septitankki WW60W 60 L"},"content":{"rendered":"<p>Septitankki WW60W 60 L<\/p>\n<p>WW<br \/>\nVoidaan tyhjent\u00e4\u00e4 ilman pumppua<br \/>\nWWW-sarjan tankit ovat sein\u00e4lle asennettavia. Saatavana noin 25, 60 ja 80 litran koossa. Materiaali sama kuin muissa VETUS<br \/>\nseptitankeissa. Nesteen taso n\u00e4ht\u00e4viss\u00e4 tankin ulkopuolelta. Tankit toimitetaan tarkistusluukulla ja liittimill\u00e4 valmiiksi asennettuna.<br \/>\nTankissa on valmiina reik\u00e4 tuloyhteelle (RT16, 19, 25 tai 38mm letkulle). Tuloyhde tilattava erikseen.<\/p>\n<p>Tuotetiedot<br \/>\n\u2022 Tankit ISO 8099 standardin mukaisia<br \/>\n\u2022 Koko 60 litran<\/p>\n<p>Liit\u00e4nn\u00e4t<br \/>\n\u2022 \u00d838 mm imuputki kulmalla imutyhjennyst\u00e4 varten<br \/>\n\u2022 \u00d838 mm poistoliit\u00e4nt\u00e4<br \/>\n\u2022 \u00d819 mm kulmaliitin huohotusta varten<br \/>\n\u2022 Reik\u00e4 tuloyhteelle RT..B<br \/>\nKoot: +\/- 2%<br \/>\nKorkeusmitta sis\u00e4lt\u00e4\u00e4 letkuliittimet<\/p>\n<p>Septitankki 80 L<\/p>\n<p>Miksi VETUS septitankki?<br \/>\nTankit on valmistettu paksusta korkeatiheyksisest\u00e4 polyeteenist\u00e4, joten ne ovat t\u00e4ysin korroosiovapaita ja kondensoituminen on huomattavasti v\u00e4h\u00e4isemp\u00e4\u00e4 kuin metallitankeissa. Tankeissa ei ole saumoja jotka voisivat ajan saatossa alkaa vuotamaan.<br \/>\nLetkuliittimet voidaan asentaa haluttuun paikkaan ja ne on tilattavissa erikseen.<\/p>\n<p>Septij\u00e4rjestelmien yleisin ongelma on haju. Me olemme erikoistuneet septij\u00e4rjestelmiin ja tied\u00e4mme miten j\u00e4rjestelm\u00e4st\u00e4 saa l\u00e4hes<br \/>\nhajuttoman. Alla muutama t\u00e4rke\u00e4 asia. Lis\u00e4\u00e4 neuvoja hajuttomaan septij\u00e4rjestelm\u00e4\u00e4n l\u00f6yd\u00e4t kotisivuiltamme.<\/p>\n<p>Vinkkej\u00e4 hajuttomaan septij\u00e4rjestelm\u00e4\u00e4n<br \/>\n1. Letkut: Varmista, ett\u00e4 letkut on asennettu oikein ja siten ett\u00e4 niiss\u00e4 on riitt\u00e4v\u00e4sti kaatoa. Huuhtele letkut riitt\u00e4v\u00e4ll\u00e4 m\u00e4\u00e4r\u00e4ll\u00e4<br \/>\npuhdasta vett\u00e4 joka k\u00e4ytt\u00f6kerran j\u00e4lkeen.<\/p>\n<p>2. Letkut: K\u00e4yt\u00e4 ainoastaan laadukasta septiletkua ja k\u00e4yt\u00e4 riitt\u00e4v\u00e4\u00e4 vesim\u00e4\u00e4r\u00e4\u00e4 huuhteluun.<\/p>\n<p>3. Huuhtelu: Huuhteluun vaikuttaa my\u00f6s letkun halkaisija. VETUS WC-istuimissa voit k\u00e4ytt\u00e4\u00e4 my\u00f6s halkaisijaltaan pienemp\u00e4\u00e4 letkua<br \/>\n(25 ja 19 mm) jolloin huuhtelu tapahtuu kovemmalla paineella ja pienemm\u00e4ll\u00e4 vesim\u00e4\u00e4r\u00e4ll\u00e4.<\/p>\n<p>4. Septitankki: Tankin tulee olla kaasutiivis ja tarpeeksi paksu. My\u00f6s tiivisteet ja l\u00e4piviennit tulee olla laadukkaita hajun<br \/>\nv\u00e4ltt\u00e4miseksi. Tankki kannattaa kuitenkin huuhdella s\u00e4\u00e4nn\u00f6llisesti. Kaikki VETUS septitankit on ISO 8099 sertifioitu.<\/p>\n<p>5. Ilmanvaihto: Hyv\u00e4 tankin ilmanvaihto on edellytys hajuttomuudelle. K\u00e4yt\u00e4 v\u00e4hint\u00e4\u00e4n 19 mm:n huohotusletkua ja varmista ettei<br \/>\nse p\u00e4\u00e4se tukkeutumaan. Lis\u00e4ksi huohotinlinjaan on mahdollista asentaa hajusuodatin.<\/p>\n<p>&nbsp;<\/p>\n","protected":false},"excerpt":{"rendered":"<p>Septitankki WW60W 60 L<\/p>\n<p>WW<br \/>\nVoidaan tyhjent\u00e4\u00e4 ilman pumppua<br \/>\nWWW-sarjan tankit ovat sein\u00e4lle asennettavia. Saatavana noin 25, 60 ja 80 litran koossa. Materiaali sama kuin muissa VETUS<br \/>\nseptitankeissa. Nesteen taso n\u00e4ht\u00e4viss\u00e4 tankin ulkopuolelta. Tankit toimitetaan tarkistusluukulla ja liittimill\u00e4 valmiiksi asennettuna.<br \/>\nTankissa on valmiina reik\u00e4 tuloyhteelle (RT16, 19, 25 tai 38mm letkulle). Tuloyhde tilattava erikseen.<\/p>\n<p>Kaikilla tuotteilla normaalisti 4-7pv toimitusaika<\/p>\n","protected":false},"featured_media":8456,"comment_status":"open","ping_status":"closed","template":"","meta":{"jetpack_post_was_ever_published":false,"jetpack_publicize_message":"","jetpack_publicize_feature_enabled":true,"jetpack_social_post_already_shared":true,"jetpack_social_options":{"image_generator_settings":{"template":"highway","default_image_id":0,"font":"","enabled":false},"version":2}},"product_brand":[],"product_cat":[1063,142,1075,471,470],"product_tag":[938,98],"class_list":{"0":"post-8455","1":"product","2":"type-product","3":"status-publish","4":"has-post-thumbnail","6":"product_cat-vetus-septitankki-jatevesijarjestelma","7":"product_cat-vesi-ja-wc-jarjestelmat","8":"product_cat-veneen-septtitankki","9":"product_cat-vetus_septitankki_jatevesijarjestelma","10":"product_cat-vetus_vetus-venetarvikkeet_venetarvikeiden-maahantuonti-ja-myynti","11":"product_tag-septitankki","12":"product_tag-vetus","13":"brand-vetus","15":"first","16":"onbackorder","17":"taxable","18":"shipping-taxable","19":"purchasable","20":"product-type-simple"},"yoast_head":"<!-- This site is optimized with the Yoast SEO plugin v27.3 - https:\/\/yoast.com\/product\/yoast-seo-wordpress\/ -->\n<title>Septitankki 60 L - Veneakselisto.com - verkkokauppa<\/title>\n<meta name=\"description\" content=\"Septitankki 60 L . Vetus sein\u00e4\u00e4n asennettava septis\u00e4ili\u00f6. Venetarvikkeiden maahantuonti ja myynti-Veneakselisto.com\" \/>\n<meta name=\"robots\" content=\"index, follow, max-snippet:-1, max-image-preview:large, max-video-preview:-1\" \/>\n<link rel=\"canonical\" href=\"https:\/\/veneakselisto.com\/kauppa\/tuote\/septitankki-60-l\/\" \/>\n<meta property=\"og:locale\" content=\"fi_FI\" \/>\n<meta property=\"og:type\" content=\"article\" \/>\n<meta property=\"og:title\" content=\"Septitankki 60 L - Veneakselisto.com - verkkokauppa\" \/>\n<meta property=\"og:description\" content=\"Septitankki 60 L . Vetus sein\u00e4\u00e4n asennettava septis\u00e4ili\u00f6. Venetarvikkeiden maahantuonti ja myynti-Veneakselisto.com\" \/>\n<meta property=\"og:url\" content=\"https:\/\/veneakselisto.com\/kauppa\/tuote\/septitankki-60-l\/\" \/>\n<meta property=\"og:site_name\" content=\"Veneakselisto.com - verkkokauppa\" \/>\n<meta property=\"article:publisher\" content=\"https:\/\/www.facebook.com\/AlaMikkula\/\" \/>\n<meta property=\"article:modified_time\" content=\"2026-04-13T07:44:50+00:00\" \/>\n<meta property=\"og:image\" content=\"https:\/\/veneakselisto.com\/kauppa\/wp-content\/uploads\/2020\/10\/WW60W.jpg\" \/>\n\t<meta property=\"og:image:width\" content=\"500\" \/>\n\t<meta property=\"og:image:height\" content=\"500\" \/>\n\t<meta property=\"og:image:type\" content=\"image\/jpeg\" \/>\n<meta name=\"twitter:card\" content=\"summary_large_image\" \/>\n<meta name=\"twitter:label1\" content=\"Arvioitu lukuaika\" \/>\n\t<meta name=\"twitter:data1\" content=\"2 minuuttia\" \/>\n<script type=\"application\/ld+json\" class=\"yoast-schema-graph\">{\"@context\":\"https:\\\/\\\/schema.org\",\"@graph\":[{\"@type\":\"WebPage\",\"@id\":\"https:\\\/\\\/veneakselisto.com\\\/kauppa\\\/tuote\\\/septitankki-60-l\\\/\",\"url\":\"https:\\\/\\\/veneakselisto.com\\\/kauppa\\\/tuote\\\/septitankki-60-l\\\/\",\"name\":\"Septitankki 60 L - Veneakselisto.com - verkkokauppa\",\"isPartOf\":{\"@id\":\"https:\\\/\\\/veneakselisto.com\\\/kauppa\\\/#website\"},\"primaryImageOfPage\":{\"@id\":\"https:\\\/\\\/veneakselisto.com\\\/kauppa\\\/tuote\\\/septitankki-60-l\\\/#primaryimage\"},\"image\":{\"@id\":\"https:\\\/\\\/veneakselisto.com\\\/kauppa\\\/tuote\\\/septitankki-60-l\\\/#primaryimage\"},\"thumbnailUrl\":\"https:\\\/\\\/i0.wp.com\\\/veneakselisto.com\\\/kauppa\\\/wp-content\\\/uploads\\\/2020\\\/10\\\/WW60W.jpg?fit=500%2C500&ssl=1\",\"datePublished\":\"2020-10-02T08:31:03+00:00\",\"dateModified\":\"2026-04-13T07:44:50+00:00\",\"description\":\"Septitankki 60 L . Vetus sein\u00e4\u00e4n asennettava septis\u00e4ili\u00f6. Venetarvikkeiden maahantuonti ja myynti-Veneakselisto.com\",\"breadcrumb\":{\"@id\":\"https:\\\/\\\/veneakselisto.com\\\/kauppa\\\/tuote\\\/septitankki-60-l\\\/#breadcrumb\"},\"inLanguage\":\"fi\",\"potentialAction\":[{\"@type\":\"ReadAction\",\"target\":[\"https:\\\/\\\/veneakselisto.com\\\/kauppa\\\/tuote\\\/septitankki-60-l\\\/\"]}]},{\"@type\":\"ImageObject\",\"inLanguage\":\"fi\",\"@id\":\"https:\\\/\\\/veneakselisto.com\\\/kauppa\\\/tuote\\\/septitankki-60-l\\\/#primaryimage\",\"url\":\"https:\\\/\\\/i0.wp.com\\\/veneakselisto.com\\\/kauppa\\\/wp-content\\\/uploads\\\/2020\\\/10\\\/WW60W.jpg?fit=500%2C500&ssl=1\",\"contentUrl\":\"https:\\\/\\\/i0.wp.com\\\/veneakselisto.com\\\/kauppa\\\/wp-content\\\/uploads\\\/2020\\\/10\\\/WW60W.jpg?fit=500%2C500&ssl=1\",\"width\":500,\"height\":500,\"caption\":\"Septitankit ja tarvikkeet toimittaa venetarvikkeiden erikoisliike-veneakselisto.com\"},{\"@type\":\"BreadcrumbList\",\"@id\":\"https:\\\/\\\/veneakselisto.com\\\/kauppa\\\/tuote\\\/septitankki-60-l\\\/#breadcrumb\",\"itemListElement\":[{\"@type\":\"ListItem\",\"position\":1,\"name\":\"Etusivu\",\"item\":\"https:\\\/\\\/veneakselisto.com\\\/kauppa\\\/\"},{\"@type\":\"ListItem\",\"position\":2,\"name\":\"Kauppa\",\"item\":\"https:\\\/\\\/veneakselisto.com\\\/kauppa\\\/\"},{\"@type\":\"ListItem\",\"position\":3,\"name\":\"Septitankki WW60W 60 L\"}]},{\"@type\":\"WebSite\",\"@id\":\"https:\\\/\\\/veneakselisto.com\\\/kauppa\\\/#website\",\"url\":\"https:\\\/\\\/veneakselisto.com\\\/kauppa\\\/\",\"name\":\"Veneakselisto.com - verkkokauppa\",\"description\":\"Venetarvikkeiden maahantuonti ja myynti\",\"publisher\":{\"@id\":\"https:\\\/\\\/veneakselisto.com\\\/kauppa\\\/#organization\"},\"potentialAction\":[{\"@type\":\"SearchAction\",\"target\":{\"@type\":\"EntryPoint\",\"urlTemplate\":\"https:\\\/\\\/veneakselisto.com\\\/kauppa\\\/?s={search_term_string}\"},\"query-input\":{\"@type\":\"PropertyValueSpecification\",\"valueRequired\":true,\"valueName\":\"search_term_string\"}}],\"inLanguage\":\"fi\"},{\"@type\":\"Organization\",\"@id\":\"https:\\\/\\\/veneakselisto.com\\\/kauppa\\\/#organization\",\"name\":\"Veneakselisto.com verkkokauppa\",\"url\":\"https:\\\/\\\/veneakselisto.com\\\/kauppa\\\/\",\"logo\":{\"@type\":\"ImageObject\",\"inLanguage\":\"fi\",\"@id\":\"https:\\\/\\\/veneakselisto.com\\\/kauppa\\\/#\\\/schema\\\/logo\\\/image\\\/\",\"url\":\"https:\\\/\\\/i2.wp.com\\\/veneakselisto.com\\\/kauppa\\\/wp-content\\\/uploads\\\/2016\\\/06\\\/fb_icon.jpg?fit=327%2C327&ssl=1\",\"contentUrl\":\"https:\\\/\\\/i2.wp.com\\\/veneakselisto.com\\\/kauppa\\\/wp-content\\\/uploads\\\/2016\\\/06\\\/fb_icon.jpg?fit=327%2C327&ssl=1\",\"width\":327,\"height\":327,\"caption\":\"Veneakselisto.com verkkokauppa\"},\"image\":{\"@id\":\"https:\\\/\\\/veneakselisto.com\\\/kauppa\\\/#\\\/schema\\\/logo\\\/image\\\/\"},\"sameAs\":[\"https:\\\/\\\/www.facebook.com\\\/AlaMikkula\\\/\"]}]}<\/script>\n<!-- \/ Yoast SEO plugin. -->","yoast_head_json":{"title":"Septitankki 60 L - Veneakselisto.com - verkkokauppa","description":"Septitankki 60 L . Vetus sein\u00e4\u00e4n asennettava septis\u00e4ili\u00f6. Venetarvikkeiden maahantuonti ja myynti-Veneakselisto.com","robots":{"index":"index","follow":"follow","max-snippet":"max-snippet:-1","max-image-preview":"max-image-preview:large","max-video-preview":"max-video-preview:-1"},"canonical":"https:\/\/veneakselisto.com\/kauppa\/tuote\/septitankki-60-l\/","og_locale":"fi_FI","og_type":"article","og_title":"Septitankki 60 L - Veneakselisto.com - verkkokauppa","og_description":"Septitankki 60 L . Vetus sein\u00e4\u00e4n asennettava septis\u00e4ili\u00f6. Venetarvikkeiden maahantuonti ja myynti-Veneakselisto.com","og_url":"https:\/\/veneakselisto.com\/kauppa\/tuote\/septitankki-60-l\/","og_site_name":"Veneakselisto.com - verkkokauppa","article_publisher":"https:\/\/www.facebook.com\/AlaMikkula\/","article_modified_time":"2026-04-13T07:44:50+00:00","og_image":[{"width":500,"height":500,"url":"https:\/\/veneakselisto.com\/kauppa\/wp-content\/uploads\/2020\/10\/WW60W.jpg","type":"image\/jpeg"}],"twitter_card":"summary_large_image","twitter_misc":{"Arvioitu lukuaika":"2 minuuttia"},"schema":{"@context":"https:\/\/schema.org","@graph":[{"@type":"WebPage","@id":"https:\/\/veneakselisto.com\/kauppa\/tuote\/septitankki-60-l\/","url":"https:\/\/veneakselisto.com\/kauppa\/tuote\/septitankki-60-l\/","name":"Septitankki 60 L - Veneakselisto.com - verkkokauppa","isPartOf":{"@id":"https:\/\/veneakselisto.com\/kauppa\/#website"},"primaryImageOfPage":{"@id":"https:\/\/veneakselisto.com\/kauppa\/tuote\/septitankki-60-l\/#primaryimage"},"image":{"@id":"https:\/\/veneakselisto.com\/kauppa\/tuote\/septitankki-60-l\/#primaryimage"},"thumbnailUrl":"https:\/\/i0.wp.com\/veneakselisto.com\/kauppa\/wp-content\/uploads\/2020\/10\/WW60W.jpg?fit=500%2C500&ssl=1","datePublished":"2020-10-02T08:31:03+00:00","dateModified":"2026-04-13T07:44:50+00:00","description":"Septitankki 60 L . Vetus sein\u00e4\u00e4n asennettava septis\u00e4ili\u00f6. Venetarvikkeiden maahantuonti ja myynti-Veneakselisto.com","breadcrumb":{"@id":"https:\/\/veneakselisto.com\/kauppa\/tuote\/septitankki-60-l\/#breadcrumb"},"inLanguage":"fi","potentialAction":[{"@type":"ReadAction","target":["https:\/\/veneakselisto.com\/kauppa\/tuote\/septitankki-60-l\/"]}]},{"@type":"ImageObject","inLanguage":"fi","@id":"https:\/\/veneakselisto.com\/kauppa\/tuote\/septitankki-60-l\/#primaryimage","url":"https:\/\/i0.wp.com\/veneakselisto.com\/kauppa\/wp-content\/uploads\/2020\/10\/WW60W.jpg?fit=500%2C500&ssl=1","contentUrl":"https:\/\/i0.wp.com\/veneakselisto.com\/kauppa\/wp-content\/uploads\/2020\/10\/WW60W.jpg?fit=500%2C500&ssl=1","width":500,"height":500,"caption":"Septitankit ja tarvikkeet toimittaa venetarvikkeiden erikoisliike-veneakselisto.com"},{"@type":"BreadcrumbList","@id":"https:\/\/veneakselisto.com\/kauppa\/tuote\/septitankki-60-l\/#breadcrumb","itemListElement":[{"@type":"ListItem","position":1,"name":"Etusivu","item":"https:\/\/veneakselisto.com\/kauppa\/"},{"@type":"ListItem","position":2,"name":"Kauppa","item":"https:\/\/veneakselisto.com\/kauppa\/"},{"@type":"ListItem","position":3,"name":"Septitankki WW60W 60 L"}]},{"@type":"WebSite","@id":"https:\/\/veneakselisto.com\/kauppa\/#website","url":"https:\/\/veneakselisto.com\/kauppa\/","name":"Veneakselisto.com - verkkokauppa","description":"Venetarvikkeiden maahantuonti ja myynti","publisher":{"@id":"https:\/\/veneakselisto.com\/kauppa\/#organization"},"potentialAction":[{"@type":"SearchAction","target":{"@type":"EntryPoint","urlTemplate":"https:\/\/veneakselisto.com\/kauppa\/?s={search_term_string}"},"query-input":{"@type":"PropertyValueSpecification","valueRequired":true,"valueName":"search_term_string"}}],"inLanguage":"fi"},{"@type":"Organization","@id":"https:\/\/veneakselisto.com\/kauppa\/#organization","name":"Veneakselisto.com verkkokauppa","url":"https:\/\/veneakselisto.com\/kauppa\/","logo":{"@type":"ImageObject","inLanguage":"fi","@id":"https:\/\/veneakselisto.com\/kauppa\/#\/schema\/logo\/image\/","url":"https:\/\/i2.wp.com\/veneakselisto.com\/kauppa\/wp-content\/uploads\/2016\/06\/fb_icon.jpg?fit=327%2C327&ssl=1","contentUrl":"https:\/\/i2.wp.com\/veneakselisto.com\/kauppa\/wp-content\/uploads\/2016\/06\/fb_icon.jpg?fit=327%2C327&ssl=1","width":327,"height":327,"caption":"Veneakselisto.com verkkokauppa"},"image":{"@id":"https:\/\/veneakselisto.com\/kauppa\/#\/schema\/logo\/image\/"},"sameAs":["https:\/\/www.facebook.com\/AlaMikkula\/"]}]}},"jetpack_publicize_connections":[],"jetpack_sharing_enabled":true,"_links":{"self":[{"href":"https:\/\/veneakselisto.com\/kauppa\/wp-json\/wp\/v2\/product\/8455","targetHints":{"allow":["GET"]}}],"collection":[{"href":"https:\/\/veneakselisto.com\/kauppa\/wp-json\/wp\/v2\/product"}],"about":[{"href":"https:\/\/veneakselisto.com\/kauppa\/wp-json\/wp\/v2\/types\/product"}],"replies":[{"embeddable":true,"href":"https:\/\/veneakselisto.com\/kauppa\/wp-json\/wp\/v2\/comments?post=8455"}],"wp:featuredmedia":[{"embeddable":true,"href":"https:\/\/veneakselisto.com\/kauppa\/wp-json\/wp\/v2\/media\/8456"}],"wp:attachment":[{"href":"https:\/\/veneakselisto.com\/kauppa\/wp-json\/wp\/v2\/media?parent=8455"}],"wp:term":[{"taxonomy":"product_brand","embeddable":true,"href":"https:\/\/veneakselisto.com\/kauppa\/wp-json\/wp\/v2\/product_brand?post=8455"},{"taxonomy":"product_cat","embeddable":true,"href":"https:\/\/veneakselisto.com\/kauppa\/wp-json\/wp\/v2\/product_cat?post=8455"},{"taxonomy":"product_tag","embeddable":true,"href":"https:\/\/veneakselisto.com\/kauppa\/wp-json\/wp\/v2\/product_tag?post=8455"}],"curies":[{"name":"wp","href":"https:\/\/api.w.org\/{rel}","templated":true}]}}