{"id":8412,"date":"2020-09-23T15:25:38","date_gmt":"2020-09-23T12:25:38","guid":{"rendered":"https:\/\/veneakselisto.com\/kauppa\/?post_type=product&#038;p=8412"},"modified":"2026-02-05T08:14:48","modified_gmt":"2026-02-05T06:14:48","slug":"kaukohallintalaite-purjevene-malli","status":"publish","type":"product","link":"https:\/\/veneakselisto.com\/kauppa\/tuote\/kaukohallintalaite-purjevene-malli\/","title":{"rendered":"Kaukohallintalaite purjevene malli"},"content":{"rendered":"<p>Kaukohallintalaite purjevene malli<\/p>\n<p>sivu-upostus (&#8220;purjevene malli&#8221;)<\/p>\n<ul>\n<li>2-toimiset hallintalaitteet<\/li>\n<li>hallitset yhdell\u00e4 kahvalla sek\u00e4 kytkint\u00e4 ett\u00e4 kierroslukua<\/li>\n<li>helppok\u00e4ytt\u00f6isi\u00e4 ja siksi hyvin suosittuja<\/li>\n<li>ei voida kytke\u00e4 sarjaan<\/li>\n<li>sivu upotus purjevenemalli<\/li>\n<\/ul>\n","protected":false},"excerpt":{"rendered":"<p><strong>Kaukohallintalaite purjevene malli<\/strong><\/p>\n<p>Teleflex TEL172103<\/p>\n<p>Kaikilla tuotteille 1-5 p\u00e4iv\u00e4n toimitusaika normaalisti<\/p>\n","protected":false},"featured_media":3903,"comment_status":"open","ping_status":"closed","template":"","meta":{"jetpack_post_was_ever_published":false,"jetpack_publicize_message":"","jetpack_publicize_feature_enabled":true,"jetpack_social_post_already_shared":true,"jetpack_social_options":{"image_generator_settings":{"template":"highway","default_image_id":0,"font":"","enabled":false},"version":2}},"product_brand":[],"product_cat":[498],"product_tag":[486,968,489,488,487,98],"class_list":{"0":"post-8412","1":"product","2":"type-product","3":"status-publish","4":"has-post-thumbnail","6":"product_cat-kaukosaatolaite_kaukohallintalaite_teleflex_morse","7":"product_tag-kaukohallintalaite","8":"product_tag-kaukosaatolaite","9":"product_tag-morse","10":"product_tag-teleflex","11":"product_tag-veneen-ohjaus","12":"product_tag-vetus","14":"first","15":"instock","16":"sale","17":"taxable","18":"shipping-taxable","19":"purchasable","20":"product-type-simple"},"yoast_head":"<!-- This site is optimized with the Yoast SEO plugin v27.3 - https:\/\/yoast.com\/product\/yoast-seo-wordpress\/ -->\n<title>Kaukohallintalaite purjevene malli-Veneeseen-kaukos\u00e4\u00e4t\u00f6laite-Teleflex<\/title>\n<meta name=\"description\" content=\"Kaukohallintalaite purjevene malli. Laadukkaita Vetus ja Teleflex kaukos\u00e4\u00e4t\u00f6laitteita saa muovi, haponkest\u00e4v\u00e4ll\u00e4 tai alumini kuorella. veneakselisto.com\" \/>\n<meta name=\"robots\" content=\"index, follow, max-snippet:-1, max-image-preview:large, max-video-preview:-1\" \/>\n<link rel=\"canonical\" href=\"https:\/\/veneakselisto.com\/kauppa\/tuote\/kaukohallintalaite-purjevene-malli\/\" \/>\n<meta property=\"og:locale\" content=\"fi_FI\" \/>\n<meta property=\"og:type\" content=\"article\" \/>\n<meta property=\"og:title\" content=\"Kaukohallintalaite purjevene malli-Veneeseen-kaukos\u00e4\u00e4t\u00f6laite-Teleflex\" \/>\n<meta property=\"og:description\" content=\"Kaukohallintalaite purjevene malli. Laadukkaita Vetus ja Teleflex kaukos\u00e4\u00e4t\u00f6laitteita saa muovi, haponkest\u00e4v\u00e4ll\u00e4 tai alumini kuorella. veneakselisto.com\" \/>\n<meta property=\"og:url\" content=\"https:\/\/veneakselisto.com\/kauppa\/tuote\/kaukohallintalaite-purjevene-malli\/\" \/>\n<meta property=\"og:site_name\" content=\"Veneakselisto.com - verkkokauppa\" \/>\n<meta property=\"article:publisher\" content=\"https:\/\/www.facebook.com\/AlaMikkula\/\" \/>\n<meta property=\"article:modified_time\" content=\"2026-02-05T06:14:48+00:00\" \/>\n<meta property=\"og:image\" content=\"https:\/\/veneakselisto.com\/kauppa\/wp-content\/uploads\/2019\/01\/TEL172103.jpg\" \/>\n\t<meta property=\"og:image:width\" content=\"700\" \/>\n\t<meta property=\"og:image:height\" content=\"700\" \/>\n\t<meta property=\"og:image:type\" content=\"image\/jpeg\" \/>\n<meta name=\"twitter:card\" content=\"summary_large_image\" \/>\n<meta name=\"twitter:label1\" content=\"Arvioitu lukuaika\" \/>\n\t<meta name=\"twitter:data1\" content=\"1 minuutti\" \/>\n<script type=\"application\/ld+json\" class=\"yoast-schema-graph\">{\"@context\":\"https:\\\/\\\/schema.org\",\"@graph\":[{\"@type\":\"WebPage\",\"@id\":\"https:\\\/\\\/veneakselisto.com\\\/kauppa\\\/tuote\\\/kaukohallintalaite-purjevene-malli\\\/\",\"url\":\"https:\\\/\\\/veneakselisto.com\\\/kauppa\\\/tuote\\\/kaukohallintalaite-purjevene-malli\\\/\",\"name\":\"Kaukohallintalaite purjevene malli-Veneeseen-kaukos\u00e4\u00e4t\u00f6laite-Teleflex\",\"isPartOf\":{\"@id\":\"https:\\\/\\\/veneakselisto.com\\\/kauppa\\\/#website\"},\"primaryImageOfPage\":{\"@id\":\"https:\\\/\\\/veneakselisto.com\\\/kauppa\\\/tuote\\\/kaukohallintalaite-purjevene-malli\\\/#primaryimage\"},\"image\":{\"@id\":\"https:\\\/\\\/veneakselisto.com\\\/kauppa\\\/tuote\\\/kaukohallintalaite-purjevene-malli\\\/#primaryimage\"},\"thumbnailUrl\":\"https:\\\/\\\/i0.wp.com\\\/veneakselisto.com\\\/kauppa\\\/wp-content\\\/uploads\\\/2019\\\/01\\\/TEL172103.jpg?fit=700%2C700&ssl=1\",\"datePublished\":\"2020-09-23T12:25:38+00:00\",\"dateModified\":\"2026-02-05T06:14:48+00:00\",\"description\":\"Kaukohallintalaite purjevene malli. Laadukkaita Vetus ja Teleflex kaukos\u00e4\u00e4t\u00f6laitteita saa muovi, haponkest\u00e4v\u00e4ll\u00e4 tai alumini kuorella. veneakselisto.com\",\"breadcrumb\":{\"@id\":\"https:\\\/\\\/veneakselisto.com\\\/kauppa\\\/tuote\\\/kaukohallintalaite-purjevene-malli\\\/#breadcrumb\"},\"inLanguage\":\"fi\",\"potentialAction\":[{\"@type\":\"ReadAction\",\"target\":[\"https:\\\/\\\/veneakselisto.com\\\/kauppa\\\/tuote\\\/kaukohallintalaite-purjevene-malli\\\/\"]}]},{\"@type\":\"ImageObject\",\"inLanguage\":\"fi\",\"@id\":\"https:\\\/\\\/veneakselisto.com\\\/kauppa\\\/tuote\\\/kaukohallintalaite-purjevene-malli\\\/#primaryimage\",\"url\":\"https:\\\/\\\/i0.wp.com\\\/veneakselisto.com\\\/kauppa\\\/wp-content\\\/uploads\\\/2019\\\/01\\\/TEL172103.jpg?fit=700%2C700&ssl=1\",\"contentUrl\":\"https:\\\/\\\/i0.wp.com\\\/veneakselisto.com\\\/kauppa\\\/wp-content\\\/uploads\\\/2019\\\/01\\\/TEL172103.jpg?fit=700%2C700&ssl=1\",\"width\":700,\"height\":700,\"caption\":\"Purjeveneen kaukos\u00e4\u00e4t\u00f6laite. \u201dse laadukkaiden venetarvikkeiden edullinen verkkokauppa\u201d\"},{\"@type\":\"BreadcrumbList\",\"@id\":\"https:\\\/\\\/veneakselisto.com\\\/kauppa\\\/tuote\\\/kaukohallintalaite-purjevene-malli\\\/#breadcrumb\",\"itemListElement\":[{\"@type\":\"ListItem\",\"position\":1,\"name\":\"Etusivu\",\"item\":\"https:\\\/\\\/veneakselisto.com\\\/kauppa\\\/\"},{\"@type\":\"ListItem\",\"position\":2,\"name\":\"Kauppa\",\"item\":\"https:\\\/\\\/veneakselisto.com\\\/kauppa\\\/\"},{\"@type\":\"ListItem\",\"position\":3,\"name\":\"Kaukohallintalaite purjevene malli\"}]},{\"@type\":\"WebSite\",\"@id\":\"https:\\\/\\\/veneakselisto.com\\\/kauppa\\\/#website\",\"url\":\"https:\\\/\\\/veneakselisto.com\\\/kauppa\\\/\",\"name\":\"Veneakselisto.com - verkkokauppa\",\"description\":\"Venetarvikkeiden maahantuonti ja myynti\",\"publisher\":{\"@id\":\"https:\\\/\\\/veneakselisto.com\\\/kauppa\\\/#organization\"},\"potentialAction\":[{\"@type\":\"SearchAction\",\"target\":{\"@type\":\"EntryPoint\",\"urlTemplate\":\"https:\\\/\\\/veneakselisto.com\\\/kauppa\\\/?s={search_term_string}\"},\"query-input\":{\"@type\":\"PropertyValueSpecification\",\"valueRequired\":true,\"valueName\":\"search_term_string\"}}],\"inLanguage\":\"fi\"},{\"@type\":\"Organization\",\"@id\":\"https:\\\/\\\/veneakselisto.com\\\/kauppa\\\/#organization\",\"name\":\"Veneakselisto.com verkkokauppa\",\"url\":\"https:\\\/\\\/veneakselisto.com\\\/kauppa\\\/\",\"logo\":{\"@type\":\"ImageObject\",\"inLanguage\":\"fi\",\"@id\":\"https:\\\/\\\/veneakselisto.com\\\/kauppa\\\/#\\\/schema\\\/logo\\\/image\\\/\",\"url\":\"https:\\\/\\\/i2.wp.com\\\/veneakselisto.com\\\/kauppa\\\/wp-content\\\/uploads\\\/2016\\\/06\\\/fb_icon.jpg?fit=327%2C327&ssl=1\",\"contentUrl\":\"https:\\\/\\\/i2.wp.com\\\/veneakselisto.com\\\/kauppa\\\/wp-content\\\/uploads\\\/2016\\\/06\\\/fb_icon.jpg?fit=327%2C327&ssl=1\",\"width\":327,\"height\":327,\"caption\":\"Veneakselisto.com verkkokauppa\"},\"image\":{\"@id\":\"https:\\\/\\\/veneakselisto.com\\\/kauppa\\\/#\\\/schema\\\/logo\\\/image\\\/\"},\"sameAs\":[\"https:\\\/\\\/www.facebook.com\\\/AlaMikkula\\\/\"]}]}<\/script>\n<!-- \/ Yoast SEO plugin. -->","yoast_head_json":{"title":"Kaukohallintalaite purjevene malli-Veneeseen-kaukos\u00e4\u00e4t\u00f6laite-Teleflex","description":"Kaukohallintalaite purjevene malli. Laadukkaita Vetus ja Teleflex kaukos\u00e4\u00e4t\u00f6laitteita saa muovi, haponkest\u00e4v\u00e4ll\u00e4 tai alumini kuorella. veneakselisto.com","robots":{"index":"index","follow":"follow","max-snippet":"max-snippet:-1","max-image-preview":"max-image-preview:large","max-video-preview":"max-video-preview:-1"},"canonical":"https:\/\/veneakselisto.com\/kauppa\/tuote\/kaukohallintalaite-purjevene-malli\/","og_locale":"fi_FI","og_type":"article","og_title":"Kaukohallintalaite purjevene malli-Veneeseen-kaukos\u00e4\u00e4t\u00f6laite-Teleflex","og_description":"Kaukohallintalaite purjevene malli. Laadukkaita Vetus ja Teleflex kaukos\u00e4\u00e4t\u00f6laitteita saa muovi, haponkest\u00e4v\u00e4ll\u00e4 tai alumini kuorella. veneakselisto.com","og_url":"https:\/\/veneakselisto.com\/kauppa\/tuote\/kaukohallintalaite-purjevene-malli\/","og_site_name":"Veneakselisto.com - verkkokauppa","article_publisher":"https:\/\/www.facebook.com\/AlaMikkula\/","article_modified_time":"2026-02-05T06:14:48+00:00","og_image":[{"width":700,"height":700,"url":"https:\/\/veneakselisto.com\/kauppa\/wp-content\/uploads\/2019\/01\/TEL172103.jpg","type":"image\/jpeg"}],"twitter_card":"summary_large_image","twitter_misc":{"Arvioitu lukuaika":"1 minuutti"},"schema":{"@context":"https:\/\/schema.org","@graph":[{"@type":"WebPage","@id":"https:\/\/veneakselisto.com\/kauppa\/tuote\/kaukohallintalaite-purjevene-malli\/","url":"https:\/\/veneakselisto.com\/kauppa\/tuote\/kaukohallintalaite-purjevene-malli\/","name":"Kaukohallintalaite purjevene malli-Veneeseen-kaukos\u00e4\u00e4t\u00f6laite-Teleflex","isPartOf":{"@id":"https:\/\/veneakselisto.com\/kauppa\/#website"},"primaryImageOfPage":{"@id":"https:\/\/veneakselisto.com\/kauppa\/tuote\/kaukohallintalaite-purjevene-malli\/#primaryimage"},"image":{"@id":"https:\/\/veneakselisto.com\/kauppa\/tuote\/kaukohallintalaite-purjevene-malli\/#primaryimage"},"thumbnailUrl":"https:\/\/i0.wp.com\/veneakselisto.com\/kauppa\/wp-content\/uploads\/2019\/01\/TEL172103.jpg?fit=700%2C700&ssl=1","datePublished":"2020-09-23T12:25:38+00:00","dateModified":"2026-02-05T06:14:48+00:00","description":"Kaukohallintalaite purjevene malli. Laadukkaita Vetus ja Teleflex kaukos\u00e4\u00e4t\u00f6laitteita saa muovi, haponkest\u00e4v\u00e4ll\u00e4 tai alumini kuorella. veneakselisto.com","breadcrumb":{"@id":"https:\/\/veneakselisto.com\/kauppa\/tuote\/kaukohallintalaite-purjevene-malli\/#breadcrumb"},"inLanguage":"fi","potentialAction":[{"@type":"ReadAction","target":["https:\/\/veneakselisto.com\/kauppa\/tuote\/kaukohallintalaite-purjevene-malli\/"]}]},{"@type":"ImageObject","inLanguage":"fi","@id":"https:\/\/veneakselisto.com\/kauppa\/tuote\/kaukohallintalaite-purjevene-malli\/#primaryimage","url":"https:\/\/i0.wp.com\/veneakselisto.com\/kauppa\/wp-content\/uploads\/2019\/01\/TEL172103.jpg?fit=700%2C700&ssl=1","contentUrl":"https:\/\/i0.wp.com\/veneakselisto.com\/kauppa\/wp-content\/uploads\/2019\/01\/TEL172103.jpg?fit=700%2C700&ssl=1","width":700,"height":700,"caption":"Purjeveneen kaukos\u00e4\u00e4t\u00f6laite. \u201dse laadukkaiden venetarvikkeiden edullinen verkkokauppa\u201d"},{"@type":"BreadcrumbList","@id":"https:\/\/veneakselisto.com\/kauppa\/tuote\/kaukohallintalaite-purjevene-malli\/#breadcrumb","itemListElement":[{"@type":"ListItem","position":1,"name":"Etusivu","item":"https:\/\/veneakselisto.com\/kauppa\/"},{"@type":"ListItem","position":2,"name":"Kauppa","item":"https:\/\/veneakselisto.com\/kauppa\/"},{"@type":"ListItem","position":3,"name":"Kaukohallintalaite purjevene malli"}]},{"@type":"WebSite","@id":"https:\/\/veneakselisto.com\/kauppa\/#website","url":"https:\/\/veneakselisto.com\/kauppa\/","name":"Veneakselisto.com - verkkokauppa","description":"Venetarvikkeiden maahantuonti ja myynti","publisher":{"@id":"https:\/\/veneakselisto.com\/kauppa\/#organization"},"potentialAction":[{"@type":"SearchAction","target":{"@type":"EntryPoint","urlTemplate":"https:\/\/veneakselisto.com\/kauppa\/?s={search_term_string}"},"query-input":{"@type":"PropertyValueSpecification","valueRequired":true,"valueName":"search_term_string"}}],"inLanguage":"fi"},{"@type":"Organization","@id":"https:\/\/veneakselisto.com\/kauppa\/#organization","name":"Veneakselisto.com verkkokauppa","url":"https:\/\/veneakselisto.com\/kauppa\/","logo":{"@type":"ImageObject","inLanguage":"fi","@id":"https:\/\/veneakselisto.com\/kauppa\/#\/schema\/logo\/image\/","url":"https:\/\/i2.wp.com\/veneakselisto.com\/kauppa\/wp-content\/uploads\/2016\/06\/fb_icon.jpg?fit=327%2C327&ssl=1","contentUrl":"https:\/\/i2.wp.com\/veneakselisto.com\/kauppa\/wp-content\/uploads\/2016\/06\/fb_icon.jpg?fit=327%2C327&ssl=1","width":327,"height":327,"caption":"Veneakselisto.com verkkokauppa"},"image":{"@id":"https:\/\/veneakselisto.com\/kauppa\/#\/schema\/logo\/image\/"},"sameAs":["https:\/\/www.facebook.com\/AlaMikkula\/"]}]}},"jetpack_publicize_connections":[],"jetpack_sharing_enabled":true,"_links":{"self":[{"href":"https:\/\/veneakselisto.com\/kauppa\/wp-json\/wp\/v2\/product\/8412","targetHints":{"allow":["GET"]}}],"collection":[{"href":"https:\/\/veneakselisto.com\/kauppa\/wp-json\/wp\/v2\/product"}],"about":[{"href":"https:\/\/veneakselisto.com\/kauppa\/wp-json\/wp\/v2\/types\/product"}],"replies":[{"embeddable":true,"href":"https:\/\/veneakselisto.com\/kauppa\/wp-json\/wp\/v2\/comments?post=8412"}],"wp:featuredmedia":[{"embeddable":true,"href":"https:\/\/veneakselisto.com\/kauppa\/wp-json\/wp\/v2\/media\/3903"}],"wp:attachment":[{"href":"https:\/\/veneakselisto.com\/kauppa\/wp-json\/wp\/v2\/media?parent=8412"}],"wp:term":[{"taxonomy":"product_brand","embeddable":true,"href":"https:\/\/veneakselisto.com\/kauppa\/wp-json\/wp\/v2\/product_brand?post=8412"},{"taxonomy":"product_cat","embeddable":true,"href":"https:\/\/veneakselisto.com\/kauppa\/wp-json\/wp\/v2\/product_cat?post=8412"},{"taxonomy":"product_tag","embeddable":true,"href":"https:\/\/veneakselisto.com\/kauppa\/wp-json\/wp\/v2\/product_tag?post=8412"}],"curies":[{"name":"wp","href":"https:\/\/api.w.org\/{rel}","templated":true}]}}