{"id":7345,"date":"2020-03-05T12:55:44","date_gmt":"2020-03-05T10:55:44","guid":{"rendered":"https:\/\/veneakselisto.com\/kauppa\/?post_type=product&#038;p=7345"},"modified":"2024-08-31T23:26:59","modified_gmt":"2024-08-31T20:26:59","slug":"pilot-veneistuin-mustavalkoinen","status":"publish","type":"product","link":"https:\/\/veneakselisto.com\/kauppa\/tuote\/pilot-veneistuin-mustavalkoinen\/","title":{"rendered":"Pilot veneistuin mustavalkoinen"},"content":{"rendered":"<p>Pilot veneistuin mustavalkoinen<\/p>\n<p>Valmistaja Vetus<\/p>\n<p>Urheilullinen istuin jossa hyv\u00e4 sivuttaistuki.<br \/>\nYl\u00f6snostettava istuimen etuosa (flip-up).<\/p>\n<p>Toimitetaan ilman jalkaa. Sopii liukutoiminnolla (R)<br \/>\nvarustettuihin jalkoihin. Istuimeen sopivat istuinsuojat<br \/>\nCCDS ja CCSB suojaavat lialta ja UV-s\u00e4teilylt\u00e4.<\/p>\n<p>D1\u00a0\u00a0\u00a0\u00a0\u00a0 D2\u00a0\u00a0\u00a0 H1\u00a0\u00a0\u00a0\u00a0 H2\u00a0\u00a0\u00a0\u00a0 W1\u00a0\u00a0\u00a0 W2\u00a0\u00a0\u00a0 \u00d8T\u00a0\u00a0\u00a0\u00a0 Reik\u00e4kuvio\u00a0\u00a0 Paino (kg)<br \/>\n670\u00a0\u00a0\u00a0 475\u00a0\u00a0 600 \u00a0 510\u00a0\u00a0 500\u00a0\u00a0 403\u00a0\u00a0 720 \u00a0 \u00a0 \u00a0 \u00a0 R\u00a0\u00a0\u00a0\u00a0\u00a0\u00a0\u00a0\u00a0\u00a0\u00a0\u00a0\u00a0\u00a0\u00a0 \u00a0\u00a0 8,7<\/p>\n<p>V-Quipment &#8211; laadukkaat t\u00e4ydent\u00e4v\u00e4t tuotteet<br \/>\nVETUS V-Quipment tuoterym\u00e4 sis\u00e4lt\u00e4\u00e4 tuotteita jotka t\u00e4ydent\u00e4v\u00e4t Vetuksen omia j\u00e4rjestelmi\u00e4. Tuotteet<br \/>\non on huolellisesti valittu ja testattu omien laatuvaatimustemme mukaisesti. Siksi my\u00f6nn\u00e4mmekin saman<br \/>\nainutlaatuisen kolmen vuoden takuun V-Quipment-tuotteille kuten muillekin Vetus-tarvikkeille.<br \/>\nV-Quipment-tuotteet on jaettu useampaan ryhm\u00e4\u00e4n joita ovat mukavuus, kansihelat, helat, pumput,<br \/>\nper\u00e4moottori, materiaalit, voiteluaineet sek\u00e4 saranat ja lukot.<\/p>\n<p>Vetus Veneistuimet<br \/>\nKaikki t\u00e4m\u00e4n tuotesarjan istuimet ovat p\u00e4\u00e4llystetty huoltovapaalla, UV-suojatulla ja vett\u00e4hylkiv\u00e4ll\u00e4 keinonahalla (vinyyli) joka sopii erinomaisesti venek\u00e4ytt\u00f6\u00f6n. Nyt istuimissa k\u00e4ytetty\u00e4 keinonahkaa voi my\u00f6s tilata 5m rullissa t\u00e4ydent\u00e4m\u00e4\u00e4n veneen muuta sisustusta ja n\u00e4in saavuttamaan yhten\u00e4isen ilmeen koko veneen sisustukselle.<\/p>\n<p>Kaikki Vetus veneistuimet toimitetaan tehdastoimituksena!<\/p>\n<p>&nbsp;<\/p>\n","protected":false},"excerpt":{"rendered":"<p>Pilot veneistuin mustavalkoinen. Valmistaja VETUS<\/p>\n<p>Urheilullinen istuin jossa hyv\u00e4 sivuttaistuki.<br \/>\nYl\u00f6snostettava istuimen etuosa (flip-up).<\/p>\n<p>Toimitetaan ilman jalkaa. Sopii liukutoiminnolla (R)<br \/>\nvarustettuihin jalkoihin. Istuimeen sopivat istuinsuojat<br \/>\nCCDS ja CCSB suojaavat lialta ja UV-s\u00e4teilylt\u00e4.<\/p>\n<p>Tehdastoimitus. Toimitusaika normaalisti 2-7pv<\/p>\n","protected":false},"featured_media":7346,"comment_status":"open","ping_status":"closed","template":"","meta":{"jetpack_post_was_ever_published":false,"jetpack_publicize_message":"","jetpack_publicize_feature_enabled":true,"jetpack_social_post_already_shared":true,"jetpack_social_options":{"image_generator_settings":{"template":"highway","default_image_id":0,"font":"","enabled":false},"version":2}},"product_brand":[],"product_cat":[1030,1023,1025,470],"product_tag":[1026,98],"class_list":{"0":"post-7345","1":"product","2":"type-product","3":"status-publish","4":"has-post-thumbnail","6":"product_cat-veneistuimet-vetus","7":"product_cat-veneen-istuin","8":"product_cat-vetus-veneistuin","9":"product_cat-vetus_vetus-venetarvikkeet_venetarvikeiden-maahantuonti-ja-myynti","10":"product_tag-veneistuin","11":"product_tag-vetus","12":"brand-vetus","14":"first","15":"instock","16":"sale","17":"taxable","18":"shipping-taxable","19":"purchasable","20":"product-type-simple"},"yoast_head":"<!-- This site is optimized with the Yoast SEO plugin v27.3 - https:\/\/yoast.com\/product\/yoast-seo-wordpress\/ -->\n<title>Pilot veneistuin mustavalkoinen - Veneakselisto.com - verkkokauppa<\/title>\n<meta name=\"description\" content=\"Pilot veneistuin mustavalkoinen. Valmistaja Vetus. Veneistuimet toimittaa venetarvikkeiden erikoiliike. Veneakselisto.com-verkkokauppa\" \/>\n<meta name=\"robots\" content=\"index, follow, max-snippet:-1, max-image-preview:large, max-video-preview:-1\" \/>\n<link rel=\"canonical\" href=\"https:\/\/veneakselisto.com\/kauppa\/tuote\/pilot-veneistuin-mustavalkoinen\/\" \/>\n<meta property=\"og:locale\" content=\"fi_FI\" \/>\n<meta property=\"og:type\" content=\"article\" \/>\n<meta property=\"og:title\" content=\"Pilot veneistuin mustavalkoinen - Veneakselisto.com - verkkokauppa\" \/>\n<meta property=\"og:description\" content=\"Pilot veneistuin mustavalkoinen. Valmistaja Vetus. Veneistuimet toimittaa venetarvikkeiden erikoiliike. Veneakselisto.com-verkkokauppa\" \/>\n<meta property=\"og:url\" content=\"https:\/\/veneakselisto.com\/kauppa\/tuote\/pilot-veneistuin-mustavalkoinen\/\" \/>\n<meta property=\"og:site_name\" content=\"Veneakselisto.com - verkkokauppa\" \/>\n<meta property=\"article:publisher\" content=\"https:\/\/www.facebook.com\/AlaMikkula\/\" \/>\n<meta property=\"article:modified_time\" content=\"2024-08-31T20:26:59+00:00\" \/>\n<meta property=\"og:image\" content=\"https:\/\/veneakselisto.com\/kauppa\/wp-content\/uploads\/2020\/03\/CHSPORTWB.jpg\" \/>\n\t<meta property=\"og:image:width\" content=\"500\" \/>\n\t<meta property=\"og:image:height\" content=\"500\" \/>\n\t<meta property=\"og:image:type\" content=\"image\/jpeg\" \/>\n<meta name=\"twitter:card\" content=\"summary_large_image\" \/>\n<meta name=\"twitter:label1\" content=\"Arvioitu lukuaika\" \/>\n\t<meta name=\"twitter:data1\" content=\"1 minuutti\" \/>\n<script type=\"application\/ld+json\" class=\"yoast-schema-graph\">{\"@context\":\"https:\\\/\\\/schema.org\",\"@graph\":[{\"@type\":\"WebPage\",\"@id\":\"https:\\\/\\\/veneakselisto.com\\\/kauppa\\\/tuote\\\/pilot-veneistuin-mustavalkoinen\\\/\",\"url\":\"https:\\\/\\\/veneakselisto.com\\\/kauppa\\\/tuote\\\/pilot-veneistuin-mustavalkoinen\\\/\",\"name\":\"Pilot veneistuin mustavalkoinen - Veneakselisto.com - verkkokauppa\",\"isPartOf\":{\"@id\":\"https:\\\/\\\/veneakselisto.com\\\/kauppa\\\/#website\"},\"primaryImageOfPage\":{\"@id\":\"https:\\\/\\\/veneakselisto.com\\\/kauppa\\\/tuote\\\/pilot-veneistuin-mustavalkoinen\\\/#primaryimage\"},\"image\":{\"@id\":\"https:\\\/\\\/veneakselisto.com\\\/kauppa\\\/tuote\\\/pilot-veneistuin-mustavalkoinen\\\/#primaryimage\"},\"thumbnailUrl\":\"https:\\\/\\\/i0.wp.com\\\/veneakselisto.com\\\/kauppa\\\/wp-content\\\/uploads\\\/2020\\\/03\\\/CHSPORTWB.jpg?fit=500%2C500&ssl=1\",\"datePublished\":\"2020-03-05T10:55:44+00:00\",\"dateModified\":\"2024-08-31T20:26:59+00:00\",\"description\":\"Pilot veneistuin mustavalkoinen. Valmistaja Vetus. Veneistuimet toimittaa venetarvikkeiden erikoiliike. Veneakselisto.com-verkkokauppa\",\"breadcrumb\":{\"@id\":\"https:\\\/\\\/veneakselisto.com\\\/kauppa\\\/tuote\\\/pilot-veneistuin-mustavalkoinen\\\/#breadcrumb\"},\"inLanguage\":\"fi\",\"potentialAction\":[{\"@type\":\"ReadAction\",\"target\":[\"https:\\\/\\\/veneakselisto.com\\\/kauppa\\\/tuote\\\/pilot-veneistuin-mustavalkoinen\\\/\"]}]},{\"@type\":\"ImageObject\",\"inLanguage\":\"fi\",\"@id\":\"https:\\\/\\\/veneakselisto.com\\\/kauppa\\\/tuote\\\/pilot-veneistuin-mustavalkoinen\\\/#primaryimage\",\"url\":\"https:\\\/\\\/i0.wp.com\\\/veneakselisto.com\\\/kauppa\\\/wp-content\\\/uploads\\\/2020\\\/03\\\/CHSPORTWB.jpg?fit=500%2C500&ssl=1\",\"contentUrl\":\"https:\\\/\\\/i0.wp.com\\\/veneakselisto.com\\\/kauppa\\\/wp-content\\\/uploads\\\/2020\\\/03\\\/CHSPORTWB.jpg?fit=500%2C500&ssl=1\",\"width\":500,\"height\":500,\"caption\":\"Veneistuin Vetus-Venetarvikkeiden erikoisliike-Venevaraosat.fi\"},{\"@type\":\"BreadcrumbList\",\"@id\":\"https:\\\/\\\/veneakselisto.com\\\/kauppa\\\/tuote\\\/pilot-veneistuin-mustavalkoinen\\\/#breadcrumb\",\"itemListElement\":[{\"@type\":\"ListItem\",\"position\":1,\"name\":\"Etusivu\",\"item\":\"https:\\\/\\\/veneakselisto.com\\\/kauppa\\\/\"},{\"@type\":\"ListItem\",\"position\":2,\"name\":\"Kauppa\",\"item\":\"https:\\\/\\\/veneakselisto.com\\\/kauppa\\\/\"},{\"@type\":\"ListItem\",\"position\":3,\"name\":\"Pilot veneistuin mustavalkoinen\"}]},{\"@type\":\"WebSite\",\"@id\":\"https:\\\/\\\/veneakselisto.com\\\/kauppa\\\/#website\",\"url\":\"https:\\\/\\\/veneakselisto.com\\\/kauppa\\\/\",\"name\":\"Veneakselisto.com - verkkokauppa\",\"description\":\"Venetarvikkeiden maahantuonti ja myynti\",\"publisher\":{\"@id\":\"https:\\\/\\\/veneakselisto.com\\\/kauppa\\\/#organization\"},\"potentialAction\":[{\"@type\":\"SearchAction\",\"target\":{\"@type\":\"EntryPoint\",\"urlTemplate\":\"https:\\\/\\\/veneakselisto.com\\\/kauppa\\\/?s={search_term_string}\"},\"query-input\":{\"@type\":\"PropertyValueSpecification\",\"valueRequired\":true,\"valueName\":\"search_term_string\"}}],\"inLanguage\":\"fi\"},{\"@type\":\"Organization\",\"@id\":\"https:\\\/\\\/veneakselisto.com\\\/kauppa\\\/#organization\",\"name\":\"Veneakselisto.com verkkokauppa\",\"url\":\"https:\\\/\\\/veneakselisto.com\\\/kauppa\\\/\",\"logo\":{\"@type\":\"ImageObject\",\"inLanguage\":\"fi\",\"@id\":\"https:\\\/\\\/veneakselisto.com\\\/kauppa\\\/#\\\/schema\\\/logo\\\/image\\\/\",\"url\":\"https:\\\/\\\/i2.wp.com\\\/veneakselisto.com\\\/kauppa\\\/wp-content\\\/uploads\\\/2016\\\/06\\\/fb_icon.jpg?fit=327%2C327&ssl=1\",\"contentUrl\":\"https:\\\/\\\/i2.wp.com\\\/veneakselisto.com\\\/kauppa\\\/wp-content\\\/uploads\\\/2016\\\/06\\\/fb_icon.jpg?fit=327%2C327&ssl=1\",\"width\":327,\"height\":327,\"caption\":\"Veneakselisto.com verkkokauppa\"},\"image\":{\"@id\":\"https:\\\/\\\/veneakselisto.com\\\/kauppa\\\/#\\\/schema\\\/logo\\\/image\\\/\"},\"sameAs\":[\"https:\\\/\\\/www.facebook.com\\\/AlaMikkula\\\/\"]}]}<\/script>\n<!-- \/ Yoast SEO plugin. -->","yoast_head_json":{"title":"Pilot veneistuin mustavalkoinen - Veneakselisto.com - verkkokauppa","description":"Pilot veneistuin mustavalkoinen. Valmistaja Vetus. Veneistuimet toimittaa venetarvikkeiden erikoiliike. Veneakselisto.com-verkkokauppa","robots":{"index":"index","follow":"follow","max-snippet":"max-snippet:-1","max-image-preview":"max-image-preview:large","max-video-preview":"max-video-preview:-1"},"canonical":"https:\/\/veneakselisto.com\/kauppa\/tuote\/pilot-veneistuin-mustavalkoinen\/","og_locale":"fi_FI","og_type":"article","og_title":"Pilot veneistuin mustavalkoinen - Veneakselisto.com - verkkokauppa","og_description":"Pilot veneistuin mustavalkoinen. Valmistaja Vetus. Veneistuimet toimittaa venetarvikkeiden erikoiliike. Veneakselisto.com-verkkokauppa","og_url":"https:\/\/veneakselisto.com\/kauppa\/tuote\/pilot-veneistuin-mustavalkoinen\/","og_site_name":"Veneakselisto.com - verkkokauppa","article_publisher":"https:\/\/www.facebook.com\/AlaMikkula\/","article_modified_time":"2024-08-31T20:26:59+00:00","og_image":[{"width":500,"height":500,"url":"https:\/\/veneakselisto.com\/kauppa\/wp-content\/uploads\/2020\/03\/CHSPORTWB.jpg","type":"image\/jpeg"}],"twitter_card":"summary_large_image","twitter_misc":{"Arvioitu lukuaika":"1 minuutti"},"schema":{"@context":"https:\/\/schema.org","@graph":[{"@type":"WebPage","@id":"https:\/\/veneakselisto.com\/kauppa\/tuote\/pilot-veneistuin-mustavalkoinen\/","url":"https:\/\/veneakselisto.com\/kauppa\/tuote\/pilot-veneistuin-mustavalkoinen\/","name":"Pilot veneistuin mustavalkoinen - Veneakselisto.com - verkkokauppa","isPartOf":{"@id":"https:\/\/veneakselisto.com\/kauppa\/#website"},"primaryImageOfPage":{"@id":"https:\/\/veneakselisto.com\/kauppa\/tuote\/pilot-veneistuin-mustavalkoinen\/#primaryimage"},"image":{"@id":"https:\/\/veneakselisto.com\/kauppa\/tuote\/pilot-veneistuin-mustavalkoinen\/#primaryimage"},"thumbnailUrl":"https:\/\/i0.wp.com\/veneakselisto.com\/kauppa\/wp-content\/uploads\/2020\/03\/CHSPORTWB.jpg?fit=500%2C500&ssl=1","datePublished":"2020-03-05T10:55:44+00:00","dateModified":"2024-08-31T20:26:59+00:00","description":"Pilot veneistuin mustavalkoinen. Valmistaja Vetus. Veneistuimet toimittaa venetarvikkeiden erikoiliike. Veneakselisto.com-verkkokauppa","breadcrumb":{"@id":"https:\/\/veneakselisto.com\/kauppa\/tuote\/pilot-veneistuin-mustavalkoinen\/#breadcrumb"},"inLanguage":"fi","potentialAction":[{"@type":"ReadAction","target":["https:\/\/veneakselisto.com\/kauppa\/tuote\/pilot-veneistuin-mustavalkoinen\/"]}]},{"@type":"ImageObject","inLanguage":"fi","@id":"https:\/\/veneakselisto.com\/kauppa\/tuote\/pilot-veneistuin-mustavalkoinen\/#primaryimage","url":"https:\/\/i0.wp.com\/veneakselisto.com\/kauppa\/wp-content\/uploads\/2020\/03\/CHSPORTWB.jpg?fit=500%2C500&ssl=1","contentUrl":"https:\/\/i0.wp.com\/veneakselisto.com\/kauppa\/wp-content\/uploads\/2020\/03\/CHSPORTWB.jpg?fit=500%2C500&ssl=1","width":500,"height":500,"caption":"Veneistuin Vetus-Venetarvikkeiden erikoisliike-Venevaraosat.fi"},{"@type":"BreadcrumbList","@id":"https:\/\/veneakselisto.com\/kauppa\/tuote\/pilot-veneistuin-mustavalkoinen\/#breadcrumb","itemListElement":[{"@type":"ListItem","position":1,"name":"Etusivu","item":"https:\/\/veneakselisto.com\/kauppa\/"},{"@type":"ListItem","position":2,"name":"Kauppa","item":"https:\/\/veneakselisto.com\/kauppa\/"},{"@type":"ListItem","position":3,"name":"Pilot veneistuin mustavalkoinen"}]},{"@type":"WebSite","@id":"https:\/\/veneakselisto.com\/kauppa\/#website","url":"https:\/\/veneakselisto.com\/kauppa\/","name":"Veneakselisto.com - verkkokauppa","description":"Venetarvikkeiden maahantuonti ja myynti","publisher":{"@id":"https:\/\/veneakselisto.com\/kauppa\/#organization"},"potentialAction":[{"@type":"SearchAction","target":{"@type":"EntryPoint","urlTemplate":"https:\/\/veneakselisto.com\/kauppa\/?s={search_term_string}"},"query-input":{"@type":"PropertyValueSpecification","valueRequired":true,"valueName":"search_term_string"}}],"inLanguage":"fi"},{"@type":"Organization","@id":"https:\/\/veneakselisto.com\/kauppa\/#organization","name":"Veneakselisto.com verkkokauppa","url":"https:\/\/veneakselisto.com\/kauppa\/","logo":{"@type":"ImageObject","inLanguage":"fi","@id":"https:\/\/veneakselisto.com\/kauppa\/#\/schema\/logo\/image\/","url":"https:\/\/i2.wp.com\/veneakselisto.com\/kauppa\/wp-content\/uploads\/2016\/06\/fb_icon.jpg?fit=327%2C327&ssl=1","contentUrl":"https:\/\/i2.wp.com\/veneakselisto.com\/kauppa\/wp-content\/uploads\/2016\/06\/fb_icon.jpg?fit=327%2C327&ssl=1","width":327,"height":327,"caption":"Veneakselisto.com verkkokauppa"},"image":{"@id":"https:\/\/veneakselisto.com\/kauppa\/#\/schema\/logo\/image\/"},"sameAs":["https:\/\/www.facebook.com\/AlaMikkula\/"]}]}},"jetpack_publicize_connections":[],"jetpack_sharing_enabled":true,"_links":{"self":[{"href":"https:\/\/veneakselisto.com\/kauppa\/wp-json\/wp\/v2\/product\/7345","targetHints":{"allow":["GET"]}}],"collection":[{"href":"https:\/\/veneakselisto.com\/kauppa\/wp-json\/wp\/v2\/product"}],"about":[{"href":"https:\/\/veneakselisto.com\/kauppa\/wp-json\/wp\/v2\/types\/product"}],"replies":[{"embeddable":true,"href":"https:\/\/veneakselisto.com\/kauppa\/wp-json\/wp\/v2\/comments?post=7345"}],"wp:featuredmedia":[{"embeddable":true,"href":"https:\/\/veneakselisto.com\/kauppa\/wp-json\/wp\/v2\/media\/7346"}],"wp:attachment":[{"href":"https:\/\/veneakselisto.com\/kauppa\/wp-json\/wp\/v2\/media?parent=7345"}],"wp:term":[{"taxonomy":"product_brand","embeddable":true,"href":"https:\/\/veneakselisto.com\/kauppa\/wp-json\/wp\/v2\/product_brand?post=7345"},{"taxonomy":"product_cat","embeddable":true,"href":"https:\/\/veneakselisto.com\/kauppa\/wp-json\/wp\/v2\/product_cat?post=7345"},{"taxonomy":"product_tag","embeddable":true,"href":"https:\/\/veneakselisto.com\/kauppa\/wp-json\/wp\/v2\/product_tag?post=7345"}],"curies":[{"name":"wp","href":"https:\/\/api.w.org\/{rel}","templated":true}]}}