{"id":7235,"date":"2020-02-18T20:27:05","date_gmt":"2020-02-18T18:27:05","guid":{"rendered":"https:\/\/veneakselisto.com\/kauppa\/?post_type=product&#038;p=7235"},"modified":"2025-03-20T18:59:44","modified_gmt":"2025-03-20T16:59:44","slug":"septitankin-alipaineventtiili","status":"publish","type":"product","link":"https:\/\/veneakselisto.com\/kauppa\/tuote\/septitankin-alipaineventtiili\/","title":{"rendered":"Septitankin alipaineventtiili"},"content":{"rendered":"<p>Septitankin alipaineventtiili<\/p>\n<p>VRF alipaineventtiili<br \/>\nLis\u00e4turvaa<br \/>\nVeneiden septitankin huohotinventtiilit ovat usein liian pieni\u00e4 imutyhjennyst\u00e4 varten.<br \/>\nPahimmassa tapauksessa imutyhjennys voi rikkoa septitankin. Vetuksen VRF-venttiili aukeaa<br \/>\nautomaattisesti alipaineen kasvaessa liian kovaksi. Avautuneena vapaa virtaus on yli<br \/>\n1100 m2. Venttiili t\u00e4ytt\u00e4\u00e4 ISO8099-vaatimukset. Asennusta varten tulee tankissa olla<br \/>\n\u00d8 56 mm:n reik\u00e4. VRF-alipaineventtiili\u00e4 suositellaan ehdottomasti mik\u00e4li olemassa olevan<br \/>\nhuohotinventtiilin halkaisija on alle 19 mm ja yli 400 litran tankeissa alle 38 mm.<\/p>\n","protected":false},"excerpt":{"rendered":"<p>VRF alipaineventtiili<br \/>\nLis\u00e4turvaa<br \/>\nVeneiden septitankin huohotinventtiilit ovat usein liian pieni\u00e4 imutyhjennyst\u00e4 varten.<br \/>\nPahimmassa tapauksessa imutyhjennys voi rikkoa septitankin. Vetuksen VRF-venttiili aukeaa<br \/>\nautomaattisesti alipaineen kasvaessa liian kovaksi. Avautuneena vapaa virtaus on yli<br \/>\n1100 m2. Venttiili t\u00e4ytt\u00e4\u00e4 ISO8099-vaatimukset. Asennusta varten tulee tankissa olla<br \/>\n\u00d8 56 mm:n reik\u00e4. VRF-alipaineventtiili\u00e4 suositellaan ehdottomasti mik\u00e4li olemassa olevan<br \/>\nhuohotinventtiilin halkaisija on alle 19 mm ja yli 400 litran tankeissa alle 38 mm.<\/p>\n[caption id=\"attachment_7236\" align=\"alignnone\" width=\"300\"]<a href=\"https:\/\/veneakselisto.com\/kauppa\/wp-content\/uploads\/2020\/02\/VRF56A.jpg\"><img loading=\"lazy\" decoding=\"async\" class=\"size-medium wp-image-7236\" src=\"https:\/\/veneakselisto.com\/kauppa\/wp-content\/uploads\/2020\/02\/VRF56A-300x300.jpg\" alt=\"VRF56A-septis\u00e4ili\u00f6n alipaineventtiili-Veneakselisto.com\" width=\"300\" height=\"300\" srcset=\"https:\/\/i0.wp.com\/veneakselisto.com\/kauppa\/wp-content\/uploads\/2020\/02\/VRF56A.jpg?resize=300%2C300&amp;ssl=1 300w, https:\/\/i0.wp.com\/veneakselisto.com\/kauppa\/wp-content\/uploads\/2020\/02\/VRF56A.jpg?resize=150%2C150&amp;ssl=1 150w, https:\/\/i0.wp.com\/veneakselisto.com\/kauppa\/wp-content\/uploads\/2020\/02\/VRF56A.jpg?resize=270%2C270&amp;ssl=1 270w, https:\/\/i0.wp.com\/veneakselisto.com\/kauppa\/wp-content\/uploads\/2020\/02\/VRF56A.jpg?resize=460%2C460&amp;ssl=1 460w, https:\/\/i0.wp.com\/veneakselisto.com\/kauppa\/wp-content\/uploads\/2020\/02\/VRF56A.jpg?resize=100%2C100&amp;ssl=1 100w, https:\/\/i0.wp.com\/veneakselisto.com\/kauppa\/wp-content\/uploads\/2020\/02\/VRF56A.jpg?w=500&amp;ssl=1 500w\" sizes=\"auto, (max-width: 300px) 100vw, 300px\" \/><\/a> Septitankin-Septis\u00e4ili\u00f6n tarvikkeet-Veneakselisto.com[\/caption]\n<p>Kaikilla tuotteilla normaalisti 1-5pv toimitusaika<\/p>\n","protected":false},"featured_media":7236,"comment_status":"open","ping_status":"closed","template":"","meta":{"jetpack_post_was_ever_published":false,"jetpack_publicize_message":"","jetpack_publicize_feature_enabled":true,"jetpack_social_post_already_shared":true,"jetpack_social_options":{"image_generator_settings":{"template":"highway","default_image_id":0,"font":"","enabled":false},"version":2}},"product_brand":[],"product_cat":[1063,58,1077,142],"product_tag":[533,475,474,436,98],"class_list":{"0":"post-7235","1":"product","2":"type-product","3":"status-publish","4":"has-post-thumbnail","6":"product_cat-vetus-septitankki-jatevesijarjestelma","7":"product_cat-jatevesipumput-ja-tarvikkeet","8":"product_cat-vetus-jatevesi-septisailio-tarvikkeet","9":"product_cat-vesi-ja-wc-jarjestelmat","10":"product_tag-hajusuodatin","11":"product_tag-polttoainetankki","12":"product_tag-septi","13":"product_tag-septipumppu","14":"product_tag-vetus","16":"first","17":"instock","18":"sale","19":"taxable","20":"shipping-taxable","21":"purchasable","22":"product-type-simple"},"yoast_head":"<!-- This site is optimized with the Yoast SEO plugin v27.3 - https:\/\/yoast.com\/product\/yoast-seo-wordpress\/ -->\n<title>Septitankin alipaineventtiili-Vetus-Veneakselisto.com<\/title>\n<meta name=\"description\" content=\"Septitankin alipaineventtiili\" \/>\n<meta name=\"robots\" content=\"index, follow, max-snippet:-1, max-image-preview:large, max-video-preview:-1\" \/>\n<link rel=\"canonical\" href=\"https:\/\/veneakselisto.com\/kauppa\/tuote\/septitankin-alipaineventtiili\/\" \/>\n<meta property=\"og:locale\" content=\"fi_FI\" \/>\n<meta property=\"og:type\" content=\"article\" \/>\n<meta property=\"og:title\" content=\"Septitankin alipaineventtiili-Vetus-Veneakselisto.com\" \/>\n<meta property=\"og:description\" content=\"Septitankin alipaineventtiili\" \/>\n<meta property=\"og:url\" content=\"https:\/\/veneakselisto.com\/kauppa\/tuote\/septitankin-alipaineventtiili\/\" \/>\n<meta property=\"og:site_name\" content=\"Veneakselisto.com - verkkokauppa\" \/>\n<meta property=\"article:publisher\" content=\"https:\/\/www.facebook.com\/AlaMikkula\/\" \/>\n<meta property=\"article:modified_time\" content=\"2025-03-20T16:59:44+00:00\" \/>\n<meta property=\"og:image\" content=\"https:\/\/veneakselisto.com\/kauppa\/wp-content\/uploads\/2020\/02\/VRF56A.jpg\" \/>\n\t<meta property=\"og:image:width\" content=\"500\" \/>\n\t<meta property=\"og:image:height\" content=\"500\" \/>\n\t<meta property=\"og:image:type\" content=\"image\/jpeg\" \/>\n<meta name=\"twitter:card\" content=\"summary_large_image\" \/>\n<script type=\"application\/ld+json\" class=\"yoast-schema-graph\">{\"@context\":\"https:\\\/\\\/schema.org\",\"@graph\":[{\"@type\":\"WebPage\",\"@id\":\"https:\\\/\\\/veneakselisto.com\\\/kauppa\\\/tuote\\\/septitankin-alipaineventtiili\\\/\",\"url\":\"https:\\\/\\\/veneakselisto.com\\\/kauppa\\\/tuote\\\/septitankin-alipaineventtiili\\\/\",\"name\":\"Septitankin alipaineventtiili-Vetus-Veneakselisto.com\",\"isPartOf\":{\"@id\":\"https:\\\/\\\/veneakselisto.com\\\/kauppa\\\/#website\"},\"primaryImageOfPage\":{\"@id\":\"https:\\\/\\\/veneakselisto.com\\\/kauppa\\\/tuote\\\/septitankin-alipaineventtiili\\\/#primaryimage\"},\"image\":{\"@id\":\"https:\\\/\\\/veneakselisto.com\\\/kauppa\\\/tuote\\\/septitankin-alipaineventtiili\\\/#primaryimage\"},\"thumbnailUrl\":\"https:\\\/\\\/i0.wp.com\\\/veneakselisto.com\\\/kauppa\\\/wp-content\\\/uploads\\\/2020\\\/02\\\/VRF56A.jpg?fit=500%2C500&ssl=1\",\"datePublished\":\"2020-02-18T18:27:05+00:00\",\"dateModified\":\"2025-03-20T16:59:44+00:00\",\"description\":\"Septitankin alipaineventtiili\",\"breadcrumb\":{\"@id\":\"https:\\\/\\\/veneakselisto.com\\\/kauppa\\\/tuote\\\/septitankin-alipaineventtiili\\\/#breadcrumb\"},\"inLanguage\":\"fi\",\"potentialAction\":[{\"@type\":\"ReadAction\",\"target\":[\"https:\\\/\\\/veneakselisto.com\\\/kauppa\\\/tuote\\\/septitankin-alipaineventtiili\\\/\"]}]},{\"@type\":\"ImageObject\",\"inLanguage\":\"fi\",\"@id\":\"https:\\\/\\\/veneakselisto.com\\\/kauppa\\\/tuote\\\/septitankin-alipaineventtiili\\\/#primaryimage\",\"url\":\"https:\\\/\\\/i0.wp.com\\\/veneakselisto.com\\\/kauppa\\\/wp-content\\\/uploads\\\/2020\\\/02\\\/VRF56A.jpg?fit=500%2C500&ssl=1\",\"contentUrl\":\"https:\\\/\\\/i0.wp.com\\\/veneakselisto.com\\\/kauppa\\\/wp-content\\\/uploads\\\/2020\\\/02\\\/VRF56A.jpg?fit=500%2C500&ssl=1\",\"width\":500,\"height\":500,\"caption\":\"Septitankin-Septis\u00e4ili\u00f6n tarvikkeet-Veneakselisto.com\"},{\"@type\":\"BreadcrumbList\",\"@id\":\"https:\\\/\\\/veneakselisto.com\\\/kauppa\\\/tuote\\\/septitankin-alipaineventtiili\\\/#breadcrumb\",\"itemListElement\":[{\"@type\":\"ListItem\",\"position\":1,\"name\":\"Etusivu\",\"item\":\"https:\\\/\\\/veneakselisto.com\\\/kauppa\\\/\"},{\"@type\":\"ListItem\",\"position\":2,\"name\":\"Kauppa\",\"item\":\"https:\\\/\\\/veneakselisto.com\\\/kauppa\\\/\"},{\"@type\":\"ListItem\",\"position\":3,\"name\":\"Septitankin alipaineventtiili\"}]},{\"@type\":\"WebSite\",\"@id\":\"https:\\\/\\\/veneakselisto.com\\\/kauppa\\\/#website\",\"url\":\"https:\\\/\\\/veneakselisto.com\\\/kauppa\\\/\",\"name\":\"Veneakselisto.com - verkkokauppa\",\"description\":\"Venetarvikkeiden maahantuonti ja myynti\",\"publisher\":{\"@id\":\"https:\\\/\\\/veneakselisto.com\\\/kauppa\\\/#organization\"},\"potentialAction\":[{\"@type\":\"SearchAction\",\"target\":{\"@type\":\"EntryPoint\",\"urlTemplate\":\"https:\\\/\\\/veneakselisto.com\\\/kauppa\\\/?s={search_term_string}\"},\"query-input\":{\"@type\":\"PropertyValueSpecification\",\"valueRequired\":true,\"valueName\":\"search_term_string\"}}],\"inLanguage\":\"fi\"},{\"@type\":\"Organization\",\"@id\":\"https:\\\/\\\/veneakselisto.com\\\/kauppa\\\/#organization\",\"name\":\"Veneakselisto.com verkkokauppa\",\"url\":\"https:\\\/\\\/veneakselisto.com\\\/kauppa\\\/\",\"logo\":{\"@type\":\"ImageObject\",\"inLanguage\":\"fi\",\"@id\":\"https:\\\/\\\/veneakselisto.com\\\/kauppa\\\/#\\\/schema\\\/logo\\\/image\\\/\",\"url\":\"https:\\\/\\\/i2.wp.com\\\/veneakselisto.com\\\/kauppa\\\/wp-content\\\/uploads\\\/2016\\\/06\\\/fb_icon.jpg?fit=327%2C327&ssl=1\",\"contentUrl\":\"https:\\\/\\\/i2.wp.com\\\/veneakselisto.com\\\/kauppa\\\/wp-content\\\/uploads\\\/2016\\\/06\\\/fb_icon.jpg?fit=327%2C327&ssl=1\",\"width\":327,\"height\":327,\"caption\":\"Veneakselisto.com verkkokauppa\"},\"image\":{\"@id\":\"https:\\\/\\\/veneakselisto.com\\\/kauppa\\\/#\\\/schema\\\/logo\\\/image\\\/\"},\"sameAs\":[\"https:\\\/\\\/www.facebook.com\\\/AlaMikkula\\\/\"]}]}<\/script>\n<!-- \/ Yoast SEO plugin. -->","yoast_head_json":{"title":"Septitankin alipaineventtiili-Vetus-Veneakselisto.com","description":"Septitankin alipaineventtiili","robots":{"index":"index","follow":"follow","max-snippet":"max-snippet:-1","max-image-preview":"max-image-preview:large","max-video-preview":"max-video-preview:-1"},"canonical":"https:\/\/veneakselisto.com\/kauppa\/tuote\/septitankin-alipaineventtiili\/","og_locale":"fi_FI","og_type":"article","og_title":"Septitankin alipaineventtiili-Vetus-Veneakselisto.com","og_description":"Septitankin alipaineventtiili","og_url":"https:\/\/veneakselisto.com\/kauppa\/tuote\/septitankin-alipaineventtiili\/","og_site_name":"Veneakselisto.com - verkkokauppa","article_publisher":"https:\/\/www.facebook.com\/AlaMikkula\/","article_modified_time":"2025-03-20T16:59:44+00:00","og_image":[{"width":500,"height":500,"url":"https:\/\/veneakselisto.com\/kauppa\/wp-content\/uploads\/2020\/02\/VRF56A.jpg","type":"image\/jpeg"}],"twitter_card":"summary_large_image","schema":{"@context":"https:\/\/schema.org","@graph":[{"@type":"WebPage","@id":"https:\/\/veneakselisto.com\/kauppa\/tuote\/septitankin-alipaineventtiili\/","url":"https:\/\/veneakselisto.com\/kauppa\/tuote\/septitankin-alipaineventtiili\/","name":"Septitankin alipaineventtiili-Vetus-Veneakselisto.com","isPartOf":{"@id":"https:\/\/veneakselisto.com\/kauppa\/#website"},"primaryImageOfPage":{"@id":"https:\/\/veneakselisto.com\/kauppa\/tuote\/septitankin-alipaineventtiili\/#primaryimage"},"image":{"@id":"https:\/\/veneakselisto.com\/kauppa\/tuote\/septitankin-alipaineventtiili\/#primaryimage"},"thumbnailUrl":"https:\/\/i0.wp.com\/veneakselisto.com\/kauppa\/wp-content\/uploads\/2020\/02\/VRF56A.jpg?fit=500%2C500&ssl=1","datePublished":"2020-02-18T18:27:05+00:00","dateModified":"2025-03-20T16:59:44+00:00","description":"Septitankin alipaineventtiili","breadcrumb":{"@id":"https:\/\/veneakselisto.com\/kauppa\/tuote\/septitankin-alipaineventtiili\/#breadcrumb"},"inLanguage":"fi","potentialAction":[{"@type":"ReadAction","target":["https:\/\/veneakselisto.com\/kauppa\/tuote\/septitankin-alipaineventtiili\/"]}]},{"@type":"ImageObject","inLanguage":"fi","@id":"https:\/\/veneakselisto.com\/kauppa\/tuote\/septitankin-alipaineventtiili\/#primaryimage","url":"https:\/\/i0.wp.com\/veneakselisto.com\/kauppa\/wp-content\/uploads\/2020\/02\/VRF56A.jpg?fit=500%2C500&ssl=1","contentUrl":"https:\/\/i0.wp.com\/veneakselisto.com\/kauppa\/wp-content\/uploads\/2020\/02\/VRF56A.jpg?fit=500%2C500&ssl=1","width":500,"height":500,"caption":"Septitankin-Septis\u00e4ili\u00f6n tarvikkeet-Veneakselisto.com"},{"@type":"BreadcrumbList","@id":"https:\/\/veneakselisto.com\/kauppa\/tuote\/septitankin-alipaineventtiili\/#breadcrumb","itemListElement":[{"@type":"ListItem","position":1,"name":"Etusivu","item":"https:\/\/veneakselisto.com\/kauppa\/"},{"@type":"ListItem","position":2,"name":"Kauppa","item":"https:\/\/veneakselisto.com\/kauppa\/"},{"@type":"ListItem","position":3,"name":"Septitankin alipaineventtiili"}]},{"@type":"WebSite","@id":"https:\/\/veneakselisto.com\/kauppa\/#website","url":"https:\/\/veneakselisto.com\/kauppa\/","name":"Veneakselisto.com - verkkokauppa","description":"Venetarvikkeiden maahantuonti ja myynti","publisher":{"@id":"https:\/\/veneakselisto.com\/kauppa\/#organization"},"potentialAction":[{"@type":"SearchAction","target":{"@type":"EntryPoint","urlTemplate":"https:\/\/veneakselisto.com\/kauppa\/?s={search_term_string}"},"query-input":{"@type":"PropertyValueSpecification","valueRequired":true,"valueName":"search_term_string"}}],"inLanguage":"fi"},{"@type":"Organization","@id":"https:\/\/veneakselisto.com\/kauppa\/#organization","name":"Veneakselisto.com verkkokauppa","url":"https:\/\/veneakselisto.com\/kauppa\/","logo":{"@type":"ImageObject","inLanguage":"fi","@id":"https:\/\/veneakselisto.com\/kauppa\/#\/schema\/logo\/image\/","url":"https:\/\/i2.wp.com\/veneakselisto.com\/kauppa\/wp-content\/uploads\/2016\/06\/fb_icon.jpg?fit=327%2C327&ssl=1","contentUrl":"https:\/\/i2.wp.com\/veneakselisto.com\/kauppa\/wp-content\/uploads\/2016\/06\/fb_icon.jpg?fit=327%2C327&ssl=1","width":327,"height":327,"caption":"Veneakselisto.com verkkokauppa"},"image":{"@id":"https:\/\/veneakselisto.com\/kauppa\/#\/schema\/logo\/image\/"},"sameAs":["https:\/\/www.facebook.com\/AlaMikkula\/"]}]}},"jetpack_publicize_connections":[],"jetpack_sharing_enabled":true,"_links":{"self":[{"href":"https:\/\/veneakselisto.com\/kauppa\/wp-json\/wp\/v2\/product\/7235","targetHints":{"allow":["GET"]}}],"collection":[{"href":"https:\/\/veneakselisto.com\/kauppa\/wp-json\/wp\/v2\/product"}],"about":[{"href":"https:\/\/veneakselisto.com\/kauppa\/wp-json\/wp\/v2\/types\/product"}],"replies":[{"embeddable":true,"href":"https:\/\/veneakselisto.com\/kauppa\/wp-json\/wp\/v2\/comments?post=7235"}],"wp:featuredmedia":[{"embeddable":true,"href":"https:\/\/veneakselisto.com\/kauppa\/wp-json\/wp\/v2\/media\/7236"}],"wp:attachment":[{"href":"https:\/\/veneakselisto.com\/kauppa\/wp-json\/wp\/v2\/media?parent=7235"}],"wp:term":[{"taxonomy":"product_brand","embeddable":true,"href":"https:\/\/veneakselisto.com\/kauppa\/wp-json\/wp\/v2\/product_brand?post=7235"},{"taxonomy":"product_cat","embeddable":true,"href":"https:\/\/veneakselisto.com\/kauppa\/wp-json\/wp\/v2\/product_cat?post=7235"},{"taxonomy":"product_tag","embeddable":true,"href":"https:\/\/veneakselisto.com\/kauppa\/wp-json\/wp\/v2\/product_tag?post=7235"}],"curies":[{"name":"wp","href":"https:\/\/api.w.org\/{rel}","templated":true}]}}