{"id":7191,"date":"2020-02-10T17:54:13","date_gmt":"2020-02-10T15:54:13","guid":{"rendered":"https:\/\/veneakselisto.com\/kauppa\/?post_type=product&#038;p=7191"},"modified":"2026-04-08T09:33:10","modified_gmt":"2026-04-08T06:33:10","slug":"ftl5108b-liitantasarja-kiintealle-polttoainetankille-51mm-8mm-letkuille","status":"publish","type":"product","link":"https:\/\/veneakselisto.com\/kauppa\/tuote\/ftl5108b-liitantasarja-kiintealle-polttoainetankille-51mm-8mm-letkuille\/","title":{"rendered":"FTL5108B Liit\u00e4nt\u00e4sarja kiinte\u00e4lle polttoainetankille, 51mm\/8mm letkuille"},"content":{"rendered":"<p>FTL5108B Liit\u00e4nt\u00e4sarja kiinte\u00e4lle polttoainetankille<\/p>\n<p>FTL5108B sarjassa 8mm imu\/paluu liit\u00e4nt\u00e4, 51mm t\u00e4ytt\u00f6<\/p>\n<p>Malli FTL&#8230;.B<br \/>\nS\u00e4\u00e4st\u00e4 asennusaikaa<br \/>\nFTL liit\u00e4nt\u00e4sarja helpottaa merkitt\u00e4v\u00e4sti asennusta. Sarja sis\u00e4lt\u00e4\u00e4 kaikki tarvittavat liit\u00e4nn\u00e4t joten tankkiin tehd\u00e4\u00e4n vain yksi<br \/>\npy\u00f6re\u00e4 l\u00e4pimitaltaan 114 mm reik\u00e4 ilman mit\u00e4\u00e4n muita lovetuksia. Anodisoidussa, suolavedenkest\u00e4v\u00e4ss\u00e4 alumiinikannessa<br \/>\non vastalaippa ja kumitiiviste. Kansi laitetaan valmiiksi sahattuun py\u00f6re\u00e4\u00e4n reik\u00e4\u00e4n ja kiristet\u00e4\u00e4n mukana olevien pulttien<br \/>\navulla tankkiin. Sopii muovi, lasikuitu ja metallitankeille sek\u00e4 dieselille ett\u00e4 bensiinille.<\/p>\n","protected":false},"excerpt":{"rendered":"<p>FTL5108B sarjassa 8mm imu\/paluu liit\u00e4nt\u00e4, 51mm t\u00e4ytt\u00f6<\/p>\n<p>\u2022 T\u00e4ytt\u00f6 \u00d8 51mm ja 16 mm huohotusliit\u00e4nt\u00e4<\/p>\n<p>&#8211; Imu \u00d8 8 mm, maksimi tankin syvyys 440 mm<br \/>\n\u2022 Liit\u00e4nt\u00e4 tankkianturille (sopii anturille jossa on viisireik\u00e4inen SAE-laippa)<br \/>\n\u2022 6,3 mm liit\u00e4nt\u00e4 maadoitusjohdolle<\/p>\n<p>Verkkokauppa tuote. Toimitusaika 1-5pv<\/p>\n","protected":false},"featured_media":7179,"comment_status":"open","ping_status":"closed","template":"","meta":{"jetpack_post_was_ever_published":false,"jetpack_publicize_message":"","jetpack_publicize_feature_enabled":true,"jetpack_social_post_already_shared":true,"jetpack_social_options":{"image_generator_settings":{"template":"highway","default_image_id":0,"font":"","enabled":false},"version":2}},"product_brand":[],"product_cat":[1057,483,1061,472,470],"product_tag":[479],"class_list":{"0":"post-7191","1":"product","2":"type-product","3":"status-publish","4":"has-post-thumbnail","6":"product_cat-polttoainejarjestelma","7":"product_cat-polttoainejarjestela_tarvikkeet","8":"product_cat-diesel-tarvikkeet-veneen-suodatin","9":"product_cat-vetus_polttoainejarjestelma","10":"product_cat-vetus_vetus-venetarvikkeet_venetarvikeiden-maahantuonti-ja-myynti","11":"product_tag-polttoainetankin-liitanta","13":"first","14":"instock","15":"sale","16":"taxable","17":"shipping-taxable","18":"purchasable","19":"product-type-simple"},"yoast_head":"<!-- This site is optimized with the Yoast SEO plugin v27.3 - https:\/\/yoast.com\/product\/yoast-seo-wordpress\/ -->\n<title>FTL5108B Liit\u00e4nt\u00e4sarja kiinte\u00e4lle polttoainetankille. Vetus-Venetarvikkeet<\/title>\n<meta name=\"description\" content=\"FTL5108B Liit\u00e4nt\u00e4sarja kiinte\u00e4lle polttoainetankille 8mm letkulle. Vetus Venetarvikkeet toimittaa venetarvikkeiden erikoisliike-Veneakselisto.com\" \/>\n<meta name=\"robots\" content=\"index, follow, max-snippet:-1, max-image-preview:large, max-video-preview:-1\" \/>\n<link rel=\"canonical\" href=\"https:\/\/veneakselisto.com\/kauppa\/tuote\/ftl5108b-liitantasarja-kiintealle-polttoainetankille-51mm-8mm-letkuille\/\" \/>\n<meta property=\"og:locale\" content=\"fi_FI\" \/>\n<meta property=\"og:type\" content=\"article\" \/>\n<meta property=\"og:title\" content=\"FTL5108B Liit\u00e4nt\u00e4sarja kiinte\u00e4lle polttoainetankille. Vetus-Venetarvikkeet\" \/>\n<meta property=\"og:description\" content=\"FTL5108B Liit\u00e4nt\u00e4sarja kiinte\u00e4lle polttoainetankille 8mm letkulle. Vetus Venetarvikkeet toimittaa venetarvikkeiden erikoisliike-Veneakselisto.com\" \/>\n<meta property=\"og:url\" content=\"https:\/\/veneakselisto.com\/kauppa\/tuote\/ftl5108b-liitantasarja-kiintealle-polttoainetankille-51mm-8mm-letkuille\/\" \/>\n<meta property=\"og:site_name\" content=\"Veneakselisto.com - verkkokauppa\" \/>\n<meta property=\"article:publisher\" content=\"https:\/\/www.facebook.com\/AlaMikkula\/\" \/>\n<meta property=\"article:modified_time\" content=\"2026-04-08T06:33:10+00:00\" \/>\n<meta property=\"og:image\" content=\"https:\/\/veneakselisto.com\/kauppa\/wp-content\/uploads\/2019\/01\/FTL3810B_1.jpg\" \/>\n\t<meta property=\"og:image:width\" content=\"500\" \/>\n\t<meta property=\"og:image:height\" content=\"500\" \/>\n\t<meta property=\"og:image:type\" content=\"image\/jpeg\" \/>\n<meta name=\"twitter:card\" content=\"summary_large_image\" \/>\n<script type=\"application\/ld+json\" class=\"yoast-schema-graph\">{\"@context\":\"https:\\\/\\\/schema.org\",\"@graph\":[{\"@type\":\"WebPage\",\"@id\":\"https:\\\/\\\/veneakselisto.com\\\/kauppa\\\/tuote\\\/ftl5108b-liitantasarja-kiintealle-polttoainetankille-51mm-8mm-letkuille\\\/\",\"url\":\"https:\\\/\\\/veneakselisto.com\\\/kauppa\\\/tuote\\\/ftl5108b-liitantasarja-kiintealle-polttoainetankille-51mm-8mm-letkuille\\\/\",\"name\":\"FTL5108B Liit\u00e4nt\u00e4sarja kiinte\u00e4lle polttoainetankille. Vetus-Venetarvikkeet\",\"isPartOf\":{\"@id\":\"https:\\\/\\\/veneakselisto.com\\\/kauppa\\\/#website\"},\"primaryImageOfPage\":{\"@id\":\"https:\\\/\\\/veneakselisto.com\\\/kauppa\\\/tuote\\\/ftl5108b-liitantasarja-kiintealle-polttoainetankille-51mm-8mm-letkuille\\\/#primaryimage\"},\"image\":{\"@id\":\"https:\\\/\\\/veneakselisto.com\\\/kauppa\\\/tuote\\\/ftl5108b-liitantasarja-kiintealle-polttoainetankille-51mm-8mm-letkuille\\\/#primaryimage\"},\"thumbnailUrl\":\"https:\\\/\\\/i0.wp.com\\\/veneakselisto.com\\\/kauppa\\\/wp-content\\\/uploads\\\/2019\\\/01\\\/FTL3810B_1.jpg?fit=500%2C500&ssl=1\",\"datePublished\":\"2020-02-10T15:54:13+00:00\",\"dateModified\":\"2026-04-08T06:33:10+00:00\",\"description\":\"FTL5108B Liit\u00e4nt\u00e4sarja kiinte\u00e4lle polttoainetankille 8mm letkulle. Vetus Venetarvikkeet toimittaa venetarvikkeiden erikoisliike-Veneakselisto.com\",\"breadcrumb\":{\"@id\":\"https:\\\/\\\/veneakselisto.com\\\/kauppa\\\/tuote\\\/ftl5108b-liitantasarja-kiintealle-polttoainetankille-51mm-8mm-letkuille\\\/#breadcrumb\"},\"inLanguage\":\"fi\",\"potentialAction\":[{\"@type\":\"ReadAction\",\"target\":[\"https:\\\/\\\/veneakselisto.com\\\/kauppa\\\/tuote\\\/ftl5108b-liitantasarja-kiintealle-polttoainetankille-51mm-8mm-letkuille\\\/\"]}]},{\"@type\":\"ImageObject\",\"inLanguage\":\"fi\",\"@id\":\"https:\\\/\\\/veneakselisto.com\\\/kauppa\\\/tuote\\\/ftl5108b-liitantasarja-kiintealle-polttoainetankille-51mm-8mm-letkuille\\\/#primaryimage\",\"url\":\"https:\\\/\\\/i0.wp.com\\\/veneakselisto.com\\\/kauppa\\\/wp-content\\\/uploads\\\/2019\\\/01\\\/FTL3810B_1.jpg?fit=500%2C500&ssl=1\",\"contentUrl\":\"https:\\\/\\\/i0.wp.com\\\/veneakselisto.com\\\/kauppa\\\/wp-content\\\/uploads\\\/2019\\\/01\\\/FTL3810B_1.jpg?fit=500%2C500&ssl=1\",\"width\":500,\"height\":500,\"caption\":\"Diesel tankin liit\u00e4nt\u00e4sarja-Venevaraosat.fi\"},{\"@type\":\"BreadcrumbList\",\"@id\":\"https:\\\/\\\/veneakselisto.com\\\/kauppa\\\/tuote\\\/ftl5108b-liitantasarja-kiintealle-polttoainetankille-51mm-8mm-letkuille\\\/#breadcrumb\",\"itemListElement\":[{\"@type\":\"ListItem\",\"position\":1,\"name\":\"Etusivu\",\"item\":\"https:\\\/\\\/veneakselisto.com\\\/kauppa\\\/\"},{\"@type\":\"ListItem\",\"position\":2,\"name\":\"Kauppa\",\"item\":\"https:\\\/\\\/veneakselisto.com\\\/kauppa\\\/\"},{\"@type\":\"ListItem\",\"position\":3,\"name\":\"FTL5108B Liit\u00e4nt\u00e4sarja kiinte\u00e4lle polttoainetankille, 51mm\\\/8mm letkuille\"}]},{\"@type\":\"WebSite\",\"@id\":\"https:\\\/\\\/veneakselisto.com\\\/kauppa\\\/#website\",\"url\":\"https:\\\/\\\/veneakselisto.com\\\/kauppa\\\/\",\"name\":\"Veneakselisto.com - verkkokauppa\",\"description\":\"Venetarvikkeiden maahantuonti ja myynti\",\"publisher\":{\"@id\":\"https:\\\/\\\/veneakselisto.com\\\/kauppa\\\/#organization\"},\"potentialAction\":[{\"@type\":\"SearchAction\",\"target\":{\"@type\":\"EntryPoint\",\"urlTemplate\":\"https:\\\/\\\/veneakselisto.com\\\/kauppa\\\/?s={search_term_string}\"},\"query-input\":{\"@type\":\"PropertyValueSpecification\",\"valueRequired\":true,\"valueName\":\"search_term_string\"}}],\"inLanguage\":\"fi\"},{\"@type\":\"Organization\",\"@id\":\"https:\\\/\\\/veneakselisto.com\\\/kauppa\\\/#organization\",\"name\":\"Veneakselisto.com verkkokauppa\",\"url\":\"https:\\\/\\\/veneakselisto.com\\\/kauppa\\\/\",\"logo\":{\"@type\":\"ImageObject\",\"inLanguage\":\"fi\",\"@id\":\"https:\\\/\\\/veneakselisto.com\\\/kauppa\\\/#\\\/schema\\\/logo\\\/image\\\/\",\"url\":\"https:\\\/\\\/i2.wp.com\\\/veneakselisto.com\\\/kauppa\\\/wp-content\\\/uploads\\\/2016\\\/06\\\/fb_icon.jpg?fit=327%2C327&ssl=1\",\"contentUrl\":\"https:\\\/\\\/i2.wp.com\\\/veneakselisto.com\\\/kauppa\\\/wp-content\\\/uploads\\\/2016\\\/06\\\/fb_icon.jpg?fit=327%2C327&ssl=1\",\"width\":327,\"height\":327,\"caption\":\"Veneakselisto.com verkkokauppa\"},\"image\":{\"@id\":\"https:\\\/\\\/veneakselisto.com\\\/kauppa\\\/#\\\/schema\\\/logo\\\/image\\\/\"},\"sameAs\":[\"https:\\\/\\\/www.facebook.com\\\/AlaMikkula\\\/\"]}]}<\/script>\n<!-- \/ Yoast SEO plugin. -->","yoast_head_json":{"title":"FTL5108B Liit\u00e4nt\u00e4sarja kiinte\u00e4lle polttoainetankille. Vetus-Venetarvikkeet","description":"FTL5108B Liit\u00e4nt\u00e4sarja kiinte\u00e4lle polttoainetankille 8mm letkulle. Vetus Venetarvikkeet toimittaa venetarvikkeiden erikoisliike-Veneakselisto.com","robots":{"index":"index","follow":"follow","max-snippet":"max-snippet:-1","max-image-preview":"max-image-preview:large","max-video-preview":"max-video-preview:-1"},"canonical":"https:\/\/veneakselisto.com\/kauppa\/tuote\/ftl5108b-liitantasarja-kiintealle-polttoainetankille-51mm-8mm-letkuille\/","og_locale":"fi_FI","og_type":"article","og_title":"FTL5108B Liit\u00e4nt\u00e4sarja kiinte\u00e4lle polttoainetankille. Vetus-Venetarvikkeet","og_description":"FTL5108B Liit\u00e4nt\u00e4sarja kiinte\u00e4lle polttoainetankille 8mm letkulle. Vetus Venetarvikkeet toimittaa venetarvikkeiden erikoisliike-Veneakselisto.com","og_url":"https:\/\/veneakselisto.com\/kauppa\/tuote\/ftl5108b-liitantasarja-kiintealle-polttoainetankille-51mm-8mm-letkuille\/","og_site_name":"Veneakselisto.com - verkkokauppa","article_publisher":"https:\/\/www.facebook.com\/AlaMikkula\/","article_modified_time":"2026-04-08T06:33:10+00:00","og_image":[{"width":500,"height":500,"url":"https:\/\/veneakselisto.com\/kauppa\/wp-content\/uploads\/2019\/01\/FTL3810B_1.jpg","type":"image\/jpeg"}],"twitter_card":"summary_large_image","schema":{"@context":"https:\/\/schema.org","@graph":[{"@type":"WebPage","@id":"https:\/\/veneakselisto.com\/kauppa\/tuote\/ftl5108b-liitantasarja-kiintealle-polttoainetankille-51mm-8mm-letkuille\/","url":"https:\/\/veneakselisto.com\/kauppa\/tuote\/ftl5108b-liitantasarja-kiintealle-polttoainetankille-51mm-8mm-letkuille\/","name":"FTL5108B Liit\u00e4nt\u00e4sarja kiinte\u00e4lle polttoainetankille. Vetus-Venetarvikkeet","isPartOf":{"@id":"https:\/\/veneakselisto.com\/kauppa\/#website"},"primaryImageOfPage":{"@id":"https:\/\/veneakselisto.com\/kauppa\/tuote\/ftl5108b-liitantasarja-kiintealle-polttoainetankille-51mm-8mm-letkuille\/#primaryimage"},"image":{"@id":"https:\/\/veneakselisto.com\/kauppa\/tuote\/ftl5108b-liitantasarja-kiintealle-polttoainetankille-51mm-8mm-letkuille\/#primaryimage"},"thumbnailUrl":"https:\/\/i0.wp.com\/veneakselisto.com\/kauppa\/wp-content\/uploads\/2019\/01\/FTL3810B_1.jpg?fit=500%2C500&ssl=1","datePublished":"2020-02-10T15:54:13+00:00","dateModified":"2026-04-08T06:33:10+00:00","description":"FTL5108B Liit\u00e4nt\u00e4sarja kiinte\u00e4lle polttoainetankille 8mm letkulle. Vetus Venetarvikkeet toimittaa venetarvikkeiden erikoisliike-Veneakselisto.com","breadcrumb":{"@id":"https:\/\/veneakselisto.com\/kauppa\/tuote\/ftl5108b-liitantasarja-kiintealle-polttoainetankille-51mm-8mm-letkuille\/#breadcrumb"},"inLanguage":"fi","potentialAction":[{"@type":"ReadAction","target":["https:\/\/veneakselisto.com\/kauppa\/tuote\/ftl5108b-liitantasarja-kiintealle-polttoainetankille-51mm-8mm-letkuille\/"]}]},{"@type":"ImageObject","inLanguage":"fi","@id":"https:\/\/veneakselisto.com\/kauppa\/tuote\/ftl5108b-liitantasarja-kiintealle-polttoainetankille-51mm-8mm-letkuille\/#primaryimage","url":"https:\/\/i0.wp.com\/veneakselisto.com\/kauppa\/wp-content\/uploads\/2019\/01\/FTL3810B_1.jpg?fit=500%2C500&ssl=1","contentUrl":"https:\/\/i0.wp.com\/veneakselisto.com\/kauppa\/wp-content\/uploads\/2019\/01\/FTL3810B_1.jpg?fit=500%2C500&ssl=1","width":500,"height":500,"caption":"Diesel tankin liit\u00e4nt\u00e4sarja-Venevaraosat.fi"},{"@type":"BreadcrumbList","@id":"https:\/\/veneakselisto.com\/kauppa\/tuote\/ftl5108b-liitantasarja-kiintealle-polttoainetankille-51mm-8mm-letkuille\/#breadcrumb","itemListElement":[{"@type":"ListItem","position":1,"name":"Etusivu","item":"https:\/\/veneakselisto.com\/kauppa\/"},{"@type":"ListItem","position":2,"name":"Kauppa","item":"https:\/\/veneakselisto.com\/kauppa\/"},{"@type":"ListItem","position":3,"name":"FTL5108B Liit\u00e4nt\u00e4sarja kiinte\u00e4lle polttoainetankille, 51mm\/8mm letkuille"}]},{"@type":"WebSite","@id":"https:\/\/veneakselisto.com\/kauppa\/#website","url":"https:\/\/veneakselisto.com\/kauppa\/","name":"Veneakselisto.com - verkkokauppa","description":"Venetarvikkeiden maahantuonti ja myynti","publisher":{"@id":"https:\/\/veneakselisto.com\/kauppa\/#organization"},"potentialAction":[{"@type":"SearchAction","target":{"@type":"EntryPoint","urlTemplate":"https:\/\/veneakselisto.com\/kauppa\/?s={search_term_string}"},"query-input":{"@type":"PropertyValueSpecification","valueRequired":true,"valueName":"search_term_string"}}],"inLanguage":"fi"},{"@type":"Organization","@id":"https:\/\/veneakselisto.com\/kauppa\/#organization","name":"Veneakselisto.com verkkokauppa","url":"https:\/\/veneakselisto.com\/kauppa\/","logo":{"@type":"ImageObject","inLanguage":"fi","@id":"https:\/\/veneakselisto.com\/kauppa\/#\/schema\/logo\/image\/","url":"https:\/\/i2.wp.com\/veneakselisto.com\/kauppa\/wp-content\/uploads\/2016\/06\/fb_icon.jpg?fit=327%2C327&ssl=1","contentUrl":"https:\/\/i2.wp.com\/veneakselisto.com\/kauppa\/wp-content\/uploads\/2016\/06\/fb_icon.jpg?fit=327%2C327&ssl=1","width":327,"height":327,"caption":"Veneakselisto.com verkkokauppa"},"image":{"@id":"https:\/\/veneakselisto.com\/kauppa\/#\/schema\/logo\/image\/"},"sameAs":["https:\/\/www.facebook.com\/AlaMikkula\/"]}]}},"jetpack_publicize_connections":[],"jetpack_sharing_enabled":true,"_links":{"self":[{"href":"https:\/\/veneakselisto.com\/kauppa\/wp-json\/wp\/v2\/product\/7191","targetHints":{"allow":["GET"]}}],"collection":[{"href":"https:\/\/veneakselisto.com\/kauppa\/wp-json\/wp\/v2\/product"}],"about":[{"href":"https:\/\/veneakselisto.com\/kauppa\/wp-json\/wp\/v2\/types\/product"}],"replies":[{"embeddable":true,"href":"https:\/\/veneakselisto.com\/kauppa\/wp-json\/wp\/v2\/comments?post=7191"}],"wp:featuredmedia":[{"embeddable":true,"href":"https:\/\/veneakselisto.com\/kauppa\/wp-json\/wp\/v2\/media\/7179"}],"wp:attachment":[{"href":"https:\/\/veneakselisto.com\/kauppa\/wp-json\/wp\/v2\/media?parent=7191"}],"wp:term":[{"taxonomy":"product_brand","embeddable":true,"href":"https:\/\/veneakselisto.com\/kauppa\/wp-json\/wp\/v2\/product_brand?post=7191"},{"taxonomy":"product_cat","embeddable":true,"href":"https:\/\/veneakselisto.com\/kauppa\/wp-json\/wp\/v2\/product_cat?post=7191"},{"taxonomy":"product_tag","embeddable":true,"href":"https:\/\/veneakselisto.com\/kauppa\/wp-json\/wp\/v2\/product_tag?post=7191"}],"curies":[{"name":"wp","href":"https:\/\/api.w.org\/{rel}","templated":true}]}}