{"id":7099,"date":"2020-01-27T15:29:15","date_gmt":"2020-01-27T13:29:15","guid":{"rendered":"https:\/\/veneakselisto.com\/kauppa\/?post_type=product&#038;p=7099"},"modified":"2025-03-18T11:53:05","modified_gmt":"2025-03-18T09:53:05","slug":"potkuriakselin-laippa-45mm-5-pitka-malli","status":"publish","type":"product","link":"https:\/\/veneakselisto.com\/kauppa\/tuote\/potkuriakselin-laippa-45mm-5-pitka-malli\/","title":{"rendered":"Potkuriakselin laippa 45mm 5&#8243; pitk\u00e4 malli"},"content":{"rendered":"<div class=\"wpb-content-wrapper\"><p>[vc_row][vc_column][vc_column_text]Potkuriakselin laippa 45mm 5&#8243; pitk\u00e4 malli<\/p>\n<p>Pituus 146mm<\/p>\n<p>Sopivuus esim.:<\/p>\n<ul>\n<li>Velvet Drive 5&#8243;<\/li>\n<li>Hurth HSW450-HSW630<\/li>\n<li>ZF45-ZF63<\/li>\n<li>Technodrive TM345<\/li>\n<li>Volvo penta<\/li>\n<\/ul>\n<p>Ohjaus: 63.5mm &#8220;uros&#8221;<br \/>\nPulttijako: 108mm * 4 reik\u00e4inen[\/vc_column_text][\/vc_column][\/vc_row][vc_row][vc_column][vc_column_text]Laippa\u00a0kiinnitt\u00e4\u00e4 akselin merivaihteeseen.<br \/>\nPotkuriakselilaippa valitaan potkuriakselin halkaisijan ja joko merikytkimen mallin tai pulttijaon ja ohjauksen mukaan.<br \/>\nOhjaus: Laipan keskell\u00e4 oleva ohjaus voi olla joko &#8220;uros&#8221;- tai &#8220;naaras&#8221; -mallia. Ohjaus keskitt\u00e4\u00e4 akselin merikytkimeen.<br \/>\nPulttijako: laipan vastakkaiset rei\u00e4t (ei siis vierekk\u00e4iset).[\/vc_column_text][\/vc_column][\/vc_row]<\/p>\n<\/div>","protected":false},"excerpt":{"rendered":"<p>Potkuriakselin laippa 45mm 5&#8243; pitk\u00e4 malli<\/p>\n<p>Ohjaus: 63.5mm &#8220;uros&#8221;<br \/>\nPulttijako: 108mm * 4 reik\u00e4inen<\/p>\n<p>Pituus 146mm, halkaisija 127mm<\/p>\n","protected":false},"featured_media":7098,"comment_status":"open","ping_status":"closed","template":"","meta":{"jetpack_post_was_ever_published":false,"jetpack_publicize_message":"","jetpack_publicize_feature_enabled":true,"jetpack_social_post_already_shared":true,"jetpack_social_options":{"image_generator_settings":{"template":"highway","default_image_id":0,"font":"","enabled":false},"version":2}},"product_brand":[],"product_cat":[31],"product_tag":[112,231,226,227,235,233,234],"class_list":{"0":"post-7099","1":"product","2":"type-product","3":"status-publish","4":"has-post-thumbnail","6":"product_cat-potkuriakselilaipat","7":"product_tag-45mm","8":"product_tag-hurth","9":"product_tag-laippa","10":"product_tag-potkuriakselilaippa","11":"product_tag-technodrive","12":"product_tag-velvet","13":"product_tag-zf","15":"first","16":"onbackorder","17":"taxable","18":"shipping-taxable","19":"purchasable","20":"product-type-simple"},"yoast_head":"<!-- This site is optimized with the Yoast SEO plugin v27.4 - https:\/\/yoast.com\/product\/yoast-seo-wordpress\/ -->\n<title>Potkuriakselin laippa 45mm 5&quot; pitk\u00e4 malli-Veneakselisto.com-Volvo Penta<\/title>\n<meta name=\"description\" content=\"Potkuriakselin laipat toimittaa Venetarvikkeiden maahantuonti ja myynti. Veneakselisto.com-Venevaraosat.fi. Potkuriakselin laippa 45mm 5&quot; pitk\u00e4 malli\" \/>\n<meta name=\"robots\" content=\"index, follow, max-snippet:-1, max-image-preview:large, max-video-preview:-1\" \/>\n<link rel=\"canonical\" href=\"https:\/\/veneakselisto.com\/kauppa\/tuote\/potkuriakselin-laippa-45mm-5-pitka-malli\/\" \/>\n<meta property=\"og:locale\" content=\"fi_FI\" \/>\n<meta property=\"og:type\" content=\"article\" \/>\n<meta property=\"og:title\" content=\"Potkuriakselin laippa 45mm 5&quot; pitk\u00e4 malli-Veneakselisto.com-Volvo Penta\" \/>\n<meta property=\"og:description\" content=\"Potkuriakselin laipat toimittaa Venetarvikkeiden maahantuonti ja myynti. Veneakselisto.com-Venevaraosat.fi. Potkuriakselin laippa 45mm 5&quot; pitk\u00e4 malli\" \/>\n<meta property=\"og:url\" content=\"https:\/\/veneakselisto.com\/kauppa\/tuote\/potkuriakselin-laippa-45mm-5-pitka-malli\/\" \/>\n<meta property=\"og:site_name\" content=\"Veneakselisto.com - verkkokauppa\" \/>\n<meta property=\"article:publisher\" content=\"https:\/\/www.facebook.com\/AlaMikkula\/\" \/>\n<meta property=\"article:modified_time\" content=\"2025-03-18T09:53:05+00:00\" \/>\n<meta property=\"og:image\" content=\"https:\/\/veneakselisto.com\/kauppa\/wp-content\/uploads\/2020\/01\/laippa-pitk\u00e4.jpg\" \/>\n\t<meta property=\"og:image:width\" content=\"500\" \/>\n\t<meta property=\"og:image:height\" content=\"500\" \/>\n\t<meta property=\"og:image:type\" content=\"image\/jpeg\" \/>\n<meta name=\"twitter:card\" content=\"summary_large_image\" \/>\n<script type=\"application\/ld+json\" class=\"yoast-schema-graph\">{\"@context\":\"https:\\\/\\\/schema.org\",\"@graph\":[{\"@type\":\"WebPage\",\"@id\":\"https:\\\/\\\/veneakselisto.com\\\/kauppa\\\/tuote\\\/potkuriakselin-laippa-45mm-5-pitka-malli\\\/\",\"url\":\"https:\\\/\\\/veneakselisto.com\\\/kauppa\\\/tuote\\\/potkuriakselin-laippa-45mm-5-pitka-malli\\\/\",\"name\":\"Potkuriakselin laippa 45mm 5\\\" pitk\u00e4 malli-Veneakselisto.com-Volvo Penta\",\"isPartOf\":{\"@id\":\"https:\\\/\\\/veneakselisto.com\\\/kauppa\\\/#website\"},\"primaryImageOfPage\":{\"@id\":\"https:\\\/\\\/veneakselisto.com\\\/kauppa\\\/tuote\\\/potkuriakselin-laippa-45mm-5-pitka-malli\\\/#primaryimage\"},\"image\":{\"@id\":\"https:\\\/\\\/veneakselisto.com\\\/kauppa\\\/tuote\\\/potkuriakselin-laippa-45mm-5-pitka-malli\\\/#primaryimage\"},\"thumbnailUrl\":\"https:\\\/\\\/i0.wp.com\\\/veneakselisto.com\\\/kauppa\\\/wp-content\\\/uploads\\\/2020\\\/01\\\/laippa-pitk%C3%A4.jpg?fit=500%2C500&ssl=1\",\"datePublished\":\"2020-01-27T13:29:15+00:00\",\"dateModified\":\"2025-03-18T09:53:05+00:00\",\"description\":\"Potkuriakselin laipat toimittaa Venetarvikkeiden maahantuonti ja myynti. Veneakselisto.com-Venevaraosat.fi. Potkuriakselin laippa 45mm 5\\\" pitk\u00e4 malli\",\"breadcrumb\":{\"@id\":\"https:\\\/\\\/veneakselisto.com\\\/kauppa\\\/tuote\\\/potkuriakselin-laippa-45mm-5-pitka-malli\\\/#breadcrumb\"},\"inLanguage\":\"fi\",\"potentialAction\":[{\"@type\":\"ReadAction\",\"target\":[\"https:\\\/\\\/veneakselisto.com\\\/kauppa\\\/tuote\\\/potkuriakselin-laippa-45mm-5-pitka-malli\\\/\"]}]},{\"@type\":\"ImageObject\",\"inLanguage\":\"fi\",\"@id\":\"https:\\\/\\\/veneakselisto.com\\\/kauppa\\\/tuote\\\/potkuriakselin-laippa-45mm-5-pitka-malli\\\/#primaryimage\",\"url\":\"https:\\\/\\\/i0.wp.com\\\/veneakselisto.com\\\/kauppa\\\/wp-content\\\/uploads\\\/2020\\\/01\\\/laippa-pitk%C3%A4.jpg?fit=500%2C500&ssl=1\",\"contentUrl\":\"https:\\\/\\\/i0.wp.com\\\/veneakselisto.com\\\/kauppa\\\/wp-content\\\/uploads\\\/2020\\\/01\\\/laippa-pitk%C3%A4.jpg?fit=500%2C500&ssl=1\",\"width\":500,\"height\":500,\"caption\":\"Veneakselistojen ammattilainen toimittaa laipat l\u00e4hes kaikkiin merikytkimiin-Veneakselisto\"},{\"@type\":\"BreadcrumbList\",\"@id\":\"https:\\\/\\\/veneakselisto.com\\\/kauppa\\\/tuote\\\/potkuriakselin-laippa-45mm-5-pitka-malli\\\/#breadcrumb\",\"itemListElement\":[{\"@type\":\"ListItem\",\"position\":1,\"name\":\"Etusivu\",\"item\":\"https:\\\/\\\/veneakselisto.com\\\/kauppa\\\/\"},{\"@type\":\"ListItem\",\"position\":2,\"name\":\"Kauppa\",\"item\":\"https:\\\/\\\/veneakselisto.com\\\/kauppa\\\/\"},{\"@type\":\"ListItem\",\"position\":3,\"name\":\"Potkuriakselin laippa 45mm 5&#8243; pitk\u00e4 malli\"}]},{\"@type\":\"WebSite\",\"@id\":\"https:\\\/\\\/veneakselisto.com\\\/kauppa\\\/#website\",\"url\":\"https:\\\/\\\/veneakselisto.com\\\/kauppa\\\/\",\"name\":\"Veneakselisto.com - verkkokauppa\",\"description\":\"Venetarvikkeiden maahantuonti ja myynti\",\"publisher\":{\"@id\":\"https:\\\/\\\/veneakselisto.com\\\/kauppa\\\/#organization\"},\"potentialAction\":[{\"@type\":\"SearchAction\",\"target\":{\"@type\":\"EntryPoint\",\"urlTemplate\":\"https:\\\/\\\/veneakselisto.com\\\/kauppa\\\/?s={search_term_string}\"},\"query-input\":{\"@type\":\"PropertyValueSpecification\",\"valueRequired\":true,\"valueName\":\"search_term_string\"}}],\"inLanguage\":\"fi\"},{\"@type\":\"Organization\",\"@id\":\"https:\\\/\\\/veneakselisto.com\\\/kauppa\\\/#organization\",\"name\":\"Veneakselisto.com verkkokauppa\",\"url\":\"https:\\\/\\\/veneakselisto.com\\\/kauppa\\\/\",\"logo\":{\"@type\":\"ImageObject\",\"inLanguage\":\"fi\",\"@id\":\"https:\\\/\\\/veneakselisto.com\\\/kauppa\\\/#\\\/schema\\\/logo\\\/image\\\/\",\"url\":\"https:\\\/\\\/i2.wp.com\\\/veneakselisto.com\\\/kauppa\\\/wp-content\\\/uploads\\\/2016\\\/06\\\/fb_icon.jpg?fit=327%2C327&ssl=1\",\"contentUrl\":\"https:\\\/\\\/i2.wp.com\\\/veneakselisto.com\\\/kauppa\\\/wp-content\\\/uploads\\\/2016\\\/06\\\/fb_icon.jpg?fit=327%2C327&ssl=1\",\"width\":327,\"height\":327,\"caption\":\"Veneakselisto.com verkkokauppa\"},\"image\":{\"@id\":\"https:\\\/\\\/veneakselisto.com\\\/kauppa\\\/#\\\/schema\\\/logo\\\/image\\\/\"},\"sameAs\":[\"https:\\\/\\\/www.facebook.com\\\/AlaMikkula\\\/\"]}]}<\/script>\n<!-- \/ Yoast SEO plugin. -->","yoast_head_json":{"title":"Potkuriakselin laippa 45mm 5\" pitk\u00e4 malli-Veneakselisto.com-Volvo Penta","description":"Potkuriakselin laipat toimittaa Venetarvikkeiden maahantuonti ja myynti. Veneakselisto.com-Venevaraosat.fi. Potkuriakselin laippa 45mm 5\" pitk\u00e4 malli","robots":{"index":"index","follow":"follow","max-snippet":"max-snippet:-1","max-image-preview":"max-image-preview:large","max-video-preview":"max-video-preview:-1"},"canonical":"https:\/\/veneakselisto.com\/kauppa\/tuote\/potkuriakselin-laippa-45mm-5-pitka-malli\/","og_locale":"fi_FI","og_type":"article","og_title":"Potkuriakselin laippa 45mm 5\" pitk\u00e4 malli-Veneakselisto.com-Volvo Penta","og_description":"Potkuriakselin laipat toimittaa Venetarvikkeiden maahantuonti ja myynti. Veneakselisto.com-Venevaraosat.fi. Potkuriakselin laippa 45mm 5\" pitk\u00e4 malli","og_url":"https:\/\/veneakselisto.com\/kauppa\/tuote\/potkuriakselin-laippa-45mm-5-pitka-malli\/","og_site_name":"Veneakselisto.com - verkkokauppa","article_publisher":"https:\/\/www.facebook.com\/AlaMikkula\/","article_modified_time":"2025-03-18T09:53:05+00:00","og_image":[{"width":500,"height":500,"url":"https:\/\/veneakselisto.com\/kauppa\/wp-content\/uploads\/2020\/01\/laippa-pitk\u00e4.jpg","type":"image\/jpeg"}],"twitter_card":"summary_large_image","schema":{"@context":"https:\/\/schema.org","@graph":[{"@type":"WebPage","@id":"https:\/\/veneakselisto.com\/kauppa\/tuote\/potkuriakselin-laippa-45mm-5-pitka-malli\/","url":"https:\/\/veneakselisto.com\/kauppa\/tuote\/potkuriakselin-laippa-45mm-5-pitka-malli\/","name":"Potkuriakselin laippa 45mm 5\" pitk\u00e4 malli-Veneakselisto.com-Volvo Penta","isPartOf":{"@id":"https:\/\/veneakselisto.com\/kauppa\/#website"},"primaryImageOfPage":{"@id":"https:\/\/veneakselisto.com\/kauppa\/tuote\/potkuriakselin-laippa-45mm-5-pitka-malli\/#primaryimage"},"image":{"@id":"https:\/\/veneakselisto.com\/kauppa\/tuote\/potkuriakselin-laippa-45mm-5-pitka-malli\/#primaryimage"},"thumbnailUrl":"https:\/\/i0.wp.com\/veneakselisto.com\/kauppa\/wp-content\/uploads\/2020\/01\/laippa-pitk%C3%A4.jpg?fit=500%2C500&ssl=1","datePublished":"2020-01-27T13:29:15+00:00","dateModified":"2025-03-18T09:53:05+00:00","description":"Potkuriakselin laipat toimittaa Venetarvikkeiden maahantuonti ja myynti. Veneakselisto.com-Venevaraosat.fi. Potkuriakselin laippa 45mm 5\" pitk\u00e4 malli","breadcrumb":{"@id":"https:\/\/veneakselisto.com\/kauppa\/tuote\/potkuriakselin-laippa-45mm-5-pitka-malli\/#breadcrumb"},"inLanguage":"fi","potentialAction":[{"@type":"ReadAction","target":["https:\/\/veneakselisto.com\/kauppa\/tuote\/potkuriakselin-laippa-45mm-5-pitka-malli\/"]}]},{"@type":"ImageObject","inLanguage":"fi","@id":"https:\/\/veneakselisto.com\/kauppa\/tuote\/potkuriakselin-laippa-45mm-5-pitka-malli\/#primaryimage","url":"https:\/\/i0.wp.com\/veneakselisto.com\/kauppa\/wp-content\/uploads\/2020\/01\/laippa-pitk%C3%A4.jpg?fit=500%2C500&ssl=1","contentUrl":"https:\/\/i0.wp.com\/veneakselisto.com\/kauppa\/wp-content\/uploads\/2020\/01\/laippa-pitk%C3%A4.jpg?fit=500%2C500&ssl=1","width":500,"height":500,"caption":"Veneakselistojen ammattilainen toimittaa laipat l\u00e4hes kaikkiin merikytkimiin-Veneakselisto"},{"@type":"BreadcrumbList","@id":"https:\/\/veneakselisto.com\/kauppa\/tuote\/potkuriakselin-laippa-45mm-5-pitka-malli\/#breadcrumb","itemListElement":[{"@type":"ListItem","position":1,"name":"Etusivu","item":"https:\/\/veneakselisto.com\/kauppa\/"},{"@type":"ListItem","position":2,"name":"Kauppa","item":"https:\/\/veneakselisto.com\/kauppa\/"},{"@type":"ListItem","position":3,"name":"Potkuriakselin laippa 45mm 5&#8243; pitk\u00e4 malli"}]},{"@type":"WebSite","@id":"https:\/\/veneakselisto.com\/kauppa\/#website","url":"https:\/\/veneakselisto.com\/kauppa\/","name":"Veneakselisto.com - verkkokauppa","description":"Venetarvikkeiden maahantuonti ja myynti","publisher":{"@id":"https:\/\/veneakselisto.com\/kauppa\/#organization"},"potentialAction":[{"@type":"SearchAction","target":{"@type":"EntryPoint","urlTemplate":"https:\/\/veneakselisto.com\/kauppa\/?s={search_term_string}"},"query-input":{"@type":"PropertyValueSpecification","valueRequired":true,"valueName":"search_term_string"}}],"inLanguage":"fi"},{"@type":"Organization","@id":"https:\/\/veneakselisto.com\/kauppa\/#organization","name":"Veneakselisto.com verkkokauppa","url":"https:\/\/veneakselisto.com\/kauppa\/","logo":{"@type":"ImageObject","inLanguage":"fi","@id":"https:\/\/veneakselisto.com\/kauppa\/#\/schema\/logo\/image\/","url":"https:\/\/i2.wp.com\/veneakselisto.com\/kauppa\/wp-content\/uploads\/2016\/06\/fb_icon.jpg?fit=327%2C327&ssl=1","contentUrl":"https:\/\/i2.wp.com\/veneakselisto.com\/kauppa\/wp-content\/uploads\/2016\/06\/fb_icon.jpg?fit=327%2C327&ssl=1","width":327,"height":327,"caption":"Veneakselisto.com verkkokauppa"},"image":{"@id":"https:\/\/veneakselisto.com\/kauppa\/#\/schema\/logo\/image\/"},"sameAs":["https:\/\/www.facebook.com\/AlaMikkula\/"]}]}},"jetpack_publicize_connections":[],"jetpack_sharing_enabled":true,"_links":{"self":[{"href":"https:\/\/veneakselisto.com\/kauppa\/wp-json\/wp\/v2\/product\/7099","targetHints":{"allow":["GET"]}}],"collection":[{"href":"https:\/\/veneakselisto.com\/kauppa\/wp-json\/wp\/v2\/product"}],"about":[{"href":"https:\/\/veneakselisto.com\/kauppa\/wp-json\/wp\/v2\/types\/product"}],"replies":[{"embeddable":true,"href":"https:\/\/veneakselisto.com\/kauppa\/wp-json\/wp\/v2\/comments?post=7099"}],"wp:featuredmedia":[{"embeddable":true,"href":"https:\/\/veneakselisto.com\/kauppa\/wp-json\/wp\/v2\/media\/7098"}],"wp:attachment":[{"href":"https:\/\/veneakselisto.com\/kauppa\/wp-json\/wp\/v2\/media?parent=7099"}],"wp:term":[{"taxonomy":"product_brand","embeddable":true,"href":"https:\/\/veneakselisto.com\/kauppa\/wp-json\/wp\/v2\/product_brand?post=7099"},{"taxonomy":"product_cat","embeddable":true,"href":"https:\/\/veneakselisto.com\/kauppa\/wp-json\/wp\/v2\/product_cat?post=7099"},{"taxonomy":"product_tag","embeddable":true,"href":"https:\/\/veneakselisto.com\/kauppa\/wp-json\/wp\/v2\/product_tag?post=7099"}],"curies":[{"name":"wp","href":"https:\/\/api.w.org\/{rel}","templated":true}]}}