{"id":7093,"date":"2020-01-27T15:03:52","date_gmt":"2020-01-27T13:03:52","guid":{"rendered":"https:\/\/veneakselisto.com\/kauppa\/?post_type=product&#038;p=7093"},"modified":"2025-03-20T15:05:22","modified_gmt":"2025-03-20T13:05:22","slug":"potkuriakseli-laippa-p-30mm-4","status":"publish","type":"product","link":"https:\/\/veneakselisto.com\/kauppa\/tuote\/potkuriakseli-laippa-p-30mm-4\/","title":{"rendered":"Potkuriakseli laippa  30mm 4&#8243;"},"content":{"rendered":"<div class=\"wpb-content-wrapper\"><p>[vc_row][vc_column][vc_column_text]<\/p>\n<p>Potkuriakseli laippa P 30mm 4&#8243;<\/p>\n<p>Sopivuus esim.:<\/p>\n<ul>\n<li>71C 1:1, 72C 1:1, BW 4&#8243;, HBW 4&#8243;, PRM 4&#8243;, PRM Delta, TMC260, TMC40, TMC60, TMC60A, Velvet Drive 4&#8243;, ZF10M, ZF12M, ZF15M, ZF25, ZF25A, ZF25M, ZF-Hurth 4&#8243;<\/li>\n<\/ul>\n<p>Ohjaus: 63.5mm &#8220;uros&#8221;<br \/>\nPulttijako: 82.5mm * 4 reik\u00e4inen[\/vc_column_text][\/vc_column][\/vc_row][vc_row][vc_column][vc_column_text]<\/p>\n<p>Laipan pituus 90mm<\/p>\n<p>Laippa\u00a0kiinnitt\u00e4\u00e4 akselin merivaihteeseen.<br \/>\nPotkuriakselilaippa valitaan potkuriakselin halkaisijan ja joko merikytkimen mallin tai pulttijaon ja ohjauksen mukaan.<br \/>\nOhjaus: Laipan keskell\u00e4 oleva ohjaus voi olla joko &#8220;uros&#8221;- tai &#8220;naaras&#8221; -mallia. Ohjaus keskitt\u00e4\u00e4 akselin merikytkimeen.<br \/>\nPulttijako: laipan vastakkaiset rei\u00e4t (ei siis vierekk\u00e4iset).[\/vc_column_text][\/vc_column][\/vc_row]<\/p>\n<\/div>","protected":false},"excerpt":{"rendered":"<p>Potkuriakseli laippa P 25mm 4&#8243;<\/p>\n<p>Ohjaus: 63.5mm &#8220;uros&#8221;<br \/>\nPulttijako: 82.5mm * 4 reik\u00e4inen<\/p>\n<p>Laipan pituus 90mm<\/p>\n","protected":false},"featured_media":7088,"comment_status":"open","ping_status":"closed","template":"","meta":{"jetpack_post_was_ever_published":false,"jetpack_publicize_message":"","jetpack_publicize_feature_enabled":true,"jetpack_social_post_already_shared":true,"jetpack_social_options":{"image_generator_settings":{"template":"highway","default_image_id":0,"font":"","enabled":false},"version":2}},"product_brand":[],"product_cat":[31],"product_tag":[88,231,226,227,232,230,233],"class_list":{"0":"post-7093","1":"product","2":"type-product","3":"status-publish","4":"has-post-thumbnail","6":"product_cat-potkuriakselilaipat","7":"product_tag-30mm","8":"product_tag-hurth","9":"product_tag-laippa","10":"product_tag-potkuriakselilaippa","11":"product_tag-prm","12":"product_tag-tmc","13":"product_tag-velvet","15":"first","16":"instock","17":"taxable","18":"shipping-taxable","19":"purchasable","20":"product-type-simple"},"yoast_head":"<!-- This site is optimized with the Yoast SEO plugin v27.3 - https:\/\/yoast.com\/product\/yoast-seo-wordpress\/ -->\n<title>Potkuriakseli laippa P 30mm 4&quot; -Potkuriakselilaippa-Veneakselisto-potkuri<\/title>\n<meta name=\"description\" content=\"Potkuriakselin laipat toimittaa Venetarvikkeiden maahantuonti ja myynti. Veneakselisto.com-Venevaraosat.fi. Potkuriakseli laippa P 30mm 4&quot;\" \/>\n<meta name=\"robots\" content=\"index, follow, max-snippet:-1, max-image-preview:large, max-video-preview:-1\" \/>\n<link rel=\"canonical\" href=\"https:\/\/veneakselisto.com\/kauppa\/tuote\/potkuriakseli-laippa-p-30mm-4\/\" \/>\n<meta property=\"og:locale\" content=\"fi_FI\" \/>\n<meta property=\"og:type\" content=\"article\" \/>\n<meta property=\"og:title\" content=\"Potkuriakseli laippa P 30mm 4&quot; -Potkuriakselilaippa-Veneakselisto-potkuri\" \/>\n<meta property=\"og:description\" content=\"Potkuriakselin laipat toimittaa Venetarvikkeiden maahantuonti ja myynti. Veneakselisto.com-Venevaraosat.fi. Potkuriakseli laippa P 30mm 4&quot;\" \/>\n<meta property=\"og:url\" content=\"https:\/\/veneakselisto.com\/kauppa\/tuote\/potkuriakseli-laippa-p-30mm-4\/\" \/>\n<meta property=\"og:site_name\" content=\"Veneakselisto.com - verkkokauppa\" \/>\n<meta property=\"article:publisher\" content=\"https:\/\/www.facebook.com\/AlaMikkula\/\" \/>\n<meta property=\"article:modified_time\" content=\"2025-03-20T13:05:22+00:00\" \/>\n<meta property=\"og:image\" content=\"https:\/\/veneakselisto.com\/kauppa\/wp-content\/uploads\/2020\/01\/laippa-4-me.jpg\" \/>\n\t<meta property=\"og:image:width\" content=\"500\" \/>\n\t<meta property=\"og:image:height\" content=\"500\" \/>\n\t<meta property=\"og:image:type\" content=\"image\/jpeg\" \/>\n<meta name=\"twitter:card\" content=\"summary_large_image\" \/>\n<meta name=\"twitter:label1\" content=\"Arvioitu lukuaika\" \/>\n\t<meta name=\"twitter:data1\" content=\"1 minuutti\" \/>\n<script type=\"application\/ld+json\" class=\"yoast-schema-graph\">{\"@context\":\"https:\\\/\\\/schema.org\",\"@graph\":[{\"@type\":\"WebPage\",\"@id\":\"https:\\\/\\\/veneakselisto.com\\\/kauppa\\\/tuote\\\/potkuriakseli-laippa-p-30mm-4\\\/\",\"url\":\"https:\\\/\\\/veneakselisto.com\\\/kauppa\\\/tuote\\\/potkuriakseli-laippa-p-30mm-4\\\/\",\"name\":\"Potkuriakseli laippa P 30mm 4\\\" -Potkuriakselilaippa-Veneakselisto-potkuri\",\"isPartOf\":{\"@id\":\"https:\\\/\\\/veneakselisto.com\\\/kauppa\\\/#website\"},\"primaryImageOfPage\":{\"@id\":\"https:\\\/\\\/veneakselisto.com\\\/kauppa\\\/tuote\\\/potkuriakseli-laippa-p-30mm-4\\\/#primaryimage\"},\"image\":{\"@id\":\"https:\\\/\\\/veneakselisto.com\\\/kauppa\\\/tuote\\\/potkuriakseli-laippa-p-30mm-4\\\/#primaryimage\"},\"thumbnailUrl\":\"https:\\\/\\\/i0.wp.com\\\/veneakselisto.com\\\/kauppa\\\/wp-content\\\/uploads\\\/2020\\\/01\\\/laippa-4-me.jpg?fit=500%2C500&ssl=1\",\"datePublished\":\"2020-01-27T13:03:52+00:00\",\"dateModified\":\"2025-03-20T13:05:22+00:00\",\"description\":\"Potkuriakselin laipat toimittaa Venetarvikkeiden maahantuonti ja myynti. Veneakselisto.com-Venevaraosat.fi. Potkuriakseli laippa P 30mm 4\\\"\",\"breadcrumb\":{\"@id\":\"https:\\\/\\\/veneakselisto.com\\\/kauppa\\\/tuote\\\/potkuriakseli-laippa-p-30mm-4\\\/#breadcrumb\"},\"inLanguage\":\"fi\",\"potentialAction\":[{\"@type\":\"ReadAction\",\"target\":[\"https:\\\/\\\/veneakselisto.com\\\/kauppa\\\/tuote\\\/potkuriakseli-laippa-p-30mm-4\\\/\"]}]},{\"@type\":\"ImageObject\",\"inLanguage\":\"fi\",\"@id\":\"https:\\\/\\\/veneakselisto.com\\\/kauppa\\\/tuote\\\/potkuriakseli-laippa-p-30mm-4\\\/#primaryimage\",\"url\":\"https:\\\/\\\/i0.wp.com\\\/veneakselisto.com\\\/kauppa\\\/wp-content\\\/uploads\\\/2020\\\/01\\\/laippa-4-me.jpg?fit=500%2C500&ssl=1\",\"contentUrl\":\"https:\\\/\\\/i0.wp.com\\\/veneakselisto.com\\\/kauppa\\\/wp-content\\\/uploads\\\/2020\\\/01\\\/laippa-4-me.jpg?fit=500%2C500&ssl=1\",\"width\":500,\"height\":500,\"caption\":\"Potkuriakselin laipat saat Veneakselisto.com-Veneakselistojen ammattilainen\"},{\"@type\":\"BreadcrumbList\",\"@id\":\"https:\\\/\\\/veneakselisto.com\\\/kauppa\\\/tuote\\\/potkuriakseli-laippa-p-30mm-4\\\/#breadcrumb\",\"itemListElement\":[{\"@type\":\"ListItem\",\"position\":1,\"name\":\"Etusivu\",\"item\":\"https:\\\/\\\/veneakselisto.com\\\/kauppa\\\/\"},{\"@type\":\"ListItem\",\"position\":2,\"name\":\"Kauppa\",\"item\":\"https:\\\/\\\/veneakselisto.com\\\/kauppa\\\/\"},{\"@type\":\"ListItem\",\"position\":3,\"name\":\"Potkuriakseli laippa 30mm 4&#8243;\"}]},{\"@type\":\"WebSite\",\"@id\":\"https:\\\/\\\/veneakselisto.com\\\/kauppa\\\/#website\",\"url\":\"https:\\\/\\\/veneakselisto.com\\\/kauppa\\\/\",\"name\":\"Veneakselisto.com - verkkokauppa\",\"description\":\"Venetarvikkeiden maahantuonti ja myynti\",\"publisher\":{\"@id\":\"https:\\\/\\\/veneakselisto.com\\\/kauppa\\\/#organization\"},\"potentialAction\":[{\"@type\":\"SearchAction\",\"target\":{\"@type\":\"EntryPoint\",\"urlTemplate\":\"https:\\\/\\\/veneakselisto.com\\\/kauppa\\\/?s={search_term_string}\"},\"query-input\":{\"@type\":\"PropertyValueSpecification\",\"valueRequired\":true,\"valueName\":\"search_term_string\"}}],\"inLanguage\":\"fi\"},{\"@type\":\"Organization\",\"@id\":\"https:\\\/\\\/veneakselisto.com\\\/kauppa\\\/#organization\",\"name\":\"Veneakselisto.com verkkokauppa\",\"url\":\"https:\\\/\\\/veneakselisto.com\\\/kauppa\\\/\",\"logo\":{\"@type\":\"ImageObject\",\"inLanguage\":\"fi\",\"@id\":\"https:\\\/\\\/veneakselisto.com\\\/kauppa\\\/#\\\/schema\\\/logo\\\/image\\\/\",\"url\":\"https:\\\/\\\/i2.wp.com\\\/veneakselisto.com\\\/kauppa\\\/wp-content\\\/uploads\\\/2016\\\/06\\\/fb_icon.jpg?fit=327%2C327&ssl=1\",\"contentUrl\":\"https:\\\/\\\/i2.wp.com\\\/veneakselisto.com\\\/kauppa\\\/wp-content\\\/uploads\\\/2016\\\/06\\\/fb_icon.jpg?fit=327%2C327&ssl=1\",\"width\":327,\"height\":327,\"caption\":\"Veneakselisto.com verkkokauppa\"},\"image\":{\"@id\":\"https:\\\/\\\/veneakselisto.com\\\/kauppa\\\/#\\\/schema\\\/logo\\\/image\\\/\"},\"sameAs\":[\"https:\\\/\\\/www.facebook.com\\\/AlaMikkula\\\/\"]}]}<\/script>\n<!-- \/ Yoast SEO plugin. -->","yoast_head_json":{"title":"Potkuriakseli laippa P 30mm 4\" -Potkuriakselilaippa-Veneakselisto-potkuri","description":"Potkuriakselin laipat toimittaa Venetarvikkeiden maahantuonti ja myynti. Veneakselisto.com-Venevaraosat.fi. Potkuriakseli laippa P 30mm 4\"","robots":{"index":"index","follow":"follow","max-snippet":"max-snippet:-1","max-image-preview":"max-image-preview:large","max-video-preview":"max-video-preview:-1"},"canonical":"https:\/\/veneakselisto.com\/kauppa\/tuote\/potkuriakseli-laippa-p-30mm-4\/","og_locale":"fi_FI","og_type":"article","og_title":"Potkuriakseli laippa P 30mm 4\" -Potkuriakselilaippa-Veneakselisto-potkuri","og_description":"Potkuriakselin laipat toimittaa Venetarvikkeiden maahantuonti ja myynti. Veneakselisto.com-Venevaraosat.fi. Potkuriakseli laippa P 30mm 4\"","og_url":"https:\/\/veneakselisto.com\/kauppa\/tuote\/potkuriakseli-laippa-p-30mm-4\/","og_site_name":"Veneakselisto.com - verkkokauppa","article_publisher":"https:\/\/www.facebook.com\/AlaMikkula\/","article_modified_time":"2025-03-20T13:05:22+00:00","og_image":[{"width":500,"height":500,"url":"https:\/\/veneakselisto.com\/kauppa\/wp-content\/uploads\/2020\/01\/laippa-4-me.jpg","type":"image\/jpeg"}],"twitter_card":"summary_large_image","twitter_misc":{"Arvioitu lukuaika":"1 minuutti"},"schema":{"@context":"https:\/\/schema.org","@graph":[{"@type":"WebPage","@id":"https:\/\/veneakselisto.com\/kauppa\/tuote\/potkuriakseli-laippa-p-30mm-4\/","url":"https:\/\/veneakselisto.com\/kauppa\/tuote\/potkuriakseli-laippa-p-30mm-4\/","name":"Potkuriakseli laippa P 30mm 4\" -Potkuriakselilaippa-Veneakselisto-potkuri","isPartOf":{"@id":"https:\/\/veneakselisto.com\/kauppa\/#website"},"primaryImageOfPage":{"@id":"https:\/\/veneakselisto.com\/kauppa\/tuote\/potkuriakseli-laippa-p-30mm-4\/#primaryimage"},"image":{"@id":"https:\/\/veneakselisto.com\/kauppa\/tuote\/potkuriakseli-laippa-p-30mm-4\/#primaryimage"},"thumbnailUrl":"https:\/\/i0.wp.com\/veneakselisto.com\/kauppa\/wp-content\/uploads\/2020\/01\/laippa-4-me.jpg?fit=500%2C500&ssl=1","datePublished":"2020-01-27T13:03:52+00:00","dateModified":"2025-03-20T13:05:22+00:00","description":"Potkuriakselin laipat toimittaa Venetarvikkeiden maahantuonti ja myynti. Veneakselisto.com-Venevaraosat.fi. Potkuriakseli laippa P 30mm 4\"","breadcrumb":{"@id":"https:\/\/veneakselisto.com\/kauppa\/tuote\/potkuriakseli-laippa-p-30mm-4\/#breadcrumb"},"inLanguage":"fi","potentialAction":[{"@type":"ReadAction","target":["https:\/\/veneakselisto.com\/kauppa\/tuote\/potkuriakseli-laippa-p-30mm-4\/"]}]},{"@type":"ImageObject","inLanguage":"fi","@id":"https:\/\/veneakselisto.com\/kauppa\/tuote\/potkuriakseli-laippa-p-30mm-4\/#primaryimage","url":"https:\/\/i0.wp.com\/veneakselisto.com\/kauppa\/wp-content\/uploads\/2020\/01\/laippa-4-me.jpg?fit=500%2C500&ssl=1","contentUrl":"https:\/\/i0.wp.com\/veneakselisto.com\/kauppa\/wp-content\/uploads\/2020\/01\/laippa-4-me.jpg?fit=500%2C500&ssl=1","width":500,"height":500,"caption":"Potkuriakselin laipat saat Veneakselisto.com-Veneakselistojen ammattilainen"},{"@type":"BreadcrumbList","@id":"https:\/\/veneakselisto.com\/kauppa\/tuote\/potkuriakseli-laippa-p-30mm-4\/#breadcrumb","itemListElement":[{"@type":"ListItem","position":1,"name":"Etusivu","item":"https:\/\/veneakselisto.com\/kauppa\/"},{"@type":"ListItem","position":2,"name":"Kauppa","item":"https:\/\/veneakselisto.com\/kauppa\/"},{"@type":"ListItem","position":3,"name":"Potkuriakseli laippa 30mm 4&#8243;"}]},{"@type":"WebSite","@id":"https:\/\/veneakselisto.com\/kauppa\/#website","url":"https:\/\/veneakselisto.com\/kauppa\/","name":"Veneakselisto.com - verkkokauppa","description":"Venetarvikkeiden maahantuonti ja myynti","publisher":{"@id":"https:\/\/veneakselisto.com\/kauppa\/#organization"},"potentialAction":[{"@type":"SearchAction","target":{"@type":"EntryPoint","urlTemplate":"https:\/\/veneakselisto.com\/kauppa\/?s={search_term_string}"},"query-input":{"@type":"PropertyValueSpecification","valueRequired":true,"valueName":"search_term_string"}}],"inLanguage":"fi"},{"@type":"Organization","@id":"https:\/\/veneakselisto.com\/kauppa\/#organization","name":"Veneakselisto.com verkkokauppa","url":"https:\/\/veneakselisto.com\/kauppa\/","logo":{"@type":"ImageObject","inLanguage":"fi","@id":"https:\/\/veneakselisto.com\/kauppa\/#\/schema\/logo\/image\/","url":"https:\/\/i2.wp.com\/veneakselisto.com\/kauppa\/wp-content\/uploads\/2016\/06\/fb_icon.jpg?fit=327%2C327&ssl=1","contentUrl":"https:\/\/i2.wp.com\/veneakselisto.com\/kauppa\/wp-content\/uploads\/2016\/06\/fb_icon.jpg?fit=327%2C327&ssl=1","width":327,"height":327,"caption":"Veneakselisto.com verkkokauppa"},"image":{"@id":"https:\/\/veneakselisto.com\/kauppa\/#\/schema\/logo\/image\/"},"sameAs":["https:\/\/www.facebook.com\/AlaMikkula\/"]}]}},"jetpack_publicize_connections":[],"jetpack_sharing_enabled":true,"_links":{"self":[{"href":"https:\/\/veneakselisto.com\/kauppa\/wp-json\/wp\/v2\/product\/7093","targetHints":{"allow":["GET"]}}],"collection":[{"href":"https:\/\/veneakselisto.com\/kauppa\/wp-json\/wp\/v2\/product"}],"about":[{"href":"https:\/\/veneakselisto.com\/kauppa\/wp-json\/wp\/v2\/types\/product"}],"replies":[{"embeddable":true,"href":"https:\/\/veneakselisto.com\/kauppa\/wp-json\/wp\/v2\/comments?post=7093"}],"wp:featuredmedia":[{"embeddable":true,"href":"https:\/\/veneakselisto.com\/kauppa\/wp-json\/wp\/v2\/media\/7088"}],"wp:attachment":[{"href":"https:\/\/veneakselisto.com\/kauppa\/wp-json\/wp\/v2\/media?parent=7093"}],"wp:term":[{"taxonomy":"product_brand","embeddable":true,"href":"https:\/\/veneakselisto.com\/kauppa\/wp-json\/wp\/v2\/product_brand?post=7093"},{"taxonomy":"product_cat","embeddable":true,"href":"https:\/\/veneakselisto.com\/kauppa\/wp-json\/wp\/v2\/product_cat?post=7093"},{"taxonomy":"product_tag","embeddable":true,"href":"https:\/\/veneakselisto.com\/kauppa\/wp-json\/wp\/v2\/product_tag?post=7093"}],"curies":[{"name":"wp","href":"https:\/\/api.w.org\/{rel}","templated":true}]}}