{"id":7055,"date":"2020-01-25T11:44:51","date_gmt":"2020-01-25T09:44:51","guid":{"rendered":"https:\/\/veneakselisto.com\/kauppa\/?post_type=product&#038;p=7055"},"modified":"2024-08-31T23:30:03","modified_gmt":"2024-08-31T20:30:03","slug":"volvo-penta-tiiviste-vetolaitteen-ylakoteloon","status":"publish","type":"product","link":"https:\/\/veneakselisto.com\/kauppa\/tuote\/volvo-penta-tiiviste-vetolaitteen-ylakoteloon\/","title":{"rendered":"Volvo Penta tiiviste Vetolaitteen yl\u00e4koteloon"},"content":{"rendered":"<p>Volvo Penta tiiviste Vetolaitteen yl\u00e4koteloon<\/p>\n<p>sopivuus Volvo Penta vetolaitteisiin<\/p>\n<p>200, 250, 270, 280, 285, 290, 290DP, SP-C1, DP-C1, DP-D1, DP-E, DP-S1, DPX, DPX-S, DPX-S1, DPX-S, DPX-S1, DPX-R<\/p>\n<p>&nbsp;<\/p>\n<div class=\"text-wrap tlid-copy-target\">\n<h5 class=\"result-shield-container tlid-copy-target\"><span class=\"tlid-translation translation\" lang=\"fi\"><strong><span title=\"\">Ruotsalainen Orbitrade valmistaa varaosia suosituinpiin merimoottoreihin<\/span><\/strong><\/span><\/h5>\n<p class=\"result-shield-container tlid-copy-target\"><span class=\"tlid-translation translation\" lang=\"fi\"><span title=\"\">Orbitrade on erikoistunut merimoottoreiden j\u00e4lkimarkkinaosiin.<\/span> <span title=\"\">Orbitrade <\/span><\/span><span class=\"tlid-translation translation\" lang=\"fi\"><span title=\"\">valmistanut ja markkinoinut <\/span><span title=\"\">korkealaatuisia merimoottoreiden varaosia yli 30 vuoden ajan.<\/span> <span title=\"\">Orbitrade toimittaa t\u00e4ydelliset huoltosarjat, juoksupy\u00f6r\u00e4t, suodattimet, <\/span><span class=\"\" title=\"\">anodit, pakopuolen osat, vetohihnat, paljepaketit ja paljon muuta. Orbitraden mallisto laajentuu jatkuvasti.<br \/>\n<\/span><\/span><\/p>\n<\/div>\n<div class=\"tlid-result-transliteration-container result-transliteration-container transliteration-container\">\n<div class=\"tlid-transliteration-content transliteration-content full\">Olemme valinneet vain laadukkaita tuotteita valikoimaamme joita myymme edulliseen Veneakselisto hintaan.<\/div>\n<\/div>\n<div class=\"term-description\">\n<p>Volvo Penta, OMC ja Mercruiser per\u00e4vetolaitteiden huolto-osat toimittaa Veneakselisto.com<\/p>\n<\/div>\n","protected":false},"excerpt":{"rendered":"<p>Volvo Penta vetolaitteen\u00a0yl\u00e4tiivistesarja. Valmistaja Orbitrade<\/p>\n<p>Sopivuus<\/p>\n<p>100A<\/p>\n<p>Tuote on verkkokauppa tuote. Toimitusaika 1-5pv<\/p>\n","protected":false},"featured_media":7056,"comment_status":"open","ping_status":"closed","template":"","meta":{"jetpack_post_was_ever_published":false,"jetpack_publicize_message":"","jetpack_publicize_feature_enabled":true,"jetpack_social_post_already_shared":true,"jetpack_social_options":{"image_generator_settings":{"template":"highway","default_image_id":0,"font":"","enabled":false},"version":2}},"product_brand":[],"product_cat":[870],"product_tag":[598,324],"class_list":{"0":"post-7055","1":"product","2":"type-product","3":"status-publish","4":"has-post-thumbnail","6":"product_cat-peravetolaite_tiiviste_tiivistesarja","7":"product_tag-tiivistesarja","8":"product_tag-volvo-penta","10":"first","11":"instock","12":"sale","13":"taxable","14":"shipping-taxable","15":"purchasable","16":"product-type-simple"},"yoast_head":"<!-- This site is optimized with the Yoast SEO plugin v27.3 - https:\/\/yoast.com\/product\/yoast-seo-wordpress\/ -->\n<title>Volvo Penta tiiviste Vetolaitteen yl\u00e4koteloon - OEM 832669-marine-parts<\/title>\n<meta name=\"description\" content=\"Volvo Penta yl\u00e4kotelon tiiviste. Volvo Penta vara -ja huolto-osat toimittaa aina edullinen Veneakselisto. Venetarvikkeiden maahantuonti ja myynti\" \/>\n<meta name=\"robots\" content=\"index, follow, max-snippet:-1, max-image-preview:large, max-video-preview:-1\" \/>\n<link rel=\"canonical\" href=\"https:\/\/veneakselisto.com\/kauppa\/tuote\/volvo-penta-tiiviste-vetolaitteen-ylakoteloon\/\" \/>\n<meta property=\"og:locale\" content=\"fi_FI\" \/>\n<meta property=\"og:type\" content=\"article\" \/>\n<meta property=\"og:title\" content=\"Volvo Penta tiiviste Vetolaitteen yl\u00e4koteloon - OEM 832669-marine-parts\" \/>\n<meta property=\"og:description\" content=\"Volvo Penta yl\u00e4kotelon tiiviste. Volvo Penta vara -ja huolto-osat toimittaa aina edullinen Veneakselisto. Venetarvikkeiden maahantuonti ja myynti\" \/>\n<meta property=\"og:url\" content=\"https:\/\/veneakselisto.com\/kauppa\/tuote\/volvo-penta-tiiviste-vetolaitteen-ylakoteloon\/\" \/>\n<meta property=\"og:site_name\" content=\"Veneakselisto.com - verkkokauppa\" \/>\n<meta property=\"article:publisher\" content=\"https:\/\/www.facebook.com\/AlaMikkula\/\" \/>\n<meta property=\"article:modified_time\" content=\"2024-08-31T20:30:03+00:00\" \/>\n<meta property=\"og:image\" content=\"https:\/\/veneakselisto.com\/kauppa\/wp-content\/uploads\/2020\/01\/19669.jpg\" \/>\n\t<meta property=\"og:image:width\" content=\"500\" \/>\n\t<meta property=\"og:image:height\" content=\"500\" \/>\n\t<meta property=\"og:image:type\" content=\"image\/jpeg\" \/>\n<meta name=\"twitter:card\" content=\"summary_large_image\" \/>\n<script type=\"application\/ld+json\" class=\"yoast-schema-graph\">{\"@context\":\"https:\\\/\\\/schema.org\",\"@graph\":[{\"@type\":\"WebPage\",\"@id\":\"https:\\\/\\\/veneakselisto.com\\\/kauppa\\\/tuote\\\/volvo-penta-tiiviste-vetolaitteen-ylakoteloon\\\/\",\"url\":\"https:\\\/\\\/veneakselisto.com\\\/kauppa\\\/tuote\\\/volvo-penta-tiiviste-vetolaitteen-ylakoteloon\\\/\",\"name\":\"Volvo Penta tiiviste Vetolaitteen yl\u00e4koteloon - OEM 832669-marine-parts\",\"isPartOf\":{\"@id\":\"https:\\\/\\\/veneakselisto.com\\\/kauppa\\\/#website\"},\"primaryImageOfPage\":{\"@id\":\"https:\\\/\\\/veneakselisto.com\\\/kauppa\\\/tuote\\\/volvo-penta-tiiviste-vetolaitteen-ylakoteloon\\\/#primaryimage\"},\"image\":{\"@id\":\"https:\\\/\\\/veneakselisto.com\\\/kauppa\\\/tuote\\\/volvo-penta-tiiviste-vetolaitteen-ylakoteloon\\\/#primaryimage\"},\"thumbnailUrl\":\"https:\\\/\\\/i0.wp.com\\\/veneakselisto.com\\\/kauppa\\\/wp-content\\\/uploads\\\/2020\\\/01\\\/19669.jpg?fit=500%2C500&ssl=1\",\"datePublished\":\"2020-01-25T09:44:51+00:00\",\"dateModified\":\"2024-08-31T20:30:03+00:00\",\"description\":\"Volvo Penta yl\u00e4kotelon tiiviste. Volvo Penta vara -ja huolto-osat toimittaa aina edullinen Veneakselisto. Venetarvikkeiden maahantuonti ja myynti\",\"breadcrumb\":{\"@id\":\"https:\\\/\\\/veneakselisto.com\\\/kauppa\\\/tuote\\\/volvo-penta-tiiviste-vetolaitteen-ylakoteloon\\\/#breadcrumb\"},\"inLanguage\":\"fi\",\"potentialAction\":[{\"@type\":\"ReadAction\",\"target\":[\"https:\\\/\\\/veneakselisto.com\\\/kauppa\\\/tuote\\\/volvo-penta-tiiviste-vetolaitteen-ylakoteloon\\\/\"]}]},{\"@type\":\"ImageObject\",\"inLanguage\":\"fi\",\"@id\":\"https:\\\/\\\/veneakselisto.com\\\/kauppa\\\/tuote\\\/volvo-penta-tiiviste-vetolaitteen-ylakoteloon\\\/#primaryimage\",\"url\":\"https:\\\/\\\/i0.wp.com\\\/veneakselisto.com\\\/kauppa\\\/wp-content\\\/uploads\\\/2020\\\/01\\\/19669.jpg?fit=500%2C500&ssl=1\",\"contentUrl\":\"https:\\\/\\\/i0.wp.com\\\/veneakselisto.com\\\/kauppa\\\/wp-content\\\/uploads\\\/2020\\\/01\\\/19669.jpg?fit=500%2C500&ssl=1\",\"width\":500,\"height\":500,\"caption\":\"Volvo Penta tiiviste Vetolaitteen yl\u00e4koteloon\"},{\"@type\":\"BreadcrumbList\",\"@id\":\"https:\\\/\\\/veneakselisto.com\\\/kauppa\\\/tuote\\\/volvo-penta-tiiviste-vetolaitteen-ylakoteloon\\\/#breadcrumb\",\"itemListElement\":[{\"@type\":\"ListItem\",\"position\":1,\"name\":\"Etusivu\",\"item\":\"https:\\\/\\\/veneakselisto.com\\\/kauppa\\\/\"},{\"@type\":\"ListItem\",\"position\":2,\"name\":\"Kauppa\",\"item\":\"https:\\\/\\\/veneakselisto.com\\\/kauppa\\\/\"},{\"@type\":\"ListItem\",\"position\":3,\"name\":\"Volvo Penta tiiviste Vetolaitteen yl\u00e4koteloon\"}]},{\"@type\":\"WebSite\",\"@id\":\"https:\\\/\\\/veneakselisto.com\\\/kauppa\\\/#website\",\"url\":\"https:\\\/\\\/veneakselisto.com\\\/kauppa\\\/\",\"name\":\"Veneakselisto.com - verkkokauppa\",\"description\":\"Venetarvikkeiden maahantuonti ja myynti\",\"publisher\":{\"@id\":\"https:\\\/\\\/veneakselisto.com\\\/kauppa\\\/#organization\"},\"potentialAction\":[{\"@type\":\"SearchAction\",\"target\":{\"@type\":\"EntryPoint\",\"urlTemplate\":\"https:\\\/\\\/veneakselisto.com\\\/kauppa\\\/?s={search_term_string}\"},\"query-input\":{\"@type\":\"PropertyValueSpecification\",\"valueRequired\":true,\"valueName\":\"search_term_string\"}}],\"inLanguage\":\"fi\"},{\"@type\":\"Organization\",\"@id\":\"https:\\\/\\\/veneakselisto.com\\\/kauppa\\\/#organization\",\"name\":\"Veneakselisto.com verkkokauppa\",\"url\":\"https:\\\/\\\/veneakselisto.com\\\/kauppa\\\/\",\"logo\":{\"@type\":\"ImageObject\",\"inLanguage\":\"fi\",\"@id\":\"https:\\\/\\\/veneakselisto.com\\\/kauppa\\\/#\\\/schema\\\/logo\\\/image\\\/\",\"url\":\"https:\\\/\\\/i2.wp.com\\\/veneakselisto.com\\\/kauppa\\\/wp-content\\\/uploads\\\/2016\\\/06\\\/fb_icon.jpg?fit=327%2C327&ssl=1\",\"contentUrl\":\"https:\\\/\\\/i2.wp.com\\\/veneakselisto.com\\\/kauppa\\\/wp-content\\\/uploads\\\/2016\\\/06\\\/fb_icon.jpg?fit=327%2C327&ssl=1\",\"width\":327,\"height\":327,\"caption\":\"Veneakselisto.com verkkokauppa\"},\"image\":{\"@id\":\"https:\\\/\\\/veneakselisto.com\\\/kauppa\\\/#\\\/schema\\\/logo\\\/image\\\/\"},\"sameAs\":[\"https:\\\/\\\/www.facebook.com\\\/AlaMikkula\\\/\"]}]}<\/script>\n<!-- \/ Yoast SEO plugin. -->","yoast_head_json":{"title":"Volvo Penta tiiviste Vetolaitteen yl\u00e4koteloon - OEM 832669-marine-parts","description":"Volvo Penta yl\u00e4kotelon tiiviste. Volvo Penta vara -ja huolto-osat toimittaa aina edullinen Veneakselisto. Venetarvikkeiden maahantuonti ja myynti","robots":{"index":"index","follow":"follow","max-snippet":"max-snippet:-1","max-image-preview":"max-image-preview:large","max-video-preview":"max-video-preview:-1"},"canonical":"https:\/\/veneakselisto.com\/kauppa\/tuote\/volvo-penta-tiiviste-vetolaitteen-ylakoteloon\/","og_locale":"fi_FI","og_type":"article","og_title":"Volvo Penta tiiviste Vetolaitteen yl\u00e4koteloon - OEM 832669-marine-parts","og_description":"Volvo Penta yl\u00e4kotelon tiiviste. Volvo Penta vara -ja huolto-osat toimittaa aina edullinen Veneakselisto. Venetarvikkeiden maahantuonti ja myynti","og_url":"https:\/\/veneakselisto.com\/kauppa\/tuote\/volvo-penta-tiiviste-vetolaitteen-ylakoteloon\/","og_site_name":"Veneakselisto.com - verkkokauppa","article_publisher":"https:\/\/www.facebook.com\/AlaMikkula\/","article_modified_time":"2024-08-31T20:30:03+00:00","og_image":[{"width":500,"height":500,"url":"https:\/\/veneakselisto.com\/kauppa\/wp-content\/uploads\/2020\/01\/19669.jpg","type":"image\/jpeg"}],"twitter_card":"summary_large_image","schema":{"@context":"https:\/\/schema.org","@graph":[{"@type":"WebPage","@id":"https:\/\/veneakselisto.com\/kauppa\/tuote\/volvo-penta-tiiviste-vetolaitteen-ylakoteloon\/","url":"https:\/\/veneakselisto.com\/kauppa\/tuote\/volvo-penta-tiiviste-vetolaitteen-ylakoteloon\/","name":"Volvo Penta tiiviste Vetolaitteen yl\u00e4koteloon - OEM 832669-marine-parts","isPartOf":{"@id":"https:\/\/veneakselisto.com\/kauppa\/#website"},"primaryImageOfPage":{"@id":"https:\/\/veneakselisto.com\/kauppa\/tuote\/volvo-penta-tiiviste-vetolaitteen-ylakoteloon\/#primaryimage"},"image":{"@id":"https:\/\/veneakselisto.com\/kauppa\/tuote\/volvo-penta-tiiviste-vetolaitteen-ylakoteloon\/#primaryimage"},"thumbnailUrl":"https:\/\/i0.wp.com\/veneakselisto.com\/kauppa\/wp-content\/uploads\/2020\/01\/19669.jpg?fit=500%2C500&ssl=1","datePublished":"2020-01-25T09:44:51+00:00","dateModified":"2024-08-31T20:30:03+00:00","description":"Volvo Penta yl\u00e4kotelon tiiviste. Volvo Penta vara -ja huolto-osat toimittaa aina edullinen Veneakselisto. Venetarvikkeiden maahantuonti ja myynti","breadcrumb":{"@id":"https:\/\/veneakselisto.com\/kauppa\/tuote\/volvo-penta-tiiviste-vetolaitteen-ylakoteloon\/#breadcrumb"},"inLanguage":"fi","potentialAction":[{"@type":"ReadAction","target":["https:\/\/veneakselisto.com\/kauppa\/tuote\/volvo-penta-tiiviste-vetolaitteen-ylakoteloon\/"]}]},{"@type":"ImageObject","inLanguage":"fi","@id":"https:\/\/veneakselisto.com\/kauppa\/tuote\/volvo-penta-tiiviste-vetolaitteen-ylakoteloon\/#primaryimage","url":"https:\/\/i0.wp.com\/veneakselisto.com\/kauppa\/wp-content\/uploads\/2020\/01\/19669.jpg?fit=500%2C500&ssl=1","contentUrl":"https:\/\/i0.wp.com\/veneakselisto.com\/kauppa\/wp-content\/uploads\/2020\/01\/19669.jpg?fit=500%2C500&ssl=1","width":500,"height":500,"caption":"Volvo Penta tiiviste Vetolaitteen yl\u00e4koteloon"},{"@type":"BreadcrumbList","@id":"https:\/\/veneakselisto.com\/kauppa\/tuote\/volvo-penta-tiiviste-vetolaitteen-ylakoteloon\/#breadcrumb","itemListElement":[{"@type":"ListItem","position":1,"name":"Etusivu","item":"https:\/\/veneakselisto.com\/kauppa\/"},{"@type":"ListItem","position":2,"name":"Kauppa","item":"https:\/\/veneakselisto.com\/kauppa\/"},{"@type":"ListItem","position":3,"name":"Volvo Penta tiiviste Vetolaitteen yl\u00e4koteloon"}]},{"@type":"WebSite","@id":"https:\/\/veneakselisto.com\/kauppa\/#website","url":"https:\/\/veneakselisto.com\/kauppa\/","name":"Veneakselisto.com - verkkokauppa","description":"Venetarvikkeiden maahantuonti ja myynti","publisher":{"@id":"https:\/\/veneakselisto.com\/kauppa\/#organization"},"potentialAction":[{"@type":"SearchAction","target":{"@type":"EntryPoint","urlTemplate":"https:\/\/veneakselisto.com\/kauppa\/?s={search_term_string}"},"query-input":{"@type":"PropertyValueSpecification","valueRequired":true,"valueName":"search_term_string"}}],"inLanguage":"fi"},{"@type":"Organization","@id":"https:\/\/veneakselisto.com\/kauppa\/#organization","name":"Veneakselisto.com verkkokauppa","url":"https:\/\/veneakselisto.com\/kauppa\/","logo":{"@type":"ImageObject","inLanguage":"fi","@id":"https:\/\/veneakselisto.com\/kauppa\/#\/schema\/logo\/image\/","url":"https:\/\/i2.wp.com\/veneakselisto.com\/kauppa\/wp-content\/uploads\/2016\/06\/fb_icon.jpg?fit=327%2C327&ssl=1","contentUrl":"https:\/\/i2.wp.com\/veneakselisto.com\/kauppa\/wp-content\/uploads\/2016\/06\/fb_icon.jpg?fit=327%2C327&ssl=1","width":327,"height":327,"caption":"Veneakselisto.com verkkokauppa"},"image":{"@id":"https:\/\/veneakselisto.com\/kauppa\/#\/schema\/logo\/image\/"},"sameAs":["https:\/\/www.facebook.com\/AlaMikkula\/"]}]}},"jetpack_publicize_connections":[],"jetpack_sharing_enabled":true,"_links":{"self":[{"href":"https:\/\/veneakselisto.com\/kauppa\/wp-json\/wp\/v2\/product\/7055","targetHints":{"allow":["GET"]}}],"collection":[{"href":"https:\/\/veneakselisto.com\/kauppa\/wp-json\/wp\/v2\/product"}],"about":[{"href":"https:\/\/veneakselisto.com\/kauppa\/wp-json\/wp\/v2\/types\/product"}],"replies":[{"embeddable":true,"href":"https:\/\/veneakselisto.com\/kauppa\/wp-json\/wp\/v2\/comments?post=7055"}],"wp:featuredmedia":[{"embeddable":true,"href":"https:\/\/veneakselisto.com\/kauppa\/wp-json\/wp\/v2\/media\/7056"}],"wp:attachment":[{"href":"https:\/\/veneakselisto.com\/kauppa\/wp-json\/wp\/v2\/media?parent=7055"}],"wp:term":[{"taxonomy":"product_brand","embeddable":true,"href":"https:\/\/veneakselisto.com\/kauppa\/wp-json\/wp\/v2\/product_brand?post=7055"},{"taxonomy":"product_cat","embeddable":true,"href":"https:\/\/veneakselisto.com\/kauppa\/wp-json\/wp\/v2\/product_cat?post=7055"},{"taxonomy":"product_tag","embeddable":true,"href":"https:\/\/veneakselisto.com\/kauppa\/wp-json\/wp\/v2\/product_tag?post=7055"}],"curies":[{"name":"wp","href":"https:\/\/api.w.org\/{rel}","templated":true}]}}