{"id":700,"date":"2016-03-22T21:59:17","date_gmt":"2016-03-22T19:59:17","guid":{"rendered":"http:\/\/veneakselisto.com\/kauppa\/tuote\/f4b-b-kumisiipipumppu-moottorin-jaahdytykseen\/"},"modified":"2025-03-22T13:13:26","modified_gmt":"2025-03-22T11:13:26","slug":"f4b-b-kumisiipipumppu-moottorin-jaahdytykseen","status":"publish","type":"product","link":"https:\/\/veneakselisto.com\/kauppa\/tuote\/f4b-b-kumisiipipumppu-moottorin-jaahdytykseen\/","title":{"rendered":"F4B-8 Kumisiipipumppu moottorin j\u00e4\u00e4hdytykseen"},"content":{"rendered":"<p>10-24570-01 Johnson Pump F4B-8 Kumisiipipumppu moottorin j\u00e4\u00e4hdytykseen<br \/>\nLetkuyhteet: 3\/8&#8243;<br \/>\nSiipipy\u00f6r\u00e4n materiaali: Neopreeni<\/p>\n<p>Uusittu sarja monik\u00e4ytt\u00f6isi\u00e4 pronssipumppuja. Kompaktit merivett\u00e4 kest\u00e4v\u00e4t pumput on nyt varustettu mekaanisella tiivisteell\u00e4 ja kulutuslevyll\u00e4, silti kohtuulliseen hintaan-johon sis\u00e4ltyy SPX:n Johnson Pump Marine tuotelinjan maineikas laatu. N\u00e4m\u00e4 pumput on suunniteltu moniin sovelluksiin aluksella. Niiden mahtava imukyky tekee niist\u00e4 mainioita merimoottoreiden j\u00e4\u00e4hdytysvesipumppuja, pilssipumppuja, kannenpesupumppuja, makeavesipumppuja, polttoaineen siirtopumppuja ja pumppuja moniin muihin sovelluksiin. Ne ovat my\u00f6s ihanteellisia maissa tyhjent\u00e4m\u00e4\u00e4n likavesis\u00e4ili\u00f6it\u00e4, huuhtomaan tai puhdistamaan ja t\u00e4ytt\u00e4m\u00e4\u00e4n vesis\u00e4ili\u00f6it\u00e4. Saatavissa 4 l\/min &#8211; 279 l\/min tuotolla ja 3\/8&#8243;-1 1\/2&#8243; yhteill\u00e4.<\/p>\n<p>Kun siipipy\u00f6r\u00e4n joustava siipi saapuu taas ep\u00e4keskolle se taipuu, tilavuus siipien v\u00e4liss\u00e4 pienenee ja neste puristuu ulos pumpun pes\u00e4st\u00e4 tasaisena virtana. Nesteit\u00e4 voidaan pumpata vastakkaiseen suuntaan vaihtamalla pumpun py\u00f6rimissuuntaa.<\/p>\n<p>Tietoa asennuksesta<br \/>\nMoottorin j\u00e4\u00e4hdytyspumppuja, (F-sarjan siipipy\u00f6r\u00e4pumppuja) toimitetaan useita eri malleja ja sek\u00e4 kokoja tyydytt\u00e4m\u00e4\u00e4n eri j\u00e4\u00e4hdytysj\u00e4rjestelm\u00e4tarpeet. Laipallisia pumppuja , jotka asennetaan suoraan moottoriin tai hihnapy\u00f6r\u00e4ll\u00e4 kampiakselilta voimansa saavia pumppuja toimitetaan laajaan valikoimaan erilaisia moottoreita. SPX Johnson Pump Marine on maailmanlaajuisesti suurimpien keskimoottoreiden valmistajien OEM-pumpputoimittaja. Sek\u00e4 laippa-asennettuja ett\u00e4 hihnapy\u00f6r\u00e4k\u00e4ytt\u00f6isi\u00e4 jalustapumppuja voidaan k\u00e4ytt\u00e4\u00e4 j\u00e4\u00e4hdytykseen pienell\u00e4 ty\u00f6ll\u00e4 ja asentaa joustavasti. Py\u00f6riv\u00e4n siipipy\u00f6r\u00e4n siipien v\u00e4liss\u00e4 neste siirtyy sis\u00e4\u00e4ntuloaukosta poistoaukkoon. T\u00e4llaisen rakenteen ansiosta suhteellisen suuret osaset voivat l\u00e4p\u00e4ist\u00e4 pumpun. Pumpun pes\u00e4ss\u00e4 syntyy alipaine, kun siipipy\u00f6r\u00e4n siivet suoristuvat ylitetty\u00e4\u00e4n kammion ep\u00e4keskon, jolloin syntynyt alipaine imee nestett\u00e4 pumpun pes\u00e4\u00e4n.<\/p>\n<p>Johnson pump kumisiipipumppu mekaanisella tiivisteell\u00e4<br \/>\nUusittu sarja monik\u00e4ytt\u00f6isi\u00e4 pronssipumppuja. Kompaktit merivett\u00e4 kest\u00e4v\u00e4t pumput on nyt varustettu mekaanisella tiivisteell\u00e4 ja kulutuslevyll\u00e4, silti kohtuulliseen hintaan ? johon sis\u00e4ltyy SPX:n Johnson Pump Marine tuotelinjan maineikas laatu. N\u00e4m\u00e4 pumput on suunniteltu moniin sovelluksiin aluksella. Niiden mahtava imukyky tekee niist\u00e4 mainioita merimoottoreiden j\u00e4\u00e4hdytysvesipumppuja, pilssipumppuja, kannenpesupumppuja, makeavesipumppuja, polttoaineen siirtopumppuja ja pumppuja moniin muihin sovelluksiin. Ne ovat my\u00f6s ihanteellisia maissa tyhjent\u00e4m\u00e4\u00e4n likavesis\u00e4ili\u00f6it\u00e4, huuhtomaan tai puhdistamaan ja t\u00e4ytt\u00e4m\u00e4\u00e4n vesis\u00e4ili\u00f6it\u00e4. Saatavissa 4 l\/min &#8211; 279 l\/min tuotolla ja 3\/8&#8243;- 1\u00bd yhtein. Alipainekatkaisin on F8B-8:ssa lis\u00e4varuste. Tekninen Erittely, Suuritehoiset Siipipy\u00f6r\u00e4pumput Pumpun runko Pronssia Akseli Ruostumatonta ter\u00e4st\u00e4 kestovoidelluilla kaksoiskuulalaakereilla Tiiviste Mekaaninen tiiviste Kammiopala T\u00e4ysi tai pienennetty.  <\/p>\n","protected":false},"excerpt":{"rendered":"<p>F4B-8 10-24570-01<\/p>\n<p>Letkuyhteet: 3\/8&#8243;<br \/>\nSiipipy\u00f6r\u00e4n materiaali: Neopreeni<\/p>\n","protected":false},"featured_media":698,"comment_status":"open","ping_status":"closed","template":"","meta":{"jetpack_post_was_ever_published":false,"jetpack_publicize_message":"","jetpack_publicize_feature_enabled":true,"jetpack_social_post_already_shared":true,"jetpack_social_options":{"image_generator_settings":{"template":"highway","default_image_id":0,"font":"","enabled":false},"version":2}},"product_brand":[],"product_cat":[55],"product_tag":[204,175,203],"class_list":{"0":"post-700","1":"product","2":"type-product","3":"status-publish","4":"has-post-thumbnail","6":"product_cat-kumisiipipumppu-jaahdytykseen","7":"product_tag-204","8":"product_tag-jaahdytys","9":"product_tag-pumppu","10":"brand-johnson-pump","12":"first","13":"instock","14":"sale","15":"taxable","16":"shipping-taxable","17":"purchasable","18":"product-type-simple"},"yoast_head":"<!-- This site is optimized with the Yoast SEO plugin v27.3 - https:\/\/yoast.com\/product\/yoast-seo-wordpress\/ -->\n<title>F4B-8 Kumisiipipumppu moottorin j\u00e4\u00e4hdytykseen - Veneakselisto.com<\/title>\n<meta name=\"description\" content=\"10-24570-01 F4B-8 Kumisiipipumppu moottorin j\u00e4\u00e4hdytykseen. Tuotteen toimittaa venetarvikkeiden erikoisliike Veneakselisto.com\" \/>\n<meta name=\"robots\" content=\"index, follow, max-snippet:-1, max-image-preview:large, max-video-preview:-1\" \/>\n<link rel=\"canonical\" href=\"https:\/\/veneakselisto.com\/kauppa\/tuote\/f4b-b-kumisiipipumppu-moottorin-jaahdytykseen\/\" \/>\n<meta property=\"og:locale\" content=\"fi_FI\" \/>\n<meta property=\"og:type\" content=\"article\" \/>\n<meta property=\"og:title\" content=\"F4B-8 Kumisiipipumppu moottorin j\u00e4\u00e4hdytykseen - Veneakselisto.com\" \/>\n<meta property=\"og:description\" content=\"10-24570-01 F4B-8 Kumisiipipumppu moottorin j\u00e4\u00e4hdytykseen. Tuotteen toimittaa venetarvikkeiden erikoisliike Veneakselisto.com\" \/>\n<meta property=\"og:url\" content=\"https:\/\/veneakselisto.com\/kauppa\/tuote\/f4b-b-kumisiipipumppu-moottorin-jaahdytykseen\/\" \/>\n<meta property=\"og:site_name\" content=\"Veneakselisto.com - verkkokauppa\" \/>\n<meta property=\"article:publisher\" content=\"https:\/\/www.facebook.com\/AlaMikkula\/\" \/>\n<meta property=\"article:modified_time\" content=\"2025-03-22T11:13:26+00:00\" \/>\n<meta property=\"og:image\" content=\"https:\/\/veneakselisto.com\/kauppa\/wp-content\/uploads\/2016\/03\/66-10-24570-01-F4B-8_new.jpg\" \/>\n\t<meta property=\"og:image:width\" content=\"800\" \/>\n\t<meta property=\"og:image:height\" content=\"800\" \/>\n\t<meta property=\"og:image:type\" content=\"image\/jpeg\" \/>\n<meta name=\"twitter:card\" content=\"summary_large_image\" \/>\n<meta name=\"twitter:label1\" content=\"Arvioitu lukuaika\" \/>\n\t<meta name=\"twitter:data1\" content=\"1 minuutti\" \/>\n<script type=\"application\/ld+json\" class=\"yoast-schema-graph\">{\"@context\":\"https:\\\/\\\/schema.org\",\"@graph\":[{\"@type\":\"WebPage\",\"@id\":\"https:\\\/\\\/veneakselisto.com\\\/kauppa\\\/tuote\\\/f4b-b-kumisiipipumppu-moottorin-jaahdytykseen\\\/\",\"url\":\"https:\\\/\\\/veneakselisto.com\\\/kauppa\\\/tuote\\\/f4b-b-kumisiipipumppu-moottorin-jaahdytykseen\\\/\",\"name\":\"F4B-8 Kumisiipipumppu moottorin j\u00e4\u00e4hdytykseen - Veneakselisto.com\",\"isPartOf\":{\"@id\":\"https:\\\/\\\/veneakselisto.com\\\/kauppa\\\/#website\"},\"primaryImageOfPage\":{\"@id\":\"https:\\\/\\\/veneakselisto.com\\\/kauppa\\\/tuote\\\/f4b-b-kumisiipipumppu-moottorin-jaahdytykseen\\\/#primaryimage\"},\"image\":{\"@id\":\"https:\\\/\\\/veneakselisto.com\\\/kauppa\\\/tuote\\\/f4b-b-kumisiipipumppu-moottorin-jaahdytykseen\\\/#primaryimage\"},\"thumbnailUrl\":\"https:\\\/\\\/i0.wp.com\\\/veneakselisto.com\\\/kauppa\\\/wp-content\\\/uploads\\\/2016\\\/03\\\/66-10-24570-01-F4B-8_new.jpg?fit=800%2C800&ssl=1\",\"datePublished\":\"2016-03-22T19:59:17+00:00\",\"dateModified\":\"2025-03-22T11:13:26+00:00\",\"description\":\"10-24570-01 F4B-8 Kumisiipipumppu moottorin j\u00e4\u00e4hdytykseen. Tuotteen toimittaa venetarvikkeiden erikoisliike Veneakselisto.com\",\"breadcrumb\":{\"@id\":\"https:\\\/\\\/veneakselisto.com\\\/kauppa\\\/tuote\\\/f4b-b-kumisiipipumppu-moottorin-jaahdytykseen\\\/#breadcrumb\"},\"inLanguage\":\"fi\",\"potentialAction\":[{\"@type\":\"ReadAction\",\"target\":[\"https:\\\/\\\/veneakselisto.com\\\/kauppa\\\/tuote\\\/f4b-b-kumisiipipumppu-moottorin-jaahdytykseen\\\/\"]}]},{\"@type\":\"ImageObject\",\"inLanguage\":\"fi\",\"@id\":\"https:\\\/\\\/veneakselisto.com\\\/kauppa\\\/tuote\\\/f4b-b-kumisiipipumppu-moottorin-jaahdytykseen\\\/#primaryimage\",\"url\":\"https:\\\/\\\/i0.wp.com\\\/veneakselisto.com\\\/kauppa\\\/wp-content\\\/uploads\\\/2016\\\/03\\\/66-10-24570-01-F4B-8_new.jpg?fit=800%2C800&ssl=1\",\"contentUrl\":\"https:\\\/\\\/i0.wp.com\\\/veneakselisto.com\\\/kauppa\\\/wp-content\\\/uploads\\\/2016\\\/03\\\/66-10-24570-01-F4B-8_new.jpg?fit=800%2C800&ssl=1\",\"width\":800,\"height\":800,\"caption\":\"SPX Johnson Pump siipipy\u00f6r\u00e4pumput - veneakselisto.com verkkokaupasta\"},{\"@type\":\"BreadcrumbList\",\"@id\":\"https:\\\/\\\/veneakselisto.com\\\/kauppa\\\/tuote\\\/f4b-b-kumisiipipumppu-moottorin-jaahdytykseen\\\/#breadcrumb\",\"itemListElement\":[{\"@type\":\"ListItem\",\"position\":1,\"name\":\"Etusivu\",\"item\":\"https:\\\/\\\/veneakselisto.com\\\/kauppa\\\/\"},{\"@type\":\"ListItem\",\"position\":2,\"name\":\"Kauppa\",\"item\":\"https:\\\/\\\/veneakselisto.com\\\/kauppa\\\/\"},{\"@type\":\"ListItem\",\"position\":3,\"name\":\"F4B-8 Kumisiipipumppu moottorin j\u00e4\u00e4hdytykseen\"}]},{\"@type\":\"WebSite\",\"@id\":\"https:\\\/\\\/veneakselisto.com\\\/kauppa\\\/#website\",\"url\":\"https:\\\/\\\/veneakselisto.com\\\/kauppa\\\/\",\"name\":\"Veneakselisto.com - verkkokauppa\",\"description\":\"Venetarvikkeiden maahantuonti ja myynti\",\"publisher\":{\"@id\":\"https:\\\/\\\/veneakselisto.com\\\/kauppa\\\/#organization\"},\"potentialAction\":[{\"@type\":\"SearchAction\",\"target\":{\"@type\":\"EntryPoint\",\"urlTemplate\":\"https:\\\/\\\/veneakselisto.com\\\/kauppa\\\/?s={search_term_string}\"},\"query-input\":{\"@type\":\"PropertyValueSpecification\",\"valueRequired\":true,\"valueName\":\"search_term_string\"}}],\"inLanguage\":\"fi\"},{\"@type\":\"Organization\",\"@id\":\"https:\\\/\\\/veneakselisto.com\\\/kauppa\\\/#organization\",\"name\":\"Veneakselisto.com verkkokauppa\",\"url\":\"https:\\\/\\\/veneakselisto.com\\\/kauppa\\\/\",\"logo\":{\"@type\":\"ImageObject\",\"inLanguage\":\"fi\",\"@id\":\"https:\\\/\\\/veneakselisto.com\\\/kauppa\\\/#\\\/schema\\\/logo\\\/image\\\/\",\"url\":\"https:\\\/\\\/i2.wp.com\\\/veneakselisto.com\\\/kauppa\\\/wp-content\\\/uploads\\\/2016\\\/06\\\/fb_icon.jpg?fit=327%2C327&ssl=1\",\"contentUrl\":\"https:\\\/\\\/i2.wp.com\\\/veneakselisto.com\\\/kauppa\\\/wp-content\\\/uploads\\\/2016\\\/06\\\/fb_icon.jpg?fit=327%2C327&ssl=1\",\"width\":327,\"height\":327,\"caption\":\"Veneakselisto.com verkkokauppa\"},\"image\":{\"@id\":\"https:\\\/\\\/veneakselisto.com\\\/kauppa\\\/#\\\/schema\\\/logo\\\/image\\\/\"},\"sameAs\":[\"https:\\\/\\\/www.facebook.com\\\/AlaMikkula\\\/\"]}]}<\/script>\n<!-- \/ Yoast SEO plugin. -->","yoast_head_json":{"title":"F4B-8 Kumisiipipumppu moottorin j\u00e4\u00e4hdytykseen - Veneakselisto.com","description":"10-24570-01 F4B-8 Kumisiipipumppu moottorin j\u00e4\u00e4hdytykseen. Tuotteen toimittaa venetarvikkeiden erikoisliike Veneakselisto.com","robots":{"index":"index","follow":"follow","max-snippet":"max-snippet:-1","max-image-preview":"max-image-preview:large","max-video-preview":"max-video-preview:-1"},"canonical":"https:\/\/veneakselisto.com\/kauppa\/tuote\/f4b-b-kumisiipipumppu-moottorin-jaahdytykseen\/","og_locale":"fi_FI","og_type":"article","og_title":"F4B-8 Kumisiipipumppu moottorin j\u00e4\u00e4hdytykseen - Veneakselisto.com","og_description":"10-24570-01 F4B-8 Kumisiipipumppu moottorin j\u00e4\u00e4hdytykseen. Tuotteen toimittaa venetarvikkeiden erikoisliike Veneakselisto.com","og_url":"https:\/\/veneakselisto.com\/kauppa\/tuote\/f4b-b-kumisiipipumppu-moottorin-jaahdytykseen\/","og_site_name":"Veneakselisto.com - verkkokauppa","article_publisher":"https:\/\/www.facebook.com\/AlaMikkula\/","article_modified_time":"2025-03-22T11:13:26+00:00","og_image":[{"width":800,"height":800,"url":"https:\/\/veneakselisto.com\/kauppa\/wp-content\/uploads\/2016\/03\/66-10-24570-01-F4B-8_new.jpg","type":"image\/jpeg"}],"twitter_card":"summary_large_image","twitter_misc":{"Arvioitu lukuaika":"1 minuutti"},"schema":{"@context":"https:\/\/schema.org","@graph":[{"@type":"WebPage","@id":"https:\/\/veneakselisto.com\/kauppa\/tuote\/f4b-b-kumisiipipumppu-moottorin-jaahdytykseen\/","url":"https:\/\/veneakselisto.com\/kauppa\/tuote\/f4b-b-kumisiipipumppu-moottorin-jaahdytykseen\/","name":"F4B-8 Kumisiipipumppu moottorin j\u00e4\u00e4hdytykseen - Veneakselisto.com","isPartOf":{"@id":"https:\/\/veneakselisto.com\/kauppa\/#website"},"primaryImageOfPage":{"@id":"https:\/\/veneakselisto.com\/kauppa\/tuote\/f4b-b-kumisiipipumppu-moottorin-jaahdytykseen\/#primaryimage"},"image":{"@id":"https:\/\/veneakselisto.com\/kauppa\/tuote\/f4b-b-kumisiipipumppu-moottorin-jaahdytykseen\/#primaryimage"},"thumbnailUrl":"https:\/\/i0.wp.com\/veneakselisto.com\/kauppa\/wp-content\/uploads\/2016\/03\/66-10-24570-01-F4B-8_new.jpg?fit=800%2C800&ssl=1","datePublished":"2016-03-22T19:59:17+00:00","dateModified":"2025-03-22T11:13:26+00:00","description":"10-24570-01 F4B-8 Kumisiipipumppu moottorin j\u00e4\u00e4hdytykseen. Tuotteen toimittaa venetarvikkeiden erikoisliike Veneakselisto.com","breadcrumb":{"@id":"https:\/\/veneakselisto.com\/kauppa\/tuote\/f4b-b-kumisiipipumppu-moottorin-jaahdytykseen\/#breadcrumb"},"inLanguage":"fi","potentialAction":[{"@type":"ReadAction","target":["https:\/\/veneakselisto.com\/kauppa\/tuote\/f4b-b-kumisiipipumppu-moottorin-jaahdytykseen\/"]}]},{"@type":"ImageObject","inLanguage":"fi","@id":"https:\/\/veneakselisto.com\/kauppa\/tuote\/f4b-b-kumisiipipumppu-moottorin-jaahdytykseen\/#primaryimage","url":"https:\/\/i0.wp.com\/veneakselisto.com\/kauppa\/wp-content\/uploads\/2016\/03\/66-10-24570-01-F4B-8_new.jpg?fit=800%2C800&ssl=1","contentUrl":"https:\/\/i0.wp.com\/veneakselisto.com\/kauppa\/wp-content\/uploads\/2016\/03\/66-10-24570-01-F4B-8_new.jpg?fit=800%2C800&ssl=1","width":800,"height":800,"caption":"SPX Johnson Pump siipipy\u00f6r\u00e4pumput - veneakselisto.com verkkokaupasta"},{"@type":"BreadcrumbList","@id":"https:\/\/veneakselisto.com\/kauppa\/tuote\/f4b-b-kumisiipipumppu-moottorin-jaahdytykseen\/#breadcrumb","itemListElement":[{"@type":"ListItem","position":1,"name":"Etusivu","item":"https:\/\/veneakselisto.com\/kauppa\/"},{"@type":"ListItem","position":2,"name":"Kauppa","item":"https:\/\/veneakselisto.com\/kauppa\/"},{"@type":"ListItem","position":3,"name":"F4B-8 Kumisiipipumppu moottorin j\u00e4\u00e4hdytykseen"}]},{"@type":"WebSite","@id":"https:\/\/veneakselisto.com\/kauppa\/#website","url":"https:\/\/veneakselisto.com\/kauppa\/","name":"Veneakselisto.com - verkkokauppa","description":"Venetarvikkeiden maahantuonti ja myynti","publisher":{"@id":"https:\/\/veneakselisto.com\/kauppa\/#organization"},"potentialAction":[{"@type":"SearchAction","target":{"@type":"EntryPoint","urlTemplate":"https:\/\/veneakselisto.com\/kauppa\/?s={search_term_string}"},"query-input":{"@type":"PropertyValueSpecification","valueRequired":true,"valueName":"search_term_string"}}],"inLanguage":"fi"},{"@type":"Organization","@id":"https:\/\/veneakselisto.com\/kauppa\/#organization","name":"Veneakselisto.com verkkokauppa","url":"https:\/\/veneakselisto.com\/kauppa\/","logo":{"@type":"ImageObject","inLanguage":"fi","@id":"https:\/\/veneakselisto.com\/kauppa\/#\/schema\/logo\/image\/","url":"https:\/\/i2.wp.com\/veneakselisto.com\/kauppa\/wp-content\/uploads\/2016\/06\/fb_icon.jpg?fit=327%2C327&ssl=1","contentUrl":"https:\/\/i2.wp.com\/veneakselisto.com\/kauppa\/wp-content\/uploads\/2016\/06\/fb_icon.jpg?fit=327%2C327&ssl=1","width":327,"height":327,"caption":"Veneakselisto.com verkkokauppa"},"image":{"@id":"https:\/\/veneakselisto.com\/kauppa\/#\/schema\/logo\/image\/"},"sameAs":["https:\/\/www.facebook.com\/AlaMikkula\/"]}]}},"jetpack_publicize_connections":[],"jetpack_sharing_enabled":true,"_links":{"self":[{"href":"https:\/\/veneakselisto.com\/kauppa\/wp-json\/wp\/v2\/product\/700","targetHints":{"allow":["GET"]}}],"collection":[{"href":"https:\/\/veneakselisto.com\/kauppa\/wp-json\/wp\/v2\/product"}],"about":[{"href":"https:\/\/veneakselisto.com\/kauppa\/wp-json\/wp\/v2\/types\/product"}],"replies":[{"embeddable":true,"href":"https:\/\/veneakselisto.com\/kauppa\/wp-json\/wp\/v2\/comments?post=700"}],"wp:featuredmedia":[{"embeddable":true,"href":"https:\/\/veneakselisto.com\/kauppa\/wp-json\/wp\/v2\/media\/698"}],"wp:attachment":[{"href":"https:\/\/veneakselisto.com\/kauppa\/wp-json\/wp\/v2\/media?parent=700"}],"wp:term":[{"taxonomy":"product_brand","embeddable":true,"href":"https:\/\/veneakselisto.com\/kauppa\/wp-json\/wp\/v2\/product_brand?post=700"},{"taxonomy":"product_cat","embeddable":true,"href":"https:\/\/veneakselisto.com\/kauppa\/wp-json\/wp\/v2\/product_cat?post=700"},{"taxonomy":"product_tag","embeddable":true,"href":"https:\/\/veneakselisto.com\/kauppa\/wp-json\/wp\/v2\/product_tag?post=700"}],"curies":[{"name":"wp","href":"https:\/\/api.w.org\/{rel}","templated":true}]}}