{"id":6829,"date":"2020-01-15T10:22:00","date_gmt":"2020-01-15T08:22:00","guid":{"rendered":"https:\/\/veneakselisto.com\/kauppa\/?post_type=product&#038;p=6829"},"modified":"2024-10-25T12:38:37","modified_gmt":"2024-10-25T09:38:37","slug":"1-1-2-haponkestava-45-kulmaliitin","status":"publish","type":"product","link":"https:\/\/veneakselisto.com\/kauppa\/tuote\/1-1-2-haponkestava-45-kulmaliitin\/","title":{"rendered":"1 1\/2&#8243; Haponkest\u00e4v\u00e4  45\u00b0 kulmaliitin AISI 316"},"content":{"rendered":"<p>1 1\/2&#8243; Haponkest\u00e4v\u00e4 45 kulmaliitin<\/p>\n<p>V-Quipment helat ovat luotettavia ja valmistettu korkealuokkaisista materiaaleista. Merivedess\u00e4 suositellaan k\u00e4ytett\u00e4v\u00e4ksi<br \/>\nhaponkest\u00e4vi\u00e4 (AISI 316) tai pronssisia (ISO CuPb5Sn5Zn5) heloja.<\/p>\n","protected":false},"excerpt":{"rendered":"<p>R 1 1\/2&#8243; 45 asteen kulmalla sis\u00e4kierteell\u00e4<\/p>\n<p>V-Quipment helat ovat luotettavia ja valmistettu korkealuokkaisista materiaaleista. Merivedess\u00e4 suositellaan k\u00e4ytett\u00e4v\u00e4ksi<br \/>\nhaponkest\u00e4vi\u00e4 (AISI 316) tai pronssisia (ISO CuPb5Sn5Zn5) heloja.<\/p>\n","protected":false},"featured_media":4363,"comment_status":"open","ping_status":"closed","template":"","meta":{"jetpack_post_was_ever_published":false,"jetpack_publicize_message":"","jetpack_publicize_feature_enabled":true,"jetpack_social_post_already_shared":true,"jetpack_social_options":{"image_generator_settings":{"template":"highway","default_image_id":0,"font":"","enabled":false},"version":2}},"product_brand":[],"product_cat":[588,589,539,570],"product_tag":[545,173,548,546,547,543],"class_list":{"0":"post-6829","1":"product","2":"type-product","3":"status-publish","4":"has-post-thumbnail","6":"product_cat-haponkestava_kulm_liitin","7":"product_cat-haponkestava_kulma_liitin","8":"product_cat-haponkestava_lapivienti_siivila_lapivienti","9":"product_cat-haponkestava_lapivienti_siivila_lapivienti-2","10":"product_tag-haponkestavat","11":"product_tag-kulma","12":"product_tag-kulmaliitin","13":"product_tag-letkukarat","14":"product_tag-rst","15":"product_tag-rst-lapivienti","17":"first","18":"instock","19":"taxable","20":"shipping-taxable","21":"purchasable","22":"product-type-simple"},"yoast_head":"<!-- This site is optimized with the Yoast SEO plugin v27.3 - https:\/\/yoast.com\/product\/yoast-seo-wordpress\/ -->\n<title>1 1\/2&quot; Haponkest\u00e4v\u00e4 45\u00b0 kulmaliitin AISI 316 -RST-Liitin- Verkkokauppa<\/title>\n<meta name=\"description\" content=\"1 1\/2&quot; Haponkest\u00e4v\u00e4 45 kulmaliitin. RST Kulmaliittimet ja muutkin haponkest\u00e4v\u00e4t l\u00e4piviennit ja tarvikkeet. Veneakselisto.com-Verkkokauppa\" \/>\n<meta name=\"robots\" content=\"index, follow, max-snippet:-1, max-image-preview:large, max-video-preview:-1\" \/>\n<link rel=\"canonical\" href=\"https:\/\/veneakselisto.com\/kauppa\/tuote\/1-1-2-haponkestava-45-kulmaliitin\/\" \/>\n<meta property=\"og:locale\" content=\"fi_FI\" \/>\n<meta property=\"og:type\" content=\"article\" \/>\n<meta property=\"og:title\" content=\"1 1\/2&quot; Haponkest\u00e4v\u00e4 45\u00b0 kulmaliitin AISI 316 -RST-Liitin- Verkkokauppa\" \/>\n<meta property=\"og:description\" content=\"1 1\/2&quot; Haponkest\u00e4v\u00e4 45 kulmaliitin. RST Kulmaliittimet ja muutkin haponkest\u00e4v\u00e4t l\u00e4piviennit ja tarvikkeet. Veneakselisto.com-Verkkokauppa\" \/>\n<meta property=\"og:url\" content=\"https:\/\/veneakselisto.com\/kauppa\/tuote\/1-1-2-haponkestava-45-kulmaliitin\/\" \/>\n<meta property=\"og:site_name\" content=\"Veneakselisto.com - verkkokauppa\" \/>\n<meta property=\"article:publisher\" content=\"https:\/\/www.facebook.com\/AlaMikkula\/\" \/>\n<meta property=\"article:modified_time\" content=\"2024-10-25T09:38:37+00:00\" \/>\n<meta property=\"og:image\" content=\"https:\/\/veneakselisto.com\/kauppa\/wp-content\/uploads\/2019\/03\/Kulmaliitin.jpg\" \/>\n\t<meta property=\"og:image:width\" content=\"500\" \/>\n\t<meta property=\"og:image:height\" content=\"500\" \/>\n\t<meta property=\"og:image:type\" content=\"image\/jpeg\" \/>\n<meta name=\"twitter:card\" content=\"summary_large_image\" \/>\n<script type=\"application\/ld+json\" class=\"yoast-schema-graph\">{\"@context\":\"https:\\\/\\\/schema.org\",\"@graph\":[{\"@type\":\"WebPage\",\"@id\":\"https:\\\/\\\/veneakselisto.com\\\/kauppa\\\/tuote\\\/1-1-2-haponkestava-45-kulmaliitin\\\/\",\"url\":\"https:\\\/\\\/veneakselisto.com\\\/kauppa\\\/tuote\\\/1-1-2-haponkestava-45-kulmaliitin\\\/\",\"name\":\"1 1\\\/2\\\" Haponkest\u00e4v\u00e4 45\u00b0 kulmaliitin AISI 316 -RST-Liitin- Verkkokauppa\",\"isPartOf\":{\"@id\":\"https:\\\/\\\/veneakselisto.com\\\/kauppa\\\/#website\"},\"primaryImageOfPage\":{\"@id\":\"https:\\\/\\\/veneakselisto.com\\\/kauppa\\\/tuote\\\/1-1-2-haponkestava-45-kulmaliitin\\\/#primaryimage\"},\"image\":{\"@id\":\"https:\\\/\\\/veneakselisto.com\\\/kauppa\\\/tuote\\\/1-1-2-haponkestava-45-kulmaliitin\\\/#primaryimage\"},\"thumbnailUrl\":\"https:\\\/\\\/i0.wp.com\\\/veneakselisto.com\\\/kauppa\\\/wp-content\\\/uploads\\\/2019\\\/03\\\/Kulmaliitin.jpg?fit=500%2C500&ssl=1\",\"datePublished\":\"2020-01-15T08:22:00+00:00\",\"dateModified\":\"2024-10-25T09:38:37+00:00\",\"description\":\"1 1\\\/2\\\" Haponkest\u00e4v\u00e4 45 kulmaliitin. RST Kulmaliittimet ja muutkin haponkest\u00e4v\u00e4t l\u00e4piviennit ja tarvikkeet. Veneakselisto.com-Verkkokauppa\",\"breadcrumb\":{\"@id\":\"https:\\\/\\\/veneakselisto.com\\\/kauppa\\\/tuote\\\/1-1-2-haponkestava-45-kulmaliitin\\\/#breadcrumb\"},\"inLanguage\":\"fi\",\"potentialAction\":[{\"@type\":\"ReadAction\",\"target\":[\"https:\\\/\\\/veneakselisto.com\\\/kauppa\\\/tuote\\\/1-1-2-haponkestava-45-kulmaliitin\\\/\"]}]},{\"@type\":\"ImageObject\",\"inLanguage\":\"fi\",\"@id\":\"https:\\\/\\\/veneakselisto.com\\\/kauppa\\\/tuote\\\/1-1-2-haponkestava-45-kulmaliitin\\\/#primaryimage\",\"url\":\"https:\\\/\\\/i0.wp.com\\\/veneakselisto.com\\\/kauppa\\\/wp-content\\\/uploads\\\/2019\\\/03\\\/Kulmaliitin.jpg?fit=500%2C500&ssl=1\",\"contentUrl\":\"https:\\\/\\\/i0.wp.com\\\/veneakselisto.com\\\/kauppa\\\/wp-content\\\/uploads\\\/2019\\\/03\\\/Kulmaliitin.jpg?fit=500%2C500&ssl=1\",\"width\":500,\"height\":500,\"caption\":\"Haponkest\u00e4v\u00e4t liittimet toimittaa veneakselisto.com\"},{\"@type\":\"BreadcrumbList\",\"@id\":\"https:\\\/\\\/veneakselisto.com\\\/kauppa\\\/tuote\\\/1-1-2-haponkestava-45-kulmaliitin\\\/#breadcrumb\",\"itemListElement\":[{\"@type\":\"ListItem\",\"position\":1,\"name\":\"Etusivu\",\"item\":\"https:\\\/\\\/veneakselisto.com\\\/kauppa\\\/\"},{\"@type\":\"ListItem\",\"position\":2,\"name\":\"Kauppa\",\"item\":\"https:\\\/\\\/veneakselisto.com\\\/kauppa\\\/\"},{\"@type\":\"ListItem\",\"position\":3,\"name\":\"1 1\\\/2&#8243; Haponkest\u00e4v\u00e4 45\u00b0 kulmaliitin AISI 316\"}]},{\"@type\":\"WebSite\",\"@id\":\"https:\\\/\\\/veneakselisto.com\\\/kauppa\\\/#website\",\"url\":\"https:\\\/\\\/veneakselisto.com\\\/kauppa\\\/\",\"name\":\"Veneakselisto.com - verkkokauppa\",\"description\":\"Venetarvikkeiden maahantuonti ja myynti\",\"publisher\":{\"@id\":\"https:\\\/\\\/veneakselisto.com\\\/kauppa\\\/#organization\"},\"potentialAction\":[{\"@type\":\"SearchAction\",\"target\":{\"@type\":\"EntryPoint\",\"urlTemplate\":\"https:\\\/\\\/veneakselisto.com\\\/kauppa\\\/?s={search_term_string}\"},\"query-input\":{\"@type\":\"PropertyValueSpecification\",\"valueRequired\":true,\"valueName\":\"search_term_string\"}}],\"inLanguage\":\"fi\"},{\"@type\":\"Organization\",\"@id\":\"https:\\\/\\\/veneakselisto.com\\\/kauppa\\\/#organization\",\"name\":\"Veneakselisto.com verkkokauppa\",\"url\":\"https:\\\/\\\/veneakselisto.com\\\/kauppa\\\/\",\"logo\":{\"@type\":\"ImageObject\",\"inLanguage\":\"fi\",\"@id\":\"https:\\\/\\\/veneakselisto.com\\\/kauppa\\\/#\\\/schema\\\/logo\\\/image\\\/\",\"url\":\"https:\\\/\\\/i2.wp.com\\\/veneakselisto.com\\\/kauppa\\\/wp-content\\\/uploads\\\/2016\\\/06\\\/fb_icon.jpg?fit=327%2C327&ssl=1\",\"contentUrl\":\"https:\\\/\\\/i2.wp.com\\\/veneakselisto.com\\\/kauppa\\\/wp-content\\\/uploads\\\/2016\\\/06\\\/fb_icon.jpg?fit=327%2C327&ssl=1\",\"width\":327,\"height\":327,\"caption\":\"Veneakselisto.com verkkokauppa\"},\"image\":{\"@id\":\"https:\\\/\\\/veneakselisto.com\\\/kauppa\\\/#\\\/schema\\\/logo\\\/image\\\/\"},\"sameAs\":[\"https:\\\/\\\/www.facebook.com\\\/AlaMikkula\\\/\"]}]}<\/script>\n<!-- \/ Yoast SEO plugin. -->","yoast_head_json":{"title":"1 1\/2\" Haponkest\u00e4v\u00e4 45\u00b0 kulmaliitin AISI 316 -RST-Liitin- Verkkokauppa","description":"1 1\/2\" Haponkest\u00e4v\u00e4 45 kulmaliitin. RST Kulmaliittimet ja muutkin haponkest\u00e4v\u00e4t l\u00e4piviennit ja tarvikkeet. Veneakselisto.com-Verkkokauppa","robots":{"index":"index","follow":"follow","max-snippet":"max-snippet:-1","max-image-preview":"max-image-preview:large","max-video-preview":"max-video-preview:-1"},"canonical":"https:\/\/veneakselisto.com\/kauppa\/tuote\/1-1-2-haponkestava-45-kulmaliitin\/","og_locale":"fi_FI","og_type":"article","og_title":"1 1\/2\" Haponkest\u00e4v\u00e4 45\u00b0 kulmaliitin AISI 316 -RST-Liitin- Verkkokauppa","og_description":"1 1\/2\" Haponkest\u00e4v\u00e4 45 kulmaliitin. RST Kulmaliittimet ja muutkin haponkest\u00e4v\u00e4t l\u00e4piviennit ja tarvikkeet. Veneakselisto.com-Verkkokauppa","og_url":"https:\/\/veneakselisto.com\/kauppa\/tuote\/1-1-2-haponkestava-45-kulmaliitin\/","og_site_name":"Veneakselisto.com - verkkokauppa","article_publisher":"https:\/\/www.facebook.com\/AlaMikkula\/","article_modified_time":"2024-10-25T09:38:37+00:00","og_image":[{"width":500,"height":500,"url":"https:\/\/veneakselisto.com\/kauppa\/wp-content\/uploads\/2019\/03\/Kulmaliitin.jpg","type":"image\/jpeg"}],"twitter_card":"summary_large_image","schema":{"@context":"https:\/\/schema.org","@graph":[{"@type":"WebPage","@id":"https:\/\/veneakselisto.com\/kauppa\/tuote\/1-1-2-haponkestava-45-kulmaliitin\/","url":"https:\/\/veneakselisto.com\/kauppa\/tuote\/1-1-2-haponkestava-45-kulmaliitin\/","name":"1 1\/2\" Haponkest\u00e4v\u00e4 45\u00b0 kulmaliitin AISI 316 -RST-Liitin- Verkkokauppa","isPartOf":{"@id":"https:\/\/veneakselisto.com\/kauppa\/#website"},"primaryImageOfPage":{"@id":"https:\/\/veneakselisto.com\/kauppa\/tuote\/1-1-2-haponkestava-45-kulmaliitin\/#primaryimage"},"image":{"@id":"https:\/\/veneakselisto.com\/kauppa\/tuote\/1-1-2-haponkestava-45-kulmaliitin\/#primaryimage"},"thumbnailUrl":"https:\/\/i0.wp.com\/veneakselisto.com\/kauppa\/wp-content\/uploads\/2019\/03\/Kulmaliitin.jpg?fit=500%2C500&ssl=1","datePublished":"2020-01-15T08:22:00+00:00","dateModified":"2024-10-25T09:38:37+00:00","description":"1 1\/2\" Haponkest\u00e4v\u00e4 45 kulmaliitin. RST Kulmaliittimet ja muutkin haponkest\u00e4v\u00e4t l\u00e4piviennit ja tarvikkeet. Veneakselisto.com-Verkkokauppa","breadcrumb":{"@id":"https:\/\/veneakselisto.com\/kauppa\/tuote\/1-1-2-haponkestava-45-kulmaliitin\/#breadcrumb"},"inLanguage":"fi","potentialAction":[{"@type":"ReadAction","target":["https:\/\/veneakselisto.com\/kauppa\/tuote\/1-1-2-haponkestava-45-kulmaliitin\/"]}]},{"@type":"ImageObject","inLanguage":"fi","@id":"https:\/\/veneakselisto.com\/kauppa\/tuote\/1-1-2-haponkestava-45-kulmaliitin\/#primaryimage","url":"https:\/\/i0.wp.com\/veneakselisto.com\/kauppa\/wp-content\/uploads\/2019\/03\/Kulmaliitin.jpg?fit=500%2C500&ssl=1","contentUrl":"https:\/\/i0.wp.com\/veneakselisto.com\/kauppa\/wp-content\/uploads\/2019\/03\/Kulmaliitin.jpg?fit=500%2C500&ssl=1","width":500,"height":500,"caption":"Haponkest\u00e4v\u00e4t liittimet toimittaa veneakselisto.com"},{"@type":"BreadcrumbList","@id":"https:\/\/veneakselisto.com\/kauppa\/tuote\/1-1-2-haponkestava-45-kulmaliitin\/#breadcrumb","itemListElement":[{"@type":"ListItem","position":1,"name":"Etusivu","item":"https:\/\/veneakselisto.com\/kauppa\/"},{"@type":"ListItem","position":2,"name":"Kauppa","item":"https:\/\/veneakselisto.com\/kauppa\/"},{"@type":"ListItem","position":3,"name":"1 1\/2&#8243; Haponkest\u00e4v\u00e4 45\u00b0 kulmaliitin AISI 316"}]},{"@type":"WebSite","@id":"https:\/\/veneakselisto.com\/kauppa\/#website","url":"https:\/\/veneakselisto.com\/kauppa\/","name":"Veneakselisto.com - verkkokauppa","description":"Venetarvikkeiden maahantuonti ja myynti","publisher":{"@id":"https:\/\/veneakselisto.com\/kauppa\/#organization"},"potentialAction":[{"@type":"SearchAction","target":{"@type":"EntryPoint","urlTemplate":"https:\/\/veneakselisto.com\/kauppa\/?s={search_term_string}"},"query-input":{"@type":"PropertyValueSpecification","valueRequired":true,"valueName":"search_term_string"}}],"inLanguage":"fi"},{"@type":"Organization","@id":"https:\/\/veneakselisto.com\/kauppa\/#organization","name":"Veneakselisto.com verkkokauppa","url":"https:\/\/veneakselisto.com\/kauppa\/","logo":{"@type":"ImageObject","inLanguage":"fi","@id":"https:\/\/veneakselisto.com\/kauppa\/#\/schema\/logo\/image\/","url":"https:\/\/i2.wp.com\/veneakselisto.com\/kauppa\/wp-content\/uploads\/2016\/06\/fb_icon.jpg?fit=327%2C327&ssl=1","contentUrl":"https:\/\/i2.wp.com\/veneakselisto.com\/kauppa\/wp-content\/uploads\/2016\/06\/fb_icon.jpg?fit=327%2C327&ssl=1","width":327,"height":327,"caption":"Veneakselisto.com verkkokauppa"},"image":{"@id":"https:\/\/veneakselisto.com\/kauppa\/#\/schema\/logo\/image\/"},"sameAs":["https:\/\/www.facebook.com\/AlaMikkula\/"]}]}},"jetpack_publicize_connections":[],"jetpack_sharing_enabled":true,"_links":{"self":[{"href":"https:\/\/veneakselisto.com\/kauppa\/wp-json\/wp\/v2\/product\/6829","targetHints":{"allow":["GET"]}}],"collection":[{"href":"https:\/\/veneakselisto.com\/kauppa\/wp-json\/wp\/v2\/product"}],"about":[{"href":"https:\/\/veneakselisto.com\/kauppa\/wp-json\/wp\/v2\/types\/product"}],"replies":[{"embeddable":true,"href":"https:\/\/veneakselisto.com\/kauppa\/wp-json\/wp\/v2\/comments?post=6829"}],"wp:featuredmedia":[{"embeddable":true,"href":"https:\/\/veneakselisto.com\/kauppa\/wp-json\/wp\/v2\/media\/4363"}],"wp:attachment":[{"href":"https:\/\/veneakselisto.com\/kauppa\/wp-json\/wp\/v2\/media?parent=6829"}],"wp:term":[{"taxonomy":"product_brand","embeddable":true,"href":"https:\/\/veneakselisto.com\/kauppa\/wp-json\/wp\/v2\/product_brand?post=6829"},{"taxonomy":"product_cat","embeddable":true,"href":"https:\/\/veneakselisto.com\/kauppa\/wp-json\/wp\/v2\/product_cat?post=6829"},{"taxonomy":"product_tag","embeddable":true,"href":"https:\/\/veneakselisto.com\/kauppa\/wp-json\/wp\/v2\/product_tag?post=6829"}],"curies":[{"name":"wp","href":"https:\/\/api.w.org\/{rel}","templated":true}]}}