{"id":6795,"date":"2020-01-14T10:19:55","date_gmt":"2020-01-14T08:19:55","guid":{"rendered":"https:\/\/veneakselisto.com\/kauppa\/?post_type=product&#038;p=6795"},"modified":"2026-02-16T14:02:46","modified_gmt":"2026-02-16T12:02:46","slug":"waterb-12-24v-makeavesimittari","status":"publish","type":"product","link":"https:\/\/veneakselisto.com\/kauppa\/tuote\/waterb-12-24v-makeavesimittari\/","title":{"rendered":"WATERB 12\/24v makeavesimittari musta"},"content":{"rendered":"<p>WATERB 12\/24v makeavesimittari musta<\/p>\n<p>Mustalla taululla<\/p>\n<p>VETUS-mittarit ovat uudistuneet. Mittarit toimivat nyt<br \/>\nkaksoisj\u00e4nnitteell\u00e4 (12 V \/ 24 V lukuun ottamatta volttimittaria)<br \/>\nja niiss\u00e4 on kaksi kehyst\u00e4: yksi kiinte\u00e4 musta ja yksi<br \/>\nkrominv\u00e4rinen.<br \/>\nKolme syyt\u00e4 valita VETUS-veneen instrumentit:<br \/>\n\u2022 Suuri tarkkuus: Mittareiden tarkkuus testataan<br \/>\nperusteellisesti ja esimerkiksi kierroslukumittari on helposti<br \/>\nkalibroitavissa moottorin mukaan.<\/p>\n<p>\u2022 Luotettavuus ja pitk\u00e4ik\u00e4isyys: Korkealaatuiset mittarit antavat<br \/>\nluotettavia lukemia useiden vuosienkin p\u00e4\u00e4st\u00e4.<br \/>\n\u2022 \u00c4lyk\u00e4s valaistus: Selke\u00e4 n\u00e4kyvyys kaikissa olosuhteissa koska<br \/>\nvalot ovat taustavalaistuja ja himmennett\u00e4viss\u00e4. N\u00e4ytt\u00f6 on<br \/>\nselke\u00e4 kirkkaassa auringonpaisteessa tai pime\u00e4ss\u00e4 y\u00f6ss\u00e4.<br \/>\nTaustavalon v\u00e4rin voi vaihtaa keltaisesta punaiseen.<br \/>\nKaikissa VETUS-mittareissa on kaksoislasi kondensoitumisen<br \/>\nehk\u00e4isemiseksi.<br \/>\nMittaritauluja on saatavana kolmessa eri v\u00e4riss\u00e4: valkoisten<br \/>\ntuotekoodissa on W-kirjain, kermanv\u00e4risiss\u00e4 N-kirjain ja mustilla<br \/>\nB-kirjain. Isojen mittareiden kokonaisl\u00e4pimitta on \u00d8 114 mm ja<br \/>\nasennusrei\u00e4n \u00d8 100 mm. Pienet mittarit ovat halkaisijaltaan<br \/>\n\u00d8 63 mm ja asennusrei\u00e4n \u00d8 52 mm.<br \/>\nSek\u00e4 suurten ett\u00e4 pienten mittareiden korkeus tasosta on<br \/>\n10 mm.<\/p>\n<p>WATERB 12\/24v makeavesimittari musta<\/p>\n<p>Mustalla taululla<\/p>\n","protected":false},"excerpt":{"rendered":"<p>WATERB 12\/24v makeavesimittari<\/p>\n<p>Mustalla taululla, ulkohalkaisia 63mm<\/p>\n<p>Verkkokauppatuote. Toimitusaika 1-5pv<\/p>\n","protected":false},"featured_media":6797,"comment_status":"open","ping_status":"closed","template":"","meta":{"jetpack_post_was_ever_published":false,"jetpack_publicize_message":"","jetpack_publicize_feature_enabled":true,"jetpack_social_post_already_shared":true,"jetpack_social_options":{"image_generator_settings":{"template":"highway","default_image_id":0,"font":"","enabled":false},"version":2}},"product_brand":[],"product_cat":[1078,939,1086,476,470],"product_tag":[974,98],"class_list":{"0":"post-6795","1":"product","2":"type-product","3":"status-publish","4":"has-post-thumbnail","6":"product_cat-vetus-makeavesijarjestelma-juomavesi","7":"product_cat-makeavesitankin-tarvikkeet-asennus","8":"product_cat-tarvikkeet-makeallevedelle","9":"product_cat-vetus_vetus-venetarvikkeet_venetarvikeiden-maahantuonti-ja-myynti-vetus_vetus-venetarvikkeet_venetarvikeiden-maahantuonti-ja-myynti","10":"product_cat-vetus_vetus-venetarvikkeet_venetarvikeiden-maahantuonti-ja-myynti","11":"product_tag-makeavesimittari","12":"product_tag-vetus","13":"brand-vetus","15":"first","16":"onbackorder","17":"taxable","18":"shipping-taxable","19":"purchasable","20":"product-type-simple"},"yoast_head":"<!-- This site is optimized with the Yoast SEO plugin v27.3 - https:\/\/yoast.com\/product\/yoast-seo-wordpress\/ -->\n<title>WATERB 12\/24v makeavesimittari musta - Verkkokauppa<\/title>\n<meta name=\"description\" content=\"WATERB 12\/24v makeavesimittari musta. Vetus mittarit ovat tunnettuja laadustaan ja t\u00e4m\u00e4nkin laatutuotteen toimittaa. Veneakselisto.com-Verkkokauppa\" \/>\n<meta name=\"robots\" content=\"index, follow, max-snippet:-1, max-image-preview:large, max-video-preview:-1\" \/>\n<link rel=\"canonical\" href=\"https:\/\/veneakselisto.com\/kauppa\/tuote\/waterb-12-24v-makeavesimittari\/\" \/>\n<meta property=\"og:locale\" content=\"fi_FI\" \/>\n<meta property=\"og:type\" content=\"article\" \/>\n<meta property=\"og:title\" content=\"WATERB 12\/24v makeavesimittari musta - Verkkokauppa\" \/>\n<meta property=\"og:description\" content=\"WATERB 12\/24v makeavesimittari musta. Vetus mittarit ovat tunnettuja laadustaan ja t\u00e4m\u00e4nkin laatutuotteen toimittaa. Veneakselisto.com-Verkkokauppa\" \/>\n<meta property=\"og:url\" content=\"https:\/\/veneakselisto.com\/kauppa\/tuote\/waterb-12-24v-makeavesimittari\/\" \/>\n<meta property=\"og:site_name\" content=\"Veneakselisto.com - verkkokauppa\" \/>\n<meta property=\"article:publisher\" content=\"https:\/\/www.facebook.com\/AlaMikkula\/\" \/>\n<meta property=\"article:modified_time\" content=\"2026-02-16T12:02:46+00:00\" \/>\n<meta property=\"og:image\" content=\"https:\/\/veneakselisto.com\/kauppa\/wp-content\/uploads\/2020\/01\/WATERB.png\" \/>\n\t<meta property=\"og:image:width\" content=\"500\" \/>\n\t<meta property=\"og:image:height\" content=\"500\" \/>\n\t<meta property=\"og:image:type\" content=\"image\/png\" \/>\n<meta name=\"twitter:card\" content=\"summary_large_image\" \/>\n<meta name=\"twitter:label1\" content=\"Arvioitu lukuaika\" \/>\n\t<meta name=\"twitter:data1\" content=\"1 minuutti\" \/>\n<script type=\"application\/ld+json\" class=\"yoast-schema-graph\">{\"@context\":\"https:\\\/\\\/schema.org\",\"@graph\":[{\"@type\":\"WebPage\",\"@id\":\"https:\\\/\\\/veneakselisto.com\\\/kauppa\\\/tuote\\\/waterb-12-24v-makeavesimittari\\\/\",\"url\":\"https:\\\/\\\/veneakselisto.com\\\/kauppa\\\/tuote\\\/waterb-12-24v-makeavesimittari\\\/\",\"name\":\"WATERB 12\\\/24v makeavesimittari musta - Verkkokauppa\",\"isPartOf\":{\"@id\":\"https:\\\/\\\/veneakselisto.com\\\/kauppa\\\/#website\"},\"primaryImageOfPage\":{\"@id\":\"https:\\\/\\\/veneakselisto.com\\\/kauppa\\\/tuote\\\/waterb-12-24v-makeavesimittari\\\/#primaryimage\"},\"image\":{\"@id\":\"https:\\\/\\\/veneakselisto.com\\\/kauppa\\\/tuote\\\/waterb-12-24v-makeavesimittari\\\/#primaryimage\"},\"thumbnailUrl\":\"https:\\\/\\\/i0.wp.com\\\/veneakselisto.com\\\/kauppa\\\/wp-content\\\/uploads\\\/2020\\\/01\\\/WATERB.png?fit=500%2C500&ssl=1\",\"datePublished\":\"2020-01-14T08:19:55+00:00\",\"dateModified\":\"2026-02-16T12:02:46+00:00\",\"description\":\"WATERB 12\\\/24v makeavesimittari musta. Vetus mittarit ovat tunnettuja laadustaan ja t\u00e4m\u00e4nkin laatutuotteen toimittaa. Veneakselisto.com-Verkkokauppa\",\"breadcrumb\":{\"@id\":\"https:\\\/\\\/veneakselisto.com\\\/kauppa\\\/tuote\\\/waterb-12-24v-makeavesimittari\\\/#breadcrumb\"},\"inLanguage\":\"fi\",\"potentialAction\":[{\"@type\":\"ReadAction\",\"target\":[\"https:\\\/\\\/veneakselisto.com\\\/kauppa\\\/tuote\\\/waterb-12-24v-makeavesimittari\\\/\"]}]},{\"@type\":\"ImageObject\",\"inLanguage\":\"fi\",\"@id\":\"https:\\\/\\\/veneakselisto.com\\\/kauppa\\\/tuote\\\/waterb-12-24v-makeavesimittari\\\/#primaryimage\",\"url\":\"https:\\\/\\\/i0.wp.com\\\/veneakselisto.com\\\/kauppa\\\/wp-content\\\/uploads\\\/2020\\\/01\\\/WATERB.png?fit=500%2C500&ssl=1\",\"contentUrl\":\"https:\\\/\\\/i0.wp.com\\\/veneakselisto.com\\\/kauppa\\\/wp-content\\\/uploads\\\/2020\\\/01\\\/WATERB.png?fit=500%2C500&ssl=1\",\"width\":500,\"height\":500,\"caption\":\"Makeavesimittarit toimittaa Veneakselisto.com\"},{\"@type\":\"BreadcrumbList\",\"@id\":\"https:\\\/\\\/veneakselisto.com\\\/kauppa\\\/tuote\\\/waterb-12-24v-makeavesimittari\\\/#breadcrumb\",\"itemListElement\":[{\"@type\":\"ListItem\",\"position\":1,\"name\":\"Etusivu\",\"item\":\"https:\\\/\\\/veneakselisto.com\\\/kauppa\\\/\"},{\"@type\":\"ListItem\",\"position\":2,\"name\":\"Kauppa\",\"item\":\"https:\\\/\\\/veneakselisto.com\\\/kauppa\\\/\"},{\"@type\":\"ListItem\",\"position\":3,\"name\":\"WATERB 12\\\/24v makeavesimittari musta\"}]},{\"@type\":\"WebSite\",\"@id\":\"https:\\\/\\\/veneakselisto.com\\\/kauppa\\\/#website\",\"url\":\"https:\\\/\\\/veneakselisto.com\\\/kauppa\\\/\",\"name\":\"Veneakselisto.com - verkkokauppa\",\"description\":\"Venetarvikkeiden maahantuonti ja myynti\",\"publisher\":{\"@id\":\"https:\\\/\\\/veneakselisto.com\\\/kauppa\\\/#organization\"},\"potentialAction\":[{\"@type\":\"SearchAction\",\"target\":{\"@type\":\"EntryPoint\",\"urlTemplate\":\"https:\\\/\\\/veneakselisto.com\\\/kauppa\\\/?s={search_term_string}\"},\"query-input\":{\"@type\":\"PropertyValueSpecification\",\"valueRequired\":true,\"valueName\":\"search_term_string\"}}],\"inLanguage\":\"fi\"},{\"@type\":\"Organization\",\"@id\":\"https:\\\/\\\/veneakselisto.com\\\/kauppa\\\/#organization\",\"name\":\"Veneakselisto.com verkkokauppa\",\"url\":\"https:\\\/\\\/veneakselisto.com\\\/kauppa\\\/\",\"logo\":{\"@type\":\"ImageObject\",\"inLanguage\":\"fi\",\"@id\":\"https:\\\/\\\/veneakselisto.com\\\/kauppa\\\/#\\\/schema\\\/logo\\\/image\\\/\",\"url\":\"https:\\\/\\\/i2.wp.com\\\/veneakselisto.com\\\/kauppa\\\/wp-content\\\/uploads\\\/2016\\\/06\\\/fb_icon.jpg?fit=327%2C327&ssl=1\",\"contentUrl\":\"https:\\\/\\\/i2.wp.com\\\/veneakselisto.com\\\/kauppa\\\/wp-content\\\/uploads\\\/2016\\\/06\\\/fb_icon.jpg?fit=327%2C327&ssl=1\",\"width\":327,\"height\":327,\"caption\":\"Veneakselisto.com verkkokauppa\"},\"image\":{\"@id\":\"https:\\\/\\\/veneakselisto.com\\\/kauppa\\\/#\\\/schema\\\/logo\\\/image\\\/\"},\"sameAs\":[\"https:\\\/\\\/www.facebook.com\\\/AlaMikkula\\\/\"]}]}<\/script>\n<!-- \/ Yoast SEO plugin. -->","yoast_head_json":{"title":"WATERB 12\/24v makeavesimittari musta - Verkkokauppa","description":"WATERB 12\/24v makeavesimittari musta. Vetus mittarit ovat tunnettuja laadustaan ja t\u00e4m\u00e4nkin laatutuotteen toimittaa. Veneakselisto.com-Verkkokauppa","robots":{"index":"index","follow":"follow","max-snippet":"max-snippet:-1","max-image-preview":"max-image-preview:large","max-video-preview":"max-video-preview:-1"},"canonical":"https:\/\/veneakselisto.com\/kauppa\/tuote\/waterb-12-24v-makeavesimittari\/","og_locale":"fi_FI","og_type":"article","og_title":"WATERB 12\/24v makeavesimittari musta - Verkkokauppa","og_description":"WATERB 12\/24v makeavesimittari musta. Vetus mittarit ovat tunnettuja laadustaan ja t\u00e4m\u00e4nkin laatutuotteen toimittaa. Veneakselisto.com-Verkkokauppa","og_url":"https:\/\/veneakselisto.com\/kauppa\/tuote\/waterb-12-24v-makeavesimittari\/","og_site_name":"Veneakselisto.com - verkkokauppa","article_publisher":"https:\/\/www.facebook.com\/AlaMikkula\/","article_modified_time":"2026-02-16T12:02:46+00:00","og_image":[{"width":500,"height":500,"url":"https:\/\/veneakselisto.com\/kauppa\/wp-content\/uploads\/2020\/01\/WATERB.png","type":"image\/png"}],"twitter_card":"summary_large_image","twitter_misc":{"Arvioitu lukuaika":"1 minuutti"},"schema":{"@context":"https:\/\/schema.org","@graph":[{"@type":"WebPage","@id":"https:\/\/veneakselisto.com\/kauppa\/tuote\/waterb-12-24v-makeavesimittari\/","url":"https:\/\/veneakselisto.com\/kauppa\/tuote\/waterb-12-24v-makeavesimittari\/","name":"WATERB 12\/24v makeavesimittari musta - Verkkokauppa","isPartOf":{"@id":"https:\/\/veneakselisto.com\/kauppa\/#website"},"primaryImageOfPage":{"@id":"https:\/\/veneakselisto.com\/kauppa\/tuote\/waterb-12-24v-makeavesimittari\/#primaryimage"},"image":{"@id":"https:\/\/veneakselisto.com\/kauppa\/tuote\/waterb-12-24v-makeavesimittari\/#primaryimage"},"thumbnailUrl":"https:\/\/i0.wp.com\/veneakselisto.com\/kauppa\/wp-content\/uploads\/2020\/01\/WATERB.png?fit=500%2C500&ssl=1","datePublished":"2020-01-14T08:19:55+00:00","dateModified":"2026-02-16T12:02:46+00:00","description":"WATERB 12\/24v makeavesimittari musta. Vetus mittarit ovat tunnettuja laadustaan ja t\u00e4m\u00e4nkin laatutuotteen toimittaa. Veneakselisto.com-Verkkokauppa","breadcrumb":{"@id":"https:\/\/veneakselisto.com\/kauppa\/tuote\/waterb-12-24v-makeavesimittari\/#breadcrumb"},"inLanguage":"fi","potentialAction":[{"@type":"ReadAction","target":["https:\/\/veneakselisto.com\/kauppa\/tuote\/waterb-12-24v-makeavesimittari\/"]}]},{"@type":"ImageObject","inLanguage":"fi","@id":"https:\/\/veneakselisto.com\/kauppa\/tuote\/waterb-12-24v-makeavesimittari\/#primaryimage","url":"https:\/\/i0.wp.com\/veneakselisto.com\/kauppa\/wp-content\/uploads\/2020\/01\/WATERB.png?fit=500%2C500&ssl=1","contentUrl":"https:\/\/i0.wp.com\/veneakselisto.com\/kauppa\/wp-content\/uploads\/2020\/01\/WATERB.png?fit=500%2C500&ssl=1","width":500,"height":500,"caption":"Makeavesimittarit toimittaa Veneakselisto.com"},{"@type":"BreadcrumbList","@id":"https:\/\/veneakselisto.com\/kauppa\/tuote\/waterb-12-24v-makeavesimittari\/#breadcrumb","itemListElement":[{"@type":"ListItem","position":1,"name":"Etusivu","item":"https:\/\/veneakselisto.com\/kauppa\/"},{"@type":"ListItem","position":2,"name":"Kauppa","item":"https:\/\/veneakselisto.com\/kauppa\/"},{"@type":"ListItem","position":3,"name":"WATERB 12\/24v makeavesimittari musta"}]},{"@type":"WebSite","@id":"https:\/\/veneakselisto.com\/kauppa\/#website","url":"https:\/\/veneakselisto.com\/kauppa\/","name":"Veneakselisto.com - verkkokauppa","description":"Venetarvikkeiden maahantuonti ja myynti","publisher":{"@id":"https:\/\/veneakselisto.com\/kauppa\/#organization"},"potentialAction":[{"@type":"SearchAction","target":{"@type":"EntryPoint","urlTemplate":"https:\/\/veneakselisto.com\/kauppa\/?s={search_term_string}"},"query-input":{"@type":"PropertyValueSpecification","valueRequired":true,"valueName":"search_term_string"}}],"inLanguage":"fi"},{"@type":"Organization","@id":"https:\/\/veneakselisto.com\/kauppa\/#organization","name":"Veneakselisto.com verkkokauppa","url":"https:\/\/veneakselisto.com\/kauppa\/","logo":{"@type":"ImageObject","inLanguage":"fi","@id":"https:\/\/veneakselisto.com\/kauppa\/#\/schema\/logo\/image\/","url":"https:\/\/i2.wp.com\/veneakselisto.com\/kauppa\/wp-content\/uploads\/2016\/06\/fb_icon.jpg?fit=327%2C327&ssl=1","contentUrl":"https:\/\/i2.wp.com\/veneakselisto.com\/kauppa\/wp-content\/uploads\/2016\/06\/fb_icon.jpg?fit=327%2C327&ssl=1","width":327,"height":327,"caption":"Veneakselisto.com verkkokauppa"},"image":{"@id":"https:\/\/veneakselisto.com\/kauppa\/#\/schema\/logo\/image\/"},"sameAs":["https:\/\/www.facebook.com\/AlaMikkula\/"]}]}},"jetpack_publicize_connections":[],"jetpack_sharing_enabled":true,"_links":{"self":[{"href":"https:\/\/veneakselisto.com\/kauppa\/wp-json\/wp\/v2\/product\/6795","targetHints":{"allow":["GET"]}}],"collection":[{"href":"https:\/\/veneakselisto.com\/kauppa\/wp-json\/wp\/v2\/product"}],"about":[{"href":"https:\/\/veneakselisto.com\/kauppa\/wp-json\/wp\/v2\/types\/product"}],"replies":[{"embeddable":true,"href":"https:\/\/veneakselisto.com\/kauppa\/wp-json\/wp\/v2\/comments?post=6795"}],"wp:featuredmedia":[{"embeddable":true,"href":"https:\/\/veneakselisto.com\/kauppa\/wp-json\/wp\/v2\/media\/6797"}],"wp:attachment":[{"href":"https:\/\/veneakselisto.com\/kauppa\/wp-json\/wp\/v2\/media?parent=6795"}],"wp:term":[{"taxonomy":"product_brand","embeddable":true,"href":"https:\/\/veneakselisto.com\/kauppa\/wp-json\/wp\/v2\/product_brand?post=6795"},{"taxonomy":"product_cat","embeddable":true,"href":"https:\/\/veneakselisto.com\/kauppa\/wp-json\/wp\/v2\/product_cat?post=6795"},{"taxonomy":"product_tag","embeddable":true,"href":"https:\/\/veneakselisto.com\/kauppa\/wp-json\/wp\/v2\/product_tag?post=6795"}],"curies":[{"name":"wp","href":"https:\/\/api.w.org\/{rel}","templated":true}]}}