{"id":6772,"date":"2020-01-13T14:55:14","date_gmt":"2020-01-13T12:55:14","guid":{"rendered":"https:\/\/veneakselisto.com\/kauppa\/?post_type=product&#038;p=6772"},"modified":"2025-04-23T10:20:50","modified_gmt":"2025-04-23T07:20:50","slug":"16mm-kuumavesiletku","status":"publish","type":"product","link":"https:\/\/veneakselisto.com\/kauppa\/tuote\/16mm-kuumavesiletku\/","title":{"rendered":"16mm kuumavesiletku"},"content":{"rendered":"<div class=\"wpb-content-wrapper\"><p>[vc_row][vc_column][vc_column_text]16mm kuumavesiletku<\/p>\n<p>HWHOSE l\u00e4mminvesiletku<br \/>\nL\u00e4mminvesivaraajiin ja -j\u00e4rjestelmiin<br \/>\nKuumavesiletkut l\u00e4mp\u00f6tilankesto -30\u00b0C &#8211; +160\u00b0C. Sopii juomavedelle l\u00e4mminvesivaraajan<br \/>\nkanssa. Valmistettu NBR- ja EPDM-kumista, sisus kudottu synteettinen kangas.<\/p>\n<p>Veneiss\u00e4 on paljon letkuja ja usein ne ovat avainasemassa my\u00f6s turvallisuudessa. VETUS veneletkut ovat huippulaadukkaita ja ne<br \/>\nt\u00e4ytt\u00e4v\u00e4t kaikki voimassa olevat vaatimukset. Letkuja l\u00f6ytyy l\u00e4hes kaikkiin tarkoituksiin ja ne ovat tunnettuja kest\u00e4vyydest\u00e4\u00e4n ja<br \/>\ntaipuisuudestaan mink\u00e4 huomaa erityisesti asennettaessa.[\/vc_column_text][\/vc_column][\/vc_row]<\/p>\n<\/div>","protected":false},"excerpt":{"rendered":"<p>16mm kuumavesiletku<\/p>\n<p>HWHOSE l\u00e4mminvesiletku<br \/>\nL\u00e4mminvesivaraajiin ja -j\u00e4rjestelmiin<br \/>\nKuumavesiletkut l\u00e4mp\u00f6tilankesto -30\u00b0C &#8211; +160\u00b0C. Sopii juomavedelle l\u00e4mminvesivaraajan<br \/>\nkanssa. Valmistettu NBR- ja EPDM-kumista, sisus kudottu synteettinen kangas.<\/p>\n<p><strong>Letku myyd\u00e4\u00e4n 100cm yksik\u00f6iss\u00e4, eli 1kpl tuotetta on 100cm letkua.<br \/>\nJos tarvitset 200cm letkua, niin tilaat 2kpl<br \/>\nJos tarvitset 300cm letkua, niin tilaat 3kpl<br \/>\n<\/strong><strong>jne&#8230;<\/strong><\/p>\n","protected":false},"featured_media":6773,"comment_status":"open","ping_status":"closed","template":"","meta":{"jetpack_post_was_ever_published":false,"jetpack_publicize_message":"","jetpack_publicize_feature_enabled":true,"jetpack_social_post_already_shared":true,"jetpack_social_options":{"image_generator_settings":{"template":"highway","default_image_id":0,"font":"","enabled":false},"version":2}},"product_brand":[],"product_cat":[1078,939,1086,476,470],"product_tag":[973,972],"class_list":{"0":"post-6772","1":"product","2":"type-product","3":"status-publish","4":"has-post-thumbnail","6":"product_cat-vetus-makeavesijarjestelma-juomavesi","7":"product_cat-makeavesitankin-tarvikkeet-asennus","8":"product_cat-tarvikkeet-makeallevedelle","9":"product_cat-vetus_vetus-venetarvikkeet_venetarvikeiden-maahantuonti-ja-myynti-vetus_vetus-venetarvikkeet_venetarvikeiden-maahantuonti-ja-myynti","10":"product_cat-vetus_vetus-venetarvikkeet_venetarvikeiden-maahantuonti-ja-myynti","11":"product_tag-juomavesiletku","12":"product_tag-makeavesiletku","14":"first","15":"instock","16":"sale","17":"taxable","18":"shipping-taxable","19":"purchasable","20":"product-type-simple"},"yoast_head":"<!-- This site is optimized with the Yoast SEO plugin v27.3 - https:\/\/yoast.com\/product\/yoast-seo-wordpress\/ -->\n<title>16mm kuumavesiletku - Veneakselisto.com - verkkokauppa<\/title>\n<meta name=\"description\" content=\"16mm kuumavesiletku. Sopii juomavesik\u00e4ytt\u00f6\u00f6n sek\u00e4 imu- ett\u00e4 painepuolelle. Ter\u00e4slankavahvistettua kirkasta PVCletkua. Veneakselisto.com\" \/>\n<meta name=\"robots\" content=\"index, follow, max-snippet:-1, max-image-preview:large, max-video-preview:-1\" \/>\n<link rel=\"canonical\" href=\"https:\/\/veneakselisto.com\/kauppa\/tuote\/16mm-kuumavesiletku\/\" \/>\n<meta property=\"og:locale\" content=\"fi_FI\" \/>\n<meta property=\"og:type\" content=\"article\" \/>\n<meta property=\"og:title\" content=\"16mm kuumavesiletku - Veneakselisto.com - verkkokauppa\" \/>\n<meta property=\"og:description\" content=\"16mm kuumavesiletku. Sopii juomavesik\u00e4ytt\u00f6\u00f6n sek\u00e4 imu- ett\u00e4 painepuolelle. Ter\u00e4slankavahvistettua kirkasta PVCletkua. Veneakselisto.com\" \/>\n<meta property=\"og:url\" content=\"https:\/\/veneakselisto.com\/kauppa\/tuote\/16mm-kuumavesiletku\/\" \/>\n<meta property=\"og:site_name\" content=\"Veneakselisto.com - verkkokauppa\" \/>\n<meta property=\"article:publisher\" content=\"https:\/\/www.facebook.com\/AlaMikkula\/\" \/>\n<meta property=\"article:modified_time\" content=\"2025-04-23T07:20:50+00:00\" \/>\n<meta property=\"og:image\" content=\"https:\/\/veneakselisto.com\/kauppa\/wp-content\/uploads\/2020\/01\/HWHOSE.png\" \/>\n\t<meta property=\"og:image:width\" content=\"500\" \/>\n\t<meta property=\"og:image:height\" content=\"500\" \/>\n\t<meta property=\"og:image:type\" content=\"image\/png\" \/>\n<meta name=\"twitter:card\" content=\"summary_large_image\" \/>\n<script type=\"application\/ld+json\" class=\"yoast-schema-graph\">{\"@context\":\"https:\\\/\\\/schema.org\",\"@graph\":[{\"@type\":\"WebPage\",\"@id\":\"https:\\\/\\\/veneakselisto.com\\\/kauppa\\\/tuote\\\/16mm-kuumavesiletku\\\/\",\"url\":\"https:\\\/\\\/veneakselisto.com\\\/kauppa\\\/tuote\\\/16mm-kuumavesiletku\\\/\",\"name\":\"16mm kuumavesiletku - Veneakselisto.com - verkkokauppa\",\"isPartOf\":{\"@id\":\"https:\\\/\\\/veneakselisto.com\\\/kauppa\\\/#website\"},\"primaryImageOfPage\":{\"@id\":\"https:\\\/\\\/veneakselisto.com\\\/kauppa\\\/tuote\\\/16mm-kuumavesiletku\\\/#primaryimage\"},\"image\":{\"@id\":\"https:\\\/\\\/veneakselisto.com\\\/kauppa\\\/tuote\\\/16mm-kuumavesiletku\\\/#primaryimage\"},\"thumbnailUrl\":\"https:\\\/\\\/i0.wp.com\\\/veneakselisto.com\\\/kauppa\\\/wp-content\\\/uploads\\\/2020\\\/01\\\/HWHOSE.png?fit=500%2C500&ssl=1\",\"datePublished\":\"2020-01-13T12:55:14+00:00\",\"dateModified\":\"2025-04-23T07:20:50+00:00\",\"description\":\"16mm kuumavesiletku. Sopii juomavesik\u00e4ytt\u00f6\u00f6n sek\u00e4 imu- ett\u00e4 painepuolelle. Ter\u00e4slankavahvistettua kirkasta PVCletkua. Veneakselisto.com\",\"breadcrumb\":{\"@id\":\"https:\\\/\\\/veneakselisto.com\\\/kauppa\\\/tuote\\\/16mm-kuumavesiletku\\\/#breadcrumb\"},\"inLanguage\":\"fi\",\"potentialAction\":[{\"@type\":\"ReadAction\",\"target\":[\"https:\\\/\\\/veneakselisto.com\\\/kauppa\\\/tuote\\\/16mm-kuumavesiletku\\\/\"]}]},{\"@type\":\"ImageObject\",\"inLanguage\":\"fi\",\"@id\":\"https:\\\/\\\/veneakselisto.com\\\/kauppa\\\/tuote\\\/16mm-kuumavesiletku\\\/#primaryimage\",\"url\":\"https:\\\/\\\/i0.wp.com\\\/veneakselisto.com\\\/kauppa\\\/wp-content\\\/uploads\\\/2020\\\/01\\\/HWHOSE.png?fit=500%2C500&ssl=1\",\"contentUrl\":\"https:\\\/\\\/i0.wp.com\\\/veneakselisto.com\\\/kauppa\\\/wp-content\\\/uploads\\\/2020\\\/01\\\/HWHOSE.png?fit=500%2C500&ssl=1\",\"width\":500,\"height\":500,\"caption\":\"Paras letku l\u00e4mminvesivaraajiin. Venetarvikkeiden maahantuonti ja myynti.Veneakselisto.com\"},{\"@type\":\"BreadcrumbList\",\"@id\":\"https:\\\/\\\/veneakselisto.com\\\/kauppa\\\/tuote\\\/16mm-kuumavesiletku\\\/#breadcrumb\",\"itemListElement\":[{\"@type\":\"ListItem\",\"position\":1,\"name\":\"Etusivu\",\"item\":\"https:\\\/\\\/veneakselisto.com\\\/kauppa\\\/\"},{\"@type\":\"ListItem\",\"position\":2,\"name\":\"Kauppa\",\"item\":\"https:\\\/\\\/veneakselisto.com\\\/kauppa\\\/\"},{\"@type\":\"ListItem\",\"position\":3,\"name\":\"16mm kuumavesiletku\"}]},{\"@type\":\"WebSite\",\"@id\":\"https:\\\/\\\/veneakselisto.com\\\/kauppa\\\/#website\",\"url\":\"https:\\\/\\\/veneakselisto.com\\\/kauppa\\\/\",\"name\":\"Veneakselisto.com - verkkokauppa\",\"description\":\"Venetarvikkeiden maahantuonti ja myynti\",\"publisher\":{\"@id\":\"https:\\\/\\\/veneakselisto.com\\\/kauppa\\\/#organization\"},\"potentialAction\":[{\"@type\":\"SearchAction\",\"target\":{\"@type\":\"EntryPoint\",\"urlTemplate\":\"https:\\\/\\\/veneakselisto.com\\\/kauppa\\\/?s={search_term_string}\"},\"query-input\":{\"@type\":\"PropertyValueSpecification\",\"valueRequired\":true,\"valueName\":\"search_term_string\"}}],\"inLanguage\":\"fi\"},{\"@type\":\"Organization\",\"@id\":\"https:\\\/\\\/veneakselisto.com\\\/kauppa\\\/#organization\",\"name\":\"Veneakselisto.com verkkokauppa\",\"url\":\"https:\\\/\\\/veneakselisto.com\\\/kauppa\\\/\",\"logo\":{\"@type\":\"ImageObject\",\"inLanguage\":\"fi\",\"@id\":\"https:\\\/\\\/veneakselisto.com\\\/kauppa\\\/#\\\/schema\\\/logo\\\/image\\\/\",\"url\":\"https:\\\/\\\/i2.wp.com\\\/veneakselisto.com\\\/kauppa\\\/wp-content\\\/uploads\\\/2016\\\/06\\\/fb_icon.jpg?fit=327%2C327&ssl=1\",\"contentUrl\":\"https:\\\/\\\/i2.wp.com\\\/veneakselisto.com\\\/kauppa\\\/wp-content\\\/uploads\\\/2016\\\/06\\\/fb_icon.jpg?fit=327%2C327&ssl=1\",\"width\":327,\"height\":327,\"caption\":\"Veneakselisto.com verkkokauppa\"},\"image\":{\"@id\":\"https:\\\/\\\/veneakselisto.com\\\/kauppa\\\/#\\\/schema\\\/logo\\\/image\\\/\"},\"sameAs\":[\"https:\\\/\\\/www.facebook.com\\\/AlaMikkula\\\/\"]}]}<\/script>\n<!-- \/ Yoast SEO plugin. -->","yoast_head_json":{"title":"16mm kuumavesiletku - Veneakselisto.com - verkkokauppa","description":"16mm kuumavesiletku. Sopii juomavesik\u00e4ytt\u00f6\u00f6n sek\u00e4 imu- ett\u00e4 painepuolelle. Ter\u00e4slankavahvistettua kirkasta PVCletkua. Veneakselisto.com","robots":{"index":"index","follow":"follow","max-snippet":"max-snippet:-1","max-image-preview":"max-image-preview:large","max-video-preview":"max-video-preview:-1"},"canonical":"https:\/\/veneakselisto.com\/kauppa\/tuote\/16mm-kuumavesiletku\/","og_locale":"fi_FI","og_type":"article","og_title":"16mm kuumavesiletku - Veneakselisto.com - verkkokauppa","og_description":"16mm kuumavesiletku. Sopii juomavesik\u00e4ytt\u00f6\u00f6n sek\u00e4 imu- ett\u00e4 painepuolelle. Ter\u00e4slankavahvistettua kirkasta PVCletkua. Veneakselisto.com","og_url":"https:\/\/veneakselisto.com\/kauppa\/tuote\/16mm-kuumavesiletku\/","og_site_name":"Veneakselisto.com - verkkokauppa","article_publisher":"https:\/\/www.facebook.com\/AlaMikkula\/","article_modified_time":"2025-04-23T07:20:50+00:00","og_image":[{"width":500,"height":500,"url":"https:\/\/veneakselisto.com\/kauppa\/wp-content\/uploads\/2020\/01\/HWHOSE.png","type":"image\/png"}],"twitter_card":"summary_large_image","schema":{"@context":"https:\/\/schema.org","@graph":[{"@type":"WebPage","@id":"https:\/\/veneakselisto.com\/kauppa\/tuote\/16mm-kuumavesiletku\/","url":"https:\/\/veneakselisto.com\/kauppa\/tuote\/16mm-kuumavesiletku\/","name":"16mm kuumavesiletku - Veneakselisto.com - verkkokauppa","isPartOf":{"@id":"https:\/\/veneakselisto.com\/kauppa\/#website"},"primaryImageOfPage":{"@id":"https:\/\/veneakselisto.com\/kauppa\/tuote\/16mm-kuumavesiletku\/#primaryimage"},"image":{"@id":"https:\/\/veneakselisto.com\/kauppa\/tuote\/16mm-kuumavesiletku\/#primaryimage"},"thumbnailUrl":"https:\/\/i0.wp.com\/veneakselisto.com\/kauppa\/wp-content\/uploads\/2020\/01\/HWHOSE.png?fit=500%2C500&ssl=1","datePublished":"2020-01-13T12:55:14+00:00","dateModified":"2025-04-23T07:20:50+00:00","description":"16mm kuumavesiletku. Sopii juomavesik\u00e4ytt\u00f6\u00f6n sek\u00e4 imu- ett\u00e4 painepuolelle. Ter\u00e4slankavahvistettua kirkasta PVCletkua. Veneakselisto.com","breadcrumb":{"@id":"https:\/\/veneakselisto.com\/kauppa\/tuote\/16mm-kuumavesiletku\/#breadcrumb"},"inLanguage":"fi","potentialAction":[{"@type":"ReadAction","target":["https:\/\/veneakselisto.com\/kauppa\/tuote\/16mm-kuumavesiletku\/"]}]},{"@type":"ImageObject","inLanguage":"fi","@id":"https:\/\/veneakselisto.com\/kauppa\/tuote\/16mm-kuumavesiletku\/#primaryimage","url":"https:\/\/i0.wp.com\/veneakselisto.com\/kauppa\/wp-content\/uploads\/2020\/01\/HWHOSE.png?fit=500%2C500&ssl=1","contentUrl":"https:\/\/i0.wp.com\/veneakselisto.com\/kauppa\/wp-content\/uploads\/2020\/01\/HWHOSE.png?fit=500%2C500&ssl=1","width":500,"height":500,"caption":"Paras letku l\u00e4mminvesivaraajiin. Venetarvikkeiden maahantuonti ja myynti.Veneakselisto.com"},{"@type":"BreadcrumbList","@id":"https:\/\/veneakselisto.com\/kauppa\/tuote\/16mm-kuumavesiletku\/#breadcrumb","itemListElement":[{"@type":"ListItem","position":1,"name":"Etusivu","item":"https:\/\/veneakselisto.com\/kauppa\/"},{"@type":"ListItem","position":2,"name":"Kauppa","item":"https:\/\/veneakselisto.com\/kauppa\/"},{"@type":"ListItem","position":3,"name":"16mm kuumavesiletku"}]},{"@type":"WebSite","@id":"https:\/\/veneakselisto.com\/kauppa\/#website","url":"https:\/\/veneakselisto.com\/kauppa\/","name":"Veneakselisto.com - verkkokauppa","description":"Venetarvikkeiden maahantuonti ja myynti","publisher":{"@id":"https:\/\/veneakselisto.com\/kauppa\/#organization"},"potentialAction":[{"@type":"SearchAction","target":{"@type":"EntryPoint","urlTemplate":"https:\/\/veneakselisto.com\/kauppa\/?s={search_term_string}"},"query-input":{"@type":"PropertyValueSpecification","valueRequired":true,"valueName":"search_term_string"}}],"inLanguage":"fi"},{"@type":"Organization","@id":"https:\/\/veneakselisto.com\/kauppa\/#organization","name":"Veneakselisto.com verkkokauppa","url":"https:\/\/veneakselisto.com\/kauppa\/","logo":{"@type":"ImageObject","inLanguage":"fi","@id":"https:\/\/veneakselisto.com\/kauppa\/#\/schema\/logo\/image\/","url":"https:\/\/i2.wp.com\/veneakselisto.com\/kauppa\/wp-content\/uploads\/2016\/06\/fb_icon.jpg?fit=327%2C327&ssl=1","contentUrl":"https:\/\/i2.wp.com\/veneakselisto.com\/kauppa\/wp-content\/uploads\/2016\/06\/fb_icon.jpg?fit=327%2C327&ssl=1","width":327,"height":327,"caption":"Veneakselisto.com verkkokauppa"},"image":{"@id":"https:\/\/veneakselisto.com\/kauppa\/#\/schema\/logo\/image\/"},"sameAs":["https:\/\/www.facebook.com\/AlaMikkula\/"]}]}},"jetpack_publicize_connections":[],"jetpack_sharing_enabled":true,"_links":{"self":[{"href":"https:\/\/veneakselisto.com\/kauppa\/wp-json\/wp\/v2\/product\/6772","targetHints":{"allow":["GET"]}}],"collection":[{"href":"https:\/\/veneakselisto.com\/kauppa\/wp-json\/wp\/v2\/product"}],"about":[{"href":"https:\/\/veneakselisto.com\/kauppa\/wp-json\/wp\/v2\/types\/product"}],"replies":[{"embeddable":true,"href":"https:\/\/veneakselisto.com\/kauppa\/wp-json\/wp\/v2\/comments?post=6772"}],"wp:featuredmedia":[{"embeddable":true,"href":"https:\/\/veneakselisto.com\/kauppa\/wp-json\/wp\/v2\/media\/6773"}],"wp:attachment":[{"href":"https:\/\/veneakselisto.com\/kauppa\/wp-json\/wp\/v2\/media?parent=6772"}],"wp:term":[{"taxonomy":"product_brand","embeddable":true,"href":"https:\/\/veneakselisto.com\/kauppa\/wp-json\/wp\/v2\/product_brand?post=6772"},{"taxonomy":"product_cat","embeddable":true,"href":"https:\/\/veneakselisto.com\/kauppa\/wp-json\/wp\/v2\/product_cat?post=6772"},{"taxonomy":"product_tag","embeddable":true,"href":"https:\/\/veneakselisto.com\/kauppa\/wp-json\/wp\/v2\/product_tag?post=6772"}],"curies":[{"name":"wp","href":"https:\/\/api.w.org\/{rel}","templated":true}]}}