{"id":6439,"date":"2019-12-12T12:10:03","date_gmt":"2019-12-12T10:10:03","guid":{"rendered":"https:\/\/veneakselisto.com\/kauppa\/?post_type=product&#038;p=6439"},"modified":"2025-03-21T09:46:05","modified_gmt":"2025-03-21T07:46:05","slug":"polttoaineen-levantuhoaja-250ml","status":"publish","type":"product","link":"https:\/\/veneakselisto.com\/kauppa\/tuote\/polttoaineen-levantuhoaja-250ml\/","title":{"rendered":"Polttoaineen lev\u00e4ntuhoaja 250ml"},"content":{"rendered":"<p>Polttoaineen lev\u00e4ntuhoaja 250ml<\/p>\n<p>Fleet Treat 950<\/p>\n<p>Lev\u00e4tuho<\/p>\n<p>Nestem\u00e4inen polttoaineen lis\u00e4aine, joka neutraloi veden ja orgaanisten kasvustojen<br \/>\nhaittavaikutukset. Suunniteltu k\u00e4ytett\u00e4v\u00e4ksi kaikilla polttoainetyypeill\u00e4 (bensiini, diesel, 2T\u2026)<br \/>\nErityisesti korkean etanolipitoisuuden omaaville polttoaineille.<br \/>\nOminaisuudet &amp; Edut<br \/>\n\u2022 Tappaa haitalliset bakteerit biopolttoaineesta ja<br \/>\nest\u00e4\u00e4 lev\u00e4kasvuston synty\u00e4<br \/>\n\u2022 Sekoittaa veden ja polttoaineen yhdeksi palavaksi<br \/>\nnesteeksi<br \/>\n\u2022 Veden, polttoaineen ja Fleet Treatin seos palaa normaalisti<br \/>\n\u2022 Sis\u00e4lt\u00e4\u00e4 korroosionsuoja-ainetta<br \/>\n\u2022 Ei sis\u00e4ll\u00e4 kerosiini\u00e4 tai dieseli\u00e4<br \/>\n\u2022 Ei vahingoita katalysaattoria<br \/>\n\u2022 V\u00e4hent\u00e4\u00e4 haitallisia p\u00e4\u00e4st\u00f6j\u00e4<\/p>\n<p>K\u00e4ytt\u00f6kohteet<br \/>\nFleat Treat 950 voidaan k\u00e4ytt\u00e4\u00e4 sek\u00e4 diesel-, ett\u00e4 bensamoottoreissa. Tuote on erityisen suositeltavaa jos<br \/>\najoneuvo joutuu aika-ajoin seisomaan p\u00e4ivi\u00e4 tai jopa viikkoja. Vaikka ajoneuvoa tankattaisiinkin<br \/>\ns\u00e4\u00e4nn\u00f6llisesti, polttoaineen laatu riippuu paljon aikaisemmista s\u00e4ilytystankeista ja niiden k\u00e4yt\u00f6st\u00e4. Tuotetta<br \/>\nsuositellaan henkil\u00f6-, paketti-, kuorma-, linjaautoihin sek\u00e4 ns. tilatankkeihin ja isoihin polttoainevarastoihin.<br \/>\nVarsinkin etanolin m\u00e4\u00e4r\u00e4n kasvaessa polttoaineen seassa, tulee kosteuden aiheuttamat ongelmat minimoida.<br \/>\nFleet Treat 950 emulgoi veden ja etanolin tehokkaasti ja poistaa t\u00e4ten ongelman aiheuttajan.<\/p>\n<p>Polttoaineen lev\u00e4ntuhoaja 250ml<\/p>\n<p>&nbsp;<\/p>\n","protected":false},"excerpt":{"rendered":"<p>Polttoaineen lev\u00e4ntuhoaja<\/p>\n<p>Ominaisuudet &amp; Edut<br \/>\n\u2022 Tappaa haitalliset bakteerit biopolttoaineesta ja<br \/>\nest\u00e4\u00e4 lev\u00e4kasvuston synty\u00e4<br \/>\n\u2022 Sekoittaa veden ja polttoaineen yhdeksi palavaksi<br \/>\nnesteeksi<br \/>\n\u2022 Veden, polttoaineen ja Fleet Treatin seos palaa normaalisti<br \/>\n\u2022 Sis\u00e4lt\u00e4\u00e4 korroosionsuoja-ainetta<br \/>\n\u2022 Ei sis\u00e4ll\u00e4 kerosiini\u00e4 tai dieseli\u00e4<br \/>\n\u2022 Ei vahingoita katalysaattoria<br \/>\n\u2022 V\u00e4hent\u00e4\u00e4 haitallisia p\u00e4\u00e4st\u00f6j\u00e4<\/p>\n","protected":false},"featured_media":6443,"comment_status":"open","ping_status":"closed","template":"","meta":{"jetpack_post_was_ever_published":false,"jetpack_publicize_message":"","jetpack_publicize_feature_enabled":true,"jetpack_social_post_already_shared":true,"jetpack_social_options":{"image_generator_settings":{"template":"highway","default_image_id":0,"font":"","enabled":false},"version":2}},"product_brand":[],"product_cat":[832,1059,1041,256,250,288,1173,270,1178,913,786,949,1057,483,1061,373,478,281,295,285,14,847,289,472,264,269,775,294],"product_tag":[953,952,951,1165,954],"class_list":{"0":"post-6439","1":"product","2":"type-product","3":"status-publish","4":"has-post-thumbnail","6":"product_cat-cummins_huolto_osat_suodattimet","7":"product_cat-vedeneroitin-diesel-vetus","8":"product_cat-huoltosarja-yanmar","9":"product_cat-lombardini-huolto-osat","10":"product_cat-moottoreiden-huolto-osat","11":"product_cat-oljyt-ja-nesteet-vetus-huolto-osat","12":"product_cat-oljy-volvo-penta","13":"product_cat-oljyt-ja-nesteet","14":"product_cat-oljy-nesteet-volvo-penta-vetus-kubota","15":"product_cat-peravetolaite-oljy","16":"product_cat-perkins-suodatin-varaosa-huolto-osa","17":"product_cat-diesel-levanesto-polttoaineen-suja","18":"product_cat-polttoainejarjestelma","19":"product_cat-polttoainejarjestela_tarvikkeet","20":"product_cat-diesel-tarvikkeet-veneen-suodatin","21":"product_cat-polttoainepumppu-volvo-penta-vara-huolto-osat","22":"product_cat-vetus_polttoainesuodatin_veneen_vedeneroitin","23":"product_cat-polttoainesuodattimet","24":"product_cat-polttoainesuodattimet-yanmar","25":"product_cat-polttoainesuodattimet-vetus-huolto-osat","26":"product_cat-beta-kubota_polttoainesuodattimet","27":"product_cat-sole_siipipyora_huolto_osat_suodattimet_varaosat","28":"product_cat-oljyn-suodattimet-lombardini-huolto-osat","29":"product_cat-vetus_polttoainejarjestelma","30":"product_cat-volvo-penta-huoltopaketit","31":"product_cat-volvo-penta-varaosat-houlto-osat","32":"product_cat-yanmar_huolto_osat_huoltosarja_huoltopaketti_syys_huolto_syyshuolto","33":"product_cat-yanmar-huolto-osat","34":"product_tag-diesel-levanesto","35":"product_tag-leva","36":"product_tag-levaesto","37":"product_tag-levanesto","38":"product_tag-levatuho","39":"brand-kent","40":"brand-lombardini","42":"first","43":"instock","44":"taxable","45":"shipping-taxable","46":"purchasable","47":"product-type-simple"},"yoast_head":"<!-- This site is optimized with the Yoast SEO plugin v27.3 - https:\/\/yoast.com\/product\/yoast-seo-wordpress\/ -->\n<title>Diesel-lev\u00e4n-tappaja-tuhoaja-Polttoaineen lev\u00e4ntuho-250ml<\/title>\n<meta name=\"description\" content=\"Laadukas Kent Fleet Treat 950 lev\u00e4ntuhoaja joka sopii l\u00e4hes kaikille polttoaine tyypeille. Polttoaineen lev\u00e4ntuhoaja 250ml.Venevaraosat.fi\" \/>\n<meta name=\"robots\" content=\"index, follow, max-snippet:-1, max-image-preview:large, max-video-preview:-1\" \/>\n<link rel=\"canonical\" href=\"https:\/\/veneakselisto.com\/kauppa\/tuote\/polttoaineen-levantuhoaja-250ml\/\" \/>\n<meta property=\"og:locale\" content=\"fi_FI\" \/>\n<meta property=\"og:type\" content=\"article\" \/>\n<meta property=\"og:title\" content=\"Diesel-lev\u00e4n-tappaja-tuhoaja-Polttoaineen lev\u00e4ntuho-250ml\" \/>\n<meta property=\"og:description\" content=\"Laadukas Kent Fleet Treat 950 lev\u00e4ntuhoaja joka sopii l\u00e4hes kaikille polttoaine tyypeille. Polttoaineen lev\u00e4ntuhoaja 250ml.Venevaraosat.fi\" \/>\n<meta property=\"og:url\" content=\"https:\/\/veneakselisto.com\/kauppa\/tuote\/polttoaineen-levantuhoaja-250ml\/\" \/>\n<meta property=\"og:site_name\" content=\"Veneakselisto.com - verkkokauppa\" \/>\n<meta property=\"article:publisher\" content=\"https:\/\/www.facebook.com\/AlaMikkula\/\" \/>\n<meta property=\"article:modified_time\" content=\"2025-03-21T07:46:05+00:00\" \/>\n<meta property=\"og:image\" content=\"https:\/\/veneakselisto.com\/kauppa\/wp-content\/uploads\/2019\/12\/Fleet-Treat-.png\" \/>\n\t<meta property=\"og:image:width\" content=\"500\" \/>\n\t<meta property=\"og:image:height\" content=\"500\" \/>\n\t<meta property=\"og:image:type\" content=\"image\/png\" \/>\n<meta name=\"twitter:card\" content=\"summary_large_image\" \/>\n<meta name=\"twitter:label1\" content=\"Arvioitu lukuaika\" \/>\n\t<meta name=\"twitter:data1\" content=\"1 minuutti\" \/>\n<script type=\"application\/ld+json\" class=\"yoast-schema-graph\">{\"@context\":\"https:\\\/\\\/schema.org\",\"@graph\":[{\"@type\":\"WebPage\",\"@id\":\"https:\\\/\\\/veneakselisto.com\\\/kauppa\\\/tuote\\\/polttoaineen-levantuhoaja-250ml\\\/\",\"url\":\"https:\\\/\\\/veneakselisto.com\\\/kauppa\\\/tuote\\\/polttoaineen-levantuhoaja-250ml\\\/\",\"name\":\"Diesel-lev\u00e4n-tappaja-tuhoaja-Polttoaineen lev\u00e4ntuho-250ml\",\"isPartOf\":{\"@id\":\"https:\\\/\\\/veneakselisto.com\\\/kauppa\\\/#website\"},\"primaryImageOfPage\":{\"@id\":\"https:\\\/\\\/veneakselisto.com\\\/kauppa\\\/tuote\\\/polttoaineen-levantuhoaja-250ml\\\/#primaryimage\"},\"image\":{\"@id\":\"https:\\\/\\\/veneakselisto.com\\\/kauppa\\\/tuote\\\/polttoaineen-levantuhoaja-250ml\\\/#primaryimage\"},\"thumbnailUrl\":\"https:\\\/\\\/i0.wp.com\\\/veneakselisto.com\\\/kauppa\\\/wp-content\\\/uploads\\\/2019\\\/12\\\/Fleet-Treat-.png?fit=500%2C500&ssl=1\",\"datePublished\":\"2019-12-12T10:10:03+00:00\",\"dateModified\":\"2025-03-21T07:46:05+00:00\",\"description\":\"Laadukas Kent Fleet Treat 950 lev\u00e4ntuhoaja joka sopii l\u00e4hes kaikille polttoaine tyypeille. Polttoaineen lev\u00e4ntuhoaja 250ml.Venevaraosat.fi\",\"breadcrumb\":{\"@id\":\"https:\\\/\\\/veneakselisto.com\\\/kauppa\\\/tuote\\\/polttoaineen-levantuhoaja-250ml\\\/#breadcrumb\"},\"inLanguage\":\"fi\",\"potentialAction\":[{\"@type\":\"ReadAction\",\"target\":[\"https:\\\/\\\/veneakselisto.com\\\/kauppa\\\/tuote\\\/polttoaineen-levantuhoaja-250ml\\\/\"]}]},{\"@type\":\"ImageObject\",\"inLanguage\":\"fi\",\"@id\":\"https:\\\/\\\/veneakselisto.com\\\/kauppa\\\/tuote\\\/polttoaineen-levantuhoaja-250ml\\\/#primaryimage\",\"url\":\"https:\\\/\\\/i0.wp.com\\\/veneakselisto.com\\\/kauppa\\\/wp-content\\\/uploads\\\/2019\\\/12\\\/Fleet-Treat-.png?fit=500%2C500&ssl=1\",\"contentUrl\":\"https:\\\/\\\/i0.wp.com\\\/veneakselisto.com\\\/kauppa\\\/wp-content\\\/uploads\\\/2019\\\/12\\\/Fleet-Treat-.png?fit=500%2C500&ssl=1\",\"width\":500,\"height\":500,\"caption\":\"Polttoaineen lev\u00e4nesto-Veneakselisto.com-Venetarvikkeiden maahantuonti ja myynti\"},{\"@type\":\"BreadcrumbList\",\"@id\":\"https:\\\/\\\/veneakselisto.com\\\/kauppa\\\/tuote\\\/polttoaineen-levantuhoaja-250ml\\\/#breadcrumb\",\"itemListElement\":[{\"@type\":\"ListItem\",\"position\":1,\"name\":\"Etusivu\",\"item\":\"https:\\\/\\\/veneakselisto.com\\\/kauppa\\\/\"},{\"@type\":\"ListItem\",\"position\":2,\"name\":\"Kauppa\",\"item\":\"https:\\\/\\\/veneakselisto.com\\\/kauppa\\\/\"},{\"@type\":\"ListItem\",\"position\":3,\"name\":\"Polttoaineen lev\u00e4ntuhoaja 250ml\"}]},{\"@type\":\"WebSite\",\"@id\":\"https:\\\/\\\/veneakselisto.com\\\/kauppa\\\/#website\",\"url\":\"https:\\\/\\\/veneakselisto.com\\\/kauppa\\\/\",\"name\":\"Veneakselisto.com - verkkokauppa\",\"description\":\"Venetarvikkeiden maahantuonti ja myynti\",\"publisher\":{\"@id\":\"https:\\\/\\\/veneakselisto.com\\\/kauppa\\\/#organization\"},\"potentialAction\":[{\"@type\":\"SearchAction\",\"target\":{\"@type\":\"EntryPoint\",\"urlTemplate\":\"https:\\\/\\\/veneakselisto.com\\\/kauppa\\\/?s={search_term_string}\"},\"query-input\":{\"@type\":\"PropertyValueSpecification\",\"valueRequired\":true,\"valueName\":\"search_term_string\"}}],\"inLanguage\":\"fi\"},{\"@type\":\"Organization\",\"@id\":\"https:\\\/\\\/veneakselisto.com\\\/kauppa\\\/#organization\",\"name\":\"Veneakselisto.com verkkokauppa\",\"url\":\"https:\\\/\\\/veneakselisto.com\\\/kauppa\\\/\",\"logo\":{\"@type\":\"ImageObject\",\"inLanguage\":\"fi\",\"@id\":\"https:\\\/\\\/veneakselisto.com\\\/kauppa\\\/#\\\/schema\\\/logo\\\/image\\\/\",\"url\":\"https:\\\/\\\/i2.wp.com\\\/veneakselisto.com\\\/kauppa\\\/wp-content\\\/uploads\\\/2016\\\/06\\\/fb_icon.jpg?fit=327%2C327&ssl=1\",\"contentUrl\":\"https:\\\/\\\/i2.wp.com\\\/veneakselisto.com\\\/kauppa\\\/wp-content\\\/uploads\\\/2016\\\/06\\\/fb_icon.jpg?fit=327%2C327&ssl=1\",\"width\":327,\"height\":327,\"caption\":\"Veneakselisto.com verkkokauppa\"},\"image\":{\"@id\":\"https:\\\/\\\/veneakselisto.com\\\/kauppa\\\/#\\\/schema\\\/logo\\\/image\\\/\"},\"sameAs\":[\"https:\\\/\\\/www.facebook.com\\\/AlaMikkula\\\/\"]}]}<\/script>\n<!-- \/ Yoast SEO plugin. -->","yoast_head_json":{"title":"Diesel-lev\u00e4n-tappaja-tuhoaja-Polttoaineen lev\u00e4ntuho-250ml","description":"Laadukas Kent Fleet Treat 950 lev\u00e4ntuhoaja joka sopii l\u00e4hes kaikille polttoaine tyypeille. Polttoaineen lev\u00e4ntuhoaja 250ml.Venevaraosat.fi","robots":{"index":"index","follow":"follow","max-snippet":"max-snippet:-1","max-image-preview":"max-image-preview:large","max-video-preview":"max-video-preview:-1"},"canonical":"https:\/\/veneakselisto.com\/kauppa\/tuote\/polttoaineen-levantuhoaja-250ml\/","og_locale":"fi_FI","og_type":"article","og_title":"Diesel-lev\u00e4n-tappaja-tuhoaja-Polttoaineen lev\u00e4ntuho-250ml","og_description":"Laadukas Kent Fleet Treat 950 lev\u00e4ntuhoaja joka sopii l\u00e4hes kaikille polttoaine tyypeille. Polttoaineen lev\u00e4ntuhoaja 250ml.Venevaraosat.fi","og_url":"https:\/\/veneakselisto.com\/kauppa\/tuote\/polttoaineen-levantuhoaja-250ml\/","og_site_name":"Veneakselisto.com - verkkokauppa","article_publisher":"https:\/\/www.facebook.com\/AlaMikkula\/","article_modified_time":"2025-03-21T07:46:05+00:00","og_image":[{"width":500,"height":500,"url":"https:\/\/veneakselisto.com\/kauppa\/wp-content\/uploads\/2019\/12\/Fleet-Treat-.png","type":"image\/png"}],"twitter_card":"summary_large_image","twitter_misc":{"Arvioitu lukuaika":"1 minuutti"},"schema":{"@context":"https:\/\/schema.org","@graph":[{"@type":"WebPage","@id":"https:\/\/veneakselisto.com\/kauppa\/tuote\/polttoaineen-levantuhoaja-250ml\/","url":"https:\/\/veneakselisto.com\/kauppa\/tuote\/polttoaineen-levantuhoaja-250ml\/","name":"Diesel-lev\u00e4n-tappaja-tuhoaja-Polttoaineen lev\u00e4ntuho-250ml","isPartOf":{"@id":"https:\/\/veneakselisto.com\/kauppa\/#website"},"primaryImageOfPage":{"@id":"https:\/\/veneakselisto.com\/kauppa\/tuote\/polttoaineen-levantuhoaja-250ml\/#primaryimage"},"image":{"@id":"https:\/\/veneakselisto.com\/kauppa\/tuote\/polttoaineen-levantuhoaja-250ml\/#primaryimage"},"thumbnailUrl":"https:\/\/i0.wp.com\/veneakselisto.com\/kauppa\/wp-content\/uploads\/2019\/12\/Fleet-Treat-.png?fit=500%2C500&ssl=1","datePublished":"2019-12-12T10:10:03+00:00","dateModified":"2025-03-21T07:46:05+00:00","description":"Laadukas Kent Fleet Treat 950 lev\u00e4ntuhoaja joka sopii l\u00e4hes kaikille polttoaine tyypeille. Polttoaineen lev\u00e4ntuhoaja 250ml.Venevaraosat.fi","breadcrumb":{"@id":"https:\/\/veneakselisto.com\/kauppa\/tuote\/polttoaineen-levantuhoaja-250ml\/#breadcrumb"},"inLanguage":"fi","potentialAction":[{"@type":"ReadAction","target":["https:\/\/veneakselisto.com\/kauppa\/tuote\/polttoaineen-levantuhoaja-250ml\/"]}]},{"@type":"ImageObject","inLanguage":"fi","@id":"https:\/\/veneakselisto.com\/kauppa\/tuote\/polttoaineen-levantuhoaja-250ml\/#primaryimage","url":"https:\/\/i0.wp.com\/veneakselisto.com\/kauppa\/wp-content\/uploads\/2019\/12\/Fleet-Treat-.png?fit=500%2C500&ssl=1","contentUrl":"https:\/\/i0.wp.com\/veneakselisto.com\/kauppa\/wp-content\/uploads\/2019\/12\/Fleet-Treat-.png?fit=500%2C500&ssl=1","width":500,"height":500,"caption":"Polttoaineen lev\u00e4nesto-Veneakselisto.com-Venetarvikkeiden maahantuonti ja myynti"},{"@type":"BreadcrumbList","@id":"https:\/\/veneakselisto.com\/kauppa\/tuote\/polttoaineen-levantuhoaja-250ml\/#breadcrumb","itemListElement":[{"@type":"ListItem","position":1,"name":"Etusivu","item":"https:\/\/veneakselisto.com\/kauppa\/"},{"@type":"ListItem","position":2,"name":"Kauppa","item":"https:\/\/veneakselisto.com\/kauppa\/"},{"@type":"ListItem","position":3,"name":"Polttoaineen lev\u00e4ntuhoaja 250ml"}]},{"@type":"WebSite","@id":"https:\/\/veneakselisto.com\/kauppa\/#website","url":"https:\/\/veneakselisto.com\/kauppa\/","name":"Veneakselisto.com - verkkokauppa","description":"Venetarvikkeiden maahantuonti ja myynti","publisher":{"@id":"https:\/\/veneakselisto.com\/kauppa\/#organization"},"potentialAction":[{"@type":"SearchAction","target":{"@type":"EntryPoint","urlTemplate":"https:\/\/veneakselisto.com\/kauppa\/?s={search_term_string}"},"query-input":{"@type":"PropertyValueSpecification","valueRequired":true,"valueName":"search_term_string"}}],"inLanguage":"fi"},{"@type":"Organization","@id":"https:\/\/veneakselisto.com\/kauppa\/#organization","name":"Veneakselisto.com verkkokauppa","url":"https:\/\/veneakselisto.com\/kauppa\/","logo":{"@type":"ImageObject","inLanguage":"fi","@id":"https:\/\/veneakselisto.com\/kauppa\/#\/schema\/logo\/image\/","url":"https:\/\/i2.wp.com\/veneakselisto.com\/kauppa\/wp-content\/uploads\/2016\/06\/fb_icon.jpg?fit=327%2C327&ssl=1","contentUrl":"https:\/\/i2.wp.com\/veneakselisto.com\/kauppa\/wp-content\/uploads\/2016\/06\/fb_icon.jpg?fit=327%2C327&ssl=1","width":327,"height":327,"caption":"Veneakselisto.com verkkokauppa"},"image":{"@id":"https:\/\/veneakselisto.com\/kauppa\/#\/schema\/logo\/image\/"},"sameAs":["https:\/\/www.facebook.com\/AlaMikkula\/"]}]}},"jetpack_publicize_connections":[],"jetpack_sharing_enabled":true,"_links":{"self":[{"href":"https:\/\/veneakselisto.com\/kauppa\/wp-json\/wp\/v2\/product\/6439","targetHints":{"allow":["GET"]}}],"collection":[{"href":"https:\/\/veneakselisto.com\/kauppa\/wp-json\/wp\/v2\/product"}],"about":[{"href":"https:\/\/veneakselisto.com\/kauppa\/wp-json\/wp\/v2\/types\/product"}],"replies":[{"embeddable":true,"href":"https:\/\/veneakselisto.com\/kauppa\/wp-json\/wp\/v2\/comments?post=6439"}],"wp:featuredmedia":[{"embeddable":true,"href":"https:\/\/veneakselisto.com\/kauppa\/wp-json\/wp\/v2\/media\/6443"}],"wp:attachment":[{"href":"https:\/\/veneakselisto.com\/kauppa\/wp-json\/wp\/v2\/media?parent=6439"}],"wp:term":[{"taxonomy":"product_brand","embeddable":true,"href":"https:\/\/veneakselisto.com\/kauppa\/wp-json\/wp\/v2\/product_brand?post=6439"},{"taxonomy":"product_cat","embeddable":true,"href":"https:\/\/veneakselisto.com\/kauppa\/wp-json\/wp\/v2\/product_cat?post=6439"},{"taxonomy":"product_tag","embeddable":true,"href":"https:\/\/veneakselisto.com\/kauppa\/wp-json\/wp\/v2\/product_tag?post=6439"}],"curies":[{"name":"wp","href":"https:\/\/api.w.org\/{rel}","templated":true}]}}