{"id":602,"date":"2016-03-20T21:15:25","date_gmt":"2016-03-20T19:15:25","guid":{"rendered":"http:\/\/veneakselisto.com\/kauppa\/tuote\/ftr330-merivesisuodatin-32mm-jaahdytysletkulle\/"},"modified":"2025-06-25T10:15:13","modified_gmt":"2025-06-25T07:15:13","slug":"ftr330-merivesisuodatin-32mm-jaahdytysletkulle","status":"publish","type":"product","link":"https:\/\/veneakselisto.com\/kauppa\/tuote\/ftr330-merivesisuodatin-32mm-jaahdytysletkulle\/","title":{"rendered":"FTR330 Merivesisuodatin 32mm j\u00e4\u00e4hdytysletkulle"},"content":{"rendered":"<div class=\"wpb-content-wrapper\"><p>[vc_row][vc_column][vc_column_text]Vetus Merivesisuodatin 32mm j\u00e4\u00e4hdytysletkulle.<br \/>\nMalli: FTR330<br \/>\nRunkomateriaali:\u00a0Polypropeeni \u00a0GF<br \/>\nSuodatinmateriaali:\u00a0HD\u00a0Polyeteeni<br \/>\nSuositeltu vedensy\u00f6tt\u00f6: 143\u00a0litraa\/min[\/vc_column_text][\/vc_column][\/vc_row][vc_row][vc_column][vc_column_text]Kaikissa Vetus merivesisuodattimissa on l\u00e4pin\u00e4kyv\u00e4 kansi, joten suodattimen voi tarkistaa sit\u00e4 avaamatta.<br \/>\nSuuren suodatuspinnan ansiosta suodatinta tarvitsee harvoin puhdistaa.<\/p>\n<p><a href=\"http:\/\/www.vetus.com\/media\/magentominds\/sasdocument\/20121106045222_0.pdf\" target=\"_blank\" rel=\"noopener noreferrer\">FTR330 asennusohjeet (EN, NL, DE, FR, ES, IT)<\/a>[\/vc_column_text][\/vc_column][\/vc_row]<\/p>\n<\/div>","protected":false},"excerpt":{"rendered":"<p>Vetus Merivesisuodatin 32mm j\u00e4\u00e4hdytysletkulle.<br \/>\nSuositeltu vedensy\u00f6tt\u00f6: 143\u00a0litraa\/min<\/p>\n","protected":false},"featured_media":4231,"comment_status":"open","ping_status":"closed","template":"","meta":{"jetpack_post_was_ever_published":false,"jetpack_publicize_message":"","jetpack_publicize_feature_enabled":true,"jetpack_social_post_already_shared":true,"jetpack_social_options":{"image_generator_settings":{"template":"highway","default_image_id":0,"font":"","enabled":false},"version":2}},"product_brand":[],"product_cat":[1096,1097,43,41,470],"product_tag":[194,175,189,188],"class_list":{"0":"post-602","1":"product","2":"type-product","3":"status-publish","4":"has-post-thumbnail","6":"product_cat-merimoottorin-jaahdytys","7":"product_cat-merivesisuodatin-vetus-varakansi","8":"product_cat-merivesisuodattimet_vetus_suodatin","9":"product_cat-moottorinjaahdytys","10":"product_cat-vetus_vetus-venetarvikkeet_venetarvikeiden-maahantuonti-ja-myynti","11":"product_tag-32mm","12":"product_tag-jaahdytys","13":"product_tag-merivesi","14":"product_tag-suodatin","15":"brand-vetus","17":"first","18":"instock","19":"sale","20":"taxable","21":"shipping-taxable","22":"purchasable","23":"product-type-simple"},"yoast_head":"<!-- This site is optimized with the Yoast SEO plugin v27.4 - https:\/\/yoast.com\/product\/yoast-seo-wordpress\/ -->\n<title>FTR330 Merivesisuodatin 32mm j\u00e4\u00e4hdytysletkulle - Veneakselisto.com<\/title>\n<meta name=\"description\" content=\"FTR330 Merivesisuodatin 32mm j\u00e4\u00e4hdytysletkulle. Tuotteen toimittaa edullinen Veneakselisto.com-Venetarvikkeiden maahantuonti ja myynti.\" \/>\n<meta name=\"robots\" content=\"index, follow, max-snippet:-1, max-image-preview:large, max-video-preview:-1\" \/>\n<link rel=\"canonical\" href=\"https:\/\/veneakselisto.com\/kauppa\/tuote\/ftr330-merivesisuodatin-32mm-jaahdytysletkulle\/\" \/>\n<meta property=\"og:locale\" content=\"fi_FI\" \/>\n<meta property=\"og:type\" content=\"article\" \/>\n<meta property=\"og:title\" content=\"FTR330 Merivesisuodatin 32mm j\u00e4\u00e4hdytysletkulle - Veneakselisto.com\" \/>\n<meta property=\"og:description\" content=\"FTR330 Merivesisuodatin 32mm j\u00e4\u00e4hdytysletkulle. Tuotteen toimittaa edullinen Veneakselisto.com-Venetarvikkeiden maahantuonti ja myynti.\" \/>\n<meta property=\"og:url\" content=\"https:\/\/veneakselisto.com\/kauppa\/tuote\/ftr330-merivesisuodatin-32mm-jaahdytysletkulle\/\" \/>\n<meta property=\"og:site_name\" content=\"Veneakselisto.com - verkkokauppa\" \/>\n<meta property=\"article:publisher\" content=\"https:\/\/www.facebook.com\/AlaMikkula\/\" \/>\n<meta property=\"article:modified_time\" content=\"2025-06-25T07:15:13+00:00\" \/>\n<meta property=\"og:image\" content=\"https:\/\/veneakselisto.com\/kauppa\/wp-content\/uploads\/2016\/03\/FTR330.png\" \/>\n\t<meta property=\"og:image:width\" content=\"700\" \/>\n\t<meta property=\"og:image:height\" content=\"700\" \/>\n\t<meta property=\"og:image:type\" content=\"image\/png\" \/>\n<meta name=\"twitter:card\" content=\"summary_large_image\" \/>\n<script type=\"application\/ld+json\" class=\"yoast-schema-graph\">{\"@context\":\"https:\\\/\\\/schema.org\",\"@graph\":[{\"@type\":\"WebPage\",\"@id\":\"https:\\\/\\\/veneakselisto.com\\\/kauppa\\\/tuote\\\/ftr330-merivesisuodatin-32mm-jaahdytysletkulle\\\/\",\"url\":\"https:\\\/\\\/veneakselisto.com\\\/kauppa\\\/tuote\\\/ftr330-merivesisuodatin-32mm-jaahdytysletkulle\\\/\",\"name\":\"FTR330 Merivesisuodatin 32mm j\u00e4\u00e4hdytysletkulle - Veneakselisto.com\",\"isPartOf\":{\"@id\":\"https:\\\/\\\/veneakselisto.com\\\/kauppa\\\/#website\"},\"primaryImageOfPage\":{\"@id\":\"https:\\\/\\\/veneakselisto.com\\\/kauppa\\\/tuote\\\/ftr330-merivesisuodatin-32mm-jaahdytysletkulle\\\/#primaryimage\"},\"image\":{\"@id\":\"https:\\\/\\\/veneakselisto.com\\\/kauppa\\\/tuote\\\/ftr330-merivesisuodatin-32mm-jaahdytysletkulle\\\/#primaryimage\"},\"thumbnailUrl\":\"https:\\\/\\\/i0.wp.com\\\/veneakselisto.com\\\/kauppa\\\/wp-content\\\/uploads\\\/2016\\\/03\\\/FTR330.png?fit=700%2C700&ssl=1\",\"datePublished\":\"2016-03-20T19:15:25+00:00\",\"dateModified\":\"2025-06-25T07:15:13+00:00\",\"description\":\"FTR330 Merivesisuodatin 32mm j\u00e4\u00e4hdytysletkulle. Tuotteen toimittaa edullinen Veneakselisto.com-Venetarvikkeiden maahantuonti ja myynti.\",\"breadcrumb\":{\"@id\":\"https:\\\/\\\/veneakselisto.com\\\/kauppa\\\/tuote\\\/ftr330-merivesisuodatin-32mm-jaahdytysletkulle\\\/#breadcrumb\"},\"inLanguage\":\"fi\",\"potentialAction\":[{\"@type\":\"ReadAction\",\"target\":[\"https:\\\/\\\/veneakselisto.com\\\/kauppa\\\/tuote\\\/ftr330-merivesisuodatin-32mm-jaahdytysletkulle\\\/\"]}]},{\"@type\":\"ImageObject\",\"inLanguage\":\"fi\",\"@id\":\"https:\\\/\\\/veneakselisto.com\\\/kauppa\\\/tuote\\\/ftr330-merivesisuodatin-32mm-jaahdytysletkulle\\\/#primaryimage\",\"url\":\"https:\\\/\\\/i0.wp.com\\\/veneakselisto.com\\\/kauppa\\\/wp-content\\\/uploads\\\/2016\\\/03\\\/FTR330.png?fit=700%2C700&ssl=1\",\"contentUrl\":\"https:\\\/\\\/i0.wp.com\\\/veneakselisto.com\\\/kauppa\\\/wp-content\\\/uploads\\\/2016\\\/03\\\/FTR330.png?fit=700%2C700&ssl=1\",\"width\":700,\"height\":700,\"caption\":\"Vetus FTR330 merivesuodatin\"},{\"@type\":\"BreadcrumbList\",\"@id\":\"https:\\\/\\\/veneakselisto.com\\\/kauppa\\\/tuote\\\/ftr330-merivesisuodatin-32mm-jaahdytysletkulle\\\/#breadcrumb\",\"itemListElement\":[{\"@type\":\"ListItem\",\"position\":1,\"name\":\"Etusivu\",\"item\":\"https:\\\/\\\/veneakselisto.com\\\/kauppa\\\/\"},{\"@type\":\"ListItem\",\"position\":2,\"name\":\"Kauppa\",\"item\":\"https:\\\/\\\/veneakselisto.com\\\/kauppa\\\/\"},{\"@type\":\"ListItem\",\"position\":3,\"name\":\"FTR330 Merivesisuodatin 32mm j\u00e4\u00e4hdytysletkulle\"}]},{\"@type\":\"WebSite\",\"@id\":\"https:\\\/\\\/veneakselisto.com\\\/kauppa\\\/#website\",\"url\":\"https:\\\/\\\/veneakselisto.com\\\/kauppa\\\/\",\"name\":\"Veneakselisto.com - verkkokauppa\",\"description\":\"Venetarvikkeiden maahantuonti ja myynti\",\"publisher\":{\"@id\":\"https:\\\/\\\/veneakselisto.com\\\/kauppa\\\/#organization\"},\"potentialAction\":[{\"@type\":\"SearchAction\",\"target\":{\"@type\":\"EntryPoint\",\"urlTemplate\":\"https:\\\/\\\/veneakselisto.com\\\/kauppa\\\/?s={search_term_string}\"},\"query-input\":{\"@type\":\"PropertyValueSpecification\",\"valueRequired\":true,\"valueName\":\"search_term_string\"}}],\"inLanguage\":\"fi\"},{\"@type\":\"Organization\",\"@id\":\"https:\\\/\\\/veneakselisto.com\\\/kauppa\\\/#organization\",\"name\":\"Veneakselisto.com verkkokauppa\",\"url\":\"https:\\\/\\\/veneakselisto.com\\\/kauppa\\\/\",\"logo\":{\"@type\":\"ImageObject\",\"inLanguage\":\"fi\",\"@id\":\"https:\\\/\\\/veneakselisto.com\\\/kauppa\\\/#\\\/schema\\\/logo\\\/image\\\/\",\"url\":\"https:\\\/\\\/i2.wp.com\\\/veneakselisto.com\\\/kauppa\\\/wp-content\\\/uploads\\\/2016\\\/06\\\/fb_icon.jpg?fit=327%2C327&ssl=1\",\"contentUrl\":\"https:\\\/\\\/i2.wp.com\\\/veneakselisto.com\\\/kauppa\\\/wp-content\\\/uploads\\\/2016\\\/06\\\/fb_icon.jpg?fit=327%2C327&ssl=1\",\"width\":327,\"height\":327,\"caption\":\"Veneakselisto.com verkkokauppa\"},\"image\":{\"@id\":\"https:\\\/\\\/veneakselisto.com\\\/kauppa\\\/#\\\/schema\\\/logo\\\/image\\\/\"},\"sameAs\":[\"https:\\\/\\\/www.facebook.com\\\/AlaMikkula\\\/\"]}]}<\/script>\n<!-- \/ Yoast SEO plugin. -->","yoast_head_json":{"title":"FTR330 Merivesisuodatin 32mm j\u00e4\u00e4hdytysletkulle - Veneakselisto.com","description":"FTR330 Merivesisuodatin 32mm j\u00e4\u00e4hdytysletkulle. Tuotteen toimittaa edullinen Veneakselisto.com-Venetarvikkeiden maahantuonti ja myynti.","robots":{"index":"index","follow":"follow","max-snippet":"max-snippet:-1","max-image-preview":"max-image-preview:large","max-video-preview":"max-video-preview:-1"},"canonical":"https:\/\/veneakselisto.com\/kauppa\/tuote\/ftr330-merivesisuodatin-32mm-jaahdytysletkulle\/","og_locale":"fi_FI","og_type":"article","og_title":"FTR330 Merivesisuodatin 32mm j\u00e4\u00e4hdytysletkulle - Veneakselisto.com","og_description":"FTR330 Merivesisuodatin 32mm j\u00e4\u00e4hdytysletkulle. Tuotteen toimittaa edullinen Veneakselisto.com-Venetarvikkeiden maahantuonti ja myynti.","og_url":"https:\/\/veneakselisto.com\/kauppa\/tuote\/ftr330-merivesisuodatin-32mm-jaahdytysletkulle\/","og_site_name":"Veneakselisto.com - verkkokauppa","article_publisher":"https:\/\/www.facebook.com\/AlaMikkula\/","article_modified_time":"2025-06-25T07:15:13+00:00","og_image":[{"width":700,"height":700,"url":"https:\/\/veneakselisto.com\/kauppa\/wp-content\/uploads\/2016\/03\/FTR330.png","type":"image\/png"}],"twitter_card":"summary_large_image","schema":{"@context":"https:\/\/schema.org","@graph":[{"@type":"WebPage","@id":"https:\/\/veneakselisto.com\/kauppa\/tuote\/ftr330-merivesisuodatin-32mm-jaahdytysletkulle\/","url":"https:\/\/veneakselisto.com\/kauppa\/tuote\/ftr330-merivesisuodatin-32mm-jaahdytysletkulle\/","name":"FTR330 Merivesisuodatin 32mm j\u00e4\u00e4hdytysletkulle - Veneakselisto.com","isPartOf":{"@id":"https:\/\/veneakselisto.com\/kauppa\/#website"},"primaryImageOfPage":{"@id":"https:\/\/veneakselisto.com\/kauppa\/tuote\/ftr330-merivesisuodatin-32mm-jaahdytysletkulle\/#primaryimage"},"image":{"@id":"https:\/\/veneakselisto.com\/kauppa\/tuote\/ftr330-merivesisuodatin-32mm-jaahdytysletkulle\/#primaryimage"},"thumbnailUrl":"https:\/\/i0.wp.com\/veneakselisto.com\/kauppa\/wp-content\/uploads\/2016\/03\/FTR330.png?fit=700%2C700&ssl=1","datePublished":"2016-03-20T19:15:25+00:00","dateModified":"2025-06-25T07:15:13+00:00","description":"FTR330 Merivesisuodatin 32mm j\u00e4\u00e4hdytysletkulle. Tuotteen toimittaa edullinen Veneakselisto.com-Venetarvikkeiden maahantuonti ja myynti.","breadcrumb":{"@id":"https:\/\/veneakselisto.com\/kauppa\/tuote\/ftr330-merivesisuodatin-32mm-jaahdytysletkulle\/#breadcrumb"},"inLanguage":"fi","potentialAction":[{"@type":"ReadAction","target":["https:\/\/veneakselisto.com\/kauppa\/tuote\/ftr330-merivesisuodatin-32mm-jaahdytysletkulle\/"]}]},{"@type":"ImageObject","inLanguage":"fi","@id":"https:\/\/veneakselisto.com\/kauppa\/tuote\/ftr330-merivesisuodatin-32mm-jaahdytysletkulle\/#primaryimage","url":"https:\/\/i0.wp.com\/veneakselisto.com\/kauppa\/wp-content\/uploads\/2016\/03\/FTR330.png?fit=700%2C700&ssl=1","contentUrl":"https:\/\/i0.wp.com\/veneakselisto.com\/kauppa\/wp-content\/uploads\/2016\/03\/FTR330.png?fit=700%2C700&ssl=1","width":700,"height":700,"caption":"Vetus FTR330 merivesuodatin"},{"@type":"BreadcrumbList","@id":"https:\/\/veneakselisto.com\/kauppa\/tuote\/ftr330-merivesisuodatin-32mm-jaahdytysletkulle\/#breadcrumb","itemListElement":[{"@type":"ListItem","position":1,"name":"Etusivu","item":"https:\/\/veneakselisto.com\/kauppa\/"},{"@type":"ListItem","position":2,"name":"Kauppa","item":"https:\/\/veneakselisto.com\/kauppa\/"},{"@type":"ListItem","position":3,"name":"FTR330 Merivesisuodatin 32mm j\u00e4\u00e4hdytysletkulle"}]},{"@type":"WebSite","@id":"https:\/\/veneakselisto.com\/kauppa\/#website","url":"https:\/\/veneakselisto.com\/kauppa\/","name":"Veneakselisto.com - verkkokauppa","description":"Venetarvikkeiden maahantuonti ja myynti","publisher":{"@id":"https:\/\/veneakselisto.com\/kauppa\/#organization"},"potentialAction":[{"@type":"SearchAction","target":{"@type":"EntryPoint","urlTemplate":"https:\/\/veneakselisto.com\/kauppa\/?s={search_term_string}"},"query-input":{"@type":"PropertyValueSpecification","valueRequired":true,"valueName":"search_term_string"}}],"inLanguage":"fi"},{"@type":"Organization","@id":"https:\/\/veneakselisto.com\/kauppa\/#organization","name":"Veneakselisto.com verkkokauppa","url":"https:\/\/veneakselisto.com\/kauppa\/","logo":{"@type":"ImageObject","inLanguage":"fi","@id":"https:\/\/veneakselisto.com\/kauppa\/#\/schema\/logo\/image\/","url":"https:\/\/i2.wp.com\/veneakselisto.com\/kauppa\/wp-content\/uploads\/2016\/06\/fb_icon.jpg?fit=327%2C327&ssl=1","contentUrl":"https:\/\/i2.wp.com\/veneakselisto.com\/kauppa\/wp-content\/uploads\/2016\/06\/fb_icon.jpg?fit=327%2C327&ssl=1","width":327,"height":327,"caption":"Veneakselisto.com verkkokauppa"},"image":{"@id":"https:\/\/veneakselisto.com\/kauppa\/#\/schema\/logo\/image\/"},"sameAs":["https:\/\/www.facebook.com\/AlaMikkula\/"]}]}},"jetpack_publicize_connections":[],"jetpack_sharing_enabled":true,"_links":{"self":[{"href":"https:\/\/veneakselisto.com\/kauppa\/wp-json\/wp\/v2\/product\/602","targetHints":{"allow":["GET"]}}],"collection":[{"href":"https:\/\/veneakselisto.com\/kauppa\/wp-json\/wp\/v2\/product"}],"about":[{"href":"https:\/\/veneakselisto.com\/kauppa\/wp-json\/wp\/v2\/types\/product"}],"replies":[{"embeddable":true,"href":"https:\/\/veneakselisto.com\/kauppa\/wp-json\/wp\/v2\/comments?post=602"}],"wp:featuredmedia":[{"embeddable":true,"href":"https:\/\/veneakselisto.com\/kauppa\/wp-json\/wp\/v2\/media\/4231"}],"wp:attachment":[{"href":"https:\/\/veneakselisto.com\/kauppa\/wp-json\/wp\/v2\/media?parent=602"}],"wp:term":[{"taxonomy":"product_brand","embeddable":true,"href":"https:\/\/veneakselisto.com\/kauppa\/wp-json\/wp\/v2\/product_brand?post=602"},{"taxonomy":"product_cat","embeddable":true,"href":"https:\/\/veneakselisto.com\/kauppa\/wp-json\/wp\/v2\/product_cat?post=602"},{"taxonomy":"product_tag","embeddable":true,"href":"https:\/\/veneakselisto.com\/kauppa\/wp-json\/wp\/v2\/product_tag?post=602"}],"curies":[{"name":"wp","href":"https:\/\/api.w.org\/{rel}","templated":true}]}}