{"id":5914,"date":"2019-11-04T21:13:39","date_gmt":"2019-11-04T19:13:39","guid":{"rendered":"https:\/\/veneakselisto.com\/kauppa\/?post_type=product&#038;p=5914"},"modified":"2024-08-31T23:34:52","modified_gmt":"2024-08-31T20:34:52","slug":"mercruiser-without-block-drain-v-6-v-8-2000","status":"publish","type":"product","link":"https:\/\/veneakselisto.com\/kauppa\/tuote\/mercruiser-without-block-drain-v-6-v-8-2000\/","title":{"rendered":"Mercruiser Siipipy\u00f6r\u00e4 V-6 &#038; V-8 2000- OEM 47-59362T"},"content":{"rendered":"<p>Mercruiser Siipipy\u00f6r\u00e4 V-6 &amp; V-8 2000- OEM 47-59362T<\/p>\n<p>Replaces OEM nr Mercruiser 47-59362T, Jabsco 17954-0001, Johnson Pump 09-703P-1, Sierra 18-3087<br \/>\nWithout block drain<br \/>\nV-6 &amp; V-8 2000-<br \/>\n66,7mm x\u00a0 51 mm, akseli 19.04<\/p>\n<h1 class=\"ProductThumbnails__title\"><\/h1>\n","protected":false},"excerpt":{"rendered":"<p>Mercruiser Siipipy\u00f6r\u00e4 V-6 &amp; V-8 2000- OEM 47-59362T<\/p>\n<p>Replaces OEM nr Mercruiser 47-59362T, Jabsco 17954-0001, Johnson Pump 09-703P-1, Sierra 18-3087<br \/>\nWithout block drain<br \/>\nV-6 &amp; V-8 2000-<br \/>\n66,7mm x\u00a0 51 mm, akseli 19.04<\/p>\n<p>Tuote on verkkokauppatuote. Kaikilla tuotteilla normaalisti 1-5pv toimitusaika<\/p>\n","protected":false},"featured_media":5919,"comment_status":"open","ping_status":"closed","template":"","meta":{"jetpack_post_was_ever_published":false,"jetpack_publicize_message":"","jetpack_publicize_feature_enabled":true,"jetpack_social_post_already_shared":true,"jetpack_social_options":{"image_generator_settings":{"template":"highway","default_image_id":0,"font":"","enabled":false},"version":2}},"product_brand":[],"product_cat":[54,735,53,869,1056,52,571,844],"product_tag":[810,579,145],"class_list":{"0":"post-5914","1":"product","2":"type-product","3":"status-publish","4":"has-post-thumbnail","6":"product_cat-johnson-pump","7":"product_cat-johnson_pump_siipipyorat","8":"product_cat-johnson-pump_siipipyorat","9":"product_cat-mercruiser_siipipyorat","10":"product_cat-siipipyora-johnson-pump-sherwood-perkins","11":"product_cat-siipipyorat","12":"product_cat-peramoottorin_siipipyora","13":"product_cat-siipipyora_peramoottori","14":"product_tag-mercruiser","15":"product_tag-peramoottorin-siipipyora","16":"product_tag-siipipyora","17":"brand-johnson-pump","18":"brand-seax","20":"first","21":"instock","22":"sale","23":"taxable","24":"shipping-taxable","25":"purchasable","26":"product-type-simple"},"yoast_head":"<!-- This site is optimized with the Yoast SEO plugin v27.3 - https:\/\/yoast.com\/product\/yoast-seo-wordpress\/ -->\n<title>Mercruiser Siipipy\u00f6r\u00e4 V-6 &amp; V-8 2000- OEM 47-59362T-venevaraosat.fi<\/title>\n<meta name=\"description\" content=\"Mercruiser Siipipy\u00f6r\u00e4 V-6 &amp; V-8 2000- OEM 47-59362T. Mercruiser varaosat edullisesti toimittaa veneakselisto.com. Marineparts\" \/>\n<meta name=\"robots\" content=\"index, follow, max-snippet:-1, max-image-preview:large, max-video-preview:-1\" \/>\n<link rel=\"canonical\" href=\"https:\/\/veneakselisto.com\/kauppa\/tuote\/mercruiser-without-block-drain-v-6-v-8-2000\/\" \/>\n<meta property=\"og:locale\" content=\"fi_FI\" \/>\n<meta property=\"og:type\" content=\"article\" \/>\n<meta property=\"og:title\" content=\"Mercruiser Siipipy\u00f6r\u00e4 V-6 &amp; V-8 2000- OEM 47-59362T-venevaraosat.fi\" \/>\n<meta property=\"og:description\" content=\"Mercruiser Siipipy\u00f6r\u00e4 V-6 &amp; V-8 2000- OEM 47-59362T. Mercruiser varaosat edullisesti toimittaa veneakselisto.com. Marineparts\" \/>\n<meta property=\"og:url\" content=\"https:\/\/veneakselisto.com\/kauppa\/tuote\/mercruiser-without-block-drain-v-6-v-8-2000\/\" \/>\n<meta property=\"og:site_name\" content=\"Veneakselisto.com - verkkokauppa\" \/>\n<meta property=\"article:publisher\" content=\"https:\/\/www.facebook.com\/AlaMikkula\/\" \/>\n<meta property=\"article:modified_time\" content=\"2024-08-31T20:34:52+00:00\" \/>\n<meta property=\"og:image\" content=\"https:\/\/veneakselisto.com\/kauppa\/wp-content\/uploads\/2019\/11\/45375.jpg\" \/>\n\t<meta property=\"og:image:width\" content=\"500\" \/>\n\t<meta property=\"og:image:height\" content=\"500\" \/>\n\t<meta property=\"og:image:type\" content=\"image\/jpeg\" \/>\n<meta name=\"twitter:card\" content=\"summary_large_image\" \/>\n<script type=\"application\/ld+json\" class=\"yoast-schema-graph\">{\"@context\":\"https:\\\/\\\/schema.org\",\"@graph\":[{\"@type\":\"WebPage\",\"@id\":\"https:\\\/\\\/veneakselisto.com\\\/kauppa\\\/tuote\\\/mercruiser-without-block-drain-v-6-v-8-2000\\\/\",\"url\":\"https:\\\/\\\/veneakselisto.com\\\/kauppa\\\/tuote\\\/mercruiser-without-block-drain-v-6-v-8-2000\\\/\",\"name\":\"Mercruiser Siipipy\u00f6r\u00e4 V-6 & V-8 2000- OEM 47-59362T-venevaraosat.fi\",\"isPartOf\":{\"@id\":\"https:\\\/\\\/veneakselisto.com\\\/kauppa\\\/#website\"},\"primaryImageOfPage\":{\"@id\":\"https:\\\/\\\/veneakselisto.com\\\/kauppa\\\/tuote\\\/mercruiser-without-block-drain-v-6-v-8-2000\\\/#primaryimage\"},\"image\":{\"@id\":\"https:\\\/\\\/veneakselisto.com\\\/kauppa\\\/tuote\\\/mercruiser-without-block-drain-v-6-v-8-2000\\\/#primaryimage\"},\"thumbnailUrl\":\"https:\\\/\\\/i0.wp.com\\\/veneakselisto.com\\\/kauppa\\\/wp-content\\\/uploads\\\/2019\\\/11\\\/45375.jpg?fit=500%2C500&ssl=1\",\"datePublished\":\"2019-11-04T19:13:39+00:00\",\"dateModified\":\"2024-08-31T20:34:52+00:00\",\"description\":\"Mercruiser Siipipy\u00f6r\u00e4 V-6 & V-8 2000- OEM 47-59362T. Mercruiser varaosat edullisesti toimittaa veneakselisto.com. Marineparts\",\"breadcrumb\":{\"@id\":\"https:\\\/\\\/veneakselisto.com\\\/kauppa\\\/tuote\\\/mercruiser-without-block-drain-v-6-v-8-2000\\\/#breadcrumb\"},\"inLanguage\":\"fi\",\"potentialAction\":[{\"@type\":\"ReadAction\",\"target\":[\"https:\\\/\\\/veneakselisto.com\\\/kauppa\\\/tuote\\\/mercruiser-without-block-drain-v-6-v-8-2000\\\/\"]}]},{\"@type\":\"ImageObject\",\"inLanguage\":\"fi\",\"@id\":\"https:\\\/\\\/veneakselisto.com\\\/kauppa\\\/tuote\\\/mercruiser-without-block-drain-v-6-v-8-2000\\\/#primaryimage\",\"url\":\"https:\\\/\\\/i0.wp.com\\\/veneakselisto.com\\\/kauppa\\\/wp-content\\\/uploads\\\/2019\\\/11\\\/45375.jpg?fit=500%2C500&ssl=1\",\"contentUrl\":\"https:\\\/\\\/i0.wp.com\\\/veneakselisto.com\\\/kauppa\\\/wp-content\\\/uploads\\\/2019\\\/11\\\/45375.jpg?fit=500%2C500&ssl=1\",\"width\":500,\"height\":500,\"caption\":\"Mercruiser siipipy\u00f6r\u00e4t toimittaa Veneakselisto.com.\"},{\"@type\":\"BreadcrumbList\",\"@id\":\"https:\\\/\\\/veneakselisto.com\\\/kauppa\\\/tuote\\\/mercruiser-without-block-drain-v-6-v-8-2000\\\/#breadcrumb\",\"itemListElement\":[{\"@type\":\"ListItem\",\"position\":1,\"name\":\"Etusivu\",\"item\":\"https:\\\/\\\/veneakselisto.com\\\/kauppa\\\/\"},{\"@type\":\"ListItem\",\"position\":2,\"name\":\"Kauppa\",\"item\":\"https:\\\/\\\/veneakselisto.com\\\/kauppa\\\/\"},{\"@type\":\"ListItem\",\"position\":3,\"name\":\"Mercruiser Siipipy\u00f6r\u00e4 V-6 &#038; V-8 2000- OEM 47-59362T\"}]},{\"@type\":\"WebSite\",\"@id\":\"https:\\\/\\\/veneakselisto.com\\\/kauppa\\\/#website\",\"url\":\"https:\\\/\\\/veneakselisto.com\\\/kauppa\\\/\",\"name\":\"Veneakselisto.com - verkkokauppa\",\"description\":\"Venetarvikkeiden maahantuonti ja myynti\",\"publisher\":{\"@id\":\"https:\\\/\\\/veneakselisto.com\\\/kauppa\\\/#organization\"},\"potentialAction\":[{\"@type\":\"SearchAction\",\"target\":{\"@type\":\"EntryPoint\",\"urlTemplate\":\"https:\\\/\\\/veneakselisto.com\\\/kauppa\\\/?s={search_term_string}\"},\"query-input\":{\"@type\":\"PropertyValueSpecification\",\"valueRequired\":true,\"valueName\":\"search_term_string\"}}],\"inLanguage\":\"fi\"},{\"@type\":\"Organization\",\"@id\":\"https:\\\/\\\/veneakselisto.com\\\/kauppa\\\/#organization\",\"name\":\"Veneakselisto.com verkkokauppa\",\"url\":\"https:\\\/\\\/veneakselisto.com\\\/kauppa\\\/\",\"logo\":{\"@type\":\"ImageObject\",\"inLanguage\":\"fi\",\"@id\":\"https:\\\/\\\/veneakselisto.com\\\/kauppa\\\/#\\\/schema\\\/logo\\\/image\\\/\",\"url\":\"https:\\\/\\\/i2.wp.com\\\/veneakselisto.com\\\/kauppa\\\/wp-content\\\/uploads\\\/2016\\\/06\\\/fb_icon.jpg?fit=327%2C327&ssl=1\",\"contentUrl\":\"https:\\\/\\\/i2.wp.com\\\/veneakselisto.com\\\/kauppa\\\/wp-content\\\/uploads\\\/2016\\\/06\\\/fb_icon.jpg?fit=327%2C327&ssl=1\",\"width\":327,\"height\":327,\"caption\":\"Veneakselisto.com verkkokauppa\"},\"image\":{\"@id\":\"https:\\\/\\\/veneakselisto.com\\\/kauppa\\\/#\\\/schema\\\/logo\\\/image\\\/\"},\"sameAs\":[\"https:\\\/\\\/www.facebook.com\\\/AlaMikkula\\\/\"]}]}<\/script>\n<!-- \/ Yoast SEO plugin. -->","yoast_head_json":{"title":"Mercruiser Siipipy\u00f6r\u00e4 V-6 & V-8 2000- OEM 47-59362T-venevaraosat.fi","description":"Mercruiser Siipipy\u00f6r\u00e4 V-6 & V-8 2000- OEM 47-59362T. Mercruiser varaosat edullisesti toimittaa veneakselisto.com. Marineparts","robots":{"index":"index","follow":"follow","max-snippet":"max-snippet:-1","max-image-preview":"max-image-preview:large","max-video-preview":"max-video-preview:-1"},"canonical":"https:\/\/veneakselisto.com\/kauppa\/tuote\/mercruiser-without-block-drain-v-6-v-8-2000\/","og_locale":"fi_FI","og_type":"article","og_title":"Mercruiser Siipipy\u00f6r\u00e4 V-6 & V-8 2000- OEM 47-59362T-venevaraosat.fi","og_description":"Mercruiser Siipipy\u00f6r\u00e4 V-6 & V-8 2000- OEM 47-59362T. Mercruiser varaosat edullisesti toimittaa veneakselisto.com. Marineparts","og_url":"https:\/\/veneakselisto.com\/kauppa\/tuote\/mercruiser-without-block-drain-v-6-v-8-2000\/","og_site_name":"Veneakselisto.com - verkkokauppa","article_publisher":"https:\/\/www.facebook.com\/AlaMikkula\/","article_modified_time":"2024-08-31T20:34:52+00:00","og_image":[{"width":500,"height":500,"url":"https:\/\/veneakselisto.com\/kauppa\/wp-content\/uploads\/2019\/11\/45375.jpg","type":"image\/jpeg"}],"twitter_card":"summary_large_image","schema":{"@context":"https:\/\/schema.org","@graph":[{"@type":"WebPage","@id":"https:\/\/veneakselisto.com\/kauppa\/tuote\/mercruiser-without-block-drain-v-6-v-8-2000\/","url":"https:\/\/veneakselisto.com\/kauppa\/tuote\/mercruiser-without-block-drain-v-6-v-8-2000\/","name":"Mercruiser Siipipy\u00f6r\u00e4 V-6 & V-8 2000- OEM 47-59362T-venevaraosat.fi","isPartOf":{"@id":"https:\/\/veneakselisto.com\/kauppa\/#website"},"primaryImageOfPage":{"@id":"https:\/\/veneakselisto.com\/kauppa\/tuote\/mercruiser-without-block-drain-v-6-v-8-2000\/#primaryimage"},"image":{"@id":"https:\/\/veneakselisto.com\/kauppa\/tuote\/mercruiser-without-block-drain-v-6-v-8-2000\/#primaryimage"},"thumbnailUrl":"https:\/\/i0.wp.com\/veneakselisto.com\/kauppa\/wp-content\/uploads\/2019\/11\/45375.jpg?fit=500%2C500&ssl=1","datePublished":"2019-11-04T19:13:39+00:00","dateModified":"2024-08-31T20:34:52+00:00","description":"Mercruiser Siipipy\u00f6r\u00e4 V-6 & V-8 2000- OEM 47-59362T. Mercruiser varaosat edullisesti toimittaa veneakselisto.com. Marineparts","breadcrumb":{"@id":"https:\/\/veneakselisto.com\/kauppa\/tuote\/mercruiser-without-block-drain-v-6-v-8-2000\/#breadcrumb"},"inLanguage":"fi","potentialAction":[{"@type":"ReadAction","target":["https:\/\/veneakselisto.com\/kauppa\/tuote\/mercruiser-without-block-drain-v-6-v-8-2000\/"]}]},{"@type":"ImageObject","inLanguage":"fi","@id":"https:\/\/veneakselisto.com\/kauppa\/tuote\/mercruiser-without-block-drain-v-6-v-8-2000\/#primaryimage","url":"https:\/\/i0.wp.com\/veneakselisto.com\/kauppa\/wp-content\/uploads\/2019\/11\/45375.jpg?fit=500%2C500&ssl=1","contentUrl":"https:\/\/i0.wp.com\/veneakselisto.com\/kauppa\/wp-content\/uploads\/2019\/11\/45375.jpg?fit=500%2C500&ssl=1","width":500,"height":500,"caption":"Mercruiser siipipy\u00f6r\u00e4t toimittaa Veneakselisto.com."},{"@type":"BreadcrumbList","@id":"https:\/\/veneakselisto.com\/kauppa\/tuote\/mercruiser-without-block-drain-v-6-v-8-2000\/#breadcrumb","itemListElement":[{"@type":"ListItem","position":1,"name":"Etusivu","item":"https:\/\/veneakselisto.com\/kauppa\/"},{"@type":"ListItem","position":2,"name":"Kauppa","item":"https:\/\/veneakselisto.com\/kauppa\/"},{"@type":"ListItem","position":3,"name":"Mercruiser Siipipy\u00f6r\u00e4 V-6 &#038; V-8 2000- OEM 47-59362T"}]},{"@type":"WebSite","@id":"https:\/\/veneakselisto.com\/kauppa\/#website","url":"https:\/\/veneakselisto.com\/kauppa\/","name":"Veneakselisto.com - verkkokauppa","description":"Venetarvikkeiden maahantuonti ja myynti","publisher":{"@id":"https:\/\/veneakselisto.com\/kauppa\/#organization"},"potentialAction":[{"@type":"SearchAction","target":{"@type":"EntryPoint","urlTemplate":"https:\/\/veneakselisto.com\/kauppa\/?s={search_term_string}"},"query-input":{"@type":"PropertyValueSpecification","valueRequired":true,"valueName":"search_term_string"}}],"inLanguage":"fi"},{"@type":"Organization","@id":"https:\/\/veneakselisto.com\/kauppa\/#organization","name":"Veneakselisto.com verkkokauppa","url":"https:\/\/veneakselisto.com\/kauppa\/","logo":{"@type":"ImageObject","inLanguage":"fi","@id":"https:\/\/veneakselisto.com\/kauppa\/#\/schema\/logo\/image\/","url":"https:\/\/i2.wp.com\/veneakselisto.com\/kauppa\/wp-content\/uploads\/2016\/06\/fb_icon.jpg?fit=327%2C327&ssl=1","contentUrl":"https:\/\/i2.wp.com\/veneakselisto.com\/kauppa\/wp-content\/uploads\/2016\/06\/fb_icon.jpg?fit=327%2C327&ssl=1","width":327,"height":327,"caption":"Veneakselisto.com verkkokauppa"},"image":{"@id":"https:\/\/veneakselisto.com\/kauppa\/#\/schema\/logo\/image\/"},"sameAs":["https:\/\/www.facebook.com\/AlaMikkula\/"]}]}},"jetpack_publicize_connections":[],"jetpack_sharing_enabled":true,"_links":{"self":[{"href":"https:\/\/veneakselisto.com\/kauppa\/wp-json\/wp\/v2\/product\/5914","targetHints":{"allow":["GET"]}}],"collection":[{"href":"https:\/\/veneakselisto.com\/kauppa\/wp-json\/wp\/v2\/product"}],"about":[{"href":"https:\/\/veneakselisto.com\/kauppa\/wp-json\/wp\/v2\/types\/product"}],"replies":[{"embeddable":true,"href":"https:\/\/veneakselisto.com\/kauppa\/wp-json\/wp\/v2\/comments?post=5914"}],"wp:featuredmedia":[{"embeddable":true,"href":"https:\/\/veneakselisto.com\/kauppa\/wp-json\/wp\/v2\/media\/5919"}],"wp:attachment":[{"href":"https:\/\/veneakselisto.com\/kauppa\/wp-json\/wp\/v2\/media?parent=5914"}],"wp:term":[{"taxonomy":"product_brand","embeddable":true,"href":"https:\/\/veneakselisto.com\/kauppa\/wp-json\/wp\/v2\/product_brand?post=5914"},{"taxonomy":"product_cat","embeddable":true,"href":"https:\/\/veneakselisto.com\/kauppa\/wp-json\/wp\/v2\/product_cat?post=5914"},{"taxonomy":"product_tag","embeddable":true,"href":"https:\/\/veneakselisto.com\/kauppa\/wp-json\/wp\/v2\/product_tag?post=5914"}],"curies":[{"name":"wp","href":"https:\/\/api.w.org\/{rel}","templated":true}]}}