{"id":5831,"date":"2019-10-29T14:49:32","date_gmt":"2019-10-29T12:49:32","guid":{"rendered":"https:\/\/veneakselisto.com\/kauppa\/?post_type=product&#038;p=5831"},"modified":"2024-08-31T23:35:12","modified_gmt":"2024-08-31T20:35:12","slug":"mercruiser-alpha-gen-2-alumiini-anodisarja","status":"publish","type":"product","link":"https:\/\/veneakselisto.com\/kauppa\/tuote\/mercruiser-alpha-gen-2-alumiini-anodisarja\/","title":{"rendered":"Mercruiser ALPHA GEN 2 Alumiini anodisarja"},"content":{"rendered":"<p>Mercruiser ALPHA GEN 2 Alumiini anodisarja.<\/p>\n<p>Sopivuus: OEM 888756A 1<\/p>\n<p>Alpha GEN 2<\/p>\n<p>Alumiinianodi on ainut anodi joka toimii sek\u00e4 makeassa, ett\u00e4 suolaisessa vedess\u00e4<\/p>\n","protected":false},"excerpt":{"rendered":"<p>Performance Metals Alumiinianodi<\/p>\n<p>Sopivuus: OEM 888756A 1<\/p>\n<p>Mercruiser Alpha GEN 2<\/p>\n<p>Tuote on verkkokauppatuote. Kaikilla tuotteilla normaalisti 1-5 p\u00e4iv\u00e4n toimitusaika.<\/p>\n","protected":false},"featured_media":5832,"comment_status":"open","ping_status":"closed","template":"","meta":{"jetpack_post_was_ever_published":false,"jetpack_publicize_message":"","jetpack_publicize_feature_enabled":true,"jetpack_social_post_already_shared":true,"jetpack_social_options":{"image_generator_settings":{"template":"highway","default_image_id":0,"font":"","enabled":false},"version":2}},"product_brand":[],"product_cat":[808,738],"product_tag":[861,862,756,564,760,810,741,757],"class_list":{"0":"post-5831","1":"product","2":"type-product","3":"status-publish","4":"has-post-thumbnail","6":"product_cat-mercruiser-peravetolaite-anodit","7":"product_cat-peravetolaite_volvo_penta_suojakumi","8":"product_tag-126-1-100590","9":"product_tag-alpha-gen-2","10":"product_tag-alumiinianodi","11":"product_tag-anodi","12":"product_tag-anodisarja","13":"product_tag-mercruiser","14":"product_tag-peravetolaite","15":"product_tag-sx","16":"brand-navally","18":"first","19":"instock","20":"sale","21":"taxable","22":"shipping-taxable","23":"purchasable","24":"product-type-simple"},"yoast_head":"<!-- This site is optimized with the Yoast SEO plugin v27.3 - https:\/\/yoast.com\/product\/yoast-seo-wordpress\/ -->\n<title>Mercruiser Alpha Gen 2 Alumiini anodisarja-sinkkianodi-Veneakselisto.com<\/title>\n<meta name=\"description\" content=\"Mercruiser ALPHA GEN 2 Alumiini anodisarja per\u00e4vetolaitteisiin. Tuotteen toimittaa Veneakselisto.com-Maahantuonti ja myynti. Sinkkianodi\" \/>\n<meta name=\"robots\" content=\"index, follow, max-snippet:-1, max-image-preview:large, max-video-preview:-1\" \/>\n<link rel=\"canonical\" href=\"https:\/\/veneakselisto.com\/kauppa\/tuote\/mercruiser-alpha-gen-2-alumiini-anodisarja\/\" \/>\n<meta property=\"og:locale\" content=\"fi_FI\" \/>\n<meta property=\"og:type\" content=\"article\" \/>\n<meta property=\"og:title\" content=\"Mercruiser Alpha Gen 2 Alumiini anodisarja-sinkkianodi-Veneakselisto.com\" \/>\n<meta property=\"og:description\" content=\"Mercruiser ALPHA GEN 2 Alumiini anodisarja per\u00e4vetolaitteisiin. Tuotteen toimittaa Veneakselisto.com-Maahantuonti ja myynti. Sinkkianodi\" \/>\n<meta property=\"og:url\" content=\"https:\/\/veneakselisto.com\/kauppa\/tuote\/mercruiser-alpha-gen-2-alumiini-anodisarja\/\" \/>\n<meta property=\"og:site_name\" content=\"Veneakselisto.com - verkkokauppa\" \/>\n<meta property=\"article:publisher\" content=\"https:\/\/www.facebook.com\/AlaMikkula\/\" \/>\n<meta property=\"article:modified_time\" content=\"2024-08-31T20:35:12+00:00\" \/>\n<meta property=\"og:image\" content=\"https:\/\/veneakselisto.com\/kauppa\/wp-content\/uploads\/2019\/10\/126-1-100590..jpg\" \/>\n\t<meta property=\"og:image:width\" content=\"500\" \/>\n\t<meta property=\"og:image:height\" content=\"500\" \/>\n\t<meta property=\"og:image:type\" content=\"image\/jpeg\" \/>\n<meta name=\"twitter:card\" content=\"summary_large_image\" \/>\n<script type=\"application\/ld+json\" class=\"yoast-schema-graph\">{\"@context\":\"https:\\\/\\\/schema.org\",\"@graph\":[{\"@type\":\"WebPage\",\"@id\":\"https:\\\/\\\/veneakselisto.com\\\/kauppa\\\/tuote\\\/mercruiser-alpha-gen-2-alumiini-anodisarja\\\/\",\"url\":\"https:\\\/\\\/veneakselisto.com\\\/kauppa\\\/tuote\\\/mercruiser-alpha-gen-2-alumiini-anodisarja\\\/\",\"name\":\"Mercruiser Alpha Gen 2 Alumiini anodisarja-sinkkianodi-Veneakselisto.com\",\"isPartOf\":{\"@id\":\"https:\\\/\\\/veneakselisto.com\\\/kauppa\\\/#website\"},\"primaryImageOfPage\":{\"@id\":\"https:\\\/\\\/veneakselisto.com\\\/kauppa\\\/tuote\\\/mercruiser-alpha-gen-2-alumiini-anodisarja\\\/#primaryimage\"},\"image\":{\"@id\":\"https:\\\/\\\/veneakselisto.com\\\/kauppa\\\/tuote\\\/mercruiser-alpha-gen-2-alumiini-anodisarja\\\/#primaryimage\"},\"thumbnailUrl\":\"https:\\\/\\\/i0.wp.com\\\/veneakselisto.com\\\/kauppa\\\/wp-content\\\/uploads\\\/2019\\\/10\\\/126-1-100590..jpg?fit=500%2C500&ssl=1\",\"datePublished\":\"2019-10-29T12:49:32+00:00\",\"dateModified\":\"2024-08-31T20:35:12+00:00\",\"description\":\"Mercruiser ALPHA GEN 2 Alumiini anodisarja per\u00e4vetolaitteisiin. Tuotteen toimittaa Veneakselisto.com-Maahantuonti ja myynti. Sinkkianodi\",\"breadcrumb\":{\"@id\":\"https:\\\/\\\/veneakselisto.com\\\/kauppa\\\/tuote\\\/mercruiser-alpha-gen-2-alumiini-anodisarja\\\/#breadcrumb\"},\"inLanguage\":\"fi\",\"potentialAction\":[{\"@type\":\"ReadAction\",\"target\":[\"https:\\\/\\\/veneakselisto.com\\\/kauppa\\\/tuote\\\/mercruiser-alpha-gen-2-alumiini-anodisarja\\\/\"]}]},{\"@type\":\"ImageObject\",\"inLanguage\":\"fi\",\"@id\":\"https:\\\/\\\/veneakselisto.com\\\/kauppa\\\/tuote\\\/mercruiser-alpha-gen-2-alumiini-anodisarja\\\/#primaryimage\",\"url\":\"https:\\\/\\\/i0.wp.com\\\/veneakselisto.com\\\/kauppa\\\/wp-content\\\/uploads\\\/2019\\\/10\\\/126-1-100590..jpg?fit=500%2C500&ssl=1\",\"contentUrl\":\"https:\\\/\\\/i0.wp.com\\\/veneakselisto.com\\\/kauppa\\\/wp-content\\\/uploads\\\/2019\\\/10\\\/126-1-100590..jpg?fit=500%2C500&ssl=1\",\"width\":500,\"height\":500,\"caption\":\"Mercruiser anodit toimittaa Veneakselisto.com. Venetarvikkeiden maahantuonti ja myynti\"},{\"@type\":\"BreadcrumbList\",\"@id\":\"https:\\\/\\\/veneakselisto.com\\\/kauppa\\\/tuote\\\/mercruiser-alpha-gen-2-alumiini-anodisarja\\\/#breadcrumb\",\"itemListElement\":[{\"@type\":\"ListItem\",\"position\":1,\"name\":\"Etusivu\",\"item\":\"https:\\\/\\\/veneakselisto.com\\\/kauppa\\\/\"},{\"@type\":\"ListItem\",\"position\":2,\"name\":\"Kauppa\",\"item\":\"https:\\\/\\\/veneakselisto.com\\\/kauppa\\\/\"},{\"@type\":\"ListItem\",\"position\":3,\"name\":\"Mercruiser ALPHA GEN 2 Alumiini anodisarja\"}]},{\"@type\":\"WebSite\",\"@id\":\"https:\\\/\\\/veneakselisto.com\\\/kauppa\\\/#website\",\"url\":\"https:\\\/\\\/veneakselisto.com\\\/kauppa\\\/\",\"name\":\"Veneakselisto.com - verkkokauppa\",\"description\":\"Venetarvikkeiden maahantuonti ja myynti\",\"publisher\":{\"@id\":\"https:\\\/\\\/veneakselisto.com\\\/kauppa\\\/#organization\"},\"potentialAction\":[{\"@type\":\"SearchAction\",\"target\":{\"@type\":\"EntryPoint\",\"urlTemplate\":\"https:\\\/\\\/veneakselisto.com\\\/kauppa\\\/?s={search_term_string}\"},\"query-input\":{\"@type\":\"PropertyValueSpecification\",\"valueRequired\":true,\"valueName\":\"search_term_string\"}}],\"inLanguage\":\"fi\"},{\"@type\":\"Organization\",\"@id\":\"https:\\\/\\\/veneakselisto.com\\\/kauppa\\\/#organization\",\"name\":\"Veneakselisto.com verkkokauppa\",\"url\":\"https:\\\/\\\/veneakselisto.com\\\/kauppa\\\/\",\"logo\":{\"@type\":\"ImageObject\",\"inLanguage\":\"fi\",\"@id\":\"https:\\\/\\\/veneakselisto.com\\\/kauppa\\\/#\\\/schema\\\/logo\\\/image\\\/\",\"url\":\"https:\\\/\\\/i2.wp.com\\\/veneakselisto.com\\\/kauppa\\\/wp-content\\\/uploads\\\/2016\\\/06\\\/fb_icon.jpg?fit=327%2C327&ssl=1\",\"contentUrl\":\"https:\\\/\\\/i2.wp.com\\\/veneakselisto.com\\\/kauppa\\\/wp-content\\\/uploads\\\/2016\\\/06\\\/fb_icon.jpg?fit=327%2C327&ssl=1\",\"width\":327,\"height\":327,\"caption\":\"Veneakselisto.com verkkokauppa\"},\"image\":{\"@id\":\"https:\\\/\\\/veneakselisto.com\\\/kauppa\\\/#\\\/schema\\\/logo\\\/image\\\/\"},\"sameAs\":[\"https:\\\/\\\/www.facebook.com\\\/AlaMikkula\\\/\"]}]}<\/script>\n<!-- \/ Yoast SEO plugin. -->","yoast_head_json":{"title":"Mercruiser Alpha Gen 2 Alumiini anodisarja-sinkkianodi-Veneakselisto.com","description":"Mercruiser ALPHA GEN 2 Alumiini anodisarja per\u00e4vetolaitteisiin. Tuotteen toimittaa Veneakselisto.com-Maahantuonti ja myynti. Sinkkianodi","robots":{"index":"index","follow":"follow","max-snippet":"max-snippet:-1","max-image-preview":"max-image-preview:large","max-video-preview":"max-video-preview:-1"},"canonical":"https:\/\/veneakselisto.com\/kauppa\/tuote\/mercruiser-alpha-gen-2-alumiini-anodisarja\/","og_locale":"fi_FI","og_type":"article","og_title":"Mercruiser Alpha Gen 2 Alumiini anodisarja-sinkkianodi-Veneakselisto.com","og_description":"Mercruiser ALPHA GEN 2 Alumiini anodisarja per\u00e4vetolaitteisiin. Tuotteen toimittaa Veneakselisto.com-Maahantuonti ja myynti. Sinkkianodi","og_url":"https:\/\/veneakselisto.com\/kauppa\/tuote\/mercruiser-alpha-gen-2-alumiini-anodisarja\/","og_site_name":"Veneakselisto.com - verkkokauppa","article_publisher":"https:\/\/www.facebook.com\/AlaMikkula\/","article_modified_time":"2024-08-31T20:35:12+00:00","og_image":[{"width":500,"height":500,"url":"https:\/\/veneakselisto.com\/kauppa\/wp-content\/uploads\/2019\/10\/126-1-100590..jpg","type":"image\/jpeg"}],"twitter_card":"summary_large_image","schema":{"@context":"https:\/\/schema.org","@graph":[{"@type":"WebPage","@id":"https:\/\/veneakselisto.com\/kauppa\/tuote\/mercruiser-alpha-gen-2-alumiini-anodisarja\/","url":"https:\/\/veneakselisto.com\/kauppa\/tuote\/mercruiser-alpha-gen-2-alumiini-anodisarja\/","name":"Mercruiser Alpha Gen 2 Alumiini anodisarja-sinkkianodi-Veneakselisto.com","isPartOf":{"@id":"https:\/\/veneakselisto.com\/kauppa\/#website"},"primaryImageOfPage":{"@id":"https:\/\/veneakselisto.com\/kauppa\/tuote\/mercruiser-alpha-gen-2-alumiini-anodisarja\/#primaryimage"},"image":{"@id":"https:\/\/veneakselisto.com\/kauppa\/tuote\/mercruiser-alpha-gen-2-alumiini-anodisarja\/#primaryimage"},"thumbnailUrl":"https:\/\/i0.wp.com\/veneakselisto.com\/kauppa\/wp-content\/uploads\/2019\/10\/126-1-100590..jpg?fit=500%2C500&ssl=1","datePublished":"2019-10-29T12:49:32+00:00","dateModified":"2024-08-31T20:35:12+00:00","description":"Mercruiser ALPHA GEN 2 Alumiini anodisarja per\u00e4vetolaitteisiin. Tuotteen toimittaa Veneakselisto.com-Maahantuonti ja myynti. Sinkkianodi","breadcrumb":{"@id":"https:\/\/veneakselisto.com\/kauppa\/tuote\/mercruiser-alpha-gen-2-alumiini-anodisarja\/#breadcrumb"},"inLanguage":"fi","potentialAction":[{"@type":"ReadAction","target":["https:\/\/veneakselisto.com\/kauppa\/tuote\/mercruiser-alpha-gen-2-alumiini-anodisarja\/"]}]},{"@type":"ImageObject","inLanguage":"fi","@id":"https:\/\/veneakselisto.com\/kauppa\/tuote\/mercruiser-alpha-gen-2-alumiini-anodisarja\/#primaryimage","url":"https:\/\/i0.wp.com\/veneakselisto.com\/kauppa\/wp-content\/uploads\/2019\/10\/126-1-100590..jpg?fit=500%2C500&ssl=1","contentUrl":"https:\/\/i0.wp.com\/veneakselisto.com\/kauppa\/wp-content\/uploads\/2019\/10\/126-1-100590..jpg?fit=500%2C500&ssl=1","width":500,"height":500,"caption":"Mercruiser anodit toimittaa Veneakselisto.com. Venetarvikkeiden maahantuonti ja myynti"},{"@type":"BreadcrumbList","@id":"https:\/\/veneakselisto.com\/kauppa\/tuote\/mercruiser-alpha-gen-2-alumiini-anodisarja\/#breadcrumb","itemListElement":[{"@type":"ListItem","position":1,"name":"Etusivu","item":"https:\/\/veneakselisto.com\/kauppa\/"},{"@type":"ListItem","position":2,"name":"Kauppa","item":"https:\/\/veneakselisto.com\/kauppa\/"},{"@type":"ListItem","position":3,"name":"Mercruiser ALPHA GEN 2 Alumiini anodisarja"}]},{"@type":"WebSite","@id":"https:\/\/veneakselisto.com\/kauppa\/#website","url":"https:\/\/veneakselisto.com\/kauppa\/","name":"Veneakselisto.com - verkkokauppa","description":"Venetarvikkeiden maahantuonti ja myynti","publisher":{"@id":"https:\/\/veneakselisto.com\/kauppa\/#organization"},"potentialAction":[{"@type":"SearchAction","target":{"@type":"EntryPoint","urlTemplate":"https:\/\/veneakselisto.com\/kauppa\/?s={search_term_string}"},"query-input":{"@type":"PropertyValueSpecification","valueRequired":true,"valueName":"search_term_string"}}],"inLanguage":"fi"},{"@type":"Organization","@id":"https:\/\/veneakselisto.com\/kauppa\/#organization","name":"Veneakselisto.com verkkokauppa","url":"https:\/\/veneakselisto.com\/kauppa\/","logo":{"@type":"ImageObject","inLanguage":"fi","@id":"https:\/\/veneakselisto.com\/kauppa\/#\/schema\/logo\/image\/","url":"https:\/\/i2.wp.com\/veneakselisto.com\/kauppa\/wp-content\/uploads\/2016\/06\/fb_icon.jpg?fit=327%2C327&ssl=1","contentUrl":"https:\/\/i2.wp.com\/veneakselisto.com\/kauppa\/wp-content\/uploads\/2016\/06\/fb_icon.jpg?fit=327%2C327&ssl=1","width":327,"height":327,"caption":"Veneakselisto.com verkkokauppa"},"image":{"@id":"https:\/\/veneakselisto.com\/kauppa\/#\/schema\/logo\/image\/"},"sameAs":["https:\/\/www.facebook.com\/AlaMikkula\/"]}]}},"jetpack_publicize_connections":[],"jetpack_sharing_enabled":true,"_links":{"self":[{"href":"https:\/\/veneakselisto.com\/kauppa\/wp-json\/wp\/v2\/product\/5831","targetHints":{"allow":["GET"]}}],"collection":[{"href":"https:\/\/veneakselisto.com\/kauppa\/wp-json\/wp\/v2\/product"}],"about":[{"href":"https:\/\/veneakselisto.com\/kauppa\/wp-json\/wp\/v2\/types\/product"}],"replies":[{"embeddable":true,"href":"https:\/\/veneakselisto.com\/kauppa\/wp-json\/wp\/v2\/comments?post=5831"}],"wp:featuredmedia":[{"embeddable":true,"href":"https:\/\/veneakselisto.com\/kauppa\/wp-json\/wp\/v2\/media\/5832"}],"wp:attachment":[{"href":"https:\/\/veneakselisto.com\/kauppa\/wp-json\/wp\/v2\/media?parent=5831"}],"wp:term":[{"taxonomy":"product_brand","embeddable":true,"href":"https:\/\/veneakselisto.com\/kauppa\/wp-json\/wp\/v2\/product_brand?post=5831"},{"taxonomy":"product_cat","embeddable":true,"href":"https:\/\/veneakselisto.com\/kauppa\/wp-json\/wp\/v2\/product_cat?post=5831"},{"taxonomy":"product_tag","embeddable":true,"href":"https:\/\/veneakselisto.com\/kauppa\/wp-json\/wp\/v2\/product_tag?post=5831"}],"curies":[{"name":"wp","href":"https:\/\/api.w.org\/{rel}","templated":true}]}}