{"id":5739,"date":"2019-10-15T20:25:00","date_gmt":"2019-10-15T17:25:00","guid":{"rendered":"https:\/\/veneakselisto.com\/kauppa\/?post_type=product&#038;p=5739"},"modified":"2025-05-26T11:12:10","modified_gmt":"2025-05-26T08:12:10","slug":"yamaha-siipipyora-115-300hv","status":"publish","type":"product","link":"https:\/\/veneakselisto.com\/kauppa\/tuote\/yamaha-siipipyora-115-300hv\/","title":{"rendered":"Yamaha 75-300hv siipipy\u00f6r\u00e4"},"content":{"rendered":"<div>Yamaha 75-300hv siipipy\u00f6r\u00e4<\/div>\n<div><\/div>\n<div>Ulkohalkaisija: 89,5mm<\/div>\n<div>Leveys: 31mm<\/div>\n<div>Sis\u00e4halkaisija: 22mm<\/div>\n<div><\/div>\n<div>\n<p>Yamaha:<\/p>\n<p>&#8211; 75hp (2006-2019) 4-tahtinen 4-sylinterinen<\/p>\n<p>&#8211; 90hp (1992-2019) 2 &amp; 4-tahtinen 4-sylinterinen<\/p>\n<p>&#8211; 115hp (1984-2019) 2 &amp; 4-tahtinen 4-sylinterinen<\/p>\n<p>&#8211; 130 hv (1988-2004) 2-tahtinen 4-sylinterinen<\/p>\n<p>-140hv Yamaha (1984-) V4-V6 2-tahtinen<\/p>\n<p>&#8211; 150hp (1984-2019) 2 &amp; 4-tahtinen 4 &amp; 6-sylinterinen<\/p>\n<p>&#8211; 175hp (1984-2019) 2 &amp; 4-tahtinen 4 &amp; 6-sylinterinen<\/p>\n<p>&#8211; 200hp (1984-2019) 2 &amp; 4-tahtinen 4 &amp; 6-sylinterinen<\/p>\n<p>&#8211; 220hp (1984-1986) 2-tahtinen 6-sylinterinen<\/p>\n<p>&#8211; 225hp F225, LF225 3,3 L &amp; VF225 Sho 4,2 L (1987-2019) 2 &amp; 4-tahtinen 6-sylinterinen<\/p>\n<p>&#8211; 250hp (1990-2019) 2 &amp; 4-tahtinen 6-sylinterinen<\/p>\n<p>&#8211; 300hp (2004-2019) 2-tahtinen 6-sylinterinen<\/p>\n<\/div>\n<div><\/div>\n<div>Yamaha<\/div>\n<div>6E5-44352-00-00<\/div>\n<div>6E5-44352-01-00<\/div>\n<div><\/div>\n<div>EMP: 47-02275<\/div>\n<div>GLM: 89930<\/div>\n<div>Mallory: 9-45609<\/div>\n<div>Sierra: 18-3071<\/div>\n<p>v<\/p>\n","protected":false},"excerpt":{"rendered":"<p>Replaces OEM<br \/>\nnr 6E5-44352-01-00<br \/>\n115-300hv<br \/>\nUlkohalk: 89,5mm, leveys:<br \/>\n31mm, sis\u00e4halk: 22mm<\/p>\n<p>Tuote on verkkokauppatuote. Kaikilla tuotteilla normaalisti 1-5pv toimitusaika<\/p>\n","protected":false},"featured_media":5740,"comment_status":"open","ping_status":"closed","template":"","meta":{"jetpack_post_was_ever_published":false,"jetpack_publicize_message":"","jetpack_publicize_feature_enabled":true,"jetpack_social_post_already_shared":true,"jetpack_social_options":{"image_generator_settings":{"template":"highway","default_image_id":0,"font":"","enabled":false},"version":2}},"product_brand":[],"product_cat":[571,844,577],"product_tag":[579,145,388],"class_list":{"0":"post-5739","1":"product","2":"type-product","3":"status-publish","4":"has-post-thumbnail","6":"product_cat-peramoottorin_siipipyora","7":"product_cat-siipipyora_peramoottori","8":"product_cat-yamaha_siipipyora","9":"product_tag-peramoottorin-siipipyora","10":"product_tag-siipipyora","11":"product_tag-yamaha","12":"brand-seax","14":"first","15":"instock","16":"taxable","17":"shipping-taxable","18":"purchasable","19":"product-type-simple"},"yoast_head":"<!-- This site is optimized with the Yoast SEO plugin v27.3 - https:\/\/yoast.com\/product\/yoast-seo-wordpress\/ -->\n<title>Yamaha 75-300hv siipipy\u00f6r\u00e4 -per\u00e4moottori-Yamaha-Varaosat<\/title>\n<meta name=\"description\" content=\"Yamaha 75-300hv siipipy\u00f6r\u00e4 . Per\u00e4moottoreiden siipipy\u00f6r\u00e4t ja varaosat edullisesti toimittaa veneakselisto.com. Yamaha Per\u00e4moottori\" \/>\n<meta name=\"robots\" content=\"index, follow, max-snippet:-1, max-image-preview:large, max-video-preview:-1\" \/>\n<link rel=\"canonical\" href=\"https:\/\/veneakselisto.com\/kauppa\/tuote\/yamaha-siipipyora-115-300hv\/\" \/>\n<meta property=\"og:locale\" content=\"fi_FI\" \/>\n<meta property=\"og:type\" content=\"article\" \/>\n<meta property=\"og:title\" content=\"Yamaha 75-300hv siipipy\u00f6r\u00e4 -per\u00e4moottori-Yamaha-Varaosat\" \/>\n<meta property=\"og:description\" content=\"Yamaha 75-300hv siipipy\u00f6r\u00e4 . Per\u00e4moottoreiden siipipy\u00f6r\u00e4t ja varaosat edullisesti toimittaa veneakselisto.com. Yamaha Per\u00e4moottori\" \/>\n<meta property=\"og:url\" content=\"https:\/\/veneakselisto.com\/kauppa\/tuote\/yamaha-siipipyora-115-300hv\/\" \/>\n<meta property=\"og:site_name\" content=\"Veneakselisto.com - verkkokauppa\" \/>\n<meta property=\"article:publisher\" content=\"https:\/\/www.facebook.com\/AlaMikkula\/\" \/>\n<meta property=\"article:modified_time\" content=\"2025-05-26T08:12:10+00:00\" \/>\n<meta property=\"og:image\" content=\"https:\/\/veneakselisto.com\/kauppa\/wp-content\/uploads\/2019\/10\/45609.jpg\" \/>\n\t<meta property=\"og:image:width\" content=\"500\" \/>\n\t<meta property=\"og:image:height\" content=\"500\" \/>\n\t<meta property=\"og:image:type\" content=\"image\/jpeg\" \/>\n<meta name=\"twitter:card\" content=\"summary_large_image\" \/>\n<meta name=\"twitter:label1\" content=\"Arvioitu lukuaika\" \/>\n\t<meta name=\"twitter:data1\" content=\"1 minuutti\" \/>\n<script type=\"application\/ld+json\" class=\"yoast-schema-graph\">{\"@context\":\"https:\\\/\\\/schema.org\",\"@graph\":[{\"@type\":\"WebPage\",\"@id\":\"https:\\\/\\\/veneakselisto.com\\\/kauppa\\\/tuote\\\/yamaha-siipipyora-115-300hv\\\/\",\"url\":\"https:\\\/\\\/veneakselisto.com\\\/kauppa\\\/tuote\\\/yamaha-siipipyora-115-300hv\\\/\",\"name\":\"Yamaha 75-300hv siipipy\u00f6r\u00e4 -per\u00e4moottori-Yamaha-Varaosat\",\"isPartOf\":{\"@id\":\"https:\\\/\\\/veneakselisto.com\\\/kauppa\\\/#website\"},\"primaryImageOfPage\":{\"@id\":\"https:\\\/\\\/veneakselisto.com\\\/kauppa\\\/tuote\\\/yamaha-siipipyora-115-300hv\\\/#primaryimage\"},\"image\":{\"@id\":\"https:\\\/\\\/veneakselisto.com\\\/kauppa\\\/tuote\\\/yamaha-siipipyora-115-300hv\\\/#primaryimage\"},\"thumbnailUrl\":\"https:\\\/\\\/i0.wp.com\\\/veneakselisto.com\\\/kauppa\\\/wp-content\\\/uploads\\\/2019\\\/10\\\/45609.jpg?fit=500%2C500&ssl=1\",\"datePublished\":\"2019-10-15T17:25:00+00:00\",\"dateModified\":\"2025-05-26T08:12:10+00:00\",\"description\":\"Yamaha 75-300hv siipipy\u00f6r\u00e4 . Per\u00e4moottoreiden siipipy\u00f6r\u00e4t ja varaosat edullisesti toimittaa veneakselisto.com. Yamaha Per\u00e4moottori\",\"breadcrumb\":{\"@id\":\"https:\\\/\\\/veneakselisto.com\\\/kauppa\\\/tuote\\\/yamaha-siipipyora-115-300hv\\\/#breadcrumb\"},\"inLanguage\":\"fi\",\"potentialAction\":[{\"@type\":\"ReadAction\",\"target\":[\"https:\\\/\\\/veneakselisto.com\\\/kauppa\\\/tuote\\\/yamaha-siipipyora-115-300hv\\\/\"]}]},{\"@type\":\"ImageObject\",\"inLanguage\":\"fi\",\"@id\":\"https:\\\/\\\/veneakselisto.com\\\/kauppa\\\/tuote\\\/yamaha-siipipyora-115-300hv\\\/#primaryimage\",\"url\":\"https:\\\/\\\/i0.wp.com\\\/veneakselisto.com\\\/kauppa\\\/wp-content\\\/uploads\\\/2019\\\/10\\\/45609.jpg?fit=500%2C500&ssl=1\",\"contentUrl\":\"https:\\\/\\\/i0.wp.com\\\/veneakselisto.com\\\/kauppa\\\/wp-content\\\/uploads\\\/2019\\\/10\\\/45609.jpg?fit=500%2C500&ssl=1\",\"width\":500,\"height\":500,\"caption\":\"Yamaha siipipy\u00f6r\u00e4t toimittaa Veneakselisto.com\"},{\"@type\":\"BreadcrumbList\",\"@id\":\"https:\\\/\\\/veneakselisto.com\\\/kauppa\\\/tuote\\\/yamaha-siipipyora-115-300hv\\\/#breadcrumb\",\"itemListElement\":[{\"@type\":\"ListItem\",\"position\":1,\"name\":\"Etusivu\",\"item\":\"https:\\\/\\\/veneakselisto.com\\\/kauppa\\\/\"},{\"@type\":\"ListItem\",\"position\":2,\"name\":\"Kauppa\",\"item\":\"https:\\\/\\\/veneakselisto.com\\\/kauppa\\\/\"},{\"@type\":\"ListItem\",\"position\":3,\"name\":\"Yamaha 75-300hv siipipy\u00f6r\u00e4\"}]},{\"@type\":\"WebSite\",\"@id\":\"https:\\\/\\\/veneakselisto.com\\\/kauppa\\\/#website\",\"url\":\"https:\\\/\\\/veneakselisto.com\\\/kauppa\\\/\",\"name\":\"Veneakselisto.com - verkkokauppa\",\"description\":\"Venetarvikkeiden maahantuonti ja myynti\",\"publisher\":{\"@id\":\"https:\\\/\\\/veneakselisto.com\\\/kauppa\\\/#organization\"},\"potentialAction\":[{\"@type\":\"SearchAction\",\"target\":{\"@type\":\"EntryPoint\",\"urlTemplate\":\"https:\\\/\\\/veneakselisto.com\\\/kauppa\\\/?s={search_term_string}\"},\"query-input\":{\"@type\":\"PropertyValueSpecification\",\"valueRequired\":true,\"valueName\":\"search_term_string\"}}],\"inLanguage\":\"fi\"},{\"@type\":\"Organization\",\"@id\":\"https:\\\/\\\/veneakselisto.com\\\/kauppa\\\/#organization\",\"name\":\"Veneakselisto.com verkkokauppa\",\"url\":\"https:\\\/\\\/veneakselisto.com\\\/kauppa\\\/\",\"logo\":{\"@type\":\"ImageObject\",\"inLanguage\":\"fi\",\"@id\":\"https:\\\/\\\/veneakselisto.com\\\/kauppa\\\/#\\\/schema\\\/logo\\\/image\\\/\",\"url\":\"https:\\\/\\\/i2.wp.com\\\/veneakselisto.com\\\/kauppa\\\/wp-content\\\/uploads\\\/2016\\\/06\\\/fb_icon.jpg?fit=327%2C327&ssl=1\",\"contentUrl\":\"https:\\\/\\\/i2.wp.com\\\/veneakselisto.com\\\/kauppa\\\/wp-content\\\/uploads\\\/2016\\\/06\\\/fb_icon.jpg?fit=327%2C327&ssl=1\",\"width\":327,\"height\":327,\"caption\":\"Veneakselisto.com verkkokauppa\"},\"image\":{\"@id\":\"https:\\\/\\\/veneakselisto.com\\\/kauppa\\\/#\\\/schema\\\/logo\\\/image\\\/\"},\"sameAs\":[\"https:\\\/\\\/www.facebook.com\\\/AlaMikkula\\\/\"]}]}<\/script>\n<!-- \/ Yoast SEO plugin. -->","yoast_head_json":{"title":"Yamaha 75-300hv siipipy\u00f6r\u00e4 -per\u00e4moottori-Yamaha-Varaosat","description":"Yamaha 75-300hv siipipy\u00f6r\u00e4 . Per\u00e4moottoreiden siipipy\u00f6r\u00e4t ja varaosat edullisesti toimittaa veneakselisto.com. Yamaha Per\u00e4moottori","robots":{"index":"index","follow":"follow","max-snippet":"max-snippet:-1","max-image-preview":"max-image-preview:large","max-video-preview":"max-video-preview:-1"},"canonical":"https:\/\/veneakselisto.com\/kauppa\/tuote\/yamaha-siipipyora-115-300hv\/","og_locale":"fi_FI","og_type":"article","og_title":"Yamaha 75-300hv siipipy\u00f6r\u00e4 -per\u00e4moottori-Yamaha-Varaosat","og_description":"Yamaha 75-300hv siipipy\u00f6r\u00e4 . Per\u00e4moottoreiden siipipy\u00f6r\u00e4t ja varaosat edullisesti toimittaa veneakselisto.com. Yamaha Per\u00e4moottori","og_url":"https:\/\/veneakselisto.com\/kauppa\/tuote\/yamaha-siipipyora-115-300hv\/","og_site_name":"Veneakselisto.com - verkkokauppa","article_publisher":"https:\/\/www.facebook.com\/AlaMikkula\/","article_modified_time":"2025-05-26T08:12:10+00:00","og_image":[{"width":500,"height":500,"url":"https:\/\/veneakselisto.com\/kauppa\/wp-content\/uploads\/2019\/10\/45609.jpg","type":"image\/jpeg"}],"twitter_card":"summary_large_image","twitter_misc":{"Arvioitu lukuaika":"1 minuutti"},"schema":{"@context":"https:\/\/schema.org","@graph":[{"@type":"WebPage","@id":"https:\/\/veneakselisto.com\/kauppa\/tuote\/yamaha-siipipyora-115-300hv\/","url":"https:\/\/veneakselisto.com\/kauppa\/tuote\/yamaha-siipipyora-115-300hv\/","name":"Yamaha 75-300hv siipipy\u00f6r\u00e4 -per\u00e4moottori-Yamaha-Varaosat","isPartOf":{"@id":"https:\/\/veneakselisto.com\/kauppa\/#website"},"primaryImageOfPage":{"@id":"https:\/\/veneakselisto.com\/kauppa\/tuote\/yamaha-siipipyora-115-300hv\/#primaryimage"},"image":{"@id":"https:\/\/veneakselisto.com\/kauppa\/tuote\/yamaha-siipipyora-115-300hv\/#primaryimage"},"thumbnailUrl":"https:\/\/i0.wp.com\/veneakselisto.com\/kauppa\/wp-content\/uploads\/2019\/10\/45609.jpg?fit=500%2C500&ssl=1","datePublished":"2019-10-15T17:25:00+00:00","dateModified":"2025-05-26T08:12:10+00:00","description":"Yamaha 75-300hv siipipy\u00f6r\u00e4 . Per\u00e4moottoreiden siipipy\u00f6r\u00e4t ja varaosat edullisesti toimittaa veneakselisto.com. Yamaha Per\u00e4moottori","breadcrumb":{"@id":"https:\/\/veneakselisto.com\/kauppa\/tuote\/yamaha-siipipyora-115-300hv\/#breadcrumb"},"inLanguage":"fi","potentialAction":[{"@type":"ReadAction","target":["https:\/\/veneakselisto.com\/kauppa\/tuote\/yamaha-siipipyora-115-300hv\/"]}]},{"@type":"ImageObject","inLanguage":"fi","@id":"https:\/\/veneakselisto.com\/kauppa\/tuote\/yamaha-siipipyora-115-300hv\/#primaryimage","url":"https:\/\/i0.wp.com\/veneakselisto.com\/kauppa\/wp-content\/uploads\/2019\/10\/45609.jpg?fit=500%2C500&ssl=1","contentUrl":"https:\/\/i0.wp.com\/veneakselisto.com\/kauppa\/wp-content\/uploads\/2019\/10\/45609.jpg?fit=500%2C500&ssl=1","width":500,"height":500,"caption":"Yamaha siipipy\u00f6r\u00e4t toimittaa Veneakselisto.com"},{"@type":"BreadcrumbList","@id":"https:\/\/veneakselisto.com\/kauppa\/tuote\/yamaha-siipipyora-115-300hv\/#breadcrumb","itemListElement":[{"@type":"ListItem","position":1,"name":"Etusivu","item":"https:\/\/veneakselisto.com\/kauppa\/"},{"@type":"ListItem","position":2,"name":"Kauppa","item":"https:\/\/veneakselisto.com\/kauppa\/"},{"@type":"ListItem","position":3,"name":"Yamaha 75-300hv siipipy\u00f6r\u00e4"}]},{"@type":"WebSite","@id":"https:\/\/veneakselisto.com\/kauppa\/#website","url":"https:\/\/veneakselisto.com\/kauppa\/","name":"Veneakselisto.com - verkkokauppa","description":"Venetarvikkeiden maahantuonti ja myynti","publisher":{"@id":"https:\/\/veneakselisto.com\/kauppa\/#organization"},"potentialAction":[{"@type":"SearchAction","target":{"@type":"EntryPoint","urlTemplate":"https:\/\/veneakselisto.com\/kauppa\/?s={search_term_string}"},"query-input":{"@type":"PropertyValueSpecification","valueRequired":true,"valueName":"search_term_string"}}],"inLanguage":"fi"},{"@type":"Organization","@id":"https:\/\/veneakselisto.com\/kauppa\/#organization","name":"Veneakselisto.com verkkokauppa","url":"https:\/\/veneakselisto.com\/kauppa\/","logo":{"@type":"ImageObject","inLanguage":"fi","@id":"https:\/\/veneakselisto.com\/kauppa\/#\/schema\/logo\/image\/","url":"https:\/\/i2.wp.com\/veneakselisto.com\/kauppa\/wp-content\/uploads\/2016\/06\/fb_icon.jpg?fit=327%2C327&ssl=1","contentUrl":"https:\/\/i2.wp.com\/veneakselisto.com\/kauppa\/wp-content\/uploads\/2016\/06\/fb_icon.jpg?fit=327%2C327&ssl=1","width":327,"height":327,"caption":"Veneakselisto.com verkkokauppa"},"image":{"@id":"https:\/\/veneakselisto.com\/kauppa\/#\/schema\/logo\/image\/"},"sameAs":["https:\/\/www.facebook.com\/AlaMikkula\/"]}]}},"jetpack_publicize_connections":[],"jetpack_sharing_enabled":true,"_links":{"self":[{"href":"https:\/\/veneakselisto.com\/kauppa\/wp-json\/wp\/v2\/product\/5739","targetHints":{"allow":["GET"]}}],"collection":[{"href":"https:\/\/veneakselisto.com\/kauppa\/wp-json\/wp\/v2\/product"}],"about":[{"href":"https:\/\/veneakselisto.com\/kauppa\/wp-json\/wp\/v2\/types\/product"}],"replies":[{"embeddable":true,"href":"https:\/\/veneakselisto.com\/kauppa\/wp-json\/wp\/v2\/comments?post=5739"}],"wp:featuredmedia":[{"embeddable":true,"href":"https:\/\/veneakselisto.com\/kauppa\/wp-json\/wp\/v2\/media\/5740"}],"wp:attachment":[{"href":"https:\/\/veneakselisto.com\/kauppa\/wp-json\/wp\/v2\/media?parent=5739"}],"wp:term":[{"taxonomy":"product_brand","embeddable":true,"href":"https:\/\/veneakselisto.com\/kauppa\/wp-json\/wp\/v2\/product_brand?post=5739"},{"taxonomy":"product_cat","embeddable":true,"href":"https:\/\/veneakselisto.com\/kauppa\/wp-json\/wp\/v2\/product_cat?post=5739"},{"taxonomy":"product_tag","embeddable":true,"href":"https:\/\/veneakselisto.com\/kauppa\/wp-json\/wp\/v2\/product_tag?post=5739"}],"curies":[{"name":"wp","href":"https:\/\/api.w.org\/{rel}","templated":true}]}}