{"id":5735,"date":"2019-10-15T20:00:44","date_gmt":"2019-10-15T17:00:44","guid":{"rendered":"https:\/\/veneakselisto.com\/kauppa\/?post_type=product&#038;p=5735"},"modified":"2024-08-31T23:35:37","modified_gmt":"2024-08-31T20:35:37","slug":"mercruiser-sterndrives-oem-47-89984","status":"publish","type":"product","link":"https:\/\/veneakselisto.com\/kauppa\/tuote\/mercruiser-sterndrives-oem-47-89984\/","title":{"rendered":"Mercruiser R\/MR\/Alpha One siipipy\u00f6r\u00e4"},"content":{"rendered":"<div>Mercruiser R\/MR\/Alpha One siipipy\u00f6r\u00e4<\/div>\n<div><\/div>\n<div>\n<div>Ulkohalkaisija: 60mm<\/div>\n<div>Leveys: 33mm<\/div>\n<div>Sis\u00e4halkaisija: 22mm<\/div>\n<\/div>\n<div><\/div>\n<div>\n<p>Mercruiser:<\/p>\n<p>&#8211; 120\/140 (1967-1982) 4-tahtinen 4-sylinterinen<\/p>\n<p>&#8211; 160 (1967-1969) 4-tahtinen<\/p>\n<p>&#8211; 165 (1970-1982) 4-tahtinen 6-sylinterinen<\/p>\n<p>&#8211; 190 GM (1963-1964) 4-tahtinen 8-sylinterinen 283 cid<\/p>\n<p>&#8211; 225 2 BBL GM (1963-1966) 4-tahtinen 8-sylinterinen 327 cid<\/p>\n<p>&#8211; 225-S (1974-1974<\/p>\n<p>&#8211; 228 (1978-1982) 4-tahtinen 8-sylinterinen<\/p>\n<p>&#8211; 233 (1975-1977)<\/p>\n<p>&#8211; 250 (1977) 4-tahtinen 8-sylinterinen<\/p>\n<p>&#8211; 260 (1978-1982) 4-tahtinen 8-sylinterinen<\/p>\n<p>&#8211; 470 (1976-1982) 4-tahtinen 4-sylinterinen<\/p>\n<p>&#8211; 485 (1978-1982)<\/p>\n<p>&#8211; 888 (1971-1977) 4-tahtinen 8-sylinterinen<\/p>\n<p>&#8211; 898 (1978-1982) 4-tahtinen 8-sylinterinen<\/p>\n<p>&#8211; 898\/228 (1977) 4-tahtinen 8-sylinterinen<\/p>\n<p>&#8211; Alpha One SS (1985-1994<\/p>\n<p>&#8211; I (1963-1963) 4-tahtia<\/p>\n<p>&#8211; IA\/IB\/IC (1964) 4-tahtinen<\/p>\n<p>&#8211; IA \/ IB \/ IC EZ-Shift (1965-1966) 4-tahti<\/p>\n<p>&#8211; R \/ MR \/ Alpha One Sterndrive (1983-1991)<\/p>\n<p>&#8211; R \/ MR \/ Alpha One Transom Assembly (1983-1991)<\/p>\n<p>&#8211; SSM II \/ III \/ IV \/ V (1982-1995) 4-tahtinen<\/p>\n<\/div>\n<div><\/div>\n<div>Mercruiser<\/div>\n<div>47-30221<\/div>\n<div>47-65960<\/div>\n<div>47-89984<\/div>\n<div>47-89984T4<\/div>\n<div><\/div>\n<div>\n<p>Chrysler \/ Force \/ US Marine:<\/p>\n<p>&#8211; 85hp (1989-1989) 2-tahtinen 3-sylinterinen<\/p>\n<p>&#8211; 90hp (1990-1994) 2-tahtinen 3-sylinterinen<\/p>\n<p>&#8211; 120 hv (1990-1994) 2-tahtinen 4-sylinterinen<\/p>\n<p>&#8211; 125hp (1989-1989) 2-tahtinen 4-sylinterinen<\/p>\n<p>&#8211; 150 hv (1989-1994) 2-tahtinen 5-sylinterinen<\/p>\n<div>Chrysler\/Force<\/div>\n<div>47-803631T<\/div>\n<div>47-F694065<\/div>\n<\/div>\n","protected":false},"excerpt":{"rendered":"<p>Mercruiser \u00a0 OEM nr 47-89984<br \/>\nSTERNDRIVES -0D494568<br \/>\n60x34mm<\/p>\n<p>Tuote on verkkokauppatuote. Kaikilla tuotteilla normaalisti 1-5pv toimitusaika<\/p>\n","protected":false},"featured_media":5670,"comment_status":"open","ping_status":"closed","template":"","meta":{"jetpack_post_was_ever_published":false,"jetpack_publicize_message":"","jetpack_publicize_feature_enabled":true,"jetpack_social_post_already_shared":true,"jetpack_social_options":{"image_generator_settings":{"template":"highway","default_image_id":0,"font":"","enabled":false},"version":2}},"product_brand":[],"product_cat":[869,571,52,844],"product_tag":[387,386,579,145],"class_list":{"0":"post-5735","1":"product","2":"type-product","3":"status-publish","4":"has-post-thumbnail","6":"product_cat-mercruiser_siipipyorat","7":"product_cat-peramoottorin_siipipyora","8":"product_cat-siipipyorat","9":"product_cat-siipipyora_peramoottori","10":"product_tag-mariner","11":"product_tag-mercury","12":"product_tag-peramoottorin-siipipyora","13":"product_tag-siipipyora","14":"brand-seax","16":"first","17":"instock","18":"taxable","19":"shipping-taxable","20":"purchasable","21":"product-type-simple"},"yoast_head":"<!-- This site is optimized with the Yoast SEO plugin v27.3 - https:\/\/yoast.com\/product\/yoast-seo-wordpress\/ -->\n<title>Mercruiser Sterndrives OEM 47-89984 - Veneakselisto.com<\/title>\n<meta name=\"description\" content=\"Mercruiser Sterndrives OEM 47-89984. Per\u00e4moottoreiden siipipy\u00f6r\u00e4t edullisesti toimittaa veneakselisto.com. Venetarvikkeiden Maahantuonti ja Myynti.\" \/>\n<meta name=\"robots\" content=\"index, follow, max-snippet:-1, max-image-preview:large, max-video-preview:-1\" \/>\n<link rel=\"canonical\" href=\"https:\/\/veneakselisto.com\/kauppa\/tuote\/mercruiser-sterndrives-oem-47-89984\/\" \/>\n<meta property=\"og:locale\" content=\"fi_FI\" \/>\n<meta property=\"og:type\" content=\"article\" \/>\n<meta property=\"og:title\" content=\"Mercruiser Sterndrives OEM 47-89984 - Veneakselisto.com\" \/>\n<meta property=\"og:description\" content=\"Mercruiser Sterndrives OEM 47-89984. Per\u00e4moottoreiden siipipy\u00f6r\u00e4t edullisesti toimittaa veneakselisto.com. Venetarvikkeiden Maahantuonti ja Myynti.\" \/>\n<meta property=\"og:url\" content=\"https:\/\/veneakselisto.com\/kauppa\/tuote\/mercruiser-sterndrives-oem-47-89984\/\" \/>\n<meta property=\"og:site_name\" content=\"Veneakselisto.com - verkkokauppa\" \/>\n<meta property=\"article:publisher\" content=\"https:\/\/www.facebook.com\/AlaMikkula\/\" \/>\n<meta property=\"article:modified_time\" content=\"2024-08-31T20:35:37+00:00\" \/>\n<meta property=\"og:image\" content=\"https:\/\/veneakselisto.com\/kauppa\/wp-content\/uploads\/2019\/09\/45306.jpg\" \/>\n\t<meta property=\"og:image:width\" content=\"500\" \/>\n\t<meta property=\"og:image:height\" content=\"500\" \/>\n\t<meta property=\"og:image:type\" content=\"image\/jpeg\" \/>\n<meta name=\"twitter:card\" content=\"summary_large_image\" \/>\n<meta name=\"twitter:label1\" content=\"Arvioitu lukuaika\" \/>\n\t<meta name=\"twitter:data1\" content=\"1 minuutti\" \/>\n<script type=\"application\/ld+json\" class=\"yoast-schema-graph\">{\"@context\":\"https:\\\/\\\/schema.org\",\"@graph\":[{\"@type\":\"WebPage\",\"@id\":\"https:\\\/\\\/veneakselisto.com\\\/kauppa\\\/tuote\\\/mercruiser-sterndrives-oem-47-89984\\\/\",\"url\":\"https:\\\/\\\/veneakselisto.com\\\/kauppa\\\/tuote\\\/mercruiser-sterndrives-oem-47-89984\\\/\",\"name\":\"Mercruiser Sterndrives OEM 47-89984 - Veneakselisto.com\",\"isPartOf\":{\"@id\":\"https:\\\/\\\/veneakselisto.com\\\/kauppa\\\/#website\"},\"primaryImageOfPage\":{\"@id\":\"https:\\\/\\\/veneakselisto.com\\\/kauppa\\\/tuote\\\/mercruiser-sterndrives-oem-47-89984\\\/#primaryimage\"},\"image\":{\"@id\":\"https:\\\/\\\/veneakselisto.com\\\/kauppa\\\/tuote\\\/mercruiser-sterndrives-oem-47-89984\\\/#primaryimage\"},\"thumbnailUrl\":\"https:\\\/\\\/i0.wp.com\\\/veneakselisto.com\\\/kauppa\\\/wp-content\\\/uploads\\\/2019\\\/09\\\/45306.jpg?fit=500%2C500&ssl=1\",\"datePublished\":\"2019-10-15T17:00:44+00:00\",\"dateModified\":\"2024-08-31T20:35:37+00:00\",\"description\":\"Mercruiser Sterndrives OEM 47-89984. Per\u00e4moottoreiden siipipy\u00f6r\u00e4t edullisesti toimittaa veneakselisto.com. Venetarvikkeiden Maahantuonti ja Myynti.\",\"breadcrumb\":{\"@id\":\"https:\\\/\\\/veneakselisto.com\\\/kauppa\\\/tuote\\\/mercruiser-sterndrives-oem-47-89984\\\/#breadcrumb\"},\"inLanguage\":\"fi\",\"potentialAction\":[{\"@type\":\"ReadAction\",\"target\":[\"https:\\\/\\\/veneakselisto.com\\\/kauppa\\\/tuote\\\/mercruiser-sterndrives-oem-47-89984\\\/\"]}]},{\"@type\":\"ImageObject\",\"inLanguage\":\"fi\",\"@id\":\"https:\\\/\\\/veneakselisto.com\\\/kauppa\\\/tuote\\\/mercruiser-sterndrives-oem-47-89984\\\/#primaryimage\",\"url\":\"https:\\\/\\\/i0.wp.com\\\/veneakselisto.com\\\/kauppa\\\/wp-content\\\/uploads\\\/2019\\\/09\\\/45306.jpg?fit=500%2C500&ssl=1\",\"contentUrl\":\"https:\\\/\\\/i0.wp.com\\\/veneakselisto.com\\\/kauppa\\\/wp-content\\\/uploads\\\/2019\\\/09\\\/45306.jpg?fit=500%2C500&ssl=1\",\"width\":500,\"height\":500,\"caption\":\"Mercruisersiipipy\u00f6r\u00e4t toimittaa Veneakselisto.com\"},{\"@type\":\"BreadcrumbList\",\"@id\":\"https:\\\/\\\/veneakselisto.com\\\/kauppa\\\/tuote\\\/mercruiser-sterndrives-oem-47-89984\\\/#breadcrumb\",\"itemListElement\":[{\"@type\":\"ListItem\",\"position\":1,\"name\":\"Etusivu\",\"item\":\"https:\\\/\\\/veneakselisto.com\\\/kauppa\\\/\"},{\"@type\":\"ListItem\",\"position\":2,\"name\":\"Kauppa\",\"item\":\"https:\\\/\\\/veneakselisto.com\\\/kauppa\\\/\"},{\"@type\":\"ListItem\",\"position\":3,\"name\":\"Mercruiser R\\\/MR\\\/Alpha One siipipy\u00f6r\u00e4\"}]},{\"@type\":\"WebSite\",\"@id\":\"https:\\\/\\\/veneakselisto.com\\\/kauppa\\\/#website\",\"url\":\"https:\\\/\\\/veneakselisto.com\\\/kauppa\\\/\",\"name\":\"Veneakselisto.com - verkkokauppa\",\"description\":\"Venetarvikkeiden maahantuonti ja myynti\",\"publisher\":{\"@id\":\"https:\\\/\\\/veneakselisto.com\\\/kauppa\\\/#organization\"},\"potentialAction\":[{\"@type\":\"SearchAction\",\"target\":{\"@type\":\"EntryPoint\",\"urlTemplate\":\"https:\\\/\\\/veneakselisto.com\\\/kauppa\\\/?s={search_term_string}\"},\"query-input\":{\"@type\":\"PropertyValueSpecification\",\"valueRequired\":true,\"valueName\":\"search_term_string\"}}],\"inLanguage\":\"fi\"},{\"@type\":\"Organization\",\"@id\":\"https:\\\/\\\/veneakselisto.com\\\/kauppa\\\/#organization\",\"name\":\"Veneakselisto.com verkkokauppa\",\"url\":\"https:\\\/\\\/veneakselisto.com\\\/kauppa\\\/\",\"logo\":{\"@type\":\"ImageObject\",\"inLanguage\":\"fi\",\"@id\":\"https:\\\/\\\/veneakselisto.com\\\/kauppa\\\/#\\\/schema\\\/logo\\\/image\\\/\",\"url\":\"https:\\\/\\\/i2.wp.com\\\/veneakselisto.com\\\/kauppa\\\/wp-content\\\/uploads\\\/2016\\\/06\\\/fb_icon.jpg?fit=327%2C327&ssl=1\",\"contentUrl\":\"https:\\\/\\\/i2.wp.com\\\/veneakselisto.com\\\/kauppa\\\/wp-content\\\/uploads\\\/2016\\\/06\\\/fb_icon.jpg?fit=327%2C327&ssl=1\",\"width\":327,\"height\":327,\"caption\":\"Veneakselisto.com verkkokauppa\"},\"image\":{\"@id\":\"https:\\\/\\\/veneakselisto.com\\\/kauppa\\\/#\\\/schema\\\/logo\\\/image\\\/\"},\"sameAs\":[\"https:\\\/\\\/www.facebook.com\\\/AlaMikkula\\\/\"]}]}<\/script>\n<!-- \/ Yoast SEO plugin. -->","yoast_head_json":{"title":"Mercruiser Sterndrives OEM 47-89984 - Veneakselisto.com","description":"Mercruiser Sterndrives OEM 47-89984. Per\u00e4moottoreiden siipipy\u00f6r\u00e4t edullisesti toimittaa veneakselisto.com. Venetarvikkeiden Maahantuonti ja Myynti.","robots":{"index":"index","follow":"follow","max-snippet":"max-snippet:-1","max-image-preview":"max-image-preview:large","max-video-preview":"max-video-preview:-1"},"canonical":"https:\/\/veneakselisto.com\/kauppa\/tuote\/mercruiser-sterndrives-oem-47-89984\/","og_locale":"fi_FI","og_type":"article","og_title":"Mercruiser Sterndrives OEM 47-89984 - Veneakselisto.com","og_description":"Mercruiser Sterndrives OEM 47-89984. Per\u00e4moottoreiden siipipy\u00f6r\u00e4t edullisesti toimittaa veneakselisto.com. Venetarvikkeiden Maahantuonti ja Myynti.","og_url":"https:\/\/veneakselisto.com\/kauppa\/tuote\/mercruiser-sterndrives-oem-47-89984\/","og_site_name":"Veneakselisto.com - verkkokauppa","article_publisher":"https:\/\/www.facebook.com\/AlaMikkula\/","article_modified_time":"2024-08-31T20:35:37+00:00","og_image":[{"width":500,"height":500,"url":"https:\/\/veneakselisto.com\/kauppa\/wp-content\/uploads\/2019\/09\/45306.jpg","type":"image\/jpeg"}],"twitter_card":"summary_large_image","twitter_misc":{"Arvioitu lukuaika":"1 minuutti"},"schema":{"@context":"https:\/\/schema.org","@graph":[{"@type":"WebPage","@id":"https:\/\/veneakselisto.com\/kauppa\/tuote\/mercruiser-sterndrives-oem-47-89984\/","url":"https:\/\/veneakselisto.com\/kauppa\/tuote\/mercruiser-sterndrives-oem-47-89984\/","name":"Mercruiser Sterndrives OEM 47-89984 - Veneakselisto.com","isPartOf":{"@id":"https:\/\/veneakselisto.com\/kauppa\/#website"},"primaryImageOfPage":{"@id":"https:\/\/veneakselisto.com\/kauppa\/tuote\/mercruiser-sterndrives-oem-47-89984\/#primaryimage"},"image":{"@id":"https:\/\/veneakselisto.com\/kauppa\/tuote\/mercruiser-sterndrives-oem-47-89984\/#primaryimage"},"thumbnailUrl":"https:\/\/i0.wp.com\/veneakselisto.com\/kauppa\/wp-content\/uploads\/2019\/09\/45306.jpg?fit=500%2C500&ssl=1","datePublished":"2019-10-15T17:00:44+00:00","dateModified":"2024-08-31T20:35:37+00:00","description":"Mercruiser Sterndrives OEM 47-89984. Per\u00e4moottoreiden siipipy\u00f6r\u00e4t edullisesti toimittaa veneakselisto.com. Venetarvikkeiden Maahantuonti ja Myynti.","breadcrumb":{"@id":"https:\/\/veneakselisto.com\/kauppa\/tuote\/mercruiser-sterndrives-oem-47-89984\/#breadcrumb"},"inLanguage":"fi","potentialAction":[{"@type":"ReadAction","target":["https:\/\/veneakselisto.com\/kauppa\/tuote\/mercruiser-sterndrives-oem-47-89984\/"]}]},{"@type":"ImageObject","inLanguage":"fi","@id":"https:\/\/veneakselisto.com\/kauppa\/tuote\/mercruiser-sterndrives-oem-47-89984\/#primaryimage","url":"https:\/\/i0.wp.com\/veneakselisto.com\/kauppa\/wp-content\/uploads\/2019\/09\/45306.jpg?fit=500%2C500&ssl=1","contentUrl":"https:\/\/i0.wp.com\/veneakselisto.com\/kauppa\/wp-content\/uploads\/2019\/09\/45306.jpg?fit=500%2C500&ssl=1","width":500,"height":500,"caption":"Mercruisersiipipy\u00f6r\u00e4t toimittaa Veneakselisto.com"},{"@type":"BreadcrumbList","@id":"https:\/\/veneakselisto.com\/kauppa\/tuote\/mercruiser-sterndrives-oem-47-89984\/#breadcrumb","itemListElement":[{"@type":"ListItem","position":1,"name":"Etusivu","item":"https:\/\/veneakselisto.com\/kauppa\/"},{"@type":"ListItem","position":2,"name":"Kauppa","item":"https:\/\/veneakselisto.com\/kauppa\/"},{"@type":"ListItem","position":3,"name":"Mercruiser R\/MR\/Alpha One siipipy\u00f6r\u00e4"}]},{"@type":"WebSite","@id":"https:\/\/veneakselisto.com\/kauppa\/#website","url":"https:\/\/veneakselisto.com\/kauppa\/","name":"Veneakselisto.com - verkkokauppa","description":"Venetarvikkeiden maahantuonti ja myynti","publisher":{"@id":"https:\/\/veneakselisto.com\/kauppa\/#organization"},"potentialAction":[{"@type":"SearchAction","target":{"@type":"EntryPoint","urlTemplate":"https:\/\/veneakselisto.com\/kauppa\/?s={search_term_string}"},"query-input":{"@type":"PropertyValueSpecification","valueRequired":true,"valueName":"search_term_string"}}],"inLanguage":"fi"},{"@type":"Organization","@id":"https:\/\/veneakselisto.com\/kauppa\/#organization","name":"Veneakselisto.com verkkokauppa","url":"https:\/\/veneakselisto.com\/kauppa\/","logo":{"@type":"ImageObject","inLanguage":"fi","@id":"https:\/\/veneakselisto.com\/kauppa\/#\/schema\/logo\/image\/","url":"https:\/\/i2.wp.com\/veneakselisto.com\/kauppa\/wp-content\/uploads\/2016\/06\/fb_icon.jpg?fit=327%2C327&ssl=1","contentUrl":"https:\/\/i2.wp.com\/veneakselisto.com\/kauppa\/wp-content\/uploads\/2016\/06\/fb_icon.jpg?fit=327%2C327&ssl=1","width":327,"height":327,"caption":"Veneakselisto.com verkkokauppa"},"image":{"@id":"https:\/\/veneakselisto.com\/kauppa\/#\/schema\/logo\/image\/"},"sameAs":["https:\/\/www.facebook.com\/AlaMikkula\/"]}]}},"jetpack_publicize_connections":[],"jetpack_sharing_enabled":true,"_links":{"self":[{"href":"https:\/\/veneakselisto.com\/kauppa\/wp-json\/wp\/v2\/product\/5735","targetHints":{"allow":["GET"]}}],"collection":[{"href":"https:\/\/veneakselisto.com\/kauppa\/wp-json\/wp\/v2\/product"}],"about":[{"href":"https:\/\/veneakselisto.com\/kauppa\/wp-json\/wp\/v2\/types\/product"}],"replies":[{"embeddable":true,"href":"https:\/\/veneakselisto.com\/kauppa\/wp-json\/wp\/v2\/comments?post=5735"}],"wp:featuredmedia":[{"embeddable":true,"href":"https:\/\/veneakselisto.com\/kauppa\/wp-json\/wp\/v2\/media\/5670"}],"wp:attachment":[{"href":"https:\/\/veneakselisto.com\/kauppa\/wp-json\/wp\/v2\/media?parent=5735"}],"wp:term":[{"taxonomy":"product_brand","embeddable":true,"href":"https:\/\/veneakselisto.com\/kauppa\/wp-json\/wp\/v2\/product_brand?post=5735"},{"taxonomy":"product_cat","embeddable":true,"href":"https:\/\/veneakselisto.com\/kauppa\/wp-json\/wp\/v2\/product_cat?post=5735"},{"taxonomy":"product_tag","embeddable":true,"href":"https:\/\/veneakselisto.com\/kauppa\/wp-json\/wp\/v2\/product_tag?post=5735"}],"curies":[{"name":"wp","href":"https:\/\/api.w.org\/{rel}","templated":true}]}}