{"id":568,"date":"2016-03-11T22:01:07","date_gmt":"2016-03-11T20:01:07","guid":{"rendered":"http:\/\/veneakselisto.com\/kauppa\/tuote\/vetus-pakoletku-57mm\/"},"modified":"2025-04-11T15:46:34","modified_gmt":"2025-04-11T12:46:34","slug":"vetus-pakoletku-57mm","status":"publish","type":"product","link":"https:\/\/veneakselisto.com\/kauppa\/tuote\/vetus-pakoletku-57mm\/","title":{"rendered":"Pakoletku Vetus 57mm"},"content":{"rendered":"<div class=\"wpb-content-wrapper\"><p>[vc_row][vc_column][vc_column_text]<\/p>\n<p>Vetus pakoletku 57mm<\/p>\n<p>Volvo Penta pakoletku<\/p>\n<p>Halkaisija: 57mm<br \/>\nTaivutuss\u00e4de: 86mm[\/vc_column_text][\/vc_column][\/vc_row][vc_row][vc_column][vc_column_text]<br \/>\n<strong>Letku myyd\u00e4\u00e4n 100cm yksik\u00f6iss\u00e4, eli 1kpl tuotetta on 100cm letkua.<br \/>\nJos tarvitset 200cm letkua, niin tilaat 2kpl<br \/>\nJos tarvitset 300cm letkua, niin tilaat 3kpl<br \/>\n<\/strong><strong>jne&#8230;<\/strong><\/p>\n<p>Jos tarvitset esim. 50cm, ota yhteytt\u00e4:\u00a0akseli@veneakselisto.fi<\/p>\n<p>Eritt\u00e4in taipuisa ja vahva pakoletku<br \/>\nVETUS pakoletku on tunnettu taipuisuudestaan ja korkeasta laadustaan. Letkun sis\u00e4ll\u00e4<br \/>\non ter\u00e4slankavahvistus ja letkujen sis\u00e4pinta on sile\u00e4 mik\u00e4 v\u00e4hent\u00e4\u00e4 omalta osaltaan<br \/>\nvastapainetta. Pakoletkujen taivutuss\u00e4de on halkaisijaltaan \u00d8 152mm:iin asti ainoastaan<br \/>\n1,5 x letkun halkaisija ja yli \u00d8 152mm:n letkuissakin vain kaksi kertaa letkun halkaisija.<br \/>\nK\u00e4ytt\u00f6l\u00e4mp\u00f6tila -30\u00ba \u2013 + 100\u00baC ja hetkellisesti 115\u00baC.<\/p>\n<p>SLANG-pakoletkuilla on Lloyds Register sertifioituja ja ne t\u00e4ytt\u00e4v\u00e4t SAE J2006 R2 standardarin vaatimukset.<\/p>\n<p>Pakoletku Vetus 57mm<\/p>\n<p>Pakokaasuletku 57mm<\/p>\n<\/div>","protected":false},"excerpt":{"rendered":"<p>Pakoletku Vetus 57mm<\/p>\n<p>Halkaisija: 57mm<br \/>\nTaivutuss\u00e4de: 86mm<\/p>\n<p>ulko \u00f8 65mm<\/p>\n","protected":false},"featured_media":563,"comment_status":"open","ping_status":"closed","template":"","meta":{"jetpack_post_was_ever_published":false,"jetpack_publicize_message":"","jetpack_publicize_feature_enabled":true,"jetpack_social_post_already_shared":true,"jetpack_social_options":{"image_generator_settings":{"template":"highway","default_image_id":0,"font":"","enabled":false},"version":2}},"product_brand":[],"product_cat":[1092,40,37,1091,470],"product_tag":[184,182,169,177],"class_list":{"0":"post-568","1":"product","2":"type-product","3":"status-publish","4":"has-post-thumbnail","6":"product_cat-veneen-pakokaasuletku-vetus","7":"product_cat-pakokaasuletkut","8":"product_cat-pakoputkistot-ja-tarvikkeet","9":"product_cat-veneen-pakoputkisto-vetus","10":"product_cat-vetus_vetus-venetarvikkeet_venetarvikeiden-maahantuonti-ja-myynti","11":"product_tag-57mm","12":"product_tag-letku","13":"product_tag-pakoputki","14":"product_tag-pakoputkisto","15":"brand-vetus","17":"first","18":"instock","19":"taxable","20":"shipping-taxable","21":"purchasable","22":"product-type-simple"},"yoast_head":"<!-- This site is optimized with the Yoast SEO plugin v27.3 - https:\/\/yoast.com\/product\/yoast-seo-wordpress\/ -->\n<title>Pakoletku Vetus 57mm - 57mm pakokaasuletku-volvo penta<\/title>\n<meta name=\"description\" content=\"Vetus pakoletku 57mm. Eritt\u00e4in taipuisat ja laadukkaat pakokaasuletkut saat venetarvikkiden erikoisliikkeest\u00e4-Veneakselisto\" \/>\n<meta name=\"robots\" content=\"index, follow, max-snippet:-1, max-image-preview:large, max-video-preview:-1\" \/>\n<link rel=\"canonical\" href=\"https:\/\/veneakselisto.com\/kauppa\/tuote\/vetus-pakoletku-57mm\/\" \/>\n<meta property=\"og:locale\" content=\"fi_FI\" \/>\n<meta property=\"og:type\" content=\"article\" \/>\n<meta property=\"og:title\" content=\"Pakoletku Vetus 57mm - 57mm pakokaasuletku-volvo penta\" \/>\n<meta property=\"og:description\" content=\"Vetus pakoletku 57mm. Eritt\u00e4in taipuisat ja laadukkaat pakokaasuletkut saat venetarvikkiden erikoisliikkeest\u00e4-Veneakselisto\" \/>\n<meta property=\"og:url\" content=\"https:\/\/veneakselisto.com\/kauppa\/tuote\/vetus-pakoletku-57mm\/\" \/>\n<meta property=\"og:site_name\" content=\"Veneakselisto.com - verkkokauppa\" \/>\n<meta property=\"article:publisher\" content=\"https:\/\/www.facebook.com\/AlaMikkula\/\" \/>\n<meta property=\"article:modified_time\" content=\"2025-04-11T12:46:34+00:00\" \/>\n<meta property=\"og:image\" content=\"https:\/\/veneakselisto.com\/kauppa\/wp-content\/uploads\/2016\/03\/slang_render.jpg\" \/>\n\t<meta property=\"og:image:width\" content=\"700\" \/>\n\t<meta property=\"og:image:height\" content=\"700\" \/>\n\t<meta property=\"og:image:type\" content=\"image\/jpeg\" \/>\n<meta name=\"twitter:card\" content=\"summary_large_image\" \/>\n<meta name=\"twitter:label1\" content=\"Arvioitu lukuaika\" \/>\n\t<meta name=\"twitter:data1\" content=\"1 minuutti\" \/>\n<script type=\"application\/ld+json\" class=\"yoast-schema-graph\">{\"@context\":\"https:\\\/\\\/schema.org\",\"@graph\":[{\"@type\":\"WebPage\",\"@id\":\"https:\\\/\\\/veneakselisto.com\\\/kauppa\\\/tuote\\\/vetus-pakoletku-57mm\\\/\",\"url\":\"https:\\\/\\\/veneakselisto.com\\\/kauppa\\\/tuote\\\/vetus-pakoletku-57mm\\\/\",\"name\":\"Pakoletku Vetus 57mm - 57mm pakokaasuletku-volvo penta\",\"isPartOf\":{\"@id\":\"https:\\\/\\\/veneakselisto.com\\\/kauppa\\\/#website\"},\"primaryImageOfPage\":{\"@id\":\"https:\\\/\\\/veneakselisto.com\\\/kauppa\\\/tuote\\\/vetus-pakoletku-57mm\\\/#primaryimage\"},\"image\":{\"@id\":\"https:\\\/\\\/veneakselisto.com\\\/kauppa\\\/tuote\\\/vetus-pakoletku-57mm\\\/#primaryimage\"},\"thumbnailUrl\":\"https:\\\/\\\/i0.wp.com\\\/veneakselisto.com\\\/kauppa\\\/wp-content\\\/uploads\\\/2016\\\/03\\\/slang_render.jpg?fit=700%2C700&ssl=1\",\"datePublished\":\"2016-03-11T20:01:07+00:00\",\"dateModified\":\"2025-04-11T12:46:34+00:00\",\"description\":\"Vetus pakoletku 57mm. Eritt\u00e4in taipuisat ja laadukkaat pakokaasuletkut saat venetarvikkiden erikoisliikkeest\u00e4-Veneakselisto\",\"breadcrumb\":{\"@id\":\"https:\\\/\\\/veneakselisto.com\\\/kauppa\\\/tuote\\\/vetus-pakoletku-57mm\\\/#breadcrumb\"},\"inLanguage\":\"fi\",\"potentialAction\":[{\"@type\":\"ReadAction\",\"target\":[\"https:\\\/\\\/veneakselisto.com\\\/kauppa\\\/tuote\\\/vetus-pakoletku-57mm\\\/\"]}]},{\"@type\":\"ImageObject\",\"inLanguage\":\"fi\",\"@id\":\"https:\\\/\\\/veneakselisto.com\\\/kauppa\\\/tuote\\\/vetus-pakoletku-57mm\\\/#primaryimage\",\"url\":\"https:\\\/\\\/i0.wp.com\\\/veneakselisto.com\\\/kauppa\\\/wp-content\\\/uploads\\\/2016\\\/03\\\/slang_render.jpg?fit=700%2C700&ssl=1\",\"contentUrl\":\"https:\\\/\\\/i0.wp.com\\\/veneakselisto.com\\\/kauppa\\\/wp-content\\\/uploads\\\/2016\\\/03\\\/slang_render.jpg?fit=700%2C700&ssl=1\",\"width\":700,\"height\":700,\"caption\":\"Laadukkaat Vetus pakokaasuletku veneisiin myy veneakselisto.com verkkokauppa\"},{\"@type\":\"BreadcrumbList\",\"@id\":\"https:\\\/\\\/veneakselisto.com\\\/kauppa\\\/tuote\\\/vetus-pakoletku-57mm\\\/#breadcrumb\",\"itemListElement\":[{\"@type\":\"ListItem\",\"position\":1,\"name\":\"Etusivu\",\"item\":\"https:\\\/\\\/veneakselisto.com\\\/kauppa\\\/\"},{\"@type\":\"ListItem\",\"position\":2,\"name\":\"Kauppa\",\"item\":\"https:\\\/\\\/veneakselisto.com\\\/kauppa\\\/\"},{\"@type\":\"ListItem\",\"position\":3,\"name\":\"Pakoletku Vetus 57mm\"}]},{\"@type\":\"WebSite\",\"@id\":\"https:\\\/\\\/veneakselisto.com\\\/kauppa\\\/#website\",\"url\":\"https:\\\/\\\/veneakselisto.com\\\/kauppa\\\/\",\"name\":\"Veneakselisto.com - verkkokauppa\",\"description\":\"Venetarvikkeiden maahantuonti ja myynti\",\"publisher\":{\"@id\":\"https:\\\/\\\/veneakselisto.com\\\/kauppa\\\/#organization\"},\"potentialAction\":[{\"@type\":\"SearchAction\",\"target\":{\"@type\":\"EntryPoint\",\"urlTemplate\":\"https:\\\/\\\/veneakselisto.com\\\/kauppa\\\/?s={search_term_string}\"},\"query-input\":{\"@type\":\"PropertyValueSpecification\",\"valueRequired\":true,\"valueName\":\"search_term_string\"}}],\"inLanguage\":\"fi\"},{\"@type\":\"Organization\",\"@id\":\"https:\\\/\\\/veneakselisto.com\\\/kauppa\\\/#organization\",\"name\":\"Veneakselisto.com verkkokauppa\",\"url\":\"https:\\\/\\\/veneakselisto.com\\\/kauppa\\\/\",\"logo\":{\"@type\":\"ImageObject\",\"inLanguage\":\"fi\",\"@id\":\"https:\\\/\\\/veneakselisto.com\\\/kauppa\\\/#\\\/schema\\\/logo\\\/image\\\/\",\"url\":\"https:\\\/\\\/i2.wp.com\\\/veneakselisto.com\\\/kauppa\\\/wp-content\\\/uploads\\\/2016\\\/06\\\/fb_icon.jpg?fit=327%2C327&ssl=1\",\"contentUrl\":\"https:\\\/\\\/i2.wp.com\\\/veneakselisto.com\\\/kauppa\\\/wp-content\\\/uploads\\\/2016\\\/06\\\/fb_icon.jpg?fit=327%2C327&ssl=1\",\"width\":327,\"height\":327,\"caption\":\"Veneakselisto.com verkkokauppa\"},\"image\":{\"@id\":\"https:\\\/\\\/veneakselisto.com\\\/kauppa\\\/#\\\/schema\\\/logo\\\/image\\\/\"},\"sameAs\":[\"https:\\\/\\\/www.facebook.com\\\/AlaMikkula\\\/\"]}]}<\/script>\n<!-- \/ Yoast SEO plugin. -->","yoast_head_json":{"title":"Pakoletku Vetus 57mm - 57mm pakokaasuletku-volvo penta","description":"Vetus pakoletku 57mm. Eritt\u00e4in taipuisat ja laadukkaat pakokaasuletkut saat venetarvikkiden erikoisliikkeest\u00e4-Veneakselisto","robots":{"index":"index","follow":"follow","max-snippet":"max-snippet:-1","max-image-preview":"max-image-preview:large","max-video-preview":"max-video-preview:-1"},"canonical":"https:\/\/veneakselisto.com\/kauppa\/tuote\/vetus-pakoletku-57mm\/","og_locale":"fi_FI","og_type":"article","og_title":"Pakoletku Vetus 57mm - 57mm pakokaasuletku-volvo penta","og_description":"Vetus pakoletku 57mm. Eritt\u00e4in taipuisat ja laadukkaat pakokaasuletkut saat venetarvikkiden erikoisliikkeest\u00e4-Veneakselisto","og_url":"https:\/\/veneakselisto.com\/kauppa\/tuote\/vetus-pakoletku-57mm\/","og_site_name":"Veneakselisto.com - verkkokauppa","article_publisher":"https:\/\/www.facebook.com\/AlaMikkula\/","article_modified_time":"2025-04-11T12:46:34+00:00","og_image":[{"width":700,"height":700,"url":"https:\/\/veneakselisto.com\/kauppa\/wp-content\/uploads\/2016\/03\/slang_render.jpg","type":"image\/jpeg"}],"twitter_card":"summary_large_image","twitter_misc":{"Arvioitu lukuaika":"1 minuutti"},"schema":{"@context":"https:\/\/schema.org","@graph":[{"@type":"WebPage","@id":"https:\/\/veneakselisto.com\/kauppa\/tuote\/vetus-pakoletku-57mm\/","url":"https:\/\/veneakselisto.com\/kauppa\/tuote\/vetus-pakoletku-57mm\/","name":"Pakoletku Vetus 57mm - 57mm pakokaasuletku-volvo penta","isPartOf":{"@id":"https:\/\/veneakselisto.com\/kauppa\/#website"},"primaryImageOfPage":{"@id":"https:\/\/veneakselisto.com\/kauppa\/tuote\/vetus-pakoletku-57mm\/#primaryimage"},"image":{"@id":"https:\/\/veneakselisto.com\/kauppa\/tuote\/vetus-pakoletku-57mm\/#primaryimage"},"thumbnailUrl":"https:\/\/i0.wp.com\/veneakselisto.com\/kauppa\/wp-content\/uploads\/2016\/03\/slang_render.jpg?fit=700%2C700&ssl=1","datePublished":"2016-03-11T20:01:07+00:00","dateModified":"2025-04-11T12:46:34+00:00","description":"Vetus pakoletku 57mm. Eritt\u00e4in taipuisat ja laadukkaat pakokaasuletkut saat venetarvikkiden erikoisliikkeest\u00e4-Veneakselisto","breadcrumb":{"@id":"https:\/\/veneakselisto.com\/kauppa\/tuote\/vetus-pakoletku-57mm\/#breadcrumb"},"inLanguage":"fi","potentialAction":[{"@type":"ReadAction","target":["https:\/\/veneakselisto.com\/kauppa\/tuote\/vetus-pakoletku-57mm\/"]}]},{"@type":"ImageObject","inLanguage":"fi","@id":"https:\/\/veneakselisto.com\/kauppa\/tuote\/vetus-pakoletku-57mm\/#primaryimage","url":"https:\/\/i0.wp.com\/veneakselisto.com\/kauppa\/wp-content\/uploads\/2016\/03\/slang_render.jpg?fit=700%2C700&ssl=1","contentUrl":"https:\/\/i0.wp.com\/veneakselisto.com\/kauppa\/wp-content\/uploads\/2016\/03\/slang_render.jpg?fit=700%2C700&ssl=1","width":700,"height":700,"caption":"Laadukkaat Vetus pakokaasuletku veneisiin myy veneakselisto.com verkkokauppa"},{"@type":"BreadcrumbList","@id":"https:\/\/veneakselisto.com\/kauppa\/tuote\/vetus-pakoletku-57mm\/#breadcrumb","itemListElement":[{"@type":"ListItem","position":1,"name":"Etusivu","item":"https:\/\/veneakselisto.com\/kauppa\/"},{"@type":"ListItem","position":2,"name":"Kauppa","item":"https:\/\/veneakselisto.com\/kauppa\/"},{"@type":"ListItem","position":3,"name":"Pakoletku Vetus 57mm"}]},{"@type":"WebSite","@id":"https:\/\/veneakselisto.com\/kauppa\/#website","url":"https:\/\/veneakselisto.com\/kauppa\/","name":"Veneakselisto.com - verkkokauppa","description":"Venetarvikkeiden maahantuonti ja myynti","publisher":{"@id":"https:\/\/veneakselisto.com\/kauppa\/#organization"},"potentialAction":[{"@type":"SearchAction","target":{"@type":"EntryPoint","urlTemplate":"https:\/\/veneakselisto.com\/kauppa\/?s={search_term_string}"},"query-input":{"@type":"PropertyValueSpecification","valueRequired":true,"valueName":"search_term_string"}}],"inLanguage":"fi"},{"@type":"Organization","@id":"https:\/\/veneakselisto.com\/kauppa\/#organization","name":"Veneakselisto.com verkkokauppa","url":"https:\/\/veneakselisto.com\/kauppa\/","logo":{"@type":"ImageObject","inLanguage":"fi","@id":"https:\/\/veneakselisto.com\/kauppa\/#\/schema\/logo\/image\/","url":"https:\/\/i2.wp.com\/veneakselisto.com\/kauppa\/wp-content\/uploads\/2016\/06\/fb_icon.jpg?fit=327%2C327&ssl=1","contentUrl":"https:\/\/i2.wp.com\/veneakselisto.com\/kauppa\/wp-content\/uploads\/2016\/06\/fb_icon.jpg?fit=327%2C327&ssl=1","width":327,"height":327,"caption":"Veneakselisto.com verkkokauppa"},"image":{"@id":"https:\/\/veneakselisto.com\/kauppa\/#\/schema\/logo\/image\/"},"sameAs":["https:\/\/www.facebook.com\/AlaMikkula\/"]}]}},"jetpack_publicize_connections":[],"jetpack_sharing_enabled":true,"_links":{"self":[{"href":"https:\/\/veneakselisto.com\/kauppa\/wp-json\/wp\/v2\/product\/568","targetHints":{"allow":["GET"]}}],"collection":[{"href":"https:\/\/veneakselisto.com\/kauppa\/wp-json\/wp\/v2\/product"}],"about":[{"href":"https:\/\/veneakselisto.com\/kauppa\/wp-json\/wp\/v2\/types\/product"}],"replies":[{"embeddable":true,"href":"https:\/\/veneakselisto.com\/kauppa\/wp-json\/wp\/v2\/comments?post=568"}],"wp:featuredmedia":[{"embeddable":true,"href":"https:\/\/veneakselisto.com\/kauppa\/wp-json\/wp\/v2\/media\/563"}],"wp:attachment":[{"href":"https:\/\/veneakselisto.com\/kauppa\/wp-json\/wp\/v2\/media?parent=568"}],"wp:term":[{"taxonomy":"product_brand","embeddable":true,"href":"https:\/\/veneakselisto.com\/kauppa\/wp-json\/wp\/v2\/product_brand?post=568"},{"taxonomy":"product_cat","embeddable":true,"href":"https:\/\/veneakselisto.com\/kauppa\/wp-json\/wp\/v2\/product_cat?post=568"},{"taxonomy":"product_tag","embeddable":true,"href":"https:\/\/veneakselisto.com\/kauppa\/wp-json\/wp\/v2\/product_tag?post=568"}],"curies":[{"name":"wp","href":"https:\/\/api.w.org\/{rel}","templated":true}]}}