{"id":5668,"date":"2019-09-30T22:32:41","date_gmt":"2019-09-30T19:32:41","guid":{"rendered":"https:\/\/veneakselisto.com\/kauppa\/?post_type=product&#038;p=5668"},"modified":"2024-08-31T23:35:44","modified_gmt":"2024-08-31T20:35:44","slug":"mercury-mariner-65-220hv-siipipyora","status":"publish","type":"product","link":"https:\/\/veneakselisto.com\/kauppa\/tuote\/mercury-mariner-65-220hv-siipipyora\/","title":{"rendered":"Mercury\/Mariner 65-220hv siipipy\u00f6r\u00e4"},"content":{"rendered":"<p>Mercury\/Mariner 65-220hv siipipy\u00f6r\u00e4<\/p>\n<div>Mercury 65-225HP<\/div>\n<div>Mercruiser R\/MR\/Alpha One<\/div>\n<div><\/div>\n<div>Ulkohalkaisija: 60mm<\/div>\n<div>Leveys: 33mm<\/div>\n<div>Sis\u00e4halkaisija: 22mm<\/div>\n<div><\/div>\n<div>Chrysler\/Force<\/div>\n<div>47-803631T<\/div>\n<div>47-F694065<\/div>\n<div><\/div>\n<div>Mercruiser<\/div>\n<div>47-30221<\/div>\n<div>47-65960<\/div>\n<div>47-89984<\/div>\n<div>47-89984T4<\/div>\n<div><\/div>\n<div>Mercury<\/div>\n<div>47-30221<\/div>\n<div>47-65960<\/div>\n<div>47-85460<\/div>\n<div>47-89984<\/div>\n<div>47-899842<\/div>\n<div>47-899844<\/div>\n<div>47-89984T3<\/div>\n<div>47-89984T4<\/div>\n<div><\/div>\n<div>EMP: 47-00001<\/div>\n<div>GLM: 89840<\/div>\n<div>Mallory: 9-45306<\/div>\n<div>Sierra: 18-3017<\/div>\n<div><\/div>\n<div>\n<p>Mercury Marine:<\/p>\n<p>&#8211; 650 4-sylinterinen (1967-2019) 65hp 2-tahtinen<\/p>\n<p>&#8211; 700 70hp 2-tahtinen 6-sylinterinen<\/p>\n<p>&#8211; 75 (1984-1986) 75 hv 2-tahtinen 4-sylinterinen<\/p>\n<p>&#8211; 75 4-sylinterinen (1984-1986) 75hp 2-tahtinen<\/p>\n<p>&#8211; 800 &amp; 80 (1978-1983) 80hp 2-tahtinen 4-sylinterinen<\/p>\n<p>&#8211; 800 80hp 2-tahtinen 6-sylinterinen<\/p>\n<p>&#8211; 80 (1978-2019) 80hp 2-tahtinen 4-sylinterinen<\/p>\n<p>&#8211; 850 (1975-2019) 85hp 2-tahtinen 4 &amp; 6-sylinterinen<\/p>\n<p>&#8211; 850 4-sylinterinen (1976-2019) 85hp 2-tahtinen<\/p>\n<p>&#8211; 85 85hp 2-tahtinen 4-sylinterinen<\/p>\n<p>&#8211; 900 &amp; 90 (1978-1979) 90hp 2-tahtinen 6-sylinterinen<\/p>\n<p>&#8211; 900 90hp 2-tahtinen 6-sylinterinen<\/p>\n<p>&#8211; 90 (1979-2019) 90hp 2-tahtinen 6-sylinterinen<\/p>\n<p>&#8211; 90 6-sylinterinen (1979-2019) 90hp 2-tahtinen<\/p>\n<p>&#8211; 90 Inline (1980-1988) 90hp 2-tahtinen 6-sylinterinen<\/p>\n<p>&#8211; 950 95hp 2-tahtinen 6-sylinterinen<\/p>\n<p>&#8211; 1000 100hp 2-tahtinen 6-sylinterinen<\/p>\n<p>&#8211; 1000BP 6-sylinterinen<\/p>\n<p>&#8211; 1000SS 100hp 6-sylinterinen<\/p>\n<p>&#8211; 1100 110hp 2-tahtinen 6-sylinterinen<\/p>\n<p>&#8211; 1150 &amp; 115 (1978-1979) 115hp 2-tahtinen 6-sylinterinen<\/p>\n<p>&#8211; 1150 (1973-2019) 115hp 2-tahtinen 6-sylinterinen<\/p>\n<p>&#8211; 115 (1978-1983) 115hp 2-tahtinen 6-sylinterinen<\/p>\n<p>&#8211; 115 6-sylinterinen (1980-2019) 115hp 2-tahtinen<\/p>\n<p>&#8211; 115 Inline (1980-1988) 115hp 2-tahtinen 6-sylinterinen<\/p>\n<p>&#8211; 1250 125hp 2-tahtinen 6-sylinterinen<\/p>\n<p>&#8211; 1250BP<\/p>\n<p>&#8211; 1350 135hp 2-tahtinen 6-sylinterinen<\/p>\n<p>&#8211; V-135 (1986-2005) 135hp 2-tahtinen 6-sylinterinen<\/p>\n<p>&#8211; 1400 &amp; 140 (1978-1979) 140hp 2-tahtinen 6-sylinterinen<\/p>\n<p>&#8211; 1400 140hp 2-tahtinen 6-sylinterinen<\/p>\n<p>&#8211; 140 (1978-2019) 140 hv 2-tahtinen 6-sylinterinen<\/p>\n<p>&#8211; 1500 (1973-1985) 150hp 2-tahtinen 6-sylinterinen<\/p>\n<p>&#8211; 1500XS (1978) 150hp 2-tahtinen 6-sylinterinen<\/p>\n<p>&#8211; 150\/200 EFI Pro Max \/ Super Mag (1998) 150hp 2-tahtinen 6-sylinterinen<\/p>\n<p>&#8211; 150 EFI Pro Max \/ Super Mag (1994-1997) 150 hv 2-tahtinen 6-sylinterinen<\/p>\n<p>&#8211; Magnum II (1988-1991) 150 hv 2-tahtinen 2,5-litrainen 6-sylinterinen<\/p>\n<p>-V-1500 (1978-1985) 150hp 2-tahtinen 6-sylinterinen<\/p>\n<p>&#8211; V-150 (1978-2005) 150hp 2-tahtinen 2,5-litrainen 6-sylinterinen<\/p>\n<p>-V-150 Magnum (1978-1985) 150hp 2-tahtinen 6-sylinterinen<\/p>\n<p>&#8211; V-150 Marathon (1978-1985) 150hp 2-tahtinen 6-sylinterinen<\/p>\n<p>&#8211; V-150 ty\u00f6 (1978-1985) 150hp 2-tahtinen 6-sylinterinen<\/p>\n<p>&#8211; V-150-XR-2 (1978-1987) 150hp 2-tahtinen 6-sylinterinen<\/p>\n<p>&#8211; XR-4 (1988-1991) 150hp 2-tahtinen 2,5-litrainen 6-sylinterinen<\/p>\n<p>&#8211; V-175 (1976-1999) 175hp 2-tahtinen 6-sylinterinen<\/p>\n<p>-V-175 Mag EFI (1991-1995) 175hp 2-tahtinen 6-sylinterinen<\/p>\n<p>&#8211; V-175 Ski (1989-2019) 175hp 2-tahtinen 6-sylinterinen<\/p>\n<p>-V-175xri EFI (1991-1995) 2-tahtinen 6-sylinterinen<\/p>\n<p>&#8211; 200 EFI Pro Max \/ Super Mag (1999-2000) 200hp 2-tahtinen 6-sylinterinen<\/p>\n<p>&#8211; 200XS DFI 2,5 L (2001-2006) 2-tahtinen 6-sylinterinen<\/p>\n<p>&#8211; 200XS DFI 2.5 L ROS 200hp 2-tahtinen 6-sylinterinen<\/p>\n<p>&#8211; 200XS SST 200hp 2-tahtinen 6-sylinterinen<\/p>\n<p>&#8211; V-200 (1979-2005) 200hp 2-tahtinen 2,5-litrainen 6-sylinterinen<\/p>\n<p>&#8211; V-200 2,5 L vain 1991 (1990) 200hp 2-tahtinen 6-sylinterinen<\/p>\n<p>&#8211; V-200 EFI (1989-2001) 200hp 2-tahtinen 6-sylinterinen<\/p>\n<p>&#8211; V &#8211; 200XRI EFI (1991-1995) 2-tahtinen 6-sylinterinen<\/p>\n<p>-Mercury Mod-VP (1988-2019) 220hp 2-tahtinen 2,4-litrainen 6-sylinterinen 142 cid<\/p>\n<p>&#8211; V-220 (1987-1988) 220hp 2-tahtinen 6-sylinterinen<\/p>\n<p>&#8211; 225 EFI Pro Max \/ Super Mag (1995-2001) 225hp 2-tahtinen 6-sylinterinen<\/p>\n<p>&#8211; 225X EFI ProMax (2002-2004) 225hp 2-tahtinen 6-sylinterinen<\/p>\n<p>&#8211; V-225 225hp 2-tahtinen 6-sylinterinen<\/p>\n<p>&#8211; 2,4 L Mercury \/ Mariner EFI (1988-1990) 2-tahtinen 6-sylinterinen<\/p>\n<p>&#8211; 2,4 L Mercury Mod-VP EFI (1990-1993) 2-tahtinen 6-sylinterinen<\/p>\n<p>&#8211; 2,5 L EFI \/ EFI-Offshore (1999-2005) 2-tahtinen 6-sylinterinen<\/p>\n<p>&#8211; Formula I EFI (1995-2000) 2-tahtinen 2-litrainen 6-sylinterinen<\/p>\n<p>&#8211; Elohopea formula_2-tahtinen 6-sylinterinen<\/p>\n<p>&#8211; Mercury \/ Mariner 2,4 L Carb (1989-1990) 2-tahtinen 6-sylinterinen<\/p>\n<p>&#8211; Mercury \/ Mariner 2,5 L Carb (1991-1995) 2-tahtinen 6-sylinterinen<\/p>\n<p>&#8211; Mercury \/ Mariner 2.5 L EFI EFI-Offshore (1996-1998) 2-tahtinen 6-sylinterinen<\/p>\n<p>&#8211; Mercury \/ Mariner EFI (1991-2019) 2-tahtinen 2,5 litran 6-sylinterinen<\/p>\n<p>&#8211; Mercury \/ Mariner XR2 \/ Magnum (1990-1999) 2-tahtinen 6-sylinterinen<\/p>\n<p>&#8211; Mercury XR2 (1988-1988) 2-tahtinen 6-sylinterinen<\/p>\n<p>&#8211; S2000 (1991-2002) 2-tahtinen 6-sylinterinen<\/p>\n<p>&#8211; S3000 (1993-2000) 2-tahtinen 6-sylinterinen<\/p>\n<p>&#8211; SST 120 (1991-2002) 2-tahtinen 6-sylinterinen<\/p>\n<p>Chrysler \/ Force \/ US Marine:<\/p>\n<p>&#8211; 85hp (1989-1989) 2-tahtinen 3-sylinterinen<\/p>\n<p>&#8211; 90hp (1990-1994) 2-tahtinen 3-sylinterinen<\/p>\n<p>&#8211; 120 hv (1990-1994) 2-tahtinen 4-sylinterinen<\/p>\n<p>&#8211; 125hp (1989-1989) 2-tahtinen 4-sylinterinen<\/p>\n<p>&#8211; 150 hv (1989-1994) 2-tahtinen 5-sylinterinen<\/p>\n<p>Mercruiser:<\/p>\n<p>&#8211; 120\/140 (1967-1982) 4-tahtinen 4-sylinterinen<\/p>\n<p>&#8211; 160 (1967-1969) 4-tahtinen<\/p>\n<p>&#8211; 165 (1970-1982) 4-tahtinen 6-sylinterinen<\/p>\n<p>&#8211; 190 GM (1963-1964) 4-tahtinen 8-sylinterinen 283 cid<\/p>\n<p>&#8211; 225 2 BBL GM (1963-1966) 4-tahtinen 8-sylinterinen 327 cid<\/p>\n<p>&#8211; 225-S (1974-1974<\/p>\n<p>&#8211; 228 (1978-1982) 4-tahtinen 8-sylinterinen<\/p>\n<p>&#8211; 233 (1975-1977)<\/p>\n<p>&#8211; 250 (1977) 4-tahtinen 8-sylinterinen<\/p>\n<p>&#8211; 260 (1978-1982) 4-tahtinen 8-sylinterinen<\/p>\n<p>&#8211; 470 (1976-1982) 4-tahtinen 4-sylinterinen<\/p>\n<p>&#8211; 485 (1978-1982)<\/p>\n<p>&#8211; 888 (1971-1977) 4-tahtinen 8-sylinterinen<\/p>\n<p>&#8211; 898 (1978-1982) 4-tahtinen 8-sylinterinen<\/p>\n<p>&#8211; 898\/228 (1977) 4-tahtinen 8-sylinterinen<\/p>\n<p>&#8211; Alpha One SS (1985-1994<\/p>\n<p>&#8211; I (1963-1963) 4-tahtia<\/p>\n<p>&#8211; IA\/IB\/IC (1964) 4-tahtinen<\/p>\n<p>&#8211; IA \/ IB \/ IC EZ-Shift (1965-1966) 4-tahti<\/p>\n<p>&#8211; R \/ MR \/ Alpha One Sterndrive (1983-1991)<\/p>\n<p>&#8211; R \/ MR \/ Alpha One Transom Assembly (1983-1991)<\/p>\n<p>&#8211; SSM II \/ III \/ IV \/ V (1982-1995) 4-tahtinen<\/p>\n<\/div>\n<p>Mercury Mariner per\u00e4moottori varaosat<\/p>\n","protected":false},"excerpt":{"rendered":"<p>Mercury\/Mariner 65-220hv siipipy\u00f6r\u00e4<\/p>\n<div>Mercury 65-225HP<\/div>\n<div>Mercruiser R\/MR\/Alpha One<\/div>\n<div><\/div>\n<div>Ulkohalkaisija: 60mm<\/div>\n<div>Leveys: 33mm<\/div>\n<div>Sis\u00e4halkaisija: 22mm<\/div>\n<p>Tuote on verkkokauppatuote. Kaikilla tuotteilla normaalisti 1-5pv toimitusaika<\/p>\n","protected":false},"featured_media":5670,"comment_status":"open","ping_status":"closed","template":"","meta":{"jetpack_post_was_ever_published":false,"jetpack_publicize_message":"","jetpack_publicize_feature_enabled":true,"jetpack_social_post_already_shared":true,"jetpack_social_options":{"image_generator_settings":{"template":"highway","default_image_id":0,"font":"","enabled":false},"version":2}},"product_brand":[],"product_cat":[574,571,844],"product_tag":[387,386,579,145],"class_list":{"0":"post-5668","1":"product","2":"type-product","3":"status-publish","4":"has-post-thumbnail","6":"product_cat-mercury_mariner_siipipyorat","7":"product_cat-peramoottorin_siipipyora","8":"product_cat-siipipyora_peramoottori","9":"product_tag-mariner","10":"product_tag-mercury","11":"product_tag-peramoottorin-siipipyora","12":"product_tag-siipipyora","13":"brand-seax","15":"first","16":"instock","17":"taxable","18":"shipping-taxable","19":"purchasable","20":"product-type-simple"},"yoast_head":"<!-- This site is optimized with the Yoast SEO plugin v27.3 - https:\/\/yoast.com\/product\/yoast-seo-wordpress\/ -->\n<title>Mercury\/Mariner 65-220hv siipipy\u00f6r\u00e4-varaosat-marine-parts-per\u00e4moottori<\/title>\n<meta name=\"description\" content=\"Mercury\/Mariner 65-220hv siipipy\u00f6r\u00e4. Mercury ja mariner per\u00e4moottorin varaosat.Venevaraosat.fi. \u201dse laadukkaiden venetarvikkeiden edullinen verkkokauppa\u201d\" \/>\n<meta name=\"robots\" content=\"index, follow, max-snippet:-1, max-image-preview:large, max-video-preview:-1\" \/>\n<link rel=\"canonical\" href=\"https:\/\/veneakselisto.com\/kauppa\/tuote\/mercury-mariner-65-220hv-siipipyora\/\" \/>\n<meta property=\"og:locale\" content=\"fi_FI\" \/>\n<meta property=\"og:type\" content=\"article\" \/>\n<meta property=\"og:title\" content=\"Mercury\/Mariner 65-220hv siipipy\u00f6r\u00e4-varaosat-marine-parts-per\u00e4moottori\" \/>\n<meta property=\"og:description\" content=\"Mercury\/Mariner 65-220hv siipipy\u00f6r\u00e4. Mercury ja mariner per\u00e4moottorin varaosat.Venevaraosat.fi. \u201dse laadukkaiden venetarvikkeiden edullinen verkkokauppa\u201d\" \/>\n<meta property=\"og:url\" content=\"https:\/\/veneakselisto.com\/kauppa\/tuote\/mercury-mariner-65-220hv-siipipyora\/\" \/>\n<meta property=\"og:site_name\" content=\"Veneakselisto.com - verkkokauppa\" \/>\n<meta property=\"article:publisher\" content=\"https:\/\/www.facebook.com\/AlaMikkula\/\" \/>\n<meta property=\"article:modified_time\" content=\"2024-08-31T20:35:44+00:00\" \/>\n<meta property=\"og:image\" content=\"https:\/\/veneakselisto.com\/kauppa\/wp-content\/uploads\/2019\/09\/45306.jpg\" \/>\n\t<meta property=\"og:image:width\" content=\"500\" \/>\n\t<meta property=\"og:image:height\" content=\"500\" \/>\n\t<meta property=\"og:image:type\" content=\"image\/jpeg\" \/>\n<meta name=\"twitter:card\" content=\"summary_large_image\" \/>\n<meta name=\"twitter:label1\" content=\"Arvioitu lukuaika\" \/>\n\t<meta name=\"twitter:data1\" content=\"4 minuuttia\" \/>\n<script type=\"application\/ld+json\" class=\"yoast-schema-graph\">{\"@context\":\"https:\\\/\\\/schema.org\",\"@graph\":[{\"@type\":\"WebPage\",\"@id\":\"https:\\\/\\\/veneakselisto.com\\\/kauppa\\\/tuote\\\/mercury-mariner-65-220hv-siipipyora\\\/\",\"url\":\"https:\\\/\\\/veneakselisto.com\\\/kauppa\\\/tuote\\\/mercury-mariner-65-220hv-siipipyora\\\/\",\"name\":\"Mercury\\\/Mariner 65-220hv siipipy\u00f6r\u00e4-varaosat-marine-parts-per\u00e4moottori\",\"isPartOf\":{\"@id\":\"https:\\\/\\\/veneakselisto.com\\\/kauppa\\\/#website\"},\"primaryImageOfPage\":{\"@id\":\"https:\\\/\\\/veneakselisto.com\\\/kauppa\\\/tuote\\\/mercury-mariner-65-220hv-siipipyora\\\/#primaryimage\"},\"image\":{\"@id\":\"https:\\\/\\\/veneakselisto.com\\\/kauppa\\\/tuote\\\/mercury-mariner-65-220hv-siipipyora\\\/#primaryimage\"},\"thumbnailUrl\":\"https:\\\/\\\/i0.wp.com\\\/veneakselisto.com\\\/kauppa\\\/wp-content\\\/uploads\\\/2019\\\/09\\\/45306.jpg?fit=500%2C500&ssl=1\",\"datePublished\":\"2019-09-30T19:32:41+00:00\",\"dateModified\":\"2024-08-31T20:35:44+00:00\",\"description\":\"Mercury\\\/Mariner 65-220hv siipipy\u00f6r\u00e4. Mercury ja mariner per\u00e4moottorin varaosat.Venevaraosat.fi. \u201dse laadukkaiden venetarvikkeiden edullinen verkkokauppa\u201d\",\"breadcrumb\":{\"@id\":\"https:\\\/\\\/veneakselisto.com\\\/kauppa\\\/tuote\\\/mercury-mariner-65-220hv-siipipyora\\\/#breadcrumb\"},\"inLanguage\":\"fi\",\"potentialAction\":[{\"@type\":\"ReadAction\",\"target\":[\"https:\\\/\\\/veneakselisto.com\\\/kauppa\\\/tuote\\\/mercury-mariner-65-220hv-siipipyora\\\/\"]}]},{\"@type\":\"ImageObject\",\"inLanguage\":\"fi\",\"@id\":\"https:\\\/\\\/veneakselisto.com\\\/kauppa\\\/tuote\\\/mercury-mariner-65-220hv-siipipyora\\\/#primaryimage\",\"url\":\"https:\\\/\\\/i0.wp.com\\\/veneakselisto.com\\\/kauppa\\\/wp-content\\\/uploads\\\/2019\\\/09\\\/45306.jpg?fit=500%2C500&ssl=1\",\"contentUrl\":\"https:\\\/\\\/i0.wp.com\\\/veneakselisto.com\\\/kauppa\\\/wp-content\\\/uploads\\\/2019\\\/09\\\/45306.jpg?fit=500%2C500&ssl=1\",\"width\":500,\"height\":500,\"caption\":\"Mercruisersiipipy\u00f6r\u00e4t toimittaa Veneakselisto.com\"},{\"@type\":\"BreadcrumbList\",\"@id\":\"https:\\\/\\\/veneakselisto.com\\\/kauppa\\\/tuote\\\/mercury-mariner-65-220hv-siipipyora\\\/#breadcrumb\",\"itemListElement\":[{\"@type\":\"ListItem\",\"position\":1,\"name\":\"Etusivu\",\"item\":\"https:\\\/\\\/veneakselisto.com\\\/kauppa\\\/\"},{\"@type\":\"ListItem\",\"position\":2,\"name\":\"Kauppa\",\"item\":\"https:\\\/\\\/veneakselisto.com\\\/kauppa\\\/\"},{\"@type\":\"ListItem\",\"position\":3,\"name\":\"Mercury\\\/Mariner 65-220hv siipipy\u00f6r\u00e4\"}]},{\"@type\":\"WebSite\",\"@id\":\"https:\\\/\\\/veneakselisto.com\\\/kauppa\\\/#website\",\"url\":\"https:\\\/\\\/veneakselisto.com\\\/kauppa\\\/\",\"name\":\"Veneakselisto.com - verkkokauppa\",\"description\":\"Venetarvikkeiden maahantuonti ja myynti\",\"publisher\":{\"@id\":\"https:\\\/\\\/veneakselisto.com\\\/kauppa\\\/#organization\"},\"potentialAction\":[{\"@type\":\"SearchAction\",\"target\":{\"@type\":\"EntryPoint\",\"urlTemplate\":\"https:\\\/\\\/veneakselisto.com\\\/kauppa\\\/?s={search_term_string}\"},\"query-input\":{\"@type\":\"PropertyValueSpecification\",\"valueRequired\":true,\"valueName\":\"search_term_string\"}}],\"inLanguage\":\"fi\"},{\"@type\":\"Organization\",\"@id\":\"https:\\\/\\\/veneakselisto.com\\\/kauppa\\\/#organization\",\"name\":\"Veneakselisto.com verkkokauppa\",\"url\":\"https:\\\/\\\/veneakselisto.com\\\/kauppa\\\/\",\"logo\":{\"@type\":\"ImageObject\",\"inLanguage\":\"fi\",\"@id\":\"https:\\\/\\\/veneakselisto.com\\\/kauppa\\\/#\\\/schema\\\/logo\\\/image\\\/\",\"url\":\"https:\\\/\\\/i2.wp.com\\\/veneakselisto.com\\\/kauppa\\\/wp-content\\\/uploads\\\/2016\\\/06\\\/fb_icon.jpg?fit=327%2C327&ssl=1\",\"contentUrl\":\"https:\\\/\\\/i2.wp.com\\\/veneakselisto.com\\\/kauppa\\\/wp-content\\\/uploads\\\/2016\\\/06\\\/fb_icon.jpg?fit=327%2C327&ssl=1\",\"width\":327,\"height\":327,\"caption\":\"Veneakselisto.com verkkokauppa\"},\"image\":{\"@id\":\"https:\\\/\\\/veneakselisto.com\\\/kauppa\\\/#\\\/schema\\\/logo\\\/image\\\/\"},\"sameAs\":[\"https:\\\/\\\/www.facebook.com\\\/AlaMikkula\\\/\"]}]}<\/script>\n<!-- \/ Yoast SEO plugin. -->","yoast_head_json":{"title":"Mercury\/Mariner 65-220hv siipipy\u00f6r\u00e4-varaosat-marine-parts-per\u00e4moottori","description":"Mercury\/Mariner 65-220hv siipipy\u00f6r\u00e4. Mercury ja mariner per\u00e4moottorin varaosat.Venevaraosat.fi. \u201dse laadukkaiden venetarvikkeiden edullinen verkkokauppa\u201d","robots":{"index":"index","follow":"follow","max-snippet":"max-snippet:-1","max-image-preview":"max-image-preview:large","max-video-preview":"max-video-preview:-1"},"canonical":"https:\/\/veneakselisto.com\/kauppa\/tuote\/mercury-mariner-65-220hv-siipipyora\/","og_locale":"fi_FI","og_type":"article","og_title":"Mercury\/Mariner 65-220hv siipipy\u00f6r\u00e4-varaosat-marine-parts-per\u00e4moottori","og_description":"Mercury\/Mariner 65-220hv siipipy\u00f6r\u00e4. Mercury ja mariner per\u00e4moottorin varaosat.Venevaraosat.fi. \u201dse laadukkaiden venetarvikkeiden edullinen verkkokauppa\u201d","og_url":"https:\/\/veneakselisto.com\/kauppa\/tuote\/mercury-mariner-65-220hv-siipipyora\/","og_site_name":"Veneakselisto.com - verkkokauppa","article_publisher":"https:\/\/www.facebook.com\/AlaMikkula\/","article_modified_time":"2024-08-31T20:35:44+00:00","og_image":[{"width":500,"height":500,"url":"https:\/\/veneakselisto.com\/kauppa\/wp-content\/uploads\/2019\/09\/45306.jpg","type":"image\/jpeg"}],"twitter_card":"summary_large_image","twitter_misc":{"Arvioitu lukuaika":"4 minuuttia"},"schema":{"@context":"https:\/\/schema.org","@graph":[{"@type":"WebPage","@id":"https:\/\/veneakselisto.com\/kauppa\/tuote\/mercury-mariner-65-220hv-siipipyora\/","url":"https:\/\/veneakselisto.com\/kauppa\/tuote\/mercury-mariner-65-220hv-siipipyora\/","name":"Mercury\/Mariner 65-220hv siipipy\u00f6r\u00e4-varaosat-marine-parts-per\u00e4moottori","isPartOf":{"@id":"https:\/\/veneakselisto.com\/kauppa\/#website"},"primaryImageOfPage":{"@id":"https:\/\/veneakselisto.com\/kauppa\/tuote\/mercury-mariner-65-220hv-siipipyora\/#primaryimage"},"image":{"@id":"https:\/\/veneakselisto.com\/kauppa\/tuote\/mercury-mariner-65-220hv-siipipyora\/#primaryimage"},"thumbnailUrl":"https:\/\/i0.wp.com\/veneakselisto.com\/kauppa\/wp-content\/uploads\/2019\/09\/45306.jpg?fit=500%2C500&ssl=1","datePublished":"2019-09-30T19:32:41+00:00","dateModified":"2024-08-31T20:35:44+00:00","description":"Mercury\/Mariner 65-220hv siipipy\u00f6r\u00e4. Mercury ja mariner per\u00e4moottorin varaosat.Venevaraosat.fi. \u201dse laadukkaiden venetarvikkeiden edullinen verkkokauppa\u201d","breadcrumb":{"@id":"https:\/\/veneakselisto.com\/kauppa\/tuote\/mercury-mariner-65-220hv-siipipyora\/#breadcrumb"},"inLanguage":"fi","potentialAction":[{"@type":"ReadAction","target":["https:\/\/veneakselisto.com\/kauppa\/tuote\/mercury-mariner-65-220hv-siipipyora\/"]}]},{"@type":"ImageObject","inLanguage":"fi","@id":"https:\/\/veneakselisto.com\/kauppa\/tuote\/mercury-mariner-65-220hv-siipipyora\/#primaryimage","url":"https:\/\/i0.wp.com\/veneakselisto.com\/kauppa\/wp-content\/uploads\/2019\/09\/45306.jpg?fit=500%2C500&ssl=1","contentUrl":"https:\/\/i0.wp.com\/veneakselisto.com\/kauppa\/wp-content\/uploads\/2019\/09\/45306.jpg?fit=500%2C500&ssl=1","width":500,"height":500,"caption":"Mercruisersiipipy\u00f6r\u00e4t toimittaa Veneakselisto.com"},{"@type":"BreadcrumbList","@id":"https:\/\/veneakselisto.com\/kauppa\/tuote\/mercury-mariner-65-220hv-siipipyora\/#breadcrumb","itemListElement":[{"@type":"ListItem","position":1,"name":"Etusivu","item":"https:\/\/veneakselisto.com\/kauppa\/"},{"@type":"ListItem","position":2,"name":"Kauppa","item":"https:\/\/veneakselisto.com\/kauppa\/"},{"@type":"ListItem","position":3,"name":"Mercury\/Mariner 65-220hv siipipy\u00f6r\u00e4"}]},{"@type":"WebSite","@id":"https:\/\/veneakselisto.com\/kauppa\/#website","url":"https:\/\/veneakselisto.com\/kauppa\/","name":"Veneakselisto.com - verkkokauppa","description":"Venetarvikkeiden maahantuonti ja myynti","publisher":{"@id":"https:\/\/veneakselisto.com\/kauppa\/#organization"},"potentialAction":[{"@type":"SearchAction","target":{"@type":"EntryPoint","urlTemplate":"https:\/\/veneakselisto.com\/kauppa\/?s={search_term_string}"},"query-input":{"@type":"PropertyValueSpecification","valueRequired":true,"valueName":"search_term_string"}}],"inLanguage":"fi"},{"@type":"Organization","@id":"https:\/\/veneakselisto.com\/kauppa\/#organization","name":"Veneakselisto.com verkkokauppa","url":"https:\/\/veneakselisto.com\/kauppa\/","logo":{"@type":"ImageObject","inLanguage":"fi","@id":"https:\/\/veneakselisto.com\/kauppa\/#\/schema\/logo\/image\/","url":"https:\/\/i2.wp.com\/veneakselisto.com\/kauppa\/wp-content\/uploads\/2016\/06\/fb_icon.jpg?fit=327%2C327&ssl=1","contentUrl":"https:\/\/i2.wp.com\/veneakselisto.com\/kauppa\/wp-content\/uploads\/2016\/06\/fb_icon.jpg?fit=327%2C327&ssl=1","width":327,"height":327,"caption":"Veneakselisto.com verkkokauppa"},"image":{"@id":"https:\/\/veneakselisto.com\/kauppa\/#\/schema\/logo\/image\/"},"sameAs":["https:\/\/www.facebook.com\/AlaMikkula\/"]}]}},"jetpack_publicize_connections":[],"jetpack_sharing_enabled":true,"_links":{"self":[{"href":"https:\/\/veneakselisto.com\/kauppa\/wp-json\/wp\/v2\/product\/5668","targetHints":{"allow":["GET"]}}],"collection":[{"href":"https:\/\/veneakselisto.com\/kauppa\/wp-json\/wp\/v2\/product"}],"about":[{"href":"https:\/\/veneakselisto.com\/kauppa\/wp-json\/wp\/v2\/types\/product"}],"replies":[{"embeddable":true,"href":"https:\/\/veneakselisto.com\/kauppa\/wp-json\/wp\/v2\/comments?post=5668"}],"wp:featuredmedia":[{"embeddable":true,"href":"https:\/\/veneakselisto.com\/kauppa\/wp-json\/wp\/v2\/media\/5670"}],"wp:attachment":[{"href":"https:\/\/veneakselisto.com\/kauppa\/wp-json\/wp\/v2\/media?parent=5668"}],"wp:term":[{"taxonomy":"product_brand","embeddable":true,"href":"https:\/\/veneakselisto.com\/kauppa\/wp-json\/wp\/v2\/product_brand?post=5668"},{"taxonomy":"product_cat","embeddable":true,"href":"https:\/\/veneakselisto.com\/kauppa\/wp-json\/wp\/v2\/product_cat?post=5668"},{"taxonomy":"product_tag","embeddable":true,"href":"https:\/\/veneakselisto.com\/kauppa\/wp-json\/wp\/v2\/product_tag?post=5668"}],"curies":[{"name":"wp","href":"https:\/\/api.w.org\/{rel}","templated":true}]}}