{"id":5653,"date":"2019-09-30T21:28:51","date_gmt":"2019-09-30T18:28:51","guid":{"rendered":"https:\/\/veneakselisto.com\/kauppa\/?post_type=product&#038;p=5653"},"modified":"2024-08-31T23:35:49","modified_gmt":"2024-08-31T20:35:49","slug":"mercury-mariner-6-15hv-siipipyora","status":"publish","type":"product","link":"https:\/\/veneakselisto.com\/kauppa\/tuote\/mercury-mariner-6-15hv-siipipyora\/","title":{"rendered":"Mercury\/Mariner 6-15hv siipipy\u00f6r\u00e4"},"content":{"rendered":"<div>Mercury\/Mariner 6-15hv siipipy\u00f6r\u00e4<\/div>\n<div><\/div>\n<div>6-15HP &#8211; 2-cyl (1986-2006)<\/div>\n<div><\/div>\n<div>Ulkohalkaisija: 59mm<\/div>\n<div>Leveys: 11mm<\/div>\n<div>Sis\u00e4halkaisija: 13mm<\/div>\n<div><\/div>\n<div>Mercury\/Mariner<\/div>\n<div>47-42038-2<\/div>\n<div>47-420381<\/div>\n<div>47-42038Q02<\/div>\n<div><\/div>\n<div>\n<p>&#8211; 6hp (2005-2006) 2-tahtinen 2-sylinterinen<\/p>\n<p>&#8211; 6hp 2-tahtinen (1986-2004) 2-sylinterinen<\/p>\n<p>&#8211; 8hp 1986-2006 2-tahtinen 2-sylinterinen<\/p>\n<p>&#8211; 8hp Bodensee 4-tahtinen Kansainv\u00e4linen (1995-2000) 2-sylinterinen<\/p>\n<p>&#8211; 8hp Bodensee International (1999-2005) 4-tahtinen 2-sylinterinen<\/p>\n<p>&#8211; 9,9 hv (1986-2006) 2 &amp; 4-tahtinen 2-sylinterinen<\/p>\n<p>&#8211; 9,9 hv 4-tahtinen (1995-2005) 2-sylinterinen<\/p>\n<p>&#8211; XR10 (1990-2003) 10hp &amp; 15hp 2-tahtinen 2-sylinterinen<\/p>\n<p>&#8211; 10 Magnum (1994-2004) 10hp &amp; 15hp 2-tahtinen 2-sylinterinen<\/p>\n<p>&#8211; 10hp Maraton (1994-2006) 2-tahtinen 2-sylinterinen<\/p>\n<p>&#8211; 10hp Sea Pro (1990-2019) 2-tahtinen 2-sylinterinen<\/p>\n<p>&#8211; 10hp Viking (2005-2006) 2-tahtinen 2-sylinterinen<\/p>\n<p>&#8211; 13,5 hp International (1999-2006) 4-tahtinen 2-sylinterinen<\/p>\n<p>&#8211; 15hp (1986-2006) 2 &amp; 4-tahtinen 2-sylinterinen<\/p>\n<p>&#8211; 15hp 4-tahtinen (1998-2019) 2-sylinterinen<\/p>\n<p>&#8211; 15hp Maraton (1994-2006) 2-tahtinen 2-sylinterinen<\/p>\n<p>&#8211; 15hp Sea Pro (1994-2006) 2-tahtinen 2-sylinterinen<\/p>\n<p>&#8211; 15hp Viking (2005-2006) 2-tahtinen 2-sylinterinen<\/p>\n<p>Chrysler Force US Marine:<\/p>\n<p>&#8211; 9,9 hv &amp; 15 hv (1998)2-tahtinen 2-sylinterinen (E288600 &#8211; E344999)<\/p>\n<p>&#8211; 9,9 hv &amp; 15 hv (1989) E &amp; D-mallit<\/p>\n<\/div>\n<div><\/div>\n<div>EMP: 47-03753<\/div>\n<div>GLM: 89451<\/div>\n<div>Mallory: 9-45309<\/div>\n<div>Sierra: 18-3062<\/div>\n","protected":false},"excerpt":{"rendered":"<div>Mercury\/Mariner 6-15hv siipipy\u00f6r\u00e4<\/div>\n<div><\/div>\n<div>6-15HP &#8211; 2-cyl (1986-2006)<\/div>\n<div><\/div>\n<div>Ulkohalkaisija: 59mm<\/div>\n<div>Leveys: 11mm<\/div>\n<div>Sis\u00e4halkaisija: 13mm<\/div>\n<p>Tuote on verkkokauppatuote. Kaikilla tuotteilla normaalisti 1-5pv toimitusaika<\/p>\n","protected":false},"featured_media":5666,"comment_status":"open","ping_status":"closed","template":"","meta":{"jetpack_post_was_ever_published":false,"jetpack_publicize_message":"","jetpack_publicize_feature_enabled":true,"jetpack_social_post_already_shared":true,"jetpack_social_options":{"image_generator_settings":{"template":"highway","default_image_id":0,"font":"","enabled":false},"version":2}},"product_brand":[],"product_cat":[574,571,844],"product_tag":[387,386,579,145],"class_list":{"0":"post-5653","1":"product","2":"type-product","3":"status-publish","4":"has-post-thumbnail","6":"product_cat-mercury_mariner_siipipyorat","7":"product_cat-peramoottorin_siipipyora","8":"product_cat-siipipyora_peramoottori","9":"product_tag-mariner","10":"product_tag-mercury","11":"product_tag-peramoottorin-siipipyora","12":"product_tag-siipipyora","13":"brand-seax","15":"first","16":"instock","17":"taxable","18":"shipping-taxable","19":"purchasable","20":"product-type-simple"},"yoast_head":"<!-- This site is optimized with the Yoast SEO plugin v27.3 - https:\/\/yoast.com\/product\/yoast-seo-wordpress\/ -->\n<title>Mercury\/Mariner 6-15hv siipipy\u00f6r\u00e4 - Veneakselisto.com<\/title>\n<meta name=\"description\" content=\"Mercury\/Mariner 6-15hv siipipy\u00f6r\u00e4. Per\u00e4moottoreiden siipipy\u00f6r\u00e4t edullisesti toimittaa veneakselisto.com. Venetarvikkeiden Maahantuonti ja Myynti.\" \/>\n<meta name=\"robots\" content=\"index, follow, max-snippet:-1, max-image-preview:large, max-video-preview:-1\" \/>\n<link rel=\"canonical\" href=\"https:\/\/veneakselisto.com\/kauppa\/tuote\/mercury-mariner-6-15hv-siipipyora\/\" \/>\n<meta property=\"og:locale\" content=\"fi_FI\" \/>\n<meta property=\"og:type\" content=\"article\" \/>\n<meta property=\"og:title\" content=\"Mercury\/Mariner 6-15hv siipipy\u00f6r\u00e4 - Veneakselisto.com\" \/>\n<meta property=\"og:description\" content=\"Mercury\/Mariner 6-15hv siipipy\u00f6r\u00e4. Per\u00e4moottoreiden siipipy\u00f6r\u00e4t edullisesti toimittaa veneakselisto.com. Venetarvikkeiden Maahantuonti ja Myynti.\" \/>\n<meta property=\"og:url\" content=\"https:\/\/veneakselisto.com\/kauppa\/tuote\/mercury-mariner-6-15hv-siipipyora\/\" \/>\n<meta property=\"og:site_name\" content=\"Veneakselisto.com - verkkokauppa\" \/>\n<meta property=\"article:publisher\" content=\"https:\/\/www.facebook.com\/AlaMikkula\/\" \/>\n<meta property=\"article:modified_time\" content=\"2024-08-31T20:35:49+00:00\" \/>\n<meta property=\"og:image\" content=\"https:\/\/veneakselisto.com\/kauppa\/wp-content\/uploads\/2019\/09\/45309.jpg\" \/>\n\t<meta property=\"og:image:width\" content=\"500\" \/>\n\t<meta property=\"og:image:height\" content=\"500\" \/>\n\t<meta property=\"og:image:type\" content=\"image\/jpeg\" \/>\n<meta name=\"twitter:card\" content=\"summary_large_image\" \/>\n<meta name=\"twitter:label1\" content=\"Arvioitu lukuaika\" \/>\n\t<meta name=\"twitter:data1\" content=\"1 minuutti\" \/>\n<script type=\"application\/ld+json\" class=\"yoast-schema-graph\">{\"@context\":\"https:\\\/\\\/schema.org\",\"@graph\":[{\"@type\":\"WebPage\",\"@id\":\"https:\\\/\\\/veneakselisto.com\\\/kauppa\\\/tuote\\\/mercury-mariner-6-15hv-siipipyora\\\/\",\"url\":\"https:\\\/\\\/veneakselisto.com\\\/kauppa\\\/tuote\\\/mercury-mariner-6-15hv-siipipyora\\\/\",\"name\":\"Mercury\\\/Mariner 6-15hv siipipy\u00f6r\u00e4 - Veneakselisto.com\",\"isPartOf\":{\"@id\":\"https:\\\/\\\/veneakselisto.com\\\/kauppa\\\/#website\"},\"primaryImageOfPage\":{\"@id\":\"https:\\\/\\\/veneakselisto.com\\\/kauppa\\\/tuote\\\/mercury-mariner-6-15hv-siipipyora\\\/#primaryimage\"},\"image\":{\"@id\":\"https:\\\/\\\/veneakselisto.com\\\/kauppa\\\/tuote\\\/mercury-mariner-6-15hv-siipipyora\\\/#primaryimage\"},\"thumbnailUrl\":\"https:\\\/\\\/i0.wp.com\\\/veneakselisto.com\\\/kauppa\\\/wp-content\\\/uploads\\\/2019\\\/09\\\/45309.jpg?fit=500%2C500&ssl=1\",\"datePublished\":\"2019-09-30T18:28:51+00:00\",\"dateModified\":\"2024-08-31T20:35:49+00:00\",\"description\":\"Mercury\\\/Mariner 6-15hv siipipy\u00f6r\u00e4. Per\u00e4moottoreiden siipipy\u00f6r\u00e4t edullisesti toimittaa veneakselisto.com. Venetarvikkeiden Maahantuonti ja Myynti.\",\"breadcrumb\":{\"@id\":\"https:\\\/\\\/veneakselisto.com\\\/kauppa\\\/tuote\\\/mercury-mariner-6-15hv-siipipyora\\\/#breadcrumb\"},\"inLanguage\":\"fi\",\"potentialAction\":[{\"@type\":\"ReadAction\",\"target\":[\"https:\\\/\\\/veneakselisto.com\\\/kauppa\\\/tuote\\\/mercury-mariner-6-15hv-siipipyora\\\/\"]}]},{\"@type\":\"ImageObject\",\"inLanguage\":\"fi\",\"@id\":\"https:\\\/\\\/veneakselisto.com\\\/kauppa\\\/tuote\\\/mercury-mariner-6-15hv-siipipyora\\\/#primaryimage\",\"url\":\"https:\\\/\\\/i0.wp.com\\\/veneakselisto.com\\\/kauppa\\\/wp-content\\\/uploads\\\/2019\\\/09\\\/45309.jpg?fit=500%2C500&ssl=1\",\"contentUrl\":\"https:\\\/\\\/i0.wp.com\\\/veneakselisto.com\\\/kauppa\\\/wp-content\\\/uploads\\\/2019\\\/09\\\/45309.jpg?fit=500%2C500&ssl=1\",\"width\":500,\"height\":500,\"caption\":\"Mercury\\\/Mariner siipipy\u00f6r\u00e4t toimittaa Veneakselisto.com\"},{\"@type\":\"BreadcrumbList\",\"@id\":\"https:\\\/\\\/veneakselisto.com\\\/kauppa\\\/tuote\\\/mercury-mariner-6-15hv-siipipyora\\\/#breadcrumb\",\"itemListElement\":[{\"@type\":\"ListItem\",\"position\":1,\"name\":\"Etusivu\",\"item\":\"https:\\\/\\\/veneakselisto.com\\\/kauppa\\\/\"},{\"@type\":\"ListItem\",\"position\":2,\"name\":\"Kauppa\",\"item\":\"https:\\\/\\\/veneakselisto.com\\\/kauppa\\\/\"},{\"@type\":\"ListItem\",\"position\":3,\"name\":\"Mercury\\\/Mariner 6-15hv siipipy\u00f6r\u00e4\"}]},{\"@type\":\"WebSite\",\"@id\":\"https:\\\/\\\/veneakselisto.com\\\/kauppa\\\/#website\",\"url\":\"https:\\\/\\\/veneakselisto.com\\\/kauppa\\\/\",\"name\":\"Veneakselisto.com - verkkokauppa\",\"description\":\"Venetarvikkeiden maahantuonti ja myynti\",\"publisher\":{\"@id\":\"https:\\\/\\\/veneakselisto.com\\\/kauppa\\\/#organization\"},\"potentialAction\":[{\"@type\":\"SearchAction\",\"target\":{\"@type\":\"EntryPoint\",\"urlTemplate\":\"https:\\\/\\\/veneakselisto.com\\\/kauppa\\\/?s={search_term_string}\"},\"query-input\":{\"@type\":\"PropertyValueSpecification\",\"valueRequired\":true,\"valueName\":\"search_term_string\"}}],\"inLanguage\":\"fi\"},{\"@type\":\"Organization\",\"@id\":\"https:\\\/\\\/veneakselisto.com\\\/kauppa\\\/#organization\",\"name\":\"Veneakselisto.com verkkokauppa\",\"url\":\"https:\\\/\\\/veneakselisto.com\\\/kauppa\\\/\",\"logo\":{\"@type\":\"ImageObject\",\"inLanguage\":\"fi\",\"@id\":\"https:\\\/\\\/veneakselisto.com\\\/kauppa\\\/#\\\/schema\\\/logo\\\/image\\\/\",\"url\":\"https:\\\/\\\/i2.wp.com\\\/veneakselisto.com\\\/kauppa\\\/wp-content\\\/uploads\\\/2016\\\/06\\\/fb_icon.jpg?fit=327%2C327&ssl=1\",\"contentUrl\":\"https:\\\/\\\/i2.wp.com\\\/veneakselisto.com\\\/kauppa\\\/wp-content\\\/uploads\\\/2016\\\/06\\\/fb_icon.jpg?fit=327%2C327&ssl=1\",\"width\":327,\"height\":327,\"caption\":\"Veneakselisto.com verkkokauppa\"},\"image\":{\"@id\":\"https:\\\/\\\/veneakselisto.com\\\/kauppa\\\/#\\\/schema\\\/logo\\\/image\\\/\"},\"sameAs\":[\"https:\\\/\\\/www.facebook.com\\\/AlaMikkula\\\/\"]}]}<\/script>\n<!-- \/ Yoast SEO plugin. -->","yoast_head_json":{"title":"Mercury\/Mariner 6-15hv siipipy\u00f6r\u00e4 - Veneakselisto.com","description":"Mercury\/Mariner 6-15hv siipipy\u00f6r\u00e4. Per\u00e4moottoreiden siipipy\u00f6r\u00e4t edullisesti toimittaa veneakselisto.com. Venetarvikkeiden Maahantuonti ja Myynti.","robots":{"index":"index","follow":"follow","max-snippet":"max-snippet:-1","max-image-preview":"max-image-preview:large","max-video-preview":"max-video-preview:-1"},"canonical":"https:\/\/veneakselisto.com\/kauppa\/tuote\/mercury-mariner-6-15hv-siipipyora\/","og_locale":"fi_FI","og_type":"article","og_title":"Mercury\/Mariner 6-15hv siipipy\u00f6r\u00e4 - Veneakselisto.com","og_description":"Mercury\/Mariner 6-15hv siipipy\u00f6r\u00e4. Per\u00e4moottoreiden siipipy\u00f6r\u00e4t edullisesti toimittaa veneakselisto.com. Venetarvikkeiden Maahantuonti ja Myynti.","og_url":"https:\/\/veneakselisto.com\/kauppa\/tuote\/mercury-mariner-6-15hv-siipipyora\/","og_site_name":"Veneakselisto.com - verkkokauppa","article_publisher":"https:\/\/www.facebook.com\/AlaMikkula\/","article_modified_time":"2024-08-31T20:35:49+00:00","og_image":[{"width":500,"height":500,"url":"https:\/\/veneakselisto.com\/kauppa\/wp-content\/uploads\/2019\/09\/45309.jpg","type":"image\/jpeg"}],"twitter_card":"summary_large_image","twitter_misc":{"Arvioitu lukuaika":"1 minuutti"},"schema":{"@context":"https:\/\/schema.org","@graph":[{"@type":"WebPage","@id":"https:\/\/veneakselisto.com\/kauppa\/tuote\/mercury-mariner-6-15hv-siipipyora\/","url":"https:\/\/veneakselisto.com\/kauppa\/tuote\/mercury-mariner-6-15hv-siipipyora\/","name":"Mercury\/Mariner 6-15hv siipipy\u00f6r\u00e4 - Veneakselisto.com","isPartOf":{"@id":"https:\/\/veneakselisto.com\/kauppa\/#website"},"primaryImageOfPage":{"@id":"https:\/\/veneakselisto.com\/kauppa\/tuote\/mercury-mariner-6-15hv-siipipyora\/#primaryimage"},"image":{"@id":"https:\/\/veneakselisto.com\/kauppa\/tuote\/mercury-mariner-6-15hv-siipipyora\/#primaryimage"},"thumbnailUrl":"https:\/\/i0.wp.com\/veneakselisto.com\/kauppa\/wp-content\/uploads\/2019\/09\/45309.jpg?fit=500%2C500&ssl=1","datePublished":"2019-09-30T18:28:51+00:00","dateModified":"2024-08-31T20:35:49+00:00","description":"Mercury\/Mariner 6-15hv siipipy\u00f6r\u00e4. Per\u00e4moottoreiden siipipy\u00f6r\u00e4t edullisesti toimittaa veneakselisto.com. Venetarvikkeiden Maahantuonti ja Myynti.","breadcrumb":{"@id":"https:\/\/veneakselisto.com\/kauppa\/tuote\/mercury-mariner-6-15hv-siipipyora\/#breadcrumb"},"inLanguage":"fi","potentialAction":[{"@type":"ReadAction","target":["https:\/\/veneakselisto.com\/kauppa\/tuote\/mercury-mariner-6-15hv-siipipyora\/"]}]},{"@type":"ImageObject","inLanguage":"fi","@id":"https:\/\/veneakselisto.com\/kauppa\/tuote\/mercury-mariner-6-15hv-siipipyora\/#primaryimage","url":"https:\/\/i0.wp.com\/veneakselisto.com\/kauppa\/wp-content\/uploads\/2019\/09\/45309.jpg?fit=500%2C500&ssl=1","contentUrl":"https:\/\/i0.wp.com\/veneakselisto.com\/kauppa\/wp-content\/uploads\/2019\/09\/45309.jpg?fit=500%2C500&ssl=1","width":500,"height":500,"caption":"Mercury\/Mariner siipipy\u00f6r\u00e4t toimittaa Veneakselisto.com"},{"@type":"BreadcrumbList","@id":"https:\/\/veneakselisto.com\/kauppa\/tuote\/mercury-mariner-6-15hv-siipipyora\/#breadcrumb","itemListElement":[{"@type":"ListItem","position":1,"name":"Etusivu","item":"https:\/\/veneakselisto.com\/kauppa\/"},{"@type":"ListItem","position":2,"name":"Kauppa","item":"https:\/\/veneakselisto.com\/kauppa\/"},{"@type":"ListItem","position":3,"name":"Mercury\/Mariner 6-15hv siipipy\u00f6r\u00e4"}]},{"@type":"WebSite","@id":"https:\/\/veneakselisto.com\/kauppa\/#website","url":"https:\/\/veneakselisto.com\/kauppa\/","name":"Veneakselisto.com - verkkokauppa","description":"Venetarvikkeiden maahantuonti ja myynti","publisher":{"@id":"https:\/\/veneakselisto.com\/kauppa\/#organization"},"potentialAction":[{"@type":"SearchAction","target":{"@type":"EntryPoint","urlTemplate":"https:\/\/veneakselisto.com\/kauppa\/?s={search_term_string}"},"query-input":{"@type":"PropertyValueSpecification","valueRequired":true,"valueName":"search_term_string"}}],"inLanguage":"fi"},{"@type":"Organization","@id":"https:\/\/veneakselisto.com\/kauppa\/#organization","name":"Veneakselisto.com verkkokauppa","url":"https:\/\/veneakselisto.com\/kauppa\/","logo":{"@type":"ImageObject","inLanguage":"fi","@id":"https:\/\/veneakselisto.com\/kauppa\/#\/schema\/logo\/image\/","url":"https:\/\/i2.wp.com\/veneakselisto.com\/kauppa\/wp-content\/uploads\/2016\/06\/fb_icon.jpg?fit=327%2C327&ssl=1","contentUrl":"https:\/\/i2.wp.com\/veneakselisto.com\/kauppa\/wp-content\/uploads\/2016\/06\/fb_icon.jpg?fit=327%2C327&ssl=1","width":327,"height":327,"caption":"Veneakselisto.com verkkokauppa"},"image":{"@id":"https:\/\/veneakselisto.com\/kauppa\/#\/schema\/logo\/image\/"},"sameAs":["https:\/\/www.facebook.com\/AlaMikkula\/"]}]}},"jetpack_publicize_connections":[],"jetpack_sharing_enabled":true,"_links":{"self":[{"href":"https:\/\/veneakselisto.com\/kauppa\/wp-json\/wp\/v2\/product\/5653","targetHints":{"allow":["GET"]}}],"collection":[{"href":"https:\/\/veneakselisto.com\/kauppa\/wp-json\/wp\/v2\/product"}],"about":[{"href":"https:\/\/veneakselisto.com\/kauppa\/wp-json\/wp\/v2\/types\/product"}],"replies":[{"embeddable":true,"href":"https:\/\/veneakselisto.com\/kauppa\/wp-json\/wp\/v2\/comments?post=5653"}],"wp:featuredmedia":[{"embeddable":true,"href":"https:\/\/veneakselisto.com\/kauppa\/wp-json\/wp\/v2\/media\/5666"}],"wp:attachment":[{"href":"https:\/\/veneakselisto.com\/kauppa\/wp-json\/wp\/v2\/media?parent=5653"}],"wp:term":[{"taxonomy":"product_brand","embeddable":true,"href":"https:\/\/veneakselisto.com\/kauppa\/wp-json\/wp\/v2\/product_brand?post=5653"},{"taxonomy":"product_cat","embeddable":true,"href":"https:\/\/veneakselisto.com\/kauppa\/wp-json\/wp\/v2\/product_cat?post=5653"},{"taxonomy":"product_tag","embeddable":true,"href":"https:\/\/veneakselisto.com\/kauppa\/wp-json\/wp\/v2\/product_tag?post=5653"}],"curies":[{"name":"wp","href":"https:\/\/api.w.org\/{rel}","templated":true}]}}