{"id":5562,"date":"2019-09-26T20:15:32","date_gmt":"2019-09-26T17:15:32","guid":{"rendered":"https:\/\/veneakselisto.com\/kauppa\/?post_type=product&#038;p=5562"},"modified":"2024-08-31T23:36:14","modified_gmt":"2024-08-31T20:36:14","slug":"honda-20-30hv-siipipyora-kopio","status":"publish","type":"product","link":"https:\/\/veneakselisto.com\/kauppa\/tuote\/honda-20-30hv-siipipyora-kopio\/","title":{"rendered":"Honda BF25-30hv siipipy\u00f6r\u00e4"},"content":{"rendered":"<p>Honda BF25-30hv siipipy\u00f6r\u00e4<\/p>\n<p>Valmista SeaX Marine Parts<\/p>\n<p>Sopivuus:<\/p>\n<p>&#8211; BF25 (1998-2006) 25hp 4-tahtinen 3-sylinterinen<\/p>\n<p>&#8211; BF30 (1998-2006) 30hp 4-tahtinen 3-sylinterinen<\/p>\n<p>Mitat:<\/p>\n<p>Ulkohalkaisija: 56mm<br \/>\nLeveys: 20mm<br \/>\nSis\u00e4halkaisija: 17mm<\/p>\n<p>Honda OEM:<br \/>\n19210-ZV7-003<\/p>\n<p>EMP: 47-09124<br \/>\nMallory: 9-45105<br \/>\nSierra: 18-3249<\/p>\n<p>Honda per\u00e4moottorin huolto-osat<\/p>\n","protected":false},"excerpt":{"rendered":"<p>Honda BF25-30hv siipipy\u00f6r\u00e4<\/p>\n<p>Valmista SeaX Marine Parts<\/p>\n<p>Sopivuus:<\/p>\n<p>&#8211; BF25 (1998-2006) 25hp 4-tahtinen 3-sylinterinen<\/p>\n<p>&#8211; BF30 (1998-2006) 30hp 4-tahtinen 3-sylinterinen<\/p>\n<p>Mitat:<\/p>\n<p>Ulkohalkaisija: 56mm<br \/>\nLeveys: 20mm<br \/>\nSis\u00e4halkaisija: 17mm<\/p>\n<p>Tuote on verkkokauppatuote. Kaikilla tuotteilla normaalisti 1-5pv toimitusaika<\/p>\n","protected":false},"featured_media":5568,"comment_status":"open","ping_status":"closed","template":"","meta":{"jetpack_post_was_ever_published":false,"jetpack_publicize_message":"","jetpack_publicize_feature_enabled":true,"jetpack_social_post_already_shared":true,"jetpack_social_options":{"image_generator_settings":{"template":"highway","default_image_id":0,"font":"","enabled":false},"version":2}},"product_brand":[],"product_cat":[572,571,844],"product_tag":[382,824,579,145],"class_list":{"0":"post-5562","1":"product","2":"type-product","3":"status-publish","4":"has-post-thumbnail","6":"product_cat-honda_siipipyora","7":"product_cat-peramoottorin_siipipyora","8":"product_cat-siipipyora_peramoottori","9":"product_tag-honda","10":"product_tag-honda-siipipyora","11":"product_tag-peramoottorin-siipipyora","12":"product_tag-siipipyora","13":"brand-sea-x","14":"brand-seax","16":"first","17":"instock","18":"taxable","19":"shipping-taxable","20":"purchasable","21":"product-type-simple"},"yoast_head":"<!-- This site is optimized with the Yoast SEO plugin v27.3 - https:\/\/yoast.com\/product\/yoast-seo-wordpress\/ -->\n<title>Honda BF25-30hv siipipy\u00f6r\u00e4-venevaraosat.fi-Verkkokauppa<\/title>\n<meta name=\"description\" content=\"Honda BF25-30hv siipipy\u00f6r\u00e4. Per\u00e4moottori Honda siipipy\u00f6r\u00e4t edullisesti toimittaa veneakselisto.com. Venetarvikkeiden Maahantuonti ja Myynti.\" \/>\n<meta name=\"robots\" content=\"index, follow, max-snippet:-1, max-image-preview:large, max-video-preview:-1\" \/>\n<link rel=\"canonical\" href=\"https:\/\/veneakselisto.com\/kauppa\/tuote\/honda-20-30hv-siipipyora-kopio\/\" \/>\n<meta property=\"og:locale\" content=\"fi_FI\" \/>\n<meta property=\"og:type\" content=\"article\" \/>\n<meta property=\"og:title\" content=\"Honda BF25-30hv siipipy\u00f6r\u00e4-venevaraosat.fi-Verkkokauppa\" \/>\n<meta property=\"og:description\" content=\"Honda BF25-30hv siipipy\u00f6r\u00e4. Per\u00e4moottori Honda siipipy\u00f6r\u00e4t edullisesti toimittaa veneakselisto.com. Venetarvikkeiden Maahantuonti ja Myynti.\" \/>\n<meta property=\"og:url\" content=\"https:\/\/veneakselisto.com\/kauppa\/tuote\/honda-20-30hv-siipipyora-kopio\/\" \/>\n<meta property=\"og:site_name\" content=\"Veneakselisto.com - verkkokauppa\" \/>\n<meta property=\"article:publisher\" content=\"https:\/\/www.facebook.com\/AlaMikkula\/\" \/>\n<meta property=\"article:modified_time\" content=\"2024-08-31T20:36:14+00:00\" \/>\n<meta property=\"og:image\" content=\"https:\/\/veneakselisto.com\/kauppa\/wp-content\/uploads\/2019\/09\/45105.jpg\" \/>\n\t<meta property=\"og:image:width\" content=\"500\" \/>\n\t<meta property=\"og:image:height\" content=\"500\" \/>\n\t<meta property=\"og:image:type\" content=\"image\/jpeg\" \/>\n<meta name=\"twitter:card\" content=\"summary_large_image\" \/>\n<meta name=\"twitter:label1\" content=\"Arvioitu lukuaika\" \/>\n\t<meta name=\"twitter:data1\" content=\"1 minuutti\" \/>\n<script type=\"application\/ld+json\" class=\"yoast-schema-graph\">{\"@context\":\"https:\\\/\\\/schema.org\",\"@graph\":[{\"@type\":\"WebPage\",\"@id\":\"https:\\\/\\\/veneakselisto.com\\\/kauppa\\\/tuote\\\/honda-20-30hv-siipipyora-kopio\\\/\",\"url\":\"https:\\\/\\\/veneakselisto.com\\\/kauppa\\\/tuote\\\/honda-20-30hv-siipipyora-kopio\\\/\",\"name\":\"Honda BF25-30hv siipipy\u00f6r\u00e4-venevaraosat.fi-Verkkokauppa\",\"isPartOf\":{\"@id\":\"https:\\\/\\\/veneakselisto.com\\\/kauppa\\\/#website\"},\"primaryImageOfPage\":{\"@id\":\"https:\\\/\\\/veneakselisto.com\\\/kauppa\\\/tuote\\\/honda-20-30hv-siipipyora-kopio\\\/#primaryimage\"},\"image\":{\"@id\":\"https:\\\/\\\/veneakselisto.com\\\/kauppa\\\/tuote\\\/honda-20-30hv-siipipyora-kopio\\\/#primaryimage\"},\"thumbnailUrl\":\"https:\\\/\\\/i0.wp.com\\\/veneakselisto.com\\\/kauppa\\\/wp-content\\\/uploads\\\/2019\\\/09\\\/45105.jpg?fit=500%2C500&ssl=1\",\"datePublished\":\"2019-09-26T17:15:32+00:00\",\"dateModified\":\"2024-08-31T20:36:14+00:00\",\"description\":\"Honda BF25-30hv siipipy\u00f6r\u00e4. Per\u00e4moottori Honda siipipy\u00f6r\u00e4t edullisesti toimittaa veneakselisto.com. Venetarvikkeiden Maahantuonti ja Myynti.\",\"breadcrumb\":{\"@id\":\"https:\\\/\\\/veneakselisto.com\\\/kauppa\\\/tuote\\\/honda-20-30hv-siipipyora-kopio\\\/#breadcrumb\"},\"inLanguage\":\"fi\",\"potentialAction\":[{\"@type\":\"ReadAction\",\"target\":[\"https:\\\/\\\/veneakselisto.com\\\/kauppa\\\/tuote\\\/honda-20-30hv-siipipyora-kopio\\\/\"]}]},{\"@type\":\"ImageObject\",\"inLanguage\":\"fi\",\"@id\":\"https:\\\/\\\/veneakselisto.com\\\/kauppa\\\/tuote\\\/honda-20-30hv-siipipyora-kopio\\\/#primaryimage\",\"url\":\"https:\\\/\\\/i0.wp.com\\\/veneakselisto.com\\\/kauppa\\\/wp-content\\\/uploads\\\/2019\\\/09\\\/45105.jpg?fit=500%2C500&ssl=1\",\"contentUrl\":\"https:\\\/\\\/i0.wp.com\\\/veneakselisto.com\\\/kauppa\\\/wp-content\\\/uploads\\\/2019\\\/09\\\/45105.jpg?fit=500%2C500&ssl=1\",\"width\":500,\"height\":500,\"caption\":\"Honda siipipy\u00f6r\u00e4t toimittaa Veneakselisto.com. Venetarvikkeiden maahantuonti ja myynti\"},{\"@type\":\"BreadcrumbList\",\"@id\":\"https:\\\/\\\/veneakselisto.com\\\/kauppa\\\/tuote\\\/honda-20-30hv-siipipyora-kopio\\\/#breadcrumb\",\"itemListElement\":[{\"@type\":\"ListItem\",\"position\":1,\"name\":\"Etusivu\",\"item\":\"https:\\\/\\\/veneakselisto.com\\\/kauppa\\\/\"},{\"@type\":\"ListItem\",\"position\":2,\"name\":\"Kauppa\",\"item\":\"https:\\\/\\\/veneakselisto.com\\\/kauppa\\\/\"},{\"@type\":\"ListItem\",\"position\":3,\"name\":\"Honda BF25-30hv siipipy\u00f6r\u00e4\"}]},{\"@type\":\"WebSite\",\"@id\":\"https:\\\/\\\/veneakselisto.com\\\/kauppa\\\/#website\",\"url\":\"https:\\\/\\\/veneakselisto.com\\\/kauppa\\\/\",\"name\":\"Veneakselisto.com - verkkokauppa\",\"description\":\"Venetarvikkeiden maahantuonti ja myynti\",\"publisher\":{\"@id\":\"https:\\\/\\\/veneakselisto.com\\\/kauppa\\\/#organization\"},\"potentialAction\":[{\"@type\":\"SearchAction\",\"target\":{\"@type\":\"EntryPoint\",\"urlTemplate\":\"https:\\\/\\\/veneakselisto.com\\\/kauppa\\\/?s={search_term_string}\"},\"query-input\":{\"@type\":\"PropertyValueSpecification\",\"valueRequired\":true,\"valueName\":\"search_term_string\"}}],\"inLanguage\":\"fi\"},{\"@type\":\"Organization\",\"@id\":\"https:\\\/\\\/veneakselisto.com\\\/kauppa\\\/#organization\",\"name\":\"Veneakselisto.com verkkokauppa\",\"url\":\"https:\\\/\\\/veneakselisto.com\\\/kauppa\\\/\",\"logo\":{\"@type\":\"ImageObject\",\"inLanguage\":\"fi\",\"@id\":\"https:\\\/\\\/veneakselisto.com\\\/kauppa\\\/#\\\/schema\\\/logo\\\/image\\\/\",\"url\":\"https:\\\/\\\/i2.wp.com\\\/veneakselisto.com\\\/kauppa\\\/wp-content\\\/uploads\\\/2016\\\/06\\\/fb_icon.jpg?fit=327%2C327&ssl=1\",\"contentUrl\":\"https:\\\/\\\/i2.wp.com\\\/veneakselisto.com\\\/kauppa\\\/wp-content\\\/uploads\\\/2016\\\/06\\\/fb_icon.jpg?fit=327%2C327&ssl=1\",\"width\":327,\"height\":327,\"caption\":\"Veneakselisto.com verkkokauppa\"},\"image\":{\"@id\":\"https:\\\/\\\/veneakselisto.com\\\/kauppa\\\/#\\\/schema\\\/logo\\\/image\\\/\"},\"sameAs\":[\"https:\\\/\\\/www.facebook.com\\\/AlaMikkula\\\/\"]}]}<\/script>\n<!-- \/ Yoast SEO plugin. -->","yoast_head_json":{"title":"Honda BF25-30hv siipipy\u00f6r\u00e4-venevaraosat.fi-Verkkokauppa","description":"Honda BF25-30hv siipipy\u00f6r\u00e4. Per\u00e4moottori Honda siipipy\u00f6r\u00e4t edullisesti toimittaa veneakselisto.com. Venetarvikkeiden Maahantuonti ja Myynti.","robots":{"index":"index","follow":"follow","max-snippet":"max-snippet:-1","max-image-preview":"max-image-preview:large","max-video-preview":"max-video-preview:-1"},"canonical":"https:\/\/veneakselisto.com\/kauppa\/tuote\/honda-20-30hv-siipipyora-kopio\/","og_locale":"fi_FI","og_type":"article","og_title":"Honda BF25-30hv siipipy\u00f6r\u00e4-venevaraosat.fi-Verkkokauppa","og_description":"Honda BF25-30hv siipipy\u00f6r\u00e4. Per\u00e4moottori Honda siipipy\u00f6r\u00e4t edullisesti toimittaa veneakselisto.com. Venetarvikkeiden Maahantuonti ja Myynti.","og_url":"https:\/\/veneakselisto.com\/kauppa\/tuote\/honda-20-30hv-siipipyora-kopio\/","og_site_name":"Veneakselisto.com - verkkokauppa","article_publisher":"https:\/\/www.facebook.com\/AlaMikkula\/","article_modified_time":"2024-08-31T20:36:14+00:00","og_image":[{"width":500,"height":500,"url":"https:\/\/veneakselisto.com\/kauppa\/wp-content\/uploads\/2019\/09\/45105.jpg","type":"image\/jpeg"}],"twitter_card":"summary_large_image","twitter_misc":{"Arvioitu lukuaika":"1 minuutti"},"schema":{"@context":"https:\/\/schema.org","@graph":[{"@type":"WebPage","@id":"https:\/\/veneakselisto.com\/kauppa\/tuote\/honda-20-30hv-siipipyora-kopio\/","url":"https:\/\/veneakselisto.com\/kauppa\/tuote\/honda-20-30hv-siipipyora-kopio\/","name":"Honda BF25-30hv siipipy\u00f6r\u00e4-venevaraosat.fi-Verkkokauppa","isPartOf":{"@id":"https:\/\/veneakselisto.com\/kauppa\/#website"},"primaryImageOfPage":{"@id":"https:\/\/veneakselisto.com\/kauppa\/tuote\/honda-20-30hv-siipipyora-kopio\/#primaryimage"},"image":{"@id":"https:\/\/veneakselisto.com\/kauppa\/tuote\/honda-20-30hv-siipipyora-kopio\/#primaryimage"},"thumbnailUrl":"https:\/\/i0.wp.com\/veneakselisto.com\/kauppa\/wp-content\/uploads\/2019\/09\/45105.jpg?fit=500%2C500&ssl=1","datePublished":"2019-09-26T17:15:32+00:00","dateModified":"2024-08-31T20:36:14+00:00","description":"Honda BF25-30hv siipipy\u00f6r\u00e4. Per\u00e4moottori Honda siipipy\u00f6r\u00e4t edullisesti toimittaa veneakselisto.com. Venetarvikkeiden Maahantuonti ja Myynti.","breadcrumb":{"@id":"https:\/\/veneakselisto.com\/kauppa\/tuote\/honda-20-30hv-siipipyora-kopio\/#breadcrumb"},"inLanguage":"fi","potentialAction":[{"@type":"ReadAction","target":["https:\/\/veneakselisto.com\/kauppa\/tuote\/honda-20-30hv-siipipyora-kopio\/"]}]},{"@type":"ImageObject","inLanguage":"fi","@id":"https:\/\/veneakselisto.com\/kauppa\/tuote\/honda-20-30hv-siipipyora-kopio\/#primaryimage","url":"https:\/\/i0.wp.com\/veneakselisto.com\/kauppa\/wp-content\/uploads\/2019\/09\/45105.jpg?fit=500%2C500&ssl=1","contentUrl":"https:\/\/i0.wp.com\/veneakselisto.com\/kauppa\/wp-content\/uploads\/2019\/09\/45105.jpg?fit=500%2C500&ssl=1","width":500,"height":500,"caption":"Honda siipipy\u00f6r\u00e4t toimittaa Veneakselisto.com. Venetarvikkeiden maahantuonti ja myynti"},{"@type":"BreadcrumbList","@id":"https:\/\/veneakselisto.com\/kauppa\/tuote\/honda-20-30hv-siipipyora-kopio\/#breadcrumb","itemListElement":[{"@type":"ListItem","position":1,"name":"Etusivu","item":"https:\/\/veneakselisto.com\/kauppa\/"},{"@type":"ListItem","position":2,"name":"Kauppa","item":"https:\/\/veneakselisto.com\/kauppa\/"},{"@type":"ListItem","position":3,"name":"Honda BF25-30hv siipipy\u00f6r\u00e4"}]},{"@type":"WebSite","@id":"https:\/\/veneakselisto.com\/kauppa\/#website","url":"https:\/\/veneakselisto.com\/kauppa\/","name":"Veneakselisto.com - verkkokauppa","description":"Venetarvikkeiden maahantuonti ja myynti","publisher":{"@id":"https:\/\/veneakselisto.com\/kauppa\/#organization"},"potentialAction":[{"@type":"SearchAction","target":{"@type":"EntryPoint","urlTemplate":"https:\/\/veneakselisto.com\/kauppa\/?s={search_term_string}"},"query-input":{"@type":"PropertyValueSpecification","valueRequired":true,"valueName":"search_term_string"}}],"inLanguage":"fi"},{"@type":"Organization","@id":"https:\/\/veneakselisto.com\/kauppa\/#organization","name":"Veneakselisto.com verkkokauppa","url":"https:\/\/veneakselisto.com\/kauppa\/","logo":{"@type":"ImageObject","inLanguage":"fi","@id":"https:\/\/veneakselisto.com\/kauppa\/#\/schema\/logo\/image\/","url":"https:\/\/i2.wp.com\/veneakselisto.com\/kauppa\/wp-content\/uploads\/2016\/06\/fb_icon.jpg?fit=327%2C327&ssl=1","contentUrl":"https:\/\/i2.wp.com\/veneakselisto.com\/kauppa\/wp-content\/uploads\/2016\/06\/fb_icon.jpg?fit=327%2C327&ssl=1","width":327,"height":327,"caption":"Veneakselisto.com verkkokauppa"},"image":{"@id":"https:\/\/veneakselisto.com\/kauppa\/#\/schema\/logo\/image\/"},"sameAs":["https:\/\/www.facebook.com\/AlaMikkula\/"]}]}},"jetpack_publicize_connections":[],"jetpack_sharing_enabled":true,"_links":{"self":[{"href":"https:\/\/veneakselisto.com\/kauppa\/wp-json\/wp\/v2\/product\/5562","targetHints":{"allow":["GET"]}}],"collection":[{"href":"https:\/\/veneakselisto.com\/kauppa\/wp-json\/wp\/v2\/product"}],"about":[{"href":"https:\/\/veneakselisto.com\/kauppa\/wp-json\/wp\/v2\/types\/product"}],"replies":[{"embeddable":true,"href":"https:\/\/veneakselisto.com\/kauppa\/wp-json\/wp\/v2\/comments?post=5562"}],"wp:featuredmedia":[{"embeddable":true,"href":"https:\/\/veneakselisto.com\/kauppa\/wp-json\/wp\/v2\/media\/5568"}],"wp:attachment":[{"href":"https:\/\/veneakselisto.com\/kauppa\/wp-json\/wp\/v2\/media?parent=5562"}],"wp:term":[{"taxonomy":"product_brand","embeddable":true,"href":"https:\/\/veneakselisto.com\/kauppa\/wp-json\/wp\/v2\/product_brand?post=5562"},{"taxonomy":"product_cat","embeddable":true,"href":"https:\/\/veneakselisto.com\/kauppa\/wp-json\/wp\/v2\/product_cat?post=5562"},{"taxonomy":"product_tag","embeddable":true,"href":"https:\/\/veneakselisto.com\/kauppa\/wp-json\/wp\/v2\/product_tag?post=5562"}],"curies":[{"name":"wp","href":"https:\/\/api.w.org\/{rel}","templated":true}]}}