{"id":556,"date":"2016-03-11T15:46:35","date_gmt":"2016-03-11T13:46:35","guid":{"rendered":"http:\/\/veneakselisto.com\/kauppa\/tuote\/pakokaasun-lampohalytin-xh-24v-kermanvarinen\/"},"modified":"2024-11-18T14:47:21","modified_gmt":"2024-11-18T12:47:21","slug":"pakokaasun-lampohalytin-xh-24v-kermanvarinen","status":"publish","type":"product","link":"https:\/\/veneakselisto.com\/kauppa\/tuote\/pakokaasun-lampohalytin-xh-24v-kermanvarinen\/","title":{"rendered":"Pakokaasun l\u00e4mp\u00f6h\u00e4lytin XH  24v, kermanv\u00e4rinen"},"content":{"rendered":"<div class=\"wpb-content-wrapper\"><p>[vc_row][vc_column][vc_column_text]Malli: XHI24W<br \/>\nK\u00e4ytt\u00f6j\u00e4nnite: 24V<br \/>\nV\u00e4ri:\u00a0Kermanv\u00e4rinen[\/vc_column_text][\/vc_column][\/vc_row][vc_row][vc_column][vc_column_text]J\u00e4\u00e4hdytysveden tulo saattaa esity\u00e4 esim. pohjasihdin tukoksen tai siipipy\u00f6r\u00e4n rikkoutumisen vuoksi. L\u00e4mp\u00f6tila pakoletkussa nousee huomattavasti nopeammin, kuin moottorissa ja siksi siin\u00e4 vaiheessa, kun moottori h\u00e4lyytt\u00e4\u00e4 ylikuumenemisesta, saattaa olla jo liian my\u00f6h\u00e4ist\u00e4. Vetus l\u00e4mp\u00f6tilah\u00e4lytin h\u00e4lytt\u00e4\u00e4, mik\u00e4li pakokaasun l\u00e4mp\u00f6tila ylitt\u00e4\u00e4 raja-arvon (n. 72\u00b0C). H\u00e4lytin varoittaa summerilla ja valolla. Anturi asennetaan joko pakoletkuun (XHSH) tai \u00e4\u00e4nenvaimentimeen (XHSM).[\/vc_column_text][\/vc_column][\/vc_row]<\/p>\n<\/div>","protected":false},"excerpt":{"rendered":"<p>Malli: XHI24W<br \/>\nK\u00e4ytt\u00f6j\u00e4nnite: 24V<br \/>\nV\u00e4ri:\u00a0Kermanv\u00e4rinen<\/p>\n","protected":false},"featured_media":553,"comment_status":"open","ping_status":"closed","template":"","meta":{"jetpack_post_was_ever_published":false,"jetpack_publicize_message":"","jetpack_publicize_feature_enabled":true,"jetpack_social_post_already_shared":true,"jetpack_social_options":{"image_generator_settings":{"template":"highway","default_image_id":0,"font":"","enabled":false},"version":2}},"product_brand":[],"product_cat":[174,1095,37,1091,470],"product_tag":[179,178,177],"class_list":{"0":"post-556","1":"product","2":"type-product","3":"status-publish","4":"has-post-thumbnail","6":"product_cat-pakoputkisto-tarvikkeet","7":"product_cat-veneen-pakoputkisto-tarvikkeet-vetus","8":"product_cat-pakoputkistot-ja-tarvikkeet","9":"product_cat-veneen-pakoputkisto-vetus","10":"product_cat-vetus_vetus-venetarvikkeet_venetarvikeiden-maahantuonti-ja-myynti","11":"product_tag-24v","12":"product_tag-halytin","13":"product_tag-pakoputkisto","14":"brand-vetus","16":"first","17":"onbackorder","18":"taxable","19":"shipping-taxable","20":"purchasable","21":"product-type-simple"},"yoast_head":"<!-- This site is optimized with the Yoast SEO plugin v27.3 - https:\/\/yoast.com\/product\/yoast-seo-wordpress\/ -->\n<title>Pakokaasun l\u00e4mp\u00f6h\u00e4lytin XH 24v kermanv\u00e4rinen - Veneakselisto.com<\/title>\n<meta name=\"description\" content=\"Pakokaasun l\u00e4mp\u00f6h\u00e4lytin XH 24v, kermanv\u00e4rinen. Tuotteen toimittaa aina edullinen Veneakselisto.com - Venetarvikkeiden maahantuonti ja myynti.\" \/>\n<meta name=\"robots\" content=\"index, follow, max-snippet:-1, max-image-preview:large, max-video-preview:-1\" \/>\n<link rel=\"canonical\" href=\"https:\/\/veneakselisto.com\/kauppa\/tuote\/pakokaasun-lampohalytin-xh-24v-kermanvarinen\/\" \/>\n<meta property=\"og:locale\" content=\"fi_FI\" \/>\n<meta property=\"og:type\" content=\"article\" \/>\n<meta property=\"og:title\" content=\"Pakokaasun l\u00e4mp\u00f6h\u00e4lytin XH 24v kermanv\u00e4rinen - Veneakselisto.com\" \/>\n<meta property=\"og:description\" content=\"Pakokaasun l\u00e4mp\u00f6h\u00e4lytin XH 24v, kermanv\u00e4rinen. Tuotteen toimittaa aina edullinen Veneakselisto.com - Venetarvikkeiden maahantuonti ja myynti.\" \/>\n<meta property=\"og:url\" content=\"https:\/\/veneakselisto.com\/kauppa\/tuote\/pakokaasun-lampohalytin-xh-24v-kermanvarinen\/\" \/>\n<meta property=\"og:site_name\" content=\"Veneakselisto.com - verkkokauppa\" \/>\n<meta property=\"article:publisher\" content=\"https:\/\/www.facebook.com\/AlaMikkula\/\" \/>\n<meta property=\"article:modified_time\" content=\"2024-11-18T12:47:21+00:00\" \/>\n<meta property=\"og:image\" content=\"https:\/\/veneakselisto.com\/kauppa\/wp-content\/uploads\/2016\/03\/XHI12W.jpg\" \/>\n\t<meta property=\"og:image:width\" content=\"600\" \/>\n\t<meta property=\"og:image:height\" content=\"600\" \/>\n\t<meta property=\"og:image:type\" content=\"image\/jpeg\" \/>\n<meta name=\"twitter:card\" content=\"summary_large_image\" \/>\n<meta name=\"twitter:label1\" content=\"Arvioitu lukuaika\" \/>\n\t<meta name=\"twitter:data1\" content=\"1 minuutti\" \/>\n<script type=\"application\/ld+json\" class=\"yoast-schema-graph\">{\"@context\":\"https:\\\/\\\/schema.org\",\"@graph\":[{\"@type\":\"WebPage\",\"@id\":\"https:\\\/\\\/veneakselisto.com\\\/kauppa\\\/tuote\\\/pakokaasun-lampohalytin-xh-24v-kermanvarinen\\\/\",\"url\":\"https:\\\/\\\/veneakselisto.com\\\/kauppa\\\/tuote\\\/pakokaasun-lampohalytin-xh-24v-kermanvarinen\\\/\",\"name\":\"Pakokaasun l\u00e4mp\u00f6h\u00e4lytin XH 24v kermanv\u00e4rinen - Veneakselisto.com\",\"isPartOf\":{\"@id\":\"https:\\\/\\\/veneakselisto.com\\\/kauppa\\\/#website\"},\"primaryImageOfPage\":{\"@id\":\"https:\\\/\\\/veneakselisto.com\\\/kauppa\\\/tuote\\\/pakokaasun-lampohalytin-xh-24v-kermanvarinen\\\/#primaryimage\"},\"image\":{\"@id\":\"https:\\\/\\\/veneakselisto.com\\\/kauppa\\\/tuote\\\/pakokaasun-lampohalytin-xh-24v-kermanvarinen\\\/#primaryimage\"},\"thumbnailUrl\":\"https:\\\/\\\/i0.wp.com\\\/veneakselisto.com\\\/kauppa\\\/wp-content\\\/uploads\\\/2016\\\/03\\\/XHI12W.jpg?fit=600%2C600&ssl=1\",\"datePublished\":\"2016-03-11T13:46:35+00:00\",\"dateModified\":\"2024-11-18T12:47:21+00:00\",\"description\":\"Pakokaasun l\u00e4mp\u00f6h\u00e4lytin XH 24v, kermanv\u00e4rinen. Tuotteen toimittaa aina edullinen Veneakselisto.com - Venetarvikkeiden maahantuonti ja myynti.\",\"breadcrumb\":{\"@id\":\"https:\\\/\\\/veneakselisto.com\\\/kauppa\\\/tuote\\\/pakokaasun-lampohalytin-xh-24v-kermanvarinen\\\/#breadcrumb\"},\"inLanguage\":\"fi\",\"potentialAction\":[{\"@type\":\"ReadAction\",\"target\":[\"https:\\\/\\\/veneakselisto.com\\\/kauppa\\\/tuote\\\/pakokaasun-lampohalytin-xh-24v-kermanvarinen\\\/\"]}]},{\"@type\":\"ImageObject\",\"inLanguage\":\"fi\",\"@id\":\"https:\\\/\\\/veneakselisto.com\\\/kauppa\\\/tuote\\\/pakokaasun-lampohalytin-xh-24v-kermanvarinen\\\/#primaryimage\",\"url\":\"https:\\\/\\\/i0.wp.com\\\/veneakselisto.com\\\/kauppa\\\/wp-content\\\/uploads\\\/2016\\\/03\\\/XHI12W.jpg?fit=600%2C600&ssl=1\",\"contentUrl\":\"https:\\\/\\\/i0.wp.com\\\/veneakselisto.com\\\/kauppa\\\/wp-content\\\/uploads\\\/2016\\\/03\\\/XHI12W.jpg?fit=600%2C600&ssl=1\",\"width\":600,\"height\":600,\"caption\":\"Pakokaasun l\u00e4mp\u00f6h\u00e4lytin XHI - veneakselisto.com verkkokaupasta\"},{\"@type\":\"BreadcrumbList\",\"@id\":\"https:\\\/\\\/veneakselisto.com\\\/kauppa\\\/tuote\\\/pakokaasun-lampohalytin-xh-24v-kermanvarinen\\\/#breadcrumb\",\"itemListElement\":[{\"@type\":\"ListItem\",\"position\":1,\"name\":\"Etusivu\",\"item\":\"https:\\\/\\\/veneakselisto.com\\\/kauppa\\\/\"},{\"@type\":\"ListItem\",\"position\":2,\"name\":\"Kauppa\",\"item\":\"https:\\\/\\\/veneakselisto.com\\\/kauppa\\\/\"},{\"@type\":\"ListItem\",\"position\":3,\"name\":\"Pakokaasun l\u00e4mp\u00f6h\u00e4lytin XH 24v, kermanv\u00e4rinen\"}]},{\"@type\":\"WebSite\",\"@id\":\"https:\\\/\\\/veneakselisto.com\\\/kauppa\\\/#website\",\"url\":\"https:\\\/\\\/veneakselisto.com\\\/kauppa\\\/\",\"name\":\"Veneakselisto.com - verkkokauppa\",\"description\":\"Venetarvikkeiden maahantuonti ja myynti\",\"publisher\":{\"@id\":\"https:\\\/\\\/veneakselisto.com\\\/kauppa\\\/#organization\"},\"potentialAction\":[{\"@type\":\"SearchAction\",\"target\":{\"@type\":\"EntryPoint\",\"urlTemplate\":\"https:\\\/\\\/veneakselisto.com\\\/kauppa\\\/?s={search_term_string}\"},\"query-input\":{\"@type\":\"PropertyValueSpecification\",\"valueRequired\":true,\"valueName\":\"search_term_string\"}}],\"inLanguage\":\"fi\"},{\"@type\":\"Organization\",\"@id\":\"https:\\\/\\\/veneakselisto.com\\\/kauppa\\\/#organization\",\"name\":\"Veneakselisto.com verkkokauppa\",\"url\":\"https:\\\/\\\/veneakselisto.com\\\/kauppa\\\/\",\"logo\":{\"@type\":\"ImageObject\",\"inLanguage\":\"fi\",\"@id\":\"https:\\\/\\\/veneakselisto.com\\\/kauppa\\\/#\\\/schema\\\/logo\\\/image\\\/\",\"url\":\"https:\\\/\\\/i2.wp.com\\\/veneakselisto.com\\\/kauppa\\\/wp-content\\\/uploads\\\/2016\\\/06\\\/fb_icon.jpg?fit=327%2C327&ssl=1\",\"contentUrl\":\"https:\\\/\\\/i2.wp.com\\\/veneakselisto.com\\\/kauppa\\\/wp-content\\\/uploads\\\/2016\\\/06\\\/fb_icon.jpg?fit=327%2C327&ssl=1\",\"width\":327,\"height\":327,\"caption\":\"Veneakselisto.com verkkokauppa\"},\"image\":{\"@id\":\"https:\\\/\\\/veneakselisto.com\\\/kauppa\\\/#\\\/schema\\\/logo\\\/image\\\/\"},\"sameAs\":[\"https:\\\/\\\/www.facebook.com\\\/AlaMikkula\\\/\"]}]}<\/script>\n<!-- \/ Yoast SEO plugin. -->","yoast_head_json":{"title":"Pakokaasun l\u00e4mp\u00f6h\u00e4lytin XH 24v kermanv\u00e4rinen - Veneakselisto.com","description":"Pakokaasun l\u00e4mp\u00f6h\u00e4lytin XH 24v, kermanv\u00e4rinen. Tuotteen toimittaa aina edullinen Veneakselisto.com - Venetarvikkeiden maahantuonti ja myynti.","robots":{"index":"index","follow":"follow","max-snippet":"max-snippet:-1","max-image-preview":"max-image-preview:large","max-video-preview":"max-video-preview:-1"},"canonical":"https:\/\/veneakselisto.com\/kauppa\/tuote\/pakokaasun-lampohalytin-xh-24v-kermanvarinen\/","og_locale":"fi_FI","og_type":"article","og_title":"Pakokaasun l\u00e4mp\u00f6h\u00e4lytin XH 24v kermanv\u00e4rinen - Veneakselisto.com","og_description":"Pakokaasun l\u00e4mp\u00f6h\u00e4lytin XH 24v, kermanv\u00e4rinen. Tuotteen toimittaa aina edullinen Veneakselisto.com - Venetarvikkeiden maahantuonti ja myynti.","og_url":"https:\/\/veneakselisto.com\/kauppa\/tuote\/pakokaasun-lampohalytin-xh-24v-kermanvarinen\/","og_site_name":"Veneakselisto.com - verkkokauppa","article_publisher":"https:\/\/www.facebook.com\/AlaMikkula\/","article_modified_time":"2024-11-18T12:47:21+00:00","og_image":[{"width":600,"height":600,"url":"https:\/\/veneakselisto.com\/kauppa\/wp-content\/uploads\/2016\/03\/XHI12W.jpg","type":"image\/jpeg"}],"twitter_card":"summary_large_image","twitter_misc":{"Arvioitu lukuaika":"1 minuutti"},"schema":{"@context":"https:\/\/schema.org","@graph":[{"@type":"WebPage","@id":"https:\/\/veneakselisto.com\/kauppa\/tuote\/pakokaasun-lampohalytin-xh-24v-kermanvarinen\/","url":"https:\/\/veneakselisto.com\/kauppa\/tuote\/pakokaasun-lampohalytin-xh-24v-kermanvarinen\/","name":"Pakokaasun l\u00e4mp\u00f6h\u00e4lytin XH 24v kermanv\u00e4rinen - Veneakselisto.com","isPartOf":{"@id":"https:\/\/veneakselisto.com\/kauppa\/#website"},"primaryImageOfPage":{"@id":"https:\/\/veneakselisto.com\/kauppa\/tuote\/pakokaasun-lampohalytin-xh-24v-kermanvarinen\/#primaryimage"},"image":{"@id":"https:\/\/veneakselisto.com\/kauppa\/tuote\/pakokaasun-lampohalytin-xh-24v-kermanvarinen\/#primaryimage"},"thumbnailUrl":"https:\/\/i0.wp.com\/veneakselisto.com\/kauppa\/wp-content\/uploads\/2016\/03\/XHI12W.jpg?fit=600%2C600&ssl=1","datePublished":"2016-03-11T13:46:35+00:00","dateModified":"2024-11-18T12:47:21+00:00","description":"Pakokaasun l\u00e4mp\u00f6h\u00e4lytin XH 24v, kermanv\u00e4rinen. Tuotteen toimittaa aina edullinen Veneakselisto.com - Venetarvikkeiden maahantuonti ja myynti.","breadcrumb":{"@id":"https:\/\/veneakselisto.com\/kauppa\/tuote\/pakokaasun-lampohalytin-xh-24v-kermanvarinen\/#breadcrumb"},"inLanguage":"fi","potentialAction":[{"@type":"ReadAction","target":["https:\/\/veneakselisto.com\/kauppa\/tuote\/pakokaasun-lampohalytin-xh-24v-kermanvarinen\/"]}]},{"@type":"ImageObject","inLanguage":"fi","@id":"https:\/\/veneakselisto.com\/kauppa\/tuote\/pakokaasun-lampohalytin-xh-24v-kermanvarinen\/#primaryimage","url":"https:\/\/i0.wp.com\/veneakselisto.com\/kauppa\/wp-content\/uploads\/2016\/03\/XHI12W.jpg?fit=600%2C600&ssl=1","contentUrl":"https:\/\/i0.wp.com\/veneakselisto.com\/kauppa\/wp-content\/uploads\/2016\/03\/XHI12W.jpg?fit=600%2C600&ssl=1","width":600,"height":600,"caption":"Pakokaasun l\u00e4mp\u00f6h\u00e4lytin XHI - veneakselisto.com verkkokaupasta"},{"@type":"BreadcrumbList","@id":"https:\/\/veneakselisto.com\/kauppa\/tuote\/pakokaasun-lampohalytin-xh-24v-kermanvarinen\/#breadcrumb","itemListElement":[{"@type":"ListItem","position":1,"name":"Etusivu","item":"https:\/\/veneakselisto.com\/kauppa\/"},{"@type":"ListItem","position":2,"name":"Kauppa","item":"https:\/\/veneakselisto.com\/kauppa\/"},{"@type":"ListItem","position":3,"name":"Pakokaasun l\u00e4mp\u00f6h\u00e4lytin XH 24v, kermanv\u00e4rinen"}]},{"@type":"WebSite","@id":"https:\/\/veneakselisto.com\/kauppa\/#website","url":"https:\/\/veneakselisto.com\/kauppa\/","name":"Veneakselisto.com - verkkokauppa","description":"Venetarvikkeiden maahantuonti ja myynti","publisher":{"@id":"https:\/\/veneakselisto.com\/kauppa\/#organization"},"potentialAction":[{"@type":"SearchAction","target":{"@type":"EntryPoint","urlTemplate":"https:\/\/veneakselisto.com\/kauppa\/?s={search_term_string}"},"query-input":{"@type":"PropertyValueSpecification","valueRequired":true,"valueName":"search_term_string"}}],"inLanguage":"fi"},{"@type":"Organization","@id":"https:\/\/veneakselisto.com\/kauppa\/#organization","name":"Veneakselisto.com verkkokauppa","url":"https:\/\/veneakselisto.com\/kauppa\/","logo":{"@type":"ImageObject","inLanguage":"fi","@id":"https:\/\/veneakselisto.com\/kauppa\/#\/schema\/logo\/image\/","url":"https:\/\/i2.wp.com\/veneakselisto.com\/kauppa\/wp-content\/uploads\/2016\/06\/fb_icon.jpg?fit=327%2C327&ssl=1","contentUrl":"https:\/\/i2.wp.com\/veneakselisto.com\/kauppa\/wp-content\/uploads\/2016\/06\/fb_icon.jpg?fit=327%2C327&ssl=1","width":327,"height":327,"caption":"Veneakselisto.com verkkokauppa"},"image":{"@id":"https:\/\/veneakselisto.com\/kauppa\/#\/schema\/logo\/image\/"},"sameAs":["https:\/\/www.facebook.com\/AlaMikkula\/"]}]}},"jetpack_publicize_connections":[],"jetpack_sharing_enabled":true,"_links":{"self":[{"href":"https:\/\/veneakselisto.com\/kauppa\/wp-json\/wp\/v2\/product\/556","targetHints":{"allow":["GET"]}}],"collection":[{"href":"https:\/\/veneakselisto.com\/kauppa\/wp-json\/wp\/v2\/product"}],"about":[{"href":"https:\/\/veneakselisto.com\/kauppa\/wp-json\/wp\/v2\/types\/product"}],"replies":[{"embeddable":true,"href":"https:\/\/veneakselisto.com\/kauppa\/wp-json\/wp\/v2\/comments?post=556"}],"wp:featuredmedia":[{"embeddable":true,"href":"https:\/\/veneakselisto.com\/kauppa\/wp-json\/wp\/v2\/media\/553"}],"wp:attachment":[{"href":"https:\/\/veneakselisto.com\/kauppa\/wp-json\/wp\/v2\/media?parent=556"}],"wp:term":[{"taxonomy":"product_brand","embeddable":true,"href":"https:\/\/veneakselisto.com\/kauppa\/wp-json\/wp\/v2\/product_brand?post=556"},{"taxonomy":"product_cat","embeddable":true,"href":"https:\/\/veneakselisto.com\/kauppa\/wp-json\/wp\/v2\/product_cat?post=556"},{"taxonomy":"product_tag","embeddable":true,"href":"https:\/\/veneakselisto.com\/kauppa\/wp-json\/wp\/v2\/product_tag?post=556"}],"curies":[{"name":"wp","href":"https:\/\/api.w.org\/{rel}","templated":true}]}}