{"id":543,"date":"2016-03-11T14:49:51","date_gmt":"2016-03-11T12:49:51","guid":{"rendered":"http:\/\/veneakselisto.com\/kauppa\/?post_type=product&#038;p=543"},"modified":"2025-04-19T12:57:54","modified_gmt":"2025-04-19T09:57:54","slug":"asdh-laponestoventtiili-huohotinletkulla","status":"publish","type":"product","link":"https:\/\/veneakselisto.com\/kauppa\/tuote\/asdh-laponestoventtiili-huohotinletkulla\/","title":{"rendered":"ASDH Laponestoventtiili huohotinletkulla"},"content":{"rendered":"<div class=\"wpb-content-wrapper\"><p>[vc_row][vc_column][vc_column_text]ASDH Laponestoventtiili huohotinletkulla<\/p>\n<p>Malli: ASDH<br \/>\nSis\u00e4lt\u00e4\u00e4 4m letkun, l\u00e4piviennin ja liittimet<\/p>\n<p>Lappoventtiili[\/vc_column_text][\/vc_column][\/vc_row][vc_row][vc_column][vc_column_text]Sopii k\u00e4ytett\u00e4v\u00e4ksi 13mm, 19mm, 25mm ja 32mm letkuille.<\/p>\n<p>Mik\u00e4li moottorin pakok\u00e4yr\u00e4 sijaitsee alle 15cm vesirajan yl\u00e4puolella, on moottorin sammutettaessa vaara, ett\u00e4 lappoilmi\u00f6 aiheuttaa j\u00e4\u00e4hdytysveden p\u00e4\u00e4syn moottoriin. Lappoilmi\u00f6 voidaan est\u00e4\u00e4 asentamalla Vetus laponestoventtiili j\u00e4\u00e4hdytysvesiletkuun, v\u00e4hint\u00e4\u00e4n 40cm vesilinjan yl\u00e4puolelle.<\/p>\n<p>Est\u00e4 veden paluu koneeseen<\/p>\n<p>Asennus vesirajan yl\u00e4- tai alapuolelle<br \/>\nMoottorin pakok\u00e4yr\u00e4n sijainnilla vesilinjaan n\u00e4hden on suuri merkitys.<br \/>\nMik\u00e4li pakok\u00e4yr\u00e4 sijaitsee v\u00e4hint\u00e4\u00e4n 15 cm vesilinjan yl\u00e4puolella voidaan raakavesi liitt\u00e4\u00e4 suoraan pakok\u00e4yr\u00e4\u00e4n. Jos taas<br \/>\npoistokohta sijaitsee alle 15 cm vesilinjasta on mahdollista ett\u00e4 koneeseen p\u00e4\u00e4see vett\u00e4 lappoilmi\u00f6n seurauksena. Lappoilmi\u00f6<br \/>\nvoidaan ehk\u00e4ist\u00e4 asentamalla erillinen VETUS-laponestoventtiili letkulla (1) tai venttiilill\u00e4 (2)<\/p>\n<p><a href=\"http:\/\/www.vetus.com\/media\/magentominds\/sasdocument\/20121106232449_0.pdf\" target=\"_blank\" rel=\"noopener noreferrer\">Tekniset tiedot\u00a0(EN, NL, DE, FR, ES, IT)<\/a>[\/vc_column_text][\/vc_column][\/vc_row]<\/p>\n<\/div>","protected":false},"excerpt":{"rendered":"<p>ASDH Laponestoventtiili huohotinletkulla<\/p>\n<p>Malli: ASDH<br \/>\nSis\u00e4lt\u00e4\u00e4 4m letkun, l\u00e4piviennin ja liittimen<\/p>\n<p>Sopii k\u00e4ytett\u00e4v\u00e4ksi 13mm, 19mm, 25mm ja 32mm letkuille.<\/p>\n","protected":false},"featured_media":546,"comment_status":"open","ping_status":"closed","template":"","meta":{"jetpack_post_was_ever_published":false,"jetpack_publicize_message":"","jetpack_publicize_feature_enabled":true,"jetpack_social_post_already_shared":true,"jetpack_social_options":{"image_generator_settings":{"template":"highway","default_image_id":0,"font":"","enabled":false},"version":2}},"product_brand":[],"product_cat":[1098,42,1096,41,174,1095,470],"product_tag":[175,176,1128],"class_list":{"0":"post-543","1":"product","2":"type-product","3":"status-publish","4":"has-post-thumbnail","6":"product_cat-merivesiletku-lappoventtiili-vetus","7":"product_cat-laponestoventtiilit","8":"product_cat-merimoottorin-jaahdytys","9":"product_cat-moottorinjaahdytys","10":"product_cat-pakoputkisto-tarvikkeet","11":"product_cat-veneen-pakoputkisto-tarvikkeet-vetus","12":"product_cat-vetus_vetus-venetarvikkeet_venetarvikeiden-maahantuonti-ja-myynti","13":"product_tag-jaahdytys","14":"product_tag-laponesto","15":"product_tag-lappoventtiili","16":"brand-vetus","18":"first","19":"instock","20":"sale","21":"taxable","22":"shipping-taxable","23":"purchasable","24":"product-type-simple"},"yoast_head":"<!-- This site is optimized with the Yoast SEO plugin v27.3 - https:\/\/yoast.com\/product\/yoast-seo-wordpress\/ -->\n<title>ASDH Laponestoventtiili huohotinletkulla - Veneakselisto.com-lappoventtiili<\/title>\n<meta name=\"description\" content=\"ASDH Laponestoventtiili huohotinletkulla. Tuotteen toimittaa aina edullinen Veneakselisto.com - Venetarvikkeiden maahantuonti ja myynti.\" \/>\n<meta name=\"robots\" content=\"index, follow, max-snippet:-1, max-image-preview:large, max-video-preview:-1\" \/>\n<link rel=\"canonical\" href=\"https:\/\/veneakselisto.com\/kauppa\/tuote\/asdh-laponestoventtiili-huohotinletkulla\/\" \/>\n<meta property=\"og:locale\" content=\"fi_FI\" \/>\n<meta property=\"og:type\" content=\"article\" \/>\n<meta property=\"og:title\" content=\"ASDH Laponestoventtiili huohotinletkulla - Veneakselisto.com-lappoventtiili\" \/>\n<meta property=\"og:description\" content=\"ASDH Laponestoventtiili huohotinletkulla. Tuotteen toimittaa aina edullinen Veneakselisto.com - Venetarvikkeiden maahantuonti ja myynti.\" \/>\n<meta property=\"og:url\" content=\"https:\/\/veneakselisto.com\/kauppa\/tuote\/asdh-laponestoventtiili-huohotinletkulla\/\" \/>\n<meta property=\"og:site_name\" content=\"Veneakselisto.com - verkkokauppa\" \/>\n<meta property=\"article:publisher\" content=\"https:\/\/www.facebook.com\/AlaMikkula\/\" \/>\n<meta property=\"article:modified_time\" content=\"2025-04-19T09:57:54+00:00\" \/>\n<meta property=\"og:image\" content=\"https:\/\/veneakselisto.com\/kauppa\/wp-content\/uploads\/2016\/03\/asdh.jpg\" \/>\n\t<meta property=\"og:image:width\" content=\"700\" \/>\n\t<meta property=\"og:image:height\" content=\"700\" \/>\n\t<meta property=\"og:image:type\" content=\"image\/jpeg\" \/>\n<meta name=\"twitter:card\" content=\"summary_large_image\" \/>\n<meta name=\"twitter:label1\" content=\"Arvioitu lukuaika\" \/>\n\t<meta name=\"twitter:data1\" content=\"1 minuutti\" \/>\n<script type=\"application\/ld+json\" class=\"yoast-schema-graph\">{\"@context\":\"https:\\\/\\\/schema.org\",\"@graph\":[{\"@type\":\"WebPage\",\"@id\":\"https:\\\/\\\/veneakselisto.com\\\/kauppa\\\/tuote\\\/asdh-laponestoventtiili-huohotinletkulla\\\/\",\"url\":\"https:\\\/\\\/veneakselisto.com\\\/kauppa\\\/tuote\\\/asdh-laponestoventtiili-huohotinletkulla\\\/\",\"name\":\"ASDH Laponestoventtiili huohotinletkulla - Veneakselisto.com-lappoventtiili\",\"isPartOf\":{\"@id\":\"https:\\\/\\\/veneakselisto.com\\\/kauppa\\\/#website\"},\"primaryImageOfPage\":{\"@id\":\"https:\\\/\\\/veneakselisto.com\\\/kauppa\\\/tuote\\\/asdh-laponestoventtiili-huohotinletkulla\\\/#primaryimage\"},\"image\":{\"@id\":\"https:\\\/\\\/veneakselisto.com\\\/kauppa\\\/tuote\\\/asdh-laponestoventtiili-huohotinletkulla\\\/#primaryimage\"},\"thumbnailUrl\":\"https:\\\/\\\/i0.wp.com\\\/veneakselisto.com\\\/kauppa\\\/wp-content\\\/uploads\\\/2016\\\/03\\\/asdh.jpg?fit=700%2C700&ssl=1\",\"datePublished\":\"2016-03-11T12:49:51+00:00\",\"dateModified\":\"2025-04-19T09:57:54+00:00\",\"description\":\"ASDH Laponestoventtiili huohotinletkulla. Tuotteen toimittaa aina edullinen Veneakselisto.com - Venetarvikkeiden maahantuonti ja myynti.\",\"breadcrumb\":{\"@id\":\"https:\\\/\\\/veneakselisto.com\\\/kauppa\\\/tuote\\\/asdh-laponestoventtiili-huohotinletkulla\\\/#breadcrumb\"},\"inLanguage\":\"fi\",\"potentialAction\":[{\"@type\":\"ReadAction\",\"target\":[\"https:\\\/\\\/veneakselisto.com\\\/kauppa\\\/tuote\\\/asdh-laponestoventtiili-huohotinletkulla\\\/\"]}]},{\"@type\":\"ImageObject\",\"inLanguage\":\"fi\",\"@id\":\"https:\\\/\\\/veneakselisto.com\\\/kauppa\\\/tuote\\\/asdh-laponestoventtiili-huohotinletkulla\\\/#primaryimage\",\"url\":\"https:\\\/\\\/i0.wp.com\\\/veneakselisto.com\\\/kauppa\\\/wp-content\\\/uploads\\\/2016\\\/03\\\/asdh.jpg?fit=700%2C700&ssl=1\",\"contentUrl\":\"https:\\\/\\\/i0.wp.com\\\/veneakselisto.com\\\/kauppa\\\/wp-content\\\/uploads\\\/2016\\\/03\\\/asdh.jpg?fit=700%2C700&ssl=1\",\"width\":700,\"height\":700,\"caption\":\"Vetus ASDH lappoventtiili - veneakselisto.com verkkokaupasta\"},{\"@type\":\"BreadcrumbList\",\"@id\":\"https:\\\/\\\/veneakselisto.com\\\/kauppa\\\/tuote\\\/asdh-laponestoventtiili-huohotinletkulla\\\/#breadcrumb\",\"itemListElement\":[{\"@type\":\"ListItem\",\"position\":1,\"name\":\"Etusivu\",\"item\":\"https:\\\/\\\/veneakselisto.com\\\/kauppa\\\/\"},{\"@type\":\"ListItem\",\"position\":2,\"name\":\"Kauppa\",\"item\":\"https:\\\/\\\/veneakselisto.com\\\/kauppa\\\/\"},{\"@type\":\"ListItem\",\"position\":3,\"name\":\"ASDH Laponestoventtiili huohotinletkulla\"}]},{\"@type\":\"WebSite\",\"@id\":\"https:\\\/\\\/veneakselisto.com\\\/kauppa\\\/#website\",\"url\":\"https:\\\/\\\/veneakselisto.com\\\/kauppa\\\/\",\"name\":\"Veneakselisto.com - verkkokauppa\",\"description\":\"Venetarvikkeiden maahantuonti ja myynti\",\"publisher\":{\"@id\":\"https:\\\/\\\/veneakselisto.com\\\/kauppa\\\/#organization\"},\"potentialAction\":[{\"@type\":\"SearchAction\",\"target\":{\"@type\":\"EntryPoint\",\"urlTemplate\":\"https:\\\/\\\/veneakselisto.com\\\/kauppa\\\/?s={search_term_string}\"},\"query-input\":{\"@type\":\"PropertyValueSpecification\",\"valueRequired\":true,\"valueName\":\"search_term_string\"}}],\"inLanguage\":\"fi\"},{\"@type\":\"Organization\",\"@id\":\"https:\\\/\\\/veneakselisto.com\\\/kauppa\\\/#organization\",\"name\":\"Veneakselisto.com verkkokauppa\",\"url\":\"https:\\\/\\\/veneakselisto.com\\\/kauppa\\\/\",\"logo\":{\"@type\":\"ImageObject\",\"inLanguage\":\"fi\",\"@id\":\"https:\\\/\\\/veneakselisto.com\\\/kauppa\\\/#\\\/schema\\\/logo\\\/image\\\/\",\"url\":\"https:\\\/\\\/i2.wp.com\\\/veneakselisto.com\\\/kauppa\\\/wp-content\\\/uploads\\\/2016\\\/06\\\/fb_icon.jpg?fit=327%2C327&ssl=1\",\"contentUrl\":\"https:\\\/\\\/i2.wp.com\\\/veneakselisto.com\\\/kauppa\\\/wp-content\\\/uploads\\\/2016\\\/06\\\/fb_icon.jpg?fit=327%2C327&ssl=1\",\"width\":327,\"height\":327,\"caption\":\"Veneakselisto.com verkkokauppa\"},\"image\":{\"@id\":\"https:\\\/\\\/veneakselisto.com\\\/kauppa\\\/#\\\/schema\\\/logo\\\/image\\\/\"},\"sameAs\":[\"https:\\\/\\\/www.facebook.com\\\/AlaMikkula\\\/\"]}]}<\/script>\n<!-- \/ Yoast SEO plugin. -->","yoast_head_json":{"title":"ASDH Laponestoventtiili huohotinletkulla - Veneakselisto.com-lappoventtiili","description":"ASDH Laponestoventtiili huohotinletkulla. Tuotteen toimittaa aina edullinen Veneakselisto.com - Venetarvikkeiden maahantuonti ja myynti.","robots":{"index":"index","follow":"follow","max-snippet":"max-snippet:-1","max-image-preview":"max-image-preview:large","max-video-preview":"max-video-preview:-1"},"canonical":"https:\/\/veneakselisto.com\/kauppa\/tuote\/asdh-laponestoventtiili-huohotinletkulla\/","og_locale":"fi_FI","og_type":"article","og_title":"ASDH Laponestoventtiili huohotinletkulla - Veneakselisto.com-lappoventtiili","og_description":"ASDH Laponestoventtiili huohotinletkulla. Tuotteen toimittaa aina edullinen Veneakselisto.com - Venetarvikkeiden maahantuonti ja myynti.","og_url":"https:\/\/veneakselisto.com\/kauppa\/tuote\/asdh-laponestoventtiili-huohotinletkulla\/","og_site_name":"Veneakselisto.com - verkkokauppa","article_publisher":"https:\/\/www.facebook.com\/AlaMikkula\/","article_modified_time":"2025-04-19T09:57:54+00:00","og_image":[{"width":700,"height":700,"url":"https:\/\/veneakselisto.com\/kauppa\/wp-content\/uploads\/2016\/03\/asdh.jpg","type":"image\/jpeg"}],"twitter_card":"summary_large_image","twitter_misc":{"Arvioitu lukuaika":"1 minuutti"},"schema":{"@context":"https:\/\/schema.org","@graph":[{"@type":"WebPage","@id":"https:\/\/veneakselisto.com\/kauppa\/tuote\/asdh-laponestoventtiili-huohotinletkulla\/","url":"https:\/\/veneakselisto.com\/kauppa\/tuote\/asdh-laponestoventtiili-huohotinletkulla\/","name":"ASDH Laponestoventtiili huohotinletkulla - Veneakselisto.com-lappoventtiili","isPartOf":{"@id":"https:\/\/veneakselisto.com\/kauppa\/#website"},"primaryImageOfPage":{"@id":"https:\/\/veneakselisto.com\/kauppa\/tuote\/asdh-laponestoventtiili-huohotinletkulla\/#primaryimage"},"image":{"@id":"https:\/\/veneakselisto.com\/kauppa\/tuote\/asdh-laponestoventtiili-huohotinletkulla\/#primaryimage"},"thumbnailUrl":"https:\/\/i0.wp.com\/veneakselisto.com\/kauppa\/wp-content\/uploads\/2016\/03\/asdh.jpg?fit=700%2C700&ssl=1","datePublished":"2016-03-11T12:49:51+00:00","dateModified":"2025-04-19T09:57:54+00:00","description":"ASDH Laponestoventtiili huohotinletkulla. Tuotteen toimittaa aina edullinen Veneakselisto.com - Venetarvikkeiden maahantuonti ja myynti.","breadcrumb":{"@id":"https:\/\/veneakselisto.com\/kauppa\/tuote\/asdh-laponestoventtiili-huohotinletkulla\/#breadcrumb"},"inLanguage":"fi","potentialAction":[{"@type":"ReadAction","target":["https:\/\/veneakselisto.com\/kauppa\/tuote\/asdh-laponestoventtiili-huohotinletkulla\/"]}]},{"@type":"ImageObject","inLanguage":"fi","@id":"https:\/\/veneakselisto.com\/kauppa\/tuote\/asdh-laponestoventtiili-huohotinletkulla\/#primaryimage","url":"https:\/\/i0.wp.com\/veneakselisto.com\/kauppa\/wp-content\/uploads\/2016\/03\/asdh.jpg?fit=700%2C700&ssl=1","contentUrl":"https:\/\/i0.wp.com\/veneakselisto.com\/kauppa\/wp-content\/uploads\/2016\/03\/asdh.jpg?fit=700%2C700&ssl=1","width":700,"height":700,"caption":"Vetus ASDH lappoventtiili - veneakselisto.com verkkokaupasta"},{"@type":"BreadcrumbList","@id":"https:\/\/veneakselisto.com\/kauppa\/tuote\/asdh-laponestoventtiili-huohotinletkulla\/#breadcrumb","itemListElement":[{"@type":"ListItem","position":1,"name":"Etusivu","item":"https:\/\/veneakselisto.com\/kauppa\/"},{"@type":"ListItem","position":2,"name":"Kauppa","item":"https:\/\/veneakselisto.com\/kauppa\/"},{"@type":"ListItem","position":3,"name":"ASDH Laponestoventtiili huohotinletkulla"}]},{"@type":"WebSite","@id":"https:\/\/veneakselisto.com\/kauppa\/#website","url":"https:\/\/veneakselisto.com\/kauppa\/","name":"Veneakselisto.com - verkkokauppa","description":"Venetarvikkeiden maahantuonti ja myynti","publisher":{"@id":"https:\/\/veneakselisto.com\/kauppa\/#organization"},"potentialAction":[{"@type":"SearchAction","target":{"@type":"EntryPoint","urlTemplate":"https:\/\/veneakselisto.com\/kauppa\/?s={search_term_string}"},"query-input":{"@type":"PropertyValueSpecification","valueRequired":true,"valueName":"search_term_string"}}],"inLanguage":"fi"},{"@type":"Organization","@id":"https:\/\/veneakselisto.com\/kauppa\/#organization","name":"Veneakselisto.com verkkokauppa","url":"https:\/\/veneakselisto.com\/kauppa\/","logo":{"@type":"ImageObject","inLanguage":"fi","@id":"https:\/\/veneakselisto.com\/kauppa\/#\/schema\/logo\/image\/","url":"https:\/\/i2.wp.com\/veneakselisto.com\/kauppa\/wp-content\/uploads\/2016\/06\/fb_icon.jpg?fit=327%2C327&ssl=1","contentUrl":"https:\/\/i2.wp.com\/veneakselisto.com\/kauppa\/wp-content\/uploads\/2016\/06\/fb_icon.jpg?fit=327%2C327&ssl=1","width":327,"height":327,"caption":"Veneakselisto.com verkkokauppa"},"image":{"@id":"https:\/\/veneakselisto.com\/kauppa\/#\/schema\/logo\/image\/"},"sameAs":["https:\/\/www.facebook.com\/AlaMikkula\/"]}]}},"jetpack_publicize_connections":[],"jetpack_sharing_enabled":true,"_links":{"self":[{"href":"https:\/\/veneakselisto.com\/kauppa\/wp-json\/wp\/v2\/product\/543","targetHints":{"allow":["GET"]}}],"collection":[{"href":"https:\/\/veneakselisto.com\/kauppa\/wp-json\/wp\/v2\/product"}],"about":[{"href":"https:\/\/veneakselisto.com\/kauppa\/wp-json\/wp\/v2\/types\/product"}],"replies":[{"embeddable":true,"href":"https:\/\/veneakselisto.com\/kauppa\/wp-json\/wp\/v2\/comments?post=543"}],"wp:featuredmedia":[{"embeddable":true,"href":"https:\/\/veneakselisto.com\/kauppa\/wp-json\/wp\/v2\/media\/546"}],"wp:attachment":[{"href":"https:\/\/veneakselisto.com\/kauppa\/wp-json\/wp\/v2\/media?parent=543"}],"wp:term":[{"taxonomy":"product_brand","embeddable":true,"href":"https:\/\/veneakselisto.com\/kauppa\/wp-json\/wp\/v2\/product_brand?post=543"},{"taxonomy":"product_cat","embeddable":true,"href":"https:\/\/veneakselisto.com\/kauppa\/wp-json\/wp\/v2\/product_cat?post=543"},{"taxonomy":"product_tag","embeddable":true,"href":"https:\/\/veneakselisto.com\/kauppa\/wp-json\/wp\/v2\/product_tag?post=543"}],"curies":[{"name":"wp","href":"https:\/\/api.w.org\/{rel}","templated":true}]}}