{"id":5046,"date":"2019-06-04T12:33:14","date_gmt":"2019-06-04T09:33:14","guid":{"rendered":"https:\/\/veneakselisto.com\/kauppa\/?post_type=product&#038;p=5046"},"modified":"2024-08-31T23:40:05","modified_gmt":"2024-08-31T20:40:05","slug":"b18-b20-volvo-penta-alapaan-tiivistesarja-oem-876342","status":"publish","type":"product","link":"https:\/\/veneakselisto.com\/kauppa\/tuote\/b18-b20-volvo-penta-alapaan-tiivistesarja-oem-876342\/","title":{"rendered":"B18, B20 Volvo Penta alap\u00e4\u00e4n tiivistesarja OEM 876342"},"content":{"rendered":"<p>B18, B20 Volvo Penta alap\u00e4\u00e4n tiivistesarja OEM 876342<\/p>\n<p>OEM 876342, 875400<\/p>\n<p>Sopivuus:<\/p>\n<p>B18, B20<\/p>\n<p>AQ60F<\/p>\n<p>AQ90, AQ95, AQ95A<\/p>\n<p>AQ110, AQ120<\/p>\n<p>BB30, BB100, MB18<\/p>\n<p>AQ105, AQ115A, AQ115B<\/p>\n<p>AQ130A, AQ130B, AQ130C, AQ130D<\/p>\n<p>BB115A, BB115B, BB115C<\/p>\n<p>MB20A, MB20B, MB20C<\/p>\n<p>Tiivistesarja sopii sek\u00e4 B-18 ett\u00e4 B-20 moottoreihin\/ Satsen \u00e4r kompletterad att passa b\u00e5de f\u00f6r B-18 och B-20 motorer\/ Gaskets added to fit both B18 and B20 engines.<\/p>\n","protected":false},"excerpt":{"rendered":"<p>OEM 876342, 875400<\/p>\n<p>Sopivuus:<\/p>\n<p>B18, B20<\/p>\n<p>AQ60F<\/p>\n<p>AQ90, AQ95, AQ95A<\/p>\n<p>AQ110, AQ120<\/p>\n<p>BB30, BB100, MB18<\/p>\n<p>AQ105, AQ115A, AQ115B<\/p>\n<p>AQ130A, AQ130B, AQ130C, AQ130D<\/p>\n<p>BB115A, BB115B, BB115C<\/p>\n<p>MB20A, MB20B, MB20C<\/p>\n<p>Tiivistesarja sopii sek\u00e4 B-18 ett\u00e4 B-20 moottoreihin\/ Satsen \u00e4r kompletterad att passa b\u00e5de f\u00f6r B-18 och B-20 motorer\/ Gaskets added to fit both B18 and B20 engines.<\/p>\n<p>&nbsp;<\/p>\n<p>&nbsp;<\/p>\n<p>Kaikilla tuotteilla normaalisti 1-5pv toimitusaika.<\/p>\n","protected":false},"featured_media":5047,"comment_status":"open","ping_status":"closed","template":"","meta":{"jetpack_post_was_ever_published":false,"jetpack_publicize_message":"","jetpack_publicize_feature_enabled":true,"jetpack_social_post_already_shared":true,"jetpack_social_options":{"image_generator_settings":{"template":"highway","default_image_id":0,"font":"","enabled":false},"version":2}},"product_brand":[],"product_cat":[596],"product_tag":[688,690,691,324,689],"class_list":{"0":"post-5046","1":"product","2":"type-product","3":"status-publish","4":"has-post-thumbnail","6":"product_cat-volvo-penta-alapaan-tiivistesarja","7":"product_tag-alapaan-tiivistesarja","8":"product_tag-b18","9":"product_tag-b20","10":"product_tag-volvo-penta","11":"product_tag-volvo-penta-tiivistesarja","12":"brand-orbitrade-marine","14":"first","15":"instock","16":"taxable","17":"shipping-taxable","18":"purchasable","19":"product-type-simple"},"yoast_head":"<!-- This site is optimized with the Yoast SEO plugin v27.3 - https:\/\/yoast.com\/product\/yoast-seo-wordpress\/ -->\n<title>B18 B20 Volvo Penta alap\u00e4\u00e4n tiivistesarja - Veneakselisto.com<\/title>\n<meta name=\"description\" content=\"B18 B20 Volvo Penta alap\u00e4\u00e4n tiivistesarja. Tuotteen toimittaa aina edullinen Veneakselisto.com - Venetarvikkeiden maahantuonti ja myynti.\" \/>\n<meta name=\"robots\" content=\"index, follow, max-snippet:-1, max-image-preview:large, max-video-preview:-1\" \/>\n<link rel=\"canonical\" href=\"https:\/\/veneakselisto.com\/kauppa\/tuote\/b18-b20-volvo-penta-alapaan-tiivistesarja-oem-876342\/\" \/>\n<meta property=\"og:locale\" content=\"fi_FI\" \/>\n<meta property=\"og:type\" content=\"article\" \/>\n<meta property=\"og:title\" content=\"B18 B20 Volvo Penta alap\u00e4\u00e4n tiivistesarja - Veneakselisto.com\" \/>\n<meta property=\"og:description\" content=\"B18 B20 Volvo Penta alap\u00e4\u00e4n tiivistesarja. Tuotteen toimittaa aina edullinen Veneakselisto.com - Venetarvikkeiden maahantuonti ja myynti.\" \/>\n<meta property=\"og:url\" content=\"https:\/\/veneakselisto.com\/kauppa\/tuote\/b18-b20-volvo-penta-alapaan-tiivistesarja-oem-876342\/\" \/>\n<meta property=\"og:site_name\" content=\"Veneakselisto.com - verkkokauppa\" \/>\n<meta property=\"article:publisher\" content=\"https:\/\/www.facebook.com\/AlaMikkula\/\" \/>\n<meta property=\"article:modified_time\" content=\"2024-08-31T20:40:05+00:00\" \/>\n<meta property=\"og:image\" content=\"https:\/\/veneakselisto.com\/kauppa\/wp-content\/uploads\/2019\/06\/21400.jpg\" \/>\n\t<meta property=\"og:image:width\" content=\"1000\" \/>\n\t<meta property=\"og:image:height\" content=\"1000\" \/>\n\t<meta property=\"og:image:type\" content=\"image\/jpeg\" \/>\n<meta name=\"twitter:card\" content=\"summary_large_image\" \/>\n<script type=\"application\/ld+json\" class=\"yoast-schema-graph\">{\"@context\":\"https:\\\/\\\/schema.org\",\"@graph\":[{\"@type\":\"WebPage\",\"@id\":\"https:\\\/\\\/veneakselisto.com\\\/kauppa\\\/tuote\\\/b18-b20-volvo-penta-alapaan-tiivistesarja-oem-876342\\\/\",\"url\":\"https:\\\/\\\/veneakselisto.com\\\/kauppa\\\/tuote\\\/b18-b20-volvo-penta-alapaan-tiivistesarja-oem-876342\\\/\",\"name\":\"B18 B20 Volvo Penta alap\u00e4\u00e4n tiivistesarja - Veneakselisto.com\",\"isPartOf\":{\"@id\":\"https:\\\/\\\/veneakselisto.com\\\/kauppa\\\/#website\"},\"primaryImageOfPage\":{\"@id\":\"https:\\\/\\\/veneakselisto.com\\\/kauppa\\\/tuote\\\/b18-b20-volvo-penta-alapaan-tiivistesarja-oem-876342\\\/#primaryimage\"},\"image\":{\"@id\":\"https:\\\/\\\/veneakselisto.com\\\/kauppa\\\/tuote\\\/b18-b20-volvo-penta-alapaan-tiivistesarja-oem-876342\\\/#primaryimage\"},\"thumbnailUrl\":\"https:\\\/\\\/i0.wp.com\\\/veneakselisto.com\\\/kauppa\\\/wp-content\\\/uploads\\\/2019\\\/06\\\/21400.jpg?fit=1000%2C1000&ssl=1\",\"datePublished\":\"2019-06-04T09:33:14+00:00\",\"dateModified\":\"2024-08-31T20:40:05+00:00\",\"description\":\"B18 B20 Volvo Penta alap\u00e4\u00e4n tiivistesarja. Tuotteen toimittaa aina edullinen Veneakselisto.com - Venetarvikkeiden maahantuonti ja myynti.\",\"breadcrumb\":{\"@id\":\"https:\\\/\\\/veneakselisto.com\\\/kauppa\\\/tuote\\\/b18-b20-volvo-penta-alapaan-tiivistesarja-oem-876342\\\/#breadcrumb\"},\"inLanguage\":\"fi\",\"potentialAction\":[{\"@type\":\"ReadAction\",\"target\":[\"https:\\\/\\\/veneakselisto.com\\\/kauppa\\\/tuote\\\/b18-b20-volvo-penta-alapaan-tiivistesarja-oem-876342\\\/\"]}]},{\"@type\":\"ImageObject\",\"inLanguage\":\"fi\",\"@id\":\"https:\\\/\\\/veneakselisto.com\\\/kauppa\\\/tuote\\\/b18-b20-volvo-penta-alapaan-tiivistesarja-oem-876342\\\/#primaryimage\",\"url\":\"https:\\\/\\\/i0.wp.com\\\/veneakselisto.com\\\/kauppa\\\/wp-content\\\/uploads\\\/2019\\\/06\\\/21400.jpg?fit=1000%2C1000&ssl=1\",\"contentUrl\":\"https:\\\/\\\/i0.wp.com\\\/veneakselisto.com\\\/kauppa\\\/wp-content\\\/uploads\\\/2019\\\/06\\\/21400.jpg?fit=1000%2C1000&ssl=1\",\"width\":1000,\"height\":1000,\"caption\":\"Venetarvikkeiden Maahantuonti ja Myynti. Veneakselisto.com\"},{\"@type\":\"BreadcrumbList\",\"@id\":\"https:\\\/\\\/veneakselisto.com\\\/kauppa\\\/tuote\\\/b18-b20-volvo-penta-alapaan-tiivistesarja-oem-876342\\\/#breadcrumb\",\"itemListElement\":[{\"@type\":\"ListItem\",\"position\":1,\"name\":\"Etusivu\",\"item\":\"https:\\\/\\\/veneakselisto.com\\\/kauppa\\\/\"},{\"@type\":\"ListItem\",\"position\":2,\"name\":\"Kauppa\",\"item\":\"https:\\\/\\\/veneakselisto.com\\\/kauppa\\\/\"},{\"@type\":\"ListItem\",\"position\":3,\"name\":\"B18, B20 Volvo Penta alap\u00e4\u00e4n tiivistesarja OEM 876342\"}]},{\"@type\":\"WebSite\",\"@id\":\"https:\\\/\\\/veneakselisto.com\\\/kauppa\\\/#website\",\"url\":\"https:\\\/\\\/veneakselisto.com\\\/kauppa\\\/\",\"name\":\"Veneakselisto.com - verkkokauppa\",\"description\":\"Venetarvikkeiden maahantuonti ja myynti\",\"publisher\":{\"@id\":\"https:\\\/\\\/veneakselisto.com\\\/kauppa\\\/#organization\"},\"potentialAction\":[{\"@type\":\"SearchAction\",\"target\":{\"@type\":\"EntryPoint\",\"urlTemplate\":\"https:\\\/\\\/veneakselisto.com\\\/kauppa\\\/?s={search_term_string}\"},\"query-input\":{\"@type\":\"PropertyValueSpecification\",\"valueRequired\":true,\"valueName\":\"search_term_string\"}}],\"inLanguage\":\"fi\"},{\"@type\":\"Organization\",\"@id\":\"https:\\\/\\\/veneakselisto.com\\\/kauppa\\\/#organization\",\"name\":\"Veneakselisto.com verkkokauppa\",\"url\":\"https:\\\/\\\/veneakselisto.com\\\/kauppa\\\/\",\"logo\":{\"@type\":\"ImageObject\",\"inLanguage\":\"fi\",\"@id\":\"https:\\\/\\\/veneakselisto.com\\\/kauppa\\\/#\\\/schema\\\/logo\\\/image\\\/\",\"url\":\"https:\\\/\\\/i2.wp.com\\\/veneakselisto.com\\\/kauppa\\\/wp-content\\\/uploads\\\/2016\\\/06\\\/fb_icon.jpg?fit=327%2C327&ssl=1\",\"contentUrl\":\"https:\\\/\\\/i2.wp.com\\\/veneakselisto.com\\\/kauppa\\\/wp-content\\\/uploads\\\/2016\\\/06\\\/fb_icon.jpg?fit=327%2C327&ssl=1\",\"width\":327,\"height\":327,\"caption\":\"Veneakselisto.com verkkokauppa\"},\"image\":{\"@id\":\"https:\\\/\\\/veneakselisto.com\\\/kauppa\\\/#\\\/schema\\\/logo\\\/image\\\/\"},\"sameAs\":[\"https:\\\/\\\/www.facebook.com\\\/AlaMikkula\\\/\"]}]}<\/script>\n<!-- \/ Yoast SEO plugin. -->","yoast_head_json":{"title":"B18 B20 Volvo Penta alap\u00e4\u00e4n tiivistesarja - Veneakselisto.com","description":"B18 B20 Volvo Penta alap\u00e4\u00e4n tiivistesarja. Tuotteen toimittaa aina edullinen Veneakselisto.com - Venetarvikkeiden maahantuonti ja myynti.","robots":{"index":"index","follow":"follow","max-snippet":"max-snippet:-1","max-image-preview":"max-image-preview:large","max-video-preview":"max-video-preview:-1"},"canonical":"https:\/\/veneakselisto.com\/kauppa\/tuote\/b18-b20-volvo-penta-alapaan-tiivistesarja-oem-876342\/","og_locale":"fi_FI","og_type":"article","og_title":"B18 B20 Volvo Penta alap\u00e4\u00e4n tiivistesarja - Veneakselisto.com","og_description":"B18 B20 Volvo Penta alap\u00e4\u00e4n tiivistesarja. Tuotteen toimittaa aina edullinen Veneakselisto.com - Venetarvikkeiden maahantuonti ja myynti.","og_url":"https:\/\/veneakselisto.com\/kauppa\/tuote\/b18-b20-volvo-penta-alapaan-tiivistesarja-oem-876342\/","og_site_name":"Veneakselisto.com - verkkokauppa","article_publisher":"https:\/\/www.facebook.com\/AlaMikkula\/","article_modified_time":"2024-08-31T20:40:05+00:00","og_image":[{"width":1000,"height":1000,"url":"https:\/\/veneakselisto.com\/kauppa\/wp-content\/uploads\/2019\/06\/21400.jpg","type":"image\/jpeg"}],"twitter_card":"summary_large_image","schema":{"@context":"https:\/\/schema.org","@graph":[{"@type":"WebPage","@id":"https:\/\/veneakselisto.com\/kauppa\/tuote\/b18-b20-volvo-penta-alapaan-tiivistesarja-oem-876342\/","url":"https:\/\/veneakselisto.com\/kauppa\/tuote\/b18-b20-volvo-penta-alapaan-tiivistesarja-oem-876342\/","name":"B18 B20 Volvo Penta alap\u00e4\u00e4n tiivistesarja - Veneakselisto.com","isPartOf":{"@id":"https:\/\/veneakselisto.com\/kauppa\/#website"},"primaryImageOfPage":{"@id":"https:\/\/veneakselisto.com\/kauppa\/tuote\/b18-b20-volvo-penta-alapaan-tiivistesarja-oem-876342\/#primaryimage"},"image":{"@id":"https:\/\/veneakselisto.com\/kauppa\/tuote\/b18-b20-volvo-penta-alapaan-tiivistesarja-oem-876342\/#primaryimage"},"thumbnailUrl":"https:\/\/i0.wp.com\/veneakselisto.com\/kauppa\/wp-content\/uploads\/2019\/06\/21400.jpg?fit=1000%2C1000&ssl=1","datePublished":"2019-06-04T09:33:14+00:00","dateModified":"2024-08-31T20:40:05+00:00","description":"B18 B20 Volvo Penta alap\u00e4\u00e4n tiivistesarja. Tuotteen toimittaa aina edullinen Veneakselisto.com - Venetarvikkeiden maahantuonti ja myynti.","breadcrumb":{"@id":"https:\/\/veneakselisto.com\/kauppa\/tuote\/b18-b20-volvo-penta-alapaan-tiivistesarja-oem-876342\/#breadcrumb"},"inLanguage":"fi","potentialAction":[{"@type":"ReadAction","target":["https:\/\/veneakselisto.com\/kauppa\/tuote\/b18-b20-volvo-penta-alapaan-tiivistesarja-oem-876342\/"]}]},{"@type":"ImageObject","inLanguage":"fi","@id":"https:\/\/veneakselisto.com\/kauppa\/tuote\/b18-b20-volvo-penta-alapaan-tiivistesarja-oem-876342\/#primaryimage","url":"https:\/\/i0.wp.com\/veneakselisto.com\/kauppa\/wp-content\/uploads\/2019\/06\/21400.jpg?fit=1000%2C1000&ssl=1","contentUrl":"https:\/\/i0.wp.com\/veneakselisto.com\/kauppa\/wp-content\/uploads\/2019\/06\/21400.jpg?fit=1000%2C1000&ssl=1","width":1000,"height":1000,"caption":"Venetarvikkeiden Maahantuonti ja Myynti. Veneakselisto.com"},{"@type":"BreadcrumbList","@id":"https:\/\/veneakselisto.com\/kauppa\/tuote\/b18-b20-volvo-penta-alapaan-tiivistesarja-oem-876342\/#breadcrumb","itemListElement":[{"@type":"ListItem","position":1,"name":"Etusivu","item":"https:\/\/veneakselisto.com\/kauppa\/"},{"@type":"ListItem","position":2,"name":"Kauppa","item":"https:\/\/veneakselisto.com\/kauppa\/"},{"@type":"ListItem","position":3,"name":"B18, B20 Volvo Penta alap\u00e4\u00e4n tiivistesarja OEM 876342"}]},{"@type":"WebSite","@id":"https:\/\/veneakselisto.com\/kauppa\/#website","url":"https:\/\/veneakselisto.com\/kauppa\/","name":"Veneakselisto.com - verkkokauppa","description":"Venetarvikkeiden maahantuonti ja myynti","publisher":{"@id":"https:\/\/veneakselisto.com\/kauppa\/#organization"},"potentialAction":[{"@type":"SearchAction","target":{"@type":"EntryPoint","urlTemplate":"https:\/\/veneakselisto.com\/kauppa\/?s={search_term_string}"},"query-input":{"@type":"PropertyValueSpecification","valueRequired":true,"valueName":"search_term_string"}}],"inLanguage":"fi"},{"@type":"Organization","@id":"https:\/\/veneakselisto.com\/kauppa\/#organization","name":"Veneakselisto.com verkkokauppa","url":"https:\/\/veneakselisto.com\/kauppa\/","logo":{"@type":"ImageObject","inLanguage":"fi","@id":"https:\/\/veneakselisto.com\/kauppa\/#\/schema\/logo\/image\/","url":"https:\/\/i2.wp.com\/veneakselisto.com\/kauppa\/wp-content\/uploads\/2016\/06\/fb_icon.jpg?fit=327%2C327&ssl=1","contentUrl":"https:\/\/i2.wp.com\/veneakselisto.com\/kauppa\/wp-content\/uploads\/2016\/06\/fb_icon.jpg?fit=327%2C327&ssl=1","width":327,"height":327,"caption":"Veneakselisto.com verkkokauppa"},"image":{"@id":"https:\/\/veneakselisto.com\/kauppa\/#\/schema\/logo\/image\/"},"sameAs":["https:\/\/www.facebook.com\/AlaMikkula\/"]}]}},"jetpack_publicize_connections":[],"jetpack_sharing_enabled":true,"_links":{"self":[{"href":"https:\/\/veneakselisto.com\/kauppa\/wp-json\/wp\/v2\/product\/5046","targetHints":{"allow":["GET"]}}],"collection":[{"href":"https:\/\/veneakselisto.com\/kauppa\/wp-json\/wp\/v2\/product"}],"about":[{"href":"https:\/\/veneakselisto.com\/kauppa\/wp-json\/wp\/v2\/types\/product"}],"replies":[{"embeddable":true,"href":"https:\/\/veneakselisto.com\/kauppa\/wp-json\/wp\/v2\/comments?post=5046"}],"wp:featuredmedia":[{"embeddable":true,"href":"https:\/\/veneakselisto.com\/kauppa\/wp-json\/wp\/v2\/media\/5047"}],"wp:attachment":[{"href":"https:\/\/veneakselisto.com\/kauppa\/wp-json\/wp\/v2\/media?parent=5046"}],"wp:term":[{"taxonomy":"product_brand","embeddable":true,"href":"https:\/\/veneakselisto.com\/kauppa\/wp-json\/wp\/v2\/product_brand?post=5046"},{"taxonomy":"product_cat","embeddable":true,"href":"https:\/\/veneakselisto.com\/kauppa\/wp-json\/wp\/v2\/product_cat?post=5046"},{"taxonomy":"product_tag","embeddable":true,"href":"https:\/\/veneakselisto.com\/kauppa\/wp-json\/wp\/v2\/product_tag?post=5046"}],"curies":[{"name":"wp","href":"https:\/\/api.w.org\/{rel}","templated":true}]}}