{"id":500,"date":"2016-03-10T13:51:35","date_gmt":"2016-03-10T11:51:35","guid":{"rendered":"http:\/\/veneakselisto.com\/kauppa\/tuote\/vetus-vesilukko-lss50-50mm-pakoletkulle\/"},"modified":"2024-09-01T00:06:05","modified_gmt":"2024-08-31T21:06:05","slug":"vetus-vesilukko-lss50-50mm-pakoletkulle","status":"publish","type":"product","link":"https:\/\/veneakselisto.com\/kauppa\/tuote\/vetus-vesilukko-lss50-50mm-pakoletkulle\/","title":{"rendered":"Vetus vesilukko LSS50 50mm pakoletkulle"},"content":{"rendered":"<div class=\"wpb-content-wrapper\"><p>[vc_row][vc_column][vc_column_text]Vetus vesilukko LSS50 50mm pakoletkulle<\/p>\n<p>Malli:\u00a0LSS50<\/p>\n<p>Tilavuus 5.7 litraa<br \/>\nPakoletkun halkaisija (\u2205D): 50mm<\/p>\n<p>Erityisesti pitkille pakoletkuille.<\/p>\n<p>K\u00e4\u00e4ntyvill\u00e4 letkuyhteill\u00e4<br \/>\n\u2022 Sis\u00e4halkaisijaltaan \u00d8 40, 45, ja 50 mm:n pakoletkuille<br \/>\n\u2022 360\u00ba k\u00e4\u00e4ntyv\u00e4t letkuyhteet<br \/>\n\u2022 Mukana kiinnitysremmi[\/vc_column_text][\/vc_column][\/vc_row][vc_row][vc_column][vc_column_text]Vain 225mm korkea, joten helppo asentaa kannen alle.<br \/>\nTyhjennystulppa talvis\u00e4ilytyst\u00e4 varten.<\/p>\n<p>Varsinkin purjeveneiss\u00e4 pakoputkisto on niin pitk\u00e4, ett\u00e4 tarvitaan ylisuuri vesilukko est\u00e4m\u00e4\u00e4n putkistossa olevan veden p\u00e4\u00e4sy takaisin moottoriin. LSS, LSG ja LSL -mallit ovat erinomainen ratkaisu veneisiin, jotka purjehtivat kovassakin aallokossa ilman, ett\u00e4 moottori on k\u00e4ynniss\u00e4. Jotta n\u00e4iden vesilukkojen aseintaminen olisi helppoa, sek\u00e4 sis\u00e4\u00e4ntulo ett\u00e4 ulosmeno on varustettu 360\u00b0 py\u00f6riv\u00e4ll\u00e4 liitoksella. Sis\u00e4\u00e4ntuloon on mahdollista asentaa anturi pakokaasujen l\u00e4mp\u00f6h\u00e4lyttimelle.<\/p>\n<p><a href=\"http:\/\/www.vetus.com\/media\/magentominds\/sasdocument\/20150326165137_0.pdf\">Vetus LP, LSG, LSL, LSS, -mallien asennusohje\u00a0(EN, NL, DE, FR, ES, IT)<\/a>[\/vc_column_text][\/vc_column][\/vc_row]<\/p>\n<\/div>","protected":false},"excerpt":{"rendered":"<p>Malli:\u00a0LSS50.<\/p>\n<p>Tilavuus 5.7 litraa.<br \/>\nPakoletkun halkaisija (\u2205D): 50mm.<\/p>\n<p>Erityisesti pitkille pakoletkuille.<\/p>\n<p>Tehdastoimitus. Toimitusaika 4-5pv normaalisti<\/p>\n","protected":false},"featured_media":7020,"comment_status":"open","ping_status":"closed","template":"","meta":{"jetpack_post_was_ever_published":false,"jetpack_publicize_message":"","jetpack_publicize_feature_enabled":true,"jetpack_social_post_already_shared":true,"jetpack_social_options":{"image_generator_settings":{"template":"highway","default_image_id":0,"font":"","enabled":false},"version":2}},"product_brand":[],"product_cat":[37,1091,38,1094,470],"product_tag":[114,162],"class_list":{"0":"post-500","1":"product","2":"type-product","3":"status-publish","4":"has-post-thumbnail","6":"product_cat-pakoputkistot-ja-tarvikkeet","7":"product_cat-veneen-pakoputkisto-vetus","8":"product_cat-vesilukot","9":"product_cat-vesilukko-aanenvaimennin-veneen","10":"product_cat-vetus_vetus-venetarvikkeet_venetarvikeiden-maahantuonti-ja-myynti","11":"product_tag-50mm","12":"product_tag-vesilukko","13":"brand-vetus","15":"first","16":"instock","17":"taxable","18":"shipping-taxable","19":"purchasable","20":"product-type-simple"},"yoast_head":"<!-- This site is optimized with the Yoast SEO plugin v27.4 - https:\/\/yoast.com\/product\/yoast-seo-wordpress\/ -->\n<title>Vetus vesilukko LSS50 50mm pakoletkulle-pitk\u00e4lle-pakoputkelle<\/title>\n<meta name=\"description\" content=\"Vetus LSS 5,7L vesilukko. Pitkille pakoletkuille ja sen toimittaa venetarvikkeiden erikoisliike. Veneakselisto. Maahantuonti ja myynti\" \/>\n<meta name=\"robots\" content=\"index, follow, max-snippet:-1, max-image-preview:large, max-video-preview:-1\" \/>\n<link rel=\"canonical\" href=\"https:\/\/veneakselisto.com\/kauppa\/tuote\/vetus-vesilukko-lss50-50mm-pakoletkulle\/\" \/>\n<meta property=\"og:locale\" content=\"fi_FI\" \/>\n<meta property=\"og:type\" content=\"article\" \/>\n<meta property=\"og:title\" content=\"Vetus vesilukko LSS50 50mm pakoletkulle-pitk\u00e4lle-pakoputkelle\" \/>\n<meta property=\"og:description\" content=\"Vetus LSS 5,7L vesilukko. Pitkille pakoletkuille ja sen toimittaa venetarvikkeiden erikoisliike. Veneakselisto. Maahantuonti ja myynti\" \/>\n<meta property=\"og:url\" content=\"https:\/\/veneakselisto.com\/kauppa\/tuote\/vetus-vesilukko-lss50-50mm-pakoletkulle\/\" \/>\n<meta property=\"og:site_name\" content=\"Veneakselisto.com - verkkokauppa\" \/>\n<meta property=\"article:publisher\" content=\"https:\/\/www.facebook.com\/AlaMikkula\/\" \/>\n<meta property=\"article:modified_time\" content=\"2024-08-31T21:06:05+00:00\" \/>\n<meta property=\"og:image\" content=\"https:\/\/veneakselisto.com\/kauppa\/wp-content\/uploads\/2016\/03\/LSS40A.jpg\" \/>\n\t<meta property=\"og:image:width\" content=\"500\" \/>\n\t<meta property=\"og:image:height\" content=\"500\" \/>\n\t<meta property=\"og:image:type\" content=\"image\/jpeg\" \/>\n<meta name=\"twitter:card\" content=\"summary_large_image\" \/>\n<meta name=\"twitter:label1\" content=\"Arvioitu lukuaika\" \/>\n\t<meta name=\"twitter:data1\" content=\"1 minuutti\" \/>\n<script type=\"application\/ld+json\" class=\"yoast-schema-graph\">{\"@context\":\"https:\\\/\\\/schema.org\",\"@graph\":[{\"@type\":\"WebPage\",\"@id\":\"https:\\\/\\\/veneakselisto.com\\\/kauppa\\\/tuote\\\/vetus-vesilukko-lss50-50mm-pakoletkulle\\\/\",\"url\":\"https:\\\/\\\/veneakselisto.com\\\/kauppa\\\/tuote\\\/vetus-vesilukko-lss50-50mm-pakoletkulle\\\/\",\"name\":\"Vetus vesilukko LSS50 50mm pakoletkulle-pitk\u00e4lle-pakoputkelle\",\"isPartOf\":{\"@id\":\"https:\\\/\\\/veneakselisto.com\\\/kauppa\\\/#website\"},\"primaryImageOfPage\":{\"@id\":\"https:\\\/\\\/veneakselisto.com\\\/kauppa\\\/tuote\\\/vetus-vesilukko-lss50-50mm-pakoletkulle\\\/#primaryimage\"},\"image\":{\"@id\":\"https:\\\/\\\/veneakselisto.com\\\/kauppa\\\/tuote\\\/vetus-vesilukko-lss50-50mm-pakoletkulle\\\/#primaryimage\"},\"thumbnailUrl\":\"https:\\\/\\\/i0.wp.com\\\/veneakselisto.com\\\/kauppa\\\/wp-content\\\/uploads\\\/2016\\\/03\\\/LSS40A.jpg?fit=500%2C500&ssl=1\",\"datePublished\":\"2016-03-10T11:51:35+00:00\",\"dateModified\":\"2024-08-31T21:06:05+00:00\",\"description\":\"Vetus LSS 5,7L vesilukko. Pitkille pakoletkuille ja sen toimittaa venetarvikkeiden erikoisliike. Veneakselisto. Maahantuonti ja myynti\",\"breadcrumb\":{\"@id\":\"https:\\\/\\\/veneakselisto.com\\\/kauppa\\\/tuote\\\/vetus-vesilukko-lss50-50mm-pakoletkulle\\\/#breadcrumb\"},\"inLanguage\":\"fi\",\"potentialAction\":[{\"@type\":\"ReadAction\",\"target\":[\"https:\\\/\\\/veneakselisto.com\\\/kauppa\\\/tuote\\\/vetus-vesilukko-lss50-50mm-pakoletkulle\\\/\"]}]},{\"@type\":\"ImageObject\",\"inLanguage\":\"fi\",\"@id\":\"https:\\\/\\\/veneakselisto.com\\\/kauppa\\\/tuote\\\/vetus-vesilukko-lss50-50mm-pakoletkulle\\\/#primaryimage\",\"url\":\"https:\\\/\\\/i0.wp.com\\\/veneakselisto.com\\\/kauppa\\\/wp-content\\\/uploads\\\/2016\\\/03\\\/LSS40A.jpg?fit=500%2C500&ssl=1\",\"contentUrl\":\"https:\\\/\\\/i0.wp.com\\\/veneakselisto.com\\\/kauppa\\\/wp-content\\\/uploads\\\/2016\\\/03\\\/LSS40A.jpg?fit=500%2C500&ssl=1\",\"width\":500,\"height\":500,\"caption\":\"Vetus vesilukko 5.7L pitkille pakoputkille toimittaa veneakselisto.com\"},{\"@type\":\"BreadcrumbList\",\"@id\":\"https:\\\/\\\/veneakselisto.com\\\/kauppa\\\/tuote\\\/vetus-vesilukko-lss50-50mm-pakoletkulle\\\/#breadcrumb\",\"itemListElement\":[{\"@type\":\"ListItem\",\"position\":1,\"name\":\"Etusivu\",\"item\":\"https:\\\/\\\/veneakselisto.com\\\/kauppa\\\/\"},{\"@type\":\"ListItem\",\"position\":2,\"name\":\"Kauppa\",\"item\":\"https:\\\/\\\/veneakselisto.com\\\/kauppa\\\/\"},{\"@type\":\"ListItem\",\"position\":3,\"name\":\"Vetus vesilukko LSS50 50mm pakoletkulle\"}]},{\"@type\":\"WebSite\",\"@id\":\"https:\\\/\\\/veneakselisto.com\\\/kauppa\\\/#website\",\"url\":\"https:\\\/\\\/veneakselisto.com\\\/kauppa\\\/\",\"name\":\"Veneakselisto.com - verkkokauppa\",\"description\":\"Venetarvikkeiden maahantuonti ja myynti\",\"publisher\":{\"@id\":\"https:\\\/\\\/veneakselisto.com\\\/kauppa\\\/#organization\"},\"potentialAction\":[{\"@type\":\"SearchAction\",\"target\":{\"@type\":\"EntryPoint\",\"urlTemplate\":\"https:\\\/\\\/veneakselisto.com\\\/kauppa\\\/?s={search_term_string}\"},\"query-input\":{\"@type\":\"PropertyValueSpecification\",\"valueRequired\":true,\"valueName\":\"search_term_string\"}}],\"inLanguage\":\"fi\"},{\"@type\":\"Organization\",\"@id\":\"https:\\\/\\\/veneakselisto.com\\\/kauppa\\\/#organization\",\"name\":\"Veneakselisto.com verkkokauppa\",\"url\":\"https:\\\/\\\/veneakselisto.com\\\/kauppa\\\/\",\"logo\":{\"@type\":\"ImageObject\",\"inLanguage\":\"fi\",\"@id\":\"https:\\\/\\\/veneakselisto.com\\\/kauppa\\\/#\\\/schema\\\/logo\\\/image\\\/\",\"url\":\"https:\\\/\\\/i2.wp.com\\\/veneakselisto.com\\\/kauppa\\\/wp-content\\\/uploads\\\/2016\\\/06\\\/fb_icon.jpg?fit=327%2C327&ssl=1\",\"contentUrl\":\"https:\\\/\\\/i2.wp.com\\\/veneakselisto.com\\\/kauppa\\\/wp-content\\\/uploads\\\/2016\\\/06\\\/fb_icon.jpg?fit=327%2C327&ssl=1\",\"width\":327,\"height\":327,\"caption\":\"Veneakselisto.com verkkokauppa\"},\"image\":{\"@id\":\"https:\\\/\\\/veneakselisto.com\\\/kauppa\\\/#\\\/schema\\\/logo\\\/image\\\/\"},\"sameAs\":[\"https:\\\/\\\/www.facebook.com\\\/AlaMikkula\\\/\"]}]}<\/script>\n<!-- \/ Yoast SEO plugin. -->","yoast_head_json":{"title":"Vetus vesilukko LSS50 50mm pakoletkulle-pitk\u00e4lle-pakoputkelle","description":"Vetus LSS 5,7L vesilukko. Pitkille pakoletkuille ja sen toimittaa venetarvikkeiden erikoisliike. Veneakselisto. Maahantuonti ja myynti","robots":{"index":"index","follow":"follow","max-snippet":"max-snippet:-1","max-image-preview":"max-image-preview:large","max-video-preview":"max-video-preview:-1"},"canonical":"https:\/\/veneakselisto.com\/kauppa\/tuote\/vetus-vesilukko-lss50-50mm-pakoletkulle\/","og_locale":"fi_FI","og_type":"article","og_title":"Vetus vesilukko LSS50 50mm pakoletkulle-pitk\u00e4lle-pakoputkelle","og_description":"Vetus LSS 5,7L vesilukko. Pitkille pakoletkuille ja sen toimittaa venetarvikkeiden erikoisliike. Veneakselisto. Maahantuonti ja myynti","og_url":"https:\/\/veneakselisto.com\/kauppa\/tuote\/vetus-vesilukko-lss50-50mm-pakoletkulle\/","og_site_name":"Veneakselisto.com - verkkokauppa","article_publisher":"https:\/\/www.facebook.com\/AlaMikkula\/","article_modified_time":"2024-08-31T21:06:05+00:00","og_image":[{"width":500,"height":500,"url":"https:\/\/veneakselisto.com\/kauppa\/wp-content\/uploads\/2016\/03\/LSS40A.jpg","type":"image\/jpeg"}],"twitter_card":"summary_large_image","twitter_misc":{"Arvioitu lukuaika":"1 minuutti"},"schema":{"@context":"https:\/\/schema.org","@graph":[{"@type":"WebPage","@id":"https:\/\/veneakselisto.com\/kauppa\/tuote\/vetus-vesilukko-lss50-50mm-pakoletkulle\/","url":"https:\/\/veneakselisto.com\/kauppa\/tuote\/vetus-vesilukko-lss50-50mm-pakoletkulle\/","name":"Vetus vesilukko LSS50 50mm pakoletkulle-pitk\u00e4lle-pakoputkelle","isPartOf":{"@id":"https:\/\/veneakselisto.com\/kauppa\/#website"},"primaryImageOfPage":{"@id":"https:\/\/veneakselisto.com\/kauppa\/tuote\/vetus-vesilukko-lss50-50mm-pakoletkulle\/#primaryimage"},"image":{"@id":"https:\/\/veneakselisto.com\/kauppa\/tuote\/vetus-vesilukko-lss50-50mm-pakoletkulle\/#primaryimage"},"thumbnailUrl":"https:\/\/i0.wp.com\/veneakselisto.com\/kauppa\/wp-content\/uploads\/2016\/03\/LSS40A.jpg?fit=500%2C500&ssl=1","datePublished":"2016-03-10T11:51:35+00:00","dateModified":"2024-08-31T21:06:05+00:00","description":"Vetus LSS 5,7L vesilukko. Pitkille pakoletkuille ja sen toimittaa venetarvikkeiden erikoisliike. Veneakselisto. Maahantuonti ja myynti","breadcrumb":{"@id":"https:\/\/veneakselisto.com\/kauppa\/tuote\/vetus-vesilukko-lss50-50mm-pakoletkulle\/#breadcrumb"},"inLanguage":"fi","potentialAction":[{"@type":"ReadAction","target":["https:\/\/veneakselisto.com\/kauppa\/tuote\/vetus-vesilukko-lss50-50mm-pakoletkulle\/"]}]},{"@type":"ImageObject","inLanguage":"fi","@id":"https:\/\/veneakselisto.com\/kauppa\/tuote\/vetus-vesilukko-lss50-50mm-pakoletkulle\/#primaryimage","url":"https:\/\/i0.wp.com\/veneakselisto.com\/kauppa\/wp-content\/uploads\/2016\/03\/LSS40A.jpg?fit=500%2C500&ssl=1","contentUrl":"https:\/\/i0.wp.com\/veneakselisto.com\/kauppa\/wp-content\/uploads\/2016\/03\/LSS40A.jpg?fit=500%2C500&ssl=1","width":500,"height":500,"caption":"Vetus vesilukko 5.7L pitkille pakoputkille toimittaa veneakselisto.com"},{"@type":"BreadcrumbList","@id":"https:\/\/veneakselisto.com\/kauppa\/tuote\/vetus-vesilukko-lss50-50mm-pakoletkulle\/#breadcrumb","itemListElement":[{"@type":"ListItem","position":1,"name":"Etusivu","item":"https:\/\/veneakselisto.com\/kauppa\/"},{"@type":"ListItem","position":2,"name":"Kauppa","item":"https:\/\/veneakselisto.com\/kauppa\/"},{"@type":"ListItem","position":3,"name":"Vetus vesilukko LSS50 50mm pakoletkulle"}]},{"@type":"WebSite","@id":"https:\/\/veneakselisto.com\/kauppa\/#website","url":"https:\/\/veneakselisto.com\/kauppa\/","name":"Veneakselisto.com - verkkokauppa","description":"Venetarvikkeiden maahantuonti ja myynti","publisher":{"@id":"https:\/\/veneakselisto.com\/kauppa\/#organization"},"potentialAction":[{"@type":"SearchAction","target":{"@type":"EntryPoint","urlTemplate":"https:\/\/veneakselisto.com\/kauppa\/?s={search_term_string}"},"query-input":{"@type":"PropertyValueSpecification","valueRequired":true,"valueName":"search_term_string"}}],"inLanguage":"fi"},{"@type":"Organization","@id":"https:\/\/veneakselisto.com\/kauppa\/#organization","name":"Veneakselisto.com verkkokauppa","url":"https:\/\/veneakselisto.com\/kauppa\/","logo":{"@type":"ImageObject","inLanguage":"fi","@id":"https:\/\/veneakselisto.com\/kauppa\/#\/schema\/logo\/image\/","url":"https:\/\/i2.wp.com\/veneakselisto.com\/kauppa\/wp-content\/uploads\/2016\/06\/fb_icon.jpg?fit=327%2C327&ssl=1","contentUrl":"https:\/\/i2.wp.com\/veneakselisto.com\/kauppa\/wp-content\/uploads\/2016\/06\/fb_icon.jpg?fit=327%2C327&ssl=1","width":327,"height":327,"caption":"Veneakselisto.com verkkokauppa"},"image":{"@id":"https:\/\/veneakselisto.com\/kauppa\/#\/schema\/logo\/image\/"},"sameAs":["https:\/\/www.facebook.com\/AlaMikkula\/"]}]}},"jetpack_publicize_connections":[],"jetpack_sharing_enabled":true,"_links":{"self":[{"href":"https:\/\/veneakselisto.com\/kauppa\/wp-json\/wp\/v2\/product\/500","targetHints":{"allow":["GET"]}}],"collection":[{"href":"https:\/\/veneakselisto.com\/kauppa\/wp-json\/wp\/v2\/product"}],"about":[{"href":"https:\/\/veneakselisto.com\/kauppa\/wp-json\/wp\/v2\/types\/product"}],"replies":[{"embeddable":true,"href":"https:\/\/veneakselisto.com\/kauppa\/wp-json\/wp\/v2\/comments?post=500"}],"wp:featuredmedia":[{"embeddable":true,"href":"https:\/\/veneakselisto.com\/kauppa\/wp-json\/wp\/v2\/media\/7020"}],"wp:attachment":[{"href":"https:\/\/veneakselisto.com\/kauppa\/wp-json\/wp\/v2\/media?parent=500"}],"wp:term":[{"taxonomy":"product_brand","embeddable":true,"href":"https:\/\/veneakselisto.com\/kauppa\/wp-json\/wp\/v2\/product_brand?post=500"},{"taxonomy":"product_cat","embeddable":true,"href":"https:\/\/veneakselisto.com\/kauppa\/wp-json\/wp\/v2\/product_cat?post=500"},{"taxonomy":"product_tag","embeddable":true,"href":"https:\/\/veneakselisto.com\/kauppa\/wp-json\/wp\/v2\/product_tag?post=500"}],"curies":[{"name":"wp","href":"https:\/\/api.w.org\/{rel}","templated":true}]}}