{"id":475,"date":"2016-03-09T15:57:23","date_gmt":"2016-03-09T13:57:23","guid":{"rendered":"http:\/\/veneakselisto.com\/kauppa\/tuote\/vetus-nlp60-vesilukko-60mm-pakoletkulle-10l\/"},"modified":"2026-04-01T11:25:04","modified_gmt":"2026-04-01T08:25:04","slug":"vetus-nlp60-vesilukko-60mm-pakoletkulle-10l","status":"publish","type":"product","link":"https:\/\/veneakselisto.com\/kauppa\/tuote\/vetus-nlp60-vesilukko-60mm-pakoletkulle-10l\/","title":{"rendered":"Vetus NLP60 vesilukko\/vaimennin 60mm pakoletkulle, 10l"},"content":{"rendered":"<div class=\"wpb-content-wrapper\"><p>[vc_row][vc_column][vc_column_text]Vetus NLP60 vesilukko\/vaimennin 60mm pakoletkulle, 10l<\/p>\n<p>Malli: NLP60<br \/>\nPakoletkun halkaisija (\u2205D): 60mm[\/vc_column_text][\/vc_column][\/vc_row][vc_row][vc_column][vc_column_text]NLP-vesilukoissa on tyhjennystulppa talvis\u00e4ilytyst\u00e4 varten. NLP 50S, 60, 75 ja 90 tilavuus on 10 litraa.<\/p>\n<p>NLP-vesilukoissa on kaksoiskammio. Yksikammioisiin vesilukkoihin verrattuna NLP-vesilukot takaavat tehokkaamman pako\u00e4\u00e4nien eristyksen. Vesilukon yl\u00e4- ja alaosa, sek\u00e4 letkuyhteet k\u00e4\u00e4ntyv\u00e4t 360\u00b0, jolloin vesilukon asentaminen usein ahtaissa tiloissa helpottuu.<\/p>\n<p>Py\u00f6riv\u00e4 sis\u00e4\u00e4ntuloputken liitin kytket\u00e4\u00e4n moottorilta tulevaan letkuun. Pakokaasun ja veden sekoitus pakotetaan pohjakammiosta ylemp\u00e4\u00e4n kammioon ja sit\u00e4 kautta ulostuloliittimest\u00e4 ulos menev\u00e4\u00e4n pakoletkuun. Lis\u00e4-\u00e4\u00e4nenvaimentimena voidaan k\u00e4ytt\u00e4\u00e4 esim. NLPG vesilukkoa\/\u00e4\u00e4nenvaimenninta. Sis\u00e4lt\u00e4\u00e4 asennussarjan. Asennussarjalla vesilukko voidaan asentaa joko lattiaan tai laipioon.<\/p>\n<p><a href=\"http:\/\/www.vetus.com\/media\/magentominds\/sasdocument\/20121106235240_0.pdf\" target=\"_blank\" rel=\"noopener noreferrer\">Asennusohjeet (En)<\/a>[\/vc_column_text][\/vc_column][\/vc_row]<\/p>\n<\/div>","protected":false},"excerpt":{"rendered":"<p>Vetus NLP60 vesilukko\/vaimennin 60mm pakoletkulle, 10l<\/p>\n<p>Malli: NLP60<br \/>\nPakoletkun halkaisija (\u2205D): 60mm<\/p>\n<p>Verkkokauppatuote. Toimitusaika 1-5pv<\/p>\n","protected":false},"featured_media":471,"comment_status":"open","ping_status":"closed","template":"","meta":{"jetpack_post_was_ever_published":false,"jetpack_publicize_message":"","jetpack_publicize_feature_enabled":true,"jetpack_social_post_already_shared":true,"jetpack_social_options":{"image_generator_settings":{"template":"highway","default_image_id":0,"font":"","enabled":false},"version":2}},"product_brand":[],"product_cat":[37,1091,38,1094,470],"product_tag":[111,162,98],"class_list":{"0":"post-475","1":"product","2":"type-product","3":"status-publish","4":"has-post-thumbnail","6":"product_cat-pakoputkistot-ja-tarvikkeet","7":"product_cat-veneen-pakoputkisto-vetus","8":"product_cat-vesilukot","9":"product_cat-vesilukko-aanenvaimennin-veneen","10":"product_cat-vetus_vetus-venetarvikkeet_venetarvikeiden-maahantuonti-ja-myynti","11":"product_tag-60mm","12":"product_tag-vesilukko","13":"product_tag-vetus","14":"brand-vetus","16":"first","17":"onbackorder","18":"sale","19":"taxable","20":"shipping-taxable","21":"purchasable","22":"product-type-simple"},"yoast_head":"<!-- This site is optimized with the Yoast SEO plugin v27.4 - https:\/\/yoast.com\/product\/yoast-seo-wordpress\/ -->\n<title>Vetus NLP60 vesilukko\/vaimennin 60mm pakoletkulle, 10l<\/title>\n<meta name=\"description\" content=\"Veneeseen Vesilukko. Vetus laadukas ja edullisesti Veneakselisto.com. Veneen vesilukko. Vetus NLP60 vesilukko\/vaimennin 60mm pakoletkulle, 10l\" \/>\n<meta name=\"robots\" content=\"index, follow, max-snippet:-1, max-image-preview:large, max-video-preview:-1\" \/>\n<link rel=\"canonical\" href=\"https:\/\/veneakselisto.com\/kauppa\/tuote\/vetus-nlp60-vesilukko-60mm-pakoletkulle-10l\/\" \/>\n<meta property=\"og:locale\" content=\"fi_FI\" \/>\n<meta property=\"og:type\" content=\"article\" \/>\n<meta property=\"og:title\" content=\"Vetus NLP60 vesilukko\/vaimennin 60mm pakoletkulle, 10l\" \/>\n<meta property=\"og:description\" content=\"Veneeseen Vesilukko. Vetus laadukas ja edullisesti Veneakselisto.com. Veneen vesilukko. Vetus NLP60 vesilukko\/vaimennin 60mm pakoletkulle, 10l\" \/>\n<meta property=\"og:url\" content=\"https:\/\/veneakselisto.com\/kauppa\/tuote\/vetus-nlp60-vesilukko-60mm-pakoletkulle-10l\/\" \/>\n<meta property=\"og:site_name\" content=\"Veneakselisto.com - verkkokauppa\" \/>\n<meta property=\"article:publisher\" content=\"https:\/\/www.facebook.com\/AlaMikkula\/\" \/>\n<meta property=\"article:modified_time\" content=\"2026-04-01T08:25:04+00:00\" \/>\n<meta property=\"og:image\" content=\"https:\/\/veneakselisto.com\/kauppa\/wp-content\/uploads\/2016\/03\/NLP_01.jpg\" \/>\n\t<meta property=\"og:image:width\" content=\"700\" \/>\n\t<meta property=\"og:image:height\" content=\"700\" \/>\n\t<meta property=\"og:image:type\" content=\"image\/jpeg\" \/>\n<meta name=\"twitter:card\" content=\"summary_large_image\" \/>\n<meta name=\"twitter:label1\" content=\"Arvioitu lukuaika\" \/>\n\t<meta name=\"twitter:data1\" content=\"1 minuutti\" \/>\n<script type=\"application\/ld+json\" class=\"yoast-schema-graph\">{\"@context\":\"https:\\\/\\\/schema.org\",\"@graph\":[{\"@type\":\"WebPage\",\"@id\":\"https:\\\/\\\/veneakselisto.com\\\/kauppa\\\/tuote\\\/vetus-nlp60-vesilukko-60mm-pakoletkulle-10l\\\/\",\"url\":\"https:\\\/\\\/veneakselisto.com\\\/kauppa\\\/tuote\\\/vetus-nlp60-vesilukko-60mm-pakoletkulle-10l\\\/\",\"name\":\"Vetus NLP60 vesilukko\\\/vaimennin 60mm pakoletkulle, 10l\",\"isPartOf\":{\"@id\":\"https:\\\/\\\/veneakselisto.com\\\/kauppa\\\/#website\"},\"primaryImageOfPage\":{\"@id\":\"https:\\\/\\\/veneakselisto.com\\\/kauppa\\\/tuote\\\/vetus-nlp60-vesilukko-60mm-pakoletkulle-10l\\\/#primaryimage\"},\"image\":{\"@id\":\"https:\\\/\\\/veneakselisto.com\\\/kauppa\\\/tuote\\\/vetus-nlp60-vesilukko-60mm-pakoletkulle-10l\\\/#primaryimage\"},\"thumbnailUrl\":\"https:\\\/\\\/i0.wp.com\\\/veneakselisto.com\\\/kauppa\\\/wp-content\\\/uploads\\\/2016\\\/03\\\/NLP_01.jpg?fit=700%2C700&ssl=1\",\"datePublished\":\"2016-03-09T13:57:23+00:00\",\"dateModified\":\"2026-04-01T08:25:04+00:00\",\"description\":\"Veneeseen Vesilukko. Vetus laadukas ja edullisesti Veneakselisto.com. Veneen vesilukko. Vetus NLP60 vesilukko\\\/vaimennin 60mm pakoletkulle, 10l\",\"breadcrumb\":{\"@id\":\"https:\\\/\\\/veneakselisto.com\\\/kauppa\\\/tuote\\\/vetus-nlp60-vesilukko-60mm-pakoletkulle-10l\\\/#breadcrumb\"},\"inLanguage\":\"fi\",\"potentialAction\":[{\"@type\":\"ReadAction\",\"target\":[\"https:\\\/\\\/veneakselisto.com\\\/kauppa\\\/tuote\\\/vetus-nlp60-vesilukko-60mm-pakoletkulle-10l\\\/\"]}]},{\"@type\":\"ImageObject\",\"inLanguage\":\"fi\",\"@id\":\"https:\\\/\\\/veneakselisto.com\\\/kauppa\\\/tuote\\\/vetus-nlp60-vesilukko-60mm-pakoletkulle-10l\\\/#primaryimage\",\"url\":\"https:\\\/\\\/i0.wp.com\\\/veneakselisto.com\\\/kauppa\\\/wp-content\\\/uploads\\\/2016\\\/03\\\/NLP_01.jpg?fit=700%2C700&ssl=1\",\"contentUrl\":\"https:\\\/\\\/i0.wp.com\\\/veneakselisto.com\\\/kauppa\\\/wp-content\\\/uploads\\\/2016\\\/03\\\/NLP_01.jpg?fit=700%2C700&ssl=1\",\"width\":700,\"height\":700,\"caption\":\"Vetus NLP vesilukot - veneakselisto.com verkkokauppa\"},{\"@type\":\"BreadcrumbList\",\"@id\":\"https:\\\/\\\/veneakselisto.com\\\/kauppa\\\/tuote\\\/vetus-nlp60-vesilukko-60mm-pakoletkulle-10l\\\/#breadcrumb\",\"itemListElement\":[{\"@type\":\"ListItem\",\"position\":1,\"name\":\"Etusivu\",\"item\":\"https:\\\/\\\/veneakselisto.com\\\/kauppa\\\/\"},{\"@type\":\"ListItem\",\"position\":2,\"name\":\"Kauppa\",\"item\":\"https:\\\/\\\/veneakselisto.com\\\/kauppa\\\/\"},{\"@type\":\"ListItem\",\"position\":3,\"name\":\"Vetus NLP60 vesilukko\\\/vaimennin 60mm pakoletkulle, 10l\"}]},{\"@type\":\"WebSite\",\"@id\":\"https:\\\/\\\/veneakselisto.com\\\/kauppa\\\/#website\",\"url\":\"https:\\\/\\\/veneakselisto.com\\\/kauppa\\\/\",\"name\":\"Veneakselisto.com - verkkokauppa\",\"description\":\"Venetarvikkeiden maahantuonti ja myynti\",\"publisher\":{\"@id\":\"https:\\\/\\\/veneakselisto.com\\\/kauppa\\\/#organization\"},\"potentialAction\":[{\"@type\":\"SearchAction\",\"target\":{\"@type\":\"EntryPoint\",\"urlTemplate\":\"https:\\\/\\\/veneakselisto.com\\\/kauppa\\\/?s={search_term_string}\"},\"query-input\":{\"@type\":\"PropertyValueSpecification\",\"valueRequired\":true,\"valueName\":\"search_term_string\"}}],\"inLanguage\":\"fi\"},{\"@type\":\"Organization\",\"@id\":\"https:\\\/\\\/veneakselisto.com\\\/kauppa\\\/#organization\",\"name\":\"Veneakselisto.com verkkokauppa\",\"url\":\"https:\\\/\\\/veneakselisto.com\\\/kauppa\\\/\",\"logo\":{\"@type\":\"ImageObject\",\"inLanguage\":\"fi\",\"@id\":\"https:\\\/\\\/veneakselisto.com\\\/kauppa\\\/#\\\/schema\\\/logo\\\/image\\\/\",\"url\":\"https:\\\/\\\/i2.wp.com\\\/veneakselisto.com\\\/kauppa\\\/wp-content\\\/uploads\\\/2016\\\/06\\\/fb_icon.jpg?fit=327%2C327&ssl=1\",\"contentUrl\":\"https:\\\/\\\/i2.wp.com\\\/veneakselisto.com\\\/kauppa\\\/wp-content\\\/uploads\\\/2016\\\/06\\\/fb_icon.jpg?fit=327%2C327&ssl=1\",\"width\":327,\"height\":327,\"caption\":\"Veneakselisto.com verkkokauppa\"},\"image\":{\"@id\":\"https:\\\/\\\/veneakselisto.com\\\/kauppa\\\/#\\\/schema\\\/logo\\\/image\\\/\"},\"sameAs\":[\"https:\\\/\\\/www.facebook.com\\\/AlaMikkula\\\/\"]}]}<\/script>\n<!-- \/ Yoast SEO plugin. -->","yoast_head_json":{"title":"Vetus NLP60 vesilukko\/vaimennin 60mm pakoletkulle, 10l","description":"Veneeseen Vesilukko. Vetus laadukas ja edullisesti Veneakselisto.com. Veneen vesilukko. Vetus NLP60 vesilukko\/vaimennin 60mm pakoletkulle, 10l","robots":{"index":"index","follow":"follow","max-snippet":"max-snippet:-1","max-image-preview":"max-image-preview:large","max-video-preview":"max-video-preview:-1"},"canonical":"https:\/\/veneakselisto.com\/kauppa\/tuote\/vetus-nlp60-vesilukko-60mm-pakoletkulle-10l\/","og_locale":"fi_FI","og_type":"article","og_title":"Vetus NLP60 vesilukko\/vaimennin 60mm pakoletkulle, 10l","og_description":"Veneeseen Vesilukko. Vetus laadukas ja edullisesti Veneakselisto.com. Veneen vesilukko. Vetus NLP60 vesilukko\/vaimennin 60mm pakoletkulle, 10l","og_url":"https:\/\/veneakselisto.com\/kauppa\/tuote\/vetus-nlp60-vesilukko-60mm-pakoletkulle-10l\/","og_site_name":"Veneakselisto.com - verkkokauppa","article_publisher":"https:\/\/www.facebook.com\/AlaMikkula\/","article_modified_time":"2026-04-01T08:25:04+00:00","og_image":[{"width":700,"height":700,"url":"https:\/\/veneakselisto.com\/kauppa\/wp-content\/uploads\/2016\/03\/NLP_01.jpg","type":"image\/jpeg"}],"twitter_card":"summary_large_image","twitter_misc":{"Arvioitu lukuaika":"1 minuutti"},"schema":{"@context":"https:\/\/schema.org","@graph":[{"@type":"WebPage","@id":"https:\/\/veneakselisto.com\/kauppa\/tuote\/vetus-nlp60-vesilukko-60mm-pakoletkulle-10l\/","url":"https:\/\/veneakselisto.com\/kauppa\/tuote\/vetus-nlp60-vesilukko-60mm-pakoletkulle-10l\/","name":"Vetus NLP60 vesilukko\/vaimennin 60mm pakoletkulle, 10l","isPartOf":{"@id":"https:\/\/veneakselisto.com\/kauppa\/#website"},"primaryImageOfPage":{"@id":"https:\/\/veneakselisto.com\/kauppa\/tuote\/vetus-nlp60-vesilukko-60mm-pakoletkulle-10l\/#primaryimage"},"image":{"@id":"https:\/\/veneakselisto.com\/kauppa\/tuote\/vetus-nlp60-vesilukko-60mm-pakoletkulle-10l\/#primaryimage"},"thumbnailUrl":"https:\/\/i0.wp.com\/veneakselisto.com\/kauppa\/wp-content\/uploads\/2016\/03\/NLP_01.jpg?fit=700%2C700&ssl=1","datePublished":"2016-03-09T13:57:23+00:00","dateModified":"2026-04-01T08:25:04+00:00","description":"Veneeseen Vesilukko. Vetus laadukas ja edullisesti Veneakselisto.com. Veneen vesilukko. Vetus NLP60 vesilukko\/vaimennin 60mm pakoletkulle, 10l","breadcrumb":{"@id":"https:\/\/veneakselisto.com\/kauppa\/tuote\/vetus-nlp60-vesilukko-60mm-pakoletkulle-10l\/#breadcrumb"},"inLanguage":"fi","potentialAction":[{"@type":"ReadAction","target":["https:\/\/veneakselisto.com\/kauppa\/tuote\/vetus-nlp60-vesilukko-60mm-pakoletkulle-10l\/"]}]},{"@type":"ImageObject","inLanguage":"fi","@id":"https:\/\/veneakselisto.com\/kauppa\/tuote\/vetus-nlp60-vesilukko-60mm-pakoletkulle-10l\/#primaryimage","url":"https:\/\/i0.wp.com\/veneakselisto.com\/kauppa\/wp-content\/uploads\/2016\/03\/NLP_01.jpg?fit=700%2C700&ssl=1","contentUrl":"https:\/\/i0.wp.com\/veneakselisto.com\/kauppa\/wp-content\/uploads\/2016\/03\/NLP_01.jpg?fit=700%2C700&ssl=1","width":700,"height":700,"caption":"Vetus NLP vesilukot - veneakselisto.com verkkokauppa"},{"@type":"BreadcrumbList","@id":"https:\/\/veneakselisto.com\/kauppa\/tuote\/vetus-nlp60-vesilukko-60mm-pakoletkulle-10l\/#breadcrumb","itemListElement":[{"@type":"ListItem","position":1,"name":"Etusivu","item":"https:\/\/veneakselisto.com\/kauppa\/"},{"@type":"ListItem","position":2,"name":"Kauppa","item":"https:\/\/veneakselisto.com\/kauppa\/"},{"@type":"ListItem","position":3,"name":"Vetus NLP60 vesilukko\/vaimennin 60mm pakoletkulle, 10l"}]},{"@type":"WebSite","@id":"https:\/\/veneakselisto.com\/kauppa\/#website","url":"https:\/\/veneakselisto.com\/kauppa\/","name":"Veneakselisto.com - verkkokauppa","description":"Venetarvikkeiden maahantuonti ja myynti","publisher":{"@id":"https:\/\/veneakselisto.com\/kauppa\/#organization"},"potentialAction":[{"@type":"SearchAction","target":{"@type":"EntryPoint","urlTemplate":"https:\/\/veneakselisto.com\/kauppa\/?s={search_term_string}"},"query-input":{"@type":"PropertyValueSpecification","valueRequired":true,"valueName":"search_term_string"}}],"inLanguage":"fi"},{"@type":"Organization","@id":"https:\/\/veneakselisto.com\/kauppa\/#organization","name":"Veneakselisto.com verkkokauppa","url":"https:\/\/veneakselisto.com\/kauppa\/","logo":{"@type":"ImageObject","inLanguage":"fi","@id":"https:\/\/veneakselisto.com\/kauppa\/#\/schema\/logo\/image\/","url":"https:\/\/i2.wp.com\/veneakselisto.com\/kauppa\/wp-content\/uploads\/2016\/06\/fb_icon.jpg?fit=327%2C327&ssl=1","contentUrl":"https:\/\/i2.wp.com\/veneakselisto.com\/kauppa\/wp-content\/uploads\/2016\/06\/fb_icon.jpg?fit=327%2C327&ssl=1","width":327,"height":327,"caption":"Veneakselisto.com verkkokauppa"},"image":{"@id":"https:\/\/veneakselisto.com\/kauppa\/#\/schema\/logo\/image\/"},"sameAs":["https:\/\/www.facebook.com\/AlaMikkula\/"]}]}},"jetpack_publicize_connections":[],"jetpack_sharing_enabled":true,"_links":{"self":[{"href":"https:\/\/veneakselisto.com\/kauppa\/wp-json\/wp\/v2\/product\/475","targetHints":{"allow":["GET"]}}],"collection":[{"href":"https:\/\/veneakselisto.com\/kauppa\/wp-json\/wp\/v2\/product"}],"about":[{"href":"https:\/\/veneakselisto.com\/kauppa\/wp-json\/wp\/v2\/types\/product"}],"replies":[{"embeddable":true,"href":"https:\/\/veneakselisto.com\/kauppa\/wp-json\/wp\/v2\/comments?post=475"}],"wp:featuredmedia":[{"embeddable":true,"href":"https:\/\/veneakselisto.com\/kauppa\/wp-json\/wp\/v2\/media\/471"}],"wp:attachment":[{"href":"https:\/\/veneakselisto.com\/kauppa\/wp-json\/wp\/v2\/media?parent=475"}],"wp:term":[{"taxonomy":"product_brand","embeddable":true,"href":"https:\/\/veneakselisto.com\/kauppa\/wp-json\/wp\/v2\/product_brand?post=475"},{"taxonomy":"product_cat","embeddable":true,"href":"https:\/\/veneakselisto.com\/kauppa\/wp-json\/wp\/v2\/product_cat?post=475"},{"taxonomy":"product_tag","embeddable":true,"href":"https:\/\/veneakselisto.com\/kauppa\/wp-json\/wp\/v2\/product_tag?post=475"}],"curies":[{"name":"wp","href":"https:\/\/api.w.org\/{rel}","templated":true}]}}