{"id":4744,"date":"2019-04-19T18:11:32","date_gmt":"2019-04-19T15:11:32","guid":{"rendered":"https:\/\/veneakselisto.com\/kauppa\/?post_type=product&#038;p=4744"},"modified":"2025-06-11T13:42:12","modified_gmt":"2025-06-11T10:42:12","slug":"vesipumpun-korjaussarjat-volvo-penta-d30-d31-d32-d40-d41-d42","status":"publish","type":"product","link":"https:\/\/veneakselisto.com\/kauppa\/tuote\/vesipumpun-korjaussarjat-volvo-penta-d30-d31-d32-d40-d41-d42\/","title":{"rendered":"Vesipumpun korjaussarjat Volvo Penta D30-D42"},"content":{"rendered":"<p>Vesipumpun korjaussarjat Volvo Penta D30-D42 OEM 877373<\/p>\n<p>SOPIVUUS:<\/p>\n<p>D30, D31, D32, D40, D41, D42, D43, D44<br \/>\nAD30A, AQAD30A, MD30A, TAMD30A, TMD30A<br \/>\nAD31A, AD31B, AD31D, AD31XD, AQAD31A, MD31A<br \/>\nTAMD31A, TAMD31B, TAMD31D, TMD31A, TMD31B, TMD31D<br \/>\nKAD32P-A<br \/>\nAQD40A, MD40A, TMD40A, TMD40B, TMD40C<br \/>\nAD41A, AD41B, AD41D, AQAD41A<br \/>\nD14A, D14B, D14D, TAMD41A, TAMD41B, TAMD41D<br \/>\nTMD41A, TMD41AB, TMD41D<br \/>\nKAD42A, KAD42B, KAD42P-A<br \/>\nKAMD42A, KAMD42B, KAMD42P-A<br \/>\nTAMD42B, TAMD42WJ-A<br \/>\nKAD43P-A, KAMD43P-A<br \/>\nKAD44P-A, KAMD44P-A<br \/>\nImpeller 65 mm 15593<br \/>\nF\u00f6r pump med sex skruvar i locket<br \/>\nFor pump with six screws in cover<br \/>\n22136-2 inkluderar axel\/Includs shaft<\/p>\n","protected":false},"excerpt":{"rendered":"<p>Orbitrade Vesipumpun korjaussarja<\/p>\n<p>D30, D31, D32, D40, D41, D42, D43, D44<br \/>\nAD30A, AQAD30A, MD30A, TAMD30A, TMD30A<br \/>\nAD31A, AD31B, AD31D, AD31XD, AQAD31A, MD31A<br \/>\nTAMD31A, TAMD31B, TAMD31D, TMD31A, TMD31B, TMD31D<br \/>\nKAD32P-A<br \/>\nAQD40A, MD40A, TMD40A, TMD40B, TMD40C<br \/>\nAD41A, AD41B, AD41D, AQAD41A<br \/>\nD14A, D14B, D14D, TAMD41A, TAMD41B, TAMD41D<br \/>\nTMD41A, TMD41AB, TMD41D<br \/>\nKAD42A, KAD42B, KAD42P-A<br \/>\nKAMD42A, KAMD42B, KAMD42P-A<br \/>\nTAMD42B, TAMD42WJ-A<br \/>\nKAD43P-A, KAMD43P-A<br \/>\nKAD44P-A, KAMD44P-A<br \/>\nNormaali toimitusaika kaikilla tuotteilla 1-5 p\u00e4iv\u00e4\u00e4.<\/p>\n","protected":false},"featured_media":4745,"comment_status":"open","ping_status":"closed","template":"","meta":{"jetpack_post_was_ever_published":false,"jetpack_publicize_message":"","jetpack_publicize_feature_enabled":true,"jetpack_social_post_already_shared":true,"jetpack_social_options":{"image_generator_settings":{"template":"highway","default_image_id":0,"font":"","enabled":false},"version":2}},"product_brand":[],"product_cat":[517],"product_tag":[601,324],"class_list":{"0":"post-4744","1":"product","2":"type-product","3":"status-publish","4":"has-post-thumbnail","6":"product_cat-volvo_penta_vesipumpun_korjaussarja","7":"product_tag-vesipumpun-korjaussarja","8":"product_tag-volvo-penta","9":"brand-orbitrade-marine","11":"first","12":"instock","13":"sale","14":"taxable","15":"shipping-taxable","16":"purchasable","17":"product-type-simple"},"yoast_head":"<!-- This site is optimized with the Yoast SEO plugin v27.3 - https:\/\/yoast.com\/product\/yoast-seo-wordpress\/ -->\n<title>Vesipumpun korjaussarjat Volvo Penta D30-D42 - Veneakselisto.com<\/title>\n<meta name=\"description\" content=\"Vesipumpun korjaussarjat Volvo Penta D30-D42 OEM 877373. Orbitrade vesipumpun korjaussarjat Volvo Penta merimoottoreihin toimittaa Veneakselisto.com\" \/>\n<meta name=\"robots\" content=\"index, follow, max-snippet:-1, max-image-preview:large, max-video-preview:-1\" \/>\n<link rel=\"canonical\" href=\"https:\/\/veneakselisto.com\/kauppa\/tuote\/vesipumpun-korjaussarjat-volvo-penta-d30-d31-d32-d40-d41-d42\/\" \/>\n<meta property=\"og:locale\" content=\"fi_FI\" \/>\n<meta property=\"og:type\" content=\"article\" \/>\n<meta property=\"og:title\" content=\"Vesipumpun korjaussarjat Volvo Penta D30-D42 - Veneakselisto.com\" \/>\n<meta property=\"og:description\" content=\"Vesipumpun korjaussarjat Volvo Penta D30-D42 OEM 877373. Orbitrade vesipumpun korjaussarjat Volvo Penta merimoottoreihin toimittaa Veneakselisto.com\" \/>\n<meta property=\"og:url\" content=\"https:\/\/veneakselisto.com\/kauppa\/tuote\/vesipumpun-korjaussarjat-volvo-penta-d30-d31-d32-d40-d41-d42\/\" \/>\n<meta property=\"og:site_name\" content=\"Veneakselisto.com - verkkokauppa\" \/>\n<meta property=\"article:publisher\" content=\"https:\/\/www.facebook.com\/AlaMikkula\/\" \/>\n<meta property=\"article:modified_time\" content=\"2025-06-11T10:42:12+00:00\" \/>\n<meta property=\"og:image\" content=\"https:\/\/veneakselisto.com\/kauppa\/wp-content\/uploads\/2019\/04\/22136.jpg\" \/>\n\t<meta property=\"og:image:width\" content=\"700\" \/>\n\t<meta property=\"og:image:height\" content=\"700\" \/>\n\t<meta property=\"og:image:type\" content=\"image\/jpeg\" \/>\n<meta name=\"twitter:card\" content=\"summary_large_image\" \/>\n<meta name=\"twitter:label1\" content=\"Arvioitu lukuaika\" \/>\n\t<meta name=\"twitter:data1\" content=\"1 minuutti\" \/>\n<script type=\"application\/ld+json\" class=\"yoast-schema-graph\">{\"@context\":\"https:\\\/\\\/schema.org\",\"@graph\":[{\"@type\":\"WebPage\",\"@id\":\"https:\\\/\\\/veneakselisto.com\\\/kauppa\\\/tuote\\\/vesipumpun-korjaussarjat-volvo-penta-d30-d31-d32-d40-d41-d42\\\/\",\"url\":\"https:\\\/\\\/veneakselisto.com\\\/kauppa\\\/tuote\\\/vesipumpun-korjaussarjat-volvo-penta-d30-d31-d32-d40-d41-d42\\\/\",\"name\":\"Vesipumpun korjaussarjat Volvo Penta D30-D42 - Veneakselisto.com\",\"isPartOf\":{\"@id\":\"https:\\\/\\\/veneakselisto.com\\\/kauppa\\\/#website\"},\"primaryImageOfPage\":{\"@id\":\"https:\\\/\\\/veneakselisto.com\\\/kauppa\\\/tuote\\\/vesipumpun-korjaussarjat-volvo-penta-d30-d31-d32-d40-d41-d42\\\/#primaryimage\"},\"image\":{\"@id\":\"https:\\\/\\\/veneakselisto.com\\\/kauppa\\\/tuote\\\/vesipumpun-korjaussarjat-volvo-penta-d30-d31-d32-d40-d41-d42\\\/#primaryimage\"},\"thumbnailUrl\":\"https:\\\/\\\/i0.wp.com\\\/veneakselisto.com\\\/kauppa\\\/wp-content\\\/uploads\\\/2019\\\/04\\\/22136.jpg?fit=700%2C700&ssl=1\",\"datePublished\":\"2019-04-19T15:11:32+00:00\",\"dateModified\":\"2025-06-11T10:42:12+00:00\",\"description\":\"Vesipumpun korjaussarjat Volvo Penta D30-D42 OEM 877373. Orbitrade vesipumpun korjaussarjat Volvo Penta merimoottoreihin toimittaa Veneakselisto.com\",\"breadcrumb\":{\"@id\":\"https:\\\/\\\/veneakselisto.com\\\/kauppa\\\/tuote\\\/vesipumpun-korjaussarjat-volvo-penta-d30-d31-d32-d40-d41-d42\\\/#breadcrumb\"},\"inLanguage\":\"fi\",\"potentialAction\":[{\"@type\":\"ReadAction\",\"target\":[\"https:\\\/\\\/veneakselisto.com\\\/kauppa\\\/tuote\\\/vesipumpun-korjaussarjat-volvo-penta-d30-d31-d32-d40-d41-d42\\\/\"]}]},{\"@type\":\"ImageObject\",\"inLanguage\":\"fi\",\"@id\":\"https:\\\/\\\/veneakselisto.com\\\/kauppa\\\/tuote\\\/vesipumpun-korjaussarjat-volvo-penta-d30-d31-d32-d40-d41-d42\\\/#primaryimage\",\"url\":\"https:\\\/\\\/i0.wp.com\\\/veneakselisto.com\\\/kauppa\\\/wp-content\\\/uploads\\\/2019\\\/04\\\/22136.jpg?fit=700%2C700&ssl=1\",\"contentUrl\":\"https:\\\/\\\/i0.wp.com\\\/veneakselisto.com\\\/kauppa\\\/wp-content\\\/uploads\\\/2019\\\/04\\\/22136.jpg?fit=700%2C700&ssl=1\",\"width\":700,\"height\":700,\"caption\":\"Volvo Penta vesipumpun korjaussarja\"},{\"@type\":\"BreadcrumbList\",\"@id\":\"https:\\\/\\\/veneakselisto.com\\\/kauppa\\\/tuote\\\/vesipumpun-korjaussarjat-volvo-penta-d30-d31-d32-d40-d41-d42\\\/#breadcrumb\",\"itemListElement\":[{\"@type\":\"ListItem\",\"position\":1,\"name\":\"Etusivu\",\"item\":\"https:\\\/\\\/veneakselisto.com\\\/kauppa\\\/\"},{\"@type\":\"ListItem\",\"position\":2,\"name\":\"Kauppa\",\"item\":\"https:\\\/\\\/veneakselisto.com\\\/kauppa\\\/\"},{\"@type\":\"ListItem\",\"position\":3,\"name\":\"Vesipumpun korjaussarjat Volvo Penta D30-D42\"}]},{\"@type\":\"WebSite\",\"@id\":\"https:\\\/\\\/veneakselisto.com\\\/kauppa\\\/#website\",\"url\":\"https:\\\/\\\/veneakselisto.com\\\/kauppa\\\/\",\"name\":\"Veneakselisto.com - verkkokauppa\",\"description\":\"Venetarvikkeiden maahantuonti ja myynti\",\"publisher\":{\"@id\":\"https:\\\/\\\/veneakselisto.com\\\/kauppa\\\/#organization\"},\"potentialAction\":[{\"@type\":\"SearchAction\",\"target\":{\"@type\":\"EntryPoint\",\"urlTemplate\":\"https:\\\/\\\/veneakselisto.com\\\/kauppa\\\/?s={search_term_string}\"},\"query-input\":{\"@type\":\"PropertyValueSpecification\",\"valueRequired\":true,\"valueName\":\"search_term_string\"}}],\"inLanguage\":\"fi\"},{\"@type\":\"Organization\",\"@id\":\"https:\\\/\\\/veneakselisto.com\\\/kauppa\\\/#organization\",\"name\":\"Veneakselisto.com verkkokauppa\",\"url\":\"https:\\\/\\\/veneakselisto.com\\\/kauppa\\\/\",\"logo\":{\"@type\":\"ImageObject\",\"inLanguage\":\"fi\",\"@id\":\"https:\\\/\\\/veneakselisto.com\\\/kauppa\\\/#\\\/schema\\\/logo\\\/image\\\/\",\"url\":\"https:\\\/\\\/i2.wp.com\\\/veneakselisto.com\\\/kauppa\\\/wp-content\\\/uploads\\\/2016\\\/06\\\/fb_icon.jpg?fit=327%2C327&ssl=1\",\"contentUrl\":\"https:\\\/\\\/i2.wp.com\\\/veneakselisto.com\\\/kauppa\\\/wp-content\\\/uploads\\\/2016\\\/06\\\/fb_icon.jpg?fit=327%2C327&ssl=1\",\"width\":327,\"height\":327,\"caption\":\"Veneakselisto.com verkkokauppa\"},\"image\":{\"@id\":\"https:\\\/\\\/veneakselisto.com\\\/kauppa\\\/#\\\/schema\\\/logo\\\/image\\\/\"},\"sameAs\":[\"https:\\\/\\\/www.facebook.com\\\/AlaMikkula\\\/\"]}]}<\/script>\n<!-- \/ Yoast SEO plugin. -->","yoast_head_json":{"title":"Vesipumpun korjaussarjat Volvo Penta D30-D42 - Veneakselisto.com","description":"Vesipumpun korjaussarjat Volvo Penta D30-D42 OEM 877373. Orbitrade vesipumpun korjaussarjat Volvo Penta merimoottoreihin toimittaa Veneakselisto.com","robots":{"index":"index","follow":"follow","max-snippet":"max-snippet:-1","max-image-preview":"max-image-preview:large","max-video-preview":"max-video-preview:-1"},"canonical":"https:\/\/veneakselisto.com\/kauppa\/tuote\/vesipumpun-korjaussarjat-volvo-penta-d30-d31-d32-d40-d41-d42\/","og_locale":"fi_FI","og_type":"article","og_title":"Vesipumpun korjaussarjat Volvo Penta D30-D42 - Veneakselisto.com","og_description":"Vesipumpun korjaussarjat Volvo Penta D30-D42 OEM 877373. Orbitrade vesipumpun korjaussarjat Volvo Penta merimoottoreihin toimittaa Veneakselisto.com","og_url":"https:\/\/veneakselisto.com\/kauppa\/tuote\/vesipumpun-korjaussarjat-volvo-penta-d30-d31-d32-d40-d41-d42\/","og_site_name":"Veneakselisto.com - verkkokauppa","article_publisher":"https:\/\/www.facebook.com\/AlaMikkula\/","article_modified_time":"2025-06-11T10:42:12+00:00","og_image":[{"width":700,"height":700,"url":"https:\/\/veneakselisto.com\/kauppa\/wp-content\/uploads\/2019\/04\/22136.jpg","type":"image\/jpeg"}],"twitter_card":"summary_large_image","twitter_misc":{"Arvioitu lukuaika":"1 minuutti"},"schema":{"@context":"https:\/\/schema.org","@graph":[{"@type":"WebPage","@id":"https:\/\/veneakselisto.com\/kauppa\/tuote\/vesipumpun-korjaussarjat-volvo-penta-d30-d31-d32-d40-d41-d42\/","url":"https:\/\/veneakselisto.com\/kauppa\/tuote\/vesipumpun-korjaussarjat-volvo-penta-d30-d31-d32-d40-d41-d42\/","name":"Vesipumpun korjaussarjat Volvo Penta D30-D42 - Veneakselisto.com","isPartOf":{"@id":"https:\/\/veneakselisto.com\/kauppa\/#website"},"primaryImageOfPage":{"@id":"https:\/\/veneakselisto.com\/kauppa\/tuote\/vesipumpun-korjaussarjat-volvo-penta-d30-d31-d32-d40-d41-d42\/#primaryimage"},"image":{"@id":"https:\/\/veneakselisto.com\/kauppa\/tuote\/vesipumpun-korjaussarjat-volvo-penta-d30-d31-d32-d40-d41-d42\/#primaryimage"},"thumbnailUrl":"https:\/\/i0.wp.com\/veneakselisto.com\/kauppa\/wp-content\/uploads\/2019\/04\/22136.jpg?fit=700%2C700&ssl=1","datePublished":"2019-04-19T15:11:32+00:00","dateModified":"2025-06-11T10:42:12+00:00","description":"Vesipumpun korjaussarjat Volvo Penta D30-D42 OEM 877373. Orbitrade vesipumpun korjaussarjat Volvo Penta merimoottoreihin toimittaa Veneakselisto.com","breadcrumb":{"@id":"https:\/\/veneakselisto.com\/kauppa\/tuote\/vesipumpun-korjaussarjat-volvo-penta-d30-d31-d32-d40-d41-d42\/#breadcrumb"},"inLanguage":"fi","potentialAction":[{"@type":"ReadAction","target":["https:\/\/veneakselisto.com\/kauppa\/tuote\/vesipumpun-korjaussarjat-volvo-penta-d30-d31-d32-d40-d41-d42\/"]}]},{"@type":"ImageObject","inLanguage":"fi","@id":"https:\/\/veneakselisto.com\/kauppa\/tuote\/vesipumpun-korjaussarjat-volvo-penta-d30-d31-d32-d40-d41-d42\/#primaryimage","url":"https:\/\/i0.wp.com\/veneakselisto.com\/kauppa\/wp-content\/uploads\/2019\/04\/22136.jpg?fit=700%2C700&ssl=1","contentUrl":"https:\/\/i0.wp.com\/veneakselisto.com\/kauppa\/wp-content\/uploads\/2019\/04\/22136.jpg?fit=700%2C700&ssl=1","width":700,"height":700,"caption":"Volvo Penta vesipumpun korjaussarja"},{"@type":"BreadcrumbList","@id":"https:\/\/veneakselisto.com\/kauppa\/tuote\/vesipumpun-korjaussarjat-volvo-penta-d30-d31-d32-d40-d41-d42\/#breadcrumb","itemListElement":[{"@type":"ListItem","position":1,"name":"Etusivu","item":"https:\/\/veneakselisto.com\/kauppa\/"},{"@type":"ListItem","position":2,"name":"Kauppa","item":"https:\/\/veneakselisto.com\/kauppa\/"},{"@type":"ListItem","position":3,"name":"Vesipumpun korjaussarjat Volvo Penta D30-D42"}]},{"@type":"WebSite","@id":"https:\/\/veneakselisto.com\/kauppa\/#website","url":"https:\/\/veneakselisto.com\/kauppa\/","name":"Veneakselisto.com - verkkokauppa","description":"Venetarvikkeiden maahantuonti ja myynti","publisher":{"@id":"https:\/\/veneakselisto.com\/kauppa\/#organization"},"potentialAction":[{"@type":"SearchAction","target":{"@type":"EntryPoint","urlTemplate":"https:\/\/veneakselisto.com\/kauppa\/?s={search_term_string}"},"query-input":{"@type":"PropertyValueSpecification","valueRequired":true,"valueName":"search_term_string"}}],"inLanguage":"fi"},{"@type":"Organization","@id":"https:\/\/veneakselisto.com\/kauppa\/#organization","name":"Veneakselisto.com verkkokauppa","url":"https:\/\/veneakselisto.com\/kauppa\/","logo":{"@type":"ImageObject","inLanguage":"fi","@id":"https:\/\/veneakselisto.com\/kauppa\/#\/schema\/logo\/image\/","url":"https:\/\/i2.wp.com\/veneakselisto.com\/kauppa\/wp-content\/uploads\/2016\/06\/fb_icon.jpg?fit=327%2C327&ssl=1","contentUrl":"https:\/\/i2.wp.com\/veneakselisto.com\/kauppa\/wp-content\/uploads\/2016\/06\/fb_icon.jpg?fit=327%2C327&ssl=1","width":327,"height":327,"caption":"Veneakselisto.com verkkokauppa"},"image":{"@id":"https:\/\/veneakselisto.com\/kauppa\/#\/schema\/logo\/image\/"},"sameAs":["https:\/\/www.facebook.com\/AlaMikkula\/"]}]}},"jetpack_publicize_connections":[],"jetpack_sharing_enabled":true,"_links":{"self":[{"href":"https:\/\/veneakselisto.com\/kauppa\/wp-json\/wp\/v2\/product\/4744","targetHints":{"allow":["GET"]}}],"collection":[{"href":"https:\/\/veneakselisto.com\/kauppa\/wp-json\/wp\/v2\/product"}],"about":[{"href":"https:\/\/veneakselisto.com\/kauppa\/wp-json\/wp\/v2\/types\/product"}],"replies":[{"embeddable":true,"href":"https:\/\/veneakselisto.com\/kauppa\/wp-json\/wp\/v2\/comments?post=4744"}],"wp:featuredmedia":[{"embeddable":true,"href":"https:\/\/veneakselisto.com\/kauppa\/wp-json\/wp\/v2\/media\/4745"}],"wp:attachment":[{"href":"https:\/\/veneakselisto.com\/kauppa\/wp-json\/wp\/v2\/media?parent=4744"}],"wp:term":[{"taxonomy":"product_brand","embeddable":true,"href":"https:\/\/veneakselisto.com\/kauppa\/wp-json\/wp\/v2\/product_brand?post=4744"},{"taxonomy":"product_cat","embeddable":true,"href":"https:\/\/veneakselisto.com\/kauppa\/wp-json\/wp\/v2\/product_cat?post=4744"},{"taxonomy":"product_tag","embeddable":true,"href":"https:\/\/veneakselisto.com\/kauppa\/wp-json\/wp\/v2\/product_tag?post=4744"}],"curies":[{"name":"wp","href":"https:\/\/api.w.org\/{rel}","templated":true}]}}