{"id":4739,"date":"2019-04-19T18:05:14","date_gmt":"2019-04-19T15:05:14","guid":{"rendered":"https:\/\/veneakselisto.com\/kauppa\/?post_type=product&#038;p=4739"},"modified":"2024-08-31T23:40:50","modified_gmt":"2024-08-31T20:40:50","slug":"vesipumpun-korjaussarjat-volvo-penta-d5-d6-d7-d11","status":"publish","type":"product","link":"https:\/\/veneakselisto.com\/kauppa\/tuote\/vesipumpun-korjaussarjat-volvo-penta-d5-d6-d7-d11\/","title":{"rendered":"Vesipumpun korjaussarjat Volvo Penta D5, D6, D7, D11 OEM 875584"},"content":{"rendered":"<p>Vesipumpun korjaussarjat Volvo Penta D5, D6, D7, D11 OEM 875584<\/p>\n<p>SOPIVUUS: OEM 875584<\/p>\n<p>MD5, MD6, MD7, MD11<br \/>\nMD5A, MD5B, MD5C<br \/>\nMD6B<br \/>\nMD7A, MD7B<br \/>\nMD11C, MD11D<br \/>\nLock och kam ing\u00e5r ej\/Cover and cam not included<br \/>\nImpeller 15583<br \/>\nF\u00f6r pumpar med glidlager\/For pumps with plain bearing<\/p>\n","protected":false},"excerpt":{"rendered":"<p>Orbitrade Vesipumpun korjaussarja OEM 875584<\/p>\n<p>MD5, MD6, MD7, MD11<br \/>\nMD5A, MD5B, MD5C<br \/>\nMD6B<br \/>\nMD7A, MD7B<br \/>\nMD11C, MD11D<br \/>\nLock och kam ing\u00e5r ej\/Cover and cam not included<br \/>\nImpeller 15583<br \/>\nF\u00f6r pumpar med glidlager\/For pumps with plain bearing<\/p>\n<p>Normaali toimitusaika kaikilla tuotteilla 1-5 p\u00e4iv\u00e4\u00e4.<\/p>\n","protected":false},"featured_media":4740,"comment_status":"open","ping_status":"closed","template":"","meta":{"jetpack_post_was_ever_published":false,"jetpack_publicize_message":"","jetpack_publicize_feature_enabled":true,"jetpack_social_post_already_shared":true,"jetpack_social_options":{"image_generator_settings":{"template":"highway","default_image_id":0,"font":"","enabled":false},"version":2}},"product_brand":[],"product_cat":[517],"product_tag":[],"class_list":{"0":"post-4739","1":"product","2":"type-product","3":"status-publish","4":"has-post-thumbnail","6":"product_cat-volvo_penta_vesipumpun_korjaussarja","8":"first","9":"instock","10":"taxable","11":"shipping-taxable","12":"purchasable","13":"product-type-simple"},"yoast_head":"<!-- This site is optimized with the Yoast SEO plugin v27.4 - https:\/\/yoast.com\/product\/yoast-seo-wordpress\/ -->\n<title>Vesipumpun korjaussarjat Volvo Penta OEM 875584 - Veneakselisto<\/title>\n<meta name=\"description\" content=\"Vesipumpun korjaussarjat Volvo Penta D5, D6, D7, D11 OEM 875584. Orbitrade vesipumpun korjaussarjat Volvo Penta merimoottoreihin toimittaa veneakselisto.com\" \/>\n<meta name=\"robots\" content=\"index, follow, max-snippet:-1, max-image-preview:large, max-video-preview:-1\" \/>\n<link rel=\"canonical\" href=\"https:\/\/veneakselisto.com\/kauppa\/tuote\/vesipumpun-korjaussarjat-volvo-penta-d5-d6-d7-d11\/\" \/>\n<meta property=\"og:locale\" content=\"fi_FI\" \/>\n<meta property=\"og:type\" content=\"article\" \/>\n<meta property=\"og:title\" content=\"Vesipumpun korjaussarjat Volvo Penta OEM 875584 - Veneakselisto\" \/>\n<meta property=\"og:description\" content=\"Vesipumpun korjaussarjat Volvo Penta D5, D6, D7, D11 OEM 875584. Orbitrade vesipumpun korjaussarjat Volvo Penta merimoottoreihin toimittaa veneakselisto.com\" \/>\n<meta property=\"og:url\" content=\"https:\/\/veneakselisto.com\/kauppa\/tuote\/vesipumpun-korjaussarjat-volvo-penta-d5-d6-d7-d11\/\" \/>\n<meta property=\"og:site_name\" content=\"Veneakselisto.com - verkkokauppa\" \/>\n<meta property=\"article:publisher\" content=\"https:\/\/www.facebook.com\/AlaMikkula\/\" \/>\n<meta property=\"article:modified_time\" content=\"2024-08-31T20:40:50+00:00\" \/>\n<meta property=\"og:image\" content=\"https:\/\/veneakselisto.com\/kauppa\/wp-content\/uploads\/2019\/04\/15584.jpg\" \/>\n\t<meta property=\"og:image:width\" content=\"700\" \/>\n\t<meta property=\"og:image:height\" content=\"700\" \/>\n\t<meta property=\"og:image:type\" content=\"image\/jpeg\" \/>\n<meta name=\"twitter:card\" content=\"summary_large_image\" \/>\n<script type=\"application\/ld+json\" class=\"yoast-schema-graph\">{\"@context\":\"https:\\\/\\\/schema.org\",\"@graph\":[{\"@type\":\"WebPage\",\"@id\":\"https:\\\/\\\/veneakselisto.com\\\/kauppa\\\/tuote\\\/vesipumpun-korjaussarjat-volvo-penta-d5-d6-d7-d11\\\/\",\"url\":\"https:\\\/\\\/veneakselisto.com\\\/kauppa\\\/tuote\\\/vesipumpun-korjaussarjat-volvo-penta-d5-d6-d7-d11\\\/\",\"name\":\"Vesipumpun korjaussarjat Volvo Penta OEM 875584 - Veneakselisto\",\"isPartOf\":{\"@id\":\"https:\\\/\\\/veneakselisto.com\\\/kauppa\\\/#website\"},\"primaryImageOfPage\":{\"@id\":\"https:\\\/\\\/veneakselisto.com\\\/kauppa\\\/tuote\\\/vesipumpun-korjaussarjat-volvo-penta-d5-d6-d7-d11\\\/#primaryimage\"},\"image\":{\"@id\":\"https:\\\/\\\/veneakselisto.com\\\/kauppa\\\/tuote\\\/vesipumpun-korjaussarjat-volvo-penta-d5-d6-d7-d11\\\/#primaryimage\"},\"thumbnailUrl\":\"https:\\\/\\\/i0.wp.com\\\/veneakselisto.com\\\/kauppa\\\/wp-content\\\/uploads\\\/2019\\\/04\\\/15584.jpg?fit=700%2C700&ssl=1\",\"datePublished\":\"2019-04-19T15:05:14+00:00\",\"dateModified\":\"2024-08-31T20:40:50+00:00\",\"description\":\"Vesipumpun korjaussarjat Volvo Penta D5, D6, D7, D11 OEM 875584. Orbitrade vesipumpun korjaussarjat Volvo Penta merimoottoreihin toimittaa veneakselisto.com\",\"breadcrumb\":{\"@id\":\"https:\\\/\\\/veneakselisto.com\\\/kauppa\\\/tuote\\\/vesipumpun-korjaussarjat-volvo-penta-d5-d6-d7-d11\\\/#breadcrumb\"},\"inLanguage\":\"fi\",\"potentialAction\":[{\"@type\":\"ReadAction\",\"target\":[\"https:\\\/\\\/veneakselisto.com\\\/kauppa\\\/tuote\\\/vesipumpun-korjaussarjat-volvo-penta-d5-d6-d7-d11\\\/\"]}]},{\"@type\":\"ImageObject\",\"inLanguage\":\"fi\",\"@id\":\"https:\\\/\\\/veneakselisto.com\\\/kauppa\\\/tuote\\\/vesipumpun-korjaussarjat-volvo-penta-d5-d6-d7-d11\\\/#primaryimage\",\"url\":\"https:\\\/\\\/i0.wp.com\\\/veneakselisto.com\\\/kauppa\\\/wp-content\\\/uploads\\\/2019\\\/04\\\/15584.jpg?fit=700%2C700&ssl=1\",\"contentUrl\":\"https:\\\/\\\/i0.wp.com\\\/veneakselisto.com\\\/kauppa\\\/wp-content\\\/uploads\\\/2019\\\/04\\\/15584.jpg?fit=700%2C700&ssl=1\",\"width\":700,\"height\":700,\"caption\":\"Vesipumpun korjaussarjat Volvo Penta 875584\"},{\"@type\":\"BreadcrumbList\",\"@id\":\"https:\\\/\\\/veneakselisto.com\\\/kauppa\\\/tuote\\\/vesipumpun-korjaussarjat-volvo-penta-d5-d6-d7-d11\\\/#breadcrumb\",\"itemListElement\":[{\"@type\":\"ListItem\",\"position\":1,\"name\":\"Etusivu\",\"item\":\"https:\\\/\\\/veneakselisto.com\\\/kauppa\\\/\"},{\"@type\":\"ListItem\",\"position\":2,\"name\":\"Kauppa\",\"item\":\"https:\\\/\\\/veneakselisto.com\\\/kauppa\\\/\"},{\"@type\":\"ListItem\",\"position\":3,\"name\":\"Vesipumpun korjaussarjat Volvo Penta D5, D6, D7, D11 OEM 875584\"}]},{\"@type\":\"WebSite\",\"@id\":\"https:\\\/\\\/veneakselisto.com\\\/kauppa\\\/#website\",\"url\":\"https:\\\/\\\/veneakselisto.com\\\/kauppa\\\/\",\"name\":\"Veneakselisto.com - verkkokauppa\",\"description\":\"Venetarvikkeiden maahantuonti ja myynti\",\"publisher\":{\"@id\":\"https:\\\/\\\/veneakselisto.com\\\/kauppa\\\/#organization\"},\"potentialAction\":[{\"@type\":\"SearchAction\",\"target\":{\"@type\":\"EntryPoint\",\"urlTemplate\":\"https:\\\/\\\/veneakselisto.com\\\/kauppa\\\/?s={search_term_string}\"},\"query-input\":{\"@type\":\"PropertyValueSpecification\",\"valueRequired\":true,\"valueName\":\"search_term_string\"}}],\"inLanguage\":\"fi\"},{\"@type\":\"Organization\",\"@id\":\"https:\\\/\\\/veneakselisto.com\\\/kauppa\\\/#organization\",\"name\":\"Veneakselisto.com verkkokauppa\",\"url\":\"https:\\\/\\\/veneakselisto.com\\\/kauppa\\\/\",\"logo\":{\"@type\":\"ImageObject\",\"inLanguage\":\"fi\",\"@id\":\"https:\\\/\\\/veneakselisto.com\\\/kauppa\\\/#\\\/schema\\\/logo\\\/image\\\/\",\"url\":\"https:\\\/\\\/i2.wp.com\\\/veneakselisto.com\\\/kauppa\\\/wp-content\\\/uploads\\\/2016\\\/06\\\/fb_icon.jpg?fit=327%2C327&ssl=1\",\"contentUrl\":\"https:\\\/\\\/i2.wp.com\\\/veneakselisto.com\\\/kauppa\\\/wp-content\\\/uploads\\\/2016\\\/06\\\/fb_icon.jpg?fit=327%2C327&ssl=1\",\"width\":327,\"height\":327,\"caption\":\"Veneakselisto.com verkkokauppa\"},\"image\":{\"@id\":\"https:\\\/\\\/veneakselisto.com\\\/kauppa\\\/#\\\/schema\\\/logo\\\/image\\\/\"},\"sameAs\":[\"https:\\\/\\\/www.facebook.com\\\/AlaMikkula\\\/\"]}]}<\/script>\n<!-- \/ Yoast SEO plugin. -->","yoast_head_json":{"title":"Vesipumpun korjaussarjat Volvo Penta OEM 875584 - Veneakselisto","description":"Vesipumpun korjaussarjat Volvo Penta D5, D6, D7, D11 OEM 875584. Orbitrade vesipumpun korjaussarjat Volvo Penta merimoottoreihin toimittaa veneakselisto.com","robots":{"index":"index","follow":"follow","max-snippet":"max-snippet:-1","max-image-preview":"max-image-preview:large","max-video-preview":"max-video-preview:-1"},"canonical":"https:\/\/veneakselisto.com\/kauppa\/tuote\/vesipumpun-korjaussarjat-volvo-penta-d5-d6-d7-d11\/","og_locale":"fi_FI","og_type":"article","og_title":"Vesipumpun korjaussarjat Volvo Penta OEM 875584 - Veneakselisto","og_description":"Vesipumpun korjaussarjat Volvo Penta D5, D6, D7, D11 OEM 875584. Orbitrade vesipumpun korjaussarjat Volvo Penta merimoottoreihin toimittaa veneakselisto.com","og_url":"https:\/\/veneakselisto.com\/kauppa\/tuote\/vesipumpun-korjaussarjat-volvo-penta-d5-d6-d7-d11\/","og_site_name":"Veneakselisto.com - verkkokauppa","article_publisher":"https:\/\/www.facebook.com\/AlaMikkula\/","article_modified_time":"2024-08-31T20:40:50+00:00","og_image":[{"width":700,"height":700,"url":"https:\/\/veneakselisto.com\/kauppa\/wp-content\/uploads\/2019\/04\/15584.jpg","type":"image\/jpeg"}],"twitter_card":"summary_large_image","schema":{"@context":"https:\/\/schema.org","@graph":[{"@type":"WebPage","@id":"https:\/\/veneakselisto.com\/kauppa\/tuote\/vesipumpun-korjaussarjat-volvo-penta-d5-d6-d7-d11\/","url":"https:\/\/veneakselisto.com\/kauppa\/tuote\/vesipumpun-korjaussarjat-volvo-penta-d5-d6-d7-d11\/","name":"Vesipumpun korjaussarjat Volvo Penta OEM 875584 - Veneakselisto","isPartOf":{"@id":"https:\/\/veneakselisto.com\/kauppa\/#website"},"primaryImageOfPage":{"@id":"https:\/\/veneakselisto.com\/kauppa\/tuote\/vesipumpun-korjaussarjat-volvo-penta-d5-d6-d7-d11\/#primaryimage"},"image":{"@id":"https:\/\/veneakselisto.com\/kauppa\/tuote\/vesipumpun-korjaussarjat-volvo-penta-d5-d6-d7-d11\/#primaryimage"},"thumbnailUrl":"https:\/\/i0.wp.com\/veneakselisto.com\/kauppa\/wp-content\/uploads\/2019\/04\/15584.jpg?fit=700%2C700&ssl=1","datePublished":"2019-04-19T15:05:14+00:00","dateModified":"2024-08-31T20:40:50+00:00","description":"Vesipumpun korjaussarjat Volvo Penta D5, D6, D7, D11 OEM 875584. Orbitrade vesipumpun korjaussarjat Volvo Penta merimoottoreihin toimittaa veneakselisto.com","breadcrumb":{"@id":"https:\/\/veneakselisto.com\/kauppa\/tuote\/vesipumpun-korjaussarjat-volvo-penta-d5-d6-d7-d11\/#breadcrumb"},"inLanguage":"fi","potentialAction":[{"@type":"ReadAction","target":["https:\/\/veneakselisto.com\/kauppa\/tuote\/vesipumpun-korjaussarjat-volvo-penta-d5-d6-d7-d11\/"]}]},{"@type":"ImageObject","inLanguage":"fi","@id":"https:\/\/veneakselisto.com\/kauppa\/tuote\/vesipumpun-korjaussarjat-volvo-penta-d5-d6-d7-d11\/#primaryimage","url":"https:\/\/i0.wp.com\/veneakselisto.com\/kauppa\/wp-content\/uploads\/2019\/04\/15584.jpg?fit=700%2C700&ssl=1","contentUrl":"https:\/\/i0.wp.com\/veneakselisto.com\/kauppa\/wp-content\/uploads\/2019\/04\/15584.jpg?fit=700%2C700&ssl=1","width":700,"height":700,"caption":"Vesipumpun korjaussarjat Volvo Penta 875584"},{"@type":"BreadcrumbList","@id":"https:\/\/veneakselisto.com\/kauppa\/tuote\/vesipumpun-korjaussarjat-volvo-penta-d5-d6-d7-d11\/#breadcrumb","itemListElement":[{"@type":"ListItem","position":1,"name":"Etusivu","item":"https:\/\/veneakselisto.com\/kauppa\/"},{"@type":"ListItem","position":2,"name":"Kauppa","item":"https:\/\/veneakselisto.com\/kauppa\/"},{"@type":"ListItem","position":3,"name":"Vesipumpun korjaussarjat Volvo Penta D5, D6, D7, D11 OEM 875584"}]},{"@type":"WebSite","@id":"https:\/\/veneakselisto.com\/kauppa\/#website","url":"https:\/\/veneakselisto.com\/kauppa\/","name":"Veneakselisto.com - verkkokauppa","description":"Venetarvikkeiden maahantuonti ja myynti","publisher":{"@id":"https:\/\/veneakselisto.com\/kauppa\/#organization"},"potentialAction":[{"@type":"SearchAction","target":{"@type":"EntryPoint","urlTemplate":"https:\/\/veneakselisto.com\/kauppa\/?s={search_term_string}"},"query-input":{"@type":"PropertyValueSpecification","valueRequired":true,"valueName":"search_term_string"}}],"inLanguage":"fi"},{"@type":"Organization","@id":"https:\/\/veneakselisto.com\/kauppa\/#organization","name":"Veneakselisto.com verkkokauppa","url":"https:\/\/veneakselisto.com\/kauppa\/","logo":{"@type":"ImageObject","inLanguage":"fi","@id":"https:\/\/veneakselisto.com\/kauppa\/#\/schema\/logo\/image\/","url":"https:\/\/i2.wp.com\/veneakselisto.com\/kauppa\/wp-content\/uploads\/2016\/06\/fb_icon.jpg?fit=327%2C327&ssl=1","contentUrl":"https:\/\/i2.wp.com\/veneakselisto.com\/kauppa\/wp-content\/uploads\/2016\/06\/fb_icon.jpg?fit=327%2C327&ssl=1","width":327,"height":327,"caption":"Veneakselisto.com verkkokauppa"},"image":{"@id":"https:\/\/veneakselisto.com\/kauppa\/#\/schema\/logo\/image\/"},"sameAs":["https:\/\/www.facebook.com\/AlaMikkula\/"]}]}},"jetpack_publicize_connections":[],"jetpack_sharing_enabled":true,"_links":{"self":[{"href":"https:\/\/veneakselisto.com\/kauppa\/wp-json\/wp\/v2\/product\/4739","targetHints":{"allow":["GET"]}}],"collection":[{"href":"https:\/\/veneakselisto.com\/kauppa\/wp-json\/wp\/v2\/product"}],"about":[{"href":"https:\/\/veneakselisto.com\/kauppa\/wp-json\/wp\/v2\/types\/product"}],"replies":[{"embeddable":true,"href":"https:\/\/veneakselisto.com\/kauppa\/wp-json\/wp\/v2\/comments?post=4739"}],"wp:featuredmedia":[{"embeddable":true,"href":"https:\/\/veneakselisto.com\/kauppa\/wp-json\/wp\/v2\/media\/4740"}],"wp:attachment":[{"href":"https:\/\/veneakselisto.com\/kauppa\/wp-json\/wp\/v2\/media?parent=4739"}],"wp:term":[{"taxonomy":"product_brand","embeddable":true,"href":"https:\/\/veneakselisto.com\/kauppa\/wp-json\/wp\/v2\/product_brand?post=4739"},{"taxonomy":"product_cat","embeddable":true,"href":"https:\/\/veneakselisto.com\/kauppa\/wp-json\/wp\/v2\/product_cat?post=4739"},{"taxonomy":"product_tag","embeddable":true,"href":"https:\/\/veneakselisto.com\/kauppa\/wp-json\/wp\/v2\/product_tag?post=4739"}],"curies":[{"name":"wp","href":"https:\/\/api.w.org\/{rel}","templated":true}]}}