{"id":4318,"date":"2019-03-05T20:03:54","date_gmt":"2019-03-05T18:03:54","guid":{"rendered":"https:\/\/veneakselisto.com\/kauppa\/?post_type=product&#038;p=4318"},"modified":"2026-03-30T20:57:00","modified_gmt":"2026-03-30T17:57:00","slug":"makeavesitankin-liitantasarja","status":"publish","type":"product","link":"https:\/\/veneakselisto.com\/kauppa\/tuote\/makeavesitankin-liitantasarja\/","title":{"rendered":"Makeavesitankin liit\u00e4nt\u00e4sarja"},"content":{"rendered":"<p>Makeavesitankin liit\u00e4nt\u00e4sarja<\/p>\n<p>Tarvitset vain ILT120 tarkistuskannen lis\u00e4ksi. Helppoa ja edullista!<\/p>\n<p>Jos tarvitset 90\u00b0 kulman niin tilaa lis\u00e4ksi ILTCON90 kulmaliitin<\/p>\n<p>ILTCOND makeavesiliit\u00e4nt\u00e4sarja<br \/>\nMakeavesitankin puhdistaminen suurikokoisen ILT-tarkistusluukun kautta on helppoa.<br \/>\nMakeavesiliit\u00e4nt\u00e4sarjan avulla saat my\u00f6s kaikki liit\u00e4nn\u00e4t helposti samaan paikkaan.<br \/>\nKaikki makeavesiliit\u00e4nn\u00e4t samassa laipassa:<br \/>\n\u2022 \u00d8 38 mm:n t\u00e4ytt\u00f6liittym\u00e4<br \/>\n\u2022 \u00d8 13 mm:n imuliit\u00e4nt\u00e4<br \/>\n\u2022 \u00d8 16 mm:n huohotinliit\u00e4nt\u00e4<br \/>\n\u2022 viisireik\u00e4inen SAE-laippa tankkianturia varten<\/p>\n","protected":false},"excerpt":{"rendered":"<p>Kaikki makeavesiliit\u00e4nn\u00e4t samassa laipassa: Tarvitset vain ILT120 tarkistuskannen lis\u00e4ksi. Helppoa ja edullista!<\/p>\n<p>Jos tarvitset 90\u00b0 kulman niin tilaa lis\u00e4ksi ILTCON90 kulmaliitin<\/p>\n<p>\u2022 \u00d8 38 mm:n t\u00e4ytt\u00f6liittym\u00e4<br \/>\n\u2022 \u00d8 13 mm:n imuliit\u00e4nt\u00e4<br \/>\n\u2022 \u00d8 16 mm:n huohotinliit\u00e4nt\u00e4<br \/>\n\u2022 viisireik\u00e4inen SAE-laippa tankkianturia varten<\/p>\n<p>Kaikilla tuotteilla normaalisti 1-5pv toimitusaika<\/p>\n","protected":false},"featured_media":7132,"comment_status":"open","ping_status":"closed","template":"","meta":{"jetpack_post_was_ever_published":false,"jetpack_publicize_message":"","jetpack_publicize_feature_enabled":true,"jetpack_social_post_already_shared":true,"jetpack_social_options":{"image_generator_settings":{"template":"highway","default_image_id":0,"font":"","enabled":false},"version":2}},"product_brand":[],"product_cat":[1078,939,1086,476,470],"product_tag":[535,534,536,98],"class_list":{"0":"post-4318","1":"product","2":"type-product","3":"status-publish","4":"has-post-thumbnail","6":"product_cat-vetus-makeavesijarjestelma-juomavesi","7":"product_cat-makeavesitankin-tarvikkeet-asennus","8":"product_cat-tarvikkeet-makeallevedelle","9":"product_cat-vetus_vetus-venetarvikkeet_venetarvikeiden-maahantuonti-ja-myynti-vetus_vetus-venetarvikkeet_venetarvikeiden-maahantuonti-ja-myynti","10":"product_cat-vetus_vetus-venetarvikkeet_venetarvikeiden-maahantuonti-ja-myynti","11":"product_tag-juomavesi","12":"product_tag-makeavesiliitanta","13":"product_tag-makeavesitankki","14":"product_tag-vetus","15":"brand-vetus","17":"first","18":"instock","19":"sale","20":"taxable","21":"shipping-taxable","22":"purchasable","23":"product-type-simple"},"yoast_head":"<!-- This site is optimized with the Yoast SEO plugin v27.3 - https:\/\/yoast.com\/product\/yoast-seo-wordpress\/ -->\n<title>Makeavesitankin liit\u00e4nt\u00e4sarja-Juomavesitankki- Veneakselisto.com<\/title>\n<meta name=\"description\" content=\"Makeavesitankin liit\u00e4nt\u00e4sarja. T\u00e4ydellinen Makeavesitankin liit\u00e4nt\u00e4sarja. Venetarvikkeiden maahantuonti ja myynti. Veneakselisto.com\" \/>\n<meta name=\"robots\" content=\"index, follow, max-snippet:-1, max-image-preview:large, max-video-preview:-1\" \/>\n<link rel=\"canonical\" href=\"https:\/\/veneakselisto.com\/kauppa\/tuote\/makeavesitankin-liitantasarja\/\" \/>\n<meta property=\"og:locale\" content=\"fi_FI\" \/>\n<meta property=\"og:type\" content=\"article\" \/>\n<meta property=\"og:title\" content=\"Makeavesitankin liit\u00e4nt\u00e4sarja-Juomavesitankki- Veneakselisto.com\" \/>\n<meta property=\"og:description\" content=\"Makeavesitankin liit\u00e4nt\u00e4sarja. T\u00e4ydellinen Makeavesitankin liit\u00e4nt\u00e4sarja. Venetarvikkeiden maahantuonti ja myynti. Veneakselisto.com\" \/>\n<meta property=\"og:url\" content=\"https:\/\/veneakselisto.com\/kauppa\/tuote\/makeavesitankin-liitantasarja\/\" \/>\n<meta property=\"og:site_name\" content=\"Veneakselisto.com - verkkokauppa\" \/>\n<meta property=\"article:publisher\" content=\"https:\/\/www.facebook.com\/AlaMikkula\/\" \/>\n<meta property=\"article:modified_time\" content=\"2026-03-30T17:57:00+00:00\" \/>\n<meta property=\"og:image\" content=\"https:\/\/veneakselisto.com\/kauppa\/wp-content\/uploads\/2019\/03\/ILTCOND-1.jpg\" \/>\n\t<meta property=\"og:image:width\" content=\"500\" \/>\n\t<meta property=\"og:image:height\" content=\"500\" \/>\n\t<meta property=\"og:image:type\" content=\"image\/jpeg\" \/>\n<meta name=\"twitter:card\" content=\"summary_large_image\" \/>\n<script type=\"application\/ld+json\" class=\"yoast-schema-graph\">{\"@context\":\"https:\\\/\\\/schema.org\",\"@graph\":[{\"@type\":\"WebPage\",\"@id\":\"https:\\\/\\\/veneakselisto.com\\\/kauppa\\\/tuote\\\/makeavesitankin-liitantasarja\\\/\",\"url\":\"https:\\\/\\\/veneakselisto.com\\\/kauppa\\\/tuote\\\/makeavesitankin-liitantasarja\\\/\",\"name\":\"Makeavesitankin liit\u00e4nt\u00e4sarja-Juomavesitankki- Veneakselisto.com\",\"isPartOf\":{\"@id\":\"https:\\\/\\\/veneakselisto.com\\\/kauppa\\\/#website\"},\"primaryImageOfPage\":{\"@id\":\"https:\\\/\\\/veneakselisto.com\\\/kauppa\\\/tuote\\\/makeavesitankin-liitantasarja\\\/#primaryimage\"},\"image\":{\"@id\":\"https:\\\/\\\/veneakselisto.com\\\/kauppa\\\/tuote\\\/makeavesitankin-liitantasarja\\\/#primaryimage\"},\"thumbnailUrl\":\"https:\\\/\\\/i0.wp.com\\\/veneakselisto.com\\\/kauppa\\\/wp-content\\\/uploads\\\/2019\\\/03\\\/ILTCOND-1.jpg?fit=500%2C500&ssl=1\",\"datePublished\":\"2019-03-05T18:03:54+00:00\",\"dateModified\":\"2026-03-30T17:57:00+00:00\",\"description\":\"Makeavesitankin liit\u00e4nt\u00e4sarja. T\u00e4ydellinen Makeavesitankin liit\u00e4nt\u00e4sarja. Venetarvikkeiden maahantuonti ja myynti. Veneakselisto.com\",\"breadcrumb\":{\"@id\":\"https:\\\/\\\/veneakselisto.com\\\/kauppa\\\/tuote\\\/makeavesitankin-liitantasarja\\\/#breadcrumb\"},\"inLanguage\":\"fi\",\"potentialAction\":[{\"@type\":\"ReadAction\",\"target\":[\"https:\\\/\\\/veneakselisto.com\\\/kauppa\\\/tuote\\\/makeavesitankin-liitantasarja\\\/\"]}]},{\"@type\":\"ImageObject\",\"inLanguage\":\"fi\",\"@id\":\"https:\\\/\\\/veneakselisto.com\\\/kauppa\\\/tuote\\\/makeavesitankin-liitantasarja\\\/#primaryimage\",\"url\":\"https:\\\/\\\/i0.wp.com\\\/veneakselisto.com\\\/kauppa\\\/wp-content\\\/uploads\\\/2019\\\/03\\\/ILTCOND-1.jpg?fit=500%2C500&ssl=1\",\"contentUrl\":\"https:\\\/\\\/i0.wp.com\\\/veneakselisto.com\\\/kauppa\\\/wp-content\\\/uploads\\\/2019\\\/03\\\/ILTCOND-1.jpg?fit=500%2C500&ssl=1\",\"width\":500,\"height\":500},{\"@type\":\"BreadcrumbList\",\"@id\":\"https:\\\/\\\/veneakselisto.com\\\/kauppa\\\/tuote\\\/makeavesitankin-liitantasarja\\\/#breadcrumb\",\"itemListElement\":[{\"@type\":\"ListItem\",\"position\":1,\"name\":\"Etusivu\",\"item\":\"https:\\\/\\\/veneakselisto.com\\\/kauppa\\\/\"},{\"@type\":\"ListItem\",\"position\":2,\"name\":\"Kauppa\",\"item\":\"https:\\\/\\\/veneakselisto.com\\\/kauppa\\\/\"},{\"@type\":\"ListItem\",\"position\":3,\"name\":\"Makeavesitankin liit\u00e4nt\u00e4sarja\"}]},{\"@type\":\"WebSite\",\"@id\":\"https:\\\/\\\/veneakselisto.com\\\/kauppa\\\/#website\",\"url\":\"https:\\\/\\\/veneakselisto.com\\\/kauppa\\\/\",\"name\":\"Veneakselisto.com - verkkokauppa\",\"description\":\"Venetarvikkeiden maahantuonti ja myynti\",\"publisher\":{\"@id\":\"https:\\\/\\\/veneakselisto.com\\\/kauppa\\\/#organization\"},\"potentialAction\":[{\"@type\":\"SearchAction\",\"target\":{\"@type\":\"EntryPoint\",\"urlTemplate\":\"https:\\\/\\\/veneakselisto.com\\\/kauppa\\\/?s={search_term_string}\"},\"query-input\":{\"@type\":\"PropertyValueSpecification\",\"valueRequired\":true,\"valueName\":\"search_term_string\"}}],\"inLanguage\":\"fi\"},{\"@type\":\"Organization\",\"@id\":\"https:\\\/\\\/veneakselisto.com\\\/kauppa\\\/#organization\",\"name\":\"Veneakselisto.com verkkokauppa\",\"url\":\"https:\\\/\\\/veneakselisto.com\\\/kauppa\\\/\",\"logo\":{\"@type\":\"ImageObject\",\"inLanguage\":\"fi\",\"@id\":\"https:\\\/\\\/veneakselisto.com\\\/kauppa\\\/#\\\/schema\\\/logo\\\/image\\\/\",\"url\":\"https:\\\/\\\/i2.wp.com\\\/veneakselisto.com\\\/kauppa\\\/wp-content\\\/uploads\\\/2016\\\/06\\\/fb_icon.jpg?fit=327%2C327&ssl=1\",\"contentUrl\":\"https:\\\/\\\/i2.wp.com\\\/veneakselisto.com\\\/kauppa\\\/wp-content\\\/uploads\\\/2016\\\/06\\\/fb_icon.jpg?fit=327%2C327&ssl=1\",\"width\":327,\"height\":327,\"caption\":\"Veneakselisto.com verkkokauppa\"},\"image\":{\"@id\":\"https:\\\/\\\/veneakselisto.com\\\/kauppa\\\/#\\\/schema\\\/logo\\\/image\\\/\"},\"sameAs\":[\"https:\\\/\\\/www.facebook.com\\\/AlaMikkula\\\/\"]}]}<\/script>\n<!-- \/ Yoast SEO plugin. -->","yoast_head_json":{"title":"Makeavesitankin liit\u00e4nt\u00e4sarja-Juomavesitankki- Veneakselisto.com","description":"Makeavesitankin liit\u00e4nt\u00e4sarja. T\u00e4ydellinen Makeavesitankin liit\u00e4nt\u00e4sarja. Venetarvikkeiden maahantuonti ja myynti. Veneakselisto.com","robots":{"index":"index","follow":"follow","max-snippet":"max-snippet:-1","max-image-preview":"max-image-preview:large","max-video-preview":"max-video-preview:-1"},"canonical":"https:\/\/veneakselisto.com\/kauppa\/tuote\/makeavesitankin-liitantasarja\/","og_locale":"fi_FI","og_type":"article","og_title":"Makeavesitankin liit\u00e4nt\u00e4sarja-Juomavesitankki- Veneakselisto.com","og_description":"Makeavesitankin liit\u00e4nt\u00e4sarja. T\u00e4ydellinen Makeavesitankin liit\u00e4nt\u00e4sarja. Venetarvikkeiden maahantuonti ja myynti. Veneakselisto.com","og_url":"https:\/\/veneakselisto.com\/kauppa\/tuote\/makeavesitankin-liitantasarja\/","og_site_name":"Veneakselisto.com - verkkokauppa","article_publisher":"https:\/\/www.facebook.com\/AlaMikkula\/","article_modified_time":"2026-03-30T17:57:00+00:00","og_image":[{"width":500,"height":500,"url":"https:\/\/veneakselisto.com\/kauppa\/wp-content\/uploads\/2019\/03\/ILTCOND-1.jpg","type":"image\/jpeg"}],"twitter_card":"summary_large_image","schema":{"@context":"https:\/\/schema.org","@graph":[{"@type":"WebPage","@id":"https:\/\/veneakselisto.com\/kauppa\/tuote\/makeavesitankin-liitantasarja\/","url":"https:\/\/veneakselisto.com\/kauppa\/tuote\/makeavesitankin-liitantasarja\/","name":"Makeavesitankin liit\u00e4nt\u00e4sarja-Juomavesitankki- Veneakselisto.com","isPartOf":{"@id":"https:\/\/veneakselisto.com\/kauppa\/#website"},"primaryImageOfPage":{"@id":"https:\/\/veneakselisto.com\/kauppa\/tuote\/makeavesitankin-liitantasarja\/#primaryimage"},"image":{"@id":"https:\/\/veneakselisto.com\/kauppa\/tuote\/makeavesitankin-liitantasarja\/#primaryimage"},"thumbnailUrl":"https:\/\/i0.wp.com\/veneakselisto.com\/kauppa\/wp-content\/uploads\/2019\/03\/ILTCOND-1.jpg?fit=500%2C500&ssl=1","datePublished":"2019-03-05T18:03:54+00:00","dateModified":"2026-03-30T17:57:00+00:00","description":"Makeavesitankin liit\u00e4nt\u00e4sarja. T\u00e4ydellinen Makeavesitankin liit\u00e4nt\u00e4sarja. Venetarvikkeiden maahantuonti ja myynti. Veneakselisto.com","breadcrumb":{"@id":"https:\/\/veneakselisto.com\/kauppa\/tuote\/makeavesitankin-liitantasarja\/#breadcrumb"},"inLanguage":"fi","potentialAction":[{"@type":"ReadAction","target":["https:\/\/veneakselisto.com\/kauppa\/tuote\/makeavesitankin-liitantasarja\/"]}]},{"@type":"ImageObject","inLanguage":"fi","@id":"https:\/\/veneakselisto.com\/kauppa\/tuote\/makeavesitankin-liitantasarja\/#primaryimage","url":"https:\/\/i0.wp.com\/veneakselisto.com\/kauppa\/wp-content\/uploads\/2019\/03\/ILTCOND-1.jpg?fit=500%2C500&ssl=1","contentUrl":"https:\/\/i0.wp.com\/veneakselisto.com\/kauppa\/wp-content\/uploads\/2019\/03\/ILTCOND-1.jpg?fit=500%2C500&ssl=1","width":500,"height":500},{"@type":"BreadcrumbList","@id":"https:\/\/veneakselisto.com\/kauppa\/tuote\/makeavesitankin-liitantasarja\/#breadcrumb","itemListElement":[{"@type":"ListItem","position":1,"name":"Etusivu","item":"https:\/\/veneakselisto.com\/kauppa\/"},{"@type":"ListItem","position":2,"name":"Kauppa","item":"https:\/\/veneakselisto.com\/kauppa\/"},{"@type":"ListItem","position":3,"name":"Makeavesitankin liit\u00e4nt\u00e4sarja"}]},{"@type":"WebSite","@id":"https:\/\/veneakselisto.com\/kauppa\/#website","url":"https:\/\/veneakselisto.com\/kauppa\/","name":"Veneakselisto.com - verkkokauppa","description":"Venetarvikkeiden maahantuonti ja myynti","publisher":{"@id":"https:\/\/veneakselisto.com\/kauppa\/#organization"},"potentialAction":[{"@type":"SearchAction","target":{"@type":"EntryPoint","urlTemplate":"https:\/\/veneakselisto.com\/kauppa\/?s={search_term_string}"},"query-input":{"@type":"PropertyValueSpecification","valueRequired":true,"valueName":"search_term_string"}}],"inLanguage":"fi"},{"@type":"Organization","@id":"https:\/\/veneakselisto.com\/kauppa\/#organization","name":"Veneakselisto.com verkkokauppa","url":"https:\/\/veneakselisto.com\/kauppa\/","logo":{"@type":"ImageObject","inLanguage":"fi","@id":"https:\/\/veneakselisto.com\/kauppa\/#\/schema\/logo\/image\/","url":"https:\/\/i2.wp.com\/veneakselisto.com\/kauppa\/wp-content\/uploads\/2016\/06\/fb_icon.jpg?fit=327%2C327&ssl=1","contentUrl":"https:\/\/i2.wp.com\/veneakselisto.com\/kauppa\/wp-content\/uploads\/2016\/06\/fb_icon.jpg?fit=327%2C327&ssl=1","width":327,"height":327,"caption":"Veneakselisto.com verkkokauppa"},"image":{"@id":"https:\/\/veneakselisto.com\/kauppa\/#\/schema\/logo\/image\/"},"sameAs":["https:\/\/www.facebook.com\/AlaMikkula\/"]}]}},"jetpack_publicize_connections":[],"jetpack_sharing_enabled":true,"_links":{"self":[{"href":"https:\/\/veneakselisto.com\/kauppa\/wp-json\/wp\/v2\/product\/4318","targetHints":{"allow":["GET"]}}],"collection":[{"href":"https:\/\/veneakselisto.com\/kauppa\/wp-json\/wp\/v2\/product"}],"about":[{"href":"https:\/\/veneakselisto.com\/kauppa\/wp-json\/wp\/v2\/types\/product"}],"replies":[{"embeddable":true,"href":"https:\/\/veneakselisto.com\/kauppa\/wp-json\/wp\/v2\/comments?post=4318"}],"wp:featuredmedia":[{"embeddable":true,"href":"https:\/\/veneakselisto.com\/kauppa\/wp-json\/wp\/v2\/media\/7132"}],"wp:attachment":[{"href":"https:\/\/veneakselisto.com\/kauppa\/wp-json\/wp\/v2\/media?parent=4318"}],"wp:term":[{"taxonomy":"product_brand","embeddable":true,"href":"https:\/\/veneakselisto.com\/kauppa\/wp-json\/wp\/v2\/product_brand?post=4318"},{"taxonomy":"product_cat","embeddable":true,"href":"https:\/\/veneakselisto.com\/kauppa\/wp-json\/wp\/v2\/product_cat?post=4318"},{"taxonomy":"product_tag","embeddable":true,"href":"https:\/\/veneakselisto.com\/kauppa\/wp-json\/wp\/v2\/product_tag?post=4318"}],"curies":[{"name":"wp","href":"https:\/\/api.w.org\/{rel}","templated":true}]}}