{"id":4315,"date":"2019-03-05T19:44:49","date_gmt":"2019-03-05T17:44:49","guid":{"rendered":"https:\/\/veneakselisto.com\/kauppa\/?post_type=product&#038;p=4315"},"modified":"2025-03-21T09:55:11","modified_gmt":"2025-03-21T07:55:11","slug":"diesel-polttoaineen-hajusuodatin-25mm","status":"publish","type":"product","link":"https:\/\/veneakselisto.com\/kauppa\/tuote\/diesel-polttoaineen-hajusuodatin-25mm\/","title":{"rendered":"Diesel polttoaineen hajusuodatin 25mm"},"content":{"rendered":"<p>Diesel polttoaineen hajusuodatin 25mm<\/p>\n<p>NSFD\/S dieselhajusuosdattimet<br \/>\nEst\u00e4\u00e4 dieselin hajun kulkeutumisen huohotinventtiilist\u00e4<br \/>\nDieselhajusuodatin liitet\u00e4\u00e4n polttoainetankin huohotuslinjaan.<br \/>\nAktiivihiilisuodatin imee dieselpolttoaineen hajun. Hajusuodattimen<br \/>\nyhteydess\u00e4 on hyv\u00e4 k\u00e4ytt\u00e4\u00e4 roiskeenestoventtiili\u00e4 (sivu 128) mik\u00e4<br \/>\nehk\u00e4isee kuohun p\u00e4\u00e4semisen suodattimeen. Hajusuodatin ei sovellu<br \/>\nbensiinitankeille.<br \/>\nTiedot<br \/>\n\u2022 Malli NSFD: p 148 x l 150 x k 162 mm<br \/>\n\u2022 Sopii \u00d8 16, 19 ja 25 mm letkuille<\/p>\n<p>Huom<br \/>\nSuodatinpatruuna on vaihdettava. Vaihtoon voidaan k\u00e4ytt\u00e4\u00e4 perinteisi\u00e4<br \/>\naktiivihiilisuodattimia tai kehittyneemp\u00e4\u00e4 NSFCAN-suodatinta jossa<br \/>\naktiivihiilen lis\u00e4ksi on silicagranulaattia pit\u00e4m\u00e4ss\u00e4 aktiivihiilen kuivana.<\/p>\n","protected":false},"excerpt":{"rendered":"<p>Diesel polttoaineen hajusuodatin 25mm letkulle<\/p>\n","protected":false},"featured_media":4311,"comment_status":"open","ping_status":"closed","template":"","meta":{"jetpack_post_was_ever_published":false,"jetpack_publicize_message":"","jetpack_publicize_feature_enabled":true,"jetpack_social_post_already_shared":true,"jetpack_social_options":{"image_generator_settings":{"template":"highway","default_image_id":0,"font":"","enabled":false},"version":2}},"product_brand":[],"product_cat":[1057,483,1061,472,470],"product_tag":[482,533,481],"class_list":{"0":"post-4315","1":"product","2":"type-product","3":"status-publish","4":"has-post-thumbnail","6":"product_cat-polttoainejarjestelma","7":"product_cat-polttoainejarjestela_tarvikkeet","8":"product_cat-diesel-tarvikkeet-veneen-suodatin","9":"product_cat-vetus_polttoainejarjestelma","10":"product_cat-vetus_vetus-venetarvikkeet_venetarvikeiden-maahantuonti-ja-myynti","11":"product_tag-diesel","12":"product_tag-hajusuodatin","13":"product_tag-polttoaineletku","15":"first","16":"instock","17":"sale","18":"taxable","19":"shipping-taxable","20":"purchasable","21":"product-type-simple"},"yoast_head":"<!-- This site is optimized with the Yoast SEO plugin v27.3 - https:\/\/yoast.com\/product\/yoast-seo-wordpress\/ -->\n<title>Diesel polttoaineen hajusuodatin 25mm - Veneakselisto.com<\/title>\n<meta name=\"description\" content=\"Diesel polttoaineen hajusuodatin 25mm. Vetus Diesel hajunpoisto on todella tehokas. Tuotteen toimittaa aina edullinen Veneakselisto.com\" \/>\n<meta name=\"robots\" content=\"index, follow, max-snippet:-1, max-image-preview:large, max-video-preview:-1\" \/>\n<link rel=\"canonical\" href=\"https:\/\/veneakselisto.com\/kauppa\/tuote\/diesel-polttoaineen-hajusuodatin-25mm\/\" \/>\n<meta property=\"og:locale\" content=\"fi_FI\" \/>\n<meta property=\"og:type\" content=\"article\" \/>\n<meta property=\"og:title\" content=\"Diesel polttoaineen hajusuodatin 25mm - Veneakselisto.com\" \/>\n<meta property=\"og:description\" content=\"Diesel polttoaineen hajusuodatin 25mm. Vetus Diesel hajunpoisto on todella tehokas. Tuotteen toimittaa aina edullinen Veneakselisto.com\" \/>\n<meta property=\"og:url\" content=\"https:\/\/veneakselisto.com\/kauppa\/tuote\/diesel-polttoaineen-hajusuodatin-25mm\/\" \/>\n<meta property=\"og:site_name\" content=\"Veneakselisto.com - verkkokauppa\" \/>\n<meta property=\"article:publisher\" content=\"https:\/\/www.facebook.com\/AlaMikkula\/\" \/>\n<meta property=\"article:modified_time\" content=\"2025-03-21T07:55:11+00:00\" \/>\n<meta property=\"og:image\" content=\"https:\/\/veneakselisto.com\/kauppa\/wp-content\/uploads\/2019\/03\/NSFD.png\" \/>\n\t<meta property=\"og:image:width\" content=\"500\" \/>\n\t<meta property=\"og:image:height\" content=\"500\" \/>\n\t<meta property=\"og:image:type\" content=\"image\/png\" \/>\n<meta name=\"twitter:card\" content=\"summary_large_image\" \/>\n<script type=\"application\/ld+json\" class=\"yoast-schema-graph\">{\"@context\":\"https:\\\/\\\/schema.org\",\"@graph\":[{\"@type\":\"WebPage\",\"@id\":\"https:\\\/\\\/veneakselisto.com\\\/kauppa\\\/tuote\\\/diesel-polttoaineen-hajusuodatin-25mm\\\/\",\"url\":\"https:\\\/\\\/veneakselisto.com\\\/kauppa\\\/tuote\\\/diesel-polttoaineen-hajusuodatin-25mm\\\/\",\"name\":\"Diesel polttoaineen hajusuodatin 25mm - Veneakselisto.com\",\"isPartOf\":{\"@id\":\"https:\\\/\\\/veneakselisto.com\\\/kauppa\\\/#website\"},\"primaryImageOfPage\":{\"@id\":\"https:\\\/\\\/veneakselisto.com\\\/kauppa\\\/tuote\\\/diesel-polttoaineen-hajusuodatin-25mm\\\/#primaryimage\"},\"image\":{\"@id\":\"https:\\\/\\\/veneakselisto.com\\\/kauppa\\\/tuote\\\/diesel-polttoaineen-hajusuodatin-25mm\\\/#primaryimage\"},\"thumbnailUrl\":\"https:\\\/\\\/i0.wp.com\\\/veneakselisto.com\\\/kauppa\\\/wp-content\\\/uploads\\\/2019\\\/03\\\/NSFD.png?fit=500%2C500&ssl=1\",\"datePublished\":\"2019-03-05T17:44:49+00:00\",\"dateModified\":\"2025-03-21T07:55:11+00:00\",\"description\":\"Diesel polttoaineen hajusuodatin 25mm. Vetus Diesel hajunpoisto on todella tehokas. Tuotteen toimittaa aina edullinen Veneakselisto.com\",\"breadcrumb\":{\"@id\":\"https:\\\/\\\/veneakselisto.com\\\/kauppa\\\/tuote\\\/diesel-polttoaineen-hajusuodatin-25mm\\\/#breadcrumb\"},\"inLanguage\":\"fi\",\"potentialAction\":[{\"@type\":\"ReadAction\",\"target\":[\"https:\\\/\\\/veneakselisto.com\\\/kauppa\\\/tuote\\\/diesel-polttoaineen-hajusuodatin-25mm\\\/\"]}]},{\"@type\":\"ImageObject\",\"inLanguage\":\"fi\",\"@id\":\"https:\\\/\\\/veneakselisto.com\\\/kauppa\\\/tuote\\\/diesel-polttoaineen-hajusuodatin-25mm\\\/#primaryimage\",\"url\":\"https:\\\/\\\/i0.wp.com\\\/veneakselisto.com\\\/kauppa\\\/wp-content\\\/uploads\\\/2019\\\/03\\\/NSFD.png?fit=500%2C500&ssl=1\",\"contentUrl\":\"https:\\\/\\\/i0.wp.com\\\/veneakselisto.com\\\/kauppa\\\/wp-content\\\/uploads\\\/2019\\\/03\\\/NSFD.png?fit=500%2C500&ssl=1\",\"width\":500,\"height\":500,\"caption\":\"Polttoaineen hajusuodatin\"},{\"@type\":\"BreadcrumbList\",\"@id\":\"https:\\\/\\\/veneakselisto.com\\\/kauppa\\\/tuote\\\/diesel-polttoaineen-hajusuodatin-25mm\\\/#breadcrumb\",\"itemListElement\":[{\"@type\":\"ListItem\",\"position\":1,\"name\":\"Etusivu\",\"item\":\"https:\\\/\\\/veneakselisto.com\\\/kauppa\\\/\"},{\"@type\":\"ListItem\",\"position\":2,\"name\":\"Kauppa\",\"item\":\"https:\\\/\\\/veneakselisto.com\\\/kauppa\\\/\"},{\"@type\":\"ListItem\",\"position\":3,\"name\":\"Diesel polttoaineen hajusuodatin 25mm\"}]},{\"@type\":\"WebSite\",\"@id\":\"https:\\\/\\\/veneakselisto.com\\\/kauppa\\\/#website\",\"url\":\"https:\\\/\\\/veneakselisto.com\\\/kauppa\\\/\",\"name\":\"Veneakselisto.com - verkkokauppa\",\"description\":\"Venetarvikkeiden maahantuonti ja myynti\",\"publisher\":{\"@id\":\"https:\\\/\\\/veneakselisto.com\\\/kauppa\\\/#organization\"},\"potentialAction\":[{\"@type\":\"SearchAction\",\"target\":{\"@type\":\"EntryPoint\",\"urlTemplate\":\"https:\\\/\\\/veneakselisto.com\\\/kauppa\\\/?s={search_term_string}\"},\"query-input\":{\"@type\":\"PropertyValueSpecification\",\"valueRequired\":true,\"valueName\":\"search_term_string\"}}],\"inLanguage\":\"fi\"},{\"@type\":\"Organization\",\"@id\":\"https:\\\/\\\/veneakselisto.com\\\/kauppa\\\/#organization\",\"name\":\"Veneakselisto.com verkkokauppa\",\"url\":\"https:\\\/\\\/veneakselisto.com\\\/kauppa\\\/\",\"logo\":{\"@type\":\"ImageObject\",\"inLanguage\":\"fi\",\"@id\":\"https:\\\/\\\/veneakselisto.com\\\/kauppa\\\/#\\\/schema\\\/logo\\\/image\\\/\",\"url\":\"https:\\\/\\\/i2.wp.com\\\/veneakselisto.com\\\/kauppa\\\/wp-content\\\/uploads\\\/2016\\\/06\\\/fb_icon.jpg?fit=327%2C327&ssl=1\",\"contentUrl\":\"https:\\\/\\\/i2.wp.com\\\/veneakselisto.com\\\/kauppa\\\/wp-content\\\/uploads\\\/2016\\\/06\\\/fb_icon.jpg?fit=327%2C327&ssl=1\",\"width\":327,\"height\":327,\"caption\":\"Veneakselisto.com verkkokauppa\"},\"image\":{\"@id\":\"https:\\\/\\\/veneakselisto.com\\\/kauppa\\\/#\\\/schema\\\/logo\\\/image\\\/\"},\"sameAs\":[\"https:\\\/\\\/www.facebook.com\\\/AlaMikkula\\\/\"]}]}<\/script>\n<!-- \/ Yoast SEO plugin. -->","yoast_head_json":{"title":"Diesel polttoaineen hajusuodatin 25mm - Veneakselisto.com","description":"Diesel polttoaineen hajusuodatin 25mm. Vetus Diesel hajunpoisto on todella tehokas. Tuotteen toimittaa aina edullinen Veneakselisto.com","robots":{"index":"index","follow":"follow","max-snippet":"max-snippet:-1","max-image-preview":"max-image-preview:large","max-video-preview":"max-video-preview:-1"},"canonical":"https:\/\/veneakselisto.com\/kauppa\/tuote\/diesel-polttoaineen-hajusuodatin-25mm\/","og_locale":"fi_FI","og_type":"article","og_title":"Diesel polttoaineen hajusuodatin 25mm - Veneakselisto.com","og_description":"Diesel polttoaineen hajusuodatin 25mm. Vetus Diesel hajunpoisto on todella tehokas. Tuotteen toimittaa aina edullinen Veneakselisto.com","og_url":"https:\/\/veneakselisto.com\/kauppa\/tuote\/diesel-polttoaineen-hajusuodatin-25mm\/","og_site_name":"Veneakselisto.com - verkkokauppa","article_publisher":"https:\/\/www.facebook.com\/AlaMikkula\/","article_modified_time":"2025-03-21T07:55:11+00:00","og_image":[{"width":500,"height":500,"url":"https:\/\/veneakselisto.com\/kauppa\/wp-content\/uploads\/2019\/03\/NSFD.png","type":"image\/png"}],"twitter_card":"summary_large_image","schema":{"@context":"https:\/\/schema.org","@graph":[{"@type":"WebPage","@id":"https:\/\/veneakselisto.com\/kauppa\/tuote\/diesel-polttoaineen-hajusuodatin-25mm\/","url":"https:\/\/veneakselisto.com\/kauppa\/tuote\/diesel-polttoaineen-hajusuodatin-25mm\/","name":"Diesel polttoaineen hajusuodatin 25mm - Veneakselisto.com","isPartOf":{"@id":"https:\/\/veneakselisto.com\/kauppa\/#website"},"primaryImageOfPage":{"@id":"https:\/\/veneakselisto.com\/kauppa\/tuote\/diesel-polttoaineen-hajusuodatin-25mm\/#primaryimage"},"image":{"@id":"https:\/\/veneakselisto.com\/kauppa\/tuote\/diesel-polttoaineen-hajusuodatin-25mm\/#primaryimage"},"thumbnailUrl":"https:\/\/i0.wp.com\/veneakselisto.com\/kauppa\/wp-content\/uploads\/2019\/03\/NSFD.png?fit=500%2C500&ssl=1","datePublished":"2019-03-05T17:44:49+00:00","dateModified":"2025-03-21T07:55:11+00:00","description":"Diesel polttoaineen hajusuodatin 25mm. Vetus Diesel hajunpoisto on todella tehokas. Tuotteen toimittaa aina edullinen Veneakselisto.com","breadcrumb":{"@id":"https:\/\/veneakselisto.com\/kauppa\/tuote\/diesel-polttoaineen-hajusuodatin-25mm\/#breadcrumb"},"inLanguage":"fi","potentialAction":[{"@type":"ReadAction","target":["https:\/\/veneakselisto.com\/kauppa\/tuote\/diesel-polttoaineen-hajusuodatin-25mm\/"]}]},{"@type":"ImageObject","inLanguage":"fi","@id":"https:\/\/veneakselisto.com\/kauppa\/tuote\/diesel-polttoaineen-hajusuodatin-25mm\/#primaryimage","url":"https:\/\/i0.wp.com\/veneakselisto.com\/kauppa\/wp-content\/uploads\/2019\/03\/NSFD.png?fit=500%2C500&ssl=1","contentUrl":"https:\/\/i0.wp.com\/veneakselisto.com\/kauppa\/wp-content\/uploads\/2019\/03\/NSFD.png?fit=500%2C500&ssl=1","width":500,"height":500,"caption":"Polttoaineen hajusuodatin"},{"@type":"BreadcrumbList","@id":"https:\/\/veneakselisto.com\/kauppa\/tuote\/diesel-polttoaineen-hajusuodatin-25mm\/#breadcrumb","itemListElement":[{"@type":"ListItem","position":1,"name":"Etusivu","item":"https:\/\/veneakselisto.com\/kauppa\/"},{"@type":"ListItem","position":2,"name":"Kauppa","item":"https:\/\/veneakselisto.com\/kauppa\/"},{"@type":"ListItem","position":3,"name":"Diesel polttoaineen hajusuodatin 25mm"}]},{"@type":"WebSite","@id":"https:\/\/veneakselisto.com\/kauppa\/#website","url":"https:\/\/veneakselisto.com\/kauppa\/","name":"Veneakselisto.com - verkkokauppa","description":"Venetarvikkeiden maahantuonti ja myynti","publisher":{"@id":"https:\/\/veneakselisto.com\/kauppa\/#organization"},"potentialAction":[{"@type":"SearchAction","target":{"@type":"EntryPoint","urlTemplate":"https:\/\/veneakselisto.com\/kauppa\/?s={search_term_string}"},"query-input":{"@type":"PropertyValueSpecification","valueRequired":true,"valueName":"search_term_string"}}],"inLanguage":"fi"},{"@type":"Organization","@id":"https:\/\/veneakselisto.com\/kauppa\/#organization","name":"Veneakselisto.com verkkokauppa","url":"https:\/\/veneakselisto.com\/kauppa\/","logo":{"@type":"ImageObject","inLanguage":"fi","@id":"https:\/\/veneakselisto.com\/kauppa\/#\/schema\/logo\/image\/","url":"https:\/\/i2.wp.com\/veneakselisto.com\/kauppa\/wp-content\/uploads\/2016\/06\/fb_icon.jpg?fit=327%2C327&ssl=1","contentUrl":"https:\/\/i2.wp.com\/veneakselisto.com\/kauppa\/wp-content\/uploads\/2016\/06\/fb_icon.jpg?fit=327%2C327&ssl=1","width":327,"height":327,"caption":"Veneakselisto.com verkkokauppa"},"image":{"@id":"https:\/\/veneakselisto.com\/kauppa\/#\/schema\/logo\/image\/"},"sameAs":["https:\/\/www.facebook.com\/AlaMikkula\/"]}]}},"jetpack_publicize_connections":[],"jetpack_sharing_enabled":true,"_links":{"self":[{"href":"https:\/\/veneakselisto.com\/kauppa\/wp-json\/wp\/v2\/product\/4315","targetHints":{"allow":["GET"]}}],"collection":[{"href":"https:\/\/veneakselisto.com\/kauppa\/wp-json\/wp\/v2\/product"}],"about":[{"href":"https:\/\/veneakselisto.com\/kauppa\/wp-json\/wp\/v2\/types\/product"}],"replies":[{"embeddable":true,"href":"https:\/\/veneakselisto.com\/kauppa\/wp-json\/wp\/v2\/comments?post=4315"}],"wp:featuredmedia":[{"embeddable":true,"href":"https:\/\/veneakselisto.com\/kauppa\/wp-json\/wp\/v2\/media\/4311"}],"wp:attachment":[{"href":"https:\/\/veneakselisto.com\/kauppa\/wp-json\/wp\/v2\/media?parent=4315"}],"wp:term":[{"taxonomy":"product_brand","embeddable":true,"href":"https:\/\/veneakselisto.com\/kauppa\/wp-json\/wp\/v2\/product_brand?post=4315"},{"taxonomy":"product_cat","embeddable":true,"href":"https:\/\/veneakselisto.com\/kauppa\/wp-json\/wp\/v2\/product_cat?post=4315"},{"taxonomy":"product_tag","embeddable":true,"href":"https:\/\/veneakselisto.com\/kauppa\/wp-json\/wp\/v2\/product_tag?post=4315"}],"curies":[{"name":"wp","href":"https:\/\/api.w.org\/{rel}","templated":true}]}}