{"id":4241,"date":"2019-02-28T11:21:23","date_gmt":"2019-02-28T09:21:23","guid":{"rendered":"https:\/\/veneakselisto.com\/kauppa\/?post_type=product&#038;p=4241"},"modified":"2025-03-31T20:20:40","modified_gmt":"2025-03-31T17:20:40","slug":"ftr1320-merivesisuodatin-38mm-jaahdytysletkulle","status":"publish","type":"product","link":"https:\/\/veneakselisto.com\/kauppa\/tuote\/ftr1320-merivesisuodatin-38mm-jaahdytysletkulle\/","title":{"rendered":"FTR1320 Merivesisuodatin 1 1\/2&#8243;"},"content":{"rendered":"<div class=\"wpb-content-wrapper\"><p>[vc_row][vc_column][vc_column_text]FTR1320 Merivesisuodatin 1 1\/2&#8243;<\/p>\n<p>Tarvittaessa valitse\u00a0 SLP11\/238 38mm tai SLP11\/245 45mm (2kpl tilattava erikseen)<\/p>\n<p>Tuotetiedot<br \/>\n\u2022 Runko polypropeenia<br \/>\n\u2022 Suodin polyetyleeni\u00e4<br \/>\n\u2022 Kansi A.B.S:\u00e4\u00e4<\/p>\n<p>Kierre R 1 1\/2&#8243;[\/vc_column_text][\/vc_column][\/vc_row][vc_row][vc_column][vc_column_text]Kaikissa Vetus merivesisuodattimissa on l\u00e4pin\u00e4kyv\u00e4 kansi, joten suodattimen voi tarkistaa sit\u00e4 avaamatta.<br \/>\nSuuren suodatuspinnan ansiosta suodatinta tarvitsee harvoin puhdistaa.<\/p>\n<p><a href=\"http:\/\/www.vetus.com\/media\/magentominds\/sasdocument\/20121106045222_0.pdf\" target=\"_blank\" rel=\"noopener noreferrer\">FTR330 asennusohjeet (EN, NL, DE, FR, ES, IT)<\/a>[\/vc_column_text][\/vc_column][\/vc_row]<\/p>\n<\/div>","protected":false},"excerpt":{"rendered":"<p>FTR1320 Merivesisuodatin 1 1\/2&#8243;<br \/>\nT\u00e4m\u00e4 suodatin toimitetaan s\u00e4\u00e4dett\u00e4v\u00e4ll\u00e4 sein\u00e4kiinnityksell\u00e4<br \/>\n(haponkest\u00e4v\u00e4\u00e4 ter\u00e4st\u00e4) ja sit\u00e4 on saatavana 2 eri<br \/>\nletkuliitinkoolle 38mm tai 45mm . Letkuliittimet tulee tilata erikseen.<\/p>\n<p>Tilaa 38mm= SLP11\/238\u00a0 tai 45mm SLP11\/245<br \/>\nSuositeltu vedensy\u00f6tt\u00f6: 205 litraa\/min<\/p>\n","protected":false},"featured_media":9007,"comment_status":"open","ping_status":"closed","template":"","meta":{"jetpack_post_was_ever_published":false,"jetpack_publicize_message":"","jetpack_publicize_feature_enabled":true,"jetpack_social_post_already_shared":true,"jetpack_social_options":{"image_generator_settings":{"template":"highway","default_image_id":0,"font":"","enabled":false},"version":2}},"product_brand":[],"product_cat":[1096,43,1097,41,470],"product_tag":[175,189,188],"class_list":{"0":"post-4241","1":"product","2":"type-product","3":"status-publish","4":"has-post-thumbnail","6":"product_cat-merimoottorin-jaahdytys","7":"product_cat-merivesisuodattimet_vetus_suodatin","8":"product_cat-merivesisuodatin-vetus-varakansi","9":"product_cat-moottorinjaahdytys","10":"product_cat-vetus_vetus-venetarvikkeet_venetarvikeiden-maahantuonti-ja-myynti","11":"product_tag-jaahdytys","12":"product_tag-merivesi","13":"product_tag-suodatin","14":"brand-vetus","16":"first","17":"onbackorder","18":"sale","19":"taxable","20":"shipping-taxable","21":"purchasable","22":"product-type-simple"},"yoast_head":"<!-- This site is optimized with the Yoast SEO plugin v27.3 - https:\/\/yoast.com\/product\/yoast-seo-wordpress\/ -->\n<title>FTR1320-Merivesisuodatin-11\/2&quot;-merivesikaivo - Veneakselisto.com<\/title>\n<meta name=\"description\" content=\"FTR1320 Merivesisuodatin 1 1\/2&quot;. Tuotteen toimittaa edullinen Veneakselisto.com - Venetarvikkeiden maahantuonti ja myynti. Merivesikaivo\" \/>\n<meta name=\"robots\" content=\"index, follow, max-snippet:-1, max-image-preview:large, max-video-preview:-1\" \/>\n<link rel=\"canonical\" href=\"https:\/\/veneakselisto.com\/kauppa\/tuote\/ftr1320-merivesisuodatin-38mm-jaahdytysletkulle\/\" \/>\n<meta property=\"og:locale\" content=\"fi_FI\" \/>\n<meta property=\"og:type\" content=\"article\" \/>\n<meta property=\"og:title\" content=\"FTR1320-Merivesisuodatin-11\/2&quot;-merivesikaivo - Veneakselisto.com\" \/>\n<meta property=\"og:description\" content=\"FTR1320 Merivesisuodatin 1 1\/2&quot;. Tuotteen toimittaa edullinen Veneakselisto.com - Venetarvikkeiden maahantuonti ja myynti. Merivesikaivo\" \/>\n<meta property=\"og:url\" content=\"https:\/\/veneakselisto.com\/kauppa\/tuote\/ftr1320-merivesisuodatin-38mm-jaahdytysletkulle\/\" \/>\n<meta property=\"og:site_name\" content=\"Veneakselisto.com - verkkokauppa\" \/>\n<meta property=\"article:publisher\" content=\"https:\/\/www.facebook.com\/AlaMikkula\/\" \/>\n<meta property=\"article:modified_time\" content=\"2025-03-31T17:20:40+00:00\" \/>\n<meta property=\"og:image\" content=\"https:\/\/veneakselisto.com\/kauppa\/wp-content\/uploads\/2019\/02\/FTR1320-1.jpg\" \/>\n\t<meta property=\"og:image:width\" content=\"500\" \/>\n\t<meta property=\"og:image:height\" content=\"500\" \/>\n\t<meta property=\"og:image:type\" content=\"image\/jpeg\" \/>\n<meta name=\"twitter:card\" content=\"summary_large_image\" \/>\n<script type=\"application\/ld+json\" class=\"yoast-schema-graph\">{\"@context\":\"https:\\\/\\\/schema.org\",\"@graph\":[{\"@type\":\"WebPage\",\"@id\":\"https:\\\/\\\/veneakselisto.com\\\/kauppa\\\/tuote\\\/ftr1320-merivesisuodatin-38mm-jaahdytysletkulle\\\/\",\"url\":\"https:\\\/\\\/veneakselisto.com\\\/kauppa\\\/tuote\\\/ftr1320-merivesisuodatin-38mm-jaahdytysletkulle\\\/\",\"name\":\"FTR1320-Merivesisuodatin-11\\\/2\\\"-merivesikaivo - Veneakselisto.com\",\"isPartOf\":{\"@id\":\"https:\\\/\\\/veneakselisto.com\\\/kauppa\\\/#website\"},\"primaryImageOfPage\":{\"@id\":\"https:\\\/\\\/veneakselisto.com\\\/kauppa\\\/tuote\\\/ftr1320-merivesisuodatin-38mm-jaahdytysletkulle\\\/#primaryimage\"},\"image\":{\"@id\":\"https:\\\/\\\/veneakselisto.com\\\/kauppa\\\/tuote\\\/ftr1320-merivesisuodatin-38mm-jaahdytysletkulle\\\/#primaryimage\"},\"thumbnailUrl\":\"https:\\\/\\\/i0.wp.com\\\/veneakselisto.com\\\/kauppa\\\/wp-content\\\/uploads\\\/2019\\\/02\\\/FTR1320-1.jpg?fit=500%2C500&ssl=1\",\"datePublished\":\"2019-02-28T09:21:23+00:00\",\"dateModified\":\"2025-03-31T17:20:40+00:00\",\"description\":\"FTR1320 Merivesisuodatin 1 1\\\/2\\\". Tuotteen toimittaa edullinen Veneakselisto.com - Venetarvikkeiden maahantuonti ja myynti. Merivesikaivo\",\"breadcrumb\":{\"@id\":\"https:\\\/\\\/veneakselisto.com\\\/kauppa\\\/tuote\\\/ftr1320-merivesisuodatin-38mm-jaahdytysletkulle\\\/#breadcrumb\"},\"inLanguage\":\"fi\",\"potentialAction\":[{\"@type\":\"ReadAction\",\"target\":[\"https:\\\/\\\/veneakselisto.com\\\/kauppa\\\/tuote\\\/ftr1320-merivesisuodatin-38mm-jaahdytysletkulle\\\/\"]}]},{\"@type\":\"ImageObject\",\"inLanguage\":\"fi\",\"@id\":\"https:\\\/\\\/veneakselisto.com\\\/kauppa\\\/tuote\\\/ftr1320-merivesisuodatin-38mm-jaahdytysletkulle\\\/#primaryimage\",\"url\":\"https:\\\/\\\/i0.wp.com\\\/veneakselisto.com\\\/kauppa\\\/wp-content\\\/uploads\\\/2019\\\/02\\\/FTR1320-1.jpg?fit=500%2C500&ssl=1\",\"contentUrl\":\"https:\\\/\\\/i0.wp.com\\\/veneakselisto.com\\\/kauppa\\\/wp-content\\\/uploads\\\/2019\\\/02\\\/FTR1320-1.jpg?fit=500%2C500&ssl=1\",\"width\":500,\"height\":500,\"caption\":\"Merivesisuodattimet toimittaa venetarvikkeiden erikoisliike-Veneakselisto.com\"},{\"@type\":\"BreadcrumbList\",\"@id\":\"https:\\\/\\\/veneakselisto.com\\\/kauppa\\\/tuote\\\/ftr1320-merivesisuodatin-38mm-jaahdytysletkulle\\\/#breadcrumb\",\"itemListElement\":[{\"@type\":\"ListItem\",\"position\":1,\"name\":\"Etusivu\",\"item\":\"https:\\\/\\\/veneakselisto.com\\\/kauppa\\\/\"},{\"@type\":\"ListItem\",\"position\":2,\"name\":\"Kauppa\",\"item\":\"https:\\\/\\\/veneakselisto.com\\\/kauppa\\\/\"},{\"@type\":\"ListItem\",\"position\":3,\"name\":\"FTR1320 Merivesisuodatin 1 1\\\/2&#8243;\"}]},{\"@type\":\"WebSite\",\"@id\":\"https:\\\/\\\/veneakselisto.com\\\/kauppa\\\/#website\",\"url\":\"https:\\\/\\\/veneakselisto.com\\\/kauppa\\\/\",\"name\":\"Veneakselisto.com - verkkokauppa\",\"description\":\"Venetarvikkeiden maahantuonti ja myynti\",\"publisher\":{\"@id\":\"https:\\\/\\\/veneakselisto.com\\\/kauppa\\\/#organization\"},\"potentialAction\":[{\"@type\":\"SearchAction\",\"target\":{\"@type\":\"EntryPoint\",\"urlTemplate\":\"https:\\\/\\\/veneakselisto.com\\\/kauppa\\\/?s={search_term_string}\"},\"query-input\":{\"@type\":\"PropertyValueSpecification\",\"valueRequired\":true,\"valueName\":\"search_term_string\"}}],\"inLanguage\":\"fi\"},{\"@type\":\"Organization\",\"@id\":\"https:\\\/\\\/veneakselisto.com\\\/kauppa\\\/#organization\",\"name\":\"Veneakselisto.com verkkokauppa\",\"url\":\"https:\\\/\\\/veneakselisto.com\\\/kauppa\\\/\",\"logo\":{\"@type\":\"ImageObject\",\"inLanguage\":\"fi\",\"@id\":\"https:\\\/\\\/veneakselisto.com\\\/kauppa\\\/#\\\/schema\\\/logo\\\/image\\\/\",\"url\":\"https:\\\/\\\/i2.wp.com\\\/veneakselisto.com\\\/kauppa\\\/wp-content\\\/uploads\\\/2016\\\/06\\\/fb_icon.jpg?fit=327%2C327&ssl=1\",\"contentUrl\":\"https:\\\/\\\/i2.wp.com\\\/veneakselisto.com\\\/kauppa\\\/wp-content\\\/uploads\\\/2016\\\/06\\\/fb_icon.jpg?fit=327%2C327&ssl=1\",\"width\":327,\"height\":327,\"caption\":\"Veneakselisto.com verkkokauppa\"},\"image\":{\"@id\":\"https:\\\/\\\/veneakselisto.com\\\/kauppa\\\/#\\\/schema\\\/logo\\\/image\\\/\"},\"sameAs\":[\"https:\\\/\\\/www.facebook.com\\\/AlaMikkula\\\/\"]}]}<\/script>\n<!-- \/ Yoast SEO plugin. -->","yoast_head_json":{"title":"FTR1320-Merivesisuodatin-11\/2\"-merivesikaivo - Veneakselisto.com","description":"FTR1320 Merivesisuodatin 1 1\/2\". Tuotteen toimittaa edullinen Veneakselisto.com - Venetarvikkeiden maahantuonti ja myynti. Merivesikaivo","robots":{"index":"index","follow":"follow","max-snippet":"max-snippet:-1","max-image-preview":"max-image-preview:large","max-video-preview":"max-video-preview:-1"},"canonical":"https:\/\/veneakselisto.com\/kauppa\/tuote\/ftr1320-merivesisuodatin-38mm-jaahdytysletkulle\/","og_locale":"fi_FI","og_type":"article","og_title":"FTR1320-Merivesisuodatin-11\/2\"-merivesikaivo - Veneakselisto.com","og_description":"FTR1320 Merivesisuodatin 1 1\/2\". Tuotteen toimittaa edullinen Veneakselisto.com - Venetarvikkeiden maahantuonti ja myynti. Merivesikaivo","og_url":"https:\/\/veneakselisto.com\/kauppa\/tuote\/ftr1320-merivesisuodatin-38mm-jaahdytysletkulle\/","og_site_name":"Veneakselisto.com - verkkokauppa","article_publisher":"https:\/\/www.facebook.com\/AlaMikkula\/","article_modified_time":"2025-03-31T17:20:40+00:00","og_image":[{"width":500,"height":500,"url":"https:\/\/veneakselisto.com\/kauppa\/wp-content\/uploads\/2019\/02\/FTR1320-1.jpg","type":"image\/jpeg"}],"twitter_card":"summary_large_image","schema":{"@context":"https:\/\/schema.org","@graph":[{"@type":"WebPage","@id":"https:\/\/veneakselisto.com\/kauppa\/tuote\/ftr1320-merivesisuodatin-38mm-jaahdytysletkulle\/","url":"https:\/\/veneakselisto.com\/kauppa\/tuote\/ftr1320-merivesisuodatin-38mm-jaahdytysletkulle\/","name":"FTR1320-Merivesisuodatin-11\/2\"-merivesikaivo - Veneakselisto.com","isPartOf":{"@id":"https:\/\/veneakselisto.com\/kauppa\/#website"},"primaryImageOfPage":{"@id":"https:\/\/veneakselisto.com\/kauppa\/tuote\/ftr1320-merivesisuodatin-38mm-jaahdytysletkulle\/#primaryimage"},"image":{"@id":"https:\/\/veneakselisto.com\/kauppa\/tuote\/ftr1320-merivesisuodatin-38mm-jaahdytysletkulle\/#primaryimage"},"thumbnailUrl":"https:\/\/i0.wp.com\/veneakselisto.com\/kauppa\/wp-content\/uploads\/2019\/02\/FTR1320-1.jpg?fit=500%2C500&ssl=1","datePublished":"2019-02-28T09:21:23+00:00","dateModified":"2025-03-31T17:20:40+00:00","description":"FTR1320 Merivesisuodatin 1 1\/2\". Tuotteen toimittaa edullinen Veneakselisto.com - Venetarvikkeiden maahantuonti ja myynti. Merivesikaivo","breadcrumb":{"@id":"https:\/\/veneakselisto.com\/kauppa\/tuote\/ftr1320-merivesisuodatin-38mm-jaahdytysletkulle\/#breadcrumb"},"inLanguage":"fi","potentialAction":[{"@type":"ReadAction","target":["https:\/\/veneakselisto.com\/kauppa\/tuote\/ftr1320-merivesisuodatin-38mm-jaahdytysletkulle\/"]}]},{"@type":"ImageObject","inLanguage":"fi","@id":"https:\/\/veneakselisto.com\/kauppa\/tuote\/ftr1320-merivesisuodatin-38mm-jaahdytysletkulle\/#primaryimage","url":"https:\/\/i0.wp.com\/veneakselisto.com\/kauppa\/wp-content\/uploads\/2019\/02\/FTR1320-1.jpg?fit=500%2C500&ssl=1","contentUrl":"https:\/\/i0.wp.com\/veneakselisto.com\/kauppa\/wp-content\/uploads\/2019\/02\/FTR1320-1.jpg?fit=500%2C500&ssl=1","width":500,"height":500,"caption":"Merivesisuodattimet toimittaa venetarvikkeiden erikoisliike-Veneakselisto.com"},{"@type":"BreadcrumbList","@id":"https:\/\/veneakselisto.com\/kauppa\/tuote\/ftr1320-merivesisuodatin-38mm-jaahdytysletkulle\/#breadcrumb","itemListElement":[{"@type":"ListItem","position":1,"name":"Etusivu","item":"https:\/\/veneakselisto.com\/kauppa\/"},{"@type":"ListItem","position":2,"name":"Kauppa","item":"https:\/\/veneakselisto.com\/kauppa\/"},{"@type":"ListItem","position":3,"name":"FTR1320 Merivesisuodatin 1 1\/2&#8243;"}]},{"@type":"WebSite","@id":"https:\/\/veneakselisto.com\/kauppa\/#website","url":"https:\/\/veneakselisto.com\/kauppa\/","name":"Veneakselisto.com - verkkokauppa","description":"Venetarvikkeiden maahantuonti ja myynti","publisher":{"@id":"https:\/\/veneakselisto.com\/kauppa\/#organization"},"potentialAction":[{"@type":"SearchAction","target":{"@type":"EntryPoint","urlTemplate":"https:\/\/veneakselisto.com\/kauppa\/?s={search_term_string}"},"query-input":{"@type":"PropertyValueSpecification","valueRequired":true,"valueName":"search_term_string"}}],"inLanguage":"fi"},{"@type":"Organization","@id":"https:\/\/veneakselisto.com\/kauppa\/#organization","name":"Veneakselisto.com verkkokauppa","url":"https:\/\/veneakselisto.com\/kauppa\/","logo":{"@type":"ImageObject","inLanguage":"fi","@id":"https:\/\/veneakselisto.com\/kauppa\/#\/schema\/logo\/image\/","url":"https:\/\/i2.wp.com\/veneakselisto.com\/kauppa\/wp-content\/uploads\/2016\/06\/fb_icon.jpg?fit=327%2C327&ssl=1","contentUrl":"https:\/\/i2.wp.com\/veneakselisto.com\/kauppa\/wp-content\/uploads\/2016\/06\/fb_icon.jpg?fit=327%2C327&ssl=1","width":327,"height":327,"caption":"Veneakselisto.com verkkokauppa"},"image":{"@id":"https:\/\/veneakselisto.com\/kauppa\/#\/schema\/logo\/image\/"},"sameAs":["https:\/\/www.facebook.com\/AlaMikkula\/"]}]}},"jetpack_publicize_connections":[],"jetpack_sharing_enabled":true,"_links":{"self":[{"href":"https:\/\/veneakselisto.com\/kauppa\/wp-json\/wp\/v2\/product\/4241","targetHints":{"allow":["GET"]}}],"collection":[{"href":"https:\/\/veneakselisto.com\/kauppa\/wp-json\/wp\/v2\/product"}],"about":[{"href":"https:\/\/veneakselisto.com\/kauppa\/wp-json\/wp\/v2\/types\/product"}],"replies":[{"embeddable":true,"href":"https:\/\/veneakselisto.com\/kauppa\/wp-json\/wp\/v2\/comments?post=4241"}],"wp:featuredmedia":[{"embeddable":true,"href":"https:\/\/veneakselisto.com\/kauppa\/wp-json\/wp\/v2\/media\/9007"}],"wp:attachment":[{"href":"https:\/\/veneakselisto.com\/kauppa\/wp-json\/wp\/v2\/media?parent=4241"}],"wp:term":[{"taxonomy":"product_brand","embeddable":true,"href":"https:\/\/veneakselisto.com\/kauppa\/wp-json\/wp\/v2\/product_brand?post=4241"},{"taxonomy":"product_cat","embeddable":true,"href":"https:\/\/veneakselisto.com\/kauppa\/wp-json\/wp\/v2\/product_cat?post=4241"},{"taxonomy":"product_tag","embeddable":true,"href":"https:\/\/veneakselisto.com\/kauppa\/wp-json\/wp\/v2\/product_tag?post=4241"}],"curies":[{"name":"wp","href":"https:\/\/api.w.org\/{rel}","templated":true}]}}