{"id":3840,"date":"2019-01-25T11:20:47","date_gmt":"2019-01-25T09:20:47","guid":{"rendered":"https:\/\/veneakselisto.com\/kauppa\/?post_type=product&#038;p=3840"},"modified":"2025-06-12T07:58:11","modified_gmt":"2025-06-12T04:58:11","slug":"atank215-215-monikayttotakki","status":"publish","type":"product","link":"https:\/\/veneakselisto.com\/kauppa\/tuote\/atank215-215-monikayttotakki\/","title":{"rendered":"Makeavesitankki 390 L"},"content":{"rendered":"<p>Makeavesitankki 390 L<\/p>\n<p>KIINTE\u00c4T MONIK\u00c4YTT\u00d6TANKKI<br \/>\nMitat +\/- 2%<br \/>\nTuotetiedot<br \/>\n\u2022 Tankit t\u00e4ytt\u00e4v\u00e4t ISO 21487 m\u00e4\u00e4r\u00e4ykset kun ILT-tarkastusluukku sek\u00e4 (katso sivu 132) \u201cdiesel\u201d tarra on asennettu tankkiin<br \/>\n\u2022 Kokovaihtoehdot 42, 61, 88, 110, 137, 170, 215, 335 ja 390 litraa<br \/>\n\u2022 Sein\u00e4m\u00e4vahvuus 7 mm tankin koosta riippuen<br \/>\n\u2022 V\u00e4ri: vaaleansininen, l\u00e4pikuultava<br \/>\n\u2022 Sopii diesel- (jopa 100\u00baC), septi- ja makeavesik\u00e4ytt\u00f6\u00f6n<\/p>\n<p>ATANK Monik\u00e4ytt\u00f6tankki<br \/>\nMonik\u00e4ytt\u00f6tankit soveluvat septi- makeavesi- ja dieselk\u00e4ytt\u00f6\u00f6n<br \/>\nN\u00e4m\u00e4 tankit on valmistettu paksusta, korkeatiheyksisest\u00e4 polyeteenist\u00e4, joten ne on t\u00e4ysin korroosiovapaita ja<br \/>\nkondensoituminen on huomattavasti v\u00e4h\u00e4isemp\u00e4\u00e4 kuin metallitankeissa. Tankit ovat saumattomia, mik\u00e4 v\u00e4hent\u00e4\u00e4 vuodon<br \/>\nmahdollisuutta. Liittimet tulee tilata erikseen ja ne voidaan asentaa vapaasti haluttuun paikkaan.<br \/>\nTankkien mukana toimitetaan tarrat, jotka kertovat tankin k\u00e4ytt\u00f6tarkoituksen; \u201cdiesel\u201d, \u201cfresh water\u201d ja \u201cwaste water\u201d.<\/p>\n","protected":false},"excerpt":{"rendered":"<p>Makeavesitankki 390 L<\/p>\n<p>Vetus monik\u00e4ytt\u00f6tankki sopii polttoaineelle, juomavedelle ja j\u00e4tevedelle. Tankin mukana tulee tarra \u201cdiesel\u201d, \u201cfresh water\u201d ja \u201cwaste water\u201d ja valitset niist\u00e4 oikean tankin k\u00e4ytt\u00f6 tarkoituksen mukaan.<\/p>\n<p><span style=\"color: #ff0000;\">TEHDASTOIMITUS. TOIMITUSAIKA 5-7PV NORMAALISTI.<\/span><\/p>\n","protected":false},"featured_media":6138,"comment_status":"open","ping_status":"closed","template":"","meta":{"jetpack_post_was_ever_published":false,"jetpack_publicize_message":"","jetpack_publicize_feature_enabled":true,"jetpack_social_post_already_shared":true,"jetpack_social_options":{"image_generator_settings":{"template":"highway","default_image_id":0,"font":"","enabled":false},"version":2}},"product_brand":[],"product_cat":[1078,1085,477,476,470],"product_tag":[536,98],"class_list":{"0":"post-3840","1":"product","2":"type-product","3":"status-publish","4":"has-post-thumbnail","6":"product_cat-vetus-makeavesijarjestelma-juomavesi","7":"product_cat-vetus-makeavesijarjestelma-vetus-makeavesijarjestelma-juomavesi-2","8":"product_cat-makeavesijarjestelma_vetus_venetarvike_veneakselisto","9":"product_cat-vetus_vetus-venetarvikkeet_venetarvikeiden-maahantuonti-ja-myynti-vetus_vetus-venetarvikkeet_venetarvikeiden-maahantuonti-ja-myynti","10":"product_cat-vetus_vetus-venetarvikkeet_venetarvikeiden-maahantuonti-ja-myynti","11":"product_tag-makeavesitankki","12":"product_tag-vetus","13":"brand-vetus","15":"first","16":"onbackorder","17":"taxable","18":"shipping-taxable","19":"purchasable","20":"product-type-simple"},"yoast_head":"<!-- This site is optimized with the Yoast SEO plugin v27.3 - https:\/\/yoast.com\/product\/yoast-seo-wordpress\/ -->\n<title>Makeavesitankki 390 L -vesis\u00e4ili\u00f6-vesitankki-Veneakselisto.com<\/title>\n<meta name=\"description\" content=\"Makeavesitankki 390 L. Vetus vesitankit toimittaa- Venetarvikkeiden maahantuonti ja myynti-Veneakselisto.com\" \/>\n<meta name=\"robots\" content=\"index, follow, max-snippet:-1, max-image-preview:large, max-video-preview:-1\" \/>\n<link rel=\"canonical\" href=\"https:\/\/veneakselisto.com\/kauppa\/tuote\/atank215-215-monikayttotakki\/\" \/>\n<meta property=\"og:locale\" content=\"fi_FI\" \/>\n<meta property=\"og:type\" content=\"article\" \/>\n<meta property=\"og:title\" content=\"Makeavesitankki 390 L -vesis\u00e4ili\u00f6-vesitankki-Veneakselisto.com\" \/>\n<meta property=\"og:description\" content=\"Makeavesitankki 390 L. Vetus vesitankit toimittaa- Venetarvikkeiden maahantuonti ja myynti-Veneakselisto.com\" \/>\n<meta property=\"og:url\" content=\"https:\/\/veneakselisto.com\/kauppa\/tuote\/atank215-215-monikayttotakki\/\" \/>\n<meta property=\"og:site_name\" content=\"Veneakselisto.com - verkkokauppa\" \/>\n<meta property=\"article:publisher\" content=\"https:\/\/www.facebook.com\/AlaMikkula\/\" \/>\n<meta property=\"article:modified_time\" content=\"2025-06-12T04:58:11+00:00\" \/>\n<meta property=\"og:image\" content=\"https:\/\/veneakselisto.com\/kauppa\/wp-content\/uploads\/2019\/01\/Makeavesitankki.png\" \/>\n\t<meta property=\"og:image:width\" content=\"500\" \/>\n\t<meta property=\"og:image:height\" content=\"500\" \/>\n\t<meta property=\"og:image:type\" content=\"image\/png\" \/>\n<meta name=\"twitter:card\" content=\"summary_large_image\" \/>\n<meta name=\"twitter:label1\" content=\"Arvioitu lukuaika\" \/>\n\t<meta name=\"twitter:data1\" content=\"1 minuutti\" \/>\n<script type=\"application\/ld+json\" class=\"yoast-schema-graph\">{\"@context\":\"https:\\\/\\\/schema.org\",\"@graph\":[{\"@type\":\"WebPage\",\"@id\":\"https:\\\/\\\/veneakselisto.com\\\/kauppa\\\/tuote\\\/atank215-215-monikayttotakki\\\/\",\"url\":\"https:\\\/\\\/veneakselisto.com\\\/kauppa\\\/tuote\\\/atank215-215-monikayttotakki\\\/\",\"name\":\"Makeavesitankki 390 L -vesis\u00e4ili\u00f6-vesitankki-Veneakselisto.com\",\"isPartOf\":{\"@id\":\"https:\\\/\\\/veneakselisto.com\\\/kauppa\\\/#website\"},\"primaryImageOfPage\":{\"@id\":\"https:\\\/\\\/veneakselisto.com\\\/kauppa\\\/tuote\\\/atank215-215-monikayttotakki\\\/#primaryimage\"},\"image\":{\"@id\":\"https:\\\/\\\/veneakselisto.com\\\/kauppa\\\/tuote\\\/atank215-215-monikayttotakki\\\/#primaryimage\"},\"thumbnailUrl\":\"https:\\\/\\\/i0.wp.com\\\/veneakselisto.com\\\/kauppa\\\/wp-content\\\/uploads\\\/2019\\\/01\\\/Makeavesitankki.png?fit=500%2C500&ssl=1\",\"datePublished\":\"2019-01-25T09:20:47+00:00\",\"dateModified\":\"2025-06-12T04:58:11+00:00\",\"description\":\"Makeavesitankki 390 L. Vetus vesitankit toimittaa- Venetarvikkeiden maahantuonti ja myynti-Veneakselisto.com\",\"breadcrumb\":{\"@id\":\"https:\\\/\\\/veneakselisto.com\\\/kauppa\\\/tuote\\\/atank215-215-monikayttotakki\\\/#breadcrumb\"},\"inLanguage\":\"fi\",\"potentialAction\":[{\"@type\":\"ReadAction\",\"target\":[\"https:\\\/\\\/veneakselisto.com\\\/kauppa\\\/tuote\\\/atank215-215-monikayttotakki\\\/\"]}]},{\"@type\":\"ImageObject\",\"inLanguage\":\"fi\",\"@id\":\"https:\\\/\\\/veneakselisto.com\\\/kauppa\\\/tuote\\\/atank215-215-monikayttotakki\\\/#primaryimage\",\"url\":\"https:\\\/\\\/i0.wp.com\\\/veneakselisto.com\\\/kauppa\\\/wp-content\\\/uploads\\\/2019\\\/01\\\/Makeavesitankki.png?fit=500%2C500&ssl=1\",\"contentUrl\":\"https:\\\/\\\/i0.wp.com\\\/veneakselisto.com\\\/kauppa\\\/wp-content\\\/uploads\\\/2019\\\/01\\\/Makeavesitankki.png?fit=500%2C500&ssl=1\",\"width\":500,\"height\":500,\"caption\":\"Vetus makeavesis\u00e4ili\u00f6t toimittaa Veneakselisto.com. Venetarvikkeiden maahantuonti ja myynti. vesis\u00e4ili\u00f6\"},{\"@type\":\"BreadcrumbList\",\"@id\":\"https:\\\/\\\/veneakselisto.com\\\/kauppa\\\/tuote\\\/atank215-215-monikayttotakki\\\/#breadcrumb\",\"itemListElement\":[{\"@type\":\"ListItem\",\"position\":1,\"name\":\"Etusivu\",\"item\":\"https:\\\/\\\/veneakselisto.com\\\/kauppa\\\/\"},{\"@type\":\"ListItem\",\"position\":2,\"name\":\"Kauppa\",\"item\":\"https:\\\/\\\/veneakselisto.com\\\/kauppa\\\/\"},{\"@type\":\"ListItem\",\"position\":3,\"name\":\"Makeavesitankki 390 L\"}]},{\"@type\":\"WebSite\",\"@id\":\"https:\\\/\\\/veneakselisto.com\\\/kauppa\\\/#website\",\"url\":\"https:\\\/\\\/veneakselisto.com\\\/kauppa\\\/\",\"name\":\"Veneakselisto.com - verkkokauppa\",\"description\":\"Venetarvikkeiden maahantuonti ja myynti\",\"publisher\":{\"@id\":\"https:\\\/\\\/veneakselisto.com\\\/kauppa\\\/#organization\"},\"potentialAction\":[{\"@type\":\"SearchAction\",\"target\":{\"@type\":\"EntryPoint\",\"urlTemplate\":\"https:\\\/\\\/veneakselisto.com\\\/kauppa\\\/?s={search_term_string}\"},\"query-input\":{\"@type\":\"PropertyValueSpecification\",\"valueRequired\":true,\"valueName\":\"search_term_string\"}}],\"inLanguage\":\"fi\"},{\"@type\":\"Organization\",\"@id\":\"https:\\\/\\\/veneakselisto.com\\\/kauppa\\\/#organization\",\"name\":\"Veneakselisto.com verkkokauppa\",\"url\":\"https:\\\/\\\/veneakselisto.com\\\/kauppa\\\/\",\"logo\":{\"@type\":\"ImageObject\",\"inLanguage\":\"fi\",\"@id\":\"https:\\\/\\\/veneakselisto.com\\\/kauppa\\\/#\\\/schema\\\/logo\\\/image\\\/\",\"url\":\"https:\\\/\\\/i2.wp.com\\\/veneakselisto.com\\\/kauppa\\\/wp-content\\\/uploads\\\/2016\\\/06\\\/fb_icon.jpg?fit=327%2C327&ssl=1\",\"contentUrl\":\"https:\\\/\\\/i2.wp.com\\\/veneakselisto.com\\\/kauppa\\\/wp-content\\\/uploads\\\/2016\\\/06\\\/fb_icon.jpg?fit=327%2C327&ssl=1\",\"width\":327,\"height\":327,\"caption\":\"Veneakselisto.com verkkokauppa\"},\"image\":{\"@id\":\"https:\\\/\\\/veneakselisto.com\\\/kauppa\\\/#\\\/schema\\\/logo\\\/image\\\/\"},\"sameAs\":[\"https:\\\/\\\/www.facebook.com\\\/AlaMikkula\\\/\"]}]}<\/script>\n<!-- \/ Yoast SEO plugin. -->","yoast_head_json":{"title":"Makeavesitankki 390 L -vesis\u00e4ili\u00f6-vesitankki-Veneakselisto.com","description":"Makeavesitankki 390 L. Vetus vesitankit toimittaa- Venetarvikkeiden maahantuonti ja myynti-Veneakselisto.com","robots":{"index":"index","follow":"follow","max-snippet":"max-snippet:-1","max-image-preview":"max-image-preview:large","max-video-preview":"max-video-preview:-1"},"canonical":"https:\/\/veneakselisto.com\/kauppa\/tuote\/atank215-215-monikayttotakki\/","og_locale":"fi_FI","og_type":"article","og_title":"Makeavesitankki 390 L -vesis\u00e4ili\u00f6-vesitankki-Veneakselisto.com","og_description":"Makeavesitankki 390 L. Vetus vesitankit toimittaa- Venetarvikkeiden maahantuonti ja myynti-Veneakselisto.com","og_url":"https:\/\/veneakselisto.com\/kauppa\/tuote\/atank215-215-monikayttotakki\/","og_site_name":"Veneakselisto.com - verkkokauppa","article_publisher":"https:\/\/www.facebook.com\/AlaMikkula\/","article_modified_time":"2025-06-12T04:58:11+00:00","og_image":[{"width":500,"height":500,"url":"https:\/\/veneakselisto.com\/kauppa\/wp-content\/uploads\/2019\/01\/Makeavesitankki.png","type":"image\/png"}],"twitter_card":"summary_large_image","twitter_misc":{"Arvioitu lukuaika":"1 minuutti"},"schema":{"@context":"https:\/\/schema.org","@graph":[{"@type":"WebPage","@id":"https:\/\/veneakselisto.com\/kauppa\/tuote\/atank215-215-monikayttotakki\/","url":"https:\/\/veneakselisto.com\/kauppa\/tuote\/atank215-215-monikayttotakki\/","name":"Makeavesitankki 390 L -vesis\u00e4ili\u00f6-vesitankki-Veneakselisto.com","isPartOf":{"@id":"https:\/\/veneakselisto.com\/kauppa\/#website"},"primaryImageOfPage":{"@id":"https:\/\/veneakselisto.com\/kauppa\/tuote\/atank215-215-monikayttotakki\/#primaryimage"},"image":{"@id":"https:\/\/veneakselisto.com\/kauppa\/tuote\/atank215-215-monikayttotakki\/#primaryimage"},"thumbnailUrl":"https:\/\/i0.wp.com\/veneakselisto.com\/kauppa\/wp-content\/uploads\/2019\/01\/Makeavesitankki.png?fit=500%2C500&ssl=1","datePublished":"2019-01-25T09:20:47+00:00","dateModified":"2025-06-12T04:58:11+00:00","description":"Makeavesitankki 390 L. Vetus vesitankit toimittaa- Venetarvikkeiden maahantuonti ja myynti-Veneakselisto.com","breadcrumb":{"@id":"https:\/\/veneakselisto.com\/kauppa\/tuote\/atank215-215-monikayttotakki\/#breadcrumb"},"inLanguage":"fi","potentialAction":[{"@type":"ReadAction","target":["https:\/\/veneakselisto.com\/kauppa\/tuote\/atank215-215-monikayttotakki\/"]}]},{"@type":"ImageObject","inLanguage":"fi","@id":"https:\/\/veneakselisto.com\/kauppa\/tuote\/atank215-215-monikayttotakki\/#primaryimage","url":"https:\/\/i0.wp.com\/veneakselisto.com\/kauppa\/wp-content\/uploads\/2019\/01\/Makeavesitankki.png?fit=500%2C500&ssl=1","contentUrl":"https:\/\/i0.wp.com\/veneakselisto.com\/kauppa\/wp-content\/uploads\/2019\/01\/Makeavesitankki.png?fit=500%2C500&ssl=1","width":500,"height":500,"caption":"Vetus makeavesis\u00e4ili\u00f6t toimittaa Veneakselisto.com. Venetarvikkeiden maahantuonti ja myynti. vesis\u00e4ili\u00f6"},{"@type":"BreadcrumbList","@id":"https:\/\/veneakselisto.com\/kauppa\/tuote\/atank215-215-monikayttotakki\/#breadcrumb","itemListElement":[{"@type":"ListItem","position":1,"name":"Etusivu","item":"https:\/\/veneakselisto.com\/kauppa\/"},{"@type":"ListItem","position":2,"name":"Kauppa","item":"https:\/\/veneakselisto.com\/kauppa\/"},{"@type":"ListItem","position":3,"name":"Makeavesitankki 390 L"}]},{"@type":"WebSite","@id":"https:\/\/veneakselisto.com\/kauppa\/#website","url":"https:\/\/veneakselisto.com\/kauppa\/","name":"Veneakselisto.com - verkkokauppa","description":"Venetarvikkeiden maahantuonti ja myynti","publisher":{"@id":"https:\/\/veneakselisto.com\/kauppa\/#organization"},"potentialAction":[{"@type":"SearchAction","target":{"@type":"EntryPoint","urlTemplate":"https:\/\/veneakselisto.com\/kauppa\/?s={search_term_string}"},"query-input":{"@type":"PropertyValueSpecification","valueRequired":true,"valueName":"search_term_string"}}],"inLanguage":"fi"},{"@type":"Organization","@id":"https:\/\/veneakselisto.com\/kauppa\/#organization","name":"Veneakselisto.com verkkokauppa","url":"https:\/\/veneakselisto.com\/kauppa\/","logo":{"@type":"ImageObject","inLanguage":"fi","@id":"https:\/\/veneakselisto.com\/kauppa\/#\/schema\/logo\/image\/","url":"https:\/\/i2.wp.com\/veneakselisto.com\/kauppa\/wp-content\/uploads\/2016\/06\/fb_icon.jpg?fit=327%2C327&ssl=1","contentUrl":"https:\/\/i2.wp.com\/veneakselisto.com\/kauppa\/wp-content\/uploads\/2016\/06\/fb_icon.jpg?fit=327%2C327&ssl=1","width":327,"height":327,"caption":"Veneakselisto.com verkkokauppa"},"image":{"@id":"https:\/\/veneakselisto.com\/kauppa\/#\/schema\/logo\/image\/"},"sameAs":["https:\/\/www.facebook.com\/AlaMikkula\/"]}]}},"jetpack_publicize_connections":[],"jetpack_sharing_enabled":true,"_links":{"self":[{"href":"https:\/\/veneakselisto.com\/kauppa\/wp-json\/wp\/v2\/product\/3840","targetHints":{"allow":["GET"]}}],"collection":[{"href":"https:\/\/veneakselisto.com\/kauppa\/wp-json\/wp\/v2\/product"}],"about":[{"href":"https:\/\/veneakselisto.com\/kauppa\/wp-json\/wp\/v2\/types\/product"}],"replies":[{"embeddable":true,"href":"https:\/\/veneakselisto.com\/kauppa\/wp-json\/wp\/v2\/comments?post=3840"}],"wp:featuredmedia":[{"embeddable":true,"href":"https:\/\/veneakselisto.com\/kauppa\/wp-json\/wp\/v2\/media\/6138"}],"wp:attachment":[{"href":"https:\/\/veneakselisto.com\/kauppa\/wp-json\/wp\/v2\/media?parent=3840"}],"wp:term":[{"taxonomy":"product_brand","embeddable":true,"href":"https:\/\/veneakselisto.com\/kauppa\/wp-json\/wp\/v2\/product_brand?post=3840"},{"taxonomy":"product_cat","embeddable":true,"href":"https:\/\/veneakselisto.com\/kauppa\/wp-json\/wp\/v2\/product_cat?post=3840"},{"taxonomy":"product_tag","embeddable":true,"href":"https:\/\/veneakselisto.com\/kauppa\/wp-json\/wp\/v2\/product_tag?post=3840"}],"curies":[{"name":"wp","href":"https:\/\/api.w.org\/{rel}","templated":true}]}}