{"id":368,"date":"2016-03-04T15:02:21","date_gmt":"2016-03-04T13:02:21","guid":{"rendered":"http:\/\/veneakselisto.com\/kauppa\/tuote\/t-nippa-ja-letkusarja-veden-ulosottoon-25mm95mm\/"},"modified":"2025-04-23T11:13:29","modified_gmt":"2025-04-23T08:13:29","slug":"t-nippa-ja-letkusarja-veden-ulosottoon-25mm95mm","status":"publish","type":"product","link":"https:\/\/veneakselisto.com\/kauppa\/tuote\/t-nippa-ja-letkusarja-veden-ulosottoon-25mm95mm\/","title":{"rendered":"T-liitin ja letkusarja veden ulosottoon 25mm\/9.5mm"},"content":{"rendered":"<div class=\"wpb-content-wrapper\"><p>[vc_row][vc_column][vc_column_text]T-liitin ja letkusarja veden ulosottoon 25mm\/9.5mm<\/p>\n<p>T-Nippa -sarja vesivoideltuihin akselitiivisteisiin. sis T-Nipan, letkun ja letkusiteet<\/p>\n<p>koko: 25mm\/9,5mm[\/vc_column_text][\/vc_column][\/vc_row][vc_row][vc_column width=&#8221;1\/4&#8243;][vc_column_text]Kaikille vesivoidelluille akselitiivisteille[\/vc_column_text][\/vc_column][vc_column width=&#8221;3\/4&#8243;]<div class=\"woocommerce columns-4\"><div class=\"product-loop products-grid product-count-4\">\n<div class=\"product-category span4 first\">\n\n\t\n\t<div class=\"mask-container\">\n\n\t\t<img decoding=\"async\" src=\"https:\/\/i0.wp.com\/veneakselisto.com\/kauppa\/wp-content\/uploads\/woocommerce-placeholder.png?fit=270%2C270&#038;ssl=1\" alt=\"Vetus potkuriakseli tiivisteet\" width=\"270\" height=\"\" \/>\n\t\t<div class=\"block-mask\">\n\t\t\t<div class=\"mask-content\">\n\t\t\t\t<a href=\"https:\/\/veneakselisto.com\/kauppa\/osasto\/vetus_vetus-venetarvikkeet_venetarvikeiden-maahantuonti-ja-myynti\/vetus-akselitiivisteet\/\"><i class=\"icon-link\"><\/i><\/a>\n\t\t\t<\/div>\n\t\t<\/div>\n\t<\/div>\n\n\n\n\n\t\t\n\n\t<a href=\"https:\/\/veneakselisto.com\/kauppa\/osasto\/vetus_vetus-venetarvikkeet_venetarvikeiden-maahantuonti-ja-myynti\/vetus-akselitiivisteet\/\"><h5>\n\t\tVetus potkuriakseli tiivisteet (18)\t<\/h5><\/a>\n\n\t\n\n\t\n<\/div>\n\n<div class=\"product-category span4\">\n\n\t\n\t<div class=\"mask-container\">\n\n\t\t<img decoding=\"async\" src=\"https:\/\/i0.wp.com\/veneakselisto.com\/kauppa\/wp-content\/uploads\/2016\/01\/463240.jpg?fit=270%2C285&#038;ssl=1\" alt=\"Vesivoidellut Potkuriakseli tiivisteet\" width=\"270\" height=\"\" srcset=\"https:\/\/i0.wp.com\/veneakselisto.com\/kauppa\/wp-content\/uploads\/2016\/01\/463240.jpg?w=886&amp;ssl=1 886w, https:\/\/i0.wp.com\/veneakselisto.com\/kauppa\/wp-content\/uploads\/2016\/01\/463240.jpg?resize=270%2C285&amp;ssl=1 270w, https:\/\/i0.wp.com\/veneakselisto.com\/kauppa\/wp-content\/uploads\/2016\/01\/463240.jpg?resize=460%2C485&amp;ssl=1 460w, https:\/\/i0.wp.com\/veneakselisto.com\/kauppa\/wp-content\/uploads\/2016\/01\/463240.jpg?resize=284%2C300&amp;ssl=1 284w, https:\/\/i0.wp.com\/veneakselisto.com\/kauppa\/wp-content\/uploads\/2016\/01\/463240.jpg?resize=768%2C810&amp;ssl=1 768w\" sizes=\"(max-width: 270px) 100vw, 270px\" \/>\n\t\t<div class=\"block-mask\">\n\t\t\t<div class=\"mask-content\">\n\t\t\t\t<a href=\"https:\/\/veneakselisto.com\/kauppa\/osasto\/veneen_voimansiirto_potkuriakseli_kumityynyt_joustokytkimet_potkurit\/potkuriakselit_ja_tarvikkeet\/vesivoidellut-akselitiivisteet-volvo-penta-akselitiiviste\/\"><i class=\"icon-link\"><\/i><\/a>\n\t\t\t<\/div>\n\t\t<\/div>\n\t<\/div>\n\n\n\n\n\t\t\n\n\t<a href=\"https:\/\/veneakselisto.com\/kauppa\/osasto\/veneen_voimansiirto_potkuriakseli_kumityynyt_joustokytkimet_potkurit\/potkuriakselit_ja_tarvikkeet\/vesivoidellut-akselitiivisteet-volvo-penta-akselitiiviste\/\"><h5>\n\t\tVesivoidellut Potkuriakseli tiivisteet (90)\t<\/h5><\/a>\n\n\t\n\n\t\n<\/div>\n\n<div class=\"product-category span4\">\n\n\t\n\t<div class=\"mask-container\">\n\n\t\t<img decoding=\"async\" src=\"https:\/\/i0.wp.com\/veneakselisto.com\/kauppa\/wp-content\/uploads\/2016\/03\/TidesTiivisteet.jpg?fit=270%2C270&#038;ssl=1\" alt=\"Tides Marine akselitiivisteet\" width=\"270\" height=\"\" srcset=\"https:\/\/i0.wp.com\/veneakselisto.com\/kauppa\/wp-content\/uploads\/2016\/03\/TidesTiivisteet.jpg?w=600&amp;ssl=1 600w, https:\/\/i0.wp.com\/veneakselisto.com\/kauppa\/wp-content\/uploads\/2016\/03\/TidesTiivisteet.jpg?resize=270%2C270&amp;ssl=1 270w, https:\/\/i0.wp.com\/veneakselisto.com\/kauppa\/wp-content\/uploads\/2016\/03\/TidesTiivisteet.jpg?resize=100%2C100&amp;ssl=1 100w, https:\/\/i0.wp.com\/veneakselisto.com\/kauppa\/wp-content\/uploads\/2016\/03\/TidesTiivisteet.jpg?resize=460%2C460&amp;ssl=1 460w, https:\/\/i0.wp.com\/veneakselisto.com\/kauppa\/wp-content\/uploads\/2016\/03\/TidesTiivisteet.jpg?resize=150%2C150&amp;ssl=1 150w, https:\/\/i0.wp.com\/veneakselisto.com\/kauppa\/wp-content\/uploads\/2016\/03\/TidesTiivisteet.jpg?resize=300%2C300&amp;ssl=1 300w\" sizes=\"(max-width: 270px) 100vw, 270px\" \/>\n\t\t<div class=\"block-mask\">\n\t\t\t<div class=\"mask-content\">\n\t\t\t\t<a href=\"https:\/\/veneakselisto.com\/kauppa\/osasto\/veneen_voimansiirto_potkuriakseli_kumityynyt_joustokytkimet_potkurit\/potkuriakselit_ja_tarvikkeet\/vesivoidellut-akselitiivisteet-volvo-penta-akselitiiviste\/tides-marine-akselitiivisteet\/\"><i class=\"icon-link\"><\/i><\/a>\n\t\t\t<\/div>\n\t\t<\/div>\n\t<\/div>\n\n\n\n\n\t\t\n\n\t<a href=\"https:\/\/veneakselisto.com\/kauppa\/osasto\/veneen_voimansiirto_potkuriakseli_kumityynyt_joustokytkimet_potkurit\/potkuriakselit_ja_tarvikkeet\/vesivoidellut-akselitiivisteet-volvo-penta-akselitiiviste\/tides-marine-akselitiivisteet\/\"><h5>\n\t\tTides Marine akselitiivisteet (40)\t<\/h5><\/a>\n\n\t\n\n\t\n<\/div>\n\n<\/div><\/div>[\/vc_column][\/vc_row]<\/p>\n<\/div>","protected":false},"excerpt":{"rendered":"<p>T-liitin ja letkusarja veden ulosottoon 25mm\/9.5mm<\/p>\n<p>T-Nippa -sarja vesivoideltuihin akselitiivisteisiin. sis T-Nipan, letkun ja letkusiteet<\/p>\n","protected":false},"featured_media":363,"comment_status":"open","ping_status":"closed","template":"","meta":{"jetpack_post_was_ever_published":false,"jetpack_publicize_message":"","jetpack_publicize_feature_enabled":true,"jetpack_social_post_already_shared":true,"jetpack_social_options":{"image_generator_settings":{"template":"highway","default_image_id":0,"font":"","enabled":false},"version":2}},"product_brand":[],"product_cat":[814,819,151,25,26],"product_tag":[153,152],"class_list":{"0":"post-368","1":"product","2":"type-product","3":"status-publish","4":"has-post-thumbnail","6":"product_cat-manecraft_akselitiiviste_potkuriakseli_tiiviste","7":"product_cat-vesivoidellut-akselitiivisteet-volvo-penta-akselitiiviste-vesivoidellut-akselitiivisteet-volvo-penta-akselitiiviste","8":"product_cat-t-nipat-ja-letkusarjat","9":"product_cat-tides-marine-akselitiivisteet","10":"product_cat-vesivoidellut-akselitiivisteet-volvo-penta-akselitiiviste","11":"product_tag-akselitiivisteille","12":"product_tag-t-nippa","13":"brand-tides-marine","15":"first","16":"instock","17":"taxable","18":"shipping-taxable","19":"purchasable","20":"product-type-simple"},"yoast_head":"<!-- This site is optimized with the Yoast SEO plugin v27.3 - https:\/\/yoast.com\/product\/yoast-seo-wordpress\/ -->\n<title>T-liitin ja letkusarja veden ulosottoon 25mm\/9.5mm-T-yhde-akselitiiviste<\/title>\n<meta name=\"description\" content=\"T-liitin ja letkusarja veden ulosottoon 25mm\/9.5mm. T-liitin sarja joka liitet\u00e4\u00e4n merimoottorin j\u00e4\u00e4hdytysvedest\u00e4 vesivoideltuun akselitiivisteeseen\" \/>\n<meta name=\"robots\" content=\"index, follow, max-snippet:-1, max-image-preview:large, max-video-preview:-1\" \/>\n<link rel=\"canonical\" href=\"https:\/\/veneakselisto.com\/kauppa\/tuote\/t-nippa-ja-letkusarja-veden-ulosottoon-25mm95mm\/\" \/>\n<meta property=\"og:locale\" content=\"fi_FI\" \/>\n<meta property=\"og:type\" content=\"article\" \/>\n<meta property=\"og:title\" content=\"T-liitin ja letkusarja veden ulosottoon 25mm\/9.5mm-T-yhde-akselitiiviste\" \/>\n<meta property=\"og:description\" content=\"T-liitin ja letkusarja veden ulosottoon 25mm\/9.5mm. T-liitin sarja joka liitet\u00e4\u00e4n merimoottorin j\u00e4\u00e4hdytysvedest\u00e4 vesivoideltuun akselitiivisteeseen\" \/>\n<meta property=\"og:url\" content=\"https:\/\/veneakselisto.com\/kauppa\/tuote\/t-nippa-ja-letkusarja-veden-ulosottoon-25mm95mm\/\" \/>\n<meta property=\"og:site_name\" content=\"Veneakselisto.com - verkkokauppa\" \/>\n<meta property=\"article:publisher\" content=\"https:\/\/www.facebook.com\/AlaMikkula\/\" \/>\n<meta property=\"article:modified_time\" content=\"2025-04-23T08:13:29+00:00\" \/>\n<meta property=\"og:image\" content=\"https:\/\/veneakselisto.com\/kauppa\/wp-content\/uploads\/2016\/03\/t-nippa01.png\" \/>\n\t<meta property=\"og:image:width\" content=\"600\" \/>\n\t<meta property=\"og:image:height\" content=\"600\" \/>\n\t<meta property=\"og:image:type\" content=\"image\/png\" \/>\n<meta name=\"twitter:card\" content=\"summary_large_image\" \/>\n<script type=\"application\/ld+json\" class=\"yoast-schema-graph\">{\"@context\":\"https:\\\/\\\/schema.org\",\"@graph\":[{\"@type\":\"WebPage\",\"@id\":\"https:\\\/\\\/veneakselisto.com\\\/kauppa\\\/tuote\\\/t-nippa-ja-letkusarja-veden-ulosottoon-25mm95mm\\\/\",\"url\":\"https:\\\/\\\/veneakselisto.com\\\/kauppa\\\/tuote\\\/t-nippa-ja-letkusarja-veden-ulosottoon-25mm95mm\\\/\",\"name\":\"T-liitin ja letkusarja veden ulosottoon 25mm\\\/9.5mm-T-yhde-akselitiiviste\",\"isPartOf\":{\"@id\":\"https:\\\/\\\/veneakselisto.com\\\/kauppa\\\/#website\"},\"primaryImageOfPage\":{\"@id\":\"https:\\\/\\\/veneakselisto.com\\\/kauppa\\\/tuote\\\/t-nippa-ja-letkusarja-veden-ulosottoon-25mm95mm\\\/#primaryimage\"},\"image\":{\"@id\":\"https:\\\/\\\/veneakselisto.com\\\/kauppa\\\/tuote\\\/t-nippa-ja-letkusarja-veden-ulosottoon-25mm95mm\\\/#primaryimage\"},\"thumbnailUrl\":\"https:\\\/\\\/i0.wp.com\\\/veneakselisto.com\\\/kauppa\\\/wp-content\\\/uploads\\\/2016\\\/03\\\/t-nippa01.png?fit=600%2C600&ssl=1\",\"datePublished\":\"2016-03-04T13:02:21+00:00\",\"dateModified\":\"2025-04-23T08:13:29+00:00\",\"description\":\"T-liitin ja letkusarja veden ulosottoon 25mm\\\/9.5mm. T-liitin sarja joka liitet\u00e4\u00e4n merimoottorin j\u00e4\u00e4hdytysvedest\u00e4 vesivoideltuun akselitiivisteeseen\",\"breadcrumb\":{\"@id\":\"https:\\\/\\\/veneakselisto.com\\\/kauppa\\\/tuote\\\/t-nippa-ja-letkusarja-veden-ulosottoon-25mm95mm\\\/#breadcrumb\"},\"inLanguage\":\"fi\",\"potentialAction\":[{\"@type\":\"ReadAction\",\"target\":[\"https:\\\/\\\/veneakselisto.com\\\/kauppa\\\/tuote\\\/t-nippa-ja-letkusarja-veden-ulosottoon-25mm95mm\\\/\"]}]},{\"@type\":\"ImageObject\",\"inLanguage\":\"fi\",\"@id\":\"https:\\\/\\\/veneakselisto.com\\\/kauppa\\\/tuote\\\/t-nippa-ja-letkusarja-veden-ulosottoon-25mm95mm\\\/#primaryimage\",\"url\":\"https:\\\/\\\/i0.wp.com\\\/veneakselisto.com\\\/kauppa\\\/wp-content\\\/uploads\\\/2016\\\/03\\\/t-nippa01.png?fit=600%2C600&ssl=1\",\"contentUrl\":\"https:\\\/\\\/i0.wp.com\\\/veneakselisto.com\\\/kauppa\\\/wp-content\\\/uploads\\\/2016\\\/03\\\/t-nippa01.png?fit=600%2C600&ssl=1\",\"width\":600,\"height\":600,\"caption\":\"T-Nippa ja letkusarja veden ulosottoon - kaikille vesivoidelluille akselitiivisteille\"},{\"@type\":\"BreadcrumbList\",\"@id\":\"https:\\\/\\\/veneakselisto.com\\\/kauppa\\\/tuote\\\/t-nippa-ja-letkusarja-veden-ulosottoon-25mm95mm\\\/#breadcrumb\",\"itemListElement\":[{\"@type\":\"ListItem\",\"position\":1,\"name\":\"Etusivu\",\"item\":\"https:\\\/\\\/veneakselisto.com\\\/kauppa\\\/\"},{\"@type\":\"ListItem\",\"position\":2,\"name\":\"Kauppa\",\"item\":\"https:\\\/\\\/veneakselisto.com\\\/kauppa\\\/\"},{\"@type\":\"ListItem\",\"position\":3,\"name\":\"T-liitin ja letkusarja veden ulosottoon 25mm\\\/9.5mm\"}]},{\"@type\":\"WebSite\",\"@id\":\"https:\\\/\\\/veneakselisto.com\\\/kauppa\\\/#website\",\"url\":\"https:\\\/\\\/veneakselisto.com\\\/kauppa\\\/\",\"name\":\"Veneakselisto.com - verkkokauppa\",\"description\":\"Venetarvikkeiden maahantuonti ja myynti\",\"publisher\":{\"@id\":\"https:\\\/\\\/veneakselisto.com\\\/kauppa\\\/#organization\"},\"potentialAction\":[{\"@type\":\"SearchAction\",\"target\":{\"@type\":\"EntryPoint\",\"urlTemplate\":\"https:\\\/\\\/veneakselisto.com\\\/kauppa\\\/?s={search_term_string}\"},\"query-input\":{\"@type\":\"PropertyValueSpecification\",\"valueRequired\":true,\"valueName\":\"search_term_string\"}}],\"inLanguage\":\"fi\"},{\"@type\":\"Organization\",\"@id\":\"https:\\\/\\\/veneakselisto.com\\\/kauppa\\\/#organization\",\"name\":\"Veneakselisto.com verkkokauppa\",\"url\":\"https:\\\/\\\/veneakselisto.com\\\/kauppa\\\/\",\"logo\":{\"@type\":\"ImageObject\",\"inLanguage\":\"fi\",\"@id\":\"https:\\\/\\\/veneakselisto.com\\\/kauppa\\\/#\\\/schema\\\/logo\\\/image\\\/\",\"url\":\"https:\\\/\\\/i2.wp.com\\\/veneakselisto.com\\\/kauppa\\\/wp-content\\\/uploads\\\/2016\\\/06\\\/fb_icon.jpg?fit=327%2C327&ssl=1\",\"contentUrl\":\"https:\\\/\\\/i2.wp.com\\\/veneakselisto.com\\\/kauppa\\\/wp-content\\\/uploads\\\/2016\\\/06\\\/fb_icon.jpg?fit=327%2C327&ssl=1\",\"width\":327,\"height\":327,\"caption\":\"Veneakselisto.com verkkokauppa\"},\"image\":{\"@id\":\"https:\\\/\\\/veneakselisto.com\\\/kauppa\\\/#\\\/schema\\\/logo\\\/image\\\/\"},\"sameAs\":[\"https:\\\/\\\/www.facebook.com\\\/AlaMikkula\\\/\"]}]}<\/script>\n<!-- \/ Yoast SEO plugin. -->","yoast_head_json":{"title":"T-liitin ja letkusarja veden ulosottoon 25mm\/9.5mm-T-yhde-akselitiiviste","description":"T-liitin ja letkusarja veden ulosottoon 25mm\/9.5mm. T-liitin sarja joka liitet\u00e4\u00e4n merimoottorin j\u00e4\u00e4hdytysvedest\u00e4 vesivoideltuun akselitiivisteeseen","robots":{"index":"index","follow":"follow","max-snippet":"max-snippet:-1","max-image-preview":"max-image-preview:large","max-video-preview":"max-video-preview:-1"},"canonical":"https:\/\/veneakselisto.com\/kauppa\/tuote\/t-nippa-ja-letkusarja-veden-ulosottoon-25mm95mm\/","og_locale":"fi_FI","og_type":"article","og_title":"T-liitin ja letkusarja veden ulosottoon 25mm\/9.5mm-T-yhde-akselitiiviste","og_description":"T-liitin ja letkusarja veden ulosottoon 25mm\/9.5mm. T-liitin sarja joka liitet\u00e4\u00e4n merimoottorin j\u00e4\u00e4hdytysvedest\u00e4 vesivoideltuun akselitiivisteeseen","og_url":"https:\/\/veneakselisto.com\/kauppa\/tuote\/t-nippa-ja-letkusarja-veden-ulosottoon-25mm95mm\/","og_site_name":"Veneakselisto.com - verkkokauppa","article_publisher":"https:\/\/www.facebook.com\/AlaMikkula\/","article_modified_time":"2025-04-23T08:13:29+00:00","og_image":[{"width":600,"height":600,"url":"https:\/\/veneakselisto.com\/kauppa\/wp-content\/uploads\/2016\/03\/t-nippa01.png","type":"image\/png"}],"twitter_card":"summary_large_image","schema":{"@context":"https:\/\/schema.org","@graph":[{"@type":"WebPage","@id":"https:\/\/veneakselisto.com\/kauppa\/tuote\/t-nippa-ja-letkusarja-veden-ulosottoon-25mm95mm\/","url":"https:\/\/veneakselisto.com\/kauppa\/tuote\/t-nippa-ja-letkusarja-veden-ulosottoon-25mm95mm\/","name":"T-liitin ja letkusarja veden ulosottoon 25mm\/9.5mm-T-yhde-akselitiiviste","isPartOf":{"@id":"https:\/\/veneakselisto.com\/kauppa\/#website"},"primaryImageOfPage":{"@id":"https:\/\/veneakselisto.com\/kauppa\/tuote\/t-nippa-ja-letkusarja-veden-ulosottoon-25mm95mm\/#primaryimage"},"image":{"@id":"https:\/\/veneakselisto.com\/kauppa\/tuote\/t-nippa-ja-letkusarja-veden-ulosottoon-25mm95mm\/#primaryimage"},"thumbnailUrl":"https:\/\/i0.wp.com\/veneakselisto.com\/kauppa\/wp-content\/uploads\/2016\/03\/t-nippa01.png?fit=600%2C600&ssl=1","datePublished":"2016-03-04T13:02:21+00:00","dateModified":"2025-04-23T08:13:29+00:00","description":"T-liitin ja letkusarja veden ulosottoon 25mm\/9.5mm. T-liitin sarja joka liitet\u00e4\u00e4n merimoottorin j\u00e4\u00e4hdytysvedest\u00e4 vesivoideltuun akselitiivisteeseen","breadcrumb":{"@id":"https:\/\/veneakselisto.com\/kauppa\/tuote\/t-nippa-ja-letkusarja-veden-ulosottoon-25mm95mm\/#breadcrumb"},"inLanguage":"fi","potentialAction":[{"@type":"ReadAction","target":["https:\/\/veneakselisto.com\/kauppa\/tuote\/t-nippa-ja-letkusarja-veden-ulosottoon-25mm95mm\/"]}]},{"@type":"ImageObject","inLanguage":"fi","@id":"https:\/\/veneakselisto.com\/kauppa\/tuote\/t-nippa-ja-letkusarja-veden-ulosottoon-25mm95mm\/#primaryimage","url":"https:\/\/i0.wp.com\/veneakselisto.com\/kauppa\/wp-content\/uploads\/2016\/03\/t-nippa01.png?fit=600%2C600&ssl=1","contentUrl":"https:\/\/i0.wp.com\/veneakselisto.com\/kauppa\/wp-content\/uploads\/2016\/03\/t-nippa01.png?fit=600%2C600&ssl=1","width":600,"height":600,"caption":"T-Nippa ja letkusarja veden ulosottoon - kaikille vesivoidelluille akselitiivisteille"},{"@type":"BreadcrumbList","@id":"https:\/\/veneakselisto.com\/kauppa\/tuote\/t-nippa-ja-letkusarja-veden-ulosottoon-25mm95mm\/#breadcrumb","itemListElement":[{"@type":"ListItem","position":1,"name":"Etusivu","item":"https:\/\/veneakselisto.com\/kauppa\/"},{"@type":"ListItem","position":2,"name":"Kauppa","item":"https:\/\/veneakselisto.com\/kauppa\/"},{"@type":"ListItem","position":3,"name":"T-liitin ja letkusarja veden ulosottoon 25mm\/9.5mm"}]},{"@type":"WebSite","@id":"https:\/\/veneakselisto.com\/kauppa\/#website","url":"https:\/\/veneakselisto.com\/kauppa\/","name":"Veneakselisto.com - verkkokauppa","description":"Venetarvikkeiden maahantuonti ja myynti","publisher":{"@id":"https:\/\/veneakselisto.com\/kauppa\/#organization"},"potentialAction":[{"@type":"SearchAction","target":{"@type":"EntryPoint","urlTemplate":"https:\/\/veneakselisto.com\/kauppa\/?s={search_term_string}"},"query-input":{"@type":"PropertyValueSpecification","valueRequired":true,"valueName":"search_term_string"}}],"inLanguage":"fi"},{"@type":"Organization","@id":"https:\/\/veneakselisto.com\/kauppa\/#organization","name":"Veneakselisto.com verkkokauppa","url":"https:\/\/veneakselisto.com\/kauppa\/","logo":{"@type":"ImageObject","inLanguage":"fi","@id":"https:\/\/veneakselisto.com\/kauppa\/#\/schema\/logo\/image\/","url":"https:\/\/i2.wp.com\/veneakselisto.com\/kauppa\/wp-content\/uploads\/2016\/06\/fb_icon.jpg?fit=327%2C327&ssl=1","contentUrl":"https:\/\/i2.wp.com\/veneakselisto.com\/kauppa\/wp-content\/uploads\/2016\/06\/fb_icon.jpg?fit=327%2C327&ssl=1","width":327,"height":327,"caption":"Veneakselisto.com verkkokauppa"},"image":{"@id":"https:\/\/veneakselisto.com\/kauppa\/#\/schema\/logo\/image\/"},"sameAs":["https:\/\/www.facebook.com\/AlaMikkula\/"]}]}},"jetpack_publicize_connections":[],"jetpack_sharing_enabled":true,"_links":{"self":[{"href":"https:\/\/veneakselisto.com\/kauppa\/wp-json\/wp\/v2\/product\/368","targetHints":{"allow":["GET"]}}],"collection":[{"href":"https:\/\/veneakselisto.com\/kauppa\/wp-json\/wp\/v2\/product"}],"about":[{"href":"https:\/\/veneakselisto.com\/kauppa\/wp-json\/wp\/v2\/types\/product"}],"replies":[{"embeddable":true,"href":"https:\/\/veneakselisto.com\/kauppa\/wp-json\/wp\/v2\/comments?post=368"}],"wp:featuredmedia":[{"embeddable":true,"href":"https:\/\/veneakselisto.com\/kauppa\/wp-json\/wp\/v2\/media\/363"}],"wp:attachment":[{"href":"https:\/\/veneakselisto.com\/kauppa\/wp-json\/wp\/v2\/media?parent=368"}],"wp:term":[{"taxonomy":"product_brand","embeddable":true,"href":"https:\/\/veneakselisto.com\/kauppa\/wp-json\/wp\/v2\/product_brand?post=368"},{"taxonomy":"product_cat","embeddable":true,"href":"https:\/\/veneakselisto.com\/kauppa\/wp-json\/wp\/v2\/product_cat?post=368"},{"taxonomy":"product_tag","embeddable":true,"href":"https:\/\/veneakselisto.com\/kauppa\/wp-json\/wp\/v2\/product_tag?post=368"}],"curies":[{"name":"wp","href":"https:\/\/api.w.org\/{rel}","templated":true}]}}