{"id":3609,"date":"2018-12-13T21:07:23","date_gmt":"2018-12-13T19:07:23","guid":{"rendered":"https:\/\/veneakselisto.com\/kauppa\/?post_type=product&#038;p=3609"},"modified":"2024-08-31T23:50:31","modified_gmt":"2024-08-31T20:50:31","slug":"sovitelaippa-flange3-yanmar-km-merikytkimille","status":"publish","type":"product","link":"https:\/\/veneakselisto.com\/kauppa\/tuote\/sovitelaippa-flange3-yanmar-km-merikytkimille\/","title":{"rendered":"Sovitelaippa Flange3 Yanmar KM merikytkimille"},"content":{"rendered":"<p>Vetus sovitelaippa Yanmar merikytkimille<\/p>\n<p>Sovitelaipat joustavan akselikytkimen asentamiseksi<br \/>\nmerikytkimeen<br \/>\nN\u00e4m\u00e4 erikseen tilattavat sovitelaipat sopivat useimpiin Volvon, Yanmarin<br \/>\nja Kanzakin kytkimiin. Joidenkin hydraulisten kytkimien pumppuyksikk\u00f6<br \/>\non sijoitettu siten ett\u00e4 joustavaa akselikytkint\u00e4 ei p\u00e4\u00e4se asentamaan<br \/>\nsuoraan kytkimen laippaan, jolloin tarvitaan viel\u00e4 erillinen v\u00e4lilaippa<br \/>\n(lankarulla). N\u00e4it\u00e4 v\u00e4lilaippoja on saatavana erikoistilauksesta.<\/p>\n","protected":false},"excerpt":{"rendered":"<p>FLANGE3 Sovitelaippa Yanmar KM4A; KM4A1; KMH4A; KBW20-1; KBW21 ja Kanzaki KC180 kytkimille<\/p>\n<p>Jos tarvitset apua Vetus joustokytkimen valinnassa ota rohkeasti yhteytt\u00e4 09-8779230 tai akseli@veneakselisto.fi<\/p>\n<p>Kaikilla tuotteilla normaalisti 1-5pv toimitusaika<\/p>\n","protected":false},"featured_media":3610,"comment_status":"open","ping_status":"closed","template":"","meta":{"jetpack_post_was_ever_published":false,"jetpack_publicize_message":"","jetpack_publicize_feature_enabled":true,"jetpack_social_post_already_shared":true,"jetpack_social_options":{"image_generator_settings":{"template":"highway","default_image_id":0,"font":"","enabled":false},"version":2}},"product_brand":[],"product_cat":[32,460],"product_tag":[462,238,463,98],"class_list":{"0":"post-3609","1":"product","2":"type-product","3":"status-publish","4":"has-post-thumbnail","6":"product_cat-joustokytkimet","7":"product_cat-joustokytkimet_potkuriakselit_ja_tarvikkeet","8":"product_tag-joustokytkin","9":"product_tag-joustolaippa-joustokytkin","10":"product_tag-sovitelaippa","11":"product_tag-vetus","12":"brand-vetus","14":"first","15":"instock","16":"sale","17":"taxable","18":"shipping-taxable","19":"purchasable","20":"product-type-simple"},"yoast_head":"<!-- This site is optimized with the Yoast SEO plugin v27.3 - https:\/\/yoast.com\/product\/yoast-seo-wordpress\/ -->\n<title>Sovitelaippa Flange3 Yanmar KM merikytkimille - Veneakselisto.com<\/title>\n<meta name=\"description\" content=\"Sovitelaippa Flange3 Yanmar KM merikytkimille. Vetus sovitelaipat Yanmar merikytkimille toimittaa Veneakselisto.com aina edulliseen Veneakselisto hintaan\" \/>\n<meta name=\"robots\" content=\"index, follow, max-snippet:-1, max-image-preview:large, max-video-preview:-1\" \/>\n<link rel=\"canonical\" href=\"https:\/\/veneakselisto.com\/kauppa\/tuote\/sovitelaippa-flange3-yanmar-km-merikytkimille\/\" \/>\n<meta property=\"og:locale\" content=\"fi_FI\" \/>\n<meta property=\"og:type\" content=\"article\" \/>\n<meta property=\"og:title\" content=\"Sovitelaippa Flange3 Yanmar KM merikytkimille - Veneakselisto.com\" \/>\n<meta property=\"og:description\" content=\"Sovitelaippa Flange3 Yanmar KM merikytkimille. Vetus sovitelaipat Yanmar merikytkimille toimittaa Veneakselisto.com aina edulliseen Veneakselisto hintaan\" \/>\n<meta property=\"og:url\" content=\"https:\/\/veneakselisto.com\/kauppa\/tuote\/sovitelaippa-flange3-yanmar-km-merikytkimille\/\" \/>\n<meta property=\"og:site_name\" content=\"Veneakselisto.com - verkkokauppa\" \/>\n<meta property=\"article:publisher\" content=\"https:\/\/www.facebook.com\/AlaMikkula\/\" \/>\n<meta property=\"article:modified_time\" content=\"2024-08-31T20:50:31+00:00\" \/>\n<meta property=\"og:image\" content=\"https:\/\/veneakselisto.com\/kauppa\/wp-content\/uploads\/2018\/12\/FLANGE3.png\" \/>\n\t<meta property=\"og:image:width\" content=\"400\" \/>\n\t<meta property=\"og:image:height\" content=\"261\" \/>\n\t<meta property=\"og:image:type\" content=\"image\/png\" \/>\n<meta name=\"twitter:card\" content=\"summary_large_image\" \/>\n<script type=\"application\/ld+json\" class=\"yoast-schema-graph\">{\"@context\":\"https:\\\/\\\/schema.org\",\"@graph\":[{\"@type\":\"WebPage\",\"@id\":\"https:\\\/\\\/veneakselisto.com\\\/kauppa\\\/tuote\\\/sovitelaippa-flange3-yanmar-km-merikytkimille\\\/\",\"url\":\"https:\\\/\\\/veneakselisto.com\\\/kauppa\\\/tuote\\\/sovitelaippa-flange3-yanmar-km-merikytkimille\\\/\",\"name\":\"Sovitelaippa Flange3 Yanmar KM merikytkimille - Veneakselisto.com\",\"isPartOf\":{\"@id\":\"https:\\\/\\\/veneakselisto.com\\\/kauppa\\\/#website\"},\"primaryImageOfPage\":{\"@id\":\"https:\\\/\\\/veneakselisto.com\\\/kauppa\\\/tuote\\\/sovitelaippa-flange3-yanmar-km-merikytkimille\\\/#primaryimage\"},\"image\":{\"@id\":\"https:\\\/\\\/veneakselisto.com\\\/kauppa\\\/tuote\\\/sovitelaippa-flange3-yanmar-km-merikytkimille\\\/#primaryimage\"},\"thumbnailUrl\":\"https:\\\/\\\/i0.wp.com\\\/veneakselisto.com\\\/kauppa\\\/wp-content\\\/uploads\\\/2018\\\/12\\\/FLANGE3.png?fit=400%2C261&ssl=1\",\"datePublished\":\"2018-12-13T19:07:23+00:00\",\"dateModified\":\"2024-08-31T20:50:31+00:00\",\"description\":\"Sovitelaippa Flange3 Yanmar KM merikytkimille. Vetus sovitelaipat Yanmar merikytkimille toimittaa Veneakselisto.com aina edulliseen Veneakselisto hintaan\",\"breadcrumb\":{\"@id\":\"https:\\\/\\\/veneakselisto.com\\\/kauppa\\\/tuote\\\/sovitelaippa-flange3-yanmar-km-merikytkimille\\\/#breadcrumb\"},\"inLanguage\":\"fi\",\"potentialAction\":[{\"@type\":\"ReadAction\",\"target\":[\"https:\\\/\\\/veneakselisto.com\\\/kauppa\\\/tuote\\\/sovitelaippa-flange3-yanmar-km-merikytkimille\\\/\"]}]},{\"@type\":\"ImageObject\",\"inLanguage\":\"fi\",\"@id\":\"https:\\\/\\\/veneakselisto.com\\\/kauppa\\\/tuote\\\/sovitelaippa-flange3-yanmar-km-merikytkimille\\\/#primaryimage\",\"url\":\"https:\\\/\\\/i0.wp.com\\\/veneakselisto.com\\\/kauppa\\\/wp-content\\\/uploads\\\/2018\\\/12\\\/FLANGE3.png?fit=400%2C261&ssl=1\",\"contentUrl\":\"https:\\\/\\\/i0.wp.com\\\/veneakselisto.com\\\/kauppa\\\/wp-content\\\/uploads\\\/2018\\\/12\\\/FLANGE3.png?fit=400%2C261&ssl=1\",\"width\":400,\"height\":261,\"caption\":\"Yanmar merikytkimille\"},{\"@type\":\"BreadcrumbList\",\"@id\":\"https:\\\/\\\/veneakselisto.com\\\/kauppa\\\/tuote\\\/sovitelaippa-flange3-yanmar-km-merikytkimille\\\/#breadcrumb\",\"itemListElement\":[{\"@type\":\"ListItem\",\"position\":1,\"name\":\"Etusivu\",\"item\":\"https:\\\/\\\/veneakselisto.com\\\/kauppa\\\/\"},{\"@type\":\"ListItem\",\"position\":2,\"name\":\"Kauppa\",\"item\":\"https:\\\/\\\/veneakselisto.com\\\/kauppa\\\/\"},{\"@type\":\"ListItem\",\"position\":3,\"name\":\"Sovitelaippa Flange3 Yanmar KM merikytkimille\"}]},{\"@type\":\"WebSite\",\"@id\":\"https:\\\/\\\/veneakselisto.com\\\/kauppa\\\/#website\",\"url\":\"https:\\\/\\\/veneakselisto.com\\\/kauppa\\\/\",\"name\":\"Veneakselisto.com - verkkokauppa\",\"description\":\"Venetarvikkeiden maahantuonti ja myynti\",\"publisher\":{\"@id\":\"https:\\\/\\\/veneakselisto.com\\\/kauppa\\\/#organization\"},\"potentialAction\":[{\"@type\":\"SearchAction\",\"target\":{\"@type\":\"EntryPoint\",\"urlTemplate\":\"https:\\\/\\\/veneakselisto.com\\\/kauppa\\\/?s={search_term_string}\"},\"query-input\":{\"@type\":\"PropertyValueSpecification\",\"valueRequired\":true,\"valueName\":\"search_term_string\"}}],\"inLanguage\":\"fi\"},{\"@type\":\"Organization\",\"@id\":\"https:\\\/\\\/veneakselisto.com\\\/kauppa\\\/#organization\",\"name\":\"Veneakselisto.com verkkokauppa\",\"url\":\"https:\\\/\\\/veneakselisto.com\\\/kauppa\\\/\",\"logo\":{\"@type\":\"ImageObject\",\"inLanguage\":\"fi\",\"@id\":\"https:\\\/\\\/veneakselisto.com\\\/kauppa\\\/#\\\/schema\\\/logo\\\/image\\\/\",\"url\":\"https:\\\/\\\/i2.wp.com\\\/veneakselisto.com\\\/kauppa\\\/wp-content\\\/uploads\\\/2016\\\/06\\\/fb_icon.jpg?fit=327%2C327&ssl=1\",\"contentUrl\":\"https:\\\/\\\/i2.wp.com\\\/veneakselisto.com\\\/kauppa\\\/wp-content\\\/uploads\\\/2016\\\/06\\\/fb_icon.jpg?fit=327%2C327&ssl=1\",\"width\":327,\"height\":327,\"caption\":\"Veneakselisto.com verkkokauppa\"},\"image\":{\"@id\":\"https:\\\/\\\/veneakselisto.com\\\/kauppa\\\/#\\\/schema\\\/logo\\\/image\\\/\"},\"sameAs\":[\"https:\\\/\\\/www.facebook.com\\\/AlaMikkula\\\/\"]}]}<\/script>\n<!-- \/ Yoast SEO plugin. -->","yoast_head_json":{"title":"Sovitelaippa Flange3 Yanmar KM merikytkimille - Veneakselisto.com","description":"Sovitelaippa Flange3 Yanmar KM merikytkimille. Vetus sovitelaipat Yanmar merikytkimille toimittaa Veneakselisto.com aina edulliseen Veneakselisto hintaan","robots":{"index":"index","follow":"follow","max-snippet":"max-snippet:-1","max-image-preview":"max-image-preview:large","max-video-preview":"max-video-preview:-1"},"canonical":"https:\/\/veneakselisto.com\/kauppa\/tuote\/sovitelaippa-flange3-yanmar-km-merikytkimille\/","og_locale":"fi_FI","og_type":"article","og_title":"Sovitelaippa Flange3 Yanmar KM merikytkimille - Veneakselisto.com","og_description":"Sovitelaippa Flange3 Yanmar KM merikytkimille. Vetus sovitelaipat Yanmar merikytkimille toimittaa Veneakselisto.com aina edulliseen Veneakselisto hintaan","og_url":"https:\/\/veneakselisto.com\/kauppa\/tuote\/sovitelaippa-flange3-yanmar-km-merikytkimille\/","og_site_name":"Veneakselisto.com - verkkokauppa","article_publisher":"https:\/\/www.facebook.com\/AlaMikkula\/","article_modified_time":"2024-08-31T20:50:31+00:00","og_image":[{"width":400,"height":261,"url":"https:\/\/veneakselisto.com\/kauppa\/wp-content\/uploads\/2018\/12\/FLANGE3.png","type":"image\/png"}],"twitter_card":"summary_large_image","schema":{"@context":"https:\/\/schema.org","@graph":[{"@type":"WebPage","@id":"https:\/\/veneakselisto.com\/kauppa\/tuote\/sovitelaippa-flange3-yanmar-km-merikytkimille\/","url":"https:\/\/veneakselisto.com\/kauppa\/tuote\/sovitelaippa-flange3-yanmar-km-merikytkimille\/","name":"Sovitelaippa Flange3 Yanmar KM merikytkimille - Veneakselisto.com","isPartOf":{"@id":"https:\/\/veneakselisto.com\/kauppa\/#website"},"primaryImageOfPage":{"@id":"https:\/\/veneakselisto.com\/kauppa\/tuote\/sovitelaippa-flange3-yanmar-km-merikytkimille\/#primaryimage"},"image":{"@id":"https:\/\/veneakselisto.com\/kauppa\/tuote\/sovitelaippa-flange3-yanmar-km-merikytkimille\/#primaryimage"},"thumbnailUrl":"https:\/\/i0.wp.com\/veneakselisto.com\/kauppa\/wp-content\/uploads\/2018\/12\/FLANGE3.png?fit=400%2C261&ssl=1","datePublished":"2018-12-13T19:07:23+00:00","dateModified":"2024-08-31T20:50:31+00:00","description":"Sovitelaippa Flange3 Yanmar KM merikytkimille. Vetus sovitelaipat Yanmar merikytkimille toimittaa Veneakselisto.com aina edulliseen Veneakselisto hintaan","breadcrumb":{"@id":"https:\/\/veneakselisto.com\/kauppa\/tuote\/sovitelaippa-flange3-yanmar-km-merikytkimille\/#breadcrumb"},"inLanguage":"fi","potentialAction":[{"@type":"ReadAction","target":["https:\/\/veneakselisto.com\/kauppa\/tuote\/sovitelaippa-flange3-yanmar-km-merikytkimille\/"]}]},{"@type":"ImageObject","inLanguage":"fi","@id":"https:\/\/veneakselisto.com\/kauppa\/tuote\/sovitelaippa-flange3-yanmar-km-merikytkimille\/#primaryimage","url":"https:\/\/i0.wp.com\/veneakselisto.com\/kauppa\/wp-content\/uploads\/2018\/12\/FLANGE3.png?fit=400%2C261&ssl=1","contentUrl":"https:\/\/i0.wp.com\/veneakselisto.com\/kauppa\/wp-content\/uploads\/2018\/12\/FLANGE3.png?fit=400%2C261&ssl=1","width":400,"height":261,"caption":"Yanmar merikytkimille"},{"@type":"BreadcrumbList","@id":"https:\/\/veneakselisto.com\/kauppa\/tuote\/sovitelaippa-flange3-yanmar-km-merikytkimille\/#breadcrumb","itemListElement":[{"@type":"ListItem","position":1,"name":"Etusivu","item":"https:\/\/veneakselisto.com\/kauppa\/"},{"@type":"ListItem","position":2,"name":"Kauppa","item":"https:\/\/veneakselisto.com\/kauppa\/"},{"@type":"ListItem","position":3,"name":"Sovitelaippa Flange3 Yanmar KM merikytkimille"}]},{"@type":"WebSite","@id":"https:\/\/veneakselisto.com\/kauppa\/#website","url":"https:\/\/veneakselisto.com\/kauppa\/","name":"Veneakselisto.com - verkkokauppa","description":"Venetarvikkeiden maahantuonti ja myynti","publisher":{"@id":"https:\/\/veneakselisto.com\/kauppa\/#organization"},"potentialAction":[{"@type":"SearchAction","target":{"@type":"EntryPoint","urlTemplate":"https:\/\/veneakselisto.com\/kauppa\/?s={search_term_string}"},"query-input":{"@type":"PropertyValueSpecification","valueRequired":true,"valueName":"search_term_string"}}],"inLanguage":"fi"},{"@type":"Organization","@id":"https:\/\/veneakselisto.com\/kauppa\/#organization","name":"Veneakselisto.com verkkokauppa","url":"https:\/\/veneakselisto.com\/kauppa\/","logo":{"@type":"ImageObject","inLanguage":"fi","@id":"https:\/\/veneakselisto.com\/kauppa\/#\/schema\/logo\/image\/","url":"https:\/\/i2.wp.com\/veneakselisto.com\/kauppa\/wp-content\/uploads\/2016\/06\/fb_icon.jpg?fit=327%2C327&ssl=1","contentUrl":"https:\/\/i2.wp.com\/veneakselisto.com\/kauppa\/wp-content\/uploads\/2016\/06\/fb_icon.jpg?fit=327%2C327&ssl=1","width":327,"height":327,"caption":"Veneakselisto.com verkkokauppa"},"image":{"@id":"https:\/\/veneakselisto.com\/kauppa\/#\/schema\/logo\/image\/"},"sameAs":["https:\/\/www.facebook.com\/AlaMikkula\/"]}]}},"jetpack_publicize_connections":[],"jetpack_sharing_enabled":true,"_links":{"self":[{"href":"https:\/\/veneakselisto.com\/kauppa\/wp-json\/wp\/v2\/product\/3609","targetHints":{"allow":["GET"]}}],"collection":[{"href":"https:\/\/veneakselisto.com\/kauppa\/wp-json\/wp\/v2\/product"}],"about":[{"href":"https:\/\/veneakselisto.com\/kauppa\/wp-json\/wp\/v2\/types\/product"}],"replies":[{"embeddable":true,"href":"https:\/\/veneakselisto.com\/kauppa\/wp-json\/wp\/v2\/comments?post=3609"}],"wp:featuredmedia":[{"embeddable":true,"href":"https:\/\/veneakselisto.com\/kauppa\/wp-json\/wp\/v2\/media\/3610"}],"wp:attachment":[{"href":"https:\/\/veneakselisto.com\/kauppa\/wp-json\/wp\/v2\/media?parent=3609"}],"wp:term":[{"taxonomy":"product_brand","embeddable":true,"href":"https:\/\/veneakselisto.com\/kauppa\/wp-json\/wp\/v2\/product_brand?post=3609"},{"taxonomy":"product_cat","embeddable":true,"href":"https:\/\/veneakselisto.com\/kauppa\/wp-json\/wp\/v2\/product_cat?post=3609"},{"taxonomy":"product_tag","embeddable":true,"href":"https:\/\/veneakselisto.com\/kauppa\/wp-json\/wp\/v2\/product_tag?post=3609"}],"curies":[{"name":"wp","href":"https:\/\/api.w.org\/{rel}","templated":true}]}}