{"id":3594,"date":"2018-12-13T13:36:07","date_gmt":"2018-12-13T11:36:07","guid":{"rendered":"https:\/\/veneakselisto.com\/kauppa\/?post_type=product&#038;p=3594"},"modified":"2025-08-04T11:29:06","modified_gmt":"2025-08-04T08:29:06","slug":"vetus-bulfl0225-joustokytkin-25mm-akselille","status":"publish","type":"product","link":"https:\/\/veneakselisto.com\/kauppa\/tuote\/vetus-bulfl0225-joustokytkin-25mm-akselille\/","title":{"rendered":"Vetus BULFL0225 Joustokytkin 25mm akselille"},"content":{"rendered":"<p>Vetus BULFL0225 Joustokytkin 25mm akselille.<\/p>\n<p>Mitat<\/p>\n<p>L=120mm<\/p>\n<p>D=120mm<\/p>\n<p>d=25mm<\/p>\n<p>Bullflex<br \/>\nErinomainen v\u00e4rin\u00e4nvaimentaja<br \/>\nBullflex on vastaus kun vaatimustaso kasvaa ja vaaditaan entist\u00e4 enemm\u00e4n mukavuutta veneilyyn. Se on erityisesti suunniteltu<br \/>\nvaimentamaan v\u00e4rin\u00f6it\u00e4 ja runko\u00e4\u00e4ni\u00e4. Kumielementin erinomainen joustavuus antaa sille mahtavan vaimennuskyvyn ja varmistaa<br \/>\nhiljaisen ja v\u00e4rin\u00e4tt\u00f6m\u00e4n voimansiirron moottorin ja akseliston v\u00e4lille. Bullfexin t\u00e4rke\u00e4 ominaisuus on my\u00f6s kyky keskitt\u00e4\u00e4<br \/>\npotkuriakselin ja itsens\u00e4 tarkasti.<br \/>\nBullflexin edut<br \/>\n\u2022 Eritt\u00e4in joustava<br \/>\n\u2022 Kest\u00e4\u00e4 aksiaali- ja radiaalivoimia, varmistaen turvallisen voimansiirron kaikissa olosuhteissa<br \/>\n\u2022 Sallii jopa 2\u00ba kulmapoikkeaman<br \/>\n\u2022 Erinomainen potkuriakselin keskittyminen, mahdollistaen suuret akselikierrokset<br \/>\n\u2022 Potkuriakseli pysyy keskittyneen\u00e4 my\u00f6s peruutusvaihteella<br \/>\n\u2022 Mahdollisuus poistaa keskitysrengas, mik\u00e4li asennettu kaksi tai sit\u00e4 enempi tukilaakereita<br \/>\n\u2022 Sis\u00e4\u00e4nrakennettu tukivaimennin v\u00e4hent\u00e4\u00e4 aksiaalisia v\u00e4rin\u00f6it\u00e4<br \/>\n\u2022 Ilman kiilaa oleva kiinnityskeski\u00f6 keskitt\u00e4\u00e4 akselin ja helpottaa purkua huollon yhteydess\u00e4<\/p>\n<p>Tuotetiedot<br \/>\n\u2022 Malleissa 1, 2 ja 4 on 4\u201d kiinnityslaippa ohjaus 63,5mm ja reik\u00e4v\u00e4li 82,5mm vastakkaiset reij\u00e4t.<br \/>\n\u2022 VETUS voi my\u00f6s toimittaa tarvittavat kiinnityssarjat Buliflexin asentamiseksi<br \/>\nmerivaihteeseen. Bullflex ei sovellu V-vaihteille<\/p>\n<p>Vetus BULFL0225 Joustokytkin 25mm akselille<\/p>\n","protected":false},"excerpt":{"rendered":"<p>Vetus BULFL0225 Joustokytkin 25mm akselille<\/p>\n<p>Vetus Bullflex\u00a0 joustokytkin 25 mm akselille. Halkaisija 120mm, L=120mm<\/p>\n<p>Voimme my\u00f6s toimittaa tarvittavat kiinnityssarjat Buliflexin asentamiseksi Esim. TMCSET<\/p>\n<p>Tehonkesto max 2,1 hv\/100rpm. Esim. 3600rpm, 2:1 v\u00e4litys. 2,1 x 18=37hv<\/p>\n<p>Jos tarvitset apua Vetus joustokytkimen valinnassa ota rohkeasti yhteytt\u00e4 09-8779230 tai akseli@veneakselisto.fi<\/p>\n<p>Kaikilla tuotteilla normaalisti 1-5pv toimitusaika<\/p>\n","protected":false},"featured_media":3590,"comment_status":"open","ping_status":"closed","template":"","meta":{"jetpack_post_was_ever_published":false,"jetpack_publicize_message":"","jetpack_publicize_feature_enabled":true,"jetpack_social_post_already_shared":true,"jetpack_social_options":{"image_generator_settings":{"template":"highway","default_image_id":0,"font":"","enabled":false},"version":2}},"product_brand":[],"product_cat":[32,460],"product_tag":[462,238,98],"class_list":{"0":"post-3594","1":"product","2":"type-product","3":"status-publish","4":"has-post-thumbnail","6":"product_cat-joustokytkimet","7":"product_cat-joustokytkimet_potkuriakselit_ja_tarvikkeet","8":"product_tag-joustokytkin","9":"product_tag-joustolaippa-joustokytkin","10":"product_tag-vetus","11":"brand-vetus","13":"first","14":"instock","15":"sale","16":"taxable","17":"shipping-taxable","18":"purchasable","19":"product-type-simple"},"yoast_head":"<!-- This site is optimized with the Yoast SEO plugin v27.3 - https:\/\/yoast.com\/product\/yoast-seo-wordpress\/ -->\n<title>Vetus BULFL0225 Joustokytkin 25mm akselille - Veneakselisto.com<\/title>\n<meta name=\"description\" content=\"Vetus BULFL0225 Joustokytkin 25mm akselille. Vetus joustokytkimet toimittaa Veneakselisto.com aina edulliseen hintaan. Joustolaippa\" \/>\n<meta name=\"robots\" content=\"index, follow, max-snippet:-1, max-image-preview:large, max-video-preview:-1\" \/>\n<link rel=\"canonical\" href=\"https:\/\/veneakselisto.com\/kauppa\/tuote\/vetus-bulfl0225-joustokytkin-25mm-akselille\/\" \/>\n<meta property=\"og:locale\" content=\"fi_FI\" \/>\n<meta property=\"og:type\" content=\"article\" \/>\n<meta property=\"og:title\" content=\"Vetus BULFL0225 Joustokytkin 25mm akselille - Veneakselisto.com\" \/>\n<meta property=\"og:description\" content=\"Vetus BULFL0225 Joustokytkin 25mm akselille. Vetus joustokytkimet toimittaa Veneakselisto.com aina edulliseen hintaan. Joustolaippa\" \/>\n<meta property=\"og:url\" content=\"https:\/\/veneakselisto.com\/kauppa\/tuote\/vetus-bulfl0225-joustokytkin-25mm-akselille\/\" \/>\n<meta property=\"og:site_name\" content=\"Veneakselisto.com - verkkokauppa\" \/>\n<meta property=\"article:publisher\" content=\"https:\/\/www.facebook.com\/AlaMikkula\/\" \/>\n<meta property=\"article:modified_time\" content=\"2025-08-04T08:29:06+00:00\" \/>\n<meta property=\"og:image\" content=\"https:\/\/veneakselisto.com\/kauppa\/wp-content\/uploads\/2018\/12\/BULF32.png\" \/>\n\t<meta property=\"og:image:width\" content=\"400\" \/>\n\t<meta property=\"og:image:height\" content=\"400\" \/>\n\t<meta property=\"og:image:type\" content=\"image\/png\" \/>\n<meta name=\"twitter:card\" content=\"summary_large_image\" \/>\n<meta name=\"twitter:label1\" content=\"Arvioitu lukuaika\" \/>\n\t<meta name=\"twitter:data1\" content=\"2 minuuttia\" \/>\n<script type=\"application\/ld+json\" class=\"yoast-schema-graph\">{\"@context\":\"https:\\\/\\\/schema.org\",\"@graph\":[{\"@type\":\"WebPage\",\"@id\":\"https:\\\/\\\/veneakselisto.com\\\/kauppa\\\/tuote\\\/vetus-bulfl0225-joustokytkin-25mm-akselille\\\/\",\"url\":\"https:\\\/\\\/veneakselisto.com\\\/kauppa\\\/tuote\\\/vetus-bulfl0225-joustokytkin-25mm-akselille\\\/\",\"name\":\"Vetus BULFL0225 Joustokytkin 25mm akselille - Veneakselisto.com\",\"isPartOf\":{\"@id\":\"https:\\\/\\\/veneakselisto.com\\\/kauppa\\\/#website\"},\"primaryImageOfPage\":{\"@id\":\"https:\\\/\\\/veneakselisto.com\\\/kauppa\\\/tuote\\\/vetus-bulfl0225-joustokytkin-25mm-akselille\\\/#primaryimage\"},\"image\":{\"@id\":\"https:\\\/\\\/veneakselisto.com\\\/kauppa\\\/tuote\\\/vetus-bulfl0225-joustokytkin-25mm-akselille\\\/#primaryimage\"},\"thumbnailUrl\":\"https:\\\/\\\/i0.wp.com\\\/veneakselisto.com\\\/kauppa\\\/wp-content\\\/uploads\\\/2018\\\/12\\\/BULF32.png?fit=400%2C400&ssl=1\",\"datePublished\":\"2018-12-13T11:36:07+00:00\",\"dateModified\":\"2025-08-04T08:29:06+00:00\",\"description\":\"Vetus BULFL0225 Joustokytkin 25mm akselille. Vetus joustokytkimet toimittaa Veneakselisto.com aina edulliseen hintaan. Joustolaippa\",\"breadcrumb\":{\"@id\":\"https:\\\/\\\/veneakselisto.com\\\/kauppa\\\/tuote\\\/vetus-bulfl0225-joustokytkin-25mm-akselille\\\/#breadcrumb\"},\"inLanguage\":\"fi\",\"potentialAction\":[{\"@type\":\"ReadAction\",\"target\":[\"https:\\\/\\\/veneakselisto.com\\\/kauppa\\\/tuote\\\/vetus-bulfl0225-joustokytkin-25mm-akselille\\\/\"]}]},{\"@type\":\"ImageObject\",\"inLanguage\":\"fi\",\"@id\":\"https:\\\/\\\/veneakselisto.com\\\/kauppa\\\/tuote\\\/vetus-bulfl0225-joustokytkin-25mm-akselille\\\/#primaryimage\",\"url\":\"https:\\\/\\\/i0.wp.com\\\/veneakselisto.com\\\/kauppa\\\/wp-content\\\/uploads\\\/2018\\\/12\\\/BULF32.png?fit=400%2C400&ssl=1\",\"contentUrl\":\"https:\\\/\\\/i0.wp.com\\\/veneakselisto.com\\\/kauppa\\\/wp-content\\\/uploads\\\/2018\\\/12\\\/BULF32.png?fit=400%2C400&ssl=1\",\"width\":400,\"height\":400,\"caption\":\"Vetus joustokytkimet toimittaa veneakselisto.com\"},{\"@type\":\"BreadcrumbList\",\"@id\":\"https:\\\/\\\/veneakselisto.com\\\/kauppa\\\/tuote\\\/vetus-bulfl0225-joustokytkin-25mm-akselille\\\/#breadcrumb\",\"itemListElement\":[{\"@type\":\"ListItem\",\"position\":1,\"name\":\"Etusivu\",\"item\":\"https:\\\/\\\/veneakselisto.com\\\/kauppa\\\/\"},{\"@type\":\"ListItem\",\"position\":2,\"name\":\"Kauppa\",\"item\":\"https:\\\/\\\/veneakselisto.com\\\/kauppa\\\/\"},{\"@type\":\"ListItem\",\"position\":3,\"name\":\"Vetus BULFL0225 Joustokytkin 25mm akselille\"}]},{\"@type\":\"WebSite\",\"@id\":\"https:\\\/\\\/veneakselisto.com\\\/kauppa\\\/#website\",\"url\":\"https:\\\/\\\/veneakselisto.com\\\/kauppa\\\/\",\"name\":\"Veneakselisto.com - verkkokauppa\",\"description\":\"Venetarvikkeiden maahantuonti ja myynti\",\"publisher\":{\"@id\":\"https:\\\/\\\/veneakselisto.com\\\/kauppa\\\/#organization\"},\"potentialAction\":[{\"@type\":\"SearchAction\",\"target\":{\"@type\":\"EntryPoint\",\"urlTemplate\":\"https:\\\/\\\/veneakselisto.com\\\/kauppa\\\/?s={search_term_string}\"},\"query-input\":{\"@type\":\"PropertyValueSpecification\",\"valueRequired\":true,\"valueName\":\"search_term_string\"}}],\"inLanguage\":\"fi\"},{\"@type\":\"Organization\",\"@id\":\"https:\\\/\\\/veneakselisto.com\\\/kauppa\\\/#organization\",\"name\":\"Veneakselisto.com verkkokauppa\",\"url\":\"https:\\\/\\\/veneakselisto.com\\\/kauppa\\\/\",\"logo\":{\"@type\":\"ImageObject\",\"inLanguage\":\"fi\",\"@id\":\"https:\\\/\\\/veneakselisto.com\\\/kauppa\\\/#\\\/schema\\\/logo\\\/image\\\/\",\"url\":\"https:\\\/\\\/i2.wp.com\\\/veneakselisto.com\\\/kauppa\\\/wp-content\\\/uploads\\\/2016\\\/06\\\/fb_icon.jpg?fit=327%2C327&ssl=1\",\"contentUrl\":\"https:\\\/\\\/i2.wp.com\\\/veneakselisto.com\\\/kauppa\\\/wp-content\\\/uploads\\\/2016\\\/06\\\/fb_icon.jpg?fit=327%2C327&ssl=1\",\"width\":327,\"height\":327,\"caption\":\"Veneakselisto.com verkkokauppa\"},\"image\":{\"@id\":\"https:\\\/\\\/veneakselisto.com\\\/kauppa\\\/#\\\/schema\\\/logo\\\/image\\\/\"},\"sameAs\":[\"https:\\\/\\\/www.facebook.com\\\/AlaMikkula\\\/\"]}]}<\/script>\n<!-- \/ Yoast SEO plugin. -->","yoast_head_json":{"title":"Vetus BULFL0225 Joustokytkin 25mm akselille - Veneakselisto.com","description":"Vetus BULFL0225 Joustokytkin 25mm akselille. Vetus joustokytkimet toimittaa Veneakselisto.com aina edulliseen hintaan. Joustolaippa","robots":{"index":"index","follow":"follow","max-snippet":"max-snippet:-1","max-image-preview":"max-image-preview:large","max-video-preview":"max-video-preview:-1"},"canonical":"https:\/\/veneakselisto.com\/kauppa\/tuote\/vetus-bulfl0225-joustokytkin-25mm-akselille\/","og_locale":"fi_FI","og_type":"article","og_title":"Vetus BULFL0225 Joustokytkin 25mm akselille - Veneakselisto.com","og_description":"Vetus BULFL0225 Joustokytkin 25mm akselille. Vetus joustokytkimet toimittaa Veneakselisto.com aina edulliseen hintaan. Joustolaippa","og_url":"https:\/\/veneakselisto.com\/kauppa\/tuote\/vetus-bulfl0225-joustokytkin-25mm-akselille\/","og_site_name":"Veneakselisto.com - verkkokauppa","article_publisher":"https:\/\/www.facebook.com\/AlaMikkula\/","article_modified_time":"2025-08-04T08:29:06+00:00","og_image":[{"width":400,"height":400,"url":"https:\/\/veneakselisto.com\/kauppa\/wp-content\/uploads\/2018\/12\/BULF32.png","type":"image\/png"}],"twitter_card":"summary_large_image","twitter_misc":{"Arvioitu lukuaika":"2 minuuttia"},"schema":{"@context":"https:\/\/schema.org","@graph":[{"@type":"WebPage","@id":"https:\/\/veneakselisto.com\/kauppa\/tuote\/vetus-bulfl0225-joustokytkin-25mm-akselille\/","url":"https:\/\/veneakselisto.com\/kauppa\/tuote\/vetus-bulfl0225-joustokytkin-25mm-akselille\/","name":"Vetus BULFL0225 Joustokytkin 25mm akselille - Veneakselisto.com","isPartOf":{"@id":"https:\/\/veneakselisto.com\/kauppa\/#website"},"primaryImageOfPage":{"@id":"https:\/\/veneakselisto.com\/kauppa\/tuote\/vetus-bulfl0225-joustokytkin-25mm-akselille\/#primaryimage"},"image":{"@id":"https:\/\/veneakselisto.com\/kauppa\/tuote\/vetus-bulfl0225-joustokytkin-25mm-akselille\/#primaryimage"},"thumbnailUrl":"https:\/\/i0.wp.com\/veneakselisto.com\/kauppa\/wp-content\/uploads\/2018\/12\/BULF32.png?fit=400%2C400&ssl=1","datePublished":"2018-12-13T11:36:07+00:00","dateModified":"2025-08-04T08:29:06+00:00","description":"Vetus BULFL0225 Joustokytkin 25mm akselille. Vetus joustokytkimet toimittaa Veneakselisto.com aina edulliseen hintaan. Joustolaippa","breadcrumb":{"@id":"https:\/\/veneakselisto.com\/kauppa\/tuote\/vetus-bulfl0225-joustokytkin-25mm-akselille\/#breadcrumb"},"inLanguage":"fi","potentialAction":[{"@type":"ReadAction","target":["https:\/\/veneakselisto.com\/kauppa\/tuote\/vetus-bulfl0225-joustokytkin-25mm-akselille\/"]}]},{"@type":"ImageObject","inLanguage":"fi","@id":"https:\/\/veneakselisto.com\/kauppa\/tuote\/vetus-bulfl0225-joustokytkin-25mm-akselille\/#primaryimage","url":"https:\/\/i0.wp.com\/veneakselisto.com\/kauppa\/wp-content\/uploads\/2018\/12\/BULF32.png?fit=400%2C400&ssl=1","contentUrl":"https:\/\/i0.wp.com\/veneakselisto.com\/kauppa\/wp-content\/uploads\/2018\/12\/BULF32.png?fit=400%2C400&ssl=1","width":400,"height":400,"caption":"Vetus joustokytkimet toimittaa veneakselisto.com"},{"@type":"BreadcrumbList","@id":"https:\/\/veneakselisto.com\/kauppa\/tuote\/vetus-bulfl0225-joustokytkin-25mm-akselille\/#breadcrumb","itemListElement":[{"@type":"ListItem","position":1,"name":"Etusivu","item":"https:\/\/veneakselisto.com\/kauppa\/"},{"@type":"ListItem","position":2,"name":"Kauppa","item":"https:\/\/veneakselisto.com\/kauppa\/"},{"@type":"ListItem","position":3,"name":"Vetus BULFL0225 Joustokytkin 25mm akselille"}]},{"@type":"WebSite","@id":"https:\/\/veneakselisto.com\/kauppa\/#website","url":"https:\/\/veneakselisto.com\/kauppa\/","name":"Veneakselisto.com - verkkokauppa","description":"Venetarvikkeiden maahantuonti ja myynti","publisher":{"@id":"https:\/\/veneakselisto.com\/kauppa\/#organization"},"potentialAction":[{"@type":"SearchAction","target":{"@type":"EntryPoint","urlTemplate":"https:\/\/veneakselisto.com\/kauppa\/?s={search_term_string}"},"query-input":{"@type":"PropertyValueSpecification","valueRequired":true,"valueName":"search_term_string"}}],"inLanguage":"fi"},{"@type":"Organization","@id":"https:\/\/veneakselisto.com\/kauppa\/#organization","name":"Veneakselisto.com verkkokauppa","url":"https:\/\/veneakselisto.com\/kauppa\/","logo":{"@type":"ImageObject","inLanguage":"fi","@id":"https:\/\/veneakselisto.com\/kauppa\/#\/schema\/logo\/image\/","url":"https:\/\/i2.wp.com\/veneakselisto.com\/kauppa\/wp-content\/uploads\/2016\/06\/fb_icon.jpg?fit=327%2C327&ssl=1","contentUrl":"https:\/\/i2.wp.com\/veneakselisto.com\/kauppa\/wp-content\/uploads\/2016\/06\/fb_icon.jpg?fit=327%2C327&ssl=1","width":327,"height":327,"caption":"Veneakselisto.com verkkokauppa"},"image":{"@id":"https:\/\/veneakselisto.com\/kauppa\/#\/schema\/logo\/image\/"},"sameAs":["https:\/\/www.facebook.com\/AlaMikkula\/"]}]}},"jetpack_publicize_connections":[],"jetpack_sharing_enabled":true,"_links":{"self":[{"href":"https:\/\/veneakselisto.com\/kauppa\/wp-json\/wp\/v2\/product\/3594","targetHints":{"allow":["GET"]}}],"collection":[{"href":"https:\/\/veneakselisto.com\/kauppa\/wp-json\/wp\/v2\/product"}],"about":[{"href":"https:\/\/veneakselisto.com\/kauppa\/wp-json\/wp\/v2\/types\/product"}],"replies":[{"embeddable":true,"href":"https:\/\/veneakselisto.com\/kauppa\/wp-json\/wp\/v2\/comments?post=3594"}],"wp:featuredmedia":[{"embeddable":true,"href":"https:\/\/veneakselisto.com\/kauppa\/wp-json\/wp\/v2\/media\/3590"}],"wp:attachment":[{"href":"https:\/\/veneakselisto.com\/kauppa\/wp-json\/wp\/v2\/media?parent=3594"}],"wp:term":[{"taxonomy":"product_brand","embeddable":true,"href":"https:\/\/veneakselisto.com\/kauppa\/wp-json\/wp\/v2\/product_brand?post=3594"},{"taxonomy":"product_cat","embeddable":true,"href":"https:\/\/veneakselisto.com\/kauppa\/wp-json\/wp\/v2\/product_cat?post=3594"},{"taxonomy":"product_tag","embeddable":true,"href":"https:\/\/veneakselisto.com\/kauppa\/wp-json\/wp\/v2\/product_tag?post=3594"}],"curies":[{"name":"wp","href":"https:\/\/api.w.org\/{rel}","templated":true}]}}