{"id":3429,"date":"2018-11-08T10:44:56","date_gmt":"2018-11-08T08:44:56","guid":{"rendered":"https:\/\/veneakselisto.com\/kauppa\/?post_type=product&#038;p=3429"},"modified":"2024-08-31T23:51:17","modified_gmt":"2024-08-31T20:51:17","slug":"metalastik-1657-65-kumityyny","status":"publish","type":"product","link":"https:\/\/veneakselisto.com\/kauppa\/tuote\/metalastik-1657-65-kumityyny\/","title":{"rendered":"Metalastik 1657\/65 kumityyny"},"content":{"rendered":"<p>Metalastik 1657\/65 kumityyny moottorin vaimennukseen ja kiinnitt\u00e4miseen. Kumityynyn kovuus 65 shorea. Max 540 kg\/kumityyny merimoottoreissa ilman painelaakeri\/nivelyksikk\u00f6\u00e4. Nivelyksik\u00f6n kanssa max kuorma on suurempi. Kokemuksemme mukaan suosittelemme vaihtamaan aina v\u00e4hint\u00e4\u00e4n 2 kpl kumityynyj\u00e4 kerralla. Kumityynyss\u00e4 M20 pultti ja nylock mutterit ja prikat mukana. Jos et l\u00f6yd\u00e4 sopivaa kumityyny\u00e4 sinun tarpeisiin sivuiltamme tai olet ep\u00e4varma oikean kumityynyn valitsemisessa, niin ota rohkeasti yhteytt\u00e4 09-8779230 tai akseli@veneakselisto.fi<\/p>\n<p>&nbsp;<\/p>\n<p>Kumityynyn toimitukseen sis\u00e4tyy pulttisarja jossa M20 pultti, M20 nylock mutterit ja prikat<\/p>\n","protected":false},"excerpt":{"rendered":"<p>Metalastik 1657\/65 kumityyny moottorin vaimennukseen ja kiinnitt\u00e4miseen. Kumityynyn kovuus 65 shorea. Max 540 kg\/kumityyny<\/p>\n<p>Kumityynyn toimitukseen sis\u00e4tyy pulttisarja jossa M20 pultti, M20 nylock mutterit ja prikat<\/p>\n<p>Kaikilla tuotteilla normaalisti 1-5 p\u00e4iv\u00e4n toimitusaika.<\/p>\n","protected":false},"featured_media":7638,"comment_status":"open","ping_status":"closed","template":"","meta":{"jetpack_post_was_ever_published":false,"jetpack_publicize_message":"","jetpack_publicize_feature_enabled":true,"jetpack_social_post_already_shared":true,"jetpack_social_options":{"image_generator_settings":{"template":"highway","default_image_id":0,"font":"","enabled":false},"version":2}},"product_brand":[],"product_cat":[452],"product_tag":[453,454],"class_list":{"0":"post-3429","1":"product","2":"type-product","3":"status-publish","4":"has-post-thumbnail","6":"product_cat-kumityynyt_moottorinvaimennus_metalastik","7":"product_tag-kumityyny","8":"product_tag-moottorin-kumityyny","9":"product_shipping_class-rahti","11":"first","12":"instock","13":"taxable","14":"shipping-taxable","15":"purchasable","16":"product-type-simple"},"yoast_head":"<!-- This site is optimized with the Yoast SEO plugin v27.3 - https:\/\/yoast.com\/product\/yoast-seo-wordpress\/ -->\n<title>kumityyny veneeseen-Metalastik 1657-merimoottorin kumityyny<\/title>\n<meta name=\"description\" content=\"Laadukas Metalastik 1609 sarjan kumityyny moottorin vaimennukseen ja kiinnitt\u00e4miseen. Tarvittaessa autamme oikean kumityynyn valinnassa.\" \/>\n<meta name=\"robots\" content=\"index, follow, max-snippet:-1, max-image-preview:large, max-video-preview:-1\" \/>\n<link rel=\"canonical\" href=\"https:\/\/veneakselisto.com\/kauppa\/tuote\/metalastik-1657-65-kumityyny\/\" \/>\n<meta property=\"og:locale\" content=\"fi_FI\" \/>\n<meta property=\"og:type\" content=\"article\" \/>\n<meta property=\"og:title\" content=\"kumityyny veneeseen-Metalastik 1657-merimoottorin kumityyny\" \/>\n<meta property=\"og:description\" content=\"Laadukas Metalastik 1609 sarjan kumityyny moottorin vaimennukseen ja kiinnitt\u00e4miseen. Tarvittaessa autamme oikean kumityynyn valinnassa.\" \/>\n<meta property=\"og:url\" content=\"https:\/\/veneakselisto.com\/kauppa\/tuote\/metalastik-1657-65-kumityyny\/\" \/>\n<meta property=\"og:site_name\" content=\"Veneakselisto.com - verkkokauppa\" \/>\n<meta property=\"article:publisher\" content=\"https:\/\/www.facebook.com\/AlaMikkula\/\" \/>\n<meta property=\"article:modified_time\" content=\"2024-08-31T20:51:17+00:00\" \/>\n<meta property=\"og:image\" content=\"https:\/\/veneakselisto.com\/kauppa\/wp-content\/uploads\/2018\/11\/1609-metalastik.jpg\" \/>\n\t<meta property=\"og:image:width\" content=\"500\" \/>\n\t<meta property=\"og:image:height\" content=\"500\" \/>\n\t<meta property=\"og:image:type\" content=\"image\/jpeg\" \/>\n<meta name=\"twitter:card\" content=\"summary_large_image\" \/>\n<script type=\"application\/ld+json\" class=\"yoast-schema-graph\">{\"@context\":\"https:\\\/\\\/schema.org\",\"@graph\":[{\"@type\":\"WebPage\",\"@id\":\"https:\\\/\\\/veneakselisto.com\\\/kauppa\\\/tuote\\\/metalastik-1657-65-kumityyny\\\/\",\"url\":\"https:\\\/\\\/veneakselisto.com\\\/kauppa\\\/tuote\\\/metalastik-1657-65-kumityyny\\\/\",\"name\":\"kumityyny veneeseen-Metalastik 1657-merimoottorin kumityyny\",\"isPartOf\":{\"@id\":\"https:\\\/\\\/veneakselisto.com\\\/kauppa\\\/#website\"},\"primaryImageOfPage\":{\"@id\":\"https:\\\/\\\/veneakselisto.com\\\/kauppa\\\/tuote\\\/metalastik-1657-65-kumityyny\\\/#primaryimage\"},\"image\":{\"@id\":\"https:\\\/\\\/veneakselisto.com\\\/kauppa\\\/tuote\\\/metalastik-1657-65-kumityyny\\\/#primaryimage\"},\"thumbnailUrl\":\"https:\\\/\\\/i0.wp.com\\\/veneakselisto.com\\\/kauppa\\\/wp-content\\\/uploads\\\/2018\\\/11\\\/1609-metalastik.jpg?fit=500%2C500&ssl=1\",\"datePublished\":\"2018-11-08T08:44:56+00:00\",\"dateModified\":\"2024-08-31T20:51:17+00:00\",\"description\":\"Laadukas Metalastik 1609 sarjan kumityyny moottorin vaimennukseen ja kiinnitt\u00e4miseen. Tarvittaessa autamme oikean kumityynyn valinnassa.\",\"breadcrumb\":{\"@id\":\"https:\\\/\\\/veneakselisto.com\\\/kauppa\\\/tuote\\\/metalastik-1657-65-kumityyny\\\/#breadcrumb\"},\"inLanguage\":\"fi\",\"potentialAction\":[{\"@type\":\"ReadAction\",\"target\":[\"https:\\\/\\\/veneakselisto.com\\\/kauppa\\\/tuote\\\/metalastik-1657-65-kumityyny\\\/\"]}]},{\"@type\":\"ImageObject\",\"inLanguage\":\"fi\",\"@id\":\"https:\\\/\\\/veneakselisto.com\\\/kauppa\\\/tuote\\\/metalastik-1657-65-kumityyny\\\/#primaryimage\",\"url\":\"https:\\\/\\\/i0.wp.com\\\/veneakselisto.com\\\/kauppa\\\/wp-content\\\/uploads\\\/2018\\\/11\\\/1609-metalastik.jpg?fit=500%2C500&ssl=1\",\"contentUrl\":\"https:\\\/\\\/i0.wp.com\\\/veneakselisto.com\\\/kauppa\\\/wp-content\\\/uploads\\\/2018\\\/11\\\/1609-metalastik.jpg?fit=500%2C500&ssl=1\",\"width\":500,\"height\":500,\"caption\":\"Merimoottoreiden kumityynyt toimittaa venetarvikkeiden erikoisliike-Venevaraosat.fi\"},{\"@type\":\"BreadcrumbList\",\"@id\":\"https:\\\/\\\/veneakselisto.com\\\/kauppa\\\/tuote\\\/metalastik-1657-65-kumityyny\\\/#breadcrumb\",\"itemListElement\":[{\"@type\":\"ListItem\",\"position\":1,\"name\":\"Etusivu\",\"item\":\"https:\\\/\\\/veneakselisto.com\\\/kauppa\\\/\"},{\"@type\":\"ListItem\",\"position\":2,\"name\":\"Kauppa\",\"item\":\"https:\\\/\\\/veneakselisto.com\\\/kauppa\\\/\"},{\"@type\":\"ListItem\",\"position\":3,\"name\":\"Metalastik 1657\\\/65 kumityyny\"}]},{\"@type\":\"WebSite\",\"@id\":\"https:\\\/\\\/veneakselisto.com\\\/kauppa\\\/#website\",\"url\":\"https:\\\/\\\/veneakselisto.com\\\/kauppa\\\/\",\"name\":\"Veneakselisto.com - verkkokauppa\",\"description\":\"Venetarvikkeiden maahantuonti ja myynti\",\"publisher\":{\"@id\":\"https:\\\/\\\/veneakselisto.com\\\/kauppa\\\/#organization\"},\"potentialAction\":[{\"@type\":\"SearchAction\",\"target\":{\"@type\":\"EntryPoint\",\"urlTemplate\":\"https:\\\/\\\/veneakselisto.com\\\/kauppa\\\/?s={search_term_string}\"},\"query-input\":{\"@type\":\"PropertyValueSpecification\",\"valueRequired\":true,\"valueName\":\"search_term_string\"}}],\"inLanguage\":\"fi\"},{\"@type\":\"Organization\",\"@id\":\"https:\\\/\\\/veneakselisto.com\\\/kauppa\\\/#organization\",\"name\":\"Veneakselisto.com verkkokauppa\",\"url\":\"https:\\\/\\\/veneakselisto.com\\\/kauppa\\\/\",\"logo\":{\"@type\":\"ImageObject\",\"inLanguage\":\"fi\",\"@id\":\"https:\\\/\\\/veneakselisto.com\\\/kauppa\\\/#\\\/schema\\\/logo\\\/image\\\/\",\"url\":\"https:\\\/\\\/i2.wp.com\\\/veneakselisto.com\\\/kauppa\\\/wp-content\\\/uploads\\\/2016\\\/06\\\/fb_icon.jpg?fit=327%2C327&ssl=1\",\"contentUrl\":\"https:\\\/\\\/i2.wp.com\\\/veneakselisto.com\\\/kauppa\\\/wp-content\\\/uploads\\\/2016\\\/06\\\/fb_icon.jpg?fit=327%2C327&ssl=1\",\"width\":327,\"height\":327,\"caption\":\"Veneakselisto.com verkkokauppa\"},\"image\":{\"@id\":\"https:\\\/\\\/veneakselisto.com\\\/kauppa\\\/#\\\/schema\\\/logo\\\/image\\\/\"},\"sameAs\":[\"https:\\\/\\\/www.facebook.com\\\/AlaMikkula\\\/\"]}]}<\/script>\n<!-- \/ Yoast SEO plugin. -->","yoast_head_json":{"title":"kumityyny veneeseen-Metalastik 1657-merimoottorin kumityyny","description":"Laadukas Metalastik 1609 sarjan kumityyny moottorin vaimennukseen ja kiinnitt\u00e4miseen. Tarvittaessa autamme oikean kumityynyn valinnassa.","robots":{"index":"index","follow":"follow","max-snippet":"max-snippet:-1","max-image-preview":"max-image-preview:large","max-video-preview":"max-video-preview:-1"},"canonical":"https:\/\/veneakselisto.com\/kauppa\/tuote\/metalastik-1657-65-kumityyny\/","og_locale":"fi_FI","og_type":"article","og_title":"kumityyny veneeseen-Metalastik 1657-merimoottorin kumityyny","og_description":"Laadukas Metalastik 1609 sarjan kumityyny moottorin vaimennukseen ja kiinnitt\u00e4miseen. Tarvittaessa autamme oikean kumityynyn valinnassa.","og_url":"https:\/\/veneakselisto.com\/kauppa\/tuote\/metalastik-1657-65-kumityyny\/","og_site_name":"Veneakselisto.com - verkkokauppa","article_publisher":"https:\/\/www.facebook.com\/AlaMikkula\/","article_modified_time":"2024-08-31T20:51:17+00:00","og_image":[{"width":500,"height":500,"url":"https:\/\/veneakselisto.com\/kauppa\/wp-content\/uploads\/2018\/11\/1609-metalastik.jpg","type":"image\/jpeg"}],"twitter_card":"summary_large_image","schema":{"@context":"https:\/\/schema.org","@graph":[{"@type":"WebPage","@id":"https:\/\/veneakselisto.com\/kauppa\/tuote\/metalastik-1657-65-kumityyny\/","url":"https:\/\/veneakselisto.com\/kauppa\/tuote\/metalastik-1657-65-kumityyny\/","name":"kumityyny veneeseen-Metalastik 1657-merimoottorin kumityyny","isPartOf":{"@id":"https:\/\/veneakselisto.com\/kauppa\/#website"},"primaryImageOfPage":{"@id":"https:\/\/veneakselisto.com\/kauppa\/tuote\/metalastik-1657-65-kumityyny\/#primaryimage"},"image":{"@id":"https:\/\/veneakselisto.com\/kauppa\/tuote\/metalastik-1657-65-kumityyny\/#primaryimage"},"thumbnailUrl":"https:\/\/i0.wp.com\/veneakselisto.com\/kauppa\/wp-content\/uploads\/2018\/11\/1609-metalastik.jpg?fit=500%2C500&ssl=1","datePublished":"2018-11-08T08:44:56+00:00","dateModified":"2024-08-31T20:51:17+00:00","description":"Laadukas Metalastik 1609 sarjan kumityyny moottorin vaimennukseen ja kiinnitt\u00e4miseen. Tarvittaessa autamme oikean kumityynyn valinnassa.","breadcrumb":{"@id":"https:\/\/veneakselisto.com\/kauppa\/tuote\/metalastik-1657-65-kumityyny\/#breadcrumb"},"inLanguage":"fi","potentialAction":[{"@type":"ReadAction","target":["https:\/\/veneakselisto.com\/kauppa\/tuote\/metalastik-1657-65-kumityyny\/"]}]},{"@type":"ImageObject","inLanguage":"fi","@id":"https:\/\/veneakselisto.com\/kauppa\/tuote\/metalastik-1657-65-kumityyny\/#primaryimage","url":"https:\/\/i0.wp.com\/veneakselisto.com\/kauppa\/wp-content\/uploads\/2018\/11\/1609-metalastik.jpg?fit=500%2C500&ssl=1","contentUrl":"https:\/\/i0.wp.com\/veneakselisto.com\/kauppa\/wp-content\/uploads\/2018\/11\/1609-metalastik.jpg?fit=500%2C500&ssl=1","width":500,"height":500,"caption":"Merimoottoreiden kumityynyt toimittaa venetarvikkeiden erikoisliike-Venevaraosat.fi"},{"@type":"BreadcrumbList","@id":"https:\/\/veneakselisto.com\/kauppa\/tuote\/metalastik-1657-65-kumityyny\/#breadcrumb","itemListElement":[{"@type":"ListItem","position":1,"name":"Etusivu","item":"https:\/\/veneakselisto.com\/kauppa\/"},{"@type":"ListItem","position":2,"name":"Kauppa","item":"https:\/\/veneakselisto.com\/kauppa\/"},{"@type":"ListItem","position":3,"name":"Metalastik 1657\/65 kumityyny"}]},{"@type":"WebSite","@id":"https:\/\/veneakselisto.com\/kauppa\/#website","url":"https:\/\/veneakselisto.com\/kauppa\/","name":"Veneakselisto.com - verkkokauppa","description":"Venetarvikkeiden maahantuonti ja myynti","publisher":{"@id":"https:\/\/veneakselisto.com\/kauppa\/#organization"},"potentialAction":[{"@type":"SearchAction","target":{"@type":"EntryPoint","urlTemplate":"https:\/\/veneakselisto.com\/kauppa\/?s={search_term_string}"},"query-input":{"@type":"PropertyValueSpecification","valueRequired":true,"valueName":"search_term_string"}}],"inLanguage":"fi"},{"@type":"Organization","@id":"https:\/\/veneakselisto.com\/kauppa\/#organization","name":"Veneakselisto.com verkkokauppa","url":"https:\/\/veneakselisto.com\/kauppa\/","logo":{"@type":"ImageObject","inLanguage":"fi","@id":"https:\/\/veneakselisto.com\/kauppa\/#\/schema\/logo\/image\/","url":"https:\/\/i2.wp.com\/veneakselisto.com\/kauppa\/wp-content\/uploads\/2016\/06\/fb_icon.jpg?fit=327%2C327&ssl=1","contentUrl":"https:\/\/i2.wp.com\/veneakselisto.com\/kauppa\/wp-content\/uploads\/2016\/06\/fb_icon.jpg?fit=327%2C327&ssl=1","width":327,"height":327,"caption":"Veneakselisto.com verkkokauppa"},"image":{"@id":"https:\/\/veneakselisto.com\/kauppa\/#\/schema\/logo\/image\/"},"sameAs":["https:\/\/www.facebook.com\/AlaMikkula\/"]}]}},"jetpack_publicize_connections":[],"jetpack_sharing_enabled":true,"_links":{"self":[{"href":"https:\/\/veneakselisto.com\/kauppa\/wp-json\/wp\/v2\/product\/3429","targetHints":{"allow":["GET"]}}],"collection":[{"href":"https:\/\/veneakselisto.com\/kauppa\/wp-json\/wp\/v2\/product"}],"about":[{"href":"https:\/\/veneakselisto.com\/kauppa\/wp-json\/wp\/v2\/types\/product"}],"replies":[{"embeddable":true,"href":"https:\/\/veneakselisto.com\/kauppa\/wp-json\/wp\/v2\/comments?post=3429"}],"wp:featuredmedia":[{"embeddable":true,"href":"https:\/\/veneakselisto.com\/kauppa\/wp-json\/wp\/v2\/media\/7638"}],"wp:attachment":[{"href":"https:\/\/veneakselisto.com\/kauppa\/wp-json\/wp\/v2\/media?parent=3429"}],"wp:term":[{"taxonomy":"product_brand","embeddable":true,"href":"https:\/\/veneakselisto.com\/kauppa\/wp-json\/wp\/v2\/product_brand?post=3429"},{"taxonomy":"product_cat","embeddable":true,"href":"https:\/\/veneakselisto.com\/kauppa\/wp-json\/wp\/v2\/product_cat?post=3429"},{"taxonomy":"product_tag","embeddable":true,"href":"https:\/\/veneakselisto.com\/kauppa\/wp-json\/wp\/v2\/product_tag?post=3429"}],"curies":[{"name":"wp","href":"https:\/\/api.w.org\/{rel}","templated":true}]}}