{"id":3419,"date":"2018-11-07T11:31:44","date_gmt":"2018-11-07T09:31:44","guid":{"rendered":"https:\/\/veneakselisto.com\/kauppa\/?post_type=product&#038;p=3419"},"modified":"2025-11-10T09:21:10","modified_gmt":"2025-11-10T07:21:10","slug":"metalastik-1609-65-kumityyny","status":"publish","type":"product","link":"https:\/\/veneakselisto.com\/kauppa\/tuote\/metalastik-1609-65-kumityyny\/","title":{"rendered":"Metalastik 1609\/65 kumityyny"},"content":{"rendered":"<p>Metalastik 1609\/65 kumityyny<\/p>\n<p>Esim. Volvo Penta OEM 858161<\/p>\n<p>&nbsp;<\/p>\n<p>K\u00e4ytetty yleisesti Perkins, MB, Iveco ja Ford 6-sylinterisiss\u00e4 moottoreissa.<\/p>\n<p>Metalastik 1609\/65 kumityyny moottorin vaimennukseen ja kiinnitt\u00e4miseen. Kumityynyn kovuus 65 shorea. Max 210 kg\/kumityyny merimoottoreissa ilman painelaakeri\/nivelyksikk\u00f6\u00e4. Nivelyksik\u00f6n kanssa max kuorma on suurempi. Kokemuksemme mukaan suosittelemme vaihtamaan aina v\u00e4hint\u00e4\u00e4n 2 kpl kumityynyj\u00e4 kerralla. Kumityynyss\u00e4 M16 pultti ja nylock mutterit ja prikat mukana. Jos et l\u00f6yd\u00e4 sopivaa kumityyny\u00e4 sinun tarpeisiin sivuiltamme tai olet ep\u00e4varma oikean kumityynyn valitsemisessa, niin ota rohkeasti yhteytt\u00e4 09-8779230 tai akseli@veneakselisto.fi<\/p>\n<p>Kumityynyn toimitukseen sis\u00e4tyy pulttisarja jossa M16 pultti, M16 nylock mutterit ja prikat<\/p>\n<p>2030, 2040, D22, D30, D31, D41, D42, D43, D44, D300<br \/>\nMD2030A,<br \/>\nMD2040A,<br \/>\nMD22L-B, MD22P-B,<br \/>\nAD30A, AQAD30A, MD30A, TAMD30A, TMD30A,<br \/>\nTAMD31L-A, TAMD31M-A, TAMD31A, TAMD31B,<br \/>\nKAD32P<br \/>\nTAMD40A, TAMD40B,<br \/>\nAD41A, TAMD41A,<br \/>\nTAMD41P-A, TAMD41H-A, TAMD41H-B, TAMD41L-A, TAMD41M-A,<br \/>\nKAMD42P-A,<br \/>\nKAMD43P-A,<br \/>\nKAMD44P-A, KAD44P-B, KAD44P-<\/p>\n<p>Metalastik 1609\/65 kumityyny<\/p>\n","protected":false},"excerpt":{"rendered":"<p>Metalastik 1609\/65 kumityyny<\/p>\n<p>esim. Volvo Penta OEM 858161<\/p>\n<p>1609\/65 Metalastik max kuorma 210 kg\/kumityyny.<\/p>\n<p>Kumityynyn toimitukseen sis\u00e4tyy pulttisarja jossa M16 pultti, M16 nylock mutterit ja prikat<\/p>\n<p>Esim Volvo Penta OEM 858161<\/p>\n<p>2030, 2040, D22, D30, D31, D41, D42, D43, D44, D300<\/p>\n<p>Kaikilla tuotteilla normaalisti 1-5 p\u00e4iv\u00e4n toimitusaika.<\/p>\n","protected":false},"featured_media":7638,"comment_status":"open","ping_status":"closed","template":"","meta":{"jetpack_post_was_ever_published":false,"jetpack_publicize_message":"","jetpack_publicize_feature_enabled":true,"jetpack_social_post_already_shared":true,"jetpack_social_options":{"image_generator_settings":{"template":"highway","default_image_id":0,"font":"","enabled":false},"version":2}},"product_brand":[],"product_cat":[452],"product_tag":[453,461,454,324],"class_list":{"0":"post-3419","1":"product","2":"type-product","3":"status-publish","4":"has-post-thumbnail","6":"product_cat-kumityynyt_moottorinvaimennus_metalastik","7":"product_tag-kumityyny","8":"product_tag-kumityyny-veneeseen","9":"product_tag-moottorin-kumityyny","10":"product_tag-volvo-penta","11":"product_shipping_class-rahti","13":"first","14":"instock","15":"sale","16":"taxable","17":"shipping-taxable","18":"purchasable","19":"product-type-simple"},"yoast_head":"<!-- This site is optimized with the Yoast SEO plugin v27.3 - https:\/\/yoast.com\/product\/yoast-seo-wordpress\/ -->\n<title>Metalastik 1609\/65 kumityyny-Marine-parts<\/title>\n<meta name=\"description\" content=\"Metalastik 1609\/65 kumityyny. Laadukas Metalastik 1609 sarjan kumityyny moottorin vaimennukseen ja kiinnitt\u00e4miseen. Veneakselisto.com\" \/>\n<meta name=\"robots\" content=\"index, follow, max-snippet:-1, max-image-preview:large, max-video-preview:-1\" \/>\n<link rel=\"canonical\" href=\"https:\/\/veneakselisto.com\/kauppa\/tuote\/metalastik-1609-65-kumityyny\/\" \/>\n<meta property=\"og:locale\" content=\"fi_FI\" \/>\n<meta property=\"og:type\" content=\"article\" \/>\n<meta property=\"og:title\" content=\"Metalastik 1609\/65 kumityyny-Marine-parts\" \/>\n<meta property=\"og:description\" content=\"Metalastik 1609\/65 kumityyny. Laadukas Metalastik 1609 sarjan kumityyny moottorin vaimennukseen ja kiinnitt\u00e4miseen. Veneakselisto.com\" \/>\n<meta property=\"og:url\" content=\"https:\/\/veneakselisto.com\/kauppa\/tuote\/metalastik-1609-65-kumityyny\/\" \/>\n<meta property=\"og:site_name\" content=\"Veneakselisto.com - verkkokauppa\" \/>\n<meta property=\"article:publisher\" content=\"https:\/\/www.facebook.com\/AlaMikkula\/\" \/>\n<meta property=\"article:modified_time\" content=\"2025-11-10T07:21:10+00:00\" \/>\n<meta property=\"og:image\" content=\"https:\/\/veneakselisto.com\/kauppa\/wp-content\/uploads\/2018\/11\/1609-metalastik.jpg\" \/>\n\t<meta property=\"og:image:width\" content=\"500\" \/>\n\t<meta property=\"og:image:height\" content=\"500\" \/>\n\t<meta property=\"og:image:type\" content=\"image\/jpeg\" \/>\n<meta name=\"twitter:card\" content=\"summary_large_image\" \/>\n<meta name=\"twitter:label1\" content=\"Arvioitu lukuaika\" \/>\n\t<meta name=\"twitter:data1\" content=\"2 minuuttia\" \/>\n<script type=\"application\/ld+json\" class=\"yoast-schema-graph\">{\"@context\":\"https:\\\/\\\/schema.org\",\"@graph\":[{\"@type\":\"WebPage\",\"@id\":\"https:\\\/\\\/veneakselisto.com\\\/kauppa\\\/tuote\\\/metalastik-1609-65-kumityyny\\\/\",\"url\":\"https:\\\/\\\/veneakselisto.com\\\/kauppa\\\/tuote\\\/metalastik-1609-65-kumityyny\\\/\",\"name\":\"Metalastik 1609\\\/65 kumityyny-Marine-parts\",\"isPartOf\":{\"@id\":\"https:\\\/\\\/veneakselisto.com\\\/kauppa\\\/#website\"},\"primaryImageOfPage\":{\"@id\":\"https:\\\/\\\/veneakselisto.com\\\/kauppa\\\/tuote\\\/metalastik-1609-65-kumityyny\\\/#primaryimage\"},\"image\":{\"@id\":\"https:\\\/\\\/veneakselisto.com\\\/kauppa\\\/tuote\\\/metalastik-1609-65-kumityyny\\\/#primaryimage\"},\"thumbnailUrl\":\"https:\\\/\\\/i0.wp.com\\\/veneakselisto.com\\\/kauppa\\\/wp-content\\\/uploads\\\/2018\\\/11\\\/1609-metalastik.jpg?fit=500%2C500&ssl=1\",\"datePublished\":\"2018-11-07T09:31:44+00:00\",\"dateModified\":\"2025-11-10T07:21:10+00:00\",\"description\":\"Metalastik 1609\\\/65 kumityyny. Laadukas Metalastik 1609 sarjan kumityyny moottorin vaimennukseen ja kiinnitt\u00e4miseen. Veneakselisto.com\",\"breadcrumb\":{\"@id\":\"https:\\\/\\\/veneakselisto.com\\\/kauppa\\\/tuote\\\/metalastik-1609-65-kumityyny\\\/#breadcrumb\"},\"inLanguage\":\"fi\",\"potentialAction\":[{\"@type\":\"ReadAction\",\"target\":[\"https:\\\/\\\/veneakselisto.com\\\/kauppa\\\/tuote\\\/metalastik-1609-65-kumityyny\\\/\"]}]},{\"@type\":\"ImageObject\",\"inLanguage\":\"fi\",\"@id\":\"https:\\\/\\\/veneakselisto.com\\\/kauppa\\\/tuote\\\/metalastik-1609-65-kumityyny\\\/#primaryimage\",\"url\":\"https:\\\/\\\/i0.wp.com\\\/veneakselisto.com\\\/kauppa\\\/wp-content\\\/uploads\\\/2018\\\/11\\\/1609-metalastik.jpg?fit=500%2C500&ssl=1\",\"contentUrl\":\"https:\\\/\\\/i0.wp.com\\\/veneakselisto.com\\\/kauppa\\\/wp-content\\\/uploads\\\/2018\\\/11\\\/1609-metalastik.jpg?fit=500%2C500&ssl=1\",\"width\":500,\"height\":500,\"caption\":\"Merimoottoreiden kumityynyt toimittaa venetarvikkeiden erikoisliike-Venevaraosat.fi\"},{\"@type\":\"BreadcrumbList\",\"@id\":\"https:\\\/\\\/veneakselisto.com\\\/kauppa\\\/tuote\\\/metalastik-1609-65-kumityyny\\\/#breadcrumb\",\"itemListElement\":[{\"@type\":\"ListItem\",\"position\":1,\"name\":\"Etusivu\",\"item\":\"https:\\\/\\\/veneakselisto.com\\\/kauppa\\\/\"},{\"@type\":\"ListItem\",\"position\":2,\"name\":\"Kauppa\",\"item\":\"https:\\\/\\\/veneakselisto.com\\\/kauppa\\\/\"},{\"@type\":\"ListItem\",\"position\":3,\"name\":\"Metalastik 1609\\\/65 kumityyny\"}]},{\"@type\":\"WebSite\",\"@id\":\"https:\\\/\\\/veneakselisto.com\\\/kauppa\\\/#website\",\"url\":\"https:\\\/\\\/veneakselisto.com\\\/kauppa\\\/\",\"name\":\"Veneakselisto.com - verkkokauppa\",\"description\":\"Venetarvikkeiden maahantuonti ja myynti\",\"publisher\":{\"@id\":\"https:\\\/\\\/veneakselisto.com\\\/kauppa\\\/#organization\"},\"potentialAction\":[{\"@type\":\"SearchAction\",\"target\":{\"@type\":\"EntryPoint\",\"urlTemplate\":\"https:\\\/\\\/veneakselisto.com\\\/kauppa\\\/?s={search_term_string}\"},\"query-input\":{\"@type\":\"PropertyValueSpecification\",\"valueRequired\":true,\"valueName\":\"search_term_string\"}}],\"inLanguage\":\"fi\"},{\"@type\":\"Organization\",\"@id\":\"https:\\\/\\\/veneakselisto.com\\\/kauppa\\\/#organization\",\"name\":\"Veneakselisto.com verkkokauppa\",\"url\":\"https:\\\/\\\/veneakselisto.com\\\/kauppa\\\/\",\"logo\":{\"@type\":\"ImageObject\",\"inLanguage\":\"fi\",\"@id\":\"https:\\\/\\\/veneakselisto.com\\\/kauppa\\\/#\\\/schema\\\/logo\\\/image\\\/\",\"url\":\"https:\\\/\\\/i2.wp.com\\\/veneakselisto.com\\\/kauppa\\\/wp-content\\\/uploads\\\/2016\\\/06\\\/fb_icon.jpg?fit=327%2C327&ssl=1\",\"contentUrl\":\"https:\\\/\\\/i2.wp.com\\\/veneakselisto.com\\\/kauppa\\\/wp-content\\\/uploads\\\/2016\\\/06\\\/fb_icon.jpg?fit=327%2C327&ssl=1\",\"width\":327,\"height\":327,\"caption\":\"Veneakselisto.com verkkokauppa\"},\"image\":{\"@id\":\"https:\\\/\\\/veneakselisto.com\\\/kauppa\\\/#\\\/schema\\\/logo\\\/image\\\/\"},\"sameAs\":[\"https:\\\/\\\/www.facebook.com\\\/AlaMikkula\\\/\"]}]}<\/script>\n<!-- \/ Yoast SEO plugin. -->","yoast_head_json":{"title":"Metalastik 1609\/65 kumityyny-Marine-parts","description":"Metalastik 1609\/65 kumityyny. Laadukas Metalastik 1609 sarjan kumityyny moottorin vaimennukseen ja kiinnitt\u00e4miseen. Veneakselisto.com","robots":{"index":"index","follow":"follow","max-snippet":"max-snippet:-1","max-image-preview":"max-image-preview:large","max-video-preview":"max-video-preview:-1"},"canonical":"https:\/\/veneakselisto.com\/kauppa\/tuote\/metalastik-1609-65-kumityyny\/","og_locale":"fi_FI","og_type":"article","og_title":"Metalastik 1609\/65 kumityyny-Marine-parts","og_description":"Metalastik 1609\/65 kumityyny. Laadukas Metalastik 1609 sarjan kumityyny moottorin vaimennukseen ja kiinnitt\u00e4miseen. Veneakselisto.com","og_url":"https:\/\/veneakselisto.com\/kauppa\/tuote\/metalastik-1609-65-kumityyny\/","og_site_name":"Veneakselisto.com - verkkokauppa","article_publisher":"https:\/\/www.facebook.com\/AlaMikkula\/","article_modified_time":"2025-11-10T07:21:10+00:00","og_image":[{"width":500,"height":500,"url":"https:\/\/veneakselisto.com\/kauppa\/wp-content\/uploads\/2018\/11\/1609-metalastik.jpg","type":"image\/jpeg"}],"twitter_card":"summary_large_image","twitter_misc":{"Arvioitu lukuaika":"2 minuuttia"},"schema":{"@context":"https:\/\/schema.org","@graph":[{"@type":"WebPage","@id":"https:\/\/veneakselisto.com\/kauppa\/tuote\/metalastik-1609-65-kumityyny\/","url":"https:\/\/veneakselisto.com\/kauppa\/tuote\/metalastik-1609-65-kumityyny\/","name":"Metalastik 1609\/65 kumityyny-Marine-parts","isPartOf":{"@id":"https:\/\/veneakselisto.com\/kauppa\/#website"},"primaryImageOfPage":{"@id":"https:\/\/veneakselisto.com\/kauppa\/tuote\/metalastik-1609-65-kumityyny\/#primaryimage"},"image":{"@id":"https:\/\/veneakselisto.com\/kauppa\/tuote\/metalastik-1609-65-kumityyny\/#primaryimage"},"thumbnailUrl":"https:\/\/i0.wp.com\/veneakselisto.com\/kauppa\/wp-content\/uploads\/2018\/11\/1609-metalastik.jpg?fit=500%2C500&ssl=1","datePublished":"2018-11-07T09:31:44+00:00","dateModified":"2025-11-10T07:21:10+00:00","description":"Metalastik 1609\/65 kumityyny. Laadukas Metalastik 1609 sarjan kumityyny moottorin vaimennukseen ja kiinnitt\u00e4miseen. Veneakselisto.com","breadcrumb":{"@id":"https:\/\/veneakselisto.com\/kauppa\/tuote\/metalastik-1609-65-kumityyny\/#breadcrumb"},"inLanguage":"fi","potentialAction":[{"@type":"ReadAction","target":["https:\/\/veneakselisto.com\/kauppa\/tuote\/metalastik-1609-65-kumityyny\/"]}]},{"@type":"ImageObject","inLanguage":"fi","@id":"https:\/\/veneakselisto.com\/kauppa\/tuote\/metalastik-1609-65-kumityyny\/#primaryimage","url":"https:\/\/i0.wp.com\/veneakselisto.com\/kauppa\/wp-content\/uploads\/2018\/11\/1609-metalastik.jpg?fit=500%2C500&ssl=1","contentUrl":"https:\/\/i0.wp.com\/veneakselisto.com\/kauppa\/wp-content\/uploads\/2018\/11\/1609-metalastik.jpg?fit=500%2C500&ssl=1","width":500,"height":500,"caption":"Merimoottoreiden kumityynyt toimittaa venetarvikkeiden erikoisliike-Venevaraosat.fi"},{"@type":"BreadcrumbList","@id":"https:\/\/veneakselisto.com\/kauppa\/tuote\/metalastik-1609-65-kumityyny\/#breadcrumb","itemListElement":[{"@type":"ListItem","position":1,"name":"Etusivu","item":"https:\/\/veneakselisto.com\/kauppa\/"},{"@type":"ListItem","position":2,"name":"Kauppa","item":"https:\/\/veneakselisto.com\/kauppa\/"},{"@type":"ListItem","position":3,"name":"Metalastik 1609\/65 kumityyny"}]},{"@type":"WebSite","@id":"https:\/\/veneakselisto.com\/kauppa\/#website","url":"https:\/\/veneakselisto.com\/kauppa\/","name":"Veneakselisto.com - verkkokauppa","description":"Venetarvikkeiden maahantuonti ja myynti","publisher":{"@id":"https:\/\/veneakselisto.com\/kauppa\/#organization"},"potentialAction":[{"@type":"SearchAction","target":{"@type":"EntryPoint","urlTemplate":"https:\/\/veneakselisto.com\/kauppa\/?s={search_term_string}"},"query-input":{"@type":"PropertyValueSpecification","valueRequired":true,"valueName":"search_term_string"}}],"inLanguage":"fi"},{"@type":"Organization","@id":"https:\/\/veneakselisto.com\/kauppa\/#organization","name":"Veneakselisto.com verkkokauppa","url":"https:\/\/veneakselisto.com\/kauppa\/","logo":{"@type":"ImageObject","inLanguage":"fi","@id":"https:\/\/veneakselisto.com\/kauppa\/#\/schema\/logo\/image\/","url":"https:\/\/i2.wp.com\/veneakselisto.com\/kauppa\/wp-content\/uploads\/2016\/06\/fb_icon.jpg?fit=327%2C327&ssl=1","contentUrl":"https:\/\/i2.wp.com\/veneakselisto.com\/kauppa\/wp-content\/uploads\/2016\/06\/fb_icon.jpg?fit=327%2C327&ssl=1","width":327,"height":327,"caption":"Veneakselisto.com verkkokauppa"},"image":{"@id":"https:\/\/veneakselisto.com\/kauppa\/#\/schema\/logo\/image\/"},"sameAs":["https:\/\/www.facebook.com\/AlaMikkula\/"]}]}},"jetpack_publicize_connections":[],"jetpack_sharing_enabled":true,"_links":{"self":[{"href":"https:\/\/veneakselisto.com\/kauppa\/wp-json\/wp\/v2\/product\/3419","targetHints":{"allow":["GET"]}}],"collection":[{"href":"https:\/\/veneakselisto.com\/kauppa\/wp-json\/wp\/v2\/product"}],"about":[{"href":"https:\/\/veneakselisto.com\/kauppa\/wp-json\/wp\/v2\/types\/product"}],"replies":[{"embeddable":true,"href":"https:\/\/veneakselisto.com\/kauppa\/wp-json\/wp\/v2\/comments?post=3419"}],"wp:featuredmedia":[{"embeddable":true,"href":"https:\/\/veneakselisto.com\/kauppa\/wp-json\/wp\/v2\/media\/7638"}],"wp:attachment":[{"href":"https:\/\/veneakselisto.com\/kauppa\/wp-json\/wp\/v2\/media?parent=3419"}],"wp:term":[{"taxonomy":"product_brand","embeddable":true,"href":"https:\/\/veneakselisto.com\/kauppa\/wp-json\/wp\/v2\/product_brand?post=3419"},{"taxonomy":"product_cat","embeddable":true,"href":"https:\/\/veneakselisto.com\/kauppa\/wp-json\/wp\/v2\/product_cat?post=3419"},{"taxonomy":"product_tag","embeddable":true,"href":"https:\/\/veneakselisto.com\/kauppa\/wp-json\/wp\/v2\/product_tag?post=3419"}],"curies":[{"name":"wp","href":"https:\/\/api.w.org\/{rel}","templated":true}]}}