{"id":332,"date":"2016-03-02T12:19:18","date_gmt":"2016-03-02T10:19:18","guid":{"rendered":"http:\/\/veneakselisto.com\/kauppa\/tuote\/siipipyora-b10-b14-b16-b20-b25-b28-b30-b35-ja-b38-moottoreihin\/"},"modified":"2026-03-09T14:32:35","modified_gmt":"2026-03-09T12:32:35","slug":"siipipyora-b10-b14-b16-b20-b25-b28-b30-b35-ja-b38-moottoreihin","status":"publish","type":"product","link":"https:\/\/veneakselisto.com\/kauppa\/tuote\/siipipyora-b10-b14-b16-b20-b25-b28-b30-b35-ja-b38-moottoreihin\/","title":{"rendered":"Siipipy\u00f6r\u00e4 Beta-Marin Beta10-Beta38 moottoreihin"},"content":{"rendered":"<div class=\"wpb-content-wrapper\"><p>[vc_row][vc_column][vc_column_text]Siipipy\u00f6r\u00e4 Beta-Marin Beta10-Beta38 moottoreihin<\/p>\n<p>Siipipy\u00f6r\u00e4 B10, B14, B16, B20, B25, B28, B30, B35 ja B38 moottoreihin[\/vc_column_text][\/vc_column][\/vc_row]<\/p>\n<p>Beta10, Beta14, Beta16, Beta20, Beta30, Beta35, Beta38<\/p>\n<\/div>","protected":false},"excerpt":{"rendered":"<p>Siipipy\u00f6r\u00e4 B10, B14, B16, B20, B25, B28, B30, B35 ja B38 moottoreihin. Vesipumpun kannentiiviste sis. toimitukseen<\/p>\n<p>Beta 10, Beta 14, Beta 16, Beta 20, Beta 30, Beta 35, Beta 38<\/p>\n","protected":false},"featured_media":5534,"comment_status":"open","ping_status":"closed","template":"","meta":{"jetpack_post_was_ever_published":false,"jetpack_publicize_message":"","jetpack_publicize_feature_enabled":true,"jetpack_social_post_already_shared":true,"jetpack_social_options":{"image_generator_settings":{"template":"highway","default_image_id":0,"font":"","enabled":false},"version":2}},"product_brand":[],"product_cat":[604,12,54,735,53,17,1056,52],"product_tag":[59,62,145],"class_list":{"0":"post-332","1":"product","2":"type-product","3":"status-publish","4":"has-post-thumbnail","6":"product_cat-beta_kubota_siipipyorat","7":"product_cat-beta-kubota_huolto-osat","8":"product_cat-johnson-pump","9":"product_cat-johnson_pump_siipipyorat","10":"product_cat-johnson-pump_siipipyorat","11":"product_cat-beta-kubota_muut","12":"product_cat-siipipyora-johnson-pump-sherwood-perkins","13":"product_cat-siipipyorat","14":"product_tag-beta-marine","15":"product_tag-huolto-osa","16":"product_tag-siipipyora","17":"brand-beta-marine","18":"brand-johnson-pump","20":"first","21":"instock","22":"sale","23":"taxable","24":"shipping-taxable","25":"purchasable","26":"product-type-simple"},"yoast_head":"<!-- This site is optimized with the Yoast SEO plugin v27.3 - https:\/\/yoast.com\/product\/yoast-seo-wordpress\/ -->\n<title>Siipipy\u00f6r\u00e4 Beta-Marin Beta10-Beta38 moottoreihin - Veneakselisto<\/title>\n<meta name=\"description\" content=\"Siipipy\u00f6r\u00e4 Beta-Marin Beta10-Beta38 moottoreihin. Tuotteen toimittaa aina edullinen Veneakselisto.com - Verkkokauppa\" \/>\n<meta name=\"robots\" content=\"index, follow, max-snippet:-1, max-image-preview:large, max-video-preview:-1\" \/>\n<link rel=\"canonical\" href=\"https:\/\/veneakselisto.com\/kauppa\/tuote\/siipipyora-b10-b14-b16-b20-b25-b28-b30-b35-ja-b38-moottoreihin\/\" \/>\n<meta property=\"og:locale\" content=\"fi_FI\" \/>\n<meta property=\"og:type\" content=\"article\" \/>\n<meta property=\"og:title\" content=\"Siipipy\u00f6r\u00e4 Beta-Marin Beta10-Beta38 moottoreihin - Veneakselisto\" \/>\n<meta property=\"og:description\" content=\"Siipipy\u00f6r\u00e4 Beta-Marin Beta10-Beta38 moottoreihin. Tuotteen toimittaa aina edullinen Veneakselisto.com - Verkkokauppa\" \/>\n<meta property=\"og:url\" content=\"https:\/\/veneakselisto.com\/kauppa\/tuote\/siipipyora-b10-b14-b16-b20-b25-b28-b30-b35-ja-b38-moottoreihin\/\" \/>\n<meta property=\"og:site_name\" content=\"Veneakselisto.com - verkkokauppa\" \/>\n<meta property=\"article:publisher\" content=\"https:\/\/www.facebook.com\/AlaMikkula\/\" \/>\n<meta property=\"article:modified_time\" content=\"2026-03-09T12:32:35+00:00\" \/>\n<meta property=\"og:image\" content=\"https:\/\/veneakselisto.com\/kauppa\/wp-content\/uploads\/2019\/09\/24880194.jpg\" \/>\n\t<meta property=\"og:image:width\" content=\"500\" \/>\n\t<meta property=\"og:image:height\" content=\"500\" \/>\n\t<meta property=\"og:image:type\" content=\"image\/jpeg\" \/>\n<meta name=\"twitter:card\" content=\"summary_large_image\" \/>\n<meta name=\"twitter:label1\" content=\"Arvioitu lukuaika\" \/>\n\t<meta name=\"twitter:data1\" content=\"1 minuutti\" \/>\n<script type=\"application\/ld+json\" class=\"yoast-schema-graph\">{\"@context\":\"https:\\\/\\\/schema.org\",\"@graph\":[{\"@type\":\"WebPage\",\"@id\":\"https:\\\/\\\/veneakselisto.com\\\/kauppa\\\/tuote\\\/siipipyora-b10-b14-b16-b20-b25-b28-b30-b35-ja-b38-moottoreihin\\\/\",\"url\":\"https:\\\/\\\/veneakselisto.com\\\/kauppa\\\/tuote\\\/siipipyora-b10-b14-b16-b20-b25-b28-b30-b35-ja-b38-moottoreihin\\\/\",\"name\":\"Siipipy\u00f6r\u00e4 Beta-Marin Beta10-Beta38 moottoreihin - Veneakselisto\",\"isPartOf\":{\"@id\":\"https:\\\/\\\/veneakselisto.com\\\/kauppa\\\/#website\"},\"primaryImageOfPage\":{\"@id\":\"https:\\\/\\\/veneakselisto.com\\\/kauppa\\\/tuote\\\/siipipyora-b10-b14-b16-b20-b25-b28-b30-b35-ja-b38-moottoreihin\\\/#primaryimage\"},\"image\":{\"@id\":\"https:\\\/\\\/veneakselisto.com\\\/kauppa\\\/tuote\\\/siipipyora-b10-b14-b16-b20-b25-b28-b30-b35-ja-b38-moottoreihin\\\/#primaryimage\"},\"thumbnailUrl\":\"https:\\\/\\\/i0.wp.com\\\/veneakselisto.com\\\/kauppa\\\/wp-content\\\/uploads\\\/2019\\\/09\\\/24880194.jpg?fit=500%2C500&ssl=1\",\"datePublished\":\"2016-03-02T10:19:18+00:00\",\"dateModified\":\"2026-03-09T12:32:35+00:00\",\"description\":\"Siipipy\u00f6r\u00e4 Beta-Marin Beta10-Beta38 moottoreihin. Tuotteen toimittaa aina edullinen Veneakselisto.com - Verkkokauppa\",\"breadcrumb\":{\"@id\":\"https:\\\/\\\/veneakselisto.com\\\/kauppa\\\/tuote\\\/siipipyora-b10-b14-b16-b20-b25-b28-b30-b35-ja-b38-moottoreihin\\\/#breadcrumb\"},\"inLanguage\":\"fi\",\"potentialAction\":[{\"@type\":\"ReadAction\",\"target\":[\"https:\\\/\\\/veneakselisto.com\\\/kauppa\\\/tuote\\\/siipipyora-b10-b14-b16-b20-b25-b28-b30-b35-ja-b38-moottoreihin\\\/\"]}]},{\"@type\":\"ImageObject\",\"inLanguage\":\"fi\",\"@id\":\"https:\\\/\\\/veneakselisto.com\\\/kauppa\\\/tuote\\\/siipipyora-b10-b14-b16-b20-b25-b28-b30-b35-ja-b38-moottoreihin\\\/#primaryimage\",\"url\":\"https:\\\/\\\/i0.wp.com\\\/veneakselisto.com\\\/kauppa\\\/wp-content\\\/uploads\\\/2019\\\/09\\\/24880194.jpg?fit=500%2C500&ssl=1\",\"contentUrl\":\"https:\\\/\\\/i0.wp.com\\\/veneakselisto.com\\\/kauppa\\\/wp-content\\\/uploads\\\/2019\\\/09\\\/24880194.jpg?fit=500%2C500&ssl=1\",\"width\":500,\"height\":500,\"caption\":\"Perkins siipipy\u00f6r\u00e4t toimittaa Veneakselisto.com\"},{\"@type\":\"BreadcrumbList\",\"@id\":\"https:\\\/\\\/veneakselisto.com\\\/kauppa\\\/tuote\\\/siipipyora-b10-b14-b16-b20-b25-b28-b30-b35-ja-b38-moottoreihin\\\/#breadcrumb\",\"itemListElement\":[{\"@type\":\"ListItem\",\"position\":1,\"name\":\"Etusivu\",\"item\":\"https:\\\/\\\/veneakselisto.com\\\/kauppa\\\/\"},{\"@type\":\"ListItem\",\"position\":2,\"name\":\"Kauppa\",\"item\":\"https:\\\/\\\/veneakselisto.com\\\/kauppa\\\/\"},{\"@type\":\"ListItem\",\"position\":3,\"name\":\"Siipipy\u00f6r\u00e4 Beta-Marin Beta10-Beta38 moottoreihin\"}]},{\"@type\":\"WebSite\",\"@id\":\"https:\\\/\\\/veneakselisto.com\\\/kauppa\\\/#website\",\"url\":\"https:\\\/\\\/veneakselisto.com\\\/kauppa\\\/\",\"name\":\"Veneakselisto.com - verkkokauppa\",\"description\":\"Venetarvikkeiden maahantuonti ja myynti\",\"publisher\":{\"@id\":\"https:\\\/\\\/veneakselisto.com\\\/kauppa\\\/#organization\"},\"potentialAction\":[{\"@type\":\"SearchAction\",\"target\":{\"@type\":\"EntryPoint\",\"urlTemplate\":\"https:\\\/\\\/veneakselisto.com\\\/kauppa\\\/?s={search_term_string}\"},\"query-input\":{\"@type\":\"PropertyValueSpecification\",\"valueRequired\":true,\"valueName\":\"search_term_string\"}}],\"inLanguage\":\"fi\"},{\"@type\":\"Organization\",\"@id\":\"https:\\\/\\\/veneakselisto.com\\\/kauppa\\\/#organization\",\"name\":\"Veneakselisto.com verkkokauppa\",\"url\":\"https:\\\/\\\/veneakselisto.com\\\/kauppa\\\/\",\"logo\":{\"@type\":\"ImageObject\",\"inLanguage\":\"fi\",\"@id\":\"https:\\\/\\\/veneakselisto.com\\\/kauppa\\\/#\\\/schema\\\/logo\\\/image\\\/\",\"url\":\"https:\\\/\\\/i2.wp.com\\\/veneakselisto.com\\\/kauppa\\\/wp-content\\\/uploads\\\/2016\\\/06\\\/fb_icon.jpg?fit=327%2C327&ssl=1\",\"contentUrl\":\"https:\\\/\\\/i2.wp.com\\\/veneakselisto.com\\\/kauppa\\\/wp-content\\\/uploads\\\/2016\\\/06\\\/fb_icon.jpg?fit=327%2C327&ssl=1\",\"width\":327,\"height\":327,\"caption\":\"Veneakselisto.com verkkokauppa\"},\"image\":{\"@id\":\"https:\\\/\\\/veneakselisto.com\\\/kauppa\\\/#\\\/schema\\\/logo\\\/image\\\/\"},\"sameAs\":[\"https:\\\/\\\/www.facebook.com\\\/AlaMikkula\\\/\"]}]}<\/script>\n<!-- \/ Yoast SEO plugin. -->","yoast_head_json":{"title":"Siipipy\u00f6r\u00e4 Beta-Marin Beta10-Beta38 moottoreihin - Veneakselisto","description":"Siipipy\u00f6r\u00e4 Beta-Marin Beta10-Beta38 moottoreihin. Tuotteen toimittaa aina edullinen Veneakselisto.com - Verkkokauppa","robots":{"index":"index","follow":"follow","max-snippet":"max-snippet:-1","max-image-preview":"max-image-preview:large","max-video-preview":"max-video-preview:-1"},"canonical":"https:\/\/veneakselisto.com\/kauppa\/tuote\/siipipyora-b10-b14-b16-b20-b25-b28-b30-b35-ja-b38-moottoreihin\/","og_locale":"fi_FI","og_type":"article","og_title":"Siipipy\u00f6r\u00e4 Beta-Marin Beta10-Beta38 moottoreihin - Veneakselisto","og_description":"Siipipy\u00f6r\u00e4 Beta-Marin Beta10-Beta38 moottoreihin. Tuotteen toimittaa aina edullinen Veneakselisto.com - Verkkokauppa","og_url":"https:\/\/veneakselisto.com\/kauppa\/tuote\/siipipyora-b10-b14-b16-b20-b25-b28-b30-b35-ja-b38-moottoreihin\/","og_site_name":"Veneakselisto.com - verkkokauppa","article_publisher":"https:\/\/www.facebook.com\/AlaMikkula\/","article_modified_time":"2026-03-09T12:32:35+00:00","og_image":[{"width":500,"height":500,"url":"https:\/\/veneakselisto.com\/kauppa\/wp-content\/uploads\/2019\/09\/24880194.jpg","type":"image\/jpeg"}],"twitter_card":"summary_large_image","twitter_misc":{"Arvioitu lukuaika":"1 minuutti"},"schema":{"@context":"https:\/\/schema.org","@graph":[{"@type":"WebPage","@id":"https:\/\/veneakselisto.com\/kauppa\/tuote\/siipipyora-b10-b14-b16-b20-b25-b28-b30-b35-ja-b38-moottoreihin\/","url":"https:\/\/veneakselisto.com\/kauppa\/tuote\/siipipyora-b10-b14-b16-b20-b25-b28-b30-b35-ja-b38-moottoreihin\/","name":"Siipipy\u00f6r\u00e4 Beta-Marin Beta10-Beta38 moottoreihin - Veneakselisto","isPartOf":{"@id":"https:\/\/veneakselisto.com\/kauppa\/#website"},"primaryImageOfPage":{"@id":"https:\/\/veneakselisto.com\/kauppa\/tuote\/siipipyora-b10-b14-b16-b20-b25-b28-b30-b35-ja-b38-moottoreihin\/#primaryimage"},"image":{"@id":"https:\/\/veneakselisto.com\/kauppa\/tuote\/siipipyora-b10-b14-b16-b20-b25-b28-b30-b35-ja-b38-moottoreihin\/#primaryimage"},"thumbnailUrl":"https:\/\/i0.wp.com\/veneakselisto.com\/kauppa\/wp-content\/uploads\/2019\/09\/24880194.jpg?fit=500%2C500&ssl=1","datePublished":"2016-03-02T10:19:18+00:00","dateModified":"2026-03-09T12:32:35+00:00","description":"Siipipy\u00f6r\u00e4 Beta-Marin Beta10-Beta38 moottoreihin. Tuotteen toimittaa aina edullinen Veneakselisto.com - Verkkokauppa","breadcrumb":{"@id":"https:\/\/veneakselisto.com\/kauppa\/tuote\/siipipyora-b10-b14-b16-b20-b25-b28-b30-b35-ja-b38-moottoreihin\/#breadcrumb"},"inLanguage":"fi","potentialAction":[{"@type":"ReadAction","target":["https:\/\/veneakselisto.com\/kauppa\/tuote\/siipipyora-b10-b14-b16-b20-b25-b28-b30-b35-ja-b38-moottoreihin\/"]}]},{"@type":"ImageObject","inLanguage":"fi","@id":"https:\/\/veneakselisto.com\/kauppa\/tuote\/siipipyora-b10-b14-b16-b20-b25-b28-b30-b35-ja-b38-moottoreihin\/#primaryimage","url":"https:\/\/i0.wp.com\/veneakselisto.com\/kauppa\/wp-content\/uploads\/2019\/09\/24880194.jpg?fit=500%2C500&ssl=1","contentUrl":"https:\/\/i0.wp.com\/veneakselisto.com\/kauppa\/wp-content\/uploads\/2019\/09\/24880194.jpg?fit=500%2C500&ssl=1","width":500,"height":500,"caption":"Perkins siipipy\u00f6r\u00e4t toimittaa Veneakselisto.com"},{"@type":"BreadcrumbList","@id":"https:\/\/veneakselisto.com\/kauppa\/tuote\/siipipyora-b10-b14-b16-b20-b25-b28-b30-b35-ja-b38-moottoreihin\/#breadcrumb","itemListElement":[{"@type":"ListItem","position":1,"name":"Etusivu","item":"https:\/\/veneakselisto.com\/kauppa\/"},{"@type":"ListItem","position":2,"name":"Kauppa","item":"https:\/\/veneakselisto.com\/kauppa\/"},{"@type":"ListItem","position":3,"name":"Siipipy\u00f6r\u00e4 Beta-Marin Beta10-Beta38 moottoreihin"}]},{"@type":"WebSite","@id":"https:\/\/veneakselisto.com\/kauppa\/#website","url":"https:\/\/veneakselisto.com\/kauppa\/","name":"Veneakselisto.com - verkkokauppa","description":"Venetarvikkeiden maahantuonti ja myynti","publisher":{"@id":"https:\/\/veneakselisto.com\/kauppa\/#organization"},"potentialAction":[{"@type":"SearchAction","target":{"@type":"EntryPoint","urlTemplate":"https:\/\/veneakselisto.com\/kauppa\/?s={search_term_string}"},"query-input":{"@type":"PropertyValueSpecification","valueRequired":true,"valueName":"search_term_string"}}],"inLanguage":"fi"},{"@type":"Organization","@id":"https:\/\/veneakselisto.com\/kauppa\/#organization","name":"Veneakselisto.com verkkokauppa","url":"https:\/\/veneakselisto.com\/kauppa\/","logo":{"@type":"ImageObject","inLanguage":"fi","@id":"https:\/\/veneakselisto.com\/kauppa\/#\/schema\/logo\/image\/","url":"https:\/\/i2.wp.com\/veneakselisto.com\/kauppa\/wp-content\/uploads\/2016\/06\/fb_icon.jpg?fit=327%2C327&ssl=1","contentUrl":"https:\/\/i2.wp.com\/veneakselisto.com\/kauppa\/wp-content\/uploads\/2016\/06\/fb_icon.jpg?fit=327%2C327&ssl=1","width":327,"height":327,"caption":"Veneakselisto.com verkkokauppa"},"image":{"@id":"https:\/\/veneakselisto.com\/kauppa\/#\/schema\/logo\/image\/"},"sameAs":["https:\/\/www.facebook.com\/AlaMikkula\/"]}]}},"jetpack_publicize_connections":[],"jetpack_sharing_enabled":true,"_links":{"self":[{"href":"https:\/\/veneakselisto.com\/kauppa\/wp-json\/wp\/v2\/product\/332","targetHints":{"allow":["GET"]}}],"collection":[{"href":"https:\/\/veneakselisto.com\/kauppa\/wp-json\/wp\/v2\/product"}],"about":[{"href":"https:\/\/veneakselisto.com\/kauppa\/wp-json\/wp\/v2\/types\/product"}],"replies":[{"embeddable":true,"href":"https:\/\/veneakselisto.com\/kauppa\/wp-json\/wp\/v2\/comments?post=332"}],"wp:featuredmedia":[{"embeddable":true,"href":"https:\/\/veneakselisto.com\/kauppa\/wp-json\/wp\/v2\/media\/5534"}],"wp:attachment":[{"href":"https:\/\/veneakselisto.com\/kauppa\/wp-json\/wp\/v2\/media?parent=332"}],"wp:term":[{"taxonomy":"product_brand","embeddable":true,"href":"https:\/\/veneakselisto.com\/kauppa\/wp-json\/wp\/v2\/product_brand?post=332"},{"taxonomy":"product_cat","embeddable":true,"href":"https:\/\/veneakselisto.com\/kauppa\/wp-json\/wp\/v2\/product_cat?post=332"},{"taxonomy":"product_tag","embeddable":true,"href":"https:\/\/veneakselisto.com\/kauppa\/wp-json\/wp\/v2\/product_tag?post=332"}],"curies":[{"name":"wp","href":"https:\/\/api.w.org\/{rel}","templated":true}]}}