{"id":31,"date":"2015-11-28T18:39:58","date_gmt":"2015-11-28T16:39:58","guid":{"rendered":"http:\/\/veneakselistocom.test.mngd.fi\/kauppa\/tuote\/sinkkianodi-beta-10-14-20-25-kopio\/"},"modified":"2024-10-03T09:01:59","modified_gmt":"2024-10-03T06:01:59","slug":"sinkkianodi-beta-10-14-20-25-kopio","status":"publish","type":"product","link":"https:\/\/veneakselisto.com\/kauppa\/tuote\/sinkkianodi-beta-10-14-20-25-kopio\/","title":{"rendered":"Sinkkianodi kaikkiin Beta merimoottoreihin"},"content":{"rendered":"<div class=\"wpb-content-wrapper\"><p>[vc_row][vc_column][vc_column_text]Sinkkianodi kaikkiin Beta merimoottoreihin<\/p>\n<p>209-61840<\/p>\n<p>Alkuper\u00e4inen ja oikea Beta-Marine sinkkianodi kaikkiin Beta merimoottoreihin.<\/p>\n<p>Beta10, Beta14, Beta16, Beta20, Beta25, Beta30, Beta35, Beta43, Beta50, Beta60, Beta75, Beta90<\/p>\n<p>[\/vc_column_text][\/vc_column][\/vc_row][vc_row][vc_column][vc_column_text]<a href=\"http:\/\/www.veneakselisto.com\/pdf\/2011\/beta10-25ohjekirja11.pdf\" target=\"_blank\" rel=\"noopener noreferrer\">Beta Marine 10-25 hv ohjekirja (suomeksi)<\/a>[\/vc_column_text][\/vc_column][\/vc_row]<\/p>\n<\/div>","protected":false},"excerpt":{"rendered":"<p>Sinkkianodi kaikkiin Beta merimoottoreihin<\/p>\n<p>209-61840<\/p>\n<p>Beta 10, Beta 14, Beta 16, Beta 20, Beta 25, Beta 30, Beta 35, Beta 43, Beta 50, Beta 60, Beta 75, Beta 90<\/p>\n<p>Alkuper\u00e4inen ja oikea Beta-Marine sinkkianodi kaikkiin Beta merimoottoreihin. Tarkista sinkkianodi s\u00e4\u00e4nn\u00f6llisesti ja vaihda tarvittaessa.<\/p>\n","protected":false},"featured_media":8437,"comment_status":"open","ping_status":"closed","template":"","meta":{"jetpack_post_was_ever_published":false,"jetpack_publicize_message":"","jetpack_publicize_feature_enabled":true,"jetpack_social_post_already_shared":false,"jetpack_social_options":{"image_generator_settings":{"template":"highway","default_image_id":0,"font":"","enabled":false},"version":2}},"product_brand":[],"product_cat":[16],"product_tag":[59,62,67],"class_list":{"0":"post-31","1":"product","2":"type-product","3":"status-publish","4":"has-post-thumbnail","6":"product_cat-beta-kubota_sinkkianodit","7":"product_tag-beta-marine","8":"product_tag-huolto-osa","9":"product_tag-sinkkianodi","10":"brand-beta-marine","12":"first","13":"instock","14":"taxable","15":"shipping-taxable","16":"purchasable","17":"product-type-simple"},"yoast_head":"<!-- This site is optimized with the Yoast SEO plugin v27.3 - https:\/\/yoast.com\/product\/yoast-seo-wordpress\/ -->\n<title>Sinkkianodi kaikkiin Beta merimoottoreihin - Veneakselisto.com<\/title>\n<meta name=\"description\" content=\"Sinkkianodi kaikkiin Beta merimoottoreihin. Tuotteen toimittaa aina edullinen Veneakselisto.com - Venetarvikkeiden maahantuonti ja myynti.\" \/>\n<meta name=\"robots\" content=\"index, follow, max-snippet:-1, max-image-preview:large, max-video-preview:-1\" \/>\n<link rel=\"canonical\" href=\"https:\/\/veneakselisto.com\/kauppa\/tuote\/sinkkianodi-beta-10-14-20-25-kopio\/\" \/>\n<meta property=\"og:locale\" content=\"fi_FI\" \/>\n<meta property=\"og:type\" content=\"article\" \/>\n<meta property=\"og:title\" content=\"Sinkkianodi kaikkiin Beta merimoottoreihin - Veneakselisto.com\" \/>\n<meta property=\"og:description\" content=\"Sinkkianodi kaikkiin Beta merimoottoreihin. Tuotteen toimittaa aina edullinen Veneakselisto.com - Venetarvikkeiden maahantuonti ja myynti.\" \/>\n<meta property=\"og:url\" content=\"https:\/\/veneakselisto.com\/kauppa\/tuote\/sinkkianodi-beta-10-14-20-25-kopio\/\" \/>\n<meta property=\"og:site_name\" content=\"Veneakselisto.com - verkkokauppa\" \/>\n<meta property=\"article:publisher\" content=\"https:\/\/www.facebook.com\/AlaMikkula\/\" \/>\n<meta property=\"article:modified_time\" content=\"2024-10-03T06:01:59+00:00\" \/>\n<meta property=\"og:image\" content=\"https:\/\/veneakselisto.com\/kauppa\/wp-content\/uploads\/2015\/11\/209-61840.jpg\" \/>\n\t<meta property=\"og:image:width\" content=\"500\" \/>\n\t<meta property=\"og:image:height\" content=\"500\" \/>\n\t<meta property=\"og:image:type\" content=\"image\/jpeg\" \/>\n<meta name=\"twitter:card\" content=\"summary_large_image\" \/>\n<meta name=\"twitter:label1\" content=\"Arvioitu lukuaika\" \/>\n\t<meta name=\"twitter:data1\" content=\"1 minuutti\" \/>\n<script type=\"application\/ld+json\" class=\"yoast-schema-graph\">{\"@context\":\"https:\\\/\\\/schema.org\",\"@graph\":[{\"@type\":\"WebPage\",\"@id\":\"https:\\\/\\\/veneakselisto.com\\\/kauppa\\\/tuote\\\/sinkkianodi-beta-10-14-20-25-kopio\\\/\",\"url\":\"https:\\\/\\\/veneakselisto.com\\\/kauppa\\\/tuote\\\/sinkkianodi-beta-10-14-20-25-kopio\\\/\",\"name\":\"Sinkkianodi kaikkiin Beta merimoottoreihin - Veneakselisto.com\",\"isPartOf\":{\"@id\":\"https:\\\/\\\/veneakselisto.com\\\/kauppa\\\/#website\"},\"primaryImageOfPage\":{\"@id\":\"https:\\\/\\\/veneakselisto.com\\\/kauppa\\\/tuote\\\/sinkkianodi-beta-10-14-20-25-kopio\\\/#primaryimage\"},\"image\":{\"@id\":\"https:\\\/\\\/veneakselisto.com\\\/kauppa\\\/tuote\\\/sinkkianodi-beta-10-14-20-25-kopio\\\/#primaryimage\"},\"thumbnailUrl\":\"https:\\\/\\\/i0.wp.com\\\/veneakselisto.com\\\/kauppa\\\/wp-content\\\/uploads\\\/2015\\\/11\\\/209-61840.jpg?fit=500%2C500&ssl=1\",\"datePublished\":\"2015-11-28T16:39:58+00:00\",\"dateModified\":\"2024-10-03T06:01:59+00:00\",\"description\":\"Sinkkianodi kaikkiin Beta merimoottoreihin. Tuotteen toimittaa aina edullinen Veneakselisto.com - Venetarvikkeiden maahantuonti ja myynti.\",\"breadcrumb\":{\"@id\":\"https:\\\/\\\/veneakselisto.com\\\/kauppa\\\/tuote\\\/sinkkianodi-beta-10-14-20-25-kopio\\\/#breadcrumb\"},\"inLanguage\":\"fi\",\"potentialAction\":[{\"@type\":\"ReadAction\",\"target\":[\"https:\\\/\\\/veneakselisto.com\\\/kauppa\\\/tuote\\\/sinkkianodi-beta-10-14-20-25-kopio\\\/\"]}]},{\"@type\":\"ImageObject\",\"inLanguage\":\"fi\",\"@id\":\"https:\\\/\\\/veneakselisto.com\\\/kauppa\\\/tuote\\\/sinkkianodi-beta-10-14-20-25-kopio\\\/#primaryimage\",\"url\":\"https:\\\/\\\/i0.wp.com\\\/veneakselisto.com\\\/kauppa\\\/wp-content\\\/uploads\\\/2015\\\/11\\\/209-61840.jpg?fit=500%2C500&ssl=1\",\"contentUrl\":\"https:\\\/\\\/i0.wp.com\\\/veneakselisto.com\\\/kauppa\\\/wp-content\\\/uploads\\\/2015\\\/11\\\/209-61840.jpg?fit=500%2C500&ssl=1\",\"width\":500,\"height\":500,\"caption\":\"Beta Marine Kubota varaosat toimittaa venetarvikkeiden erikoisliike-Veneakselisto.com\"},{\"@type\":\"BreadcrumbList\",\"@id\":\"https:\\\/\\\/veneakselisto.com\\\/kauppa\\\/tuote\\\/sinkkianodi-beta-10-14-20-25-kopio\\\/#breadcrumb\",\"itemListElement\":[{\"@type\":\"ListItem\",\"position\":1,\"name\":\"Etusivu\",\"item\":\"https:\\\/\\\/veneakselisto.com\\\/kauppa\\\/\"},{\"@type\":\"ListItem\",\"position\":2,\"name\":\"Kauppa\",\"item\":\"https:\\\/\\\/veneakselisto.com\\\/kauppa\\\/\"},{\"@type\":\"ListItem\",\"position\":3,\"name\":\"Sinkkianodi kaikkiin Beta merimoottoreihin\"}]},{\"@type\":\"WebSite\",\"@id\":\"https:\\\/\\\/veneakselisto.com\\\/kauppa\\\/#website\",\"url\":\"https:\\\/\\\/veneakselisto.com\\\/kauppa\\\/\",\"name\":\"Veneakselisto.com - verkkokauppa\",\"description\":\"Venetarvikkeiden maahantuonti ja myynti\",\"publisher\":{\"@id\":\"https:\\\/\\\/veneakselisto.com\\\/kauppa\\\/#organization\"},\"potentialAction\":[{\"@type\":\"SearchAction\",\"target\":{\"@type\":\"EntryPoint\",\"urlTemplate\":\"https:\\\/\\\/veneakselisto.com\\\/kauppa\\\/?s={search_term_string}\"},\"query-input\":{\"@type\":\"PropertyValueSpecification\",\"valueRequired\":true,\"valueName\":\"search_term_string\"}}],\"inLanguage\":\"fi\"},{\"@type\":\"Organization\",\"@id\":\"https:\\\/\\\/veneakselisto.com\\\/kauppa\\\/#organization\",\"name\":\"Veneakselisto.com verkkokauppa\",\"url\":\"https:\\\/\\\/veneakselisto.com\\\/kauppa\\\/\",\"logo\":{\"@type\":\"ImageObject\",\"inLanguage\":\"fi\",\"@id\":\"https:\\\/\\\/veneakselisto.com\\\/kauppa\\\/#\\\/schema\\\/logo\\\/image\\\/\",\"url\":\"https:\\\/\\\/i2.wp.com\\\/veneakselisto.com\\\/kauppa\\\/wp-content\\\/uploads\\\/2016\\\/06\\\/fb_icon.jpg?fit=327%2C327&ssl=1\",\"contentUrl\":\"https:\\\/\\\/i2.wp.com\\\/veneakselisto.com\\\/kauppa\\\/wp-content\\\/uploads\\\/2016\\\/06\\\/fb_icon.jpg?fit=327%2C327&ssl=1\",\"width\":327,\"height\":327,\"caption\":\"Veneakselisto.com verkkokauppa\"},\"image\":{\"@id\":\"https:\\\/\\\/veneakselisto.com\\\/kauppa\\\/#\\\/schema\\\/logo\\\/image\\\/\"},\"sameAs\":[\"https:\\\/\\\/www.facebook.com\\\/AlaMikkula\\\/\"]}]}<\/script>\n<!-- \/ Yoast SEO plugin. -->","yoast_head_json":{"title":"Sinkkianodi kaikkiin Beta merimoottoreihin - Veneakselisto.com","description":"Sinkkianodi kaikkiin Beta merimoottoreihin. Tuotteen toimittaa aina edullinen Veneakselisto.com - Venetarvikkeiden maahantuonti ja myynti.","robots":{"index":"index","follow":"follow","max-snippet":"max-snippet:-1","max-image-preview":"max-image-preview:large","max-video-preview":"max-video-preview:-1"},"canonical":"https:\/\/veneakselisto.com\/kauppa\/tuote\/sinkkianodi-beta-10-14-20-25-kopio\/","og_locale":"fi_FI","og_type":"article","og_title":"Sinkkianodi kaikkiin Beta merimoottoreihin - Veneakselisto.com","og_description":"Sinkkianodi kaikkiin Beta merimoottoreihin. Tuotteen toimittaa aina edullinen Veneakselisto.com - Venetarvikkeiden maahantuonti ja myynti.","og_url":"https:\/\/veneakselisto.com\/kauppa\/tuote\/sinkkianodi-beta-10-14-20-25-kopio\/","og_site_name":"Veneakselisto.com - verkkokauppa","article_publisher":"https:\/\/www.facebook.com\/AlaMikkula\/","article_modified_time":"2024-10-03T06:01:59+00:00","og_image":[{"width":500,"height":500,"url":"https:\/\/veneakselisto.com\/kauppa\/wp-content\/uploads\/2015\/11\/209-61840.jpg","type":"image\/jpeg"}],"twitter_card":"summary_large_image","twitter_misc":{"Arvioitu lukuaika":"1 minuutti"},"schema":{"@context":"https:\/\/schema.org","@graph":[{"@type":"WebPage","@id":"https:\/\/veneakselisto.com\/kauppa\/tuote\/sinkkianodi-beta-10-14-20-25-kopio\/","url":"https:\/\/veneakselisto.com\/kauppa\/tuote\/sinkkianodi-beta-10-14-20-25-kopio\/","name":"Sinkkianodi kaikkiin Beta merimoottoreihin - Veneakselisto.com","isPartOf":{"@id":"https:\/\/veneakselisto.com\/kauppa\/#website"},"primaryImageOfPage":{"@id":"https:\/\/veneakselisto.com\/kauppa\/tuote\/sinkkianodi-beta-10-14-20-25-kopio\/#primaryimage"},"image":{"@id":"https:\/\/veneakselisto.com\/kauppa\/tuote\/sinkkianodi-beta-10-14-20-25-kopio\/#primaryimage"},"thumbnailUrl":"https:\/\/i0.wp.com\/veneakselisto.com\/kauppa\/wp-content\/uploads\/2015\/11\/209-61840.jpg?fit=500%2C500&ssl=1","datePublished":"2015-11-28T16:39:58+00:00","dateModified":"2024-10-03T06:01:59+00:00","description":"Sinkkianodi kaikkiin Beta merimoottoreihin. Tuotteen toimittaa aina edullinen Veneakselisto.com - Venetarvikkeiden maahantuonti ja myynti.","breadcrumb":{"@id":"https:\/\/veneakselisto.com\/kauppa\/tuote\/sinkkianodi-beta-10-14-20-25-kopio\/#breadcrumb"},"inLanguage":"fi","potentialAction":[{"@type":"ReadAction","target":["https:\/\/veneakselisto.com\/kauppa\/tuote\/sinkkianodi-beta-10-14-20-25-kopio\/"]}]},{"@type":"ImageObject","inLanguage":"fi","@id":"https:\/\/veneakselisto.com\/kauppa\/tuote\/sinkkianodi-beta-10-14-20-25-kopio\/#primaryimage","url":"https:\/\/i0.wp.com\/veneakselisto.com\/kauppa\/wp-content\/uploads\/2015\/11\/209-61840.jpg?fit=500%2C500&ssl=1","contentUrl":"https:\/\/i0.wp.com\/veneakselisto.com\/kauppa\/wp-content\/uploads\/2015\/11\/209-61840.jpg?fit=500%2C500&ssl=1","width":500,"height":500,"caption":"Beta Marine Kubota varaosat toimittaa venetarvikkeiden erikoisliike-Veneakselisto.com"},{"@type":"BreadcrumbList","@id":"https:\/\/veneakselisto.com\/kauppa\/tuote\/sinkkianodi-beta-10-14-20-25-kopio\/#breadcrumb","itemListElement":[{"@type":"ListItem","position":1,"name":"Etusivu","item":"https:\/\/veneakselisto.com\/kauppa\/"},{"@type":"ListItem","position":2,"name":"Kauppa","item":"https:\/\/veneakselisto.com\/kauppa\/"},{"@type":"ListItem","position":3,"name":"Sinkkianodi kaikkiin Beta merimoottoreihin"}]},{"@type":"WebSite","@id":"https:\/\/veneakselisto.com\/kauppa\/#website","url":"https:\/\/veneakselisto.com\/kauppa\/","name":"Veneakselisto.com - verkkokauppa","description":"Venetarvikkeiden maahantuonti ja myynti","publisher":{"@id":"https:\/\/veneakselisto.com\/kauppa\/#organization"},"potentialAction":[{"@type":"SearchAction","target":{"@type":"EntryPoint","urlTemplate":"https:\/\/veneakselisto.com\/kauppa\/?s={search_term_string}"},"query-input":{"@type":"PropertyValueSpecification","valueRequired":true,"valueName":"search_term_string"}}],"inLanguage":"fi"},{"@type":"Organization","@id":"https:\/\/veneakselisto.com\/kauppa\/#organization","name":"Veneakselisto.com verkkokauppa","url":"https:\/\/veneakselisto.com\/kauppa\/","logo":{"@type":"ImageObject","inLanguage":"fi","@id":"https:\/\/veneakselisto.com\/kauppa\/#\/schema\/logo\/image\/","url":"https:\/\/i2.wp.com\/veneakselisto.com\/kauppa\/wp-content\/uploads\/2016\/06\/fb_icon.jpg?fit=327%2C327&ssl=1","contentUrl":"https:\/\/i2.wp.com\/veneakselisto.com\/kauppa\/wp-content\/uploads\/2016\/06\/fb_icon.jpg?fit=327%2C327&ssl=1","width":327,"height":327,"caption":"Veneakselisto.com verkkokauppa"},"image":{"@id":"https:\/\/veneakselisto.com\/kauppa\/#\/schema\/logo\/image\/"},"sameAs":["https:\/\/www.facebook.com\/AlaMikkula\/"]}]}},"jetpack_publicize_connections":[],"jetpack_sharing_enabled":true,"_links":{"self":[{"href":"https:\/\/veneakselisto.com\/kauppa\/wp-json\/wp\/v2\/product\/31","targetHints":{"allow":["GET"]}}],"collection":[{"href":"https:\/\/veneakselisto.com\/kauppa\/wp-json\/wp\/v2\/product"}],"about":[{"href":"https:\/\/veneakselisto.com\/kauppa\/wp-json\/wp\/v2\/types\/product"}],"replies":[{"embeddable":true,"href":"https:\/\/veneakselisto.com\/kauppa\/wp-json\/wp\/v2\/comments?post=31"}],"wp:featuredmedia":[{"embeddable":true,"href":"https:\/\/veneakselisto.com\/kauppa\/wp-json\/wp\/v2\/media\/8437"}],"wp:attachment":[{"href":"https:\/\/veneakselisto.com\/kauppa\/wp-json\/wp\/v2\/media?parent=31"}],"wp:term":[{"taxonomy":"product_brand","embeddable":true,"href":"https:\/\/veneakselisto.com\/kauppa\/wp-json\/wp\/v2\/product_brand?post=31"},{"taxonomy":"product_cat","embeddable":true,"href":"https:\/\/veneakselisto.com\/kauppa\/wp-json\/wp\/v2\/product_cat?post=31"},{"taxonomy":"product_tag","embeddable":true,"href":"https:\/\/veneakselisto.com\/kauppa\/wp-json\/wp\/v2\/product_tag?post=31"}],"curies":[{"name":"wp","href":"https:\/\/api.w.org\/{rel}","templated":true}]}}