{"id":3069,"date":"2018-05-20T03:25:08","date_gmt":"2018-05-20T00:25:08","guid":{"rendered":"https:\/\/veneakselisto.com\/kauppa\/?post_type=product&#038;p=3069"},"modified":"2025-11-04T14:30:31","modified_gmt":"2025-11-04T12:30:31","slug":"starttimoottori-d4-d6-volvo-penta-merimoottoreihin","status":"publish","type":"product","link":"https:\/\/veneakselisto.com\/kauppa\/tuote\/starttimoottori-d4-d6-volvo-penta-merimoottoreihin\/","title":{"rendered":"Starttimoottori D4-D6 Volvo Penta merimoottoreihin"},"content":{"rendered":"<p>Starttimoottori D4-D6 Volvo Penta merimoottoreihin<\/p>\n<p>OEM nr: 21423488 \u00a03588491\u00a0 3801296\u00a0 3803648\u00a0 \u00a03803855\u00a0 \u00a03803938\u00a0 \u00a0874501<\/p>\n<p>Valmistaja RECMar. <span style=\"color: #ff0000;\">Ainoastaan Tehdastoimituksena 2-5pv normaalisti<\/span><\/p>\n<p>12V<br \/>\n11-hampainen<br \/>\nKierto: my\u00f6t\u00e4p\u00e4iv\u00e4\u00e4n<br \/>\n3.6kW<\/p>\n<p>Sopivuus:<\/p>\n<p>D4-180I-B, D4-180I-C, D4-180I-D, D4-180I-E,<br \/>\nD4-210A-A, D4-210A-B, D4-210I-A, D4-210I-B,<br \/>\nD4-225A-B, D4-225A-C, D4-225A-D, D4-I-B,<br \/>\nD4-225I-C, D4-225I-D, D4-225A-E, D4-225I-E,<br \/>\nD4-260A-A, D4-260A-B, D4-260A-C, D4-260A-D,<br \/>\nD4-260D-B, D4-260D-C, D4-260D-D, D4-260I-A,<br \/>\nD4-260I-B, D4-260I-C, D4-260I-D, D4-260A-E, D4-260D-E, D4-260I-E<\/p>\n<p>D4-300A-A, D4-300A-C, D4-300A-D, D4-300D-A,<br \/>\nD4-300D-C, D4-300I-A, D4-300I-C, D4-300I-D,<br \/>\nD4-300A-E, D4-300D-E, D4-300D-D, D4-300I-E<br \/>\nD6-280A-A, D6-280A-B, D6-280A-C, D6-280A-D<br \/>\nD6-280A-E, D6-280I-A, D6-280I-B, D6-280I-C<br \/>\nD6-280I-D, D6-280I-E<br \/>\nD6-310I-A, D6-310A-A, D6-310A-B, D6-310A-C<br \/>\nD6-310A-D, D6-310D-B, D6-310D-C, D6-310D-D<br \/>\nD6-310I-B, D6-310I-C, D6-310I-D, D6-310A-E<br \/>\nD6-310D-E, D6-310I-E<br \/>\nD6-330A-B, D6-330A-C, D6-330A-D, D6-330D-B<br \/>\nD6-330D-C, D6-330D-D, D6-330I-B, D6-330I-C<br \/>\nD6-330I-D, D6-330A-E, D6-330D-E, D6-330I-E<br \/>\nD6-350A-A, D6-350A-B,<br \/>\nD6-370A-B, D6-370A-C, D6-370A-D, D6-370D-B,<br \/>\nD6-370D-C, D6-370D-D, D6-370I-A, D6-370I-B,<br \/>\nD6-370I-C, D6-370I-D, D6-370A-E, D6-370D-E<br \/>\nD6-370I-E,<br \/>\nD6-400A-E,<br \/>\nD6-435D-A, D6-435D-D, D6-435D-C, D6-435D-E<br \/>\nD6-435I-A, D6-435I-C, D6-435I-D, D6-435I-E<\/p>\n<p>Starttimoottori D4-D6 Volvo Penta merimoottoreihin<\/p>\n","protected":false},"excerpt":{"rendered":"<p>Starttimoottori D4-D6 Volvo Penta merimoottoreihin<\/p>\n<p>OEM nr: 21423488 \u00a03588491\u00a0 3801296\u00a0 3803648\u00a0 \u00a03803855\u00a0 \u00a03803938\u00a0 \u00a0874501<\/p>\n<p>Valmistaja RECMar.<\/p>\n<p><strong><span style=\"color: #ff0000;\">Ainoastaan Tehdastoimituksena 2-5pv normaalisti.<\/span><\/strong><\/p>\n","protected":false},"featured_media":23437,"comment_status":"open","ping_status":"closed","template":"","meta":{"jetpack_post_was_ever_published":false,"jetpack_publicize_message":"","jetpack_publicize_feature_enabled":true,"jetpack_social_post_already_shared":true,"jetpack_social_options":{"image_generator_settings":{"template":"highway","default_image_id":0,"font":"","enabled":false},"version":2}},"product_brand":[],"product_cat":[420,269],"product_tag":[267,266,421,324],"class_list":{"0":"post-3069","1":"product","2":"type-product","3":"status-publish","4":"has-post-thumbnail","6":"product_cat-starttimoottorit","7":"product_cat-volvo-penta-varaosat-houlto-osat","8":"product_tag-huolto-osat","9":"product_tag-orbitrade-marine","10":"product_tag-starttimoottori","11":"product_tag-volvo-penta","12":"brand-recmar","14":"first","15":"onbackorder","16":"taxable","17":"shipping-taxable","18":"purchasable","19":"product-type-simple"},"yoast_head":"<!-- This site is optimized with the Yoast SEO plugin v27.3 - https:\/\/yoast.com\/product\/yoast-seo-wordpress\/ -->\n<title>Starttimoottori D4-D6 Volvo Penta merimoottoreihin-Veneakselisto<\/title>\n<meta name=\"description\" content=\"Starttimoottori D4-D6 Volvo Penta merimoottoreihin -Volvo Penta starttimoottorit- sinulle myy ja toimittaa Veneakselisto.com-verkkokauppa\" \/>\n<meta name=\"robots\" content=\"index, follow, max-snippet:-1, max-image-preview:large, max-video-preview:-1\" \/>\n<link rel=\"canonical\" href=\"https:\/\/veneakselisto.com\/kauppa\/tuote\/starttimoottori-d4-d6-volvo-penta-merimoottoreihin\/\" \/>\n<meta property=\"og:locale\" content=\"fi_FI\" \/>\n<meta property=\"og:type\" content=\"article\" \/>\n<meta property=\"og:title\" content=\"Starttimoottori D4-D6 Volvo Penta merimoottoreihin-Veneakselisto\" \/>\n<meta property=\"og:description\" content=\"Starttimoottori D4-D6 Volvo Penta merimoottoreihin -Volvo Penta starttimoottorit- sinulle myy ja toimittaa Veneakselisto.com-verkkokauppa\" \/>\n<meta property=\"og:url\" content=\"https:\/\/veneakselisto.com\/kauppa\/tuote\/starttimoottori-d4-d6-volvo-penta-merimoottoreihin\/\" \/>\n<meta property=\"og:site_name\" content=\"Veneakselisto.com - verkkokauppa\" \/>\n<meta property=\"article:publisher\" content=\"https:\/\/www.facebook.com\/AlaMikkula\/\" \/>\n<meta property=\"article:modified_time\" content=\"2025-11-04T12:30:31+00:00\" \/>\n<meta property=\"og:image\" content=\"https:\/\/veneakselisto.com\/kauppa\/wp-content\/uploads\/2018\/05\/Volvo-Penta-D4-D6-starttimoottori.png\" \/>\n\t<meta property=\"og:image:width\" content=\"500\" \/>\n\t<meta property=\"og:image:height\" content=\"500\" \/>\n\t<meta property=\"og:image:type\" content=\"image\/png\" \/>\n<meta name=\"twitter:card\" content=\"summary_large_image\" \/>\n<meta name=\"twitter:label1\" content=\"Arvioitu lukuaika\" \/>\n\t<meta name=\"twitter:data1\" content=\"1 minuutti\" \/>\n<script type=\"application\/ld+json\" class=\"yoast-schema-graph\">{\"@context\":\"https:\\\/\\\/schema.org\",\"@graph\":[{\"@type\":\"WebPage\",\"@id\":\"https:\\\/\\\/veneakselisto.com\\\/kauppa\\\/tuote\\\/starttimoottori-d4-d6-volvo-penta-merimoottoreihin\\\/\",\"url\":\"https:\\\/\\\/veneakselisto.com\\\/kauppa\\\/tuote\\\/starttimoottori-d4-d6-volvo-penta-merimoottoreihin\\\/\",\"name\":\"Starttimoottori D4-D6 Volvo Penta merimoottoreihin-Veneakselisto\",\"isPartOf\":{\"@id\":\"https:\\\/\\\/veneakselisto.com\\\/kauppa\\\/#website\"},\"primaryImageOfPage\":{\"@id\":\"https:\\\/\\\/veneakselisto.com\\\/kauppa\\\/tuote\\\/starttimoottori-d4-d6-volvo-penta-merimoottoreihin\\\/#primaryimage\"},\"image\":{\"@id\":\"https:\\\/\\\/veneakselisto.com\\\/kauppa\\\/tuote\\\/starttimoottori-d4-d6-volvo-penta-merimoottoreihin\\\/#primaryimage\"},\"thumbnailUrl\":\"https:\\\/\\\/i0.wp.com\\\/veneakselisto.com\\\/kauppa\\\/wp-content\\\/uploads\\\/2018\\\/05\\\/Volvo-Penta-D4-D6-starttimoottori.png?fit=500%2C500&ssl=1\",\"datePublished\":\"2018-05-20T00:25:08+00:00\",\"dateModified\":\"2025-11-04T12:30:31+00:00\",\"description\":\"Starttimoottori D4-D6 Volvo Penta merimoottoreihin -Volvo Penta starttimoottorit- sinulle myy ja toimittaa Veneakselisto.com-verkkokauppa\",\"breadcrumb\":{\"@id\":\"https:\\\/\\\/veneakselisto.com\\\/kauppa\\\/tuote\\\/starttimoottori-d4-d6-volvo-penta-merimoottoreihin\\\/#breadcrumb\"},\"inLanguage\":\"fi\",\"potentialAction\":[{\"@type\":\"ReadAction\",\"target\":[\"https:\\\/\\\/veneakselisto.com\\\/kauppa\\\/tuote\\\/starttimoottori-d4-d6-volvo-penta-merimoottoreihin\\\/\"]}]},{\"@type\":\"ImageObject\",\"inLanguage\":\"fi\",\"@id\":\"https:\\\/\\\/veneakselisto.com\\\/kauppa\\\/tuote\\\/starttimoottori-d4-d6-volvo-penta-merimoottoreihin\\\/#primaryimage\",\"url\":\"https:\\\/\\\/i0.wp.com\\\/veneakselisto.com\\\/kauppa\\\/wp-content\\\/uploads\\\/2018\\\/05\\\/Volvo-Penta-D4-D6-starttimoottori.png?fit=500%2C500&ssl=1\",\"contentUrl\":\"https:\\\/\\\/i0.wp.com\\\/veneakselisto.com\\\/kauppa\\\/wp-content\\\/uploads\\\/2018\\\/05\\\/Volvo-Penta-D4-D6-starttimoottori.png?fit=500%2C500&ssl=1\",\"width\":500,\"height\":500,\"caption\":\"Volvo Penta-D4-D6- starttimoottori-Veneakselisto.com\"},{\"@type\":\"BreadcrumbList\",\"@id\":\"https:\\\/\\\/veneakselisto.com\\\/kauppa\\\/tuote\\\/starttimoottori-d4-d6-volvo-penta-merimoottoreihin\\\/#breadcrumb\",\"itemListElement\":[{\"@type\":\"ListItem\",\"position\":1,\"name\":\"Etusivu\",\"item\":\"https:\\\/\\\/veneakselisto.com\\\/kauppa\\\/\"},{\"@type\":\"ListItem\",\"position\":2,\"name\":\"Kauppa\",\"item\":\"https:\\\/\\\/veneakselisto.com\\\/kauppa\\\/\"},{\"@type\":\"ListItem\",\"position\":3,\"name\":\"Starttimoottori D4-D6 Volvo Penta merimoottoreihin\"}]},{\"@type\":\"WebSite\",\"@id\":\"https:\\\/\\\/veneakselisto.com\\\/kauppa\\\/#website\",\"url\":\"https:\\\/\\\/veneakselisto.com\\\/kauppa\\\/\",\"name\":\"Veneakselisto.com - verkkokauppa\",\"description\":\"Venetarvikkeiden maahantuonti ja myynti\",\"publisher\":{\"@id\":\"https:\\\/\\\/veneakselisto.com\\\/kauppa\\\/#organization\"},\"potentialAction\":[{\"@type\":\"SearchAction\",\"target\":{\"@type\":\"EntryPoint\",\"urlTemplate\":\"https:\\\/\\\/veneakselisto.com\\\/kauppa\\\/?s={search_term_string}\"},\"query-input\":{\"@type\":\"PropertyValueSpecification\",\"valueRequired\":true,\"valueName\":\"search_term_string\"}}],\"inLanguage\":\"fi\"},{\"@type\":\"Organization\",\"@id\":\"https:\\\/\\\/veneakselisto.com\\\/kauppa\\\/#organization\",\"name\":\"Veneakselisto.com verkkokauppa\",\"url\":\"https:\\\/\\\/veneakselisto.com\\\/kauppa\\\/\",\"logo\":{\"@type\":\"ImageObject\",\"inLanguage\":\"fi\",\"@id\":\"https:\\\/\\\/veneakselisto.com\\\/kauppa\\\/#\\\/schema\\\/logo\\\/image\\\/\",\"url\":\"https:\\\/\\\/i2.wp.com\\\/veneakselisto.com\\\/kauppa\\\/wp-content\\\/uploads\\\/2016\\\/06\\\/fb_icon.jpg?fit=327%2C327&ssl=1\",\"contentUrl\":\"https:\\\/\\\/i2.wp.com\\\/veneakselisto.com\\\/kauppa\\\/wp-content\\\/uploads\\\/2016\\\/06\\\/fb_icon.jpg?fit=327%2C327&ssl=1\",\"width\":327,\"height\":327,\"caption\":\"Veneakselisto.com verkkokauppa\"},\"image\":{\"@id\":\"https:\\\/\\\/veneakselisto.com\\\/kauppa\\\/#\\\/schema\\\/logo\\\/image\\\/\"},\"sameAs\":[\"https:\\\/\\\/www.facebook.com\\\/AlaMikkula\\\/\"]}]}<\/script>\n<!-- \/ Yoast SEO plugin. -->","yoast_head_json":{"title":"Starttimoottori D4-D6 Volvo Penta merimoottoreihin-Veneakselisto","description":"Starttimoottori D4-D6 Volvo Penta merimoottoreihin -Volvo Penta starttimoottorit- sinulle myy ja toimittaa Veneakselisto.com-verkkokauppa","robots":{"index":"index","follow":"follow","max-snippet":"max-snippet:-1","max-image-preview":"max-image-preview:large","max-video-preview":"max-video-preview:-1"},"canonical":"https:\/\/veneakselisto.com\/kauppa\/tuote\/starttimoottori-d4-d6-volvo-penta-merimoottoreihin\/","og_locale":"fi_FI","og_type":"article","og_title":"Starttimoottori D4-D6 Volvo Penta merimoottoreihin-Veneakselisto","og_description":"Starttimoottori D4-D6 Volvo Penta merimoottoreihin -Volvo Penta starttimoottorit- sinulle myy ja toimittaa Veneakselisto.com-verkkokauppa","og_url":"https:\/\/veneakselisto.com\/kauppa\/tuote\/starttimoottori-d4-d6-volvo-penta-merimoottoreihin\/","og_site_name":"Veneakselisto.com - verkkokauppa","article_publisher":"https:\/\/www.facebook.com\/AlaMikkula\/","article_modified_time":"2025-11-04T12:30:31+00:00","og_image":[{"width":500,"height":500,"url":"https:\/\/veneakselisto.com\/kauppa\/wp-content\/uploads\/2018\/05\/Volvo-Penta-D4-D6-starttimoottori.png","type":"image\/png"}],"twitter_card":"summary_large_image","twitter_misc":{"Arvioitu lukuaika":"1 minuutti"},"schema":{"@context":"https:\/\/schema.org","@graph":[{"@type":"WebPage","@id":"https:\/\/veneakselisto.com\/kauppa\/tuote\/starttimoottori-d4-d6-volvo-penta-merimoottoreihin\/","url":"https:\/\/veneakselisto.com\/kauppa\/tuote\/starttimoottori-d4-d6-volvo-penta-merimoottoreihin\/","name":"Starttimoottori D4-D6 Volvo Penta merimoottoreihin-Veneakselisto","isPartOf":{"@id":"https:\/\/veneakselisto.com\/kauppa\/#website"},"primaryImageOfPage":{"@id":"https:\/\/veneakselisto.com\/kauppa\/tuote\/starttimoottori-d4-d6-volvo-penta-merimoottoreihin\/#primaryimage"},"image":{"@id":"https:\/\/veneakselisto.com\/kauppa\/tuote\/starttimoottori-d4-d6-volvo-penta-merimoottoreihin\/#primaryimage"},"thumbnailUrl":"https:\/\/i0.wp.com\/veneakselisto.com\/kauppa\/wp-content\/uploads\/2018\/05\/Volvo-Penta-D4-D6-starttimoottori.png?fit=500%2C500&ssl=1","datePublished":"2018-05-20T00:25:08+00:00","dateModified":"2025-11-04T12:30:31+00:00","description":"Starttimoottori D4-D6 Volvo Penta merimoottoreihin -Volvo Penta starttimoottorit- sinulle myy ja toimittaa Veneakselisto.com-verkkokauppa","breadcrumb":{"@id":"https:\/\/veneakselisto.com\/kauppa\/tuote\/starttimoottori-d4-d6-volvo-penta-merimoottoreihin\/#breadcrumb"},"inLanguage":"fi","potentialAction":[{"@type":"ReadAction","target":["https:\/\/veneakselisto.com\/kauppa\/tuote\/starttimoottori-d4-d6-volvo-penta-merimoottoreihin\/"]}]},{"@type":"ImageObject","inLanguage":"fi","@id":"https:\/\/veneakselisto.com\/kauppa\/tuote\/starttimoottori-d4-d6-volvo-penta-merimoottoreihin\/#primaryimage","url":"https:\/\/i0.wp.com\/veneakselisto.com\/kauppa\/wp-content\/uploads\/2018\/05\/Volvo-Penta-D4-D6-starttimoottori.png?fit=500%2C500&ssl=1","contentUrl":"https:\/\/i0.wp.com\/veneakselisto.com\/kauppa\/wp-content\/uploads\/2018\/05\/Volvo-Penta-D4-D6-starttimoottori.png?fit=500%2C500&ssl=1","width":500,"height":500,"caption":"Volvo Penta-D4-D6- starttimoottori-Veneakselisto.com"},{"@type":"BreadcrumbList","@id":"https:\/\/veneakselisto.com\/kauppa\/tuote\/starttimoottori-d4-d6-volvo-penta-merimoottoreihin\/#breadcrumb","itemListElement":[{"@type":"ListItem","position":1,"name":"Etusivu","item":"https:\/\/veneakselisto.com\/kauppa\/"},{"@type":"ListItem","position":2,"name":"Kauppa","item":"https:\/\/veneakselisto.com\/kauppa\/"},{"@type":"ListItem","position":3,"name":"Starttimoottori D4-D6 Volvo Penta merimoottoreihin"}]},{"@type":"WebSite","@id":"https:\/\/veneakselisto.com\/kauppa\/#website","url":"https:\/\/veneakselisto.com\/kauppa\/","name":"Veneakselisto.com - verkkokauppa","description":"Venetarvikkeiden maahantuonti ja myynti","publisher":{"@id":"https:\/\/veneakselisto.com\/kauppa\/#organization"},"potentialAction":[{"@type":"SearchAction","target":{"@type":"EntryPoint","urlTemplate":"https:\/\/veneakselisto.com\/kauppa\/?s={search_term_string}"},"query-input":{"@type":"PropertyValueSpecification","valueRequired":true,"valueName":"search_term_string"}}],"inLanguage":"fi"},{"@type":"Organization","@id":"https:\/\/veneakselisto.com\/kauppa\/#organization","name":"Veneakselisto.com verkkokauppa","url":"https:\/\/veneakselisto.com\/kauppa\/","logo":{"@type":"ImageObject","inLanguage":"fi","@id":"https:\/\/veneakselisto.com\/kauppa\/#\/schema\/logo\/image\/","url":"https:\/\/i2.wp.com\/veneakselisto.com\/kauppa\/wp-content\/uploads\/2016\/06\/fb_icon.jpg?fit=327%2C327&ssl=1","contentUrl":"https:\/\/i2.wp.com\/veneakselisto.com\/kauppa\/wp-content\/uploads\/2016\/06\/fb_icon.jpg?fit=327%2C327&ssl=1","width":327,"height":327,"caption":"Veneakselisto.com verkkokauppa"},"image":{"@id":"https:\/\/veneakselisto.com\/kauppa\/#\/schema\/logo\/image\/"},"sameAs":["https:\/\/www.facebook.com\/AlaMikkula\/"]}]}},"jetpack_publicize_connections":[],"jetpack_sharing_enabled":true,"_links":{"self":[{"href":"https:\/\/veneakselisto.com\/kauppa\/wp-json\/wp\/v2\/product\/3069","targetHints":{"allow":["GET"]}}],"collection":[{"href":"https:\/\/veneakselisto.com\/kauppa\/wp-json\/wp\/v2\/product"}],"about":[{"href":"https:\/\/veneakselisto.com\/kauppa\/wp-json\/wp\/v2\/types\/product"}],"replies":[{"embeddable":true,"href":"https:\/\/veneakselisto.com\/kauppa\/wp-json\/wp\/v2\/comments?post=3069"}],"wp:featuredmedia":[{"embeddable":true,"href":"https:\/\/veneakselisto.com\/kauppa\/wp-json\/wp\/v2\/media\/23437"}],"wp:attachment":[{"href":"https:\/\/veneakselisto.com\/kauppa\/wp-json\/wp\/v2\/media?parent=3069"}],"wp:term":[{"taxonomy":"product_brand","embeddable":true,"href":"https:\/\/veneakselisto.com\/kauppa\/wp-json\/wp\/v2\/product_brand?post=3069"},{"taxonomy":"product_cat","embeddable":true,"href":"https:\/\/veneakselisto.com\/kauppa\/wp-json\/wp\/v2\/product_cat?post=3069"},{"taxonomy":"product_tag","embeddable":true,"href":"https:\/\/veneakselisto.com\/kauppa\/wp-json\/wp\/v2\/product_tag?post=3069"}],"curies":[{"name":"wp","href":"https:\/\/api.w.org\/{rel}","templated":true}]}}