{"id":3059,"date":"2018-05-20T03:05:48","date_gmt":"2018-05-20T00:05:48","guid":{"rendered":"https:\/\/veneakselisto.com\/kauppa\/?post_type=product&#038;p=3059"},"modified":"2025-11-05T11:42:10","modified_gmt":"2025-11-05T09:42:10","slug":"starttimoottori-2003-d30-d31-d32-d40-d41-d42-d43-d44-d300-volvo-penta-merimoottoreihin","status":"publish","type":"product","link":"https:\/\/veneakselisto.com\/kauppa\/tuote\/starttimoottori-2003-d30-d31-d32-d40-d41-d42-d43-d44-d300-volvo-penta-merimoottoreihin\/","title":{"rendered":"Starttimoottori 2001-2003-AQ60-171 Volvo Penta merimoottoreihin"},"content":{"rendered":"<p>Starttimoottori 2001-2003-AQ60-171 Volvo Penta merimoottoreihin<\/p>\n<p>Valmistaja RECMar<\/p>\n<p>Ainoastaan tehdastilauksena 2-5pv normaalisti<\/p>\n<p>OEM nr: 3581774\u00a0 3803386\u00a0 859252 240360 534339-4 834976-3 840808-0 859553-0 872241-5 872888-3 873549-0 873549 834339 873549<\/p>\n<p>12V<br \/>\n1.1kW<br \/>\nKierto: my\u00f6t\u00e4p\u00e4iv\u00e4\u00e4n (CW)<\/p>\n<p>Sopivuus:<\/p>\n<p><strong>B21, B23, B25, 2001, 2002, 2003, 2003T<\/strong><\/p>\n<p>Diesel Moottorit<\/p>\n<p>2001, 2001AG, 2001B, 2001BG, 2001D, 2001R<\/p>\n<p>2002, 2002AG, 2002B, 2002BG, 2002D<\/p>\n<p>2003, 2003 SOLAS, 2003B, 2003B SOLAS, 2003D, 2003R, 2003R SOLAS<\/p>\n<p>2003T, 2003TB, 2003TB SOLAS, 2003TR<\/p>\n<p><strong>Bensiini 4-6 syl moottorit<\/strong><\/p>\n<p>AQ60, AQ90, AQ95, AQ100, AQ105A, AQ110, AQ115, AQ120, AQ125,<br \/>\nAQ130, AQ131, AQ140, AQ145, AQ151, AQ165, AQ170, AQ171<\/p>\n<p>&nbsp;<\/p>\n<p>Starttimoottori 2001-2003-AQ105-171 Volvo Penta merimoottoreihin<\/p>\n<p>&nbsp;<\/p>\n","protected":false},"excerpt":{"rendered":"<p>Starttimoottori 2001-2003-AQ60-171 Volvo Penta merimoottoreihin<\/p>\n<p><strong><span style=\"color: #ff0000;\">Ainoastaan tehdastilauksena 2-5pv normaalisti<\/span><\/strong><\/p>\n<p>OEM nr: 3581774\u00a0 3803386\u00a0 859252 240360 534339-4 834976-3 840808-0 859553-0 872241-5 872888-3 873549-0 873549 834339 873549<\/p>\n<p>Sopivuus:<\/p>\n<p><strong>B21, B23, B25, 2001, 2002, 2003, 2003T<\/strong><\/p>\n","protected":false},"featured_media":23448,"comment_status":"open","ping_status":"closed","template":"","meta":{"jetpack_post_was_ever_published":false,"jetpack_publicize_message":"","jetpack_publicize_feature_enabled":true,"jetpack_social_post_already_shared":true,"jetpack_social_options":{"image_generator_settings":{"template":"highway","default_image_id":0,"font":"","enabled":false},"version":2}},"product_brand":[],"product_cat":[420,269],"product_tag":[267,266,421,324],"class_list":{"0":"post-3059","1":"product","2":"type-product","3":"status-publish","4":"has-post-thumbnail","6":"product_cat-starttimoottorit","7":"product_cat-volvo-penta-varaosat-houlto-osat","8":"product_tag-huolto-osat","9":"product_tag-orbitrade-marine","10":"product_tag-starttimoottori","11":"product_tag-volvo-penta","12":"brand-recmar","14":"first","15":"onbackorder","16":"taxable","17":"shipping-taxable","18":"purchasable","19":"product-type-simple"},"yoast_head":"<!-- This site is optimized with the Yoast SEO plugin v27.3 - https:\/\/yoast.com\/product\/yoast-seo-wordpress\/ -->\n<title>Starttimoottori Volvo Penta merimoottoreihin - Veneakselisto.com<\/title>\n<meta name=\"description\" content=\"Starttimoottori 2001-2003-AQ105-171 Volvo Penta merimoottoreihin. Volvo Penta starttimoottorin toimittaa Veneakselisto.com\" \/>\n<meta name=\"robots\" content=\"index, follow, max-snippet:-1, max-image-preview:large, max-video-preview:-1\" \/>\n<link rel=\"canonical\" href=\"https:\/\/veneakselisto.com\/kauppa\/tuote\/starttimoottori-2003-d30-d31-d32-d40-d41-d42-d43-d44-d300-volvo-penta-merimoottoreihin\/\" \/>\n<meta property=\"og:locale\" content=\"fi_FI\" \/>\n<meta property=\"og:type\" content=\"article\" \/>\n<meta property=\"og:title\" content=\"Starttimoottori Volvo Penta merimoottoreihin - Veneakselisto.com\" \/>\n<meta property=\"og:description\" content=\"Starttimoottori 2001-2003-AQ105-171 Volvo Penta merimoottoreihin. Volvo Penta starttimoottorin toimittaa Veneakselisto.com\" \/>\n<meta property=\"og:url\" content=\"https:\/\/veneakselisto.com\/kauppa\/tuote\/starttimoottori-2003-d30-d31-d32-d40-d41-d42-d43-d44-d300-volvo-penta-merimoottoreihin\/\" \/>\n<meta property=\"og:site_name\" content=\"Veneakselisto.com - verkkokauppa\" \/>\n<meta property=\"article:publisher\" content=\"https:\/\/www.facebook.com\/AlaMikkula\/\" \/>\n<meta property=\"article:modified_time\" content=\"2025-11-05T09:42:10+00:00\" \/>\n<meta property=\"og:image\" content=\"https:\/\/veneakselisto.com\/kauppa\/wp-content\/uploads\/2018\/05\/Volvo-Penta-2003-starttimoottori.png\" \/>\n\t<meta property=\"og:image:width\" content=\"500\" \/>\n\t<meta property=\"og:image:height\" content=\"500\" \/>\n\t<meta property=\"og:image:type\" content=\"image\/png\" \/>\n<meta name=\"twitter:card\" content=\"summary_large_image\" \/>\n<meta name=\"twitter:label1\" content=\"Arvioitu lukuaika\" \/>\n\t<meta name=\"twitter:data1\" content=\"1 minuutti\" \/>\n<script type=\"application\/ld+json\" class=\"yoast-schema-graph\">{\"@context\":\"https:\\\/\\\/schema.org\",\"@graph\":[{\"@type\":\"WebPage\",\"@id\":\"https:\\\/\\\/veneakselisto.com\\\/kauppa\\\/tuote\\\/starttimoottori-2003-d30-d31-d32-d40-d41-d42-d43-d44-d300-volvo-penta-merimoottoreihin\\\/\",\"url\":\"https:\\\/\\\/veneakselisto.com\\\/kauppa\\\/tuote\\\/starttimoottori-2003-d30-d31-d32-d40-d41-d42-d43-d44-d300-volvo-penta-merimoottoreihin\\\/\",\"name\":\"Starttimoottori Volvo Penta merimoottoreihin - Veneakselisto.com\",\"isPartOf\":{\"@id\":\"https:\\\/\\\/veneakselisto.com\\\/kauppa\\\/#website\"},\"primaryImageOfPage\":{\"@id\":\"https:\\\/\\\/veneakselisto.com\\\/kauppa\\\/tuote\\\/starttimoottori-2003-d30-d31-d32-d40-d41-d42-d43-d44-d300-volvo-penta-merimoottoreihin\\\/#primaryimage\"},\"image\":{\"@id\":\"https:\\\/\\\/veneakselisto.com\\\/kauppa\\\/tuote\\\/starttimoottori-2003-d30-d31-d32-d40-d41-d42-d43-d44-d300-volvo-penta-merimoottoreihin\\\/#primaryimage\"},\"thumbnailUrl\":\"https:\\\/\\\/i0.wp.com\\\/veneakselisto.com\\\/kauppa\\\/wp-content\\\/uploads\\\/2018\\\/05\\\/Volvo-Penta-2003-starttimoottori.png?fit=500%2C500&ssl=1\",\"datePublished\":\"2018-05-20T00:05:48+00:00\",\"dateModified\":\"2025-11-05T09:42:10+00:00\",\"description\":\"Starttimoottori 2001-2003-AQ105-171 Volvo Penta merimoottoreihin. Volvo Penta starttimoottorin toimittaa Veneakselisto.com\",\"breadcrumb\":{\"@id\":\"https:\\\/\\\/veneakselisto.com\\\/kauppa\\\/tuote\\\/starttimoottori-2003-d30-d31-d32-d40-d41-d42-d43-d44-d300-volvo-penta-merimoottoreihin\\\/#breadcrumb\"},\"inLanguage\":\"fi\",\"potentialAction\":[{\"@type\":\"ReadAction\",\"target\":[\"https:\\\/\\\/veneakselisto.com\\\/kauppa\\\/tuote\\\/starttimoottori-2003-d30-d31-d32-d40-d41-d42-d43-d44-d300-volvo-penta-merimoottoreihin\\\/\"]}]},{\"@type\":\"ImageObject\",\"inLanguage\":\"fi\",\"@id\":\"https:\\\/\\\/veneakselisto.com\\\/kauppa\\\/tuote\\\/starttimoottori-2003-d30-d31-d32-d40-d41-d42-d43-d44-d300-volvo-penta-merimoottoreihin\\\/#primaryimage\",\"url\":\"https:\\\/\\\/i0.wp.com\\\/veneakselisto.com\\\/kauppa\\\/wp-content\\\/uploads\\\/2018\\\/05\\\/Volvo-Penta-2003-starttimoottori.png?fit=500%2C500&ssl=1\",\"contentUrl\":\"https:\\\/\\\/i0.wp.com\\\/veneakselisto.com\\\/kauppa\\\/wp-content\\\/uploads\\\/2018\\\/05\\\/Volvo-Penta-2003-starttimoottori.png?fit=500%2C500&ssl=1\",\"width\":500,\"height\":500,\"caption\":\"Volvo penta 2003 starttimoottori-veneakselisto\"},{\"@type\":\"BreadcrumbList\",\"@id\":\"https:\\\/\\\/veneakselisto.com\\\/kauppa\\\/tuote\\\/starttimoottori-2003-d30-d31-d32-d40-d41-d42-d43-d44-d300-volvo-penta-merimoottoreihin\\\/#breadcrumb\",\"itemListElement\":[{\"@type\":\"ListItem\",\"position\":1,\"name\":\"Etusivu\",\"item\":\"https:\\\/\\\/veneakselisto.com\\\/kauppa\\\/\"},{\"@type\":\"ListItem\",\"position\":2,\"name\":\"Kauppa\",\"item\":\"https:\\\/\\\/veneakselisto.com\\\/kauppa\\\/\"},{\"@type\":\"ListItem\",\"position\":3,\"name\":\"Starttimoottori 2001-2003-AQ60-171 Volvo Penta merimoottoreihin\"}]},{\"@type\":\"WebSite\",\"@id\":\"https:\\\/\\\/veneakselisto.com\\\/kauppa\\\/#website\",\"url\":\"https:\\\/\\\/veneakselisto.com\\\/kauppa\\\/\",\"name\":\"Veneakselisto.com - verkkokauppa\",\"description\":\"Venetarvikkeiden maahantuonti ja myynti\",\"publisher\":{\"@id\":\"https:\\\/\\\/veneakselisto.com\\\/kauppa\\\/#organization\"},\"potentialAction\":[{\"@type\":\"SearchAction\",\"target\":{\"@type\":\"EntryPoint\",\"urlTemplate\":\"https:\\\/\\\/veneakselisto.com\\\/kauppa\\\/?s={search_term_string}\"},\"query-input\":{\"@type\":\"PropertyValueSpecification\",\"valueRequired\":true,\"valueName\":\"search_term_string\"}}],\"inLanguage\":\"fi\"},{\"@type\":\"Organization\",\"@id\":\"https:\\\/\\\/veneakselisto.com\\\/kauppa\\\/#organization\",\"name\":\"Veneakselisto.com verkkokauppa\",\"url\":\"https:\\\/\\\/veneakselisto.com\\\/kauppa\\\/\",\"logo\":{\"@type\":\"ImageObject\",\"inLanguage\":\"fi\",\"@id\":\"https:\\\/\\\/veneakselisto.com\\\/kauppa\\\/#\\\/schema\\\/logo\\\/image\\\/\",\"url\":\"https:\\\/\\\/i2.wp.com\\\/veneakselisto.com\\\/kauppa\\\/wp-content\\\/uploads\\\/2016\\\/06\\\/fb_icon.jpg?fit=327%2C327&ssl=1\",\"contentUrl\":\"https:\\\/\\\/i2.wp.com\\\/veneakselisto.com\\\/kauppa\\\/wp-content\\\/uploads\\\/2016\\\/06\\\/fb_icon.jpg?fit=327%2C327&ssl=1\",\"width\":327,\"height\":327,\"caption\":\"Veneakselisto.com verkkokauppa\"},\"image\":{\"@id\":\"https:\\\/\\\/veneakselisto.com\\\/kauppa\\\/#\\\/schema\\\/logo\\\/image\\\/\"},\"sameAs\":[\"https:\\\/\\\/www.facebook.com\\\/AlaMikkula\\\/\"]}]}<\/script>\n<!-- \/ Yoast SEO plugin. -->","yoast_head_json":{"title":"Starttimoottori Volvo Penta merimoottoreihin - Veneakselisto.com","description":"Starttimoottori 2001-2003-AQ105-171 Volvo Penta merimoottoreihin. Volvo Penta starttimoottorin toimittaa Veneakselisto.com","robots":{"index":"index","follow":"follow","max-snippet":"max-snippet:-1","max-image-preview":"max-image-preview:large","max-video-preview":"max-video-preview:-1"},"canonical":"https:\/\/veneakselisto.com\/kauppa\/tuote\/starttimoottori-2003-d30-d31-d32-d40-d41-d42-d43-d44-d300-volvo-penta-merimoottoreihin\/","og_locale":"fi_FI","og_type":"article","og_title":"Starttimoottori Volvo Penta merimoottoreihin - Veneakselisto.com","og_description":"Starttimoottori 2001-2003-AQ105-171 Volvo Penta merimoottoreihin. Volvo Penta starttimoottorin toimittaa Veneakselisto.com","og_url":"https:\/\/veneakselisto.com\/kauppa\/tuote\/starttimoottori-2003-d30-d31-d32-d40-d41-d42-d43-d44-d300-volvo-penta-merimoottoreihin\/","og_site_name":"Veneakselisto.com - verkkokauppa","article_publisher":"https:\/\/www.facebook.com\/AlaMikkula\/","article_modified_time":"2025-11-05T09:42:10+00:00","og_image":[{"width":500,"height":500,"url":"https:\/\/veneakselisto.com\/kauppa\/wp-content\/uploads\/2018\/05\/Volvo-Penta-2003-starttimoottori.png","type":"image\/png"}],"twitter_card":"summary_large_image","twitter_misc":{"Arvioitu lukuaika":"1 minuutti"},"schema":{"@context":"https:\/\/schema.org","@graph":[{"@type":"WebPage","@id":"https:\/\/veneakselisto.com\/kauppa\/tuote\/starttimoottori-2003-d30-d31-d32-d40-d41-d42-d43-d44-d300-volvo-penta-merimoottoreihin\/","url":"https:\/\/veneakselisto.com\/kauppa\/tuote\/starttimoottori-2003-d30-d31-d32-d40-d41-d42-d43-d44-d300-volvo-penta-merimoottoreihin\/","name":"Starttimoottori Volvo Penta merimoottoreihin - Veneakselisto.com","isPartOf":{"@id":"https:\/\/veneakselisto.com\/kauppa\/#website"},"primaryImageOfPage":{"@id":"https:\/\/veneakselisto.com\/kauppa\/tuote\/starttimoottori-2003-d30-d31-d32-d40-d41-d42-d43-d44-d300-volvo-penta-merimoottoreihin\/#primaryimage"},"image":{"@id":"https:\/\/veneakselisto.com\/kauppa\/tuote\/starttimoottori-2003-d30-d31-d32-d40-d41-d42-d43-d44-d300-volvo-penta-merimoottoreihin\/#primaryimage"},"thumbnailUrl":"https:\/\/i0.wp.com\/veneakselisto.com\/kauppa\/wp-content\/uploads\/2018\/05\/Volvo-Penta-2003-starttimoottori.png?fit=500%2C500&ssl=1","datePublished":"2018-05-20T00:05:48+00:00","dateModified":"2025-11-05T09:42:10+00:00","description":"Starttimoottori 2001-2003-AQ105-171 Volvo Penta merimoottoreihin. Volvo Penta starttimoottorin toimittaa Veneakselisto.com","breadcrumb":{"@id":"https:\/\/veneakselisto.com\/kauppa\/tuote\/starttimoottori-2003-d30-d31-d32-d40-d41-d42-d43-d44-d300-volvo-penta-merimoottoreihin\/#breadcrumb"},"inLanguage":"fi","potentialAction":[{"@type":"ReadAction","target":["https:\/\/veneakselisto.com\/kauppa\/tuote\/starttimoottori-2003-d30-d31-d32-d40-d41-d42-d43-d44-d300-volvo-penta-merimoottoreihin\/"]}]},{"@type":"ImageObject","inLanguage":"fi","@id":"https:\/\/veneakselisto.com\/kauppa\/tuote\/starttimoottori-2003-d30-d31-d32-d40-d41-d42-d43-d44-d300-volvo-penta-merimoottoreihin\/#primaryimage","url":"https:\/\/i0.wp.com\/veneakselisto.com\/kauppa\/wp-content\/uploads\/2018\/05\/Volvo-Penta-2003-starttimoottori.png?fit=500%2C500&ssl=1","contentUrl":"https:\/\/i0.wp.com\/veneakselisto.com\/kauppa\/wp-content\/uploads\/2018\/05\/Volvo-Penta-2003-starttimoottori.png?fit=500%2C500&ssl=1","width":500,"height":500,"caption":"Volvo penta 2003 starttimoottori-veneakselisto"},{"@type":"BreadcrumbList","@id":"https:\/\/veneakselisto.com\/kauppa\/tuote\/starttimoottori-2003-d30-d31-d32-d40-d41-d42-d43-d44-d300-volvo-penta-merimoottoreihin\/#breadcrumb","itemListElement":[{"@type":"ListItem","position":1,"name":"Etusivu","item":"https:\/\/veneakselisto.com\/kauppa\/"},{"@type":"ListItem","position":2,"name":"Kauppa","item":"https:\/\/veneakselisto.com\/kauppa\/"},{"@type":"ListItem","position":3,"name":"Starttimoottori 2001-2003-AQ60-171 Volvo Penta merimoottoreihin"}]},{"@type":"WebSite","@id":"https:\/\/veneakselisto.com\/kauppa\/#website","url":"https:\/\/veneakselisto.com\/kauppa\/","name":"Veneakselisto.com - verkkokauppa","description":"Venetarvikkeiden maahantuonti ja myynti","publisher":{"@id":"https:\/\/veneakselisto.com\/kauppa\/#organization"},"potentialAction":[{"@type":"SearchAction","target":{"@type":"EntryPoint","urlTemplate":"https:\/\/veneakselisto.com\/kauppa\/?s={search_term_string}"},"query-input":{"@type":"PropertyValueSpecification","valueRequired":true,"valueName":"search_term_string"}}],"inLanguage":"fi"},{"@type":"Organization","@id":"https:\/\/veneakselisto.com\/kauppa\/#organization","name":"Veneakselisto.com verkkokauppa","url":"https:\/\/veneakselisto.com\/kauppa\/","logo":{"@type":"ImageObject","inLanguage":"fi","@id":"https:\/\/veneakselisto.com\/kauppa\/#\/schema\/logo\/image\/","url":"https:\/\/i2.wp.com\/veneakselisto.com\/kauppa\/wp-content\/uploads\/2016\/06\/fb_icon.jpg?fit=327%2C327&ssl=1","contentUrl":"https:\/\/i2.wp.com\/veneakselisto.com\/kauppa\/wp-content\/uploads\/2016\/06\/fb_icon.jpg?fit=327%2C327&ssl=1","width":327,"height":327,"caption":"Veneakselisto.com verkkokauppa"},"image":{"@id":"https:\/\/veneakselisto.com\/kauppa\/#\/schema\/logo\/image\/"},"sameAs":["https:\/\/www.facebook.com\/AlaMikkula\/"]}]}},"jetpack_publicize_connections":[],"jetpack_sharing_enabled":true,"_links":{"self":[{"href":"https:\/\/veneakselisto.com\/kauppa\/wp-json\/wp\/v2\/product\/3059","targetHints":{"allow":["GET"]}}],"collection":[{"href":"https:\/\/veneakselisto.com\/kauppa\/wp-json\/wp\/v2\/product"}],"about":[{"href":"https:\/\/veneakselisto.com\/kauppa\/wp-json\/wp\/v2\/types\/product"}],"replies":[{"embeddable":true,"href":"https:\/\/veneakselisto.com\/kauppa\/wp-json\/wp\/v2\/comments?post=3059"}],"wp:featuredmedia":[{"embeddable":true,"href":"https:\/\/veneakselisto.com\/kauppa\/wp-json\/wp\/v2\/media\/23448"}],"wp:attachment":[{"href":"https:\/\/veneakselisto.com\/kauppa\/wp-json\/wp\/v2\/media?parent=3059"}],"wp:term":[{"taxonomy":"product_brand","embeddable":true,"href":"https:\/\/veneakselisto.com\/kauppa\/wp-json\/wp\/v2\/product_brand?post=3059"},{"taxonomy":"product_cat","embeddable":true,"href":"https:\/\/veneakselisto.com\/kauppa\/wp-json\/wp\/v2\/product_cat?post=3059"},{"taxonomy":"product_tag","embeddable":true,"href":"https:\/\/veneakselisto.com\/kauppa\/wp-json\/wp\/v2\/product_tag?post=3059"}],"curies":[{"name":"wp","href":"https:\/\/api.w.org\/{rel}","templated":true}]}}